{"id":453051,"date":"2020-07-23T15:24:56","date_gmt":"2020-07-23T13:24:56","guid":{"rendered":"https:\/\/www.daisho.be\/produit\/sanosil-s003-oberflaechen-desinfektionsmittel-5-kg\/"},"modified":"2026-01-29T15:23:47","modified_gmt":"2026-01-29T14:23:47","slug":"sanosil-s003-oberflaechen-desinfektionsmittel-5-kg","status":"publish","type":"product","link":"https:\/\/www.daisho.be\/de\/produit\/sanosil-s003-oberflaechen-desinfektionsmittel-5-kg\/","title":{"rendered":"SANOSIL S003 OBERFL\u00c4CHEN-DESINFEKTIONSMITTEL &#8211; 5 KG"},"content":{"rendered":"<p>Sanosil Desinfektionsmittel f\u00fcr Ihre Kampfsport-Tatamis und Judo- und Karatematten. Sanosil bek\u00e4mpft aktiv Bakterien, Hefepilze, Viren (Grippe, Corona) und Biofilme. Es ist auch wirksam gegen Fu\u00df- und Hautpilze bei Sportlern. Hergestellt in der Schweiz, DGHM \/ VAH zertifiziert.<br \/>\nGeeignet f\u00fcr Judomatten, Karatematten, Gymnastikmatten, Multisportmatten&#8230; und versiegelte Parkettb\u00f6den. Greift die Teppiche nicht an und verursacht keine Verf\u00e4rbungen.<br \/>\nIst nicht hautreizend. Anwendung: Reinigen Sie die Oberfl\u00e4che normal und entfernen Sie Staub und Schmutz. Anschlie\u00dfend Sanosil S003 unverd\u00fcnnt mit einem Tuch auf die gereinigte Fl\u00e4che auftragen, so dass sich ein feuchter Film bildet. Vermeiden Sie Tropfenbildung.<br \/>\nWeitere Informationen sind auf Anfrage mit einem Produktdatenblatt in englischer Sprache erh\u00e4ltlich. Dies ist die bew\u00e4hrte Sanosil Wasserstoffperoxid\/Silber-Formel. Wasserstoffperoxid zerf\u00e4llt nach der Anwendung in Wasser und Sauerstoff. Das Silber verst\u00e4rkt die desinfizierende Wirkung und hemmt die Rekontamination durch den Depoteffekt. Geeignet f\u00fcr Wischdesinfektion, Tauchdesinfektion, gezielte Spr\u00fchdesinfektion.<br \/>\nGebrauchsfertig, ohne Alkohole, Chlor, QAC, Farben oder Duftstoffe.<br \/>\nNicht entflammbar.<br \/>\nAuch f\u00fcr Oberfl\u00e4chen geeignet, die mit Lebensmitteln in Ber\u00fchrung kommen.<\/p>\n","protected":false},"excerpt":{"rendered":"<p>Sanosil Desinfektionsmittel f\u00fcr Ihre Kampfsport-Tatamis und Judo- und Karatematten. Sanosil bek\u00e4mpft aktiv Bakterien, Hefepilze, Viren (Grippe, Corona) und Biofilme. Es ist auch wirksam gegen Fu\u00df- und Hautpilze bei Sportlern. Hergestellt in der Schweiz, DGHM \/ VAH zertifiziert. Geeignet f\u00fcr Judomatten, Karatematten, Gymnastikmatten, Multisportmatten&#8230; und versiegelte Parkettb\u00f6den. Greift die Teppiche nicht an und verursacht keine Verf\u00e4rbungen. [&hellip;]<\/p>\n","protected":false},"featured_media":453055,"comment_status":"open","ping_status":"closed","template":"","meta":{"inline_featured_image":false},"product_brand":[],"product_cat":[2203,2017,2016],"product_tag":[2204],"sport":[],"class_list":{"0":"post-453051","1":"product","2":"type-product","3":"status-publish","4":"has-post-thumbnail","6":"product_cat-hygiene-de","7":"product_cat-pflegeprodukte","8":"product_cat-tatamis-fur-judo-karate-und-taekwondo-kampfkunste","9":"product_tag-sanosil-de","10":"pa_size-sans-taille-defaut","12":"first","13":"instock","14":"taxable","15":"shipping-taxable","16":"purchasable","17":"product-type-variable"},"yoast_head":"<!-- This site is optimized with the Yoast SEO plugin v27.2 - https:\/\/yoast.com\/product\/yoast-seo-wordpress\/ -->\n<title>SANOSIL S003 OBERFL\u00c4CHEN-DESINFEKTIONSMITTEL - 5 KG &#8211; Daisho<\/title>\n<meta name=\"robots\" content=\"index, follow, max-snippet:-1, max-image-preview:large, max-video-preview:-1\" \/>\n<link rel=\"canonical\" href=\"https:\/\/www.daisho.be\/de\/produit\/sanosil-s003-oberflaechen-desinfektionsmittel-5-kg\/\" \/>\n<meta property=\"og:locale\" content=\"de_DE\" \/>\n<meta property=\"og:type\" content=\"article\" \/>\n<meta property=\"og:title\" content=\"SANOSIL S003 OBERFL\u00c4CHEN-DESINFEKTIONSMITTEL - 5 KG &#8211; Daisho\" \/>\n<meta property=\"og:description\" content=\"Sanosil Desinfektionsmittel f\u00fcr Ihre Kampfsport-Tatamis und Judo- und Karatematten. Sanosil bek\u00e4mpft aktiv Bakterien, Hefepilze, Viren (Grippe, Corona) und Biofilme. Es ist auch wirksam gegen Fu\u00df- und Hautpilze bei Sportlern. Hergestellt in der Schweiz, DGHM \/ VAH zertifiziert. Geeignet f\u00fcr Judomatten, Karatematten, Gymnastikmatten, Multisportmatten&#8230; und versiegelte Parkettb\u00f6den. Greift die Teppiche nicht an und verursacht keine Verf\u00e4rbungen. [&hellip;]\" \/>\n<meta property=\"og:url\" content=\"https:\/\/www.daisho.be\/de\/produit\/sanosil-s003-oberflaechen-desinfektionsmittel-5-kg\/\" \/>\n<meta property=\"og:site_name\" content=\"Daisho\" \/>\n<meta property=\"article:modified_time\" content=\"2026-01-29T14:23:47+00:00\" \/>\n<meta property=\"og:image\" content=\"https:\/\/www.daisho.be\/wp-content\/uploads\/2021\/12\/image-355.jpg\" \/>\n\t<meta property=\"og:image:width\" content=\"510\" \/>\n\t<meta property=\"og:image:height\" content=\"720\" \/>\n\t<meta property=\"og:image:type\" content=\"image\/jpeg\" \/>\n<meta name=\"twitter:card\" content=\"summary_large_image\" \/>\n<meta name=\"twitter:label1\" content=\"Gesch\u00e4tzte Lesezeit\" \/>\n\t<meta name=\"twitter:data1\" content=\"1\u00a0Minute\" \/>\n<script type=\"application\/ld+json\" class=\"yoast-schema-graph\">{\"@context\":\"https:\/\/schema.org\",\"@graph\":[{\"@type\":\"WebPage\",\"@id\":\"https:\/\/www.daisho.be\/de\/produit\/sanosil-s003-oberflaechen-desinfektionsmittel-5-kg\/\",\"url\":\"https:\/\/www.daisho.be\/de\/produit\/sanosil-s003-oberflaechen-desinfektionsmittel-5-kg\/\",\"name\":\"SANOSIL S003 OBERFL\u00c4CHEN-DESINFEKTIONSMITTEL - 5 KG &#8211; Daisho\",\"isPartOf\":{\"@id\":\"https:\/\/www.daisho.be\/de\/#website\"},\"primaryImageOfPage\":{\"@id\":\"https:\/\/www.daisho.be\/de\/produit\/sanosil-s003-oberflaechen-desinfektionsmittel-5-kg\/#primaryimage\"},\"image\":{\"@id\":\"https:\/\/www.daisho.be\/de\/produit\/sanosil-s003-oberflaechen-desinfektionsmittel-5-kg\/#primaryimage\"},\"thumbnailUrl\":\"https:\/\/www.daisho.be\/wp-content\/uploads\/2021\/12\/image-355.jpg\",\"datePublished\":\"2020-07-23T13:24:56+00:00\",\"dateModified\":\"2026-01-29T14:23:47+00:00\",\"breadcrumb\":{\"@id\":\"https:\/\/www.daisho.be\/de\/produit\/sanosil-s003-oberflaechen-desinfektionsmittel-5-kg\/#breadcrumb\"},\"inLanguage\":\"de\",\"potentialAction\":[{\"@type\":\"ReadAction\",\"target\":[\"https:\/\/www.daisho.be\/de\/produit\/sanosil-s003-oberflaechen-desinfektionsmittel-5-kg\/\"]}]},{\"@type\":\"ImageObject\",\"inLanguage\":\"de\",\"@id\":\"https:\/\/www.daisho.be\/de\/produit\/sanosil-s003-oberflaechen-desinfektionsmittel-5-kg\/#primaryimage\",\"url\":\"https:\/\/www.daisho.be\/wp-content\/uploads\/2021\/12\/image-355.jpg\",\"contentUrl\":\"https:\/\/www.daisho.be\/wp-content\/uploads\/2021\/12\/image-355.jpg\",\"width\":510,\"height\":720},{\"@type\":\"BreadcrumbList\",\"@id\":\"https:\/\/www.daisho.be\/de\/produit\/sanosil-s003-oberflaechen-desinfektionsmittel-5-kg\/#breadcrumb\",\"itemListElement\":[{\"@type\":\"ListItem\",\"position\":1,\"name\":\"Accueil\",\"item\":\"https:\/\/www.daisho.be\/de\/\"},{\"@type\":\"ListItem\",\"position\":2,\"name\":\"Produkte\",\"item\":\"https:\/\/www.daisho.be\/de\/produkte\/\"},{\"@type\":\"ListItem\",\"position\":3,\"name\":\"Sportlerpflege\",\"item\":\"https:\/\/www.daisho.be\/de\/categorie-produit\/sportlerpflege\/\"},{\"@type\":\"ListItem\",\"position\":4,\"name\":\"Hygiene\",\"item\":\"https:\/\/www.daisho.be\/de\/categorie-produit\/sportlerpflege\/hygiene-de\/\"},{\"@type\":\"ListItem\",\"position\":5,\"name\":\"SANOSIL S003 OBERFL\u00c4CHEN-DESINFEKTIONSMITTEL &#8211; 5 KG\"}]},{\"@type\":\"WebSite\",\"@id\":\"https:\/\/www.daisho.be\/de\/#website\",\"url\":\"https:\/\/www.daisho.be\/de\/\",\"name\":\"Daisho\",\"description\":\"Sp&eacute;cialiste de l'&eacute;quipement sportif d'arts martiaux\",\"publisher\":{\"@id\":\"https:\/\/www.daisho.be\/de\/#organization\"},\"potentialAction\":[{\"@type\":\"SearchAction\",\"target\":{\"@type\":\"EntryPoint\",\"urlTemplate\":\"https:\/\/www.daisho.be\/de\/?s={search_term_string}\"},\"query-input\":{\"@type\":\"PropertyValueSpecification\",\"valueRequired\":true,\"valueName\":\"search_term_string\"}}],\"inLanguage\":\"de\"},{\"@type\":\"Organization\",\"@id\":\"https:\/\/www.daisho.be\/de\/#organization\",\"name\":\"Daisho\",\"url\":\"https:\/\/www.daisho.be\/de\/\",\"logo\":{\"@type\":\"ImageObject\",\"inLanguage\":\"de\",\"@id\":\"https:\/\/www.daisho.be\/de\/#\/schema\/logo\/image\/\",\"url\":\"https:\/\/www.daisho.be\/wp-content\/uploads\/2019\/07\/color-nothing-horizontale4x-e1564486100247.png\",\"contentUrl\":\"https:\/\/www.daisho.be\/wp-content\/uploads\/2019\/07\/color-nothing-horizontale4x-e1564486100247.png\",\"width\":1547,\"height\":385,\"caption\":\"Daisho\"},\"image\":{\"@id\":\"https:\/\/www.daisho.be\/de\/#\/schema\/logo\/image\/\"}}]}<\/script>\n<!-- \/ Yoast SEO plugin. -->","yoast_head_json":{"title":"SANOSIL S003 OBERFL\u00c4CHEN-DESINFEKTIONSMITTEL - 5 KG &#8211; Daisho","robots":{"index":"index","follow":"follow","max-snippet":"max-snippet:-1","max-image-preview":"max-image-preview:large","max-video-preview":"max-video-preview:-1"},"canonical":"https:\/\/www.daisho.be\/de\/produit\/sanosil-s003-oberflaechen-desinfektionsmittel-5-kg\/","og_locale":"de_DE","og_type":"article","og_title":"SANOSIL S003 OBERFL\u00c4CHEN-DESINFEKTIONSMITTEL - 5 KG &#8211; Daisho","og_description":"Sanosil Desinfektionsmittel f\u00fcr Ihre Kampfsport-Tatamis und Judo- und Karatematten. Sanosil bek\u00e4mpft aktiv Bakterien, Hefepilze, Viren (Grippe, Corona) und Biofilme. Es ist auch wirksam gegen Fu\u00df- und Hautpilze bei Sportlern. Hergestellt in der Schweiz, DGHM \/ VAH zertifiziert. Geeignet f\u00fcr Judomatten, Karatematten, Gymnastikmatten, Multisportmatten&#8230; und versiegelte Parkettb\u00f6den. Greift die Teppiche nicht an und verursacht keine Verf\u00e4rbungen. [&hellip;]","og_url":"https:\/\/www.daisho.be\/de\/produit\/sanosil-s003-oberflaechen-desinfektionsmittel-5-kg\/","og_site_name":"Daisho","article_modified_time":"2026-01-29T14:23:47+00:00","og_image":[{"width":510,"height":720,"url":"https:\/\/www.daisho.be\/wp-content\/uploads\/2021\/12\/image-355.jpg","type":"image\/jpeg"}],"twitter_card":"summary_large_image","twitter_misc":{"Gesch\u00e4tzte Lesezeit":"1\u00a0Minute"},"schema":{"@context":"https:\/\/schema.org","@graph":[{"@type":"WebPage","@id":"https:\/\/www.daisho.be\/de\/produit\/sanosil-s003-oberflaechen-desinfektionsmittel-5-kg\/","url":"https:\/\/www.daisho.be\/de\/produit\/sanosil-s003-oberflaechen-desinfektionsmittel-5-kg\/","name":"SANOSIL S003 OBERFL\u00c4CHEN-DESINFEKTIONSMITTEL - 5 KG &#8211; Daisho","isPartOf":{"@id":"https:\/\/www.daisho.be\/de\/#website"},"primaryImageOfPage":{"@id":"https:\/\/www.daisho.be\/de\/produit\/sanosil-s003-oberflaechen-desinfektionsmittel-5-kg\/#primaryimage"},"image":{"@id":"https:\/\/www.daisho.be\/de\/produit\/sanosil-s003-oberflaechen-desinfektionsmittel-5-kg\/#primaryimage"},"thumbnailUrl":"https:\/\/www.daisho.be\/wp-content\/uploads\/2021\/12\/image-355.jpg","datePublished":"2020-07-23T13:24:56+00:00","dateModified":"2026-01-29T14:23:47+00:00","breadcrumb":{"@id":"https:\/\/www.daisho.be\/de\/produit\/sanosil-s003-oberflaechen-desinfektionsmittel-5-kg\/#breadcrumb"},"inLanguage":"de","potentialAction":[{"@type":"ReadAction","target":["https:\/\/www.daisho.be\/de\/produit\/sanosil-s003-oberflaechen-desinfektionsmittel-5-kg\/"]}]},{"@type":"ImageObject","inLanguage":"de","@id":"https:\/\/www.daisho.be\/de\/produit\/sanosil-s003-oberflaechen-desinfektionsmittel-5-kg\/#primaryimage","url":"https:\/\/www.daisho.be\/wp-content\/uploads\/2021\/12\/image-355.jpg","contentUrl":"https:\/\/www.daisho.be\/wp-content\/uploads\/2021\/12\/image-355.jpg","width":510,"height":720},{"@type":"BreadcrumbList","@id":"https:\/\/www.daisho.be\/de\/produit\/sanosil-s003-oberflaechen-desinfektionsmittel-5-kg\/#breadcrumb","itemListElement":[{"@type":"ListItem","position":1,"name":"Accueil","item":"https:\/\/www.daisho.be\/de\/"},{"@type":"ListItem","position":2,"name":"Produkte","item":"https:\/\/www.daisho.be\/de\/produkte\/"},{"@type":"ListItem","position":3,"name":"Sportlerpflege","item":"https:\/\/www.daisho.be\/de\/categorie-produit\/sportlerpflege\/"},{"@type":"ListItem","position":4,"name":"Hygiene","item":"https:\/\/www.daisho.be\/de\/categorie-produit\/sportlerpflege\/hygiene-de\/"},{"@type":"ListItem","position":5,"name":"SANOSIL S003 OBERFL\u00c4CHEN-DESINFEKTIONSMITTEL &#8211; 5 KG"}]},{"@type":"WebSite","@id":"https:\/\/www.daisho.be\/de\/#website","url":"https:\/\/www.daisho.be\/de\/","name":"Daisho","description":"Sp&eacute;cialiste de l'&eacute;quipement sportif d'arts martiaux","publisher":{"@id":"https:\/\/www.daisho.be\/de\/#organization"},"potentialAction":[{"@type":"SearchAction","target":{"@type":"EntryPoint","urlTemplate":"https:\/\/www.daisho.be\/de\/?s={search_term_string}"},"query-input":{"@type":"PropertyValueSpecification","valueRequired":true,"valueName":"search_term_string"}}],"inLanguage":"de"},{"@type":"Organization","@id":"https:\/\/www.daisho.be\/de\/#organization","name":"Daisho","url":"https:\/\/www.daisho.be\/de\/","logo":{"@type":"ImageObject","inLanguage":"de","@id":"https:\/\/www.daisho.be\/de\/#\/schema\/logo\/image\/","url":"https:\/\/www.daisho.be\/wp-content\/uploads\/2019\/07\/color-nothing-horizontale4x-e1564486100247.png","contentUrl":"https:\/\/www.daisho.be\/wp-content\/uploads\/2019\/07\/color-nothing-horizontale4x-e1564486100247.png","width":1547,"height":385,"caption":"Daisho"},"image":{"@id":"https:\/\/www.daisho.be\/de\/#\/schema\/logo\/image\/"}}]}},"_links":{"self":[{"href":"https:\/\/www.daisho.be\/de\/wp-json\/wp\/v2\/product\/453051","targetHints":{"allow":["GET"]}}],"collection":[{"href":"https:\/\/www.daisho.be\/de\/wp-json\/wp\/v2\/product"}],"about":[{"href":"https:\/\/www.daisho.be\/de\/wp-json\/wp\/v2\/types\/product"}],"replies":[{"embeddable":true,"href":"https:\/\/www.daisho.be\/de\/wp-json\/wp\/v2\/comments?post=453051"}],"wp:featuredmedia":[{"embeddable":true,"href":"https:\/\/www.daisho.be\/de\/wp-json\/wp\/v2\/media\/453055"}],"wp:attachment":[{"href":"https:\/\/www.daisho.be\/de\/wp-json\/wp\/v2\/media?parent=453051"}],"wp:term":[{"taxonomy":"product_brand","embeddable":true,"href":"https:\/\/www.daisho.be\/de\/wp-json\/wp\/v2\/product_brand?post=453051"},{"taxonomy":"product_cat","embeddable":true,"href":"https:\/\/www.daisho.be\/de\/wp-json\/wp\/v2\/product_cat?post=453051"},{"taxonomy":"product_tag","embeddable":true,"href":"https:\/\/www.daisho.be\/de\/wp-json\/wp\/v2\/product_tag?post=453051"},{"taxonomy":"sport","embeddable":true,"href":"https:\/\/www.daisho.be\/de\/wp-json\/wp\/v2\/sport?post=453051"}],"curies":[{"name":"wp","href":"https:\/\/api.w.org\/{rel}","templated":true}]}}