{"id":452981,"date":"2020-09-22T22:00:49","date_gmt":"2020-09-22T20:00:49","guid":{"rendered":"https:\/\/www.daisho.be\/produit\/katana-soft-set\/"},"modified":"2026-01-08T11:13:37","modified_gmt":"2026-01-08T10:13:37","slug":"katana-soft-set","status":"publish","type":"product","link":"https:\/\/www.daisho.be\/de\/produit\/katana-soft-set\/","title":{"rendered":"Soft-Katana-Set"},"content":{"rendered":"<p>Historisch gesehen trugen die Krieger im alten Japan 1m lange Katana-Schwerter. Das neue Schildkr\u00f6t-Set von Katana besteht aus zwei weichen Schwertern (L\u00e4nge 80cm, \u00d86cm). Dank der weichen, sto\u00dfd\u00e4mpfenden Polsterung ist dies das perfekte Set, um Aggressionen und Energie freizusetzen. Gleichzeitig trainiert es Ihren K\u00f6rper und Geist und f\u00f6rdert die Beweglichkeit.  <\/p>\n","protected":false},"excerpt":{"rendered":"<p>Historisch gesehen trugen die Krieger im alten Japan 1m lange Katana-Schwerter. Das neue Schildkr\u00f6t-Set von Katana besteht aus zwei weichen Schwertern (L\u00e4nge 80cm, \u00d86cm). Dank der weichen, sto\u00dfd\u00e4mpfenden Polsterung ist dies das perfekte Set, um Aggressionen und Energie freizusetzen. Gleichzeitig trainiert es Ihren K\u00f6rper und Geist und f\u00f6rdert die Beweglichkeit.<\/p>\n","protected":false},"featured_media":536122,"comment_status":"open","ping_status":"closed","template":"","meta":{"inline_featured_image":false},"product_brand":[],"product_cat":[2054,2115],"product_tag":[2196],"sport":[],"class_list":{"0":"post-452981","1":"product","2":"type-product","3":"status-publish","4":"has-post-thumbnail","6":"product_cat-trainingsmaterial","7":"product_cat-waffen","8":"product_tag-schildkrot-de","9":"product_shipping_class-grose-produkte-2","10":"pa_size-sans-taille","12":"first","13":"instock","14":"sale","15":"taxable","16":"shipping-taxable","17":"purchasable","18":"product-type-simple"},"yoast_head":"<!-- This site is optimized with the Yoast SEO plugin v27.2 - https:\/\/yoast.com\/product\/yoast-seo-wordpress\/ -->\n<title>Soft-Katana-Set &#8211; Daisho<\/title>\n<meta name=\"description\" content=\"Entdecken Sie das Katana-Set der Marke Schildkr\u00f6t. Damit k\u00f6nnen Sie sicher und professionell trainieren. www.daisho.be|Daisho\" \/>\n<meta name=\"robots\" content=\"index, follow, max-snippet:-1, max-image-preview:large, max-video-preview:-1\" \/>\n<link rel=\"canonical\" href=\"https:\/\/www.daisho.be\/de\/produit\/katana-soft-set\/\" \/>\n<meta property=\"og:locale\" content=\"de_DE\" \/>\n<meta property=\"og:type\" content=\"article\" \/>\n<meta property=\"og:title\" content=\"Soft-Katana-Set &#8211; Daisho\" \/>\n<meta property=\"og:description\" content=\"Entdecken Sie das Katana-Set der Marke Schildkr\u00f6t. Damit k\u00f6nnen Sie sicher und professionell trainieren. www.daisho.be|Daisho\" \/>\n<meta property=\"og:url\" content=\"https:\/\/www.daisho.be\/de\/produit\/katana-soft-set\/\" \/>\n<meta property=\"og:site_name\" content=\"Daisho\" \/>\n<meta property=\"article:modified_time\" content=\"2026-01-08T10:13:37+00:00\" \/>\n<meta property=\"og:image\" content=\"https:\/\/www.daisho.be\/wp-content\/uploads\/2025\/07\/image.png\" \/>\n\t<meta property=\"og:image:width\" content=\"1245\" \/>\n\t<meta property=\"og:image:height\" content=\"831\" \/>\n\t<meta property=\"og:image:type\" content=\"image\/png\" \/>\n<meta name=\"twitter:card\" content=\"summary_large_image\" \/>\n<script type=\"application\/ld+json\" class=\"yoast-schema-graph\">{\"@context\":\"https:\/\/schema.org\",\"@graph\":[{\"@type\":\"WebPage\",\"@id\":\"https:\/\/www.daisho.be\/de\/produit\/katana-soft-set\/\",\"url\":\"https:\/\/www.daisho.be\/de\/produit\/katana-soft-set\/\",\"name\":\"Soft-Katana-Set &#8211; Daisho\",\"isPartOf\":{\"@id\":\"https:\/\/www.daisho.be\/de\/#website\"},\"primaryImageOfPage\":{\"@id\":\"https:\/\/www.daisho.be\/de\/produit\/katana-soft-set\/#primaryimage\"},\"image\":{\"@id\":\"https:\/\/www.daisho.be\/de\/produit\/katana-soft-set\/#primaryimage\"},\"thumbnailUrl\":\"https:\/\/www.daisho.be\/wp-content\/uploads\/2025\/07\/image.png\",\"datePublished\":\"2020-09-22T20:00:49+00:00\",\"dateModified\":\"2026-01-08T10:13:37+00:00\",\"description\":\"Entdecken Sie das Katana-Set der Marke Schildkr\u00f6t. Damit k\u00f6nnen Sie sicher und professionell trainieren. www.daisho.be|Daisho\",\"breadcrumb\":{\"@id\":\"https:\/\/www.daisho.be\/de\/produit\/katana-soft-set\/#breadcrumb\"},\"inLanguage\":\"de\",\"potentialAction\":[{\"@type\":\"ReadAction\",\"target\":[\"https:\/\/www.daisho.be\/de\/produit\/katana-soft-set\/\"]}]},{\"@type\":\"ImageObject\",\"inLanguage\":\"de\",\"@id\":\"https:\/\/www.daisho.be\/de\/produit\/katana-soft-set\/#primaryimage\",\"url\":\"https:\/\/www.daisho.be\/wp-content\/uploads\/2025\/07\/image.png\",\"contentUrl\":\"https:\/\/www.daisho.be\/wp-content\/uploads\/2025\/07\/image.png\",\"width\":1245,\"height\":831,\"caption\":\"Katana-Set Soft-1\"},{\"@type\":\"BreadcrumbList\",\"@id\":\"https:\/\/www.daisho.be\/de\/produit\/katana-soft-set\/#breadcrumb\",\"itemListElement\":[{\"@type\":\"ListItem\",\"position\":1,\"name\":\"Accueil\",\"item\":\"https:\/\/www.daisho.be\/de\/\"},{\"@type\":\"ListItem\",\"position\":2,\"name\":\"Produkte\",\"item\":\"https:\/\/www.daisho.be\/de\/produkte\/\"},{\"@type\":\"ListItem\",\"position\":3,\"name\":\"Kampfsportarten\",\"item\":\"https:\/\/www.daisho.be\/de\/categorie-produit\/kampfsportarten\/\"},{\"@type\":\"ListItem\",\"position\":4,\"name\":\"Trainingsmaterial\",\"item\":\"https:\/\/www.daisho.be\/de\/categorie-produit\/kampfsportarten\/trainingsmaterial\/\"},{\"@type\":\"ListItem\",\"position\":5,\"name\":\"Soft-Katana-Set\"}]},{\"@type\":\"WebSite\",\"@id\":\"https:\/\/www.daisho.be\/de\/#website\",\"url\":\"https:\/\/www.daisho.be\/de\/\",\"name\":\"Daisho\",\"description\":\"Sp&eacute;cialiste de l'&eacute;quipement sportif d'arts martiaux\",\"publisher\":{\"@id\":\"https:\/\/www.daisho.be\/de\/#organization\"},\"potentialAction\":[{\"@type\":\"SearchAction\",\"target\":{\"@type\":\"EntryPoint\",\"urlTemplate\":\"https:\/\/www.daisho.be\/de\/?s={search_term_string}\"},\"query-input\":{\"@type\":\"PropertyValueSpecification\",\"valueRequired\":true,\"valueName\":\"search_term_string\"}}],\"inLanguage\":\"de\"},{\"@type\":\"Organization\",\"@id\":\"https:\/\/www.daisho.be\/de\/#organization\",\"name\":\"Daisho\",\"url\":\"https:\/\/www.daisho.be\/de\/\",\"logo\":{\"@type\":\"ImageObject\",\"inLanguage\":\"de\",\"@id\":\"https:\/\/www.daisho.be\/de\/#\/schema\/logo\/image\/\",\"url\":\"https:\/\/www.daisho.be\/wp-content\/uploads\/2019\/07\/color-nothing-horizontale4x-e1564486100247.png\",\"contentUrl\":\"https:\/\/www.daisho.be\/wp-content\/uploads\/2019\/07\/color-nothing-horizontale4x-e1564486100247.png\",\"width\":1547,\"height\":385,\"caption\":\"Daisho\"},\"image\":{\"@id\":\"https:\/\/www.daisho.be\/de\/#\/schema\/logo\/image\/\"}}]}<\/script>\n<!-- \/ Yoast SEO plugin. -->","yoast_head_json":{"title":"Soft-Katana-Set &#8211; Daisho","description":"Entdecken Sie das Katana-Set der Marke Schildkr\u00f6t. Damit k\u00f6nnen Sie sicher und professionell trainieren. www.daisho.be|Daisho","robots":{"index":"index","follow":"follow","max-snippet":"max-snippet:-1","max-image-preview":"max-image-preview:large","max-video-preview":"max-video-preview:-1"},"canonical":"https:\/\/www.daisho.be\/de\/produit\/katana-soft-set\/","og_locale":"de_DE","og_type":"article","og_title":"Soft-Katana-Set &#8211; Daisho","og_description":"Entdecken Sie das Katana-Set der Marke Schildkr\u00f6t. Damit k\u00f6nnen Sie sicher und professionell trainieren. www.daisho.be|Daisho","og_url":"https:\/\/www.daisho.be\/de\/produit\/katana-soft-set\/","og_site_name":"Daisho","article_modified_time":"2026-01-08T10:13:37+00:00","og_image":[{"width":1245,"height":831,"url":"https:\/\/www.daisho.be\/wp-content\/uploads\/2025\/07\/image.png","type":"image\/png"}],"twitter_card":"summary_large_image","schema":{"@context":"https:\/\/schema.org","@graph":[{"@type":"WebPage","@id":"https:\/\/www.daisho.be\/de\/produit\/katana-soft-set\/","url":"https:\/\/www.daisho.be\/de\/produit\/katana-soft-set\/","name":"Soft-Katana-Set &#8211; Daisho","isPartOf":{"@id":"https:\/\/www.daisho.be\/de\/#website"},"primaryImageOfPage":{"@id":"https:\/\/www.daisho.be\/de\/produit\/katana-soft-set\/#primaryimage"},"image":{"@id":"https:\/\/www.daisho.be\/de\/produit\/katana-soft-set\/#primaryimage"},"thumbnailUrl":"https:\/\/www.daisho.be\/wp-content\/uploads\/2025\/07\/image.png","datePublished":"2020-09-22T20:00:49+00:00","dateModified":"2026-01-08T10:13:37+00:00","description":"Entdecken Sie das Katana-Set der Marke Schildkr\u00f6t. Damit k\u00f6nnen Sie sicher und professionell trainieren. www.daisho.be|Daisho","breadcrumb":{"@id":"https:\/\/www.daisho.be\/de\/produit\/katana-soft-set\/#breadcrumb"},"inLanguage":"de","potentialAction":[{"@type":"ReadAction","target":["https:\/\/www.daisho.be\/de\/produit\/katana-soft-set\/"]}]},{"@type":"ImageObject","inLanguage":"de","@id":"https:\/\/www.daisho.be\/de\/produit\/katana-soft-set\/#primaryimage","url":"https:\/\/www.daisho.be\/wp-content\/uploads\/2025\/07\/image.png","contentUrl":"https:\/\/www.daisho.be\/wp-content\/uploads\/2025\/07\/image.png","width":1245,"height":831,"caption":"Katana-Set Soft-1"},{"@type":"BreadcrumbList","@id":"https:\/\/www.daisho.be\/de\/produit\/katana-soft-set\/#breadcrumb","itemListElement":[{"@type":"ListItem","position":1,"name":"Accueil","item":"https:\/\/www.daisho.be\/de\/"},{"@type":"ListItem","position":2,"name":"Produkte","item":"https:\/\/www.daisho.be\/de\/produkte\/"},{"@type":"ListItem","position":3,"name":"Kampfsportarten","item":"https:\/\/www.daisho.be\/de\/categorie-produit\/kampfsportarten\/"},{"@type":"ListItem","position":4,"name":"Trainingsmaterial","item":"https:\/\/www.daisho.be\/de\/categorie-produit\/kampfsportarten\/trainingsmaterial\/"},{"@type":"ListItem","position":5,"name":"Soft-Katana-Set"}]},{"@type":"WebSite","@id":"https:\/\/www.daisho.be\/de\/#website","url":"https:\/\/www.daisho.be\/de\/","name":"Daisho","description":"Sp&eacute;cialiste de l'&eacute;quipement sportif d'arts martiaux","publisher":{"@id":"https:\/\/www.daisho.be\/de\/#organization"},"potentialAction":[{"@type":"SearchAction","target":{"@type":"EntryPoint","urlTemplate":"https:\/\/www.daisho.be\/de\/?s={search_term_string}"},"query-input":{"@type":"PropertyValueSpecification","valueRequired":true,"valueName":"search_term_string"}}],"inLanguage":"de"},{"@type":"Organization","@id":"https:\/\/www.daisho.be\/de\/#organization","name":"Daisho","url":"https:\/\/www.daisho.be\/de\/","logo":{"@type":"ImageObject","inLanguage":"de","@id":"https:\/\/www.daisho.be\/de\/#\/schema\/logo\/image\/","url":"https:\/\/www.daisho.be\/wp-content\/uploads\/2019\/07\/color-nothing-horizontale4x-e1564486100247.png","contentUrl":"https:\/\/www.daisho.be\/wp-content\/uploads\/2019\/07\/color-nothing-horizontale4x-e1564486100247.png","width":1547,"height":385,"caption":"Daisho"},"image":{"@id":"https:\/\/www.daisho.be\/de\/#\/schema\/logo\/image\/"}}]}},"_links":{"self":[{"href":"https:\/\/www.daisho.be\/de\/wp-json\/wp\/v2\/product\/452981","targetHints":{"allow":["GET"]}}],"collection":[{"href":"https:\/\/www.daisho.be\/de\/wp-json\/wp\/v2\/product"}],"about":[{"href":"https:\/\/www.daisho.be\/de\/wp-json\/wp\/v2\/types\/product"}],"replies":[{"embeddable":true,"href":"https:\/\/www.daisho.be\/de\/wp-json\/wp\/v2\/comments?post=452981"}],"wp:featuredmedia":[{"embeddable":true,"href":"https:\/\/www.daisho.be\/de\/wp-json\/wp\/v2\/media\/536122"}],"wp:attachment":[{"href":"https:\/\/www.daisho.be\/de\/wp-json\/wp\/v2\/media?parent=452981"}],"wp:term":[{"taxonomy":"product_brand","embeddable":true,"href":"https:\/\/www.daisho.be\/de\/wp-json\/wp\/v2\/product_brand?post=452981"},{"taxonomy":"product_cat","embeddable":true,"href":"https:\/\/www.daisho.be\/de\/wp-json\/wp\/v2\/product_cat?post=452981"},{"taxonomy":"product_tag","embeddable":true,"href":"https:\/\/www.daisho.be\/de\/wp-json\/wp\/v2\/product_tag?post=452981"},{"taxonomy":"sport","embeddable":true,"href":"https:\/\/www.daisho.be\/de\/wp-json\/wp\/v2\/sport?post=452981"}],"curies":[{"name":"wp","href":"https:\/\/api.w.org\/{rel}","templated":true}]}}