{"id":452959,"date":"2020-08-01T00:17:17","date_gmt":"2020-07-31T22:17:17","guid":{"rendered":"https:\/\/www.daisho.be\/produit\/xtrem-testo-90-caps\/"},"modified":"2020-08-01T00:17:17","modified_gmt":"2020-07-31T22:17:17","slug":"xtrem-testo-90-caps","status":"publish","type":"product","link":"https:\/\/www.daisho.be\/de\/produit\/xtrem-testo-90-caps\/","title":{"rendered":"XTREM TESTO 90 CAPS"},"content":{"rendered":"<p>Xtrem Testo ist ein nat\u00fcrlicher Testosteron-Booster.<br \/>\n&#8211; Maca f\u00fcr Energie, Ausdauer und Vitalit\u00e4t.<br \/>\n&#8211; Bockshornklee (Testofene) ein Androgen, das den K\u00f6rper vor der Bildung von freien Radikalen sch\u00fctzt<br \/>\n&#8211; D-Asparagins\u00e4ure<br \/>\n&#8211; Panax Ginseng Extrakt<br \/>\n&#8211; ZMA (Zink, Magnesium, Vit B6)<br \/>\nVerbessert Ihren Testosteronspiegel auf nat\u00fcrliche Weise.<\/p>\n","protected":false},"excerpt":{"rendered":"<p>Xtrem Testo ist ein nat\u00fcrlicher Testosteron-Booster. &#8211; Maca f\u00fcr Energie, Ausdauer und Vitalit\u00e4t. &#8211; Bockshornklee (Testofene) ein Androgen, das den K\u00f6rper vor der Bildung von freien Radikalen sch\u00fctzt &#8211; D-Asparagins\u00e4ure &#8211; Panax Ginseng Extrakt &#8211; ZMA (Zink, Magnesium, Vit B6) Verbessert Ihren Testosteronspiegel auf nat\u00fcrliche Weise.<\/p>\n","protected":false},"featured_media":452970,"comment_status":"open","ping_status":"closed","template":"","meta":{"inline_featured_image":false},"product_brand":[],"product_cat":[2193],"product_tag":[2194],"sport":[],"class_list":{"0":"post-452959","1":"product","2":"type-product","3":"status-publish","4":"has-post-thumbnail","6":"product_cat-energie-de","7":"product_tag-protech-evolution-de","8":"pa_size-sans-taille","10":"first","11":"instock","12":"taxable","13":"shipping-taxable","14":"purchasable","15":"product-type-simple"},"yoast_head":"<!-- This site is optimized with the Yoast SEO plugin v27.2 - https:\/\/yoast.com\/product\/yoast-seo-wordpress\/ -->\n<title>XTREM TESTO 90 CAPS &#8211; Daisho<\/title>\n<meta name=\"robots\" content=\"index, follow, max-snippet:-1, max-image-preview:large, max-video-preview:-1\" \/>\n<link rel=\"canonical\" href=\"https:\/\/www.daisho.be\/de\/produit\/xtrem-testo-90-caps\/\" \/>\n<meta property=\"og:locale\" content=\"de_DE\" \/>\n<meta property=\"og:type\" content=\"article\" \/>\n<meta property=\"og:title\" content=\"XTREM TESTO 90 CAPS &#8211; Daisho\" \/>\n<meta property=\"og:description\" content=\"Xtrem Testo ist ein nat\u00fcrlicher Testosteron-Booster. &#8211; Maca f\u00fcr Energie, Ausdauer und Vitalit\u00e4t. &#8211; Bockshornklee (Testofene) ein Androgen, das den K\u00f6rper vor der Bildung von freien Radikalen sch\u00fctzt &#8211; D-Asparagins\u00e4ure &#8211; Panax Ginseng Extrakt &#8211; ZMA (Zink, Magnesium, Vit B6) Verbessert Ihren Testosteronspiegel auf nat\u00fcrliche Weise.\" \/>\n<meta property=\"og:url\" content=\"https:\/\/www.daisho.be\/de\/produit\/xtrem-testo-90-caps\/\" \/>\n<meta property=\"og:site_name\" content=\"Daisho\" \/>\n<meta property=\"og:image\" content=\"https:\/\/www.daisho.be\/wp-content\/uploads\/2023\/07\/image.png\" \/>\n\t<meta property=\"og:image:width\" content=\"800\" \/>\n\t<meta property=\"og:image:height\" content=\"800\" \/>\n\t<meta property=\"og:image:type\" content=\"image\/png\" \/>\n<meta name=\"twitter:card\" content=\"summary_large_image\" \/>\n<script type=\"application\/ld+json\" class=\"yoast-schema-graph\">{\"@context\":\"https:\/\/schema.org\",\"@graph\":[{\"@type\":\"WebPage\",\"@id\":\"https:\/\/www.daisho.be\/de\/produit\/xtrem-testo-90-caps\/\",\"url\":\"https:\/\/www.daisho.be\/de\/produit\/xtrem-testo-90-caps\/\",\"name\":\"XTREM TESTO 90 CAPS &#8211; Daisho\",\"isPartOf\":{\"@id\":\"https:\/\/www.daisho.be\/de\/#website\"},\"primaryImageOfPage\":{\"@id\":\"https:\/\/www.daisho.be\/de\/produit\/xtrem-testo-90-caps\/#primaryimage\"},\"image\":{\"@id\":\"https:\/\/www.daisho.be\/de\/produit\/xtrem-testo-90-caps\/#primaryimage\"},\"thumbnailUrl\":\"https:\/\/www.daisho.be\/wp-content\/uploads\/2023\/07\/image.png\",\"datePublished\":\"2020-07-31T22:17:17+00:00\",\"breadcrumb\":{\"@id\":\"https:\/\/www.daisho.be\/de\/produit\/xtrem-testo-90-caps\/#breadcrumb\"},\"inLanguage\":\"de\",\"potentialAction\":[{\"@type\":\"ReadAction\",\"target\":[\"https:\/\/www.daisho.be\/de\/produit\/xtrem-testo-90-caps\/\"]}]},{\"@type\":\"ImageObject\",\"inLanguage\":\"de\",\"@id\":\"https:\/\/www.daisho.be\/de\/produit\/xtrem-testo-90-caps\/#primaryimage\",\"url\":\"https:\/\/www.daisho.be\/wp-content\/uploads\/2023\/07\/image.png\",\"contentUrl\":\"https:\/\/www.daisho.be\/wp-content\/uploads\/2023\/07\/image.png\",\"width\":800,\"height\":800},{\"@type\":\"BreadcrumbList\",\"@id\":\"https:\/\/www.daisho.be\/de\/produit\/xtrem-testo-90-caps\/#breadcrumb\",\"itemListElement\":[{\"@type\":\"ListItem\",\"position\":1,\"name\":\"Accueil\",\"item\":\"https:\/\/www.daisho.be\/de\/\"},{\"@type\":\"ListItem\",\"position\":2,\"name\":\"Produkte\",\"item\":\"https:\/\/www.daisho.be\/de\/produkte\/\"},{\"@type\":\"ListItem\",\"position\":3,\"name\":\"Sportnahrung\",\"item\":\"https:\/\/www.daisho.be\/de\/categorie-produit\/sportnahrung\/\"},{\"@type\":\"ListItem\",\"position\":4,\"name\":\"Energie\",\"item\":\"https:\/\/www.daisho.be\/de\/categorie-produit\/sportnahrung\/energie-de\/\"},{\"@type\":\"ListItem\",\"position\":5,\"name\":\"XTREM TESTO 90 CAPS\"}]},{\"@type\":\"WebSite\",\"@id\":\"https:\/\/www.daisho.be\/de\/#website\",\"url\":\"https:\/\/www.daisho.be\/de\/\",\"name\":\"Daisho\",\"description\":\"Sp&eacute;cialiste de l'&eacute;quipement sportif d'arts martiaux\",\"publisher\":{\"@id\":\"https:\/\/www.daisho.be\/de\/#organization\"},\"potentialAction\":[{\"@type\":\"SearchAction\",\"target\":{\"@type\":\"EntryPoint\",\"urlTemplate\":\"https:\/\/www.daisho.be\/de\/?s={search_term_string}\"},\"query-input\":{\"@type\":\"PropertyValueSpecification\",\"valueRequired\":true,\"valueName\":\"search_term_string\"}}],\"inLanguage\":\"de\"},{\"@type\":\"Organization\",\"@id\":\"https:\/\/www.daisho.be\/de\/#organization\",\"name\":\"Daisho\",\"url\":\"https:\/\/www.daisho.be\/de\/\",\"logo\":{\"@type\":\"ImageObject\",\"inLanguage\":\"de\",\"@id\":\"https:\/\/www.daisho.be\/de\/#\/schema\/logo\/image\/\",\"url\":\"https:\/\/www.daisho.be\/wp-content\/uploads\/2019\/07\/color-nothing-horizontale4x-e1564486100247.png\",\"contentUrl\":\"https:\/\/www.daisho.be\/wp-content\/uploads\/2019\/07\/color-nothing-horizontale4x-e1564486100247.png\",\"width\":1547,\"height\":385,\"caption\":\"Daisho\"},\"image\":{\"@id\":\"https:\/\/www.daisho.be\/de\/#\/schema\/logo\/image\/\"}}]}<\/script>\n<!-- \/ Yoast SEO plugin. -->","yoast_head_json":{"title":"XTREM TESTO 90 CAPS &#8211; Daisho","robots":{"index":"index","follow":"follow","max-snippet":"max-snippet:-1","max-image-preview":"max-image-preview:large","max-video-preview":"max-video-preview:-1"},"canonical":"https:\/\/www.daisho.be\/de\/produit\/xtrem-testo-90-caps\/","og_locale":"de_DE","og_type":"article","og_title":"XTREM TESTO 90 CAPS &#8211; Daisho","og_description":"Xtrem Testo ist ein nat\u00fcrlicher Testosteron-Booster. &#8211; Maca f\u00fcr Energie, Ausdauer und Vitalit\u00e4t. &#8211; Bockshornklee (Testofene) ein Androgen, das den K\u00f6rper vor der Bildung von freien Radikalen sch\u00fctzt &#8211; D-Asparagins\u00e4ure &#8211; Panax Ginseng Extrakt &#8211; ZMA (Zink, Magnesium, Vit B6) Verbessert Ihren Testosteronspiegel auf nat\u00fcrliche Weise.","og_url":"https:\/\/www.daisho.be\/de\/produit\/xtrem-testo-90-caps\/","og_site_name":"Daisho","og_image":[{"width":800,"height":800,"url":"https:\/\/www.daisho.be\/wp-content\/uploads\/2023\/07\/image.png","type":"image\/png"}],"twitter_card":"summary_large_image","schema":{"@context":"https:\/\/schema.org","@graph":[{"@type":"WebPage","@id":"https:\/\/www.daisho.be\/de\/produit\/xtrem-testo-90-caps\/","url":"https:\/\/www.daisho.be\/de\/produit\/xtrem-testo-90-caps\/","name":"XTREM TESTO 90 CAPS &#8211; Daisho","isPartOf":{"@id":"https:\/\/www.daisho.be\/de\/#website"},"primaryImageOfPage":{"@id":"https:\/\/www.daisho.be\/de\/produit\/xtrem-testo-90-caps\/#primaryimage"},"image":{"@id":"https:\/\/www.daisho.be\/de\/produit\/xtrem-testo-90-caps\/#primaryimage"},"thumbnailUrl":"https:\/\/www.daisho.be\/wp-content\/uploads\/2023\/07\/image.png","datePublished":"2020-07-31T22:17:17+00:00","breadcrumb":{"@id":"https:\/\/www.daisho.be\/de\/produit\/xtrem-testo-90-caps\/#breadcrumb"},"inLanguage":"de","potentialAction":[{"@type":"ReadAction","target":["https:\/\/www.daisho.be\/de\/produit\/xtrem-testo-90-caps\/"]}]},{"@type":"ImageObject","inLanguage":"de","@id":"https:\/\/www.daisho.be\/de\/produit\/xtrem-testo-90-caps\/#primaryimage","url":"https:\/\/www.daisho.be\/wp-content\/uploads\/2023\/07\/image.png","contentUrl":"https:\/\/www.daisho.be\/wp-content\/uploads\/2023\/07\/image.png","width":800,"height":800},{"@type":"BreadcrumbList","@id":"https:\/\/www.daisho.be\/de\/produit\/xtrem-testo-90-caps\/#breadcrumb","itemListElement":[{"@type":"ListItem","position":1,"name":"Accueil","item":"https:\/\/www.daisho.be\/de\/"},{"@type":"ListItem","position":2,"name":"Produkte","item":"https:\/\/www.daisho.be\/de\/produkte\/"},{"@type":"ListItem","position":3,"name":"Sportnahrung","item":"https:\/\/www.daisho.be\/de\/categorie-produit\/sportnahrung\/"},{"@type":"ListItem","position":4,"name":"Energie","item":"https:\/\/www.daisho.be\/de\/categorie-produit\/sportnahrung\/energie-de\/"},{"@type":"ListItem","position":5,"name":"XTREM TESTO 90 CAPS"}]},{"@type":"WebSite","@id":"https:\/\/www.daisho.be\/de\/#website","url":"https:\/\/www.daisho.be\/de\/","name":"Daisho","description":"Sp&eacute;cialiste de l'&eacute;quipement sportif d'arts martiaux","publisher":{"@id":"https:\/\/www.daisho.be\/de\/#organization"},"potentialAction":[{"@type":"SearchAction","target":{"@type":"EntryPoint","urlTemplate":"https:\/\/www.daisho.be\/de\/?s={search_term_string}"},"query-input":{"@type":"PropertyValueSpecification","valueRequired":true,"valueName":"search_term_string"}}],"inLanguage":"de"},{"@type":"Organization","@id":"https:\/\/www.daisho.be\/de\/#organization","name":"Daisho","url":"https:\/\/www.daisho.be\/de\/","logo":{"@type":"ImageObject","inLanguage":"de","@id":"https:\/\/www.daisho.be\/de\/#\/schema\/logo\/image\/","url":"https:\/\/www.daisho.be\/wp-content\/uploads\/2019\/07\/color-nothing-horizontale4x-e1564486100247.png","contentUrl":"https:\/\/www.daisho.be\/wp-content\/uploads\/2019\/07\/color-nothing-horizontale4x-e1564486100247.png","width":1547,"height":385,"caption":"Daisho"},"image":{"@id":"https:\/\/www.daisho.be\/de\/#\/schema\/logo\/image\/"}}]}},"_links":{"self":[{"href":"https:\/\/www.daisho.be\/de\/wp-json\/wp\/v2\/product\/452959","targetHints":{"allow":["GET"]}}],"collection":[{"href":"https:\/\/www.daisho.be\/de\/wp-json\/wp\/v2\/product"}],"about":[{"href":"https:\/\/www.daisho.be\/de\/wp-json\/wp\/v2\/types\/product"}],"replies":[{"embeddable":true,"href":"https:\/\/www.daisho.be\/de\/wp-json\/wp\/v2\/comments?post=452959"}],"wp:featuredmedia":[{"embeddable":true,"href":"https:\/\/www.daisho.be\/de\/wp-json\/wp\/v2\/media\/452970"}],"wp:attachment":[{"href":"https:\/\/www.daisho.be\/de\/wp-json\/wp\/v2\/media?parent=452959"}],"wp:term":[{"taxonomy":"product_brand","embeddable":true,"href":"https:\/\/www.daisho.be\/de\/wp-json\/wp\/v2\/product_brand?post=452959"},{"taxonomy":"product_cat","embeddable":true,"href":"https:\/\/www.daisho.be\/de\/wp-json\/wp\/v2\/product_cat?post=452959"},{"taxonomy":"product_tag","embeddable":true,"href":"https:\/\/www.daisho.be\/de\/wp-json\/wp\/v2\/product_tag?post=452959"},{"taxonomy":"sport","embeddable":true,"href":"https:\/\/www.daisho.be\/de\/wp-json\/wp\/v2\/sport?post=452959"}],"curies":[{"name":"wp","href":"https:\/\/api.w.org\/{rel}","templated":true}]}}