{"id":452939,"date":"2020-09-18T09:36:23","date_gmt":"2020-09-18T07:36:23","guid":{"rendered":"https:\/\/www.daisho.be\/produit\/universeller-transportwagen-fuer-tatamis-und-matten\/"},"modified":"2025-11-20T12:06:31","modified_gmt":"2025-11-20T11:06:31","slug":"universeller-transportwagen-fuer-tatamis-und-matten","status":"publish","type":"product","link":"https:\/\/www.daisho.be\/de\/produit\/universeller-transportwagen-fuer-tatamis-und-matten\/","title":{"rendered":"Universeller Transportwagen f\u00fcr Tatamis und Matten"},"content":{"rendered":"<p>Er eignet sich perfekt f\u00fcr den Transport und die Aufbewahrung von Gymnastikmatten oder anderen Sportger\u00e4ten.<br \/>\nSehr robuste, pulverbeschichtete Stahlkonstruktion (in jeder gew\u00fcnschten Farbe), Basis mit Stahlprofil verst\u00e4rkt und mit Sperrholz verkleidet.<\/p>\n<p>Der Wagen ist mit 2 Lenkrollen und 2 spurlosen Bockrollen und einem klappbaren Griff aus Stahl, pulverbeschichtetes Rohr, ausgestattet.<br \/>\nDie maximale Tragf\u00e4higkeit betr\u00e4gt 250 kg.<\/p>\n<p>Basisgr\u00f6\u00dfe: 100 x 200 cm.<\/p>\n","protected":false},"excerpt":{"rendered":"<p>Er eignet sich perfekt f\u00fcr den Transport und die Aufbewahrung von Gymnastikmatten oder anderen Sportger\u00e4ten. Sehr robuste, pulverbeschichtete Stahlkonstruktion (in jeder gew\u00fcnschten Farbe), Basis mit Stahlprofil verst\u00e4rkt und mit Sperrholz verkleidet. Der Wagen ist mit 2 Lenkrollen und 2 spurlosen Bockrollen und einem klappbaren Griff aus Stahl, pulverbeschichtetes Rohr, ausgestattet. Die maximale Tragf\u00e4higkeit betr\u00e4gt 250 [&hellip;]<\/p>\n","protected":false},"featured_media":452940,"comment_status":"closed","ping_status":"closed","template":"","meta":{"inline_featured_image":false},"product_brand":[],"product_cat":[2189,2016],"product_tag":[2190,2554],"sport":[],"class_list":{"0":"post-452939","1":"product","2":"type-product","3":"status-publish","4":"has-post-thumbnail","6":"product_cat-judo-tatamis","7":"product_cat-tatamis-fur-judo-karate-und-taekwondo-kampfkunste","8":"product_tag-coma-sport-de","9":"product_tag-kostenvoranschlag","10":"product_shipping_class-schwere-produkte","11":"pa_size-sans-taille-defaut","13":"first","14":"instock","15":"taxable","16":"shipping-taxable","17":"purchasable","18":"product-type-variable"},"yoast_head":"<!-- This site is optimized with the Yoast SEO plugin v27.2 - https:\/\/yoast.com\/product\/yoast-seo-wordpress\/ -->\n<title>Universeller Transportwagen f\u00fcr Tatamis und Matten &#8211; Daisho<\/title>\n<meta name=\"robots\" content=\"index, follow, max-snippet:-1, max-image-preview:large, max-video-preview:-1\" \/>\n<link rel=\"canonical\" href=\"https:\/\/www.daisho.be\/de\/produit\/universeller-transportwagen-fuer-tatamis-und-matten\/\" \/>\n<meta property=\"og:locale\" content=\"de_DE\" \/>\n<meta property=\"og:type\" content=\"article\" \/>\n<meta property=\"og:title\" content=\"Universeller Transportwagen f\u00fcr Tatamis und Matten &#8211; Daisho\" \/>\n<meta property=\"og:description\" content=\"Er eignet sich perfekt f\u00fcr den Transport und die Aufbewahrung von Gymnastikmatten oder anderen Sportger\u00e4ten. Sehr robuste, pulverbeschichtete Stahlkonstruktion (in jeder gew\u00fcnschten Farbe), Basis mit Stahlprofil verst\u00e4rkt und mit Sperrholz verkleidet. Der Wagen ist mit 2 Lenkrollen und 2 spurlosen Bockrollen und einem klappbaren Griff aus Stahl, pulverbeschichtetes Rohr, ausgestattet. Die maximale Tragf\u00e4higkeit betr\u00e4gt 250 [&hellip;]\" \/>\n<meta property=\"og:url\" content=\"https:\/\/www.daisho.be\/de\/produit\/universeller-transportwagen-fuer-tatamis-und-matten\/\" \/>\n<meta property=\"og:site_name\" content=\"Daisho\" \/>\n<meta property=\"article:modified_time\" content=\"2025-11-20T11:06:31+00:00\" \/>\n<meta property=\"og:image\" content=\"https:\/\/www.daisho.be\/wp-content\/uploads\/2024\/02\/image-1.png\" \/>\n\t<meta property=\"og:image:width\" content=\"1039\" \/>\n\t<meta property=\"og:image:height\" content=\"423\" \/>\n\t<meta property=\"og:image:type\" content=\"image\/png\" \/>\n<meta name=\"twitter:card\" content=\"summary_large_image\" \/>\n<script type=\"application\/ld+json\" class=\"yoast-schema-graph\">{\"@context\":\"https:\/\/schema.org\",\"@graph\":[{\"@type\":\"WebPage\",\"@id\":\"https:\/\/www.daisho.be\/de\/produit\/universeller-transportwagen-fuer-tatamis-und-matten\/\",\"url\":\"https:\/\/www.daisho.be\/de\/produit\/universeller-transportwagen-fuer-tatamis-und-matten\/\",\"name\":\"Universeller Transportwagen f\u00fcr Tatamis und Matten &#8211; Daisho\",\"isPartOf\":{\"@id\":\"https:\/\/www.daisho.be\/de\/#website\"},\"primaryImageOfPage\":{\"@id\":\"https:\/\/www.daisho.be\/de\/produit\/universeller-transportwagen-fuer-tatamis-und-matten\/#primaryimage\"},\"image\":{\"@id\":\"https:\/\/www.daisho.be\/de\/produit\/universeller-transportwagen-fuer-tatamis-und-matten\/#primaryimage\"},\"thumbnailUrl\":\"https:\/\/www.daisho.be\/wp-content\/uploads\/2024\/02\/image-1.png\",\"datePublished\":\"2020-09-18T07:36:23+00:00\",\"dateModified\":\"2025-11-20T11:06:31+00:00\",\"breadcrumb\":{\"@id\":\"https:\/\/www.daisho.be\/de\/produit\/universeller-transportwagen-fuer-tatamis-und-matten\/#breadcrumb\"},\"inLanguage\":\"de\",\"potentialAction\":[{\"@type\":\"ReadAction\",\"target\":[\"https:\/\/www.daisho.be\/de\/produit\/universeller-transportwagen-fuer-tatamis-und-matten\/\"]}]},{\"@type\":\"ImageObject\",\"inLanguage\":\"de\",\"@id\":\"https:\/\/www.daisho.be\/de\/produit\/universeller-transportwagen-fuer-tatamis-und-matten\/#primaryimage\",\"url\":\"https:\/\/www.daisho.be\/wp-content\/uploads\/2024\/02\/image-1.png\",\"contentUrl\":\"https:\/\/www.daisho.be\/wp-content\/uploads\/2024\/02\/image-1.png\",\"width\":1039,\"height\":423,\"caption\":\"Universal-Transportwagen f\u00fcr Tatamis und Matten-1\"},{\"@type\":\"BreadcrumbList\",\"@id\":\"https:\/\/www.daisho.be\/de\/produit\/universeller-transportwagen-fuer-tatamis-und-matten\/#breadcrumb\",\"itemListElement\":[{\"@type\":\"ListItem\",\"position\":1,\"name\":\"Accueil\",\"item\":\"https:\/\/www.daisho.be\/de\/\"},{\"@type\":\"ListItem\",\"position\":2,\"name\":\"Produkte\",\"item\":\"https:\/\/www.daisho.be\/de\/produkte\/\"},{\"@type\":\"ListItem\",\"position\":3,\"name\":\"Ausr\u00fcstung und Kleidung f\u00fcr Kampfkunst und Kampfsport\",\"item\":\"https:\/\/www.daisho.be\/de\/categorie-produit\/ausrustung-und-kleidung-fur-kampfkunst-und-kampfsport\/\"},{\"@type\":\"ListItem\",\"position\":4,\"name\":\"Judo\",\"item\":\"https:\/\/www.daisho.be\/de\/categorie-produit\/ausrustung-und-kleidung-fur-kampfkunst-und-kampfsport\/judo-de-2\/\"},{\"@type\":\"ListItem\",\"position\":5,\"name\":\"Judo Tatamis\",\"item\":\"https:\/\/www.daisho.be\/de\/categorie-produit\/ausrustung-und-kleidung-fur-kampfkunst-und-kampfsport\/judo-de-2\/judo-tatamis\/\"},{\"@type\":\"ListItem\",\"position\":6,\"name\":\"Universeller Transportwagen f\u00fcr Tatamis und Matten\"}]},{\"@type\":\"WebSite\",\"@id\":\"https:\/\/www.daisho.be\/de\/#website\",\"url\":\"https:\/\/www.daisho.be\/de\/\",\"name\":\"Daisho\",\"description\":\"Sp&eacute;cialiste de l'&eacute;quipement sportif d'arts martiaux\",\"publisher\":{\"@id\":\"https:\/\/www.daisho.be\/de\/#organization\"},\"potentialAction\":[{\"@type\":\"SearchAction\",\"target\":{\"@type\":\"EntryPoint\",\"urlTemplate\":\"https:\/\/www.daisho.be\/de\/?s={search_term_string}\"},\"query-input\":{\"@type\":\"PropertyValueSpecification\",\"valueRequired\":true,\"valueName\":\"search_term_string\"}}],\"inLanguage\":\"de\"},{\"@type\":\"Organization\",\"@id\":\"https:\/\/www.daisho.be\/de\/#organization\",\"name\":\"Daisho\",\"url\":\"https:\/\/www.daisho.be\/de\/\",\"logo\":{\"@type\":\"ImageObject\",\"inLanguage\":\"de\",\"@id\":\"https:\/\/www.daisho.be\/de\/#\/schema\/logo\/image\/\",\"url\":\"https:\/\/www.daisho.be\/wp-content\/uploads\/2019\/07\/color-nothing-horizontale4x-e1564486100247.png\",\"contentUrl\":\"https:\/\/www.daisho.be\/wp-content\/uploads\/2019\/07\/color-nothing-horizontale4x-e1564486100247.png\",\"width\":1547,\"height\":385,\"caption\":\"Daisho\"},\"image\":{\"@id\":\"https:\/\/www.daisho.be\/de\/#\/schema\/logo\/image\/\"}}]}<\/script>\n<!-- \/ Yoast SEO plugin. -->","yoast_head_json":{"title":"Universeller Transportwagen f\u00fcr Tatamis und Matten &#8211; Daisho","robots":{"index":"index","follow":"follow","max-snippet":"max-snippet:-1","max-image-preview":"max-image-preview:large","max-video-preview":"max-video-preview:-1"},"canonical":"https:\/\/www.daisho.be\/de\/produit\/universeller-transportwagen-fuer-tatamis-und-matten\/","og_locale":"de_DE","og_type":"article","og_title":"Universeller Transportwagen f\u00fcr Tatamis und Matten &#8211; Daisho","og_description":"Er eignet sich perfekt f\u00fcr den Transport und die Aufbewahrung von Gymnastikmatten oder anderen Sportger\u00e4ten. Sehr robuste, pulverbeschichtete Stahlkonstruktion (in jeder gew\u00fcnschten Farbe), Basis mit Stahlprofil verst\u00e4rkt und mit Sperrholz verkleidet. Der Wagen ist mit 2 Lenkrollen und 2 spurlosen Bockrollen und einem klappbaren Griff aus Stahl, pulverbeschichtetes Rohr, ausgestattet. Die maximale Tragf\u00e4higkeit betr\u00e4gt 250 [&hellip;]","og_url":"https:\/\/www.daisho.be\/de\/produit\/universeller-transportwagen-fuer-tatamis-und-matten\/","og_site_name":"Daisho","article_modified_time":"2025-11-20T11:06:31+00:00","og_image":[{"width":1039,"height":423,"url":"https:\/\/www.daisho.be\/wp-content\/uploads\/2024\/02\/image-1.png","type":"image\/png"}],"twitter_card":"summary_large_image","schema":{"@context":"https:\/\/schema.org","@graph":[{"@type":"WebPage","@id":"https:\/\/www.daisho.be\/de\/produit\/universeller-transportwagen-fuer-tatamis-und-matten\/","url":"https:\/\/www.daisho.be\/de\/produit\/universeller-transportwagen-fuer-tatamis-und-matten\/","name":"Universeller Transportwagen f\u00fcr Tatamis und Matten &#8211; Daisho","isPartOf":{"@id":"https:\/\/www.daisho.be\/de\/#website"},"primaryImageOfPage":{"@id":"https:\/\/www.daisho.be\/de\/produit\/universeller-transportwagen-fuer-tatamis-und-matten\/#primaryimage"},"image":{"@id":"https:\/\/www.daisho.be\/de\/produit\/universeller-transportwagen-fuer-tatamis-und-matten\/#primaryimage"},"thumbnailUrl":"https:\/\/www.daisho.be\/wp-content\/uploads\/2024\/02\/image-1.png","datePublished":"2020-09-18T07:36:23+00:00","dateModified":"2025-11-20T11:06:31+00:00","breadcrumb":{"@id":"https:\/\/www.daisho.be\/de\/produit\/universeller-transportwagen-fuer-tatamis-und-matten\/#breadcrumb"},"inLanguage":"de","potentialAction":[{"@type":"ReadAction","target":["https:\/\/www.daisho.be\/de\/produit\/universeller-transportwagen-fuer-tatamis-und-matten\/"]}]},{"@type":"ImageObject","inLanguage":"de","@id":"https:\/\/www.daisho.be\/de\/produit\/universeller-transportwagen-fuer-tatamis-und-matten\/#primaryimage","url":"https:\/\/www.daisho.be\/wp-content\/uploads\/2024\/02\/image-1.png","contentUrl":"https:\/\/www.daisho.be\/wp-content\/uploads\/2024\/02\/image-1.png","width":1039,"height":423,"caption":"Universal-Transportwagen f\u00fcr Tatamis und Matten-1"},{"@type":"BreadcrumbList","@id":"https:\/\/www.daisho.be\/de\/produit\/universeller-transportwagen-fuer-tatamis-und-matten\/#breadcrumb","itemListElement":[{"@type":"ListItem","position":1,"name":"Accueil","item":"https:\/\/www.daisho.be\/de\/"},{"@type":"ListItem","position":2,"name":"Produkte","item":"https:\/\/www.daisho.be\/de\/produkte\/"},{"@type":"ListItem","position":3,"name":"Ausr\u00fcstung und Kleidung f\u00fcr Kampfkunst und Kampfsport","item":"https:\/\/www.daisho.be\/de\/categorie-produit\/ausrustung-und-kleidung-fur-kampfkunst-und-kampfsport\/"},{"@type":"ListItem","position":4,"name":"Judo","item":"https:\/\/www.daisho.be\/de\/categorie-produit\/ausrustung-und-kleidung-fur-kampfkunst-und-kampfsport\/judo-de-2\/"},{"@type":"ListItem","position":5,"name":"Judo Tatamis","item":"https:\/\/www.daisho.be\/de\/categorie-produit\/ausrustung-und-kleidung-fur-kampfkunst-und-kampfsport\/judo-de-2\/judo-tatamis\/"},{"@type":"ListItem","position":6,"name":"Universeller Transportwagen f\u00fcr Tatamis und Matten"}]},{"@type":"WebSite","@id":"https:\/\/www.daisho.be\/de\/#website","url":"https:\/\/www.daisho.be\/de\/","name":"Daisho","description":"Sp&eacute;cialiste de l'&eacute;quipement sportif d'arts martiaux","publisher":{"@id":"https:\/\/www.daisho.be\/de\/#organization"},"potentialAction":[{"@type":"SearchAction","target":{"@type":"EntryPoint","urlTemplate":"https:\/\/www.daisho.be\/de\/?s={search_term_string}"},"query-input":{"@type":"PropertyValueSpecification","valueRequired":true,"valueName":"search_term_string"}}],"inLanguage":"de"},{"@type":"Organization","@id":"https:\/\/www.daisho.be\/de\/#organization","name":"Daisho","url":"https:\/\/www.daisho.be\/de\/","logo":{"@type":"ImageObject","inLanguage":"de","@id":"https:\/\/www.daisho.be\/de\/#\/schema\/logo\/image\/","url":"https:\/\/www.daisho.be\/wp-content\/uploads\/2019\/07\/color-nothing-horizontale4x-e1564486100247.png","contentUrl":"https:\/\/www.daisho.be\/wp-content\/uploads\/2019\/07\/color-nothing-horizontale4x-e1564486100247.png","width":1547,"height":385,"caption":"Daisho"},"image":{"@id":"https:\/\/www.daisho.be\/de\/#\/schema\/logo\/image\/"}}]}},"_links":{"self":[{"href":"https:\/\/www.daisho.be\/de\/wp-json\/wp\/v2\/product\/452939","targetHints":{"allow":["GET"]}}],"collection":[{"href":"https:\/\/www.daisho.be\/de\/wp-json\/wp\/v2\/product"}],"about":[{"href":"https:\/\/www.daisho.be\/de\/wp-json\/wp\/v2\/types\/product"}],"replies":[{"embeddable":true,"href":"https:\/\/www.daisho.be\/de\/wp-json\/wp\/v2\/comments?post=452939"}],"wp:featuredmedia":[{"embeddable":true,"href":"https:\/\/www.daisho.be\/de\/wp-json\/wp\/v2\/media\/452940"}],"wp:attachment":[{"href":"https:\/\/www.daisho.be\/de\/wp-json\/wp\/v2\/media?parent=452939"}],"wp:term":[{"taxonomy":"product_brand","embeddable":true,"href":"https:\/\/www.daisho.be\/de\/wp-json\/wp\/v2\/product_brand?post=452939"},{"taxonomy":"product_cat","embeddable":true,"href":"https:\/\/www.daisho.be\/de\/wp-json\/wp\/v2\/product_cat?post=452939"},{"taxonomy":"product_tag","embeddable":true,"href":"https:\/\/www.daisho.be\/de\/wp-json\/wp\/v2\/product_tag?post=452939"},{"taxonomy":"sport","embeddable":true,"href":"https:\/\/www.daisho.be\/de\/wp-json\/wp\/v2\/sport?post=452939"}],"curies":[{"name":"wp","href":"https:\/\/api.w.org\/{rel}","templated":true}]}}