{"id":452923,"date":"2020-12-01T22:52:49","date_gmt":"2020-12-01T21:52:49","guid":{"rendered":"https:\/\/www.daisho.be\/produit\/karategi-adidas-k0-adizero\/"},"modified":"2026-01-23T14:59:52","modified_gmt":"2026-01-23T13:59:52","slug":"karategi-adidas-k0-adizero","status":"publish","type":"product","link":"https:\/\/www.daisho.be\/de\/produit\/karategi-adidas-k0-adizero\/","title":{"rendered":"KARATEGI ADIDAS K0 ADIZERO"},"content":{"rendered":"<p>Karategi ADIZERO: Pure Leistung<\/p>\n<p>Der ADIZERO Karategi wurde f\u00fcr erfahrene Kumite-Wettk\u00e4mpfer entwickelt und ist eine Ausr\u00fcstung auf h\u00f6chstem Niveau, die die Leistungsgrenzen verschiebt.<\/p>\n<p>&#8211; Leicht und leistungsstark: Hergestellt aus ultraleichtem 100% Polyestergewebe (110 g\/m2), bietet dieser Kimono eine au\u00dfergew\u00f6hnliche Bewegungsfreiheit, ideal f\u00fcr schnelle und pr\u00e4zise Techniken im Kumite. Die Light Flex Technologie sorgt f\u00fcr schnelles Trocknen und hohe Flexibilit\u00e4t. <\/p>\n<p>&#8211; Optimaler Komfort: Die Hose mit Faltenbalg und der eng anliegende Kimonoschnitt sorgen f\u00fcr optimalen Komfort w\u00e4hrend der Anstrengung.<\/p>\n<p>&#8211; Gepflegtes Design: Das Adidas-Logo ist auf der Brust und dem R\u00fccken der Jacke eingestickt, w\u00e4hrend das eingewebte WKF-Patch die Zulassung f\u00fcr offizielle Wettk\u00e4mpfe belegt.<\/p>\n<p>&#8211; Schnelligkeit und Pr\u00e4zision: Dieser Kimono wurde speziell entwickelt, um die Geschwindigkeit und Pr\u00e4zision Ihrer Bewegungen zu verbessern, so dass Sie auf der Tatami Ihr Bestes geben k\u00f6nnen.<\/p>\n<p>Zusammenfassend l\u00e4sst sich sagen, dass der ADIZERO die ideale Wahl f\u00fcr anspruchsvolle Karatekas ist, die nach einer hochwertigen Wettkampfausr\u00fcstung suchen.<\/p>\n<p>Sein geringes Gewicht, seine Haltbarkeit und sein Design machen ihn zu einem Muss f\u00fcr Kumite-Sportler.<\/p>\n<p>Schl\u00fcsselmerkmale :<\/p>\n<p>&#8211; Material: 100% Polyester Light Flex<\/p>\n<p>&#8211; Gewicht: Ultraleicht (110 g\/m2)<\/p>\n<p>&#8211; Zulassung: WKF<\/p>\n<p>&#8211; Schnitt: Angepasst<\/p>\n<p>&#8211; Hose: Mit Faltenbalg<\/p>\n<p>Dieser Karategi bietet Kumite-Praktizierenden den leichtesten Anzug seiner Klasse f\u00fcr Training und Turniere.<\/p>\n","protected":false},"excerpt":{"rendered":"<p>Karategi ADIZERO: Pure Leistung Der ADIZERO Karategi wurde f\u00fcr erfahrene Kumite-Wettk\u00e4mpfer entwickelt und ist eine Ausr\u00fcstung auf h\u00f6chstem Niveau, die die Leistungsgrenzen verschiebt. &#8211; Leicht und leistungsstark: Hergestellt aus ultraleichtem 100% Polyestergewebe (110 g\/m2), bietet dieser Kimono eine au\u00dfergew\u00f6hnliche Bewegungsfreiheit, ideal f\u00fcr schnelle und pr\u00e4zise Techniken im Kumite. Die Light Flex Technologie sorgt f\u00fcr schnelles [&hellip;]<\/p>\n","protected":false},"featured_media":452924,"comment_status":"closed","ping_status":"closed","template":"","meta":{"inline_featured_image":false},"product_brand":[],"product_cat":[2124,2008,2184,2118],"product_tag":[2178],"sport":[],"class_list":{"0":"post-452923","1":"product","2":"type-product","3":"status-publish","4":"has-post-thumbnail","6":"product_cat-herzstucke","7":"product_cat-karate-kimonos-de","8":"product_cat-kimono-karategi-adidas-de","9":"product_cat-kleidung-kimonos","10":"product_tag-adidas-de","11":"pa_size-380","12":"pa_size-388","13":"pa_size-379","14":"pa_size-387","15":"pa_size-378","16":"pa_size-386","17":"pa_size-377","18":"pa_size-385","19":"pa_size-376","20":"pa_size-384","21":"pa_size-383","22":"pa_size-382","24":"first","25":"instock","26":"taxable","27":"shipping-taxable","28":"purchasable","29":"product-type-variable"},"yoast_head":"<!-- This site is optimized with the Yoast SEO plugin v27.2 - https:\/\/yoast.com\/product\/yoast-seo-wordpress\/ -->\n<title>KARATEGI ADIDAS K0 ADIZERO &#8211; Daisho<\/title>\n<meta name=\"description\" content=\"Karategi Adidas K0 Adizero: Hervorragende Leistung im Karate. Entdecken Sie das geringe Gewicht und die un\u00fcbertroffene Qualit\u00e4t. W\u00e4hlen Sie die Elite f\u00fcr Ihr Training!\" \/>\n<meta name=\"robots\" content=\"index, follow, max-snippet:-1, max-image-preview:large, max-video-preview:-1\" \/>\n<link rel=\"canonical\" href=\"https:\/\/www.daisho.be\/de\/produit\/karategi-adidas-k0-adizero\/\" \/>\n<meta property=\"og:locale\" content=\"de_DE\" \/>\n<meta property=\"og:type\" content=\"article\" \/>\n<meta property=\"og:title\" content=\"KARATEGI ADIDAS K0 ADIZERO &#8211; Daisho\" \/>\n<meta property=\"og:description\" content=\"Karategi Adidas K0 Adizero: Hervorragende Leistung im Karate. Entdecken Sie das geringe Gewicht und die un\u00fcbertroffene Qualit\u00e4t. W\u00e4hlen Sie die Elite f\u00fcr Ihr Training!\" \/>\n<meta property=\"og:url\" content=\"https:\/\/www.daisho.be\/de\/produit\/karategi-adidas-k0-adizero\/\" \/>\n<meta property=\"og:site_name\" content=\"Daisho\" \/>\n<meta property=\"article:modified_time\" content=\"2026-01-23T13:59:52+00:00\" \/>\n<meta property=\"og:image\" content=\"https:\/\/www.daisho.be\/wp-content\/uploads\/2024\/09\/image-56.png\" \/>\n\t<meta property=\"og:image:width\" content=\"454\" \/>\n\t<meta property=\"og:image:height\" content=\"690\" \/>\n\t<meta property=\"og:image:type\" content=\"image\/png\" \/>\n<meta name=\"twitter:card\" content=\"summary_large_image\" \/>\n<meta name=\"twitter:label1\" content=\"Gesch\u00e4tzte Lesezeit\" \/>\n\t<meta name=\"twitter:data1\" content=\"1\u00a0Minute\" \/>\n<script type=\"application\/ld+json\" class=\"yoast-schema-graph\">{\"@context\":\"https:\/\/schema.org\",\"@graph\":[{\"@type\":\"WebPage\",\"@id\":\"https:\/\/www.daisho.be\/de\/produit\/karategi-adidas-k0-adizero\/\",\"url\":\"https:\/\/www.daisho.be\/de\/produit\/karategi-adidas-k0-adizero\/\",\"name\":\"KARATEGI ADIDAS K0 ADIZERO &#8211; Daisho\",\"isPartOf\":{\"@id\":\"https:\/\/www.daisho.be\/de\/#website\"},\"primaryImageOfPage\":{\"@id\":\"https:\/\/www.daisho.be\/de\/produit\/karategi-adidas-k0-adizero\/#primaryimage\"},\"image\":{\"@id\":\"https:\/\/www.daisho.be\/de\/produit\/karategi-adidas-k0-adizero\/#primaryimage\"},\"thumbnailUrl\":\"https:\/\/www.daisho.be\/wp-content\/uploads\/2024\/09\/image-56.png\",\"datePublished\":\"2020-12-01T21:52:49+00:00\",\"dateModified\":\"2026-01-23T13:59:52+00:00\",\"description\":\"Karategi Adidas K0 Adizero: Hervorragende Leistung im Karate. Entdecken Sie das geringe Gewicht und die un\u00fcbertroffene Qualit\u00e4t. W\u00e4hlen Sie die Elite f\u00fcr Ihr Training!\",\"breadcrumb\":{\"@id\":\"https:\/\/www.daisho.be\/de\/produit\/karategi-adidas-k0-adizero\/#breadcrumb\"},\"inLanguage\":\"de\",\"potentialAction\":[{\"@type\":\"ReadAction\",\"target\":[\"https:\/\/www.daisho.be\/de\/produit\/karategi-adidas-k0-adizero\/\"]}]},{\"@type\":\"ImageObject\",\"inLanguage\":\"de\",\"@id\":\"https:\/\/www.daisho.be\/de\/produit\/karategi-adidas-k0-adizero\/#primaryimage\",\"url\":\"https:\/\/www.daisho.be\/wp-content\/uploads\/2024\/09\/image-56.png\",\"contentUrl\":\"https:\/\/www.daisho.be\/wp-content\/uploads\/2024\/09\/image-56.png\",\"width\":454,\"height\":690,\"caption\":\"KARATEGI ADIDAS K0 ADIZERO-1\"},{\"@type\":\"BreadcrumbList\",\"@id\":\"https:\/\/www.daisho.be\/de\/produit\/karategi-adidas-k0-adizero\/#breadcrumb\",\"itemListElement\":[{\"@type\":\"ListItem\",\"position\":1,\"name\":\"Accueil\",\"item\":\"https:\/\/www.daisho.be\/de\/\"},{\"@type\":\"ListItem\",\"position\":2,\"name\":\"Produkte\",\"item\":\"https:\/\/www.daisho.be\/de\/produkte\/\"},{\"@type\":\"ListItem\",\"position\":3,\"name\":\"Ausr\u00fcstung und Kleidung f\u00fcr Kampfkunst und Kampfsport\",\"item\":\"https:\/\/www.daisho.be\/de\/categorie-produit\/ausrustung-und-kleidung-fur-kampfkunst-und-kampfsport\/\"},{\"@type\":\"ListItem\",\"position\":4,\"name\":\"Karate\",\"item\":\"https:\/\/www.daisho.be\/de\/categorie-produit\/ausrustung-und-kleidung-fur-kampfkunst-und-kampfsport\/karate-de-2\/\"},{\"@type\":\"ListItem\",\"position\":5,\"name\":\"Karate-Kimonos\",\"item\":\"https:\/\/www.daisho.be\/de\/categorie-produit\/ausrustung-und-kleidung-fur-kampfkunst-und-kampfsport\/karate-de-2\/karate-kimonos-de\/\"},{\"@type\":\"ListItem\",\"position\":6,\"name\":\"KARATEGI ADIDAS K0 ADIZERO\"}]},{\"@type\":\"WebSite\",\"@id\":\"https:\/\/www.daisho.be\/de\/#website\",\"url\":\"https:\/\/www.daisho.be\/de\/\",\"name\":\"Daisho\",\"description\":\"Sp&eacute;cialiste de l'&eacute;quipement sportif d'arts martiaux\",\"publisher\":{\"@id\":\"https:\/\/www.daisho.be\/de\/#organization\"},\"potentialAction\":[{\"@type\":\"SearchAction\",\"target\":{\"@type\":\"EntryPoint\",\"urlTemplate\":\"https:\/\/www.daisho.be\/de\/?s={search_term_string}\"},\"query-input\":{\"@type\":\"PropertyValueSpecification\",\"valueRequired\":true,\"valueName\":\"search_term_string\"}}],\"inLanguage\":\"de\"},{\"@type\":\"Organization\",\"@id\":\"https:\/\/www.daisho.be\/de\/#organization\",\"name\":\"Daisho\",\"url\":\"https:\/\/www.daisho.be\/de\/\",\"logo\":{\"@type\":\"ImageObject\",\"inLanguage\":\"de\",\"@id\":\"https:\/\/www.daisho.be\/de\/#\/schema\/logo\/image\/\",\"url\":\"https:\/\/www.daisho.be\/wp-content\/uploads\/2019\/07\/color-nothing-horizontale4x-e1564486100247.png\",\"contentUrl\":\"https:\/\/www.daisho.be\/wp-content\/uploads\/2019\/07\/color-nothing-horizontale4x-e1564486100247.png\",\"width\":1547,\"height\":385,\"caption\":\"Daisho\"},\"image\":{\"@id\":\"https:\/\/www.daisho.be\/de\/#\/schema\/logo\/image\/\"}}]}<\/script>\n<!-- \/ Yoast SEO plugin. -->","yoast_head_json":{"title":"KARATEGI ADIDAS K0 ADIZERO &#8211; Daisho","description":"Karategi Adidas K0 Adizero: Hervorragende Leistung im Karate. Entdecken Sie das geringe Gewicht und die un\u00fcbertroffene Qualit\u00e4t. W\u00e4hlen Sie die Elite f\u00fcr Ihr Training!","robots":{"index":"index","follow":"follow","max-snippet":"max-snippet:-1","max-image-preview":"max-image-preview:large","max-video-preview":"max-video-preview:-1"},"canonical":"https:\/\/www.daisho.be\/de\/produit\/karategi-adidas-k0-adizero\/","og_locale":"de_DE","og_type":"article","og_title":"KARATEGI ADIDAS K0 ADIZERO &#8211; Daisho","og_description":"Karategi Adidas K0 Adizero: Hervorragende Leistung im Karate. Entdecken Sie das geringe Gewicht und die un\u00fcbertroffene Qualit\u00e4t. W\u00e4hlen Sie die Elite f\u00fcr Ihr Training!","og_url":"https:\/\/www.daisho.be\/de\/produit\/karategi-adidas-k0-adizero\/","og_site_name":"Daisho","article_modified_time":"2026-01-23T13:59:52+00:00","og_image":[{"width":454,"height":690,"url":"https:\/\/www.daisho.be\/wp-content\/uploads\/2024\/09\/image-56.png","type":"image\/png"}],"twitter_card":"summary_large_image","twitter_misc":{"Gesch\u00e4tzte Lesezeit":"1\u00a0Minute"},"schema":{"@context":"https:\/\/schema.org","@graph":[{"@type":"WebPage","@id":"https:\/\/www.daisho.be\/de\/produit\/karategi-adidas-k0-adizero\/","url":"https:\/\/www.daisho.be\/de\/produit\/karategi-adidas-k0-adizero\/","name":"KARATEGI ADIDAS K0 ADIZERO &#8211; Daisho","isPartOf":{"@id":"https:\/\/www.daisho.be\/de\/#website"},"primaryImageOfPage":{"@id":"https:\/\/www.daisho.be\/de\/produit\/karategi-adidas-k0-adizero\/#primaryimage"},"image":{"@id":"https:\/\/www.daisho.be\/de\/produit\/karategi-adidas-k0-adizero\/#primaryimage"},"thumbnailUrl":"https:\/\/www.daisho.be\/wp-content\/uploads\/2024\/09\/image-56.png","datePublished":"2020-12-01T21:52:49+00:00","dateModified":"2026-01-23T13:59:52+00:00","description":"Karategi Adidas K0 Adizero: Hervorragende Leistung im Karate. Entdecken Sie das geringe Gewicht und die un\u00fcbertroffene Qualit\u00e4t. W\u00e4hlen Sie die Elite f\u00fcr Ihr Training!","breadcrumb":{"@id":"https:\/\/www.daisho.be\/de\/produit\/karategi-adidas-k0-adizero\/#breadcrumb"},"inLanguage":"de","potentialAction":[{"@type":"ReadAction","target":["https:\/\/www.daisho.be\/de\/produit\/karategi-adidas-k0-adizero\/"]}]},{"@type":"ImageObject","inLanguage":"de","@id":"https:\/\/www.daisho.be\/de\/produit\/karategi-adidas-k0-adizero\/#primaryimage","url":"https:\/\/www.daisho.be\/wp-content\/uploads\/2024\/09\/image-56.png","contentUrl":"https:\/\/www.daisho.be\/wp-content\/uploads\/2024\/09\/image-56.png","width":454,"height":690,"caption":"KARATEGI ADIDAS K0 ADIZERO-1"},{"@type":"BreadcrumbList","@id":"https:\/\/www.daisho.be\/de\/produit\/karategi-adidas-k0-adizero\/#breadcrumb","itemListElement":[{"@type":"ListItem","position":1,"name":"Accueil","item":"https:\/\/www.daisho.be\/de\/"},{"@type":"ListItem","position":2,"name":"Produkte","item":"https:\/\/www.daisho.be\/de\/produkte\/"},{"@type":"ListItem","position":3,"name":"Ausr\u00fcstung und Kleidung f\u00fcr Kampfkunst und Kampfsport","item":"https:\/\/www.daisho.be\/de\/categorie-produit\/ausrustung-und-kleidung-fur-kampfkunst-und-kampfsport\/"},{"@type":"ListItem","position":4,"name":"Karate","item":"https:\/\/www.daisho.be\/de\/categorie-produit\/ausrustung-und-kleidung-fur-kampfkunst-und-kampfsport\/karate-de-2\/"},{"@type":"ListItem","position":5,"name":"Karate-Kimonos","item":"https:\/\/www.daisho.be\/de\/categorie-produit\/ausrustung-und-kleidung-fur-kampfkunst-und-kampfsport\/karate-de-2\/karate-kimonos-de\/"},{"@type":"ListItem","position":6,"name":"KARATEGI ADIDAS K0 ADIZERO"}]},{"@type":"WebSite","@id":"https:\/\/www.daisho.be\/de\/#website","url":"https:\/\/www.daisho.be\/de\/","name":"Daisho","description":"Sp&eacute;cialiste de l'&eacute;quipement sportif d'arts martiaux","publisher":{"@id":"https:\/\/www.daisho.be\/de\/#organization"},"potentialAction":[{"@type":"SearchAction","target":{"@type":"EntryPoint","urlTemplate":"https:\/\/www.daisho.be\/de\/?s={search_term_string}"},"query-input":{"@type":"PropertyValueSpecification","valueRequired":true,"valueName":"search_term_string"}}],"inLanguage":"de"},{"@type":"Organization","@id":"https:\/\/www.daisho.be\/de\/#organization","name":"Daisho","url":"https:\/\/www.daisho.be\/de\/","logo":{"@type":"ImageObject","inLanguage":"de","@id":"https:\/\/www.daisho.be\/de\/#\/schema\/logo\/image\/","url":"https:\/\/www.daisho.be\/wp-content\/uploads\/2019\/07\/color-nothing-horizontale4x-e1564486100247.png","contentUrl":"https:\/\/www.daisho.be\/wp-content\/uploads\/2019\/07\/color-nothing-horizontale4x-e1564486100247.png","width":1547,"height":385,"caption":"Daisho"},"image":{"@id":"https:\/\/www.daisho.be\/de\/#\/schema\/logo\/image\/"}}]}},"_links":{"self":[{"href":"https:\/\/www.daisho.be\/de\/wp-json\/wp\/v2\/product\/452923","targetHints":{"allow":["GET"]}}],"collection":[{"href":"https:\/\/www.daisho.be\/de\/wp-json\/wp\/v2\/product"}],"about":[{"href":"https:\/\/www.daisho.be\/de\/wp-json\/wp\/v2\/types\/product"}],"replies":[{"embeddable":true,"href":"https:\/\/www.daisho.be\/de\/wp-json\/wp\/v2\/comments?post=452923"}],"wp:featuredmedia":[{"embeddable":true,"href":"https:\/\/www.daisho.be\/de\/wp-json\/wp\/v2\/media\/452924"}],"wp:attachment":[{"href":"https:\/\/www.daisho.be\/de\/wp-json\/wp\/v2\/media?parent=452923"}],"wp:term":[{"taxonomy":"product_brand","embeddable":true,"href":"https:\/\/www.daisho.be\/de\/wp-json\/wp\/v2\/product_brand?post=452923"},{"taxonomy":"product_cat","embeddable":true,"href":"https:\/\/www.daisho.be\/de\/wp-json\/wp\/v2\/product_cat?post=452923"},{"taxonomy":"product_tag","embeddable":true,"href":"https:\/\/www.daisho.be\/de\/wp-json\/wp\/v2\/product_tag?post=452923"},{"taxonomy":"sport","embeddable":true,"href":"https:\/\/www.daisho.be\/de\/wp-json\/wp\/v2\/sport?post=452923"}],"curies":[{"name":"wp","href":"https:\/\/api.w.org\/{rel}","templated":true}]}}