{"id":452887,"date":"2020-12-01T22:55:12","date_gmt":"2020-12-01T21:55:12","guid":{"rendered":"https:\/\/www.daisho.be\/produit\/karategi-adidas-k220-club\/"},"modified":"2025-12-24T08:30:09","modified_gmt":"2025-12-24T07:30:09","slug":"karategi-adidas-k220-club","status":"publish","type":"product","link":"https:\/\/www.daisho.be\/de\/produit\/karategi-adidas-k220-club\/","title":{"rendered":"KARATEGI ADIDAS K220 CLUB"},"content":{"rendered":"<p>Der Adidas Karategi CLUB (K200C) ist eine gute Wahl f\u00fcr Karateka, ob Anf\u00e4nger oder Fortgeschrittene.<br \/>\nDieser Kimono ist so konzipiert, dass er ein hervorragendes Preis-Leistungs-Verh\u00e4ltnis bietet und gleichzeitig einen optimalen Tragekomfort bei Ihrem Training gew\u00e4hrleistet.<\/p>\n<p>Hauptmerkmale:<br \/>\nVielseitigkeit: Dieses Karategi ist ideal f\u00fcr regelm\u00e4\u00dfiges Training und eignet sich f\u00fcr verschiedene Niveaus und Stile.<br \/>\nKomfort: Hergestellt aus einer Mischung aus Baumwolle und Polyester (60% Polyester, 40% Baumwolle), bietet es ein angenehmes Gef\u00fchl auf der Haut und eine gute Atmungsaktivit\u00e4t.<br \/>\nHaltbarkeit: Die Verst\u00e4rkungen an strategischen Stellen sorgen f\u00fcr eine hohe Haltbarkeit auch nach h\u00e4ufigem Gebrauch.<br \/>\nWKF-Zulassung: Dieser Karategi ist von der World Karate Federation (WKF) zugelassen, d.h. er entspricht den internationalen Standards und kann bei Wettk\u00e4mpfen getragen werden.<br \/>\nKlassisches Design: Das schlichte und effiziente Design dieses Karategi ist zeitlos und passt zu jedem Geschmack.<\/p>\n<p>Zusammenfassend ist der Adidas Karategi CLUB (K200C) eine ausgewogene Wahl f\u00fcr Karatekas, die eine zuverl\u00e4ssige und erschwingliche Ausr\u00fcstung suchen.<br \/>\nEr kombiniert Komfort, Haltbarkeit und die Einhaltung internationaler Standards.<\/p>\n","protected":false},"excerpt":{"rendered":"<p>Der Adidas Karategi CLUB (K200C) ist eine gute Wahl f\u00fcr Karateka, ob Anf\u00e4nger oder Fortgeschrittene. Dieser Kimono ist so konzipiert, dass er ein hervorragendes Preis-Leistungs-Verh\u00e4ltnis bietet und gleichzeitig einen optimalen Tragekomfort bei Ihrem Training gew\u00e4hrleistet. Hauptmerkmale: Vielseitigkeit: Dieses Karategi ist ideal f\u00fcr regelm\u00e4\u00dfiges Training und eignet sich f\u00fcr verschiedene Niveaus und Stile. Komfort: Hergestellt aus [&hellip;]<\/p>\n","protected":false},"featured_media":452905,"comment_status":"open","ping_status":"closed","template":"","meta":{"inline_featured_image":false},"product_brand":[],"product_cat":[2008,2184,2118],"product_tag":[2178],"sport":[],"class_list":{"0":"post-452887","1":"product","2":"type-product","3":"status-publish","4":"has-post-thumbnail","6":"product_cat-karate-kimonos-de","7":"product_cat-kimono-karategi-adidas-de","8":"product_cat-kleidung-kimonos","9":"product_tag-adidas-de","10":"pa_size-373","11":"pa_size-381","12":"pa_size-380","13":"pa_size-379","14":"pa_size-378","15":"pa_size-377","16":"pa_size-376","17":"pa_size-383","19":"first","20":"instock","21":"taxable","22":"shipping-taxable","23":"purchasable","24":"product-type-variable"},"yoast_head":"<!-- This site is optimized with the Yoast SEO plugin v27.2 - https:\/\/yoast.com\/product\/yoast-seo-wordpress\/ -->\n<title>KARATEGI ADIDAS K220 CLUB &#8211; Daisho<\/title>\n<meta name=\"description\" content=\"Der Karategi K220 Adidas bietet ein ausgezeichnetes Preis-Leistungs-Verh\u00e4ltnis. Es ist f\u00fcr Anf\u00e4nger und Fortgeschrittene geeignet. Kaufen Sie es auf www.daisho.be|Daisho\" \/>\n<meta name=\"robots\" content=\"index, follow, max-snippet:-1, max-image-preview:large, max-video-preview:-1\" \/>\n<link rel=\"canonical\" href=\"https:\/\/www.daisho.be\/de\/produit\/karategi-adidas-k220-club\/\" \/>\n<meta property=\"og:locale\" content=\"de_DE\" \/>\n<meta property=\"og:type\" content=\"article\" \/>\n<meta property=\"og:title\" content=\"KARATEGI ADIDAS K220 CLUB &#8211; Daisho\" \/>\n<meta property=\"og:description\" content=\"Der Karategi K220 Adidas bietet ein ausgezeichnetes Preis-Leistungs-Verh\u00e4ltnis. Es ist f\u00fcr Anf\u00e4nger und Fortgeschrittene geeignet. Kaufen Sie es auf www.daisho.be|Daisho\" \/>\n<meta property=\"og:url\" content=\"https:\/\/www.daisho.be\/de\/produit\/karategi-adidas-k220-club\/\" \/>\n<meta property=\"og:site_name\" content=\"Daisho\" \/>\n<meta property=\"article:modified_time\" content=\"2025-12-24T07:30:09+00:00\" \/>\n<meta property=\"og:image\" content=\"https:\/\/www.daisho.be\/wp-content\/uploads\/2024\/09\/image-52.png\" \/>\n\t<meta property=\"og:image:width\" content=\"500\" \/>\n\t<meta property=\"og:image:height\" content=\"709\" \/>\n\t<meta property=\"og:image:type\" content=\"image\/png\" \/>\n<meta name=\"twitter:card\" content=\"summary_large_image\" \/>\n<meta name=\"twitter:label1\" content=\"Gesch\u00e4tzte Lesezeit\" \/>\n\t<meta name=\"twitter:data1\" content=\"1\u00a0Minute\" \/>\n<script type=\"application\/ld+json\" class=\"yoast-schema-graph\">{\"@context\":\"https:\/\/schema.org\",\"@graph\":[{\"@type\":\"WebPage\",\"@id\":\"https:\/\/www.daisho.be\/de\/produit\/karategi-adidas-k220-club\/\",\"url\":\"https:\/\/www.daisho.be\/de\/produit\/karategi-adidas-k220-club\/\",\"name\":\"KARATEGI ADIDAS K220 CLUB &#8211; Daisho\",\"isPartOf\":{\"@id\":\"https:\/\/www.daisho.be\/de\/#website\"},\"primaryImageOfPage\":{\"@id\":\"https:\/\/www.daisho.be\/de\/produit\/karategi-adidas-k220-club\/#primaryimage\"},\"image\":{\"@id\":\"https:\/\/www.daisho.be\/de\/produit\/karategi-adidas-k220-club\/#primaryimage\"},\"thumbnailUrl\":\"https:\/\/www.daisho.be\/wp-content\/uploads\/2024\/09\/image-52.png\",\"datePublished\":\"2020-12-01T21:55:12+00:00\",\"dateModified\":\"2025-12-24T07:30:09+00:00\",\"description\":\"Der Karategi K220 Adidas bietet ein ausgezeichnetes Preis-Leistungs-Verh\u00e4ltnis. Es ist f\u00fcr Anf\u00e4nger und Fortgeschrittene geeignet. Kaufen Sie es auf www.daisho.be|Daisho\",\"breadcrumb\":{\"@id\":\"https:\/\/www.daisho.be\/de\/produit\/karategi-adidas-k220-club\/#breadcrumb\"},\"inLanguage\":\"de\",\"potentialAction\":[{\"@type\":\"ReadAction\",\"target\":[\"https:\/\/www.daisho.be\/de\/produit\/karategi-adidas-k220-club\/\"]}]},{\"@type\":\"ImageObject\",\"inLanguage\":\"de\",\"@id\":\"https:\/\/www.daisho.be\/de\/produit\/karategi-adidas-k220-club\/#primaryimage\",\"url\":\"https:\/\/www.daisho.be\/wp-content\/uploads\/2024\/09\/image-52.png\",\"contentUrl\":\"https:\/\/www.daisho.be\/wp-content\/uploads\/2024\/09\/image-52.png\",\"width\":500,\"height\":709,\"caption\":\"KARATEGI ADIDAS K220 CLUB-1\"},{\"@type\":\"BreadcrumbList\",\"@id\":\"https:\/\/www.daisho.be\/de\/produit\/karategi-adidas-k220-club\/#breadcrumb\",\"itemListElement\":[{\"@type\":\"ListItem\",\"position\":1,\"name\":\"Accueil\",\"item\":\"https:\/\/www.daisho.be\/de\/\"},{\"@type\":\"ListItem\",\"position\":2,\"name\":\"Produkte\",\"item\":\"https:\/\/www.daisho.be\/de\/produkte\/\"},{\"@type\":\"ListItem\",\"position\":3,\"name\":\"Ausr\u00fcstung und Kleidung f\u00fcr Kampfkunst und Kampfsport\",\"item\":\"https:\/\/www.daisho.be\/de\/categorie-produit\/ausrustung-und-kleidung-fur-kampfkunst-und-kampfsport\/\"},{\"@type\":\"ListItem\",\"position\":4,\"name\":\"Karate\",\"item\":\"https:\/\/www.daisho.be\/de\/categorie-produit\/ausrustung-und-kleidung-fur-kampfkunst-und-kampfsport\/karate-de-2\/\"},{\"@type\":\"ListItem\",\"position\":5,\"name\":\"Karate-Kimonos\",\"item\":\"https:\/\/www.daisho.be\/de\/categorie-produit\/ausrustung-und-kleidung-fur-kampfkunst-und-kampfsport\/karate-de-2\/karate-kimonos-de\/\"},{\"@type\":\"ListItem\",\"position\":6,\"name\":\"KARATEGI ADIDAS K220 CLUB\"}]},{\"@type\":\"WebSite\",\"@id\":\"https:\/\/www.daisho.be\/de\/#website\",\"url\":\"https:\/\/www.daisho.be\/de\/\",\"name\":\"Daisho\",\"description\":\"Sp&eacute;cialiste de l'&eacute;quipement sportif d'arts martiaux\",\"publisher\":{\"@id\":\"https:\/\/www.daisho.be\/de\/#organization\"},\"potentialAction\":[{\"@type\":\"SearchAction\",\"target\":{\"@type\":\"EntryPoint\",\"urlTemplate\":\"https:\/\/www.daisho.be\/de\/?s={search_term_string}\"},\"query-input\":{\"@type\":\"PropertyValueSpecification\",\"valueRequired\":true,\"valueName\":\"search_term_string\"}}],\"inLanguage\":\"de\"},{\"@type\":\"Organization\",\"@id\":\"https:\/\/www.daisho.be\/de\/#organization\",\"name\":\"Daisho\",\"url\":\"https:\/\/www.daisho.be\/de\/\",\"logo\":{\"@type\":\"ImageObject\",\"inLanguage\":\"de\",\"@id\":\"https:\/\/www.daisho.be\/de\/#\/schema\/logo\/image\/\",\"url\":\"https:\/\/www.daisho.be\/wp-content\/uploads\/2019\/07\/color-nothing-horizontale4x-e1564486100247.png\",\"contentUrl\":\"https:\/\/www.daisho.be\/wp-content\/uploads\/2019\/07\/color-nothing-horizontale4x-e1564486100247.png\",\"width\":1547,\"height\":385,\"caption\":\"Daisho\"},\"image\":{\"@id\":\"https:\/\/www.daisho.be\/de\/#\/schema\/logo\/image\/\"}}]}<\/script>\n<!-- \/ Yoast SEO plugin. -->","yoast_head_json":{"title":"KARATEGI ADIDAS K220 CLUB &#8211; Daisho","description":"Der Karategi K220 Adidas bietet ein ausgezeichnetes Preis-Leistungs-Verh\u00e4ltnis. Es ist f\u00fcr Anf\u00e4nger und Fortgeschrittene geeignet. Kaufen Sie es auf www.daisho.be|Daisho","robots":{"index":"index","follow":"follow","max-snippet":"max-snippet:-1","max-image-preview":"max-image-preview:large","max-video-preview":"max-video-preview:-1"},"canonical":"https:\/\/www.daisho.be\/de\/produit\/karategi-adidas-k220-club\/","og_locale":"de_DE","og_type":"article","og_title":"KARATEGI ADIDAS K220 CLUB &#8211; Daisho","og_description":"Der Karategi K220 Adidas bietet ein ausgezeichnetes Preis-Leistungs-Verh\u00e4ltnis. Es ist f\u00fcr Anf\u00e4nger und Fortgeschrittene geeignet. Kaufen Sie es auf www.daisho.be|Daisho","og_url":"https:\/\/www.daisho.be\/de\/produit\/karategi-adidas-k220-club\/","og_site_name":"Daisho","article_modified_time":"2025-12-24T07:30:09+00:00","og_image":[{"width":500,"height":709,"url":"https:\/\/www.daisho.be\/wp-content\/uploads\/2024\/09\/image-52.png","type":"image\/png"}],"twitter_card":"summary_large_image","twitter_misc":{"Gesch\u00e4tzte Lesezeit":"1\u00a0Minute"},"schema":{"@context":"https:\/\/schema.org","@graph":[{"@type":"WebPage","@id":"https:\/\/www.daisho.be\/de\/produit\/karategi-adidas-k220-club\/","url":"https:\/\/www.daisho.be\/de\/produit\/karategi-adidas-k220-club\/","name":"KARATEGI ADIDAS K220 CLUB &#8211; Daisho","isPartOf":{"@id":"https:\/\/www.daisho.be\/de\/#website"},"primaryImageOfPage":{"@id":"https:\/\/www.daisho.be\/de\/produit\/karategi-adidas-k220-club\/#primaryimage"},"image":{"@id":"https:\/\/www.daisho.be\/de\/produit\/karategi-adidas-k220-club\/#primaryimage"},"thumbnailUrl":"https:\/\/www.daisho.be\/wp-content\/uploads\/2024\/09\/image-52.png","datePublished":"2020-12-01T21:55:12+00:00","dateModified":"2025-12-24T07:30:09+00:00","description":"Der Karategi K220 Adidas bietet ein ausgezeichnetes Preis-Leistungs-Verh\u00e4ltnis. Es ist f\u00fcr Anf\u00e4nger und Fortgeschrittene geeignet. Kaufen Sie es auf www.daisho.be|Daisho","breadcrumb":{"@id":"https:\/\/www.daisho.be\/de\/produit\/karategi-adidas-k220-club\/#breadcrumb"},"inLanguage":"de","potentialAction":[{"@type":"ReadAction","target":["https:\/\/www.daisho.be\/de\/produit\/karategi-adidas-k220-club\/"]}]},{"@type":"ImageObject","inLanguage":"de","@id":"https:\/\/www.daisho.be\/de\/produit\/karategi-adidas-k220-club\/#primaryimage","url":"https:\/\/www.daisho.be\/wp-content\/uploads\/2024\/09\/image-52.png","contentUrl":"https:\/\/www.daisho.be\/wp-content\/uploads\/2024\/09\/image-52.png","width":500,"height":709,"caption":"KARATEGI ADIDAS K220 CLUB-1"},{"@type":"BreadcrumbList","@id":"https:\/\/www.daisho.be\/de\/produit\/karategi-adidas-k220-club\/#breadcrumb","itemListElement":[{"@type":"ListItem","position":1,"name":"Accueil","item":"https:\/\/www.daisho.be\/de\/"},{"@type":"ListItem","position":2,"name":"Produkte","item":"https:\/\/www.daisho.be\/de\/produkte\/"},{"@type":"ListItem","position":3,"name":"Ausr\u00fcstung und Kleidung f\u00fcr Kampfkunst und Kampfsport","item":"https:\/\/www.daisho.be\/de\/categorie-produit\/ausrustung-und-kleidung-fur-kampfkunst-und-kampfsport\/"},{"@type":"ListItem","position":4,"name":"Karate","item":"https:\/\/www.daisho.be\/de\/categorie-produit\/ausrustung-und-kleidung-fur-kampfkunst-und-kampfsport\/karate-de-2\/"},{"@type":"ListItem","position":5,"name":"Karate-Kimonos","item":"https:\/\/www.daisho.be\/de\/categorie-produit\/ausrustung-und-kleidung-fur-kampfkunst-und-kampfsport\/karate-de-2\/karate-kimonos-de\/"},{"@type":"ListItem","position":6,"name":"KARATEGI ADIDAS K220 CLUB"}]},{"@type":"WebSite","@id":"https:\/\/www.daisho.be\/de\/#website","url":"https:\/\/www.daisho.be\/de\/","name":"Daisho","description":"Sp&eacute;cialiste de l'&eacute;quipement sportif d'arts martiaux","publisher":{"@id":"https:\/\/www.daisho.be\/de\/#organization"},"potentialAction":[{"@type":"SearchAction","target":{"@type":"EntryPoint","urlTemplate":"https:\/\/www.daisho.be\/de\/?s={search_term_string}"},"query-input":{"@type":"PropertyValueSpecification","valueRequired":true,"valueName":"search_term_string"}}],"inLanguage":"de"},{"@type":"Organization","@id":"https:\/\/www.daisho.be\/de\/#organization","name":"Daisho","url":"https:\/\/www.daisho.be\/de\/","logo":{"@type":"ImageObject","inLanguage":"de","@id":"https:\/\/www.daisho.be\/de\/#\/schema\/logo\/image\/","url":"https:\/\/www.daisho.be\/wp-content\/uploads\/2019\/07\/color-nothing-horizontale4x-e1564486100247.png","contentUrl":"https:\/\/www.daisho.be\/wp-content\/uploads\/2019\/07\/color-nothing-horizontale4x-e1564486100247.png","width":1547,"height":385,"caption":"Daisho"},"image":{"@id":"https:\/\/www.daisho.be\/de\/#\/schema\/logo\/image\/"}}]}},"_links":{"self":[{"href":"https:\/\/www.daisho.be\/de\/wp-json\/wp\/v2\/product\/452887","targetHints":{"allow":["GET"]}}],"collection":[{"href":"https:\/\/www.daisho.be\/de\/wp-json\/wp\/v2\/product"}],"about":[{"href":"https:\/\/www.daisho.be\/de\/wp-json\/wp\/v2\/types\/product"}],"replies":[{"embeddable":true,"href":"https:\/\/www.daisho.be\/de\/wp-json\/wp\/v2\/comments?post=452887"}],"wp:featuredmedia":[{"embeddable":true,"href":"https:\/\/www.daisho.be\/de\/wp-json\/wp\/v2\/media\/452905"}],"wp:attachment":[{"href":"https:\/\/www.daisho.be\/de\/wp-json\/wp\/v2\/media?parent=452887"}],"wp:term":[{"taxonomy":"product_brand","embeddable":true,"href":"https:\/\/www.daisho.be\/de\/wp-json\/wp\/v2\/product_brand?post=452887"},{"taxonomy":"product_cat","embeddable":true,"href":"https:\/\/www.daisho.be\/de\/wp-json\/wp\/v2\/product_cat?post=452887"},{"taxonomy":"product_tag","embeddable":true,"href":"https:\/\/www.daisho.be\/de\/wp-json\/wp\/v2\/product_tag?post=452887"},{"taxonomy":"sport","embeddable":true,"href":"https:\/\/www.daisho.be\/de\/wp-json\/wp\/v2\/sport?post=452887"}],"curies":[{"name":"wp","href":"https:\/\/api.w.org\/{rel}","templated":true}]}}