{"id":452886,"date":"2020-12-01T22:53:32","date_gmt":"2020-12-01T21:53:32","guid":{"rendered":"https:\/\/www.daisho.be\/produit\/karategi-adidas-k190sk-revoflex\/"},"modified":"2025-10-09T13:55:46","modified_gmt":"2025-10-09T11:55:46","slug":"karategi-adidas-k190sk-revoflex","status":"publish","type":"product","link":"https:\/\/www.daisho.be\/de\/produit\/karategi-adidas-k190sk-revoflex\/","title":{"rendered":"KARATEGI ADIDAS K190SK REVOFLEX"},"content":{"rendered":"<p>REVOFLEX Kumite Kimono f\u00fcr erfahrene Wettk\u00e4mpfer.<br \/>\nSpezielles Material, das nur in der Hauptbewegungsrichtung dehnbar ist.<br \/>\nMaterial: 65% Polyester 35% Baumwolle, komfortabel,<br \/>\nGro\u00dfer horizontaler Mesh-Streifen im Ges\u00e4\u00dfbereich, der die Bel\u00fcftung und Temperaturregulierung gew\u00e4hrleistet. Bel\u00fcftungszone zwischen den Beinen mit climalite\u00ae Technologie, die die Bel\u00fcftung verbessert und Temperatur und Schwei\u00df reguliert.<br \/>\nHose mit durchgehender Bel\u00fcftung und elastischem Bund f\u00fcr optimalen Tragekomfort.<br \/>\nWKF Dekoration <\/p>\n","protected":false},"excerpt":{"rendered":"<p>REVOFLEX Kumite Kimono f\u00fcr erfahrene Wettk\u00e4mpfer. Spezielles Material, das nur in der Hauptbewegungsrichtung dehnbar ist. Material: 65% Polyester 35% Baumwolle, komfortabel, Gro\u00dfer horizontaler Mesh-Streifen im Ges\u00e4\u00dfbereich, der die Bel\u00fcftung und Temperaturregulierung gew\u00e4hrleistet. Bel\u00fcftungszone zwischen den Beinen mit climalite\u00ae Technologie, die die Bel\u00fcftung verbessert und Temperatur und Schwei\u00df reguliert. Hose mit durchgehender Bel\u00fcftung und elastischem Bund [&hellip;]<\/p>\n","protected":false},"featured_media":452906,"comment_status":"open","ping_status":"closed","template":"","meta":{"inline_featured_image":false},"product_brand":[],"product_cat":[2008,2184,2118],"product_tag":[2178],"sport":[],"class_list":{"0":"post-452886","1":"product","2":"type-product","3":"status-publish","4":"has-post-thumbnail","6":"product_cat-karate-kimonos-de","7":"product_cat-kimono-karategi-adidas-de","8":"product_cat-kleidung-kimonos","9":"product_tag-adidas-de","10":"pa_size-380","11":"pa_size-388","12":"pa_size-379","13":"pa_size-387","14":"pa_size-378","15":"pa_size-386","16":"pa_size-377","17":"pa_size-385","18":"pa_size-376","19":"pa_size-384","20":"pa_size-383","21":"pa_size-953","22":"pa_size-382","24":"first","25":"instock","26":"taxable","27":"shipping-taxable","28":"purchasable","29":"product-type-variable"},"yoast_head":"<!-- This site is optimized with the Yoast SEO plugin v27.2 - https:\/\/yoast.com\/product\/yoast-seo-wordpress\/ -->\n<title>KARATEGI ADIDAS K190SK REVOFLEX &#8211; Daisho<\/title>\n<meta name=\"description\" content=\"Der Karategi K190sk wurde f\u00fcr erfahrene Wettk\u00e4mpfer entworfen. Er besteht aus einem speziellen, dehnbaren Material. Kaufen Sie es auf www.daisho.be|Daisho\" \/>\n<meta name=\"robots\" content=\"index, follow, max-snippet:-1, max-image-preview:large, max-video-preview:-1\" \/>\n<link rel=\"canonical\" href=\"https:\/\/www.daisho.be\/de\/produit\/karategi-adidas-k190sk-revoflex\/\" \/>\n<meta property=\"og:locale\" content=\"de_DE\" \/>\n<meta property=\"og:type\" content=\"article\" \/>\n<meta property=\"og:title\" content=\"KARATEGI ADIDAS K190SK REVOFLEX &#8211; Daisho\" \/>\n<meta property=\"og:description\" content=\"Der Karategi K190sk wurde f\u00fcr erfahrene Wettk\u00e4mpfer entworfen. Er besteht aus einem speziellen, dehnbaren Material. Kaufen Sie es auf www.daisho.be|Daisho\" \/>\n<meta property=\"og:url\" content=\"https:\/\/www.daisho.be\/de\/produit\/karategi-adidas-k190sk-revoflex\/\" \/>\n<meta property=\"og:site_name\" content=\"Daisho\" \/>\n<meta property=\"article:modified_time\" content=\"2025-10-09T11:55:46+00:00\" \/>\n<meta property=\"og:image\" content=\"https:\/\/www.daisho.be\/wp-content\/uploads\/2023\/12\/image-1.jpg\" \/>\n\t<meta property=\"og:image:width\" content=\"942\" \/>\n\t<meta property=\"og:image:height\" content=\"1920\" \/>\n\t<meta property=\"og:image:type\" content=\"image\/jpeg\" \/>\n<meta name=\"twitter:card\" content=\"summary_large_image\" \/>\n<script type=\"application\/ld+json\" class=\"yoast-schema-graph\">{\"@context\":\"https:\/\/schema.org\",\"@graph\":[{\"@type\":\"WebPage\",\"@id\":\"https:\/\/www.daisho.be\/de\/produit\/karategi-adidas-k190sk-revoflex\/\",\"url\":\"https:\/\/www.daisho.be\/de\/produit\/karategi-adidas-k190sk-revoflex\/\",\"name\":\"KARATEGI ADIDAS K190SK REVOFLEX &#8211; Daisho\",\"isPartOf\":{\"@id\":\"https:\/\/www.daisho.be\/de\/#website\"},\"primaryImageOfPage\":{\"@id\":\"https:\/\/www.daisho.be\/de\/produit\/karategi-adidas-k190sk-revoflex\/#primaryimage\"},\"image\":{\"@id\":\"https:\/\/www.daisho.be\/de\/produit\/karategi-adidas-k190sk-revoflex\/#primaryimage\"},\"thumbnailUrl\":\"https:\/\/www.daisho.be\/wp-content\/uploads\/2023\/12\/image-1.jpg\",\"datePublished\":\"2020-12-01T21:53:32+00:00\",\"dateModified\":\"2025-10-09T11:55:46+00:00\",\"description\":\"Der Karategi K190sk wurde f\u00fcr erfahrene Wettk\u00e4mpfer entworfen. Er besteht aus einem speziellen, dehnbaren Material. Kaufen Sie es auf www.daisho.be|Daisho\",\"breadcrumb\":{\"@id\":\"https:\/\/www.daisho.be\/de\/produit\/karategi-adidas-k190sk-revoflex\/#breadcrumb\"},\"inLanguage\":\"de\",\"potentialAction\":[{\"@type\":\"ReadAction\",\"target\":[\"https:\/\/www.daisho.be\/de\/produit\/karategi-adidas-k190sk-revoflex\/\"]}]},{\"@type\":\"ImageObject\",\"inLanguage\":\"de\",\"@id\":\"https:\/\/www.daisho.be\/de\/produit\/karategi-adidas-k190sk-revoflex\/#primaryimage\",\"url\":\"https:\/\/www.daisho.be\/wp-content\/uploads\/2023\/12\/image-1.jpg\",\"contentUrl\":\"https:\/\/www.daisho.be\/wp-content\/uploads\/2023\/12\/image-1.jpg\",\"width\":942,\"height\":1920,\"caption\":\"KARATEGI ADIDAS K190SK REVOFLEX-1\"},{\"@type\":\"BreadcrumbList\",\"@id\":\"https:\/\/www.daisho.be\/de\/produit\/karategi-adidas-k190sk-revoflex\/#breadcrumb\",\"itemListElement\":[{\"@type\":\"ListItem\",\"position\":1,\"name\":\"Accueil\",\"item\":\"https:\/\/www.daisho.be\/de\/\"},{\"@type\":\"ListItem\",\"position\":2,\"name\":\"Produkte\",\"item\":\"https:\/\/www.daisho.be\/de\/produkte\/\"},{\"@type\":\"ListItem\",\"position\":3,\"name\":\"Ausr\u00fcstung und Kleidung f\u00fcr Kampfkunst und Kampfsport\",\"item\":\"https:\/\/www.daisho.be\/de\/categorie-produit\/ausrustung-und-kleidung-fur-kampfkunst-und-kampfsport\/\"},{\"@type\":\"ListItem\",\"position\":4,\"name\":\"Karate\",\"item\":\"https:\/\/www.daisho.be\/de\/categorie-produit\/ausrustung-und-kleidung-fur-kampfkunst-und-kampfsport\/karate-de-2\/\"},{\"@type\":\"ListItem\",\"position\":5,\"name\":\"Karate-Kimonos\",\"item\":\"https:\/\/www.daisho.be\/de\/categorie-produit\/ausrustung-und-kleidung-fur-kampfkunst-und-kampfsport\/karate-de-2\/karate-kimonos-de\/\"},{\"@type\":\"ListItem\",\"position\":6,\"name\":\"KARATEGI ADIDAS K190SK REVOFLEX\"}]},{\"@type\":\"WebSite\",\"@id\":\"https:\/\/www.daisho.be\/de\/#website\",\"url\":\"https:\/\/www.daisho.be\/de\/\",\"name\":\"Daisho\",\"description\":\"Sp&eacute;cialiste de l'&eacute;quipement sportif d'arts martiaux\",\"publisher\":{\"@id\":\"https:\/\/www.daisho.be\/de\/#organization\"},\"potentialAction\":[{\"@type\":\"SearchAction\",\"target\":{\"@type\":\"EntryPoint\",\"urlTemplate\":\"https:\/\/www.daisho.be\/de\/?s={search_term_string}\"},\"query-input\":{\"@type\":\"PropertyValueSpecification\",\"valueRequired\":true,\"valueName\":\"search_term_string\"}}],\"inLanguage\":\"de\"},{\"@type\":\"Organization\",\"@id\":\"https:\/\/www.daisho.be\/de\/#organization\",\"name\":\"Daisho\",\"url\":\"https:\/\/www.daisho.be\/de\/\",\"logo\":{\"@type\":\"ImageObject\",\"inLanguage\":\"de\",\"@id\":\"https:\/\/www.daisho.be\/de\/#\/schema\/logo\/image\/\",\"url\":\"https:\/\/www.daisho.be\/wp-content\/uploads\/2019\/07\/color-nothing-horizontale4x-e1564486100247.png\",\"contentUrl\":\"https:\/\/www.daisho.be\/wp-content\/uploads\/2019\/07\/color-nothing-horizontale4x-e1564486100247.png\",\"width\":1547,\"height\":385,\"caption\":\"Daisho\"},\"image\":{\"@id\":\"https:\/\/www.daisho.be\/de\/#\/schema\/logo\/image\/\"}}]}<\/script>\n<!-- \/ Yoast SEO plugin. -->","yoast_head_json":{"title":"KARATEGI ADIDAS K190SK REVOFLEX &#8211; Daisho","description":"Der Karategi K190sk wurde f\u00fcr erfahrene Wettk\u00e4mpfer entworfen. Er besteht aus einem speziellen, dehnbaren Material. Kaufen Sie es auf www.daisho.be|Daisho","robots":{"index":"index","follow":"follow","max-snippet":"max-snippet:-1","max-image-preview":"max-image-preview:large","max-video-preview":"max-video-preview:-1"},"canonical":"https:\/\/www.daisho.be\/de\/produit\/karategi-adidas-k190sk-revoflex\/","og_locale":"de_DE","og_type":"article","og_title":"KARATEGI ADIDAS K190SK REVOFLEX &#8211; Daisho","og_description":"Der Karategi K190sk wurde f\u00fcr erfahrene Wettk\u00e4mpfer entworfen. Er besteht aus einem speziellen, dehnbaren Material. Kaufen Sie es auf www.daisho.be|Daisho","og_url":"https:\/\/www.daisho.be\/de\/produit\/karategi-adidas-k190sk-revoflex\/","og_site_name":"Daisho","article_modified_time":"2025-10-09T11:55:46+00:00","og_image":[{"width":942,"height":1920,"url":"https:\/\/www.daisho.be\/wp-content\/uploads\/2023\/12\/image-1.jpg","type":"image\/jpeg"}],"twitter_card":"summary_large_image","schema":{"@context":"https:\/\/schema.org","@graph":[{"@type":"WebPage","@id":"https:\/\/www.daisho.be\/de\/produit\/karategi-adidas-k190sk-revoflex\/","url":"https:\/\/www.daisho.be\/de\/produit\/karategi-adidas-k190sk-revoflex\/","name":"KARATEGI ADIDAS K190SK REVOFLEX &#8211; Daisho","isPartOf":{"@id":"https:\/\/www.daisho.be\/de\/#website"},"primaryImageOfPage":{"@id":"https:\/\/www.daisho.be\/de\/produit\/karategi-adidas-k190sk-revoflex\/#primaryimage"},"image":{"@id":"https:\/\/www.daisho.be\/de\/produit\/karategi-adidas-k190sk-revoflex\/#primaryimage"},"thumbnailUrl":"https:\/\/www.daisho.be\/wp-content\/uploads\/2023\/12\/image-1.jpg","datePublished":"2020-12-01T21:53:32+00:00","dateModified":"2025-10-09T11:55:46+00:00","description":"Der Karategi K190sk wurde f\u00fcr erfahrene Wettk\u00e4mpfer entworfen. Er besteht aus einem speziellen, dehnbaren Material. Kaufen Sie es auf www.daisho.be|Daisho","breadcrumb":{"@id":"https:\/\/www.daisho.be\/de\/produit\/karategi-adidas-k190sk-revoflex\/#breadcrumb"},"inLanguage":"de","potentialAction":[{"@type":"ReadAction","target":["https:\/\/www.daisho.be\/de\/produit\/karategi-adidas-k190sk-revoflex\/"]}]},{"@type":"ImageObject","inLanguage":"de","@id":"https:\/\/www.daisho.be\/de\/produit\/karategi-adidas-k190sk-revoflex\/#primaryimage","url":"https:\/\/www.daisho.be\/wp-content\/uploads\/2023\/12\/image-1.jpg","contentUrl":"https:\/\/www.daisho.be\/wp-content\/uploads\/2023\/12\/image-1.jpg","width":942,"height":1920,"caption":"KARATEGI ADIDAS K190SK REVOFLEX-1"},{"@type":"BreadcrumbList","@id":"https:\/\/www.daisho.be\/de\/produit\/karategi-adidas-k190sk-revoflex\/#breadcrumb","itemListElement":[{"@type":"ListItem","position":1,"name":"Accueil","item":"https:\/\/www.daisho.be\/de\/"},{"@type":"ListItem","position":2,"name":"Produkte","item":"https:\/\/www.daisho.be\/de\/produkte\/"},{"@type":"ListItem","position":3,"name":"Ausr\u00fcstung und Kleidung f\u00fcr Kampfkunst und Kampfsport","item":"https:\/\/www.daisho.be\/de\/categorie-produit\/ausrustung-und-kleidung-fur-kampfkunst-und-kampfsport\/"},{"@type":"ListItem","position":4,"name":"Karate","item":"https:\/\/www.daisho.be\/de\/categorie-produit\/ausrustung-und-kleidung-fur-kampfkunst-und-kampfsport\/karate-de-2\/"},{"@type":"ListItem","position":5,"name":"Karate-Kimonos","item":"https:\/\/www.daisho.be\/de\/categorie-produit\/ausrustung-und-kleidung-fur-kampfkunst-und-kampfsport\/karate-de-2\/karate-kimonos-de\/"},{"@type":"ListItem","position":6,"name":"KARATEGI ADIDAS K190SK REVOFLEX"}]},{"@type":"WebSite","@id":"https:\/\/www.daisho.be\/de\/#website","url":"https:\/\/www.daisho.be\/de\/","name":"Daisho","description":"Sp&eacute;cialiste de l'&eacute;quipement sportif d'arts martiaux","publisher":{"@id":"https:\/\/www.daisho.be\/de\/#organization"},"potentialAction":[{"@type":"SearchAction","target":{"@type":"EntryPoint","urlTemplate":"https:\/\/www.daisho.be\/de\/?s={search_term_string}"},"query-input":{"@type":"PropertyValueSpecification","valueRequired":true,"valueName":"search_term_string"}}],"inLanguage":"de"},{"@type":"Organization","@id":"https:\/\/www.daisho.be\/de\/#organization","name":"Daisho","url":"https:\/\/www.daisho.be\/de\/","logo":{"@type":"ImageObject","inLanguage":"de","@id":"https:\/\/www.daisho.be\/de\/#\/schema\/logo\/image\/","url":"https:\/\/www.daisho.be\/wp-content\/uploads\/2019\/07\/color-nothing-horizontale4x-e1564486100247.png","contentUrl":"https:\/\/www.daisho.be\/wp-content\/uploads\/2019\/07\/color-nothing-horizontale4x-e1564486100247.png","width":1547,"height":385,"caption":"Daisho"},"image":{"@id":"https:\/\/www.daisho.be\/de\/#\/schema\/logo\/image\/"}}]}},"_links":{"self":[{"href":"https:\/\/www.daisho.be\/de\/wp-json\/wp\/v2\/product\/452886","targetHints":{"allow":["GET"]}}],"collection":[{"href":"https:\/\/www.daisho.be\/de\/wp-json\/wp\/v2\/product"}],"about":[{"href":"https:\/\/www.daisho.be\/de\/wp-json\/wp\/v2\/types\/product"}],"replies":[{"embeddable":true,"href":"https:\/\/www.daisho.be\/de\/wp-json\/wp\/v2\/comments?post=452886"}],"wp:featuredmedia":[{"embeddable":true,"href":"https:\/\/www.daisho.be\/de\/wp-json\/wp\/v2\/media\/452906"}],"wp:attachment":[{"href":"https:\/\/www.daisho.be\/de\/wp-json\/wp\/v2\/media?parent=452886"}],"wp:term":[{"taxonomy":"product_brand","embeddable":true,"href":"https:\/\/www.daisho.be\/de\/wp-json\/wp\/v2\/product_brand?post=452886"},{"taxonomy":"product_cat","embeddable":true,"href":"https:\/\/www.daisho.be\/de\/wp-json\/wp\/v2\/product_cat?post=452886"},{"taxonomy":"product_tag","embeddable":true,"href":"https:\/\/www.daisho.be\/de\/wp-json\/wp\/v2\/product_tag?post=452886"},{"taxonomy":"sport","embeddable":true,"href":"https:\/\/www.daisho.be\/de\/wp-json\/wp\/v2\/sport?post=452886"}],"curies":[{"name":"wp","href":"https:\/\/api.w.org\/{rel}","templated":true}]}}