{"id":452597,"date":"2019-09-23T07:55:22","date_gmt":"2019-09-23T05:55:22","guid":{"rendered":"https:\/\/www.daisho.be\/produit\/tasche-tokaido-karate-zip-jka\/"},"modified":"2025-12-17T14:57:05","modified_gmt":"2025-12-17T13:57:05","slug":"tasche-tokaido-karate-zip-jka","status":"publish","type":"product","link":"https:\/\/www.daisho.be\/de\/produit\/tasche-tokaido-karate-zip-jka\/","title":{"rendered":"TASCHE TOKAIDO KARATE ZIP JKA"},"content":{"rendered":"<p>Sehr ger\u00e4umige Tokaido Sporttasche mit ausreichend Platz f\u00fcr Ihre gesamte Karateausr\u00fcstung und mit dem originalen JKA-Logo.<\/p>\n<p>Je nach Situation kann diese Tasche als Rucksack oder als Umh\u00e4ngetasche getragen werden.<\/p>\n<p>Ma\u00dfe: 60 x 30 x 25 cm<\/p>\n","protected":false},"excerpt":{"rendered":"<p>Sehr ger\u00e4umige Tokaido Sporttasche mit ausreichend Platz f\u00fcr Ihre gesamte Karateausr\u00fcstung und mit dem originalen JKA-Logo. Je nach Situation kann diese Tasche als Rucksack oder als Umh\u00e4ngetasche getragen werden. Ma\u00dfe: 60 x 30 x 25 cm<\/p>\n","protected":false},"featured_media":452599,"comment_status":"closed","ping_status":"closed","template":"","meta":{"inline_featured_image":false},"product_brand":[],"product_cat":[2063,2061],"product_tag":[2004],"sport":[73],"class_list":{"0":"post-452597","1":"product","2":"type-product","3":"status-publish","4":"has-post-thumbnail","6":"product_cat-karate-taschen","7":"product_cat-sporttaschen","8":"product_tag-tokaido-de","9":"pa_size-sans-taille-defaut","10":"sport-karate","12":"first","13":"instock","14":"taxable","15":"shipping-taxable","16":"purchasable","17":"product-type-variable"},"yoast_head":"<!-- This site is optimized with the Yoast SEO plugin v27.2 - https:\/\/yoast.com\/product\/yoast-seo-wordpress\/ -->\n<title>TASCHE TOKAIDO KARATE ZIP JKA &#8211; Daisho<\/title>\n<meta name=\"description\" content=\"Sehr ger\u00e4umige Tokaido Sporttasche f\u00fcr Ihre gesamte Karateausr\u00fcstung und mit dem originalen JKA-Logo. Die Tasche kann als Rucksack oder als Umh\u00e4ngetasche getragen werden.\" \/>\n<meta name=\"robots\" content=\"index, follow, max-snippet:-1, max-image-preview:large, max-video-preview:-1\" \/>\n<link rel=\"canonical\" href=\"https:\/\/www.daisho.be\/de\/produit\/tasche-tokaido-karate-zip-jka\/\" \/>\n<meta property=\"og:locale\" content=\"de_DE\" \/>\n<meta property=\"og:type\" content=\"article\" \/>\n<meta property=\"og:title\" content=\"TASCHE TOKAIDO KARATE ZIP JKA &#8211; Daisho\" \/>\n<meta property=\"og:description\" content=\"Sehr ger\u00e4umige Tokaido Sporttasche f\u00fcr Ihre gesamte Karateausr\u00fcstung und mit dem originalen JKA-Logo. Die Tasche kann als Rucksack oder als Umh\u00e4ngetasche getragen werden.\" \/>\n<meta property=\"og:url\" content=\"https:\/\/www.daisho.be\/de\/produit\/tasche-tokaido-karate-zip-jka\/\" \/>\n<meta property=\"og:site_name\" content=\"Daisho\" \/>\n<meta property=\"article:modified_time\" content=\"2025-12-17T13:57:05+00:00\" \/>\n<meta property=\"og:image\" content=\"https:\/\/www.daisho.be\/wp-content\/uploads\/2023\/08\/image-8.jpg\" \/>\n\t<meta property=\"og:image:width\" content=\"1359\" \/>\n\t<meta property=\"og:image:height\" content=\"1920\" \/>\n\t<meta property=\"og:image:type\" content=\"image\/jpeg\" \/>\n<meta name=\"twitter:card\" content=\"summary_large_image\" \/>\n<script type=\"application\/ld+json\" class=\"yoast-schema-graph\">{\"@context\":\"https:\/\/schema.org\",\"@graph\":[{\"@type\":\"WebPage\",\"@id\":\"https:\/\/www.daisho.be\/de\/produit\/tasche-tokaido-karate-zip-jka\/\",\"url\":\"https:\/\/www.daisho.be\/de\/produit\/tasche-tokaido-karate-zip-jka\/\",\"name\":\"TASCHE TOKAIDO KARATE ZIP JKA &#8211; Daisho\",\"isPartOf\":{\"@id\":\"https:\/\/www.daisho.be\/de\/#website\"},\"primaryImageOfPage\":{\"@id\":\"https:\/\/www.daisho.be\/de\/produit\/tasche-tokaido-karate-zip-jka\/#primaryimage\"},\"image\":{\"@id\":\"https:\/\/www.daisho.be\/de\/produit\/tasche-tokaido-karate-zip-jka\/#primaryimage\"},\"thumbnailUrl\":\"https:\/\/www.daisho.be\/wp-content\/uploads\/2023\/08\/image-8.jpg\",\"datePublished\":\"2019-09-23T05:55:22+00:00\",\"dateModified\":\"2025-12-17T13:57:05+00:00\",\"description\":\"Sehr ger\u00e4umige Tokaido Sporttasche f\u00fcr Ihre gesamte Karateausr\u00fcstung und mit dem originalen JKA-Logo. Die Tasche kann als Rucksack oder als Umh\u00e4ngetasche getragen werden.\",\"breadcrumb\":{\"@id\":\"https:\/\/www.daisho.be\/de\/produit\/tasche-tokaido-karate-zip-jka\/#breadcrumb\"},\"inLanguage\":\"de\",\"potentialAction\":[{\"@type\":\"ReadAction\",\"target\":[\"https:\/\/www.daisho.be\/de\/produit\/tasche-tokaido-karate-zip-jka\/\"]}]},{\"@type\":\"ImageObject\",\"inLanguage\":\"de\",\"@id\":\"https:\/\/www.daisho.be\/de\/produit\/tasche-tokaido-karate-zip-jka\/#primaryimage\",\"url\":\"https:\/\/www.daisho.be\/wp-content\/uploads\/2023\/08\/image-8.jpg\",\"contentUrl\":\"https:\/\/www.daisho.be\/wp-content\/uploads\/2023\/08\/image-8.jpg\",\"width\":1359,\"height\":1920,\"caption\":\"TASCHE TOKAIDO KARATE ZIP JKA-1\"},{\"@type\":\"BreadcrumbList\",\"@id\":\"https:\/\/www.daisho.be\/de\/produit\/tasche-tokaido-karate-zip-jka\/#breadcrumb\",\"itemListElement\":[{\"@type\":\"ListItem\",\"position\":1,\"name\":\"Accueil\",\"item\":\"https:\/\/www.daisho.be\/de\/\"},{\"@type\":\"ListItem\",\"position\":2,\"name\":\"Produkte\",\"item\":\"https:\/\/www.daisho.be\/de\/produkte\/\"},{\"@type\":\"ListItem\",\"position\":3,\"name\":\"Ausr\u00fcstung und Kleidung f\u00fcr Kampfkunst und Kampfsport\",\"item\":\"https:\/\/www.daisho.be\/de\/categorie-produit\/ausrustung-und-kleidung-fur-kampfkunst-und-kampfsport\/\"},{\"@type\":\"ListItem\",\"position\":4,\"name\":\"Karate\",\"item\":\"https:\/\/www.daisho.be\/de\/categorie-produit\/ausrustung-und-kleidung-fur-kampfkunst-und-kampfsport\/karate-de-2\/\"},{\"@type\":\"ListItem\",\"position\":5,\"name\":\"Karate-Taschen\",\"item\":\"https:\/\/www.daisho.be\/de\/categorie-produit\/ausrustung-und-kleidung-fur-kampfkunst-und-kampfsport\/karate-de-2\/karate-taschen\/\"},{\"@type\":\"ListItem\",\"position\":6,\"name\":\"TASCHE TOKAIDO KARATE ZIP JKA\"}]},{\"@type\":\"WebSite\",\"@id\":\"https:\/\/www.daisho.be\/de\/#website\",\"url\":\"https:\/\/www.daisho.be\/de\/\",\"name\":\"Daisho\",\"description\":\"Sp&eacute;cialiste de l'&eacute;quipement sportif d'arts martiaux\",\"publisher\":{\"@id\":\"https:\/\/www.daisho.be\/de\/#organization\"},\"potentialAction\":[{\"@type\":\"SearchAction\",\"target\":{\"@type\":\"EntryPoint\",\"urlTemplate\":\"https:\/\/www.daisho.be\/de\/?s={search_term_string}\"},\"query-input\":{\"@type\":\"PropertyValueSpecification\",\"valueRequired\":true,\"valueName\":\"search_term_string\"}}],\"inLanguage\":\"de\"},{\"@type\":\"Organization\",\"@id\":\"https:\/\/www.daisho.be\/de\/#organization\",\"name\":\"Daisho\",\"url\":\"https:\/\/www.daisho.be\/de\/\",\"logo\":{\"@type\":\"ImageObject\",\"inLanguage\":\"de\",\"@id\":\"https:\/\/www.daisho.be\/de\/#\/schema\/logo\/image\/\",\"url\":\"https:\/\/www.daisho.be\/wp-content\/uploads\/2019\/07\/color-nothing-horizontale4x-e1564486100247.png\",\"contentUrl\":\"https:\/\/www.daisho.be\/wp-content\/uploads\/2019\/07\/color-nothing-horizontale4x-e1564486100247.png\",\"width\":1547,\"height\":385,\"caption\":\"Daisho\"},\"image\":{\"@id\":\"https:\/\/www.daisho.be\/de\/#\/schema\/logo\/image\/\"}}]}<\/script>\n<!-- \/ Yoast SEO plugin. -->","yoast_head_json":{"title":"TASCHE TOKAIDO KARATE ZIP JKA &#8211; Daisho","description":"Sehr ger\u00e4umige Tokaido Sporttasche f\u00fcr Ihre gesamte Karateausr\u00fcstung und mit dem originalen JKA-Logo. Die Tasche kann als Rucksack oder als Umh\u00e4ngetasche getragen werden.","robots":{"index":"index","follow":"follow","max-snippet":"max-snippet:-1","max-image-preview":"max-image-preview:large","max-video-preview":"max-video-preview:-1"},"canonical":"https:\/\/www.daisho.be\/de\/produit\/tasche-tokaido-karate-zip-jka\/","og_locale":"de_DE","og_type":"article","og_title":"TASCHE TOKAIDO KARATE ZIP JKA &#8211; Daisho","og_description":"Sehr ger\u00e4umige Tokaido Sporttasche f\u00fcr Ihre gesamte Karateausr\u00fcstung und mit dem originalen JKA-Logo. Die Tasche kann als Rucksack oder als Umh\u00e4ngetasche getragen werden.","og_url":"https:\/\/www.daisho.be\/de\/produit\/tasche-tokaido-karate-zip-jka\/","og_site_name":"Daisho","article_modified_time":"2025-12-17T13:57:05+00:00","og_image":[{"width":1359,"height":1920,"url":"https:\/\/www.daisho.be\/wp-content\/uploads\/2023\/08\/image-8.jpg","type":"image\/jpeg"}],"twitter_card":"summary_large_image","schema":{"@context":"https:\/\/schema.org","@graph":[{"@type":"WebPage","@id":"https:\/\/www.daisho.be\/de\/produit\/tasche-tokaido-karate-zip-jka\/","url":"https:\/\/www.daisho.be\/de\/produit\/tasche-tokaido-karate-zip-jka\/","name":"TASCHE TOKAIDO KARATE ZIP JKA &#8211; Daisho","isPartOf":{"@id":"https:\/\/www.daisho.be\/de\/#website"},"primaryImageOfPage":{"@id":"https:\/\/www.daisho.be\/de\/produit\/tasche-tokaido-karate-zip-jka\/#primaryimage"},"image":{"@id":"https:\/\/www.daisho.be\/de\/produit\/tasche-tokaido-karate-zip-jka\/#primaryimage"},"thumbnailUrl":"https:\/\/www.daisho.be\/wp-content\/uploads\/2023\/08\/image-8.jpg","datePublished":"2019-09-23T05:55:22+00:00","dateModified":"2025-12-17T13:57:05+00:00","description":"Sehr ger\u00e4umige Tokaido Sporttasche f\u00fcr Ihre gesamte Karateausr\u00fcstung und mit dem originalen JKA-Logo. Die Tasche kann als Rucksack oder als Umh\u00e4ngetasche getragen werden.","breadcrumb":{"@id":"https:\/\/www.daisho.be\/de\/produit\/tasche-tokaido-karate-zip-jka\/#breadcrumb"},"inLanguage":"de","potentialAction":[{"@type":"ReadAction","target":["https:\/\/www.daisho.be\/de\/produit\/tasche-tokaido-karate-zip-jka\/"]}]},{"@type":"ImageObject","inLanguage":"de","@id":"https:\/\/www.daisho.be\/de\/produit\/tasche-tokaido-karate-zip-jka\/#primaryimage","url":"https:\/\/www.daisho.be\/wp-content\/uploads\/2023\/08\/image-8.jpg","contentUrl":"https:\/\/www.daisho.be\/wp-content\/uploads\/2023\/08\/image-8.jpg","width":1359,"height":1920,"caption":"TASCHE TOKAIDO KARATE ZIP JKA-1"},{"@type":"BreadcrumbList","@id":"https:\/\/www.daisho.be\/de\/produit\/tasche-tokaido-karate-zip-jka\/#breadcrumb","itemListElement":[{"@type":"ListItem","position":1,"name":"Accueil","item":"https:\/\/www.daisho.be\/de\/"},{"@type":"ListItem","position":2,"name":"Produkte","item":"https:\/\/www.daisho.be\/de\/produkte\/"},{"@type":"ListItem","position":3,"name":"Ausr\u00fcstung und Kleidung f\u00fcr Kampfkunst und Kampfsport","item":"https:\/\/www.daisho.be\/de\/categorie-produit\/ausrustung-und-kleidung-fur-kampfkunst-und-kampfsport\/"},{"@type":"ListItem","position":4,"name":"Karate","item":"https:\/\/www.daisho.be\/de\/categorie-produit\/ausrustung-und-kleidung-fur-kampfkunst-und-kampfsport\/karate-de-2\/"},{"@type":"ListItem","position":5,"name":"Karate-Taschen","item":"https:\/\/www.daisho.be\/de\/categorie-produit\/ausrustung-und-kleidung-fur-kampfkunst-und-kampfsport\/karate-de-2\/karate-taschen\/"},{"@type":"ListItem","position":6,"name":"TASCHE TOKAIDO KARATE ZIP JKA"}]},{"@type":"WebSite","@id":"https:\/\/www.daisho.be\/de\/#website","url":"https:\/\/www.daisho.be\/de\/","name":"Daisho","description":"Sp&eacute;cialiste de l'&eacute;quipement sportif d'arts martiaux","publisher":{"@id":"https:\/\/www.daisho.be\/de\/#organization"},"potentialAction":[{"@type":"SearchAction","target":{"@type":"EntryPoint","urlTemplate":"https:\/\/www.daisho.be\/de\/?s={search_term_string}"},"query-input":{"@type":"PropertyValueSpecification","valueRequired":true,"valueName":"search_term_string"}}],"inLanguage":"de"},{"@type":"Organization","@id":"https:\/\/www.daisho.be\/de\/#organization","name":"Daisho","url":"https:\/\/www.daisho.be\/de\/","logo":{"@type":"ImageObject","inLanguage":"de","@id":"https:\/\/www.daisho.be\/de\/#\/schema\/logo\/image\/","url":"https:\/\/www.daisho.be\/wp-content\/uploads\/2019\/07\/color-nothing-horizontale4x-e1564486100247.png","contentUrl":"https:\/\/www.daisho.be\/wp-content\/uploads\/2019\/07\/color-nothing-horizontale4x-e1564486100247.png","width":1547,"height":385,"caption":"Daisho"},"image":{"@id":"https:\/\/www.daisho.be\/de\/#\/schema\/logo\/image\/"}}]}},"_links":{"self":[{"href":"https:\/\/www.daisho.be\/de\/wp-json\/wp\/v2\/product\/452597","targetHints":{"allow":["GET"]}}],"collection":[{"href":"https:\/\/www.daisho.be\/de\/wp-json\/wp\/v2\/product"}],"about":[{"href":"https:\/\/www.daisho.be\/de\/wp-json\/wp\/v2\/types\/product"}],"replies":[{"embeddable":true,"href":"https:\/\/www.daisho.be\/de\/wp-json\/wp\/v2\/comments?post=452597"}],"wp:featuredmedia":[{"embeddable":true,"href":"https:\/\/www.daisho.be\/de\/wp-json\/wp\/v2\/media\/452599"}],"wp:attachment":[{"href":"https:\/\/www.daisho.be\/de\/wp-json\/wp\/v2\/media?parent=452597"}],"wp:term":[{"taxonomy":"product_brand","embeddable":true,"href":"https:\/\/www.daisho.be\/de\/wp-json\/wp\/v2\/product_brand?post=452597"},{"taxonomy":"product_cat","embeddable":true,"href":"https:\/\/www.daisho.be\/de\/wp-json\/wp\/v2\/product_cat?post=452597"},{"taxonomy":"product_tag","embeddable":true,"href":"https:\/\/www.daisho.be\/de\/wp-json\/wp\/v2\/product_tag?post=452597"},{"taxonomy":"sport","embeddable":true,"href":"https:\/\/www.daisho.be\/de\/wp-json\/wp\/v2\/sport?post=452597"}],"curies":[{"name":"wp","href":"https:\/\/api.w.org\/{rel}","templated":true}]}}