{"id":452584,"date":"2019-09-23T07:54:33","date_gmt":"2019-09-23T05:54:33","guid":{"rendered":"https:\/\/www.daisho.be\/produit\/tokaido-monsterbag\/"},"modified":"2025-11-18T12:53:20","modified_gmt":"2025-11-18T11:53:20","slug":"tokaido-monsterbag","status":"publish","type":"product","link":"https:\/\/www.daisho.be\/de\/produit\/tokaido-monsterbag\/","title":{"rendered":"TOKAIDO MONSTERBAG"},"content":{"rendered":"<div class=\"product-description\">\n<p>Die Sporttasche Tokaido Monster Bag ist eine ger\u00e4umige Multifunktionstasche, die entwickelt wurde, um<br \/>\nleicht die gesamte Kampfsport-Ausr\u00fcstung zu transportieren: Protektoren, Handschuhe, Uniform,<br \/>\nZahnschutz, Schuhe und Zubeh\u00f6r.<\/p>\n<p>Mit seinen zahlreichen Rei\u00dfverschlussf\u00e4chern und seinem robusten Design ist er der ideale Begleiter<br \/>\nf\u00fcr Trainingseinheiten und Wettk\u00e4mpfe.<br \/>\nDer Monster Bag ist vielseitig und kann mit seinem gepolsterten R\u00fcckenteil als Rucksack oder mit seinem abnehmbaren Riemen als<br \/>\nSchultergurt getragen werden.<\/p>\n<p>Der dehnbare Boden vergr\u00f6\u00dfert den Stauraum, w\u00e4hrend die Netzeins\u00e4tze<br \/>\neine gute Atmungsaktivit\u00e4t gew\u00e4hrleisten. Ein zuverl\u00e4ssiger, praktischer und langlebiger Rucksack f\u00fcr alle Sportler. <\/p>\n<\/div>\n<div class=\"product-features\">\n<h3>Technische Merkmale<\/h3>\n<ul>\n<li>Marke: Tokaido<\/li>\n<li>Modell: Monster Bag<\/li>\n<li>Farbe: Schwarz und Grau<\/li>\n<li>Material: 100 % Polyester, robust und abriebfest<\/li>\n<li>Gro\u00dfes Hauptfach mit Rei\u00dfverschluss<\/li>\n<li>Innentasche mit Rei\u00dfverschluss<\/li>\n<li>Zwei Seitenf\u00e4cher mit Rei\u00dfverschluss<\/li>\n<li>Atmungsaktive Mesh-Eins\u00e4tze an der Vorderseite<\/li>\n<li>Rucksacksystem mit gepolsterter R\u00fcckenlehne<\/li>\n<li>Gepolsterter und abnehmbarer Schulterriemen<\/li>\n<li>Ausziehbarer Boden f\u00fcr mehr Kapazit\u00e4t<\/li>\n<li>Abmessungen im Rucksack (H x B x T): ca. 52 \u00d7 48 \u00d7 20 cm<\/li>\n<li>Abmessungen in der Sporttasche (H x B x T): ca. 76 \u00d7 48 \u00d7 20 cm<\/li>\n<li>Gewicht: ca. 1.800 g<\/li>\n<\/ul>\n<\/div>\n","protected":false},"excerpt":{"rendered":"<p>Die Sporttasche Tokaido Monster Bag ist eine ger\u00e4umige Multifunktionstasche, die entwickelt wurde, um leicht die gesamte Kampfsport-Ausr\u00fcstung zu transportieren: Protektoren, Handschuhe, Uniform, Zahnschutz, Schuhe und Zubeh\u00f6r. Mit seinen zahlreichen Rei\u00dfverschlussf\u00e4chern und seinem robusten Design ist er der ideale Begleiter f\u00fcr Trainingseinheiten und Wettk\u00e4mpfe. Der Monster Bag ist vielseitig und kann mit seinem gepolsterten R\u00fcckenteil als [&hellip;]<\/p>\n","protected":false},"featured_media":623187,"comment_status":"closed","ping_status":"closed","template":"","meta":{"inline_featured_image":false},"product_brand":[],"product_cat":[2063,2061],"product_tag":[2004],"sport":[73],"class_list":{"0":"post-452584","1":"product","2":"type-product","3":"status-publish","4":"has-post-thumbnail","6":"product_cat-karate-taschen","7":"product_cat-sporttaschen","8":"product_tag-tokaido-de","9":"pa_size-sans-taille-defaut","10":"sport-karate","12":"first","13":"instock","14":"taxable","15":"shipping-taxable","16":"purchasable","17":"product-type-simple"},"yoast_head":"<!-- This site is optimized with the Yoast SEO plugin v27.2 - https:\/\/yoast.com\/product\/yoast-seo-wordpress\/ -->\n<title>Tokaido Monsterbag Sporttasche schwarz &amp; grau | Daisho<\/title>\n<meta name=\"description\" content=\"Tokaido Monster Bag schwarz\/grau, ger\u00e4umig und strapazierf\u00e4hig f\u00fcr Ihre gesamte Ausr\u00fcstung. Finden Sie ihn bei Daisho.be | Daisho\" \/>\n<meta name=\"robots\" content=\"index, follow, max-snippet:-1, max-image-preview:large, max-video-preview:-1\" \/>\n<link rel=\"canonical\" href=\"https:\/\/www.daisho.be\/de\/produit\/tokaido-monsterbag\/\" \/>\n<meta property=\"og:locale\" content=\"de_DE\" \/>\n<meta property=\"og:type\" content=\"article\" \/>\n<meta property=\"og:title\" content=\"Tokaido Monsterbag Sporttasche schwarz &amp; grau | Daisho\" \/>\n<meta property=\"og:description\" content=\"Tokaido Monster Bag schwarz\/grau, ger\u00e4umig und strapazierf\u00e4hig f\u00fcr Ihre gesamte Ausr\u00fcstung. Finden Sie ihn bei Daisho.be | Daisho\" \/>\n<meta property=\"og:url\" content=\"https:\/\/www.daisho.be\/de\/produit\/tokaido-monsterbag\/\" \/>\n<meta property=\"og:site_name\" content=\"Daisho\" \/>\n<meta property=\"article:modified_time\" content=\"2025-11-18T11:53:20+00:00\" \/>\n<meta property=\"og:image\" content=\"https:\/\/www.daisho.be\/wp-content\/uploads\/2025\/11\/image-110-scaled.jpg\" \/>\n\t<meta property=\"og:image:width\" content=\"1450\" \/>\n\t<meta property=\"og:image:height\" content=\"2048\" \/>\n\t<meta property=\"og:image:type\" content=\"image\/jpeg\" \/>\n<meta name=\"twitter:card\" content=\"summary_large_image\" \/>\n<meta name=\"twitter:label1\" content=\"Gesch\u00e4tzte Lesezeit\" \/>\n\t<meta name=\"twitter:data1\" content=\"1\u00a0Minute\" \/>\n<script type=\"application\/ld+json\" class=\"yoast-schema-graph\">{\"@context\":\"https:\/\/schema.org\",\"@graph\":[{\"@type\":\"WebPage\",\"@id\":\"https:\/\/www.daisho.be\/de\/produit\/tokaido-monsterbag\/\",\"url\":\"https:\/\/www.daisho.be\/de\/produit\/tokaido-monsterbag\/\",\"name\":\"Tokaido Monsterbag Sporttasche schwarz & grau | Daisho\",\"isPartOf\":{\"@id\":\"https:\/\/www.daisho.be\/de\/#website\"},\"primaryImageOfPage\":{\"@id\":\"https:\/\/www.daisho.be\/de\/produit\/tokaido-monsterbag\/#primaryimage\"},\"image\":{\"@id\":\"https:\/\/www.daisho.be\/de\/produit\/tokaido-monsterbag\/#primaryimage\"},\"thumbnailUrl\":\"https:\/\/www.daisho.be\/wp-content\/uploads\/2025\/11\/image-110-scaled.jpg\",\"datePublished\":\"2019-09-23T05:54:33+00:00\",\"dateModified\":\"2025-11-18T11:53:20+00:00\",\"description\":\"Tokaido Monster Bag schwarz\/grau, ger\u00e4umig und strapazierf\u00e4hig f\u00fcr Ihre gesamte Ausr\u00fcstung. Finden Sie ihn bei Daisho.be | Daisho\",\"breadcrumb\":{\"@id\":\"https:\/\/www.daisho.be\/de\/produit\/tokaido-monsterbag\/#breadcrumb\"},\"inLanguage\":\"de\",\"potentialAction\":[{\"@type\":\"ReadAction\",\"target\":[\"https:\/\/www.daisho.be\/de\/produit\/tokaido-monsterbag\/\"]}]},{\"@type\":\"ImageObject\",\"inLanguage\":\"de\",\"@id\":\"https:\/\/www.daisho.be\/de\/produit\/tokaido-monsterbag\/#primaryimage\",\"url\":\"https:\/\/www.daisho.be\/wp-content\/uploads\/2025\/11\/image-110-scaled.jpg\",\"contentUrl\":\"https:\/\/www.daisho.be\/wp-content\/uploads\/2025\/11\/image-110-scaled.jpg\",\"width\":1450,\"height\":2048,\"caption\":\"TOKAIDO MONSTERBAG-1\"},{\"@type\":\"BreadcrumbList\",\"@id\":\"https:\/\/www.daisho.be\/de\/produit\/tokaido-monsterbag\/#breadcrumb\",\"itemListElement\":[{\"@type\":\"ListItem\",\"position\":1,\"name\":\"Accueil\",\"item\":\"https:\/\/www.daisho.be\/de\/\"},{\"@type\":\"ListItem\",\"position\":2,\"name\":\"Produkte\",\"item\":\"https:\/\/www.daisho.be\/de\/produkte\/\"},{\"@type\":\"ListItem\",\"position\":3,\"name\":\"Ausr\u00fcstung und Kleidung f\u00fcr Kampfkunst und Kampfsport\",\"item\":\"https:\/\/www.daisho.be\/de\/categorie-produit\/ausrustung-und-kleidung-fur-kampfkunst-und-kampfsport\/\"},{\"@type\":\"ListItem\",\"position\":4,\"name\":\"Karate\",\"item\":\"https:\/\/www.daisho.be\/de\/categorie-produit\/ausrustung-und-kleidung-fur-kampfkunst-und-kampfsport\/karate-de-2\/\"},{\"@type\":\"ListItem\",\"position\":5,\"name\":\"Karate-Taschen\",\"item\":\"https:\/\/www.daisho.be\/de\/categorie-produit\/ausrustung-und-kleidung-fur-kampfkunst-und-kampfsport\/karate-de-2\/karate-taschen\/\"},{\"@type\":\"ListItem\",\"position\":6,\"name\":\"TOKAIDO MONSTERBAG\"}]},{\"@type\":\"WebSite\",\"@id\":\"https:\/\/www.daisho.be\/de\/#website\",\"url\":\"https:\/\/www.daisho.be\/de\/\",\"name\":\"Daisho\",\"description\":\"Sp&eacute;cialiste de l'&eacute;quipement sportif d'arts martiaux\",\"publisher\":{\"@id\":\"https:\/\/www.daisho.be\/de\/#organization\"},\"potentialAction\":[{\"@type\":\"SearchAction\",\"target\":{\"@type\":\"EntryPoint\",\"urlTemplate\":\"https:\/\/www.daisho.be\/de\/?s={search_term_string}\"},\"query-input\":{\"@type\":\"PropertyValueSpecification\",\"valueRequired\":true,\"valueName\":\"search_term_string\"}}],\"inLanguage\":\"de\"},{\"@type\":\"Organization\",\"@id\":\"https:\/\/www.daisho.be\/de\/#organization\",\"name\":\"Daisho\",\"url\":\"https:\/\/www.daisho.be\/de\/\",\"logo\":{\"@type\":\"ImageObject\",\"inLanguage\":\"de\",\"@id\":\"https:\/\/www.daisho.be\/de\/#\/schema\/logo\/image\/\",\"url\":\"https:\/\/www.daisho.be\/wp-content\/uploads\/2019\/07\/color-nothing-horizontale4x-e1564486100247.png\",\"contentUrl\":\"https:\/\/www.daisho.be\/wp-content\/uploads\/2019\/07\/color-nothing-horizontale4x-e1564486100247.png\",\"width\":1547,\"height\":385,\"caption\":\"Daisho\"},\"image\":{\"@id\":\"https:\/\/www.daisho.be\/de\/#\/schema\/logo\/image\/\"}}]}<\/script>\n<!-- \/ Yoast SEO plugin. -->","yoast_head_json":{"title":"Tokaido Monsterbag Sporttasche schwarz & grau | Daisho","description":"Tokaido Monster Bag schwarz\/grau, ger\u00e4umig und strapazierf\u00e4hig f\u00fcr Ihre gesamte Ausr\u00fcstung. Finden Sie ihn bei Daisho.be | Daisho","robots":{"index":"index","follow":"follow","max-snippet":"max-snippet:-1","max-image-preview":"max-image-preview:large","max-video-preview":"max-video-preview:-1"},"canonical":"https:\/\/www.daisho.be\/de\/produit\/tokaido-monsterbag\/","og_locale":"de_DE","og_type":"article","og_title":"Tokaido Monsterbag Sporttasche schwarz & grau | Daisho","og_description":"Tokaido Monster Bag schwarz\/grau, ger\u00e4umig und strapazierf\u00e4hig f\u00fcr Ihre gesamte Ausr\u00fcstung. Finden Sie ihn bei Daisho.be | Daisho","og_url":"https:\/\/www.daisho.be\/de\/produit\/tokaido-monsterbag\/","og_site_name":"Daisho","article_modified_time":"2025-11-18T11:53:20+00:00","og_image":[{"width":1450,"height":2048,"url":"https:\/\/www.daisho.be\/wp-content\/uploads\/2025\/11\/image-110-scaled.jpg","type":"image\/jpeg"}],"twitter_card":"summary_large_image","twitter_misc":{"Gesch\u00e4tzte Lesezeit":"1\u00a0Minute"},"schema":{"@context":"https:\/\/schema.org","@graph":[{"@type":"WebPage","@id":"https:\/\/www.daisho.be\/de\/produit\/tokaido-monsterbag\/","url":"https:\/\/www.daisho.be\/de\/produit\/tokaido-monsterbag\/","name":"Tokaido Monsterbag Sporttasche schwarz & grau | Daisho","isPartOf":{"@id":"https:\/\/www.daisho.be\/de\/#website"},"primaryImageOfPage":{"@id":"https:\/\/www.daisho.be\/de\/produit\/tokaido-monsterbag\/#primaryimage"},"image":{"@id":"https:\/\/www.daisho.be\/de\/produit\/tokaido-monsterbag\/#primaryimage"},"thumbnailUrl":"https:\/\/www.daisho.be\/wp-content\/uploads\/2025\/11\/image-110-scaled.jpg","datePublished":"2019-09-23T05:54:33+00:00","dateModified":"2025-11-18T11:53:20+00:00","description":"Tokaido Monster Bag schwarz\/grau, ger\u00e4umig und strapazierf\u00e4hig f\u00fcr Ihre gesamte Ausr\u00fcstung. Finden Sie ihn bei Daisho.be | Daisho","breadcrumb":{"@id":"https:\/\/www.daisho.be\/de\/produit\/tokaido-monsterbag\/#breadcrumb"},"inLanguage":"de","potentialAction":[{"@type":"ReadAction","target":["https:\/\/www.daisho.be\/de\/produit\/tokaido-monsterbag\/"]}]},{"@type":"ImageObject","inLanguage":"de","@id":"https:\/\/www.daisho.be\/de\/produit\/tokaido-monsterbag\/#primaryimage","url":"https:\/\/www.daisho.be\/wp-content\/uploads\/2025\/11\/image-110-scaled.jpg","contentUrl":"https:\/\/www.daisho.be\/wp-content\/uploads\/2025\/11\/image-110-scaled.jpg","width":1450,"height":2048,"caption":"TOKAIDO MONSTERBAG-1"},{"@type":"BreadcrumbList","@id":"https:\/\/www.daisho.be\/de\/produit\/tokaido-monsterbag\/#breadcrumb","itemListElement":[{"@type":"ListItem","position":1,"name":"Accueil","item":"https:\/\/www.daisho.be\/de\/"},{"@type":"ListItem","position":2,"name":"Produkte","item":"https:\/\/www.daisho.be\/de\/produkte\/"},{"@type":"ListItem","position":3,"name":"Ausr\u00fcstung und Kleidung f\u00fcr Kampfkunst und Kampfsport","item":"https:\/\/www.daisho.be\/de\/categorie-produit\/ausrustung-und-kleidung-fur-kampfkunst-und-kampfsport\/"},{"@type":"ListItem","position":4,"name":"Karate","item":"https:\/\/www.daisho.be\/de\/categorie-produit\/ausrustung-und-kleidung-fur-kampfkunst-und-kampfsport\/karate-de-2\/"},{"@type":"ListItem","position":5,"name":"Karate-Taschen","item":"https:\/\/www.daisho.be\/de\/categorie-produit\/ausrustung-und-kleidung-fur-kampfkunst-und-kampfsport\/karate-de-2\/karate-taschen\/"},{"@type":"ListItem","position":6,"name":"TOKAIDO MONSTERBAG"}]},{"@type":"WebSite","@id":"https:\/\/www.daisho.be\/de\/#website","url":"https:\/\/www.daisho.be\/de\/","name":"Daisho","description":"Sp&eacute;cialiste de l'&eacute;quipement sportif d'arts martiaux","publisher":{"@id":"https:\/\/www.daisho.be\/de\/#organization"},"potentialAction":[{"@type":"SearchAction","target":{"@type":"EntryPoint","urlTemplate":"https:\/\/www.daisho.be\/de\/?s={search_term_string}"},"query-input":{"@type":"PropertyValueSpecification","valueRequired":true,"valueName":"search_term_string"}}],"inLanguage":"de"},{"@type":"Organization","@id":"https:\/\/www.daisho.be\/de\/#organization","name":"Daisho","url":"https:\/\/www.daisho.be\/de\/","logo":{"@type":"ImageObject","inLanguage":"de","@id":"https:\/\/www.daisho.be\/de\/#\/schema\/logo\/image\/","url":"https:\/\/www.daisho.be\/wp-content\/uploads\/2019\/07\/color-nothing-horizontale4x-e1564486100247.png","contentUrl":"https:\/\/www.daisho.be\/wp-content\/uploads\/2019\/07\/color-nothing-horizontale4x-e1564486100247.png","width":1547,"height":385,"caption":"Daisho"},"image":{"@id":"https:\/\/www.daisho.be\/de\/#\/schema\/logo\/image\/"}}]}},"_links":{"self":[{"href":"https:\/\/www.daisho.be\/de\/wp-json\/wp\/v2\/product\/452584","targetHints":{"allow":["GET"]}}],"collection":[{"href":"https:\/\/www.daisho.be\/de\/wp-json\/wp\/v2\/product"}],"about":[{"href":"https:\/\/www.daisho.be\/de\/wp-json\/wp\/v2\/types\/product"}],"replies":[{"embeddable":true,"href":"https:\/\/www.daisho.be\/de\/wp-json\/wp\/v2\/comments?post=452584"}],"wp:featuredmedia":[{"embeddable":true,"href":"https:\/\/www.daisho.be\/de\/wp-json\/wp\/v2\/media\/623187"}],"wp:attachment":[{"href":"https:\/\/www.daisho.be\/de\/wp-json\/wp\/v2\/media?parent=452584"}],"wp:term":[{"taxonomy":"product_brand","embeddable":true,"href":"https:\/\/www.daisho.be\/de\/wp-json\/wp\/v2\/product_brand?post=452584"},{"taxonomy":"product_cat","embeddable":true,"href":"https:\/\/www.daisho.be\/de\/wp-json\/wp\/v2\/product_cat?post=452584"},{"taxonomy":"product_tag","embeddable":true,"href":"https:\/\/www.daisho.be\/de\/wp-json\/wp\/v2\/product_tag?post=452584"},{"taxonomy":"sport","embeddable":true,"href":"https:\/\/www.daisho.be\/de\/wp-json\/wp\/v2\/sport?post=452584"}],"curies":[{"name":"wp","href":"https:\/\/api.w.org\/{rel}","templated":true}]}}