{"id":452495,"date":"2019-09-23T11:25:20","date_gmt":"2019-09-23T09:25:20","guid":{"rendered":"https:\/\/www.daisho.be\/produit\/judo-hose-dax-kids-weiss\/"},"modified":"2025-12-22T12:54:06","modified_gmt":"2025-12-22T11:54:06","slug":"judo-hose-dax-kids-weiss","status":"publish","type":"product","link":"https:\/\/www.daisho.be\/de\/produit\/judo-hose-dax-kids-weiss\/","title":{"rendered":"JUDO-HOSE DAX KIDS WEISS"},"content":{"rendered":"<p>DAX Judo-Hose f\u00fcr Kinder.<br \/>\nAus atmungsaktivem und hautfreundlichem Baumwollgewebe. Mit elastischem Bund.<br \/>\nDie richtige Wahl f\u00fcr Anf\u00e4nger. <\/p>\n<p>Eigenschaften:<br \/>\n&#8211; hoher Tragekomfort,<br \/>\n&#8211; doppelt gen\u00e4hte Knie,<br \/>\n&#8211; kinderorientiertes Logo,<br \/>\n&#8211; auch geeignet f\u00fcr Jiu-Jitsu,<br \/>\n&#8211; Material: 100% Baumwolle.<\/p>\n","protected":false},"excerpt":{"rendered":"<p>DAX Judo-Hose f\u00fcr Kinder. Aus atmungsaktivem und hautfreundlichem Baumwollgewebe. Mit elastischem Bund. Die richtige Wahl f\u00fcr Anf\u00e4nger. Eigenschaften: &#8211; hoher Tragekomfort, &#8211; doppelt gen\u00e4hte Knie, &#8211; kinderorientiertes Logo, &#8211; auch geeignet f\u00fcr Jiu-Jitsu, &#8211; Material: 100% Baumwolle.<\/p>\n","protected":false},"featured_media":452512,"comment_status":"closed","ping_status":"closed","template":"","meta":{"inline_featured_image":false},"product_brand":[],"product_cat":[2127,2174,2128,2118],"product_tag":[2040],"sport":[74,78],"class_list":{"0":"post-452495","1":"product","2":"type-product","3":"status-publish","4":"has-post-thumbnail","6":"product_cat-aikido-kimonos-de","7":"product_cat-judo-hosen","8":"product_cat-jujitsu-kimono-de","9":"product_cat-kleidung-kimonos","10":"product_tag-dax-de","11":"pa_size-375","12":"pa_size-374","13":"pa_size-373","14":"pa_size-381","15":"pa_size-380","16":"pa_size-379","17":"pa_size-378","18":"pa_size-377","19":"sport-jiu-jitsu","20":"sport-judo","22":"first","23":"instock","24":"taxable","25":"shipping-taxable","26":"purchasable","27":"product-type-variable"},"yoast_head":"<!-- This site is optimized with the Yoast SEO plugin v27.2 - https:\/\/yoast.com\/product\/yoast-seo-wordpress\/ -->\n<title>JUDO-HOSE DAX KIDS WEISS &#8211; Daisho<\/title>\n<meta name=\"description\" content=\"Brauchen Sie eine Judohose f\u00fcr Ihre Kinder? Entdecken Sie die Judojacke der Marke Dax, die Komfort und Qualit\u00e4t verbindet. Kaufen Sie sie auf unserer Website www.dzisho.be|Daisho\" \/>\n<meta name=\"robots\" content=\"index, follow, max-snippet:-1, max-image-preview:large, max-video-preview:-1\" \/>\n<link rel=\"canonical\" href=\"https:\/\/www.daisho.be\/de\/produit\/judo-hose-dax-kids-weiss\/\" \/>\n<meta property=\"og:locale\" content=\"de_DE\" \/>\n<meta property=\"og:type\" content=\"article\" \/>\n<meta property=\"og:title\" content=\"JUDO-HOSE DAX KIDS WEISS &#8211; Daisho\" \/>\n<meta property=\"og:description\" content=\"Brauchen Sie eine Judohose f\u00fcr Ihre Kinder? Entdecken Sie die Judojacke der Marke Dax, die Komfort und Qualit\u00e4t verbindet. Kaufen Sie sie auf unserer Website www.dzisho.be|Daisho\" \/>\n<meta property=\"og:url\" content=\"https:\/\/www.daisho.be\/de\/produit\/judo-hose-dax-kids-weiss\/\" \/>\n<meta property=\"og:site_name\" content=\"Daisho\" \/>\n<meta property=\"article:modified_time\" content=\"2025-12-22T11:54:06+00:00\" \/>\n<meta property=\"og:image\" content=\"https:\/\/www.daisho.be\/wp-content\/uploads\/2023\/03\/image-20.jpg\" \/>\n\t<meta property=\"og:image:width\" content=\"736\" \/>\n\t<meta property=\"og:image:height\" content=\"1040\" \/>\n\t<meta property=\"og:image:type\" content=\"image\/jpeg\" \/>\n<meta name=\"twitter:card\" content=\"summary_large_image\" \/>\n<script type=\"application\/ld+json\" class=\"yoast-schema-graph\">{\"@context\":\"https:\/\/schema.org\",\"@graph\":[{\"@type\":\"WebPage\",\"@id\":\"https:\/\/www.daisho.be\/de\/produit\/judo-hose-dax-kids-weiss\/\",\"url\":\"https:\/\/www.daisho.be\/de\/produit\/judo-hose-dax-kids-weiss\/\",\"name\":\"JUDO-HOSE DAX KIDS WEISS &#8211; Daisho\",\"isPartOf\":{\"@id\":\"https:\/\/www.daisho.be\/de\/#website\"},\"primaryImageOfPage\":{\"@id\":\"https:\/\/www.daisho.be\/de\/produit\/judo-hose-dax-kids-weiss\/#primaryimage\"},\"image\":{\"@id\":\"https:\/\/www.daisho.be\/de\/produit\/judo-hose-dax-kids-weiss\/#primaryimage\"},\"thumbnailUrl\":\"https:\/\/www.daisho.be\/wp-content\/uploads\/2023\/03\/image-20.jpg\",\"datePublished\":\"2019-09-23T09:25:20+00:00\",\"dateModified\":\"2025-12-22T11:54:06+00:00\",\"description\":\"Brauchen Sie eine Judohose f\u00fcr Ihre Kinder? Entdecken Sie die Judojacke der Marke Dax, die Komfort und Qualit\u00e4t verbindet. Kaufen Sie sie auf unserer Website www.dzisho.be|Daisho\",\"breadcrumb\":{\"@id\":\"https:\/\/www.daisho.be\/de\/produit\/judo-hose-dax-kids-weiss\/#breadcrumb\"},\"inLanguage\":\"de\",\"potentialAction\":[{\"@type\":\"ReadAction\",\"target\":[\"https:\/\/www.daisho.be\/de\/produit\/judo-hose-dax-kids-weiss\/\"]}]},{\"@type\":\"ImageObject\",\"inLanguage\":\"de\",\"@id\":\"https:\/\/www.daisho.be\/de\/produit\/judo-hose-dax-kids-weiss\/#primaryimage\",\"url\":\"https:\/\/www.daisho.be\/wp-content\/uploads\/2023\/03\/image-20.jpg\",\"contentUrl\":\"https:\/\/www.daisho.be\/wp-content\/uploads\/2023\/03\/image-20.jpg\",\"width\":736,\"height\":1040,\"caption\":\"JUDO-HOSE DAX KIDS WEISS-1\"},{\"@type\":\"BreadcrumbList\",\"@id\":\"https:\/\/www.daisho.be\/de\/produit\/judo-hose-dax-kids-weiss\/#breadcrumb\",\"itemListElement\":[{\"@type\":\"ListItem\",\"position\":1,\"name\":\"Accueil\",\"item\":\"https:\/\/www.daisho.be\/de\/\"},{\"@type\":\"ListItem\",\"position\":2,\"name\":\"Produkte\",\"item\":\"https:\/\/www.daisho.be\/de\/produkte\/\"},{\"@type\":\"ListItem\",\"position\":3,\"name\":\"Ausr\u00fcstung und Kleidung f\u00fcr Kampfkunst und Kampfsport\",\"item\":\"https:\/\/www.daisho.be\/de\/categorie-produit\/ausrustung-und-kleidung-fur-kampfkunst-und-kampfsport\/\"},{\"@type\":\"ListItem\",\"position\":4,\"name\":\"A\u00efkido\",\"item\":\"https:\/\/www.daisho.be\/de\/categorie-produit\/ausrustung-und-kleidung-fur-kampfkunst-und-kampfsport\/aikido-de\/\"},{\"@type\":\"ListItem\",\"position\":5,\"name\":\"Aikido Kimonos\",\"item\":\"https:\/\/www.daisho.be\/de\/categorie-produit\/ausrustung-und-kleidung-fur-kampfkunst-und-kampfsport\/aikido-de\/aikido-kimonos-de\/\"},{\"@type\":\"ListItem\",\"position\":6,\"name\":\"JUDO-HOSE DAX KIDS WEISS\"}]},{\"@type\":\"WebSite\",\"@id\":\"https:\/\/www.daisho.be\/de\/#website\",\"url\":\"https:\/\/www.daisho.be\/de\/\",\"name\":\"Daisho\",\"description\":\"Sp&eacute;cialiste de l'&eacute;quipement sportif d'arts martiaux\",\"publisher\":{\"@id\":\"https:\/\/www.daisho.be\/de\/#organization\"},\"potentialAction\":[{\"@type\":\"SearchAction\",\"target\":{\"@type\":\"EntryPoint\",\"urlTemplate\":\"https:\/\/www.daisho.be\/de\/?s={search_term_string}\"},\"query-input\":{\"@type\":\"PropertyValueSpecification\",\"valueRequired\":true,\"valueName\":\"search_term_string\"}}],\"inLanguage\":\"de\"},{\"@type\":\"Organization\",\"@id\":\"https:\/\/www.daisho.be\/de\/#organization\",\"name\":\"Daisho\",\"url\":\"https:\/\/www.daisho.be\/de\/\",\"logo\":{\"@type\":\"ImageObject\",\"inLanguage\":\"de\",\"@id\":\"https:\/\/www.daisho.be\/de\/#\/schema\/logo\/image\/\",\"url\":\"https:\/\/www.daisho.be\/wp-content\/uploads\/2019\/07\/color-nothing-horizontale4x-e1564486100247.png\",\"contentUrl\":\"https:\/\/www.daisho.be\/wp-content\/uploads\/2019\/07\/color-nothing-horizontale4x-e1564486100247.png\",\"width\":1547,\"height\":385,\"caption\":\"Daisho\"},\"image\":{\"@id\":\"https:\/\/www.daisho.be\/de\/#\/schema\/logo\/image\/\"}}]}<\/script>\n<!-- \/ Yoast SEO plugin. -->","yoast_head_json":{"title":"JUDO-HOSE DAX KIDS WEISS &#8211; Daisho","description":"Brauchen Sie eine Judohose f\u00fcr Ihre Kinder? Entdecken Sie die Judojacke der Marke Dax, die Komfort und Qualit\u00e4t verbindet. Kaufen Sie sie auf unserer Website www.dzisho.be|Daisho","robots":{"index":"index","follow":"follow","max-snippet":"max-snippet:-1","max-image-preview":"max-image-preview:large","max-video-preview":"max-video-preview:-1"},"canonical":"https:\/\/www.daisho.be\/de\/produit\/judo-hose-dax-kids-weiss\/","og_locale":"de_DE","og_type":"article","og_title":"JUDO-HOSE DAX KIDS WEISS &#8211; Daisho","og_description":"Brauchen Sie eine Judohose f\u00fcr Ihre Kinder? Entdecken Sie die Judojacke der Marke Dax, die Komfort und Qualit\u00e4t verbindet. Kaufen Sie sie auf unserer Website www.dzisho.be|Daisho","og_url":"https:\/\/www.daisho.be\/de\/produit\/judo-hose-dax-kids-weiss\/","og_site_name":"Daisho","article_modified_time":"2025-12-22T11:54:06+00:00","og_image":[{"width":736,"height":1040,"url":"https:\/\/www.daisho.be\/wp-content\/uploads\/2023\/03\/image-20.jpg","type":"image\/jpeg"}],"twitter_card":"summary_large_image","schema":{"@context":"https:\/\/schema.org","@graph":[{"@type":"WebPage","@id":"https:\/\/www.daisho.be\/de\/produit\/judo-hose-dax-kids-weiss\/","url":"https:\/\/www.daisho.be\/de\/produit\/judo-hose-dax-kids-weiss\/","name":"JUDO-HOSE DAX KIDS WEISS &#8211; Daisho","isPartOf":{"@id":"https:\/\/www.daisho.be\/de\/#website"},"primaryImageOfPage":{"@id":"https:\/\/www.daisho.be\/de\/produit\/judo-hose-dax-kids-weiss\/#primaryimage"},"image":{"@id":"https:\/\/www.daisho.be\/de\/produit\/judo-hose-dax-kids-weiss\/#primaryimage"},"thumbnailUrl":"https:\/\/www.daisho.be\/wp-content\/uploads\/2023\/03\/image-20.jpg","datePublished":"2019-09-23T09:25:20+00:00","dateModified":"2025-12-22T11:54:06+00:00","description":"Brauchen Sie eine Judohose f\u00fcr Ihre Kinder? Entdecken Sie die Judojacke der Marke Dax, die Komfort und Qualit\u00e4t verbindet. Kaufen Sie sie auf unserer Website www.dzisho.be|Daisho","breadcrumb":{"@id":"https:\/\/www.daisho.be\/de\/produit\/judo-hose-dax-kids-weiss\/#breadcrumb"},"inLanguage":"de","potentialAction":[{"@type":"ReadAction","target":["https:\/\/www.daisho.be\/de\/produit\/judo-hose-dax-kids-weiss\/"]}]},{"@type":"ImageObject","inLanguage":"de","@id":"https:\/\/www.daisho.be\/de\/produit\/judo-hose-dax-kids-weiss\/#primaryimage","url":"https:\/\/www.daisho.be\/wp-content\/uploads\/2023\/03\/image-20.jpg","contentUrl":"https:\/\/www.daisho.be\/wp-content\/uploads\/2023\/03\/image-20.jpg","width":736,"height":1040,"caption":"JUDO-HOSE DAX KIDS WEISS-1"},{"@type":"BreadcrumbList","@id":"https:\/\/www.daisho.be\/de\/produit\/judo-hose-dax-kids-weiss\/#breadcrumb","itemListElement":[{"@type":"ListItem","position":1,"name":"Accueil","item":"https:\/\/www.daisho.be\/de\/"},{"@type":"ListItem","position":2,"name":"Produkte","item":"https:\/\/www.daisho.be\/de\/produkte\/"},{"@type":"ListItem","position":3,"name":"Ausr\u00fcstung und Kleidung f\u00fcr Kampfkunst und Kampfsport","item":"https:\/\/www.daisho.be\/de\/categorie-produit\/ausrustung-und-kleidung-fur-kampfkunst-und-kampfsport\/"},{"@type":"ListItem","position":4,"name":"A\u00efkido","item":"https:\/\/www.daisho.be\/de\/categorie-produit\/ausrustung-und-kleidung-fur-kampfkunst-und-kampfsport\/aikido-de\/"},{"@type":"ListItem","position":5,"name":"Aikido Kimonos","item":"https:\/\/www.daisho.be\/de\/categorie-produit\/ausrustung-und-kleidung-fur-kampfkunst-und-kampfsport\/aikido-de\/aikido-kimonos-de\/"},{"@type":"ListItem","position":6,"name":"JUDO-HOSE DAX KIDS WEISS"}]},{"@type":"WebSite","@id":"https:\/\/www.daisho.be\/de\/#website","url":"https:\/\/www.daisho.be\/de\/","name":"Daisho","description":"Sp&eacute;cialiste de l'&eacute;quipement sportif d'arts martiaux","publisher":{"@id":"https:\/\/www.daisho.be\/de\/#organization"},"potentialAction":[{"@type":"SearchAction","target":{"@type":"EntryPoint","urlTemplate":"https:\/\/www.daisho.be\/de\/?s={search_term_string}"},"query-input":{"@type":"PropertyValueSpecification","valueRequired":true,"valueName":"search_term_string"}}],"inLanguage":"de"},{"@type":"Organization","@id":"https:\/\/www.daisho.be\/de\/#organization","name":"Daisho","url":"https:\/\/www.daisho.be\/de\/","logo":{"@type":"ImageObject","inLanguage":"de","@id":"https:\/\/www.daisho.be\/de\/#\/schema\/logo\/image\/","url":"https:\/\/www.daisho.be\/wp-content\/uploads\/2019\/07\/color-nothing-horizontale4x-e1564486100247.png","contentUrl":"https:\/\/www.daisho.be\/wp-content\/uploads\/2019\/07\/color-nothing-horizontale4x-e1564486100247.png","width":1547,"height":385,"caption":"Daisho"},"image":{"@id":"https:\/\/www.daisho.be\/de\/#\/schema\/logo\/image\/"}}]}},"_links":{"self":[{"href":"https:\/\/www.daisho.be\/de\/wp-json\/wp\/v2\/product\/452495","targetHints":{"allow":["GET"]}}],"collection":[{"href":"https:\/\/www.daisho.be\/de\/wp-json\/wp\/v2\/product"}],"about":[{"href":"https:\/\/www.daisho.be\/de\/wp-json\/wp\/v2\/types\/product"}],"replies":[{"embeddable":true,"href":"https:\/\/www.daisho.be\/de\/wp-json\/wp\/v2\/comments?post=452495"}],"wp:featuredmedia":[{"embeddable":true,"href":"https:\/\/www.daisho.be\/de\/wp-json\/wp\/v2\/media\/452512"}],"wp:attachment":[{"href":"https:\/\/www.daisho.be\/de\/wp-json\/wp\/v2\/media?parent=452495"}],"wp:term":[{"taxonomy":"product_brand","embeddable":true,"href":"https:\/\/www.daisho.be\/de\/wp-json\/wp\/v2\/product_brand?post=452495"},{"taxonomy":"product_cat","embeddable":true,"href":"https:\/\/www.daisho.be\/de\/wp-json\/wp\/v2\/product_cat?post=452495"},{"taxonomy":"product_tag","embeddable":true,"href":"https:\/\/www.daisho.be\/de\/wp-json\/wp\/v2\/product_tag?post=452495"},{"taxonomy":"sport","embeddable":true,"href":"https:\/\/www.daisho.be\/de\/wp-json\/wp\/v2\/sport?post=452495"}],"curies":[{"name":"wp","href":"https:\/\/api.w.org\/{rel}","templated":true}]}}