{"id":452456,"date":"2019-09-25T19:41:27","date_gmt":"2019-09-25T17:41:27","guid":{"rendered":"https:\/\/www.daisho.be\/produit\/boxhandschuhe-dax-edition-olivgruen\/"},"modified":"2019-09-25T19:41:27","modified_gmt":"2019-09-25T17:41:27","slug":"boxhandschuhe-dax-edition-olivgruen","status":"publish","type":"product","link":"https:\/\/www.daisho.be\/de\/produit\/boxhandschuhe-dax-edition-olivgruen\/","title":{"rendered":"BOXHANDSCHUHE DAX EDITION OLIVGR\u00dcN"},"content":{"rendered":"<p>Die DAX Edition Boxhandschuhe zeichnen sich durch eine ideale Passform, ein geringes Gewicht und eine hervorragende Polsterung aus.<br \/>\nDas Secure Velcro System sorgt f\u00fcr eine rutschfeste Passform und stabilisiert das Handgelenk. Die Mesh-Eins\u00e4tze auf der Innenseite sorgen f\u00fcr eine optimale Bel\u00fcftung.<br \/>\nMerkmale:<br \/>\n&#8211; robustes PU,<br \/>\n&#8211; handgefertigtes Produkt,<br \/>\n&#8211; robust und langlebig,<br \/>\n&#8211; ergonomische Passform,<br \/>\n&#8211; breiter Klettverschluss,<br \/>\n&#8211; in Deutschland entworfen,<br \/>\n&#8211; Farbe: olivgr\u00fcn. <\/p>\n","protected":false},"excerpt":{"rendered":"<p>Die DAX Edition Boxhandschuhe zeichnen sich durch eine ideale Passform, ein geringes Gewicht und eine hervorragende Polsterung aus. Das Secure Velcro System sorgt f\u00fcr eine rutschfeste Passform und stabilisiert das Handgelenk. Die Mesh-Eins\u00e4tze auf der Innenseite sorgen f\u00fcr eine optimale Bel\u00fcftung. Merkmale: &#8211; robustes PU, &#8211; handgefertigtes Produkt, &#8211; robust und langlebig, &#8211; ergonomische Passform, [&hellip;]<\/p>\n","protected":false},"featured_media":452462,"comment_status":"closed","ping_status":"closed","template":"","meta":{"inline_featured_image":false},"product_brand":[],"product_cat":[2072,2070,2051],"product_tag":[2040],"sport":[448,446],"class_list":{"0":"post-452456","1":"product","2":"type-product","3":"status-publish","4":"has-post-thumbnail","6":"product_cat-boxhandschuhe","7":"product_cat-kick-boxing-handschuhe","8":"product_cat-schutz","9":"product_tag-dax-de","10":"pa_size-372","11":"pa_size-371","12":"pa_size-370","13":"pa_size-439","14":"sport-kick-boxing","15":"sport-boxe","17":"first","18":"instock","19":"taxable","20":"shipping-taxable","21":"purchasable","22":"product-type-variable"},"yoast_head":"<!-- This site is optimized with the Yoast SEO plugin v27.2 - https:\/\/yoast.com\/product\/yoast-seo-wordpress\/ -->\n<title>Dax Boxhandschuhe Special Edition olivgr\u00fcn | Daisho<\/title>\n<meta name=\"description\" content=\"Hochwertige Boxhandschuhe f\u00fcr das Training und den Wettkampf von Kampfsportarten. Wollen Sie Ihr Bestes geben? Bestellen Sie sie in unserem Shop\" \/>\n<meta name=\"robots\" content=\"index, follow, max-snippet:-1, max-image-preview:large, max-video-preview:-1\" \/>\n<link rel=\"canonical\" href=\"https:\/\/www.daisho.be\/de\/produit\/boxhandschuhe-dax-edition-olivgruen\/\" \/>\n<meta property=\"og:locale\" content=\"de_DE\" \/>\n<meta property=\"og:type\" content=\"article\" \/>\n<meta property=\"og:title\" content=\"Dax Boxhandschuhe Special Edition olivgr\u00fcn | Daisho\" \/>\n<meta property=\"og:description\" content=\"Hochwertige Boxhandschuhe f\u00fcr das Training und den Wettkampf von Kampfsportarten. Wollen Sie Ihr Bestes geben? Bestellen Sie sie in unserem Shop\" \/>\n<meta property=\"og:url\" content=\"https:\/\/www.daisho.be\/de\/produit\/boxhandschuhe-dax-edition-olivgruen\/\" \/>\n<meta property=\"og:site_name\" content=\"Daisho\" \/>\n<meta property=\"og:image\" content=\"https:\/\/www.daisho.be\/wp-content\/uploads\/2023\/03\/image-156.jpg\" \/>\n\t<meta property=\"og:image:width\" content=\"1359\" \/>\n\t<meta property=\"og:image:height\" content=\"1920\" \/>\n\t<meta property=\"og:image:type\" content=\"image\/jpeg\" \/>\n<meta name=\"twitter:card\" content=\"summary_large_image\" \/>\n<script type=\"application\/ld+json\" class=\"yoast-schema-graph\">{\"@context\":\"https:\/\/schema.org\",\"@graph\":[{\"@type\":\"WebPage\",\"@id\":\"https:\/\/www.daisho.be\/de\/produit\/boxhandschuhe-dax-edition-olivgruen\/\",\"url\":\"https:\/\/www.daisho.be\/de\/produit\/boxhandschuhe-dax-edition-olivgruen\/\",\"name\":\"Dax Boxhandschuhe Special Edition olivgr\u00fcn | Daisho\",\"isPartOf\":{\"@id\":\"https:\/\/www.daisho.be\/de\/#website\"},\"primaryImageOfPage\":{\"@id\":\"https:\/\/www.daisho.be\/de\/produit\/boxhandschuhe-dax-edition-olivgruen\/#primaryimage\"},\"image\":{\"@id\":\"https:\/\/www.daisho.be\/de\/produit\/boxhandschuhe-dax-edition-olivgruen\/#primaryimage\"},\"thumbnailUrl\":\"https:\/\/www.daisho.be\/wp-content\/uploads\/2023\/03\/image-156.jpg\",\"datePublished\":\"2019-09-25T17:41:27+00:00\",\"description\":\"Hochwertige Boxhandschuhe f\u00fcr das Training und den Wettkampf von Kampfsportarten. Wollen Sie Ihr Bestes geben? Bestellen Sie sie in unserem Shop\",\"breadcrumb\":{\"@id\":\"https:\/\/www.daisho.be\/de\/produit\/boxhandschuhe-dax-edition-olivgruen\/#breadcrumb\"},\"inLanguage\":\"de\",\"potentialAction\":[{\"@type\":\"ReadAction\",\"target\":[\"https:\/\/www.daisho.be\/de\/produit\/boxhandschuhe-dax-edition-olivgruen\/\"]}]},{\"@type\":\"ImageObject\",\"inLanguage\":\"de\",\"@id\":\"https:\/\/www.daisho.be\/de\/produit\/boxhandschuhe-dax-edition-olivgruen\/#primaryimage\",\"url\":\"https:\/\/www.daisho.be\/wp-content\/uploads\/2023\/03\/image-156.jpg\",\"contentUrl\":\"https:\/\/www.daisho.be\/wp-content\/uploads\/2023\/03\/image-156.jpg\",\"width\":1359,\"height\":1920},{\"@type\":\"BreadcrumbList\",\"@id\":\"https:\/\/www.daisho.be\/de\/produit\/boxhandschuhe-dax-edition-olivgruen\/#breadcrumb\",\"itemListElement\":[{\"@type\":\"ListItem\",\"position\":1,\"name\":\"Accueil\",\"item\":\"https:\/\/www.daisho.be\/de\/\"},{\"@type\":\"ListItem\",\"position\":2,\"name\":\"Produkte\",\"item\":\"https:\/\/www.daisho.be\/de\/produkte\/\"},{\"@type\":\"ListItem\",\"position\":3,\"name\":\"Ausr\u00fcstung und Kleidung f\u00fcr Kampfkunst und Kampfsport\",\"item\":\"https:\/\/www.daisho.be\/de\/categorie-produit\/ausrustung-und-kleidung-fur-kampfkunst-und-kampfsport\/\"},{\"@type\":\"ListItem\",\"position\":4,\"name\":\"Boxen\",\"item\":\"https:\/\/www.daisho.be\/de\/categorie-produit\/ausrustung-und-kleidung-fur-kampfkunst-und-kampfsport\/boxen-de\/\"},{\"@type\":\"ListItem\",\"position\":5,\"name\":\"Boxhandschuhe\",\"item\":\"https:\/\/www.daisho.be\/de\/categorie-produit\/ausrustung-und-kleidung-fur-kampfkunst-und-kampfsport\/boxen-de\/boxhandschuhe\/\"},{\"@type\":\"ListItem\",\"position\":6,\"name\":\"BOXHANDSCHUHE DAX EDITION OLIVGR\u00dcN\"}]},{\"@type\":\"WebSite\",\"@id\":\"https:\/\/www.daisho.be\/de\/#website\",\"url\":\"https:\/\/www.daisho.be\/de\/\",\"name\":\"Daisho\",\"description\":\"Sp&eacute;cialiste de l'&eacute;quipement sportif d'arts martiaux\",\"publisher\":{\"@id\":\"https:\/\/www.daisho.be\/de\/#organization\"},\"potentialAction\":[{\"@type\":\"SearchAction\",\"target\":{\"@type\":\"EntryPoint\",\"urlTemplate\":\"https:\/\/www.daisho.be\/de\/?s={search_term_string}\"},\"query-input\":{\"@type\":\"PropertyValueSpecification\",\"valueRequired\":true,\"valueName\":\"search_term_string\"}}],\"inLanguage\":\"de\"},{\"@type\":\"Organization\",\"@id\":\"https:\/\/www.daisho.be\/de\/#organization\",\"name\":\"Daisho\",\"url\":\"https:\/\/www.daisho.be\/de\/\",\"logo\":{\"@type\":\"ImageObject\",\"inLanguage\":\"de\",\"@id\":\"https:\/\/www.daisho.be\/de\/#\/schema\/logo\/image\/\",\"url\":\"https:\/\/www.daisho.be\/wp-content\/uploads\/2019\/07\/color-nothing-horizontale4x-e1564486100247.png\",\"contentUrl\":\"https:\/\/www.daisho.be\/wp-content\/uploads\/2019\/07\/color-nothing-horizontale4x-e1564486100247.png\",\"width\":1547,\"height\":385,\"caption\":\"Daisho\"},\"image\":{\"@id\":\"https:\/\/www.daisho.be\/de\/#\/schema\/logo\/image\/\"}}]}<\/script>\n<!-- \/ Yoast SEO plugin. -->","yoast_head_json":{"title":"Dax Boxhandschuhe Special Edition olivgr\u00fcn | Daisho","description":"Hochwertige Boxhandschuhe f\u00fcr das Training und den Wettkampf von Kampfsportarten. Wollen Sie Ihr Bestes geben? Bestellen Sie sie in unserem Shop","robots":{"index":"index","follow":"follow","max-snippet":"max-snippet:-1","max-image-preview":"max-image-preview:large","max-video-preview":"max-video-preview:-1"},"canonical":"https:\/\/www.daisho.be\/de\/produit\/boxhandschuhe-dax-edition-olivgruen\/","og_locale":"de_DE","og_type":"article","og_title":"Dax Boxhandschuhe Special Edition olivgr\u00fcn | Daisho","og_description":"Hochwertige Boxhandschuhe f\u00fcr das Training und den Wettkampf von Kampfsportarten. Wollen Sie Ihr Bestes geben? Bestellen Sie sie in unserem Shop","og_url":"https:\/\/www.daisho.be\/de\/produit\/boxhandschuhe-dax-edition-olivgruen\/","og_site_name":"Daisho","og_image":[{"width":1359,"height":1920,"url":"https:\/\/www.daisho.be\/wp-content\/uploads\/2023\/03\/image-156.jpg","type":"image\/jpeg"}],"twitter_card":"summary_large_image","schema":{"@context":"https:\/\/schema.org","@graph":[{"@type":"WebPage","@id":"https:\/\/www.daisho.be\/de\/produit\/boxhandschuhe-dax-edition-olivgruen\/","url":"https:\/\/www.daisho.be\/de\/produit\/boxhandschuhe-dax-edition-olivgruen\/","name":"Dax Boxhandschuhe Special Edition olivgr\u00fcn | Daisho","isPartOf":{"@id":"https:\/\/www.daisho.be\/de\/#website"},"primaryImageOfPage":{"@id":"https:\/\/www.daisho.be\/de\/produit\/boxhandschuhe-dax-edition-olivgruen\/#primaryimage"},"image":{"@id":"https:\/\/www.daisho.be\/de\/produit\/boxhandschuhe-dax-edition-olivgruen\/#primaryimage"},"thumbnailUrl":"https:\/\/www.daisho.be\/wp-content\/uploads\/2023\/03\/image-156.jpg","datePublished":"2019-09-25T17:41:27+00:00","description":"Hochwertige Boxhandschuhe f\u00fcr das Training und den Wettkampf von Kampfsportarten. Wollen Sie Ihr Bestes geben? Bestellen Sie sie in unserem Shop","breadcrumb":{"@id":"https:\/\/www.daisho.be\/de\/produit\/boxhandschuhe-dax-edition-olivgruen\/#breadcrumb"},"inLanguage":"de","potentialAction":[{"@type":"ReadAction","target":["https:\/\/www.daisho.be\/de\/produit\/boxhandschuhe-dax-edition-olivgruen\/"]}]},{"@type":"ImageObject","inLanguage":"de","@id":"https:\/\/www.daisho.be\/de\/produit\/boxhandschuhe-dax-edition-olivgruen\/#primaryimage","url":"https:\/\/www.daisho.be\/wp-content\/uploads\/2023\/03\/image-156.jpg","contentUrl":"https:\/\/www.daisho.be\/wp-content\/uploads\/2023\/03\/image-156.jpg","width":1359,"height":1920},{"@type":"BreadcrumbList","@id":"https:\/\/www.daisho.be\/de\/produit\/boxhandschuhe-dax-edition-olivgruen\/#breadcrumb","itemListElement":[{"@type":"ListItem","position":1,"name":"Accueil","item":"https:\/\/www.daisho.be\/de\/"},{"@type":"ListItem","position":2,"name":"Produkte","item":"https:\/\/www.daisho.be\/de\/produkte\/"},{"@type":"ListItem","position":3,"name":"Ausr\u00fcstung und Kleidung f\u00fcr Kampfkunst und Kampfsport","item":"https:\/\/www.daisho.be\/de\/categorie-produit\/ausrustung-und-kleidung-fur-kampfkunst-und-kampfsport\/"},{"@type":"ListItem","position":4,"name":"Boxen","item":"https:\/\/www.daisho.be\/de\/categorie-produit\/ausrustung-und-kleidung-fur-kampfkunst-und-kampfsport\/boxen-de\/"},{"@type":"ListItem","position":5,"name":"Boxhandschuhe","item":"https:\/\/www.daisho.be\/de\/categorie-produit\/ausrustung-und-kleidung-fur-kampfkunst-und-kampfsport\/boxen-de\/boxhandschuhe\/"},{"@type":"ListItem","position":6,"name":"BOXHANDSCHUHE DAX EDITION OLIVGR\u00dcN"}]},{"@type":"WebSite","@id":"https:\/\/www.daisho.be\/de\/#website","url":"https:\/\/www.daisho.be\/de\/","name":"Daisho","description":"Sp&eacute;cialiste de l'&eacute;quipement sportif d'arts martiaux","publisher":{"@id":"https:\/\/www.daisho.be\/de\/#organization"},"potentialAction":[{"@type":"SearchAction","target":{"@type":"EntryPoint","urlTemplate":"https:\/\/www.daisho.be\/de\/?s={search_term_string}"},"query-input":{"@type":"PropertyValueSpecification","valueRequired":true,"valueName":"search_term_string"}}],"inLanguage":"de"},{"@type":"Organization","@id":"https:\/\/www.daisho.be\/de\/#organization","name":"Daisho","url":"https:\/\/www.daisho.be\/de\/","logo":{"@type":"ImageObject","inLanguage":"de","@id":"https:\/\/www.daisho.be\/de\/#\/schema\/logo\/image\/","url":"https:\/\/www.daisho.be\/wp-content\/uploads\/2019\/07\/color-nothing-horizontale4x-e1564486100247.png","contentUrl":"https:\/\/www.daisho.be\/wp-content\/uploads\/2019\/07\/color-nothing-horizontale4x-e1564486100247.png","width":1547,"height":385,"caption":"Daisho"},"image":{"@id":"https:\/\/www.daisho.be\/de\/#\/schema\/logo\/image\/"}}]}},"_links":{"self":[{"href":"https:\/\/www.daisho.be\/de\/wp-json\/wp\/v2\/product\/452456","targetHints":{"allow":["GET"]}}],"collection":[{"href":"https:\/\/www.daisho.be\/de\/wp-json\/wp\/v2\/product"}],"about":[{"href":"https:\/\/www.daisho.be\/de\/wp-json\/wp\/v2\/types\/product"}],"replies":[{"embeddable":true,"href":"https:\/\/www.daisho.be\/de\/wp-json\/wp\/v2\/comments?post=452456"}],"wp:featuredmedia":[{"embeddable":true,"href":"https:\/\/www.daisho.be\/de\/wp-json\/wp\/v2\/media\/452462"}],"wp:attachment":[{"href":"https:\/\/www.daisho.be\/de\/wp-json\/wp\/v2\/media?parent=452456"}],"wp:term":[{"taxonomy":"product_brand","embeddable":true,"href":"https:\/\/www.daisho.be\/de\/wp-json\/wp\/v2\/product_brand?post=452456"},{"taxonomy":"product_cat","embeddable":true,"href":"https:\/\/www.daisho.be\/de\/wp-json\/wp\/v2\/product_cat?post=452456"},{"taxonomy":"product_tag","embeddable":true,"href":"https:\/\/www.daisho.be\/de\/wp-json\/wp\/v2\/product_tag?post=452456"},{"taxonomy":"sport","embeddable":true,"href":"https:\/\/www.daisho.be\/de\/wp-json\/wp\/v2\/sport?post=452456"}],"curies":[{"name":"wp","href":"https:\/\/api.w.org\/{rel}","templated":true}]}}