{"id":451495,"date":"2019-10-16T21:37:52","date_gmt":"2019-10-16T19:37:52","guid":{"rendered":"https:\/\/www.daisho.be\/produit\/taekwondo-helm-weiss\/"},"modified":"2025-10-09T13:46:56","modified_gmt":"2025-10-09T11:46:56","slug":"taekwondo-helm-weiss","status":"publish","type":"product","link":"https:\/\/www.daisho.be\/de\/produit\/taekwondo-helm-weiss\/","title":{"rendered":"TAEKWONDO-HELM WEISS"},"content":{"rendered":"<p>Leichter Taekwondo-Helm f\u00fcr den Wettkampf.<br \/>\nKopfverletzungen werden durch den weichen und sehr haltbaren D\u00e4mpfungsschaum zuverl\u00e4ssig vermieden. Das geringe Gewicht und die gute Passform sorgen f\u00fcr optimalen Tragekomfort und Schutz des Kopfes w\u00e4hrend des Kampfes.<br \/>\nMerkmale:<br \/>\n&#8211; Schaumstoffpolsterung,<br \/>\n&#8211; tauchbeschichtete Oberfl\u00e4che,<br \/>\n&#8211; schwei\u00dfbest\u00e4ndig und leicht waschbar,<br \/>\n&#8211; mit Geh\u00f6rschutz,<br \/>\n&#8211; verstellbarer Klettverschlussriemen,<br \/>\n&#8211; &#8222;CE&#8220;-gepr\u00fcftes Produkt,<\/p>\n<p>Gr\u00f6\u00dfenf\u00fchrer:<\/p>\n<p> Gr\u00f6\u00dfe XS (51-53 cm)<br \/>\n Gr\u00f6\u00dfe S (53-55 cm)<br \/>\n Gr\u00f6\u00dfe M (55-57 cm)<br \/>\n Gr\u00f6\u00dfe L (57-59 cm)<br \/>\n Gr\u00f6\u00dfe XL (59-61 cm)<\/p>\n<p><i class=\"fa fa-clock-o\"><\/i>  VERF\u00dcGBARKEIT: MAI \/ JUNI 2025<\/p>\n","protected":false},"excerpt":{"rendered":"<p>Leichter Taekwondo-Helm f\u00fcr den Wettkampf. Kopfverletzungen werden durch den weichen und sehr haltbaren D\u00e4mpfungsschaum zuverl\u00e4ssig vermieden. Das geringe Gewicht und die gute Passform sorgen f\u00fcr optimalen Tragekomfort und Schutz des Kopfes w\u00e4hrend des Kampfes. Merkmale: &#8211; Schaumstoffpolsterung, &#8211; tauchbeschichtete Oberfl\u00e4che, &#8211; schwei\u00dfbest\u00e4ndig und leicht waschbar, &#8211; mit Geh\u00f6rschutz, &#8211; verstellbarer Klettverschlussriemen, &#8211; &#8222;CE&#8220;-gepr\u00fcftes Produkt, Gr\u00f6\u00dfenf\u00fchrer: [&hellip;]<\/p>\n","protected":false},"featured_media":451508,"comment_status":"closed","ping_status":"closed","template":"","meta":{"inline_featured_image":false},"product_brand":[],"product_cat":[2062,2051,2092],"product_tag":[2040],"sport":[79],"class_list":{"0":"post-451495","1":"product","2":"type-product","3":"status-publish","4":"has-post-thumbnail","6":"product_cat-karate-schutzkleidung","7":"product_cat-schutz","8":"product_cat-taekwondo-protektoren","9":"product_tag-dax-de","10":"pa_size-l","11":"pa_size-m","12":"pa_size-s","13":"pa_size-xl","14":"pa_size-xs","15":"sport-taekwondo","17":"first","18":"instock","19":"taxable","20":"shipping-taxable","21":"purchasable","22":"product-type-variable"},"yoast_head":"<!-- This site is optimized with the Yoast SEO plugin v27.2 - https:\/\/yoast.com\/product\/yoast-seo-wordpress\/ -->\n<title>Taekwondo-Helm wei\u00df | Daisho Martial Arts Shop<\/title>\n<meta name=\"description\" content=\"Taekwondo Helm CE. Ultraleicht, waschbar. Absorbierender Schaumstoff, Geh\u00f6rschutz, perfekte Passform. Perfekt f\u00fcr Wettk\u00e4mpfer!\" \/>\n<meta name=\"robots\" content=\"index, follow, max-snippet:-1, max-image-preview:large, max-video-preview:-1\" \/>\n<link rel=\"canonical\" href=\"https:\/\/www.daisho.be\/de\/produit\/taekwondo-helm-weiss\/\" \/>\n<meta property=\"og:locale\" content=\"de_DE\" \/>\n<meta property=\"og:type\" content=\"article\" \/>\n<meta property=\"og:title\" content=\"Taekwondo-Helm wei\u00df | Daisho Martial Arts Shop\" \/>\n<meta property=\"og:description\" content=\"Taekwondo Helm CE. Ultraleicht, waschbar. Absorbierender Schaumstoff, Geh\u00f6rschutz, perfekte Passform. Perfekt f\u00fcr Wettk\u00e4mpfer!\" \/>\n<meta property=\"og:url\" content=\"https:\/\/www.daisho.be\/de\/produit\/taekwondo-helm-weiss\/\" \/>\n<meta property=\"og:site_name\" content=\"Daisho\" \/>\n<meta property=\"article:modified_time\" content=\"2025-10-09T11:46:56+00:00\" \/>\n<meta property=\"og:image\" content=\"https:\/\/www.daisho.be\/wp-content\/uploads\/2024\/02\/image-48.jpg\" \/>\n\t<meta property=\"og:image:width\" content=\"856\" \/>\n\t<meta property=\"og:image:height\" content=\"1209\" \/>\n\t<meta property=\"og:image:type\" content=\"image\/jpeg\" \/>\n<meta name=\"twitter:card\" content=\"summary_large_image\" \/>\n<script type=\"application\/ld+json\" class=\"yoast-schema-graph\">{\"@context\":\"https:\/\/schema.org\",\"@graph\":[{\"@type\":\"WebPage\",\"@id\":\"https:\/\/www.daisho.be\/de\/produit\/taekwondo-helm-weiss\/\",\"url\":\"https:\/\/www.daisho.be\/de\/produit\/taekwondo-helm-weiss\/\",\"name\":\"Taekwondo-Helm wei\u00df | Daisho Martial Arts Shop\",\"isPartOf\":{\"@id\":\"https:\/\/www.daisho.be\/de\/#website\"},\"primaryImageOfPage\":{\"@id\":\"https:\/\/www.daisho.be\/de\/produit\/taekwondo-helm-weiss\/#primaryimage\"},\"image\":{\"@id\":\"https:\/\/www.daisho.be\/de\/produit\/taekwondo-helm-weiss\/#primaryimage\"},\"thumbnailUrl\":\"https:\/\/www.daisho.be\/wp-content\/uploads\/2024\/02\/image-48.jpg\",\"datePublished\":\"2019-10-16T19:37:52+00:00\",\"dateModified\":\"2025-10-09T11:46:56+00:00\",\"description\":\"Taekwondo Helm CE. Ultraleicht, waschbar. Absorbierender Schaumstoff, Geh\u00f6rschutz, perfekte Passform. Perfekt f\u00fcr Wettk\u00e4mpfer!\",\"breadcrumb\":{\"@id\":\"https:\/\/www.daisho.be\/de\/produit\/taekwondo-helm-weiss\/#breadcrumb\"},\"inLanguage\":\"de\",\"potentialAction\":[{\"@type\":\"ReadAction\",\"target\":[\"https:\/\/www.daisho.be\/de\/produit\/taekwondo-helm-weiss\/\"]}]},{\"@type\":\"ImageObject\",\"inLanguage\":\"de\",\"@id\":\"https:\/\/www.daisho.be\/de\/produit\/taekwondo-helm-weiss\/#primaryimage\",\"url\":\"https:\/\/www.daisho.be\/wp-content\/uploads\/2024\/02\/image-48.jpg\",\"contentUrl\":\"https:\/\/www.daisho.be\/wp-content\/uploads\/2024\/02\/image-48.jpg\",\"width\":856,\"height\":1209,\"caption\":\"TAEKWONDO-HELM WEISS-1\"},{\"@type\":\"BreadcrumbList\",\"@id\":\"https:\/\/www.daisho.be\/de\/produit\/taekwondo-helm-weiss\/#breadcrumb\",\"itemListElement\":[{\"@type\":\"ListItem\",\"position\":1,\"name\":\"Accueil\",\"item\":\"https:\/\/www.daisho.be\/de\/\"},{\"@type\":\"ListItem\",\"position\":2,\"name\":\"Produkte\",\"item\":\"https:\/\/www.daisho.be\/de\/produkte\/\"},{\"@type\":\"ListItem\",\"position\":3,\"name\":\"Ausr\u00fcstung und Kleidung f\u00fcr Kampfkunst und Kampfsport\",\"item\":\"https:\/\/www.daisho.be\/de\/categorie-produit\/ausrustung-und-kleidung-fur-kampfkunst-und-kampfsport\/\"},{\"@type\":\"ListItem\",\"position\":4,\"name\":\"Karate\",\"item\":\"https:\/\/www.daisho.be\/de\/categorie-produit\/ausrustung-und-kleidung-fur-kampfkunst-und-kampfsport\/karate-de-2\/\"},{\"@type\":\"ListItem\",\"position\":5,\"name\":\"Karate-Schutzkleidung\",\"item\":\"https:\/\/www.daisho.be\/de\/categorie-produit\/ausrustung-und-kleidung-fur-kampfkunst-und-kampfsport\/karate-de-2\/karate-schutzkleidung\/\"},{\"@type\":\"ListItem\",\"position\":6,\"name\":\"TAEKWONDO-HELM WEISS\"}]},{\"@type\":\"WebSite\",\"@id\":\"https:\/\/www.daisho.be\/de\/#website\",\"url\":\"https:\/\/www.daisho.be\/de\/\",\"name\":\"Daisho\",\"description\":\"Sp&eacute;cialiste de l'&eacute;quipement sportif d'arts martiaux\",\"publisher\":{\"@id\":\"https:\/\/www.daisho.be\/de\/#organization\"},\"potentialAction\":[{\"@type\":\"SearchAction\",\"target\":{\"@type\":\"EntryPoint\",\"urlTemplate\":\"https:\/\/www.daisho.be\/de\/?s={search_term_string}\"},\"query-input\":{\"@type\":\"PropertyValueSpecification\",\"valueRequired\":true,\"valueName\":\"search_term_string\"}}],\"inLanguage\":\"de\"},{\"@type\":\"Organization\",\"@id\":\"https:\/\/www.daisho.be\/de\/#organization\",\"name\":\"Daisho\",\"url\":\"https:\/\/www.daisho.be\/de\/\",\"logo\":{\"@type\":\"ImageObject\",\"inLanguage\":\"de\",\"@id\":\"https:\/\/www.daisho.be\/de\/#\/schema\/logo\/image\/\",\"url\":\"https:\/\/www.daisho.be\/wp-content\/uploads\/2019\/07\/color-nothing-horizontale4x-e1564486100247.png\",\"contentUrl\":\"https:\/\/www.daisho.be\/wp-content\/uploads\/2019\/07\/color-nothing-horizontale4x-e1564486100247.png\",\"width\":1547,\"height\":385,\"caption\":\"Daisho\"},\"image\":{\"@id\":\"https:\/\/www.daisho.be\/de\/#\/schema\/logo\/image\/\"}}]}<\/script>\n<!-- \/ Yoast SEO plugin. -->","yoast_head_json":{"title":"Taekwondo-Helm wei\u00df | Daisho Martial Arts Shop","description":"Taekwondo Helm CE. Ultraleicht, waschbar. Absorbierender Schaumstoff, Geh\u00f6rschutz, perfekte Passform. Perfekt f\u00fcr Wettk\u00e4mpfer!","robots":{"index":"index","follow":"follow","max-snippet":"max-snippet:-1","max-image-preview":"max-image-preview:large","max-video-preview":"max-video-preview:-1"},"canonical":"https:\/\/www.daisho.be\/de\/produit\/taekwondo-helm-weiss\/","og_locale":"de_DE","og_type":"article","og_title":"Taekwondo-Helm wei\u00df | Daisho Martial Arts Shop","og_description":"Taekwondo Helm CE. Ultraleicht, waschbar. Absorbierender Schaumstoff, Geh\u00f6rschutz, perfekte Passform. Perfekt f\u00fcr Wettk\u00e4mpfer!","og_url":"https:\/\/www.daisho.be\/de\/produit\/taekwondo-helm-weiss\/","og_site_name":"Daisho","article_modified_time":"2025-10-09T11:46:56+00:00","og_image":[{"width":856,"height":1209,"url":"https:\/\/www.daisho.be\/wp-content\/uploads\/2024\/02\/image-48.jpg","type":"image\/jpeg"}],"twitter_card":"summary_large_image","schema":{"@context":"https:\/\/schema.org","@graph":[{"@type":"WebPage","@id":"https:\/\/www.daisho.be\/de\/produit\/taekwondo-helm-weiss\/","url":"https:\/\/www.daisho.be\/de\/produit\/taekwondo-helm-weiss\/","name":"Taekwondo-Helm wei\u00df | Daisho Martial Arts Shop","isPartOf":{"@id":"https:\/\/www.daisho.be\/de\/#website"},"primaryImageOfPage":{"@id":"https:\/\/www.daisho.be\/de\/produit\/taekwondo-helm-weiss\/#primaryimage"},"image":{"@id":"https:\/\/www.daisho.be\/de\/produit\/taekwondo-helm-weiss\/#primaryimage"},"thumbnailUrl":"https:\/\/www.daisho.be\/wp-content\/uploads\/2024\/02\/image-48.jpg","datePublished":"2019-10-16T19:37:52+00:00","dateModified":"2025-10-09T11:46:56+00:00","description":"Taekwondo Helm CE. Ultraleicht, waschbar. Absorbierender Schaumstoff, Geh\u00f6rschutz, perfekte Passform. Perfekt f\u00fcr Wettk\u00e4mpfer!","breadcrumb":{"@id":"https:\/\/www.daisho.be\/de\/produit\/taekwondo-helm-weiss\/#breadcrumb"},"inLanguage":"de","potentialAction":[{"@type":"ReadAction","target":["https:\/\/www.daisho.be\/de\/produit\/taekwondo-helm-weiss\/"]}]},{"@type":"ImageObject","inLanguage":"de","@id":"https:\/\/www.daisho.be\/de\/produit\/taekwondo-helm-weiss\/#primaryimage","url":"https:\/\/www.daisho.be\/wp-content\/uploads\/2024\/02\/image-48.jpg","contentUrl":"https:\/\/www.daisho.be\/wp-content\/uploads\/2024\/02\/image-48.jpg","width":856,"height":1209,"caption":"TAEKWONDO-HELM WEISS-1"},{"@type":"BreadcrumbList","@id":"https:\/\/www.daisho.be\/de\/produit\/taekwondo-helm-weiss\/#breadcrumb","itemListElement":[{"@type":"ListItem","position":1,"name":"Accueil","item":"https:\/\/www.daisho.be\/de\/"},{"@type":"ListItem","position":2,"name":"Produkte","item":"https:\/\/www.daisho.be\/de\/produkte\/"},{"@type":"ListItem","position":3,"name":"Ausr\u00fcstung und Kleidung f\u00fcr Kampfkunst und Kampfsport","item":"https:\/\/www.daisho.be\/de\/categorie-produit\/ausrustung-und-kleidung-fur-kampfkunst-und-kampfsport\/"},{"@type":"ListItem","position":4,"name":"Karate","item":"https:\/\/www.daisho.be\/de\/categorie-produit\/ausrustung-und-kleidung-fur-kampfkunst-und-kampfsport\/karate-de-2\/"},{"@type":"ListItem","position":5,"name":"Karate-Schutzkleidung","item":"https:\/\/www.daisho.be\/de\/categorie-produit\/ausrustung-und-kleidung-fur-kampfkunst-und-kampfsport\/karate-de-2\/karate-schutzkleidung\/"},{"@type":"ListItem","position":6,"name":"TAEKWONDO-HELM WEISS"}]},{"@type":"WebSite","@id":"https:\/\/www.daisho.be\/de\/#website","url":"https:\/\/www.daisho.be\/de\/","name":"Daisho","description":"Sp&eacute;cialiste de l'&eacute;quipement sportif d'arts martiaux","publisher":{"@id":"https:\/\/www.daisho.be\/de\/#organization"},"potentialAction":[{"@type":"SearchAction","target":{"@type":"EntryPoint","urlTemplate":"https:\/\/www.daisho.be\/de\/?s={search_term_string}"},"query-input":{"@type":"PropertyValueSpecification","valueRequired":true,"valueName":"search_term_string"}}],"inLanguage":"de"},{"@type":"Organization","@id":"https:\/\/www.daisho.be\/de\/#organization","name":"Daisho","url":"https:\/\/www.daisho.be\/de\/","logo":{"@type":"ImageObject","inLanguage":"de","@id":"https:\/\/www.daisho.be\/de\/#\/schema\/logo\/image\/","url":"https:\/\/www.daisho.be\/wp-content\/uploads\/2019\/07\/color-nothing-horizontale4x-e1564486100247.png","contentUrl":"https:\/\/www.daisho.be\/wp-content\/uploads\/2019\/07\/color-nothing-horizontale4x-e1564486100247.png","width":1547,"height":385,"caption":"Daisho"},"image":{"@id":"https:\/\/www.daisho.be\/de\/#\/schema\/logo\/image\/"}}]}},"_links":{"self":[{"href":"https:\/\/www.daisho.be\/de\/wp-json\/wp\/v2\/product\/451495","targetHints":{"allow":["GET"]}}],"collection":[{"href":"https:\/\/www.daisho.be\/de\/wp-json\/wp\/v2\/product"}],"about":[{"href":"https:\/\/www.daisho.be\/de\/wp-json\/wp\/v2\/types\/product"}],"replies":[{"embeddable":true,"href":"https:\/\/www.daisho.be\/de\/wp-json\/wp\/v2\/comments?post=451495"}],"wp:featuredmedia":[{"embeddable":true,"href":"https:\/\/www.daisho.be\/de\/wp-json\/wp\/v2\/media\/451508"}],"wp:attachment":[{"href":"https:\/\/www.daisho.be\/de\/wp-json\/wp\/v2\/media?parent=451495"}],"wp:term":[{"taxonomy":"product_brand","embeddable":true,"href":"https:\/\/www.daisho.be\/de\/wp-json\/wp\/v2\/product_brand?post=451495"},{"taxonomy":"product_cat","embeddable":true,"href":"https:\/\/www.daisho.be\/de\/wp-json\/wp\/v2\/product_cat?post=451495"},{"taxonomy":"product_tag","embeddable":true,"href":"https:\/\/www.daisho.be\/de\/wp-json\/wp\/v2\/product_tag?post=451495"},{"taxonomy":"sport","embeddable":true,"href":"https:\/\/www.daisho.be\/de\/wp-json\/wp\/v2\/sport?post=451495"}],"curies":[{"name":"wp","href":"https:\/\/api.w.org\/{rel}","templated":true}]}}