{"id":451482,"date":"2019-10-16T21:38:23","date_gmt":"2019-10-16T19:38:23","guid":{"rendered":"https:\/\/www.daisho.be\/produit\/taekwondo-handschuhe-fit-evolution-weiss\/"},"modified":"2019-10-16T21:38:23","modified_gmt":"2019-10-16T19:38:23","slug":"taekwondo-handschuhe-fit-evolution-weiss","status":"publish","type":"product","link":"https:\/\/www.daisho.be\/de\/produit\/taekwondo-handschuhe-fit-evolution-weiss\/","title":{"rendered":"TAEKWONDO-HANDSCHUHE FIT EVOLUTION WEISS"},"content":{"rendered":"<p>Wettkampfhandschuhe f\u00fcr Taekwondo.<\/p>\n<p>Merkmale:<br \/>\n&#8211; externe Polster,<\/p>\n<p>&#8211; Griffleiste f\u00fcr mehr Komfort,<\/p>\n<p>&#8211; Verl\u00e4ngerungsband mit Klettverschluss am Handgelenk.<\/p>\n","protected":false},"excerpt":{"rendered":"<p>Wettkampfhandschuhe f\u00fcr Taekwondo. Merkmale: &#8211; externe Polster, &#8211; Griffleiste f\u00fcr mehr Komfort, &#8211; Verl\u00e4ngerungsband mit Klettverschluss am Handgelenk.<\/p>\n","protected":false},"featured_media":451489,"comment_status":"closed","ping_status":"closed","template":"","meta":{"inline_featured_image":false},"product_brand":[],"product_cat":[2051,2092],"product_tag":[2040],"sport":[79],"class_list":{"0":"post-451482","1":"product","2":"type-product","3":"status-publish","4":"has-post-thumbnail","6":"product_cat-schutz","7":"product_cat-taekwondo-protektoren","8":"product_tag-dax-de","9":"pa_size-l","10":"pa_size-m","11":"pa_size-s","12":"pa_size-xl","13":"pa_size-xs","14":"pa_size-xxl","15":"sport-taekwondo","17":"first","18":"instock","19":"taxable","20":"shipping-taxable","21":"purchasable","22":"product-type-variable"},"yoast_head":"<!-- This site is optimized with the Yoast SEO plugin v27.2 - https:\/\/yoast.com\/product\/yoast-seo-wordpress\/ -->\n<title>TAEKWONDO-HANDSCHUHE FIT EVOLUTION WEISS &#8211; Daisho<\/title>\n<meta name=\"robots\" content=\"index, follow, max-snippet:-1, max-image-preview:large, max-video-preview:-1\" \/>\n<link rel=\"canonical\" href=\"https:\/\/www.daisho.be\/de\/produit\/taekwondo-handschuhe-fit-evolution-weiss\/\" \/>\n<meta property=\"og:locale\" content=\"de_DE\" \/>\n<meta property=\"og:type\" content=\"article\" \/>\n<meta property=\"og:title\" content=\"TAEKWONDO-HANDSCHUHE FIT EVOLUTION WEISS &#8211; Daisho\" \/>\n<meta property=\"og:description\" content=\"Wettkampfhandschuhe f\u00fcr Taekwondo. Merkmale: &#8211; externe Polster, &#8211; Griffleiste f\u00fcr mehr Komfort, &#8211; Verl\u00e4ngerungsband mit Klettverschluss am Handgelenk.\" \/>\n<meta property=\"og:url\" content=\"https:\/\/www.daisho.be\/de\/produit\/taekwondo-handschuhe-fit-evolution-weiss\/\" \/>\n<meta property=\"og:site_name\" content=\"Daisho\" \/>\n<meta property=\"og:image\" content=\"https:\/\/www.daisho.be\/wp-content\/uploads\/2023\/02\/image-31.jpg\" \/>\n\t<meta property=\"og:image:width\" content=\"1074\" \/>\n\t<meta property=\"og:image:height\" content=\"1518\" \/>\n\t<meta property=\"og:image:type\" content=\"image\/jpeg\" \/>\n<meta name=\"twitter:card\" content=\"summary_large_image\" \/>\n<script type=\"application\/ld+json\" class=\"yoast-schema-graph\">{\"@context\":\"https:\/\/schema.org\",\"@graph\":[{\"@type\":\"WebPage\",\"@id\":\"https:\/\/www.daisho.be\/de\/produit\/taekwondo-handschuhe-fit-evolution-weiss\/\",\"url\":\"https:\/\/www.daisho.be\/de\/produit\/taekwondo-handschuhe-fit-evolution-weiss\/\",\"name\":\"TAEKWONDO-HANDSCHUHE FIT EVOLUTION WEISS &#8211; Daisho\",\"isPartOf\":{\"@id\":\"https:\/\/www.daisho.be\/de\/#website\"},\"primaryImageOfPage\":{\"@id\":\"https:\/\/www.daisho.be\/de\/produit\/taekwondo-handschuhe-fit-evolution-weiss\/#primaryimage\"},\"image\":{\"@id\":\"https:\/\/www.daisho.be\/de\/produit\/taekwondo-handschuhe-fit-evolution-weiss\/#primaryimage\"},\"thumbnailUrl\":\"https:\/\/www.daisho.be\/wp-content\/uploads\/2023\/02\/image-31.jpg\",\"datePublished\":\"2019-10-16T19:38:23+00:00\",\"breadcrumb\":{\"@id\":\"https:\/\/www.daisho.be\/de\/produit\/taekwondo-handschuhe-fit-evolution-weiss\/#breadcrumb\"},\"inLanguage\":\"de\",\"potentialAction\":[{\"@type\":\"ReadAction\",\"target\":[\"https:\/\/www.daisho.be\/de\/produit\/taekwondo-handschuhe-fit-evolution-weiss\/\"]}]},{\"@type\":\"ImageObject\",\"inLanguage\":\"de\",\"@id\":\"https:\/\/www.daisho.be\/de\/produit\/taekwondo-handschuhe-fit-evolution-weiss\/#primaryimage\",\"url\":\"https:\/\/www.daisho.be\/wp-content\/uploads\/2023\/02\/image-31.jpg\",\"contentUrl\":\"https:\/\/www.daisho.be\/wp-content\/uploads\/2023\/02\/image-31.jpg\",\"width\":1074,\"height\":1518},{\"@type\":\"BreadcrumbList\",\"@id\":\"https:\/\/www.daisho.be\/de\/produit\/taekwondo-handschuhe-fit-evolution-weiss\/#breadcrumb\",\"itemListElement\":[{\"@type\":\"ListItem\",\"position\":1,\"name\":\"Accueil\",\"item\":\"https:\/\/www.daisho.be\/de\/\"},{\"@type\":\"ListItem\",\"position\":2,\"name\":\"Produkte\",\"item\":\"https:\/\/www.daisho.be\/de\/produkte\/\"},{\"@type\":\"ListItem\",\"position\":3,\"name\":\"Kampfsportarten\",\"item\":\"https:\/\/www.daisho.be\/de\/categorie-produit\/kampfsportarten\/\"},{\"@type\":\"ListItem\",\"position\":4,\"name\":\"Schutz\",\"item\":\"https:\/\/www.daisho.be\/de\/categorie-produit\/kampfsportarten\/schutz\/\"},{\"@type\":\"ListItem\",\"position\":5,\"name\":\"TAEKWONDO-HANDSCHUHE FIT EVOLUTION WEISS\"}]},{\"@type\":\"WebSite\",\"@id\":\"https:\/\/www.daisho.be\/de\/#website\",\"url\":\"https:\/\/www.daisho.be\/de\/\",\"name\":\"Daisho\",\"description\":\"Sp&eacute;cialiste de l'&eacute;quipement sportif d'arts martiaux\",\"publisher\":{\"@id\":\"https:\/\/www.daisho.be\/de\/#organization\"},\"potentialAction\":[{\"@type\":\"SearchAction\",\"target\":{\"@type\":\"EntryPoint\",\"urlTemplate\":\"https:\/\/www.daisho.be\/de\/?s={search_term_string}\"},\"query-input\":{\"@type\":\"PropertyValueSpecification\",\"valueRequired\":true,\"valueName\":\"search_term_string\"}}],\"inLanguage\":\"de\"},{\"@type\":\"Organization\",\"@id\":\"https:\/\/www.daisho.be\/de\/#organization\",\"name\":\"Daisho\",\"url\":\"https:\/\/www.daisho.be\/de\/\",\"logo\":{\"@type\":\"ImageObject\",\"inLanguage\":\"de\",\"@id\":\"https:\/\/www.daisho.be\/de\/#\/schema\/logo\/image\/\",\"url\":\"https:\/\/www.daisho.be\/wp-content\/uploads\/2019\/07\/color-nothing-horizontale4x-e1564486100247.png\",\"contentUrl\":\"https:\/\/www.daisho.be\/wp-content\/uploads\/2019\/07\/color-nothing-horizontale4x-e1564486100247.png\",\"width\":1547,\"height\":385,\"caption\":\"Daisho\"},\"image\":{\"@id\":\"https:\/\/www.daisho.be\/de\/#\/schema\/logo\/image\/\"}}]}<\/script>\n<!-- \/ Yoast SEO plugin. -->","yoast_head_json":{"title":"TAEKWONDO-HANDSCHUHE FIT EVOLUTION WEISS &#8211; Daisho","robots":{"index":"index","follow":"follow","max-snippet":"max-snippet:-1","max-image-preview":"max-image-preview:large","max-video-preview":"max-video-preview:-1"},"canonical":"https:\/\/www.daisho.be\/de\/produit\/taekwondo-handschuhe-fit-evolution-weiss\/","og_locale":"de_DE","og_type":"article","og_title":"TAEKWONDO-HANDSCHUHE FIT EVOLUTION WEISS &#8211; Daisho","og_description":"Wettkampfhandschuhe f\u00fcr Taekwondo. Merkmale: &#8211; externe Polster, &#8211; Griffleiste f\u00fcr mehr Komfort, &#8211; Verl\u00e4ngerungsband mit Klettverschluss am Handgelenk.","og_url":"https:\/\/www.daisho.be\/de\/produit\/taekwondo-handschuhe-fit-evolution-weiss\/","og_site_name":"Daisho","og_image":[{"width":1074,"height":1518,"url":"https:\/\/www.daisho.be\/wp-content\/uploads\/2023\/02\/image-31.jpg","type":"image\/jpeg"}],"twitter_card":"summary_large_image","schema":{"@context":"https:\/\/schema.org","@graph":[{"@type":"WebPage","@id":"https:\/\/www.daisho.be\/de\/produit\/taekwondo-handschuhe-fit-evolution-weiss\/","url":"https:\/\/www.daisho.be\/de\/produit\/taekwondo-handschuhe-fit-evolution-weiss\/","name":"TAEKWONDO-HANDSCHUHE FIT EVOLUTION WEISS &#8211; Daisho","isPartOf":{"@id":"https:\/\/www.daisho.be\/de\/#website"},"primaryImageOfPage":{"@id":"https:\/\/www.daisho.be\/de\/produit\/taekwondo-handschuhe-fit-evolution-weiss\/#primaryimage"},"image":{"@id":"https:\/\/www.daisho.be\/de\/produit\/taekwondo-handschuhe-fit-evolution-weiss\/#primaryimage"},"thumbnailUrl":"https:\/\/www.daisho.be\/wp-content\/uploads\/2023\/02\/image-31.jpg","datePublished":"2019-10-16T19:38:23+00:00","breadcrumb":{"@id":"https:\/\/www.daisho.be\/de\/produit\/taekwondo-handschuhe-fit-evolution-weiss\/#breadcrumb"},"inLanguage":"de","potentialAction":[{"@type":"ReadAction","target":["https:\/\/www.daisho.be\/de\/produit\/taekwondo-handschuhe-fit-evolution-weiss\/"]}]},{"@type":"ImageObject","inLanguage":"de","@id":"https:\/\/www.daisho.be\/de\/produit\/taekwondo-handschuhe-fit-evolution-weiss\/#primaryimage","url":"https:\/\/www.daisho.be\/wp-content\/uploads\/2023\/02\/image-31.jpg","contentUrl":"https:\/\/www.daisho.be\/wp-content\/uploads\/2023\/02\/image-31.jpg","width":1074,"height":1518},{"@type":"BreadcrumbList","@id":"https:\/\/www.daisho.be\/de\/produit\/taekwondo-handschuhe-fit-evolution-weiss\/#breadcrumb","itemListElement":[{"@type":"ListItem","position":1,"name":"Accueil","item":"https:\/\/www.daisho.be\/de\/"},{"@type":"ListItem","position":2,"name":"Produkte","item":"https:\/\/www.daisho.be\/de\/produkte\/"},{"@type":"ListItem","position":3,"name":"Kampfsportarten","item":"https:\/\/www.daisho.be\/de\/categorie-produit\/kampfsportarten\/"},{"@type":"ListItem","position":4,"name":"Schutz","item":"https:\/\/www.daisho.be\/de\/categorie-produit\/kampfsportarten\/schutz\/"},{"@type":"ListItem","position":5,"name":"TAEKWONDO-HANDSCHUHE FIT EVOLUTION WEISS"}]},{"@type":"WebSite","@id":"https:\/\/www.daisho.be\/de\/#website","url":"https:\/\/www.daisho.be\/de\/","name":"Daisho","description":"Sp&eacute;cialiste de l'&eacute;quipement sportif d'arts martiaux","publisher":{"@id":"https:\/\/www.daisho.be\/de\/#organization"},"potentialAction":[{"@type":"SearchAction","target":{"@type":"EntryPoint","urlTemplate":"https:\/\/www.daisho.be\/de\/?s={search_term_string}"},"query-input":{"@type":"PropertyValueSpecification","valueRequired":true,"valueName":"search_term_string"}}],"inLanguage":"de"},{"@type":"Organization","@id":"https:\/\/www.daisho.be\/de\/#organization","name":"Daisho","url":"https:\/\/www.daisho.be\/de\/","logo":{"@type":"ImageObject","inLanguage":"de","@id":"https:\/\/www.daisho.be\/de\/#\/schema\/logo\/image\/","url":"https:\/\/www.daisho.be\/wp-content\/uploads\/2019\/07\/color-nothing-horizontale4x-e1564486100247.png","contentUrl":"https:\/\/www.daisho.be\/wp-content\/uploads\/2019\/07\/color-nothing-horizontale4x-e1564486100247.png","width":1547,"height":385,"caption":"Daisho"},"image":{"@id":"https:\/\/www.daisho.be\/de\/#\/schema\/logo\/image\/"}}]}},"_links":{"self":[{"href":"https:\/\/www.daisho.be\/de\/wp-json\/wp\/v2\/product\/451482","targetHints":{"allow":["GET"]}}],"collection":[{"href":"https:\/\/www.daisho.be\/de\/wp-json\/wp\/v2\/product"}],"about":[{"href":"https:\/\/www.daisho.be\/de\/wp-json\/wp\/v2\/types\/product"}],"replies":[{"embeddable":true,"href":"https:\/\/www.daisho.be\/de\/wp-json\/wp\/v2\/comments?post=451482"}],"wp:featuredmedia":[{"embeddable":true,"href":"https:\/\/www.daisho.be\/de\/wp-json\/wp\/v2\/media\/451489"}],"wp:attachment":[{"href":"https:\/\/www.daisho.be\/de\/wp-json\/wp\/v2\/media?parent=451482"}],"wp:term":[{"taxonomy":"product_brand","embeddable":true,"href":"https:\/\/www.daisho.be\/de\/wp-json\/wp\/v2\/product_brand?post=451482"},{"taxonomy":"product_cat","embeddable":true,"href":"https:\/\/www.daisho.be\/de\/wp-json\/wp\/v2\/product_cat?post=451482"},{"taxonomy":"product_tag","embeddable":true,"href":"https:\/\/www.daisho.be\/de\/wp-json\/wp\/v2\/product_tag?post=451482"},{"taxonomy":"sport","embeddable":true,"href":"https:\/\/www.daisho.be\/de\/wp-json\/wp\/v2\/sport?post=451482"}],"curies":[{"name":"wp","href":"https:\/\/api.w.org\/{rel}","templated":true}]}}