{"id":451206,"date":"2019-10-22T09:55:08","date_gmt":"2019-10-22T07:55:08","guid":{"rendered":"https:\/\/www.daisho.be\/produit\/sparringshelm-aus-schwarzem-grauem-leder\/"},"modified":"2019-10-22T09:55:08","modified_gmt":"2019-10-22T07:55:08","slug":"sparringshelm-aus-schwarzem-grauem-leder","status":"publish","type":"product","link":"https:\/\/www.daisho.be\/de\/produit\/sparringshelm-aus-schwarzem-grauem-leder\/","title":{"rendered":"SPARRINGSHELM AUS SCHWARZEM &amp; GRAUEM LEDER"},"content":{"rendered":"<p>Der DAX REBOUND SPARRING Schutzhelm ist ergonomisch geformt und aus echtem Leder f\u00fcr mehr Sicherheit w\u00e4hrend des Trainings. Er bietet besseren Schutz f\u00fcr Stirn, Wangenknochen, Kinn, Kiefer, Ohren und Schl\u00e4fen.<br \/>\nAuch f\u00fcr Boxen und Kickboxen geeignet.<br \/>\nEigenschaften:<br \/>\n&#8211; echtes Leder,<br \/>\n&#8211; handgefertigt,<br \/>\n&#8211; vollst\u00e4ndiger Kopfschutz,<br \/>\n&#8211; leicht und langlebig,<br \/>\n&#8211; Wangenknochenschutz,<br \/>\n&#8211; gepolsterter Kinnbereich,<br \/>\n&#8211; verstellbarer Klettverschluss auf der R\u00fcckseite. <\/p>\n","protected":false},"excerpt":{"rendered":"<p>Der DAX REBOUND SPARRING Schutzhelm ist ergonomisch geformt und aus echtem Leder f\u00fcr mehr Sicherheit w\u00e4hrend des Trainings. Er bietet besseren Schutz f\u00fcr Stirn, Wangenknochen, Kinn, Kiefer, Ohren und Schl\u00e4fen. Auch f\u00fcr Boxen und Kickboxen geeignet. Eigenschaften: &#8211; echtes Leder, &#8211; handgefertigt, &#8211; vollst\u00e4ndiger Kopfschutz, &#8211; leicht und langlebig, &#8211; Wangenknochenschutz, &#8211; gepolsterter Kinnbereich, &#8211; [&hellip;]<\/p>\n","protected":false},"featured_media":451214,"comment_status":"closed","ping_status":"closed","template":"","meta":{"inline_featured_image":false},"product_brand":[],"product_cat":[2052,2021,2051],"product_tag":[2040],"sport":[448,446,73,431,455,79],"class_list":{"0":"post-451206","1":"product","2":"type-product","3":"status-publish","4":"has-post-thumbnail","6":"product_cat-protektoren-boxen","7":"product_cat-protektoren-kick-boxing","8":"product_cat-schutz","9":"product_tag-dax-de","10":"pa_size-l","11":"pa_size-m","12":"pa_size-s","13":"pa_size-xl","14":"sport-kick-boxing","15":"sport-boxe","16":"sport-karate","17":"sport-mma","18":"sport-muay-thai","19":"sport-taekwondo","21":"first","22":"instock","23":"taxable","24":"shipping-taxable","25":"purchasable","26":"product-type-variable"},"yoast_head":"<!-- This site is optimized with the Yoast SEO plugin v27.2 - https:\/\/yoast.com\/product\/yoast-seo-wordpress\/ -->\n<title>Sparrings-Helm aus Leder, schwarz &amp; grau Marke Dax | Daisho| Daisho<\/title>\n<meta name=\"robots\" content=\"index, follow, max-snippet:-1, max-image-preview:large, max-video-preview:-1\" \/>\n<link rel=\"canonical\" href=\"https:\/\/www.daisho.be\/de\/produit\/sparringshelm-aus-schwarzem-grauem-leder\/\" \/>\n<meta property=\"og:locale\" content=\"de_DE\" \/>\n<meta property=\"og:type\" content=\"article\" \/>\n<meta property=\"og:title\" content=\"Sparrings-Helm aus Leder, schwarz &amp; grau Marke Dax | Daisho| Daisho\" \/>\n<meta property=\"og:description\" content=\"Der DAX REBOUND SPARRING Schutzhelm ist ergonomisch geformt und aus echtem Leder f\u00fcr mehr Sicherheit w\u00e4hrend des Trainings. Er bietet besseren Schutz f\u00fcr Stirn, Wangenknochen, Kinn, Kiefer, Ohren und Schl\u00e4fen. Auch f\u00fcr Boxen und Kickboxen geeignet. Eigenschaften: &#8211; echtes Leder, &#8211; handgefertigt, &#8211; vollst\u00e4ndiger Kopfschutz, &#8211; leicht und langlebig, &#8211; Wangenknochenschutz, &#8211; gepolsterter Kinnbereich, &#8211; [&hellip;]\" \/>\n<meta property=\"og:url\" content=\"https:\/\/www.daisho.be\/de\/produit\/sparringshelm-aus-schwarzem-grauem-leder\/\" \/>\n<meta property=\"og:site_name\" content=\"Daisho\" \/>\n<meta property=\"og:image\" content=\"https:\/\/www.daisho.be\/wp-content\/uploads\/2021\/12\/image-182.jpg\" \/>\n\t<meta property=\"og:image:width\" content=\"1359\" \/>\n\t<meta property=\"og:image:height\" content=\"1920\" \/>\n\t<meta property=\"og:image:type\" content=\"image\/jpeg\" \/>\n<meta name=\"twitter:card\" content=\"summary_large_image\" \/>\n<script type=\"application\/ld+json\" class=\"yoast-schema-graph\">{\"@context\":\"https:\/\/schema.org\",\"@graph\":[{\"@type\":\"WebPage\",\"@id\":\"https:\/\/www.daisho.be\/de\/produit\/sparringshelm-aus-schwarzem-grauem-leder\/\",\"url\":\"https:\/\/www.daisho.be\/de\/produit\/sparringshelm-aus-schwarzem-grauem-leder\/\",\"name\":\"Sparrings-Helm aus Leder, schwarz & grau Marke Dax | Daisho| Daisho\",\"isPartOf\":{\"@id\":\"https:\/\/www.daisho.be\/de\/#website\"},\"primaryImageOfPage\":{\"@id\":\"https:\/\/www.daisho.be\/de\/produit\/sparringshelm-aus-schwarzem-grauem-leder\/#primaryimage\"},\"image\":{\"@id\":\"https:\/\/www.daisho.be\/de\/produit\/sparringshelm-aus-schwarzem-grauem-leder\/#primaryimage\"},\"thumbnailUrl\":\"https:\/\/www.daisho.be\/wp-content\/uploads\/2021\/12\/image-182.jpg\",\"datePublished\":\"2019-10-22T07:55:08+00:00\",\"breadcrumb\":{\"@id\":\"https:\/\/www.daisho.be\/de\/produit\/sparringshelm-aus-schwarzem-grauem-leder\/#breadcrumb\"},\"inLanguage\":\"de\",\"potentialAction\":[{\"@type\":\"ReadAction\",\"target\":[\"https:\/\/www.daisho.be\/de\/produit\/sparringshelm-aus-schwarzem-grauem-leder\/\"]}]},{\"@type\":\"ImageObject\",\"inLanguage\":\"de\",\"@id\":\"https:\/\/www.daisho.be\/de\/produit\/sparringshelm-aus-schwarzem-grauem-leder\/#primaryimage\",\"url\":\"https:\/\/www.daisho.be\/wp-content\/uploads\/2021\/12\/image-182.jpg\",\"contentUrl\":\"https:\/\/www.daisho.be\/wp-content\/uploads\/2021\/12\/image-182.jpg\",\"width\":1359,\"height\":1920},{\"@type\":\"BreadcrumbList\",\"@id\":\"https:\/\/www.daisho.be\/de\/produit\/sparringshelm-aus-schwarzem-grauem-leder\/#breadcrumb\",\"itemListElement\":[{\"@type\":\"ListItem\",\"position\":1,\"name\":\"Accueil\",\"item\":\"https:\/\/www.daisho.be\/de\/\"},{\"@type\":\"ListItem\",\"position\":2,\"name\":\"Produkte\",\"item\":\"https:\/\/www.daisho.be\/de\/produkte\/\"},{\"@type\":\"ListItem\",\"position\":3,\"name\":\"Ausr\u00fcstung und Kleidung f\u00fcr Kampfkunst und Kampfsport\",\"item\":\"https:\/\/www.daisho.be\/de\/categorie-produit\/ausrustung-und-kleidung-fur-kampfkunst-und-kampfsport\/\"},{\"@type\":\"ListItem\",\"position\":4,\"name\":\"Boxen\",\"item\":\"https:\/\/www.daisho.be\/de\/categorie-produit\/ausrustung-und-kleidung-fur-kampfkunst-und-kampfsport\/boxen-de\/\"},{\"@type\":\"ListItem\",\"position\":5,\"name\":\"Protektoren Boxen\",\"item\":\"https:\/\/www.daisho.be\/de\/categorie-produit\/ausrustung-und-kleidung-fur-kampfkunst-und-kampfsport\/boxen-de\/protektoren-boxen\/\"},{\"@type\":\"ListItem\",\"position\":6,\"name\":\"SPARRINGSHELM AUS SCHWARZEM &amp; GRAUEM LEDER\"}]},{\"@type\":\"WebSite\",\"@id\":\"https:\/\/www.daisho.be\/de\/#website\",\"url\":\"https:\/\/www.daisho.be\/de\/\",\"name\":\"Daisho\",\"description\":\"Sp&eacute;cialiste de l'&eacute;quipement sportif d'arts martiaux\",\"publisher\":{\"@id\":\"https:\/\/www.daisho.be\/de\/#organization\"},\"potentialAction\":[{\"@type\":\"SearchAction\",\"target\":{\"@type\":\"EntryPoint\",\"urlTemplate\":\"https:\/\/www.daisho.be\/de\/?s={search_term_string}\"},\"query-input\":{\"@type\":\"PropertyValueSpecification\",\"valueRequired\":true,\"valueName\":\"search_term_string\"}}],\"inLanguage\":\"de\"},{\"@type\":\"Organization\",\"@id\":\"https:\/\/www.daisho.be\/de\/#organization\",\"name\":\"Daisho\",\"url\":\"https:\/\/www.daisho.be\/de\/\",\"logo\":{\"@type\":\"ImageObject\",\"inLanguage\":\"de\",\"@id\":\"https:\/\/www.daisho.be\/de\/#\/schema\/logo\/image\/\",\"url\":\"https:\/\/www.daisho.be\/wp-content\/uploads\/2019\/07\/color-nothing-horizontale4x-e1564486100247.png\",\"contentUrl\":\"https:\/\/www.daisho.be\/wp-content\/uploads\/2019\/07\/color-nothing-horizontale4x-e1564486100247.png\",\"width\":1547,\"height\":385,\"caption\":\"Daisho\"},\"image\":{\"@id\":\"https:\/\/www.daisho.be\/de\/#\/schema\/logo\/image\/\"}}]}<\/script>\n<!-- \/ Yoast SEO plugin. -->","yoast_head_json":{"title":"Sparrings-Helm aus Leder, schwarz & grau Marke Dax | Daisho| Daisho","robots":{"index":"index","follow":"follow","max-snippet":"max-snippet:-1","max-image-preview":"max-image-preview:large","max-video-preview":"max-video-preview:-1"},"canonical":"https:\/\/www.daisho.be\/de\/produit\/sparringshelm-aus-schwarzem-grauem-leder\/","og_locale":"de_DE","og_type":"article","og_title":"Sparrings-Helm aus Leder, schwarz & grau Marke Dax | Daisho| Daisho","og_description":"Der DAX REBOUND SPARRING Schutzhelm ist ergonomisch geformt und aus echtem Leder f\u00fcr mehr Sicherheit w\u00e4hrend des Trainings. Er bietet besseren Schutz f\u00fcr Stirn, Wangenknochen, Kinn, Kiefer, Ohren und Schl\u00e4fen. Auch f\u00fcr Boxen und Kickboxen geeignet. Eigenschaften: &#8211; echtes Leder, &#8211; handgefertigt, &#8211; vollst\u00e4ndiger Kopfschutz, &#8211; leicht und langlebig, &#8211; Wangenknochenschutz, &#8211; gepolsterter Kinnbereich, &#8211; [&hellip;]","og_url":"https:\/\/www.daisho.be\/de\/produit\/sparringshelm-aus-schwarzem-grauem-leder\/","og_site_name":"Daisho","og_image":[{"width":1359,"height":1920,"url":"https:\/\/www.daisho.be\/wp-content\/uploads\/2021\/12\/image-182.jpg","type":"image\/jpeg"}],"twitter_card":"summary_large_image","schema":{"@context":"https:\/\/schema.org","@graph":[{"@type":"WebPage","@id":"https:\/\/www.daisho.be\/de\/produit\/sparringshelm-aus-schwarzem-grauem-leder\/","url":"https:\/\/www.daisho.be\/de\/produit\/sparringshelm-aus-schwarzem-grauem-leder\/","name":"Sparrings-Helm aus Leder, schwarz & grau Marke Dax | Daisho| Daisho","isPartOf":{"@id":"https:\/\/www.daisho.be\/de\/#website"},"primaryImageOfPage":{"@id":"https:\/\/www.daisho.be\/de\/produit\/sparringshelm-aus-schwarzem-grauem-leder\/#primaryimage"},"image":{"@id":"https:\/\/www.daisho.be\/de\/produit\/sparringshelm-aus-schwarzem-grauem-leder\/#primaryimage"},"thumbnailUrl":"https:\/\/www.daisho.be\/wp-content\/uploads\/2021\/12\/image-182.jpg","datePublished":"2019-10-22T07:55:08+00:00","breadcrumb":{"@id":"https:\/\/www.daisho.be\/de\/produit\/sparringshelm-aus-schwarzem-grauem-leder\/#breadcrumb"},"inLanguage":"de","potentialAction":[{"@type":"ReadAction","target":["https:\/\/www.daisho.be\/de\/produit\/sparringshelm-aus-schwarzem-grauem-leder\/"]}]},{"@type":"ImageObject","inLanguage":"de","@id":"https:\/\/www.daisho.be\/de\/produit\/sparringshelm-aus-schwarzem-grauem-leder\/#primaryimage","url":"https:\/\/www.daisho.be\/wp-content\/uploads\/2021\/12\/image-182.jpg","contentUrl":"https:\/\/www.daisho.be\/wp-content\/uploads\/2021\/12\/image-182.jpg","width":1359,"height":1920},{"@type":"BreadcrumbList","@id":"https:\/\/www.daisho.be\/de\/produit\/sparringshelm-aus-schwarzem-grauem-leder\/#breadcrumb","itemListElement":[{"@type":"ListItem","position":1,"name":"Accueil","item":"https:\/\/www.daisho.be\/de\/"},{"@type":"ListItem","position":2,"name":"Produkte","item":"https:\/\/www.daisho.be\/de\/produkte\/"},{"@type":"ListItem","position":3,"name":"Ausr\u00fcstung und Kleidung f\u00fcr Kampfkunst und Kampfsport","item":"https:\/\/www.daisho.be\/de\/categorie-produit\/ausrustung-und-kleidung-fur-kampfkunst-und-kampfsport\/"},{"@type":"ListItem","position":4,"name":"Boxen","item":"https:\/\/www.daisho.be\/de\/categorie-produit\/ausrustung-und-kleidung-fur-kampfkunst-und-kampfsport\/boxen-de\/"},{"@type":"ListItem","position":5,"name":"Protektoren Boxen","item":"https:\/\/www.daisho.be\/de\/categorie-produit\/ausrustung-und-kleidung-fur-kampfkunst-und-kampfsport\/boxen-de\/protektoren-boxen\/"},{"@type":"ListItem","position":6,"name":"SPARRINGSHELM AUS SCHWARZEM &amp; GRAUEM LEDER"}]},{"@type":"WebSite","@id":"https:\/\/www.daisho.be\/de\/#website","url":"https:\/\/www.daisho.be\/de\/","name":"Daisho","description":"Sp&eacute;cialiste de l'&eacute;quipement sportif d'arts martiaux","publisher":{"@id":"https:\/\/www.daisho.be\/de\/#organization"},"potentialAction":[{"@type":"SearchAction","target":{"@type":"EntryPoint","urlTemplate":"https:\/\/www.daisho.be\/de\/?s={search_term_string}"},"query-input":{"@type":"PropertyValueSpecification","valueRequired":true,"valueName":"search_term_string"}}],"inLanguage":"de"},{"@type":"Organization","@id":"https:\/\/www.daisho.be\/de\/#organization","name":"Daisho","url":"https:\/\/www.daisho.be\/de\/","logo":{"@type":"ImageObject","inLanguage":"de","@id":"https:\/\/www.daisho.be\/de\/#\/schema\/logo\/image\/","url":"https:\/\/www.daisho.be\/wp-content\/uploads\/2019\/07\/color-nothing-horizontale4x-e1564486100247.png","contentUrl":"https:\/\/www.daisho.be\/wp-content\/uploads\/2019\/07\/color-nothing-horizontale4x-e1564486100247.png","width":1547,"height":385,"caption":"Daisho"},"image":{"@id":"https:\/\/www.daisho.be\/de\/#\/schema\/logo\/image\/"}}]}},"_links":{"self":[{"href":"https:\/\/www.daisho.be\/de\/wp-json\/wp\/v2\/product\/451206","targetHints":{"allow":["GET"]}}],"collection":[{"href":"https:\/\/www.daisho.be\/de\/wp-json\/wp\/v2\/product"}],"about":[{"href":"https:\/\/www.daisho.be\/de\/wp-json\/wp\/v2\/types\/product"}],"replies":[{"embeddable":true,"href":"https:\/\/www.daisho.be\/de\/wp-json\/wp\/v2\/comments?post=451206"}],"wp:featuredmedia":[{"embeddable":true,"href":"https:\/\/www.daisho.be\/de\/wp-json\/wp\/v2\/media\/451214"}],"wp:attachment":[{"href":"https:\/\/www.daisho.be\/de\/wp-json\/wp\/v2\/media?parent=451206"}],"wp:term":[{"taxonomy":"product_brand","embeddable":true,"href":"https:\/\/www.daisho.be\/de\/wp-json\/wp\/v2\/product_brand?post=451206"},{"taxonomy":"product_cat","embeddable":true,"href":"https:\/\/www.daisho.be\/de\/wp-json\/wp\/v2\/product_cat?post=451206"},{"taxonomy":"product_tag","embeddable":true,"href":"https:\/\/www.daisho.be\/de\/wp-json\/wp\/v2\/product_tag?post=451206"},{"taxonomy":"sport","embeddable":true,"href":"https:\/\/www.daisho.be\/de\/wp-json\/wp\/v2\/sport?post=451206"}],"curies":[{"name":"wp","href":"https:\/\/api.w.org\/{rel}","templated":true}]}}