{"id":450860,"date":"2019-10-28T15:12:04","date_gmt":"2019-10-28T14:12:04","guid":{"rendered":"https:\/\/www.daisho.be\/produit\/baerentatze-gebogen-dax-camber-pro-aus-schwarzem-leder\/"},"modified":"2025-12-24T11:51:12","modified_gmt":"2025-12-24T10:51:12","slug":"baerentatze-gebogen-dax-camber-pro-aus-schwarzem-leder","status":"publish","type":"product","link":"https:\/\/www.daisho.be\/de\/produit\/baerentatze-gebogen-dax-camber-pro-aus-schwarzem-leder\/","title":{"rendered":"B\u00c4RENTATZE GEBOGEN DAX CAMBER PRO AUS SCHWARZEM LEDER"},"content":{"rendered":"<p>Die B\u00e4rentatzen &#8222;Camber Pro&#8220; sind ein hochwertiges DAX-Produkt.<br \/>\nSie eignen sich f\u00fcr intensives Training, da sie sicher und flexibel sind.<br \/>\nEine leicht gebogene Oberfl\u00e4che sorgt daf\u00fcr, dass Schl\u00e4ge und Tritte nicht abrutschen.<br \/>\nDieses leichte und tragbare Produkt ist ideal f\u00fcr jede Art von Kampfsporttraining.<\/p>\n<p>Eigenschaften:<br \/>\n&#8211; 2-teilig,<br \/>\n&#8211; Material: Echtleder,<br \/>\n&#8211; extrem langlebig,<br \/>\n&#8211; variabler Klettverschluss,<br \/>\n&#8211; integrierter Globus f\u00fcr besseren Halt,<br \/>\n&#8211; leicht zu reinigen,<br \/>\n&#8211; Ma\u00dfe: 29 x 20 x 6 cm.<\/p>\n","protected":false},"excerpt":{"rendered":"<p>Die B\u00e4rentatzen &#8222;Camber Pro&#8220; sind ein hochwertiges DAX-Produkt. Sie eignen sich f\u00fcr intensives Training, da sie sicher und flexibel sind. Eine leicht gebogene Oberfl\u00e4che sorgt daf\u00fcr, dass Schl\u00e4ge und Tritte nicht abrutschen. Dieses leichte und tragbare Produkt ist ideal f\u00fcr jede Art von Kampfsporttraining. Eigenschaften: &#8211; 2-teilig, &#8211; Material: Echtleder, &#8211; extrem langlebig, &#8211; variabler [&hellip;]<\/p>\n","protected":false},"featured_media":450862,"comment_status":"closed","ping_status":"closed","template":"","meta":{"inline_featured_image":false},"product_brand":[],"product_cat":[2132,2055,2094,2043],"product_tag":[2040],"sport":[448,446,73,447,431,455,79],"class_list":{"0":"post-450860","1":"product","2":"type-product","3":"status-publish","4":"has-post-thumbnail","6":"product_cat-boxsacke","7":"product_cat-karate-trainingsmaterial","8":"product_cat-krav-maga-trainingsmaterial","9":"product_cat-trainingsmaterial-boxen","10":"product_tag-dax-de","11":"pa_size-sans-taille-defaut","12":"sport-kick-boxing","13":"sport-boxe","14":"sport-karate","15":"sport-krav-maga","16":"sport-mma","17":"sport-muay-thai","18":"sport-taekwondo","20":"first","21":"instock","22":"taxable","23":"shipping-taxable","24":"purchasable","25":"product-type-variable"},"yoast_head":"<!-- This site is optimized with the Yoast SEO plugin v27.2 - https:\/\/yoast.com\/product\/yoast-seo-wordpress\/ -->\n<title>B\u00c4RENTATZE GEBOGEN DAX CAMBER PRO AUS SCHWARZEM LEDER &#8211; Daisho<\/title>\n<meta name=\"robots\" content=\"index, follow, max-snippet:-1, max-image-preview:large, max-video-preview:-1\" \/>\n<link rel=\"canonical\" href=\"https:\/\/www.daisho.be\/de\/produit\/baerentatze-gebogen-dax-camber-pro-aus-schwarzem-leder\/\" \/>\n<meta property=\"og:locale\" content=\"de_DE\" \/>\n<meta property=\"og:type\" content=\"article\" \/>\n<meta property=\"og:title\" content=\"B\u00c4RENTATZE GEBOGEN DAX CAMBER PRO AUS SCHWARZEM LEDER &#8211; Daisho\" \/>\n<meta property=\"og:description\" content=\"Die B\u00e4rentatzen &#8222;Camber Pro&#8220; sind ein hochwertiges DAX-Produkt. Sie eignen sich f\u00fcr intensives Training, da sie sicher und flexibel sind. Eine leicht gebogene Oberfl\u00e4che sorgt daf\u00fcr, dass Schl\u00e4ge und Tritte nicht abrutschen. Dieses leichte und tragbare Produkt ist ideal f\u00fcr jede Art von Kampfsporttraining. Eigenschaften: &#8211; 2-teilig, &#8211; Material: Echtleder, &#8211; extrem langlebig, &#8211; variabler [&hellip;]\" \/>\n<meta property=\"og:url\" content=\"https:\/\/www.daisho.be\/de\/produit\/baerentatze-gebogen-dax-camber-pro-aus-schwarzem-leder\/\" \/>\n<meta property=\"og:site_name\" content=\"Daisho\" \/>\n<meta property=\"article:modified_time\" content=\"2025-12-24T10:51:12+00:00\" \/>\n<meta property=\"og:image\" content=\"https:\/\/www.daisho.be\/wp-content\/uploads\/2023\/08\/image-26.jpg\" \/>\n\t<meta property=\"og:image:width\" content=\"1359\" \/>\n\t<meta property=\"og:image:height\" content=\"1920\" \/>\n\t<meta property=\"og:image:type\" content=\"image\/jpeg\" \/>\n<meta name=\"twitter:card\" content=\"summary_large_image\" \/>\n<script type=\"application\/ld+json\" class=\"yoast-schema-graph\">{\"@context\":\"https:\/\/schema.org\",\"@graph\":[{\"@type\":\"WebPage\",\"@id\":\"https:\/\/www.daisho.be\/de\/produit\/baerentatze-gebogen-dax-camber-pro-aus-schwarzem-leder\/\",\"url\":\"https:\/\/www.daisho.be\/de\/produit\/baerentatze-gebogen-dax-camber-pro-aus-schwarzem-leder\/\",\"name\":\"B\u00c4RENTATZE GEBOGEN DAX CAMBER PRO AUS SCHWARZEM LEDER &#8211; Daisho\",\"isPartOf\":{\"@id\":\"https:\/\/www.daisho.be\/de\/#website\"},\"primaryImageOfPage\":{\"@id\":\"https:\/\/www.daisho.be\/de\/produit\/baerentatze-gebogen-dax-camber-pro-aus-schwarzem-leder\/#primaryimage\"},\"image\":{\"@id\":\"https:\/\/www.daisho.be\/de\/produit\/baerentatze-gebogen-dax-camber-pro-aus-schwarzem-leder\/#primaryimage\"},\"thumbnailUrl\":\"https:\/\/www.daisho.be\/wp-content\/uploads\/2023\/08\/image-26.jpg\",\"datePublished\":\"2019-10-28T14:12:04+00:00\",\"dateModified\":\"2025-12-24T10:51:12+00:00\",\"breadcrumb\":{\"@id\":\"https:\/\/www.daisho.be\/de\/produit\/baerentatze-gebogen-dax-camber-pro-aus-schwarzem-leder\/#breadcrumb\"},\"inLanguage\":\"de\",\"potentialAction\":[{\"@type\":\"ReadAction\",\"target\":[\"https:\/\/www.daisho.be\/de\/produit\/baerentatze-gebogen-dax-camber-pro-aus-schwarzem-leder\/\"]}]},{\"@type\":\"ImageObject\",\"inLanguage\":\"de\",\"@id\":\"https:\/\/www.daisho.be\/de\/produit\/baerentatze-gebogen-dax-camber-pro-aus-schwarzem-leder\/#primaryimage\",\"url\":\"https:\/\/www.daisho.be\/wp-content\/uploads\/2023\/08\/image-26.jpg\",\"contentUrl\":\"https:\/\/www.daisho.be\/wp-content\/uploads\/2023\/08\/image-26.jpg\",\"width\":1359,\"height\":1920,\"caption\":\"B\u00c4RENTATZE GEBOGEN DAX CAMBER PRO LEDER SCHWARZ-1\"},{\"@type\":\"BreadcrumbList\",\"@id\":\"https:\/\/www.daisho.be\/de\/produit\/baerentatze-gebogen-dax-camber-pro-aus-schwarzem-leder\/#breadcrumb\",\"itemListElement\":[{\"@type\":\"ListItem\",\"position\":1,\"name\":\"Accueil\",\"item\":\"https:\/\/www.daisho.be\/de\/\"},{\"@type\":\"ListItem\",\"position\":2,\"name\":\"Produkte\",\"item\":\"https:\/\/www.daisho.be\/de\/produkte\/\"},{\"@type\":\"ListItem\",\"position\":3,\"name\":\"Ausr\u00fcstung und Kleidung f\u00fcr Kampfkunst und Kampfsport\",\"item\":\"https:\/\/www.daisho.be\/de\/categorie-produit\/ausrustung-und-kleidung-fur-kampfkunst-und-kampfsport\/\"},{\"@type\":\"ListItem\",\"position\":4,\"name\":\"Karate\",\"item\":\"https:\/\/www.daisho.be\/de\/categorie-produit\/ausrustung-und-kleidung-fur-kampfkunst-und-kampfsport\/karate-de-2\/\"},{\"@type\":\"ListItem\",\"position\":5,\"name\":\"Karate Trainingsmaterial\",\"item\":\"https:\/\/www.daisho.be\/de\/categorie-produit\/ausrustung-und-kleidung-fur-kampfkunst-und-kampfsport\/karate-de-2\/karate-trainingsmaterial\/\"},{\"@type\":\"ListItem\",\"position\":6,\"name\":\"B\u00c4RENTATZE GEBOGEN DAX CAMBER PRO AUS SCHWARZEM LEDER\"}]},{\"@type\":\"WebSite\",\"@id\":\"https:\/\/www.daisho.be\/de\/#website\",\"url\":\"https:\/\/www.daisho.be\/de\/\",\"name\":\"Daisho\",\"description\":\"Sp&eacute;cialiste de l'&eacute;quipement sportif d'arts martiaux\",\"publisher\":{\"@id\":\"https:\/\/www.daisho.be\/de\/#organization\"},\"potentialAction\":[{\"@type\":\"SearchAction\",\"target\":{\"@type\":\"EntryPoint\",\"urlTemplate\":\"https:\/\/www.daisho.be\/de\/?s={search_term_string}\"},\"query-input\":{\"@type\":\"PropertyValueSpecification\",\"valueRequired\":true,\"valueName\":\"search_term_string\"}}],\"inLanguage\":\"de\"},{\"@type\":\"Organization\",\"@id\":\"https:\/\/www.daisho.be\/de\/#organization\",\"name\":\"Daisho\",\"url\":\"https:\/\/www.daisho.be\/de\/\",\"logo\":{\"@type\":\"ImageObject\",\"inLanguage\":\"de\",\"@id\":\"https:\/\/www.daisho.be\/de\/#\/schema\/logo\/image\/\",\"url\":\"https:\/\/www.daisho.be\/wp-content\/uploads\/2019\/07\/color-nothing-horizontale4x-e1564486100247.png\",\"contentUrl\":\"https:\/\/www.daisho.be\/wp-content\/uploads\/2019\/07\/color-nothing-horizontale4x-e1564486100247.png\",\"width\":1547,\"height\":385,\"caption\":\"Daisho\"},\"image\":{\"@id\":\"https:\/\/www.daisho.be\/de\/#\/schema\/logo\/image\/\"}}]}<\/script>\n<!-- \/ Yoast SEO plugin. -->","yoast_head_json":{"title":"B\u00c4RENTATZE GEBOGEN DAX CAMBER PRO AUS SCHWARZEM LEDER &#8211; Daisho","robots":{"index":"index","follow":"follow","max-snippet":"max-snippet:-1","max-image-preview":"max-image-preview:large","max-video-preview":"max-video-preview:-1"},"canonical":"https:\/\/www.daisho.be\/de\/produit\/baerentatze-gebogen-dax-camber-pro-aus-schwarzem-leder\/","og_locale":"de_DE","og_type":"article","og_title":"B\u00c4RENTATZE GEBOGEN DAX CAMBER PRO AUS SCHWARZEM LEDER &#8211; Daisho","og_description":"Die B\u00e4rentatzen &#8222;Camber Pro&#8220; sind ein hochwertiges DAX-Produkt. Sie eignen sich f\u00fcr intensives Training, da sie sicher und flexibel sind. Eine leicht gebogene Oberfl\u00e4che sorgt daf\u00fcr, dass Schl\u00e4ge und Tritte nicht abrutschen. Dieses leichte und tragbare Produkt ist ideal f\u00fcr jede Art von Kampfsporttraining. Eigenschaften: &#8211; 2-teilig, &#8211; Material: Echtleder, &#8211; extrem langlebig, &#8211; variabler [&hellip;]","og_url":"https:\/\/www.daisho.be\/de\/produit\/baerentatze-gebogen-dax-camber-pro-aus-schwarzem-leder\/","og_site_name":"Daisho","article_modified_time":"2025-12-24T10:51:12+00:00","og_image":[{"width":1359,"height":1920,"url":"https:\/\/www.daisho.be\/wp-content\/uploads\/2023\/08\/image-26.jpg","type":"image\/jpeg"}],"twitter_card":"summary_large_image","schema":{"@context":"https:\/\/schema.org","@graph":[{"@type":"WebPage","@id":"https:\/\/www.daisho.be\/de\/produit\/baerentatze-gebogen-dax-camber-pro-aus-schwarzem-leder\/","url":"https:\/\/www.daisho.be\/de\/produit\/baerentatze-gebogen-dax-camber-pro-aus-schwarzem-leder\/","name":"B\u00c4RENTATZE GEBOGEN DAX CAMBER PRO AUS SCHWARZEM LEDER &#8211; Daisho","isPartOf":{"@id":"https:\/\/www.daisho.be\/de\/#website"},"primaryImageOfPage":{"@id":"https:\/\/www.daisho.be\/de\/produit\/baerentatze-gebogen-dax-camber-pro-aus-schwarzem-leder\/#primaryimage"},"image":{"@id":"https:\/\/www.daisho.be\/de\/produit\/baerentatze-gebogen-dax-camber-pro-aus-schwarzem-leder\/#primaryimage"},"thumbnailUrl":"https:\/\/www.daisho.be\/wp-content\/uploads\/2023\/08\/image-26.jpg","datePublished":"2019-10-28T14:12:04+00:00","dateModified":"2025-12-24T10:51:12+00:00","breadcrumb":{"@id":"https:\/\/www.daisho.be\/de\/produit\/baerentatze-gebogen-dax-camber-pro-aus-schwarzem-leder\/#breadcrumb"},"inLanguage":"de","potentialAction":[{"@type":"ReadAction","target":["https:\/\/www.daisho.be\/de\/produit\/baerentatze-gebogen-dax-camber-pro-aus-schwarzem-leder\/"]}]},{"@type":"ImageObject","inLanguage":"de","@id":"https:\/\/www.daisho.be\/de\/produit\/baerentatze-gebogen-dax-camber-pro-aus-schwarzem-leder\/#primaryimage","url":"https:\/\/www.daisho.be\/wp-content\/uploads\/2023\/08\/image-26.jpg","contentUrl":"https:\/\/www.daisho.be\/wp-content\/uploads\/2023\/08\/image-26.jpg","width":1359,"height":1920,"caption":"B\u00c4RENTATZE GEBOGEN DAX CAMBER PRO LEDER SCHWARZ-1"},{"@type":"BreadcrumbList","@id":"https:\/\/www.daisho.be\/de\/produit\/baerentatze-gebogen-dax-camber-pro-aus-schwarzem-leder\/#breadcrumb","itemListElement":[{"@type":"ListItem","position":1,"name":"Accueil","item":"https:\/\/www.daisho.be\/de\/"},{"@type":"ListItem","position":2,"name":"Produkte","item":"https:\/\/www.daisho.be\/de\/produkte\/"},{"@type":"ListItem","position":3,"name":"Ausr\u00fcstung und Kleidung f\u00fcr Kampfkunst und Kampfsport","item":"https:\/\/www.daisho.be\/de\/categorie-produit\/ausrustung-und-kleidung-fur-kampfkunst-und-kampfsport\/"},{"@type":"ListItem","position":4,"name":"Karate","item":"https:\/\/www.daisho.be\/de\/categorie-produit\/ausrustung-und-kleidung-fur-kampfkunst-und-kampfsport\/karate-de-2\/"},{"@type":"ListItem","position":5,"name":"Karate Trainingsmaterial","item":"https:\/\/www.daisho.be\/de\/categorie-produit\/ausrustung-und-kleidung-fur-kampfkunst-und-kampfsport\/karate-de-2\/karate-trainingsmaterial\/"},{"@type":"ListItem","position":6,"name":"B\u00c4RENTATZE GEBOGEN DAX CAMBER PRO AUS SCHWARZEM LEDER"}]},{"@type":"WebSite","@id":"https:\/\/www.daisho.be\/de\/#website","url":"https:\/\/www.daisho.be\/de\/","name":"Daisho","description":"Sp&eacute;cialiste de l'&eacute;quipement sportif d'arts martiaux","publisher":{"@id":"https:\/\/www.daisho.be\/de\/#organization"},"potentialAction":[{"@type":"SearchAction","target":{"@type":"EntryPoint","urlTemplate":"https:\/\/www.daisho.be\/de\/?s={search_term_string}"},"query-input":{"@type":"PropertyValueSpecification","valueRequired":true,"valueName":"search_term_string"}}],"inLanguage":"de"},{"@type":"Organization","@id":"https:\/\/www.daisho.be\/de\/#organization","name":"Daisho","url":"https:\/\/www.daisho.be\/de\/","logo":{"@type":"ImageObject","inLanguage":"de","@id":"https:\/\/www.daisho.be\/de\/#\/schema\/logo\/image\/","url":"https:\/\/www.daisho.be\/wp-content\/uploads\/2019\/07\/color-nothing-horizontale4x-e1564486100247.png","contentUrl":"https:\/\/www.daisho.be\/wp-content\/uploads\/2019\/07\/color-nothing-horizontale4x-e1564486100247.png","width":1547,"height":385,"caption":"Daisho"},"image":{"@id":"https:\/\/www.daisho.be\/de\/#\/schema\/logo\/image\/"}}]}},"_links":{"self":[{"href":"https:\/\/www.daisho.be\/de\/wp-json\/wp\/v2\/product\/450860","targetHints":{"allow":["GET"]}}],"collection":[{"href":"https:\/\/www.daisho.be\/de\/wp-json\/wp\/v2\/product"}],"about":[{"href":"https:\/\/www.daisho.be\/de\/wp-json\/wp\/v2\/types\/product"}],"replies":[{"embeddable":true,"href":"https:\/\/www.daisho.be\/de\/wp-json\/wp\/v2\/comments?post=450860"}],"wp:featuredmedia":[{"embeddable":true,"href":"https:\/\/www.daisho.be\/de\/wp-json\/wp\/v2\/media\/450862"}],"wp:attachment":[{"href":"https:\/\/www.daisho.be\/de\/wp-json\/wp\/v2\/media?parent=450860"}],"wp:term":[{"taxonomy":"product_brand","embeddable":true,"href":"https:\/\/www.daisho.be\/de\/wp-json\/wp\/v2\/product_brand?post=450860"},{"taxonomy":"product_cat","embeddable":true,"href":"https:\/\/www.daisho.be\/de\/wp-json\/wp\/v2\/product_cat?post=450860"},{"taxonomy":"product_tag","embeddable":true,"href":"https:\/\/www.daisho.be\/de\/wp-json\/wp\/v2\/product_tag?post=450860"},{"taxonomy":"sport","embeddable":true,"href":"https:\/\/www.daisho.be\/de\/wp-json\/wp\/v2\/sport?post=450860"}],"curies":[{"name":"wp","href":"https:\/\/api.w.org\/{rel}","templated":true}]}}