{"id":450825,"date":"2019-10-28T15:18:16","date_gmt":"2019-10-28T14:18:16","guid":{"rendered":"https:\/\/www.daisho.be\/produit\/kletterseil-judo-moskito-blau\/"},"modified":"2025-10-09T13:59:17","modified_gmt":"2025-10-09T11:59:17","slug":"kletterseil-judo-moskito-blau","status":"publish","type":"product","link":"https:\/\/www.daisho.be\/de\/produit\/kletterseil-judo-moskito-blau\/","title":{"rendered":"KLETTERSEIL JUDO MOSKITO BLAU"},"content":{"rendered":"<p>Blaues Kletterseil f\u00fcr das Judotraining.<br \/>\nDie Griffkraft spielt eine Schl\u00fcsselrolle im Judo und Jiu-Jitsu.<br \/>\nDas Judo Kletterseil von Moskito hilft Ihnen, eine deutliche St\u00e4rkung der Griffkraft und der Unterarmmuskulatur zu erreichen.<br \/>\nEin effektives Training erh\u00f6ht die Kraft des Handgelenks, das Zwicken, die Kraft der Finger und den St\u00fctzgriff.<\/p>\n<p>Eigenschaften:<br \/>\n&#8211; hergestellt aus Judogi-Stoff (950 g\/m2)<br \/>\n&#8211; Material: 100% Baumwolle<br \/>\n&#8211; erh\u00e4ltlich in 4 L\u00e4ngen: 1,65 m \/ 3 m \/ 4 m \/ 5 m.<\/p>\n","protected":false},"excerpt":{"rendered":"<p>Blaues Kletterseil f\u00fcr das Judotraining. Die Griffkraft spielt eine Schl\u00fcsselrolle im Judo und Jiu-Jitsu. Das Judo Kletterseil von Moskito hilft Ihnen, eine deutliche St\u00e4rkung der Griffkraft und der Unterarmmuskulatur zu erreichen. Ein effektives Training erh\u00f6ht die Kraft des Handgelenks, das Zwicken, die Kraft der Finger und den St\u00fctzgriff. Eigenschaften: &#8211; hergestellt aus Judogi-Stoff (950 g\/m2) [&hellip;]<\/p>\n","protected":false},"featured_media":450832,"comment_status":"closed","ping_status":"closed","template":"","meta":{"inline_featured_image":false},"product_brand":[],"product_cat":[2099,2054,2101],"product_tag":[2155],"sport":[74,430,78],"class_list":{"0":"post-450825","1":"product","2":"type-product","3":"status-publish","4":"has-post-thumbnail","6":"product_cat-trainingsmaterial-de","7":"product_cat-trainingsmaterial","8":"product_cat-trainingsmaterial-fur-jiu-jitsu","9":"product_tag-moskito-de","10":"pa_size-387","11":"pa_size-251","12":"pa_size-468","13":"pa_size-467","14":"sport-jiu-jitsu","15":"sport-jiu-jitsu-bresilien","16":"sport-judo","18":"first","19":"instock","20":"taxable","21":"shipping-taxable","22":"purchasable","23":"product-type-variable"},"yoast_head":"<!-- This site is optimized with the Yoast SEO plugin v27.2 - https:\/\/yoast.com\/product\/yoast-seo-wordpress\/ -->\n<title>KLETTERSEIL JUDO MOSKITO BLAU &#8211; Daisho<\/title>\n<meta name=\"description\" content=\"Das Judo-Kletterseil erh\u00f6ht Ihre Greifkraft und Ihre Unterarmmuskulatur. Kaufen Sie es auf www.daisho.be|Daisho\" \/>\n<meta name=\"robots\" content=\"index, follow, max-snippet:-1, max-image-preview:large, max-video-preview:-1\" \/>\n<link rel=\"canonical\" href=\"https:\/\/www.daisho.be\/de\/produit\/kletterseil-judo-moskito-blau\/\" \/>\n<meta property=\"og:locale\" content=\"de_DE\" \/>\n<meta property=\"og:type\" content=\"article\" \/>\n<meta property=\"og:title\" content=\"KLETTERSEIL JUDO MOSKITO BLAU &#8211; Daisho\" \/>\n<meta property=\"og:description\" content=\"Das Judo-Kletterseil erh\u00f6ht Ihre Greifkraft und Ihre Unterarmmuskulatur. Kaufen Sie es auf www.daisho.be|Daisho\" \/>\n<meta property=\"og:url\" content=\"https:\/\/www.daisho.be\/de\/produit\/kletterseil-judo-moskito-blau\/\" \/>\n<meta property=\"og:site_name\" content=\"Daisho\" \/>\n<meta property=\"article:modified_time\" content=\"2025-10-09T11:59:17+00:00\" \/>\n<meta property=\"og:image\" content=\"https:\/\/www.daisho.be\/wp-content\/uploads\/2024\/09\/image-14-scaled.jpg\" \/>\n\t<meta property=\"og:image:width\" content=\"1449\" \/>\n\t<meta property=\"og:image:height\" content=\"2048\" \/>\n\t<meta property=\"og:image:type\" content=\"image\/jpeg\" \/>\n<meta name=\"twitter:card\" content=\"summary_large_image\" \/>\n<script type=\"application\/ld+json\" class=\"yoast-schema-graph\">{\"@context\":\"https:\/\/schema.org\",\"@graph\":[{\"@type\":\"WebPage\",\"@id\":\"https:\/\/www.daisho.be\/de\/produit\/kletterseil-judo-moskito-blau\/\",\"url\":\"https:\/\/www.daisho.be\/de\/produit\/kletterseil-judo-moskito-blau\/\",\"name\":\"KLETTERSEIL JUDO MOSKITO BLAU &#8211; Daisho\",\"isPartOf\":{\"@id\":\"https:\/\/www.daisho.be\/de\/#website\"},\"primaryImageOfPage\":{\"@id\":\"https:\/\/www.daisho.be\/de\/produit\/kletterseil-judo-moskito-blau\/#primaryimage\"},\"image\":{\"@id\":\"https:\/\/www.daisho.be\/de\/produit\/kletterseil-judo-moskito-blau\/#primaryimage\"},\"thumbnailUrl\":\"https:\/\/www.daisho.be\/wp-content\/uploads\/2024\/09\/image-14-scaled.jpg\",\"datePublished\":\"2019-10-28T14:18:16+00:00\",\"dateModified\":\"2025-10-09T11:59:17+00:00\",\"description\":\"Das Judo-Kletterseil erh\u00f6ht Ihre Greifkraft und Ihre Unterarmmuskulatur. Kaufen Sie es auf www.daisho.be|Daisho\",\"breadcrumb\":{\"@id\":\"https:\/\/www.daisho.be\/de\/produit\/kletterseil-judo-moskito-blau\/#breadcrumb\"},\"inLanguage\":\"de\",\"potentialAction\":[{\"@type\":\"ReadAction\",\"target\":[\"https:\/\/www.daisho.be\/de\/produit\/kletterseil-judo-moskito-blau\/\"]}]},{\"@type\":\"ImageObject\",\"inLanguage\":\"de\",\"@id\":\"https:\/\/www.daisho.be\/de\/produit\/kletterseil-judo-moskito-blau\/#primaryimage\",\"url\":\"https:\/\/www.daisho.be\/wp-content\/uploads\/2024\/09\/image-14-scaled.jpg\",\"contentUrl\":\"https:\/\/www.daisho.be\/wp-content\/uploads\/2024\/09\/image-14-scaled.jpg\",\"width\":1449,\"height\":2048,\"caption\":\"KLETTERSEIL JUDO MOSKITO BLAU-1\"},{\"@type\":\"BreadcrumbList\",\"@id\":\"https:\/\/www.daisho.be\/de\/produit\/kletterseil-judo-moskito-blau\/#breadcrumb\",\"itemListElement\":[{\"@type\":\"ListItem\",\"position\":1,\"name\":\"Accueil\",\"item\":\"https:\/\/www.daisho.be\/de\/\"},{\"@type\":\"ListItem\",\"position\":2,\"name\":\"Produkte\",\"item\":\"https:\/\/www.daisho.be\/de\/produkte\/\"},{\"@type\":\"ListItem\",\"position\":3,\"name\":\"Ausr\u00fcstung und Kleidung f\u00fcr Kampfkunst und Kampfsport\",\"item\":\"https:\/\/www.daisho.be\/de\/categorie-produit\/ausrustung-und-kleidung-fur-kampfkunst-und-kampfsport\/\"},{\"@type\":\"ListItem\",\"position\":4,\"name\":\"Judo\",\"item\":\"https:\/\/www.daisho.be\/de\/categorie-produit\/ausrustung-und-kleidung-fur-kampfkunst-und-kampfsport\/judo-de-2\/\"},{\"@type\":\"ListItem\",\"position\":5,\"name\":\"Trainingsmaterial\",\"item\":\"https:\/\/www.daisho.be\/de\/categorie-produit\/ausrustung-und-kleidung-fur-kampfkunst-und-kampfsport\/judo-de-2\/trainingsmaterial-de\/\"},{\"@type\":\"ListItem\",\"position\":6,\"name\":\"KLETTERSEIL JUDO MOSKITO BLAU\"}]},{\"@type\":\"WebSite\",\"@id\":\"https:\/\/www.daisho.be\/de\/#website\",\"url\":\"https:\/\/www.daisho.be\/de\/\",\"name\":\"Daisho\",\"description\":\"Sp&eacute;cialiste de l'&eacute;quipement sportif d'arts martiaux\",\"publisher\":{\"@id\":\"https:\/\/www.daisho.be\/de\/#organization\"},\"potentialAction\":[{\"@type\":\"SearchAction\",\"target\":{\"@type\":\"EntryPoint\",\"urlTemplate\":\"https:\/\/www.daisho.be\/de\/?s={search_term_string}\"},\"query-input\":{\"@type\":\"PropertyValueSpecification\",\"valueRequired\":true,\"valueName\":\"search_term_string\"}}],\"inLanguage\":\"de\"},{\"@type\":\"Organization\",\"@id\":\"https:\/\/www.daisho.be\/de\/#organization\",\"name\":\"Daisho\",\"url\":\"https:\/\/www.daisho.be\/de\/\",\"logo\":{\"@type\":\"ImageObject\",\"inLanguage\":\"de\",\"@id\":\"https:\/\/www.daisho.be\/de\/#\/schema\/logo\/image\/\",\"url\":\"https:\/\/www.daisho.be\/wp-content\/uploads\/2019\/07\/color-nothing-horizontale4x-e1564486100247.png\",\"contentUrl\":\"https:\/\/www.daisho.be\/wp-content\/uploads\/2019\/07\/color-nothing-horizontale4x-e1564486100247.png\",\"width\":1547,\"height\":385,\"caption\":\"Daisho\"},\"image\":{\"@id\":\"https:\/\/www.daisho.be\/de\/#\/schema\/logo\/image\/\"}}]}<\/script>\n<!-- \/ Yoast SEO plugin. -->","yoast_head_json":{"title":"KLETTERSEIL JUDO MOSKITO BLAU &#8211; Daisho","description":"Das Judo-Kletterseil erh\u00f6ht Ihre Greifkraft und Ihre Unterarmmuskulatur. Kaufen Sie es auf www.daisho.be|Daisho","robots":{"index":"index","follow":"follow","max-snippet":"max-snippet:-1","max-image-preview":"max-image-preview:large","max-video-preview":"max-video-preview:-1"},"canonical":"https:\/\/www.daisho.be\/de\/produit\/kletterseil-judo-moskito-blau\/","og_locale":"de_DE","og_type":"article","og_title":"KLETTERSEIL JUDO MOSKITO BLAU &#8211; Daisho","og_description":"Das Judo-Kletterseil erh\u00f6ht Ihre Greifkraft und Ihre Unterarmmuskulatur. Kaufen Sie es auf www.daisho.be|Daisho","og_url":"https:\/\/www.daisho.be\/de\/produit\/kletterseil-judo-moskito-blau\/","og_site_name":"Daisho","article_modified_time":"2025-10-09T11:59:17+00:00","og_image":[{"width":1449,"height":2048,"url":"https:\/\/www.daisho.be\/wp-content\/uploads\/2024\/09\/image-14-scaled.jpg","type":"image\/jpeg"}],"twitter_card":"summary_large_image","schema":{"@context":"https:\/\/schema.org","@graph":[{"@type":"WebPage","@id":"https:\/\/www.daisho.be\/de\/produit\/kletterseil-judo-moskito-blau\/","url":"https:\/\/www.daisho.be\/de\/produit\/kletterseil-judo-moskito-blau\/","name":"KLETTERSEIL JUDO MOSKITO BLAU &#8211; Daisho","isPartOf":{"@id":"https:\/\/www.daisho.be\/de\/#website"},"primaryImageOfPage":{"@id":"https:\/\/www.daisho.be\/de\/produit\/kletterseil-judo-moskito-blau\/#primaryimage"},"image":{"@id":"https:\/\/www.daisho.be\/de\/produit\/kletterseil-judo-moskito-blau\/#primaryimage"},"thumbnailUrl":"https:\/\/www.daisho.be\/wp-content\/uploads\/2024\/09\/image-14-scaled.jpg","datePublished":"2019-10-28T14:18:16+00:00","dateModified":"2025-10-09T11:59:17+00:00","description":"Das Judo-Kletterseil erh\u00f6ht Ihre Greifkraft und Ihre Unterarmmuskulatur. Kaufen Sie es auf www.daisho.be|Daisho","breadcrumb":{"@id":"https:\/\/www.daisho.be\/de\/produit\/kletterseil-judo-moskito-blau\/#breadcrumb"},"inLanguage":"de","potentialAction":[{"@type":"ReadAction","target":["https:\/\/www.daisho.be\/de\/produit\/kletterseil-judo-moskito-blau\/"]}]},{"@type":"ImageObject","inLanguage":"de","@id":"https:\/\/www.daisho.be\/de\/produit\/kletterseil-judo-moskito-blau\/#primaryimage","url":"https:\/\/www.daisho.be\/wp-content\/uploads\/2024\/09\/image-14-scaled.jpg","contentUrl":"https:\/\/www.daisho.be\/wp-content\/uploads\/2024\/09\/image-14-scaled.jpg","width":1449,"height":2048,"caption":"KLETTERSEIL JUDO MOSKITO BLAU-1"},{"@type":"BreadcrumbList","@id":"https:\/\/www.daisho.be\/de\/produit\/kletterseil-judo-moskito-blau\/#breadcrumb","itemListElement":[{"@type":"ListItem","position":1,"name":"Accueil","item":"https:\/\/www.daisho.be\/de\/"},{"@type":"ListItem","position":2,"name":"Produkte","item":"https:\/\/www.daisho.be\/de\/produkte\/"},{"@type":"ListItem","position":3,"name":"Ausr\u00fcstung und Kleidung f\u00fcr Kampfkunst und Kampfsport","item":"https:\/\/www.daisho.be\/de\/categorie-produit\/ausrustung-und-kleidung-fur-kampfkunst-und-kampfsport\/"},{"@type":"ListItem","position":4,"name":"Judo","item":"https:\/\/www.daisho.be\/de\/categorie-produit\/ausrustung-und-kleidung-fur-kampfkunst-und-kampfsport\/judo-de-2\/"},{"@type":"ListItem","position":5,"name":"Trainingsmaterial","item":"https:\/\/www.daisho.be\/de\/categorie-produit\/ausrustung-und-kleidung-fur-kampfkunst-und-kampfsport\/judo-de-2\/trainingsmaterial-de\/"},{"@type":"ListItem","position":6,"name":"KLETTERSEIL JUDO MOSKITO BLAU"}]},{"@type":"WebSite","@id":"https:\/\/www.daisho.be\/de\/#website","url":"https:\/\/www.daisho.be\/de\/","name":"Daisho","description":"Sp&eacute;cialiste de l'&eacute;quipement sportif d'arts martiaux","publisher":{"@id":"https:\/\/www.daisho.be\/de\/#organization"},"potentialAction":[{"@type":"SearchAction","target":{"@type":"EntryPoint","urlTemplate":"https:\/\/www.daisho.be\/de\/?s={search_term_string}"},"query-input":{"@type":"PropertyValueSpecification","valueRequired":true,"valueName":"search_term_string"}}],"inLanguage":"de"},{"@type":"Organization","@id":"https:\/\/www.daisho.be\/de\/#organization","name":"Daisho","url":"https:\/\/www.daisho.be\/de\/","logo":{"@type":"ImageObject","inLanguage":"de","@id":"https:\/\/www.daisho.be\/de\/#\/schema\/logo\/image\/","url":"https:\/\/www.daisho.be\/wp-content\/uploads\/2019\/07\/color-nothing-horizontale4x-e1564486100247.png","contentUrl":"https:\/\/www.daisho.be\/wp-content\/uploads\/2019\/07\/color-nothing-horizontale4x-e1564486100247.png","width":1547,"height":385,"caption":"Daisho"},"image":{"@id":"https:\/\/www.daisho.be\/de\/#\/schema\/logo\/image\/"}}]}},"_links":{"self":[{"href":"https:\/\/www.daisho.be\/de\/wp-json\/wp\/v2\/product\/450825","targetHints":{"allow":["GET"]}}],"collection":[{"href":"https:\/\/www.daisho.be\/de\/wp-json\/wp\/v2\/product"}],"about":[{"href":"https:\/\/www.daisho.be\/de\/wp-json\/wp\/v2\/types\/product"}],"replies":[{"embeddable":true,"href":"https:\/\/www.daisho.be\/de\/wp-json\/wp\/v2\/comments?post=450825"}],"wp:featuredmedia":[{"embeddable":true,"href":"https:\/\/www.daisho.be\/de\/wp-json\/wp\/v2\/media\/450832"}],"wp:attachment":[{"href":"https:\/\/www.daisho.be\/de\/wp-json\/wp\/v2\/media?parent=450825"}],"wp:term":[{"taxonomy":"product_brand","embeddable":true,"href":"https:\/\/www.daisho.be\/de\/wp-json\/wp\/v2\/product_brand?post=450825"},{"taxonomy":"product_cat","embeddable":true,"href":"https:\/\/www.daisho.be\/de\/wp-json\/wp\/v2\/product_cat?post=450825"},{"taxonomy":"product_tag","embeddable":true,"href":"https:\/\/www.daisho.be\/de\/wp-json\/wp\/v2\/product_tag?post=450825"},{"taxonomy":"sport","embeddable":true,"href":"https:\/\/www.daisho.be\/de\/wp-json\/wp\/v2\/sport?post=450825"}],"curies":[{"name":"wp","href":"https:\/\/api.w.org\/{rel}","templated":true}]}}