{"id":450803,"date":"2019-10-28T15:20:00","date_gmt":"2019-10-28T14:20:00","guid":{"rendered":"https:\/\/www.daisho.be\/produit\/judo-grip-trainer-moskito-gym-blau\/"},"modified":"2025-10-09T13:59:01","modified_gmt":"2025-10-09T11:59:01","slug":"judo-grip-trainer-moskito-gym-blau","status":"publish","type":"product","link":"https:\/\/www.daisho.be\/de\/produit\/judo-grip-trainer-moskito-gym-blau\/","title":{"rendered":"JUDO GRIP TRAINER MOSKITO GYM BLAU"},"content":{"rendered":"<p>Judo Grip Trainer Moskito Gym blau.<br \/>\nDie Griffkraft spielt beim Judo und Jiu-Jitsu eine Schl\u00fcsselrolle.<br \/>\nDer Judo Grip Trainer von Moskito hilft Ihnen, eine deutliche St\u00e4rkung der Griffkraft und der Unterarmmuskulatur zu erreichen.<br \/>\nEin effektives Training erh\u00f6ht die Kraft des Handgelenks, das Zwicken, die Kraft der Finger und den St\u00fctzgriff.<\/p>\n<p>Merkmale:<br \/>\n&#8211; hergestellt aus Judogi-Stoff (930 g \/m2),<br \/>\n&#8211; Material: 100 % Baumwolle,<br \/>\n&#8211; befestigte Gummikordel,<br \/>\n&#8211; Ma\u00dfe: 55 x 25 cm.<\/p>\n<p><i class=\"fa fa-clock-o\"><\/i> VERF\u00dcGBARKEIT: JUNI \/ JULI 2025<\/p>\n","protected":false},"excerpt":{"rendered":"<p>Judo Grip Trainer Moskito Gym blau. Die Griffkraft spielt beim Judo und Jiu-Jitsu eine Schl\u00fcsselrolle. Der Judo Grip Trainer von Moskito hilft Ihnen, eine deutliche St\u00e4rkung der Griffkraft und der Unterarmmuskulatur zu erreichen. Ein effektives Training erh\u00f6ht die Kraft des Handgelenks, das Zwicken, die Kraft der Finger und den St\u00fctzgriff. Merkmale: &#8211; hergestellt aus Judogi-Stoff [&hellip;]<\/p>\n","protected":false},"featured_media":509922,"comment_status":"closed","ping_status":"closed","template":"","meta":{"inline_featured_image":false},"product_brand":[],"product_cat":[2099,2054,2101],"product_tag":[2155],"sport":[74,430,78],"class_list":{"0":"post-450803","1":"product","2":"type-product","3":"status-publish","4":"has-post-thumbnail","6":"product_cat-trainingsmaterial-de","7":"product_cat-trainingsmaterial","8":"product_cat-trainingsmaterial-fur-jiu-jitsu","9":"product_tag-moskito-de","10":"pa_size-sans-taille-defaut","11":"sport-jiu-jitsu","12":"sport-jiu-jitsu-bresilien","13":"sport-judo","15":"first","16":"instock","17":"taxable","18":"shipping-taxable","19":"purchasable","20":"product-type-simple"},"yoast_head":"<!-- This site is optimized with the Yoast SEO plugin v27.2 - https:\/\/yoast.com\/product\/yoast-seo-wordpress\/ -->\n<title>Judo Grip Trainer Moskito Gym Blau | Daisho<\/title>\n<meta name=\"description\" content=\"Entdecken Sie den Judo-Greiftrainer, der f\u00fcr die St\u00e4rkung der Greifkraft und der Unterarmmuskulatur entwickelt wurde. Sie finden ihn unter www.daisho.be\" \/>\n<meta name=\"robots\" content=\"index, follow, max-snippet:-1, max-image-preview:large, max-video-preview:-1\" \/>\n<link rel=\"canonical\" href=\"https:\/\/www.daisho.be\/de\/produit\/judo-grip-trainer-moskito-gym-blau\/\" \/>\n<meta property=\"og:locale\" content=\"de_DE\" \/>\n<meta property=\"og:type\" content=\"article\" \/>\n<meta property=\"og:title\" content=\"Judo Grip Trainer Moskito Gym Blau | Daisho\" \/>\n<meta property=\"og:description\" content=\"Entdecken Sie den Judo-Greiftrainer, der f\u00fcr die St\u00e4rkung der Greifkraft und der Unterarmmuskulatur entwickelt wurde. Sie finden ihn unter www.daisho.be\" \/>\n<meta property=\"og:url\" content=\"https:\/\/www.daisho.be\/de\/produit\/judo-grip-trainer-moskito-gym-blau\/\" \/>\n<meta property=\"og:site_name\" content=\"Daisho\" \/>\n<meta property=\"article:modified_time\" content=\"2025-10-09T11:59:01+00:00\" \/>\n<meta property=\"og:image\" content=\"https:\/\/www.daisho.be\/wp-content\/uploads\/2025\/03\/image-49.jpg\" \/>\n\t<meta property=\"og:image:width\" content=\"800\" \/>\n\t<meta property=\"og:image:height\" content=\"1280\" \/>\n\t<meta property=\"og:image:type\" content=\"image\/jpeg\" \/>\n<meta name=\"twitter:card\" content=\"summary_large_image\" \/>\n<script type=\"application\/ld+json\" class=\"yoast-schema-graph\">{\"@context\":\"https:\/\/schema.org\",\"@graph\":[{\"@type\":\"WebPage\",\"@id\":\"https:\/\/www.daisho.be\/de\/produit\/judo-grip-trainer-moskito-gym-blau\/\",\"url\":\"https:\/\/www.daisho.be\/de\/produit\/judo-grip-trainer-moskito-gym-blau\/\",\"name\":\"Judo Grip Trainer Moskito Gym Blau | Daisho\",\"isPartOf\":{\"@id\":\"https:\/\/www.daisho.be\/de\/#website\"},\"primaryImageOfPage\":{\"@id\":\"https:\/\/www.daisho.be\/de\/produit\/judo-grip-trainer-moskito-gym-blau\/#primaryimage\"},\"image\":{\"@id\":\"https:\/\/www.daisho.be\/de\/produit\/judo-grip-trainer-moskito-gym-blau\/#primaryimage\"},\"thumbnailUrl\":\"https:\/\/www.daisho.be\/wp-content\/uploads\/2025\/03\/image-49.jpg\",\"datePublished\":\"2019-10-28T14:20:00+00:00\",\"dateModified\":\"2025-10-09T11:59:01+00:00\",\"description\":\"Entdecken Sie den Judo-Greiftrainer, der f\u00fcr die St\u00e4rkung der Greifkraft und der Unterarmmuskulatur entwickelt wurde. Sie finden ihn unter www.daisho.be\",\"breadcrumb\":{\"@id\":\"https:\/\/www.daisho.be\/de\/produit\/judo-grip-trainer-moskito-gym-blau\/#breadcrumb\"},\"inLanguage\":\"de\",\"potentialAction\":[{\"@type\":\"ReadAction\",\"target\":[\"https:\/\/www.daisho.be\/de\/produit\/judo-grip-trainer-moskito-gym-blau\/\"]}]},{\"@type\":\"ImageObject\",\"inLanguage\":\"de\",\"@id\":\"https:\/\/www.daisho.be\/de\/produit\/judo-grip-trainer-moskito-gym-blau\/#primaryimage\",\"url\":\"https:\/\/www.daisho.be\/wp-content\/uploads\/2025\/03\/image-49.jpg\",\"contentUrl\":\"https:\/\/www.daisho.be\/wp-content\/uploads\/2025\/03\/image-49.jpg\",\"width\":800,\"height\":1280,\"caption\":\"JUDO GRIPTRAINER MOSKITO GYM BLAU-1\"},{\"@type\":\"BreadcrumbList\",\"@id\":\"https:\/\/www.daisho.be\/de\/produit\/judo-grip-trainer-moskito-gym-blau\/#breadcrumb\",\"itemListElement\":[{\"@type\":\"ListItem\",\"position\":1,\"name\":\"Accueil\",\"item\":\"https:\/\/www.daisho.be\/de\/\"},{\"@type\":\"ListItem\",\"position\":2,\"name\":\"Produkte\",\"item\":\"https:\/\/www.daisho.be\/de\/produkte\/\"},{\"@type\":\"ListItem\",\"position\":3,\"name\":\"Ausr\u00fcstung und Kleidung f\u00fcr Kampfkunst und Kampfsport\",\"item\":\"https:\/\/www.daisho.be\/de\/categorie-produit\/ausrustung-und-kleidung-fur-kampfkunst-und-kampfsport\/\"},{\"@type\":\"ListItem\",\"position\":4,\"name\":\"Judo\",\"item\":\"https:\/\/www.daisho.be\/de\/categorie-produit\/ausrustung-und-kleidung-fur-kampfkunst-und-kampfsport\/judo-de-2\/\"},{\"@type\":\"ListItem\",\"position\":5,\"name\":\"Trainingsmaterial\",\"item\":\"https:\/\/www.daisho.be\/de\/categorie-produit\/ausrustung-und-kleidung-fur-kampfkunst-und-kampfsport\/judo-de-2\/trainingsmaterial-de\/\"},{\"@type\":\"ListItem\",\"position\":6,\"name\":\"JUDO GRIP TRAINER MOSKITO GYM BLAU\"}]},{\"@type\":\"WebSite\",\"@id\":\"https:\/\/www.daisho.be\/de\/#website\",\"url\":\"https:\/\/www.daisho.be\/de\/\",\"name\":\"Daisho\",\"description\":\"Sp&eacute;cialiste de l'&eacute;quipement sportif d'arts martiaux\",\"publisher\":{\"@id\":\"https:\/\/www.daisho.be\/de\/#organization\"},\"potentialAction\":[{\"@type\":\"SearchAction\",\"target\":{\"@type\":\"EntryPoint\",\"urlTemplate\":\"https:\/\/www.daisho.be\/de\/?s={search_term_string}\"},\"query-input\":{\"@type\":\"PropertyValueSpecification\",\"valueRequired\":true,\"valueName\":\"search_term_string\"}}],\"inLanguage\":\"de\"},{\"@type\":\"Organization\",\"@id\":\"https:\/\/www.daisho.be\/de\/#organization\",\"name\":\"Daisho\",\"url\":\"https:\/\/www.daisho.be\/de\/\",\"logo\":{\"@type\":\"ImageObject\",\"inLanguage\":\"de\",\"@id\":\"https:\/\/www.daisho.be\/de\/#\/schema\/logo\/image\/\",\"url\":\"https:\/\/www.daisho.be\/wp-content\/uploads\/2019\/07\/color-nothing-horizontale4x-e1564486100247.png\",\"contentUrl\":\"https:\/\/www.daisho.be\/wp-content\/uploads\/2019\/07\/color-nothing-horizontale4x-e1564486100247.png\",\"width\":1547,\"height\":385,\"caption\":\"Daisho\"},\"image\":{\"@id\":\"https:\/\/www.daisho.be\/de\/#\/schema\/logo\/image\/\"}}]}<\/script>\n<!-- \/ Yoast SEO plugin. -->","yoast_head_json":{"title":"Judo Grip Trainer Moskito Gym Blau | Daisho","description":"Entdecken Sie den Judo-Greiftrainer, der f\u00fcr die St\u00e4rkung der Greifkraft und der Unterarmmuskulatur entwickelt wurde. Sie finden ihn unter www.daisho.be","robots":{"index":"index","follow":"follow","max-snippet":"max-snippet:-1","max-image-preview":"max-image-preview:large","max-video-preview":"max-video-preview:-1"},"canonical":"https:\/\/www.daisho.be\/de\/produit\/judo-grip-trainer-moskito-gym-blau\/","og_locale":"de_DE","og_type":"article","og_title":"Judo Grip Trainer Moskito Gym Blau | Daisho","og_description":"Entdecken Sie den Judo-Greiftrainer, der f\u00fcr die St\u00e4rkung der Greifkraft und der Unterarmmuskulatur entwickelt wurde. Sie finden ihn unter www.daisho.be","og_url":"https:\/\/www.daisho.be\/de\/produit\/judo-grip-trainer-moskito-gym-blau\/","og_site_name":"Daisho","article_modified_time":"2025-10-09T11:59:01+00:00","og_image":[{"width":800,"height":1280,"url":"https:\/\/www.daisho.be\/wp-content\/uploads\/2025\/03\/image-49.jpg","type":"image\/jpeg"}],"twitter_card":"summary_large_image","schema":{"@context":"https:\/\/schema.org","@graph":[{"@type":"WebPage","@id":"https:\/\/www.daisho.be\/de\/produit\/judo-grip-trainer-moskito-gym-blau\/","url":"https:\/\/www.daisho.be\/de\/produit\/judo-grip-trainer-moskito-gym-blau\/","name":"Judo Grip Trainer Moskito Gym Blau | Daisho","isPartOf":{"@id":"https:\/\/www.daisho.be\/de\/#website"},"primaryImageOfPage":{"@id":"https:\/\/www.daisho.be\/de\/produit\/judo-grip-trainer-moskito-gym-blau\/#primaryimage"},"image":{"@id":"https:\/\/www.daisho.be\/de\/produit\/judo-grip-trainer-moskito-gym-blau\/#primaryimage"},"thumbnailUrl":"https:\/\/www.daisho.be\/wp-content\/uploads\/2025\/03\/image-49.jpg","datePublished":"2019-10-28T14:20:00+00:00","dateModified":"2025-10-09T11:59:01+00:00","description":"Entdecken Sie den Judo-Greiftrainer, der f\u00fcr die St\u00e4rkung der Greifkraft und der Unterarmmuskulatur entwickelt wurde. Sie finden ihn unter www.daisho.be","breadcrumb":{"@id":"https:\/\/www.daisho.be\/de\/produit\/judo-grip-trainer-moskito-gym-blau\/#breadcrumb"},"inLanguage":"de","potentialAction":[{"@type":"ReadAction","target":["https:\/\/www.daisho.be\/de\/produit\/judo-grip-trainer-moskito-gym-blau\/"]}]},{"@type":"ImageObject","inLanguage":"de","@id":"https:\/\/www.daisho.be\/de\/produit\/judo-grip-trainer-moskito-gym-blau\/#primaryimage","url":"https:\/\/www.daisho.be\/wp-content\/uploads\/2025\/03\/image-49.jpg","contentUrl":"https:\/\/www.daisho.be\/wp-content\/uploads\/2025\/03\/image-49.jpg","width":800,"height":1280,"caption":"JUDO GRIPTRAINER MOSKITO GYM BLAU-1"},{"@type":"BreadcrumbList","@id":"https:\/\/www.daisho.be\/de\/produit\/judo-grip-trainer-moskito-gym-blau\/#breadcrumb","itemListElement":[{"@type":"ListItem","position":1,"name":"Accueil","item":"https:\/\/www.daisho.be\/de\/"},{"@type":"ListItem","position":2,"name":"Produkte","item":"https:\/\/www.daisho.be\/de\/produkte\/"},{"@type":"ListItem","position":3,"name":"Ausr\u00fcstung und Kleidung f\u00fcr Kampfkunst und Kampfsport","item":"https:\/\/www.daisho.be\/de\/categorie-produit\/ausrustung-und-kleidung-fur-kampfkunst-und-kampfsport\/"},{"@type":"ListItem","position":4,"name":"Judo","item":"https:\/\/www.daisho.be\/de\/categorie-produit\/ausrustung-und-kleidung-fur-kampfkunst-und-kampfsport\/judo-de-2\/"},{"@type":"ListItem","position":5,"name":"Trainingsmaterial","item":"https:\/\/www.daisho.be\/de\/categorie-produit\/ausrustung-und-kleidung-fur-kampfkunst-und-kampfsport\/judo-de-2\/trainingsmaterial-de\/"},{"@type":"ListItem","position":6,"name":"JUDO GRIP TRAINER MOSKITO GYM BLAU"}]},{"@type":"WebSite","@id":"https:\/\/www.daisho.be\/de\/#website","url":"https:\/\/www.daisho.be\/de\/","name":"Daisho","description":"Sp&eacute;cialiste de l'&eacute;quipement sportif d'arts martiaux","publisher":{"@id":"https:\/\/www.daisho.be\/de\/#organization"},"potentialAction":[{"@type":"SearchAction","target":{"@type":"EntryPoint","urlTemplate":"https:\/\/www.daisho.be\/de\/?s={search_term_string}"},"query-input":{"@type":"PropertyValueSpecification","valueRequired":true,"valueName":"search_term_string"}}],"inLanguage":"de"},{"@type":"Organization","@id":"https:\/\/www.daisho.be\/de\/#organization","name":"Daisho","url":"https:\/\/www.daisho.be\/de\/","logo":{"@type":"ImageObject","inLanguage":"de","@id":"https:\/\/www.daisho.be\/de\/#\/schema\/logo\/image\/","url":"https:\/\/www.daisho.be\/wp-content\/uploads\/2019\/07\/color-nothing-horizontale4x-e1564486100247.png","contentUrl":"https:\/\/www.daisho.be\/wp-content\/uploads\/2019\/07\/color-nothing-horizontale4x-e1564486100247.png","width":1547,"height":385,"caption":"Daisho"},"image":{"@id":"https:\/\/www.daisho.be\/de\/#\/schema\/logo\/image\/"}}]}},"_links":{"self":[{"href":"https:\/\/www.daisho.be\/de\/wp-json\/wp\/v2\/product\/450803","targetHints":{"allow":["GET"]}}],"collection":[{"href":"https:\/\/www.daisho.be\/de\/wp-json\/wp\/v2\/product"}],"about":[{"href":"https:\/\/www.daisho.be\/de\/wp-json\/wp\/v2\/types\/product"}],"replies":[{"embeddable":true,"href":"https:\/\/www.daisho.be\/de\/wp-json\/wp\/v2\/comments?post=450803"}],"wp:featuredmedia":[{"embeddable":true,"href":"https:\/\/www.daisho.be\/de\/wp-json\/wp\/v2\/media\/509922"}],"wp:attachment":[{"href":"https:\/\/www.daisho.be\/de\/wp-json\/wp\/v2\/media?parent=450803"}],"wp:term":[{"taxonomy":"product_brand","embeddable":true,"href":"https:\/\/www.daisho.be\/de\/wp-json\/wp\/v2\/product_brand?post=450803"},{"taxonomy":"product_cat","embeddable":true,"href":"https:\/\/www.daisho.be\/de\/wp-json\/wp\/v2\/product_cat?post=450803"},{"taxonomy":"product_tag","embeddable":true,"href":"https:\/\/www.daisho.be\/de\/wp-json\/wp\/v2\/product_tag?post=450803"},{"taxonomy":"sport","embeddable":true,"href":"https:\/\/www.daisho.be\/de\/wp-json\/wp\/v2\/sport?post=450803"}],"curies":[{"name":"wp","href":"https:\/\/api.w.org\/{rel}","templated":true}]}}