{"id":450787,"date":"2019-10-28T15:20:23","date_gmt":"2019-10-28T14:20:23","guid":{"rendered":"https:\/\/www.daisho.be\/produit\/judo-grip-trainer-moskito-multi-blau\/"},"modified":"2019-10-28T15:20:23","modified_gmt":"2019-10-28T14:20:23","slug":"judo-grip-trainer-moskito-multi-blau","status":"publish","type":"product","link":"https:\/\/www.daisho.be\/de\/produit\/judo-grip-trainer-moskito-multi-blau\/","title":{"rendered":"JUDO GRIP TRAINER MOSKITO MULTI BLAU"},"content":{"rendered":"<p>Judo Grip Trainer Moskito Multi blau f\u00fcr das Judotraining.<br \/>\nDie Greifkraft spielt eine Schl\u00fcsselrolle im Judo und Jiu-Jitsu. Der Judo Grip Trainer von Moskito hilft Ihnen, eine deutliche St\u00e4rkung der Greifkraft und der Unterarmmuskulatur zu erreichen. Ein effektives Training erh\u00f6ht die Kraft des Handgelenks, das Zwicken, die Kraft der Finger und den St\u00fctzgriff. Eigenschaften:<br \/>\n&#8211; hergestellt aus Judogi-Stoff (930 g \/m2),<br \/>\n&#8211; Material: 100% Baumwolle,<br \/>\n&#8211; 2 St\u00fcck,<br \/>\n&#8211; Ma\u00dfe: 32 x 25 x 9 cm.  <\/p>\n","protected":false},"excerpt":{"rendered":"<p>Judo Grip Trainer Moskito Multi blau f\u00fcr das Judotraining. Die Greifkraft spielt eine Schl\u00fcsselrolle im Judo und Jiu-Jitsu. Der Judo Grip Trainer von Moskito hilft Ihnen, eine deutliche St\u00e4rkung der Greifkraft und der Unterarmmuskulatur zu erreichen. Ein effektives Training erh\u00f6ht die Kraft des Handgelenks, das Zwicken, die Kraft der Finger und den St\u00fctzgriff. Eigenschaften: &#8211; [&hellip;]<\/p>\n","protected":false},"featured_media":450794,"comment_status":"closed","ping_status":"closed","template":"","meta":{"inline_featured_image":false},"product_brand":[],"product_cat":[2099,2054,2101],"product_tag":[2155],"sport":[74,430,78],"class_list":{"0":"post-450787","1":"product","2":"type-product","3":"status-publish","4":"has-post-thumbnail","6":"product_cat-trainingsmaterial-de","7":"product_cat-trainingsmaterial","8":"product_cat-trainingsmaterial-fur-jiu-jitsu","9":"product_tag-moskito-de","10":"pa_size-sans-taille-defaut","11":"sport-jiu-jitsu","12":"sport-jiu-jitsu-bresilien","13":"sport-judo","15":"first","16":"instock","17":"taxable","18":"shipping-taxable","19":"purchasable","20":"product-type-variable"},"yoast_head":"<!-- This site is optimized with the Yoast SEO plugin v27.2 - https:\/\/yoast.com\/product\/yoast-seo-wordpress\/ -->\n<title>Judo Grip Trainer Moskito Multi Blau | Daisho<\/title>\n<meta name=\"robots\" content=\"index, follow, max-snippet:-1, max-image-preview:large, max-video-preview:-1\" \/>\n<link rel=\"canonical\" href=\"https:\/\/www.daisho.be\/de\/produit\/judo-grip-trainer-moskito-multi-blau\/\" \/>\n<meta property=\"og:locale\" content=\"de_DE\" \/>\n<meta property=\"og:type\" content=\"article\" \/>\n<meta property=\"og:title\" content=\"Judo Grip Trainer Moskito Multi Blau | Daisho\" \/>\n<meta property=\"og:description\" content=\"Judo Grip Trainer Moskito Multi blau f\u00fcr das Judotraining. Die Greifkraft spielt eine Schl\u00fcsselrolle im Judo und Jiu-Jitsu. Der Judo Grip Trainer von Moskito hilft Ihnen, eine deutliche St\u00e4rkung der Greifkraft und der Unterarmmuskulatur zu erreichen. Ein effektives Training erh\u00f6ht die Kraft des Handgelenks, das Zwicken, die Kraft der Finger und den St\u00fctzgriff. Eigenschaften: &#8211; [&hellip;]\" \/>\n<meta property=\"og:url\" content=\"https:\/\/www.daisho.be\/de\/produit\/judo-grip-trainer-moskito-multi-blau\/\" \/>\n<meta property=\"og:site_name\" content=\"Daisho\" \/>\n<meta property=\"og:image\" content=\"https:\/\/www.daisho.be\/wp-content\/uploads\/2023\/03\/image-253.jpg\" \/>\n\t<meta property=\"og:image:width\" content=\"1359\" \/>\n\t<meta property=\"og:image:height\" content=\"1920\" \/>\n\t<meta property=\"og:image:type\" content=\"image\/jpeg\" \/>\n<meta name=\"twitter:card\" content=\"summary_large_image\" \/>\n<script type=\"application\/ld+json\" class=\"yoast-schema-graph\">{\"@context\":\"https:\/\/schema.org\",\"@graph\":[{\"@type\":\"WebPage\",\"@id\":\"https:\/\/www.daisho.be\/de\/produit\/judo-grip-trainer-moskito-multi-blau\/\",\"url\":\"https:\/\/www.daisho.be\/de\/produit\/judo-grip-trainer-moskito-multi-blau\/\",\"name\":\"Judo Grip Trainer Moskito Multi Blau | Daisho\",\"isPartOf\":{\"@id\":\"https:\/\/www.daisho.be\/de\/#website\"},\"primaryImageOfPage\":{\"@id\":\"https:\/\/www.daisho.be\/de\/produit\/judo-grip-trainer-moskito-multi-blau\/#primaryimage\"},\"image\":{\"@id\":\"https:\/\/www.daisho.be\/de\/produit\/judo-grip-trainer-moskito-multi-blau\/#primaryimage\"},\"thumbnailUrl\":\"https:\/\/www.daisho.be\/wp-content\/uploads\/2023\/03\/image-253.jpg\",\"datePublished\":\"2019-10-28T14:20:23+00:00\",\"breadcrumb\":{\"@id\":\"https:\/\/www.daisho.be\/de\/produit\/judo-grip-trainer-moskito-multi-blau\/#breadcrumb\"},\"inLanguage\":\"de\",\"potentialAction\":[{\"@type\":\"ReadAction\",\"target\":[\"https:\/\/www.daisho.be\/de\/produit\/judo-grip-trainer-moskito-multi-blau\/\"]}]},{\"@type\":\"ImageObject\",\"inLanguage\":\"de\",\"@id\":\"https:\/\/www.daisho.be\/de\/produit\/judo-grip-trainer-moskito-multi-blau\/#primaryimage\",\"url\":\"https:\/\/www.daisho.be\/wp-content\/uploads\/2023\/03\/image-253.jpg\",\"contentUrl\":\"https:\/\/www.daisho.be\/wp-content\/uploads\/2023\/03\/image-253.jpg\",\"width\":1359,\"height\":1920},{\"@type\":\"BreadcrumbList\",\"@id\":\"https:\/\/www.daisho.be\/de\/produit\/judo-grip-trainer-moskito-multi-blau\/#breadcrumb\",\"itemListElement\":[{\"@type\":\"ListItem\",\"position\":1,\"name\":\"Accueil\",\"item\":\"https:\/\/www.daisho.be\/de\/\"},{\"@type\":\"ListItem\",\"position\":2,\"name\":\"Produkte\",\"item\":\"https:\/\/www.daisho.be\/de\/produkte\/\"},{\"@type\":\"ListItem\",\"position\":3,\"name\":\"Ausr\u00fcstung und Kleidung f\u00fcr Kampfkunst und Kampfsport\",\"item\":\"https:\/\/www.daisho.be\/de\/categorie-produit\/ausrustung-und-kleidung-fur-kampfkunst-und-kampfsport\/\"},{\"@type\":\"ListItem\",\"position\":4,\"name\":\"Judo\",\"item\":\"https:\/\/www.daisho.be\/de\/categorie-produit\/ausrustung-und-kleidung-fur-kampfkunst-und-kampfsport\/judo-de-2\/\"},{\"@type\":\"ListItem\",\"position\":5,\"name\":\"Trainingsmaterial\",\"item\":\"https:\/\/www.daisho.be\/de\/categorie-produit\/ausrustung-und-kleidung-fur-kampfkunst-und-kampfsport\/judo-de-2\/trainingsmaterial-de\/\"},{\"@type\":\"ListItem\",\"position\":6,\"name\":\"JUDO GRIP TRAINER MOSKITO MULTI BLAU\"}]},{\"@type\":\"WebSite\",\"@id\":\"https:\/\/www.daisho.be\/de\/#website\",\"url\":\"https:\/\/www.daisho.be\/de\/\",\"name\":\"Daisho\",\"description\":\"Sp&eacute;cialiste de l'&eacute;quipement sportif d'arts martiaux\",\"publisher\":{\"@id\":\"https:\/\/www.daisho.be\/de\/#organization\"},\"potentialAction\":[{\"@type\":\"SearchAction\",\"target\":{\"@type\":\"EntryPoint\",\"urlTemplate\":\"https:\/\/www.daisho.be\/de\/?s={search_term_string}\"},\"query-input\":{\"@type\":\"PropertyValueSpecification\",\"valueRequired\":true,\"valueName\":\"search_term_string\"}}],\"inLanguage\":\"de\"},{\"@type\":\"Organization\",\"@id\":\"https:\/\/www.daisho.be\/de\/#organization\",\"name\":\"Daisho\",\"url\":\"https:\/\/www.daisho.be\/de\/\",\"logo\":{\"@type\":\"ImageObject\",\"inLanguage\":\"de\",\"@id\":\"https:\/\/www.daisho.be\/de\/#\/schema\/logo\/image\/\",\"url\":\"https:\/\/www.daisho.be\/wp-content\/uploads\/2019\/07\/color-nothing-horizontale4x-e1564486100247.png\",\"contentUrl\":\"https:\/\/www.daisho.be\/wp-content\/uploads\/2019\/07\/color-nothing-horizontale4x-e1564486100247.png\",\"width\":1547,\"height\":385,\"caption\":\"Daisho\"},\"image\":{\"@id\":\"https:\/\/www.daisho.be\/de\/#\/schema\/logo\/image\/\"}}]}<\/script>\n<!-- \/ Yoast SEO plugin. -->","yoast_head_json":{"title":"Judo Grip Trainer Moskito Multi Blau | Daisho","robots":{"index":"index","follow":"follow","max-snippet":"max-snippet:-1","max-image-preview":"max-image-preview:large","max-video-preview":"max-video-preview:-1"},"canonical":"https:\/\/www.daisho.be\/de\/produit\/judo-grip-trainer-moskito-multi-blau\/","og_locale":"de_DE","og_type":"article","og_title":"Judo Grip Trainer Moskito Multi Blau | Daisho","og_description":"Judo Grip Trainer Moskito Multi blau f\u00fcr das Judotraining. Die Greifkraft spielt eine Schl\u00fcsselrolle im Judo und Jiu-Jitsu. Der Judo Grip Trainer von Moskito hilft Ihnen, eine deutliche St\u00e4rkung der Greifkraft und der Unterarmmuskulatur zu erreichen. Ein effektives Training erh\u00f6ht die Kraft des Handgelenks, das Zwicken, die Kraft der Finger und den St\u00fctzgriff. Eigenschaften: &#8211; [&hellip;]","og_url":"https:\/\/www.daisho.be\/de\/produit\/judo-grip-trainer-moskito-multi-blau\/","og_site_name":"Daisho","og_image":[{"width":1359,"height":1920,"url":"https:\/\/www.daisho.be\/wp-content\/uploads\/2023\/03\/image-253.jpg","type":"image\/jpeg"}],"twitter_card":"summary_large_image","schema":{"@context":"https:\/\/schema.org","@graph":[{"@type":"WebPage","@id":"https:\/\/www.daisho.be\/de\/produit\/judo-grip-trainer-moskito-multi-blau\/","url":"https:\/\/www.daisho.be\/de\/produit\/judo-grip-trainer-moskito-multi-blau\/","name":"Judo Grip Trainer Moskito Multi Blau | Daisho","isPartOf":{"@id":"https:\/\/www.daisho.be\/de\/#website"},"primaryImageOfPage":{"@id":"https:\/\/www.daisho.be\/de\/produit\/judo-grip-trainer-moskito-multi-blau\/#primaryimage"},"image":{"@id":"https:\/\/www.daisho.be\/de\/produit\/judo-grip-trainer-moskito-multi-blau\/#primaryimage"},"thumbnailUrl":"https:\/\/www.daisho.be\/wp-content\/uploads\/2023\/03\/image-253.jpg","datePublished":"2019-10-28T14:20:23+00:00","breadcrumb":{"@id":"https:\/\/www.daisho.be\/de\/produit\/judo-grip-trainer-moskito-multi-blau\/#breadcrumb"},"inLanguage":"de","potentialAction":[{"@type":"ReadAction","target":["https:\/\/www.daisho.be\/de\/produit\/judo-grip-trainer-moskito-multi-blau\/"]}]},{"@type":"ImageObject","inLanguage":"de","@id":"https:\/\/www.daisho.be\/de\/produit\/judo-grip-trainer-moskito-multi-blau\/#primaryimage","url":"https:\/\/www.daisho.be\/wp-content\/uploads\/2023\/03\/image-253.jpg","contentUrl":"https:\/\/www.daisho.be\/wp-content\/uploads\/2023\/03\/image-253.jpg","width":1359,"height":1920},{"@type":"BreadcrumbList","@id":"https:\/\/www.daisho.be\/de\/produit\/judo-grip-trainer-moskito-multi-blau\/#breadcrumb","itemListElement":[{"@type":"ListItem","position":1,"name":"Accueil","item":"https:\/\/www.daisho.be\/de\/"},{"@type":"ListItem","position":2,"name":"Produkte","item":"https:\/\/www.daisho.be\/de\/produkte\/"},{"@type":"ListItem","position":3,"name":"Ausr\u00fcstung und Kleidung f\u00fcr Kampfkunst und Kampfsport","item":"https:\/\/www.daisho.be\/de\/categorie-produit\/ausrustung-und-kleidung-fur-kampfkunst-und-kampfsport\/"},{"@type":"ListItem","position":4,"name":"Judo","item":"https:\/\/www.daisho.be\/de\/categorie-produit\/ausrustung-und-kleidung-fur-kampfkunst-und-kampfsport\/judo-de-2\/"},{"@type":"ListItem","position":5,"name":"Trainingsmaterial","item":"https:\/\/www.daisho.be\/de\/categorie-produit\/ausrustung-und-kleidung-fur-kampfkunst-und-kampfsport\/judo-de-2\/trainingsmaterial-de\/"},{"@type":"ListItem","position":6,"name":"JUDO GRIP TRAINER MOSKITO MULTI BLAU"}]},{"@type":"WebSite","@id":"https:\/\/www.daisho.be\/de\/#website","url":"https:\/\/www.daisho.be\/de\/","name":"Daisho","description":"Sp&eacute;cialiste de l'&eacute;quipement sportif d'arts martiaux","publisher":{"@id":"https:\/\/www.daisho.be\/de\/#organization"},"potentialAction":[{"@type":"SearchAction","target":{"@type":"EntryPoint","urlTemplate":"https:\/\/www.daisho.be\/de\/?s={search_term_string}"},"query-input":{"@type":"PropertyValueSpecification","valueRequired":true,"valueName":"search_term_string"}}],"inLanguage":"de"},{"@type":"Organization","@id":"https:\/\/www.daisho.be\/de\/#organization","name":"Daisho","url":"https:\/\/www.daisho.be\/de\/","logo":{"@type":"ImageObject","inLanguage":"de","@id":"https:\/\/www.daisho.be\/de\/#\/schema\/logo\/image\/","url":"https:\/\/www.daisho.be\/wp-content\/uploads\/2019\/07\/color-nothing-horizontale4x-e1564486100247.png","contentUrl":"https:\/\/www.daisho.be\/wp-content\/uploads\/2019\/07\/color-nothing-horizontale4x-e1564486100247.png","width":1547,"height":385,"caption":"Daisho"},"image":{"@id":"https:\/\/www.daisho.be\/de\/#\/schema\/logo\/image\/"}}]}},"_links":{"self":[{"href":"https:\/\/www.daisho.be\/de\/wp-json\/wp\/v2\/product\/450787","targetHints":{"allow":["GET"]}}],"collection":[{"href":"https:\/\/www.daisho.be\/de\/wp-json\/wp\/v2\/product"}],"about":[{"href":"https:\/\/www.daisho.be\/de\/wp-json\/wp\/v2\/types\/product"}],"replies":[{"embeddable":true,"href":"https:\/\/www.daisho.be\/de\/wp-json\/wp\/v2\/comments?post=450787"}],"wp:featuredmedia":[{"embeddable":true,"href":"https:\/\/www.daisho.be\/de\/wp-json\/wp\/v2\/media\/450794"}],"wp:attachment":[{"href":"https:\/\/www.daisho.be\/de\/wp-json\/wp\/v2\/media?parent=450787"}],"wp:term":[{"taxonomy":"product_brand","embeddable":true,"href":"https:\/\/www.daisho.be\/de\/wp-json\/wp\/v2\/product_brand?post=450787"},{"taxonomy":"product_cat","embeddable":true,"href":"https:\/\/www.daisho.be\/de\/wp-json\/wp\/v2\/product_cat?post=450787"},{"taxonomy":"product_tag","embeddable":true,"href":"https:\/\/www.daisho.be\/de\/wp-json\/wp\/v2\/product_tag?post=450787"},{"taxonomy":"sport","embeddable":true,"href":"https:\/\/www.daisho.be\/de\/wp-json\/wp\/v2\/sport?post=450787"}],"curies":[{"name":"wp","href":"https:\/\/api.w.org\/{rel}","templated":true}]}}