{"id":450774,"date":"2019-11-26T17:19:14","date_gmt":"2019-11-26T16:19:14","guid":{"rendered":"https:\/\/www.daisho.be\/produit\/tokaido-soft-coaching-stoecke-rot-schwarz\/"},"modified":"2025-10-09T13:58:53","modified_gmt":"2025-10-09T11:58:53","slug":"tokaido-soft-coaching-stoecke-rot-schwarz","status":"publish","type":"product","link":"https:\/\/www.daisho.be\/de\/produit\/tokaido-soft-coaching-stoecke-rot-schwarz\/","title":{"rendered":"TOKAIDO SOFT-COACHING-ST\u00d6CKE &#8211; ROT &amp; SCHWARZ"},"content":{"rendered":"<p>Gepolstertes Paar Tokaido-Trainingsst\u00f6cke mit Handschlaufe.<br \/>\nVerbessern Sie Ihre Beinarbeit, Ihr Ausweichen und Ihre Pr\u00e4zision. Lernen Sie, pr\u00e4zise zu treffen und nicht getroffen zu werden!<br \/>\nEine fantastische Alternative zu herk\u00f6mmlichen Handschuhen. Die Armb\u00e4nder sorgen daf\u00fcr, dass die St\u00f6cke nicht aus den H\u00e4nden rutschen.<br \/>\nIdeal f\u00fcr das Training von Karate- und Boxtechniken und den Erwerb von Reflexen. <\/p>\n","protected":false},"excerpt":{"rendered":"<p>Gepolstertes Paar Tokaido-Trainingsst\u00f6cke mit Handschlaufe. Verbessern Sie Ihre Beinarbeit, Ihr Ausweichen und Ihre Pr\u00e4zision. Lernen Sie, pr\u00e4zise zu treffen und nicht getroffen zu werden! Eine fantastische Alternative zu herk\u00f6mmlichen Handschuhen. Die Armb\u00e4nder sorgen daf\u00fcr, dass die St\u00f6cke nicht aus den H\u00e4nden rutschen. Ideal f\u00fcr das Training von Karate- und Boxtechniken und den Erwerb von Reflexen.<\/p>\n","protected":false},"featured_media":450776,"comment_status":"closed","ping_status":"closed","template":"","meta":{"inline_featured_image":false},"product_brand":[],"product_cat":[2055,2056,2094,2054],"product_tag":[2004],"sport":[446,73],"class_list":{"0":"post-450774","1":"product","2":"type-product","3":"status-publish","4":"has-post-thumbnail","6":"product_cat-karate-trainingsmaterial","7":"product_cat-kick-boxing-trainingsmaterial","8":"product_cat-krav-maga-trainingsmaterial","9":"product_cat-trainingsmaterial","10":"product_tag-tokaido-de","11":"pa_size-sans-taille-defaut","12":"sport-boxe","13":"sport-karate","15":"first","16":"instock","17":"taxable","18":"shipping-taxable","19":"purchasable","20":"product-type-simple"},"yoast_head":"<!-- This site is optimized with the Yoast SEO plugin v27.2 - https:\/\/yoast.com\/product\/yoast-seo-wordpress\/ -->\n<title>TOKAIDO SOFT-COACHING-ST\u00d6CKE - ROT &amp; SCHWARZ &#8211; Daisho<\/title>\n<meta name=\"description\" content=\"Entdecken Sie die weichen Tokaido-Coachingst\u00f6cke, die entwickelt wurden, um Ihre Schl\u00e4ge und Beinarbeit zu verbessern. Kaufen Sie ihn auf www.daisho.be|Daisho\" \/>\n<meta name=\"robots\" content=\"index, follow, max-snippet:-1, max-image-preview:large, max-video-preview:-1\" \/>\n<link rel=\"canonical\" href=\"https:\/\/www.daisho.be\/de\/produit\/tokaido-soft-coaching-stoecke-rot-schwarz\/\" \/>\n<meta property=\"og:locale\" content=\"de_DE\" \/>\n<meta property=\"og:type\" content=\"article\" \/>\n<meta property=\"og:title\" content=\"TOKAIDO SOFT-COACHING-ST\u00d6CKE - ROT &amp; SCHWARZ &#8211; Daisho\" \/>\n<meta property=\"og:description\" content=\"Entdecken Sie die weichen Tokaido-Coachingst\u00f6cke, die entwickelt wurden, um Ihre Schl\u00e4ge und Beinarbeit zu verbessern. Kaufen Sie ihn auf www.daisho.be|Daisho\" \/>\n<meta property=\"og:url\" content=\"https:\/\/www.daisho.be\/de\/produit\/tokaido-soft-coaching-stoecke-rot-schwarz\/\" \/>\n<meta property=\"og:site_name\" content=\"Daisho\" \/>\n<meta property=\"article:modified_time\" content=\"2025-10-09T11:58:53+00:00\" \/>\n<meta property=\"og:image\" content=\"https:\/\/www.daisho.be\/wp-content\/uploads\/2023\/08\/image-20.jpg\" \/>\n\t<meta property=\"og:image:width\" content=\"510\" \/>\n\t<meta property=\"og:image:height\" content=\"720\" \/>\n\t<meta property=\"og:image:type\" content=\"image\/jpeg\" \/>\n<meta name=\"twitter:card\" content=\"summary_large_image\" \/>\n<script type=\"application\/ld+json\" class=\"yoast-schema-graph\">{\"@context\":\"https:\/\/schema.org\",\"@graph\":[{\"@type\":\"WebPage\",\"@id\":\"https:\/\/www.daisho.be\/de\/produit\/tokaido-soft-coaching-stoecke-rot-schwarz\/\",\"url\":\"https:\/\/www.daisho.be\/de\/produit\/tokaido-soft-coaching-stoecke-rot-schwarz\/\",\"name\":\"TOKAIDO SOFT-COACHING-ST\u00d6CKE - ROT &amp; SCHWARZ &#8211; Daisho\",\"isPartOf\":{\"@id\":\"https:\/\/www.daisho.be\/de\/#website\"},\"primaryImageOfPage\":{\"@id\":\"https:\/\/www.daisho.be\/de\/produit\/tokaido-soft-coaching-stoecke-rot-schwarz\/#primaryimage\"},\"image\":{\"@id\":\"https:\/\/www.daisho.be\/de\/produit\/tokaido-soft-coaching-stoecke-rot-schwarz\/#primaryimage\"},\"thumbnailUrl\":\"https:\/\/www.daisho.be\/wp-content\/uploads\/2023\/08\/image-20.jpg\",\"datePublished\":\"2019-11-26T16:19:14+00:00\",\"dateModified\":\"2025-10-09T11:58:53+00:00\",\"description\":\"Entdecken Sie die weichen Tokaido-Coachingst\u00f6cke, die entwickelt wurden, um Ihre Schl\u00e4ge und Beinarbeit zu verbessern. Kaufen Sie ihn auf www.daisho.be|Daisho\",\"breadcrumb\":{\"@id\":\"https:\/\/www.daisho.be\/de\/produit\/tokaido-soft-coaching-stoecke-rot-schwarz\/#breadcrumb\"},\"inLanguage\":\"de\",\"potentialAction\":[{\"@type\":\"ReadAction\",\"target\":[\"https:\/\/www.daisho.be\/de\/produit\/tokaido-soft-coaching-stoecke-rot-schwarz\/\"]}]},{\"@type\":\"ImageObject\",\"inLanguage\":\"de\",\"@id\":\"https:\/\/www.daisho.be\/de\/produit\/tokaido-soft-coaching-stoecke-rot-schwarz\/#primaryimage\",\"url\":\"https:\/\/www.daisho.be\/wp-content\/uploads\/2023\/08\/image-20.jpg\",\"contentUrl\":\"https:\/\/www.daisho.be\/wp-content\/uploads\/2023\/08\/image-20.jpg\",\"width\":510,\"height\":720,\"caption\":\"TOKAIDO SOFT-COACHING-ST\u00d6CKE - ROT &amp; SCHWARZ-1\"},{\"@type\":\"BreadcrumbList\",\"@id\":\"https:\/\/www.daisho.be\/de\/produit\/tokaido-soft-coaching-stoecke-rot-schwarz\/#breadcrumb\",\"itemListElement\":[{\"@type\":\"ListItem\",\"position\":1,\"name\":\"Accueil\",\"item\":\"https:\/\/www.daisho.be\/de\/\"},{\"@type\":\"ListItem\",\"position\":2,\"name\":\"Produkte\",\"item\":\"https:\/\/www.daisho.be\/de\/produkte\/\"},{\"@type\":\"ListItem\",\"position\":3,\"name\":\"Ausr\u00fcstung und Kleidung f\u00fcr Kampfkunst und Kampfsport\",\"item\":\"https:\/\/www.daisho.be\/de\/categorie-produit\/ausrustung-und-kleidung-fur-kampfkunst-und-kampfsport\/\"},{\"@type\":\"ListItem\",\"position\":4,\"name\":\"Karate\",\"item\":\"https:\/\/www.daisho.be\/de\/categorie-produit\/ausrustung-und-kleidung-fur-kampfkunst-und-kampfsport\/karate-de-2\/\"},{\"@type\":\"ListItem\",\"position\":5,\"name\":\"Karate Trainingsmaterial\",\"item\":\"https:\/\/www.daisho.be\/de\/categorie-produit\/ausrustung-und-kleidung-fur-kampfkunst-und-kampfsport\/karate-de-2\/karate-trainingsmaterial\/\"},{\"@type\":\"ListItem\",\"position\":6,\"name\":\"TOKAIDO SOFT-COACHING-ST\u00d6CKE &#8211; ROT &amp; SCHWARZ\"}]},{\"@type\":\"WebSite\",\"@id\":\"https:\/\/www.daisho.be\/de\/#website\",\"url\":\"https:\/\/www.daisho.be\/de\/\",\"name\":\"Daisho\",\"description\":\"Sp&eacute;cialiste de l'&eacute;quipement sportif d'arts martiaux\",\"publisher\":{\"@id\":\"https:\/\/www.daisho.be\/de\/#organization\"},\"potentialAction\":[{\"@type\":\"SearchAction\",\"target\":{\"@type\":\"EntryPoint\",\"urlTemplate\":\"https:\/\/www.daisho.be\/de\/?s={search_term_string}\"},\"query-input\":{\"@type\":\"PropertyValueSpecification\",\"valueRequired\":true,\"valueName\":\"search_term_string\"}}],\"inLanguage\":\"de\"},{\"@type\":\"Organization\",\"@id\":\"https:\/\/www.daisho.be\/de\/#organization\",\"name\":\"Daisho\",\"url\":\"https:\/\/www.daisho.be\/de\/\",\"logo\":{\"@type\":\"ImageObject\",\"inLanguage\":\"de\",\"@id\":\"https:\/\/www.daisho.be\/de\/#\/schema\/logo\/image\/\",\"url\":\"https:\/\/www.daisho.be\/wp-content\/uploads\/2019\/07\/color-nothing-horizontale4x-e1564486100247.png\",\"contentUrl\":\"https:\/\/www.daisho.be\/wp-content\/uploads\/2019\/07\/color-nothing-horizontale4x-e1564486100247.png\",\"width\":1547,\"height\":385,\"caption\":\"Daisho\"},\"image\":{\"@id\":\"https:\/\/www.daisho.be\/de\/#\/schema\/logo\/image\/\"}}]}<\/script>\n<!-- \/ Yoast SEO plugin. -->","yoast_head_json":{"title":"TOKAIDO SOFT-COACHING-ST\u00d6CKE - ROT &amp; SCHWARZ &#8211; Daisho","description":"Entdecken Sie die weichen Tokaido-Coachingst\u00f6cke, die entwickelt wurden, um Ihre Schl\u00e4ge und Beinarbeit zu verbessern. Kaufen Sie ihn auf www.daisho.be|Daisho","robots":{"index":"index","follow":"follow","max-snippet":"max-snippet:-1","max-image-preview":"max-image-preview:large","max-video-preview":"max-video-preview:-1"},"canonical":"https:\/\/www.daisho.be\/de\/produit\/tokaido-soft-coaching-stoecke-rot-schwarz\/","og_locale":"de_DE","og_type":"article","og_title":"TOKAIDO SOFT-COACHING-ST\u00d6CKE - ROT &amp; SCHWARZ &#8211; Daisho","og_description":"Entdecken Sie die weichen Tokaido-Coachingst\u00f6cke, die entwickelt wurden, um Ihre Schl\u00e4ge und Beinarbeit zu verbessern. Kaufen Sie ihn auf www.daisho.be|Daisho","og_url":"https:\/\/www.daisho.be\/de\/produit\/tokaido-soft-coaching-stoecke-rot-schwarz\/","og_site_name":"Daisho","article_modified_time":"2025-10-09T11:58:53+00:00","og_image":[{"width":510,"height":720,"url":"https:\/\/www.daisho.be\/wp-content\/uploads\/2023\/08\/image-20.jpg","type":"image\/jpeg"}],"twitter_card":"summary_large_image","schema":{"@context":"https:\/\/schema.org","@graph":[{"@type":"WebPage","@id":"https:\/\/www.daisho.be\/de\/produit\/tokaido-soft-coaching-stoecke-rot-schwarz\/","url":"https:\/\/www.daisho.be\/de\/produit\/tokaido-soft-coaching-stoecke-rot-schwarz\/","name":"TOKAIDO SOFT-COACHING-ST\u00d6CKE - ROT &amp; SCHWARZ &#8211; Daisho","isPartOf":{"@id":"https:\/\/www.daisho.be\/de\/#website"},"primaryImageOfPage":{"@id":"https:\/\/www.daisho.be\/de\/produit\/tokaido-soft-coaching-stoecke-rot-schwarz\/#primaryimage"},"image":{"@id":"https:\/\/www.daisho.be\/de\/produit\/tokaido-soft-coaching-stoecke-rot-schwarz\/#primaryimage"},"thumbnailUrl":"https:\/\/www.daisho.be\/wp-content\/uploads\/2023\/08\/image-20.jpg","datePublished":"2019-11-26T16:19:14+00:00","dateModified":"2025-10-09T11:58:53+00:00","description":"Entdecken Sie die weichen Tokaido-Coachingst\u00f6cke, die entwickelt wurden, um Ihre Schl\u00e4ge und Beinarbeit zu verbessern. Kaufen Sie ihn auf www.daisho.be|Daisho","breadcrumb":{"@id":"https:\/\/www.daisho.be\/de\/produit\/tokaido-soft-coaching-stoecke-rot-schwarz\/#breadcrumb"},"inLanguage":"de","potentialAction":[{"@type":"ReadAction","target":["https:\/\/www.daisho.be\/de\/produit\/tokaido-soft-coaching-stoecke-rot-schwarz\/"]}]},{"@type":"ImageObject","inLanguage":"de","@id":"https:\/\/www.daisho.be\/de\/produit\/tokaido-soft-coaching-stoecke-rot-schwarz\/#primaryimage","url":"https:\/\/www.daisho.be\/wp-content\/uploads\/2023\/08\/image-20.jpg","contentUrl":"https:\/\/www.daisho.be\/wp-content\/uploads\/2023\/08\/image-20.jpg","width":510,"height":720,"caption":"TOKAIDO SOFT-COACHING-ST\u00d6CKE - ROT &amp; SCHWARZ-1"},{"@type":"BreadcrumbList","@id":"https:\/\/www.daisho.be\/de\/produit\/tokaido-soft-coaching-stoecke-rot-schwarz\/#breadcrumb","itemListElement":[{"@type":"ListItem","position":1,"name":"Accueil","item":"https:\/\/www.daisho.be\/de\/"},{"@type":"ListItem","position":2,"name":"Produkte","item":"https:\/\/www.daisho.be\/de\/produkte\/"},{"@type":"ListItem","position":3,"name":"Ausr\u00fcstung und Kleidung f\u00fcr Kampfkunst und Kampfsport","item":"https:\/\/www.daisho.be\/de\/categorie-produit\/ausrustung-und-kleidung-fur-kampfkunst-und-kampfsport\/"},{"@type":"ListItem","position":4,"name":"Karate","item":"https:\/\/www.daisho.be\/de\/categorie-produit\/ausrustung-und-kleidung-fur-kampfkunst-und-kampfsport\/karate-de-2\/"},{"@type":"ListItem","position":5,"name":"Karate Trainingsmaterial","item":"https:\/\/www.daisho.be\/de\/categorie-produit\/ausrustung-und-kleidung-fur-kampfkunst-und-kampfsport\/karate-de-2\/karate-trainingsmaterial\/"},{"@type":"ListItem","position":6,"name":"TOKAIDO SOFT-COACHING-ST\u00d6CKE &#8211; ROT &amp; SCHWARZ"}]},{"@type":"WebSite","@id":"https:\/\/www.daisho.be\/de\/#website","url":"https:\/\/www.daisho.be\/de\/","name":"Daisho","description":"Sp&eacute;cialiste de l'&eacute;quipement sportif d'arts martiaux","publisher":{"@id":"https:\/\/www.daisho.be\/de\/#organization"},"potentialAction":[{"@type":"SearchAction","target":{"@type":"EntryPoint","urlTemplate":"https:\/\/www.daisho.be\/de\/?s={search_term_string}"},"query-input":{"@type":"PropertyValueSpecification","valueRequired":true,"valueName":"search_term_string"}}],"inLanguage":"de"},{"@type":"Organization","@id":"https:\/\/www.daisho.be\/de\/#organization","name":"Daisho","url":"https:\/\/www.daisho.be\/de\/","logo":{"@type":"ImageObject","inLanguage":"de","@id":"https:\/\/www.daisho.be\/de\/#\/schema\/logo\/image\/","url":"https:\/\/www.daisho.be\/wp-content\/uploads\/2019\/07\/color-nothing-horizontale4x-e1564486100247.png","contentUrl":"https:\/\/www.daisho.be\/wp-content\/uploads\/2019\/07\/color-nothing-horizontale4x-e1564486100247.png","width":1547,"height":385,"caption":"Daisho"},"image":{"@id":"https:\/\/www.daisho.be\/de\/#\/schema\/logo\/image\/"}}]}},"_links":{"self":[{"href":"https:\/\/www.daisho.be\/de\/wp-json\/wp\/v2\/product\/450774","targetHints":{"allow":["GET"]}}],"collection":[{"href":"https:\/\/www.daisho.be\/de\/wp-json\/wp\/v2\/product"}],"about":[{"href":"https:\/\/www.daisho.be\/de\/wp-json\/wp\/v2\/types\/product"}],"replies":[{"embeddable":true,"href":"https:\/\/www.daisho.be\/de\/wp-json\/wp\/v2\/comments?post=450774"}],"wp:featuredmedia":[{"embeddable":true,"href":"https:\/\/www.daisho.be\/de\/wp-json\/wp\/v2\/media\/450776"}],"wp:attachment":[{"href":"https:\/\/www.daisho.be\/de\/wp-json\/wp\/v2\/media?parent=450774"}],"wp:term":[{"taxonomy":"product_brand","embeddable":true,"href":"https:\/\/www.daisho.be\/de\/wp-json\/wp\/v2\/product_brand?post=450774"},{"taxonomy":"product_cat","embeddable":true,"href":"https:\/\/www.daisho.be\/de\/wp-json\/wp\/v2\/product_cat?post=450774"},{"taxonomy":"product_tag","embeddable":true,"href":"https:\/\/www.daisho.be\/de\/wp-json\/wp\/v2\/product_tag?post=450774"},{"taxonomy":"sport","embeddable":true,"href":"https:\/\/www.daisho.be\/de\/wp-json\/wp\/v2\/sport?post=450774"}],"curies":[{"name":"wp","href":"https:\/\/api.w.org\/{rel}","templated":true}]}}