{"id":450584,"date":"2019-09-16T08:48:20","date_gmt":"2019-09-16T06:48:20","guid":{"rendered":"https:\/\/www.daisho.be\/produit\/tatami-karate-wkf-approved\/"},"modified":"2025-11-20T12:05:15","modified_gmt":"2025-11-20T11:05:15","slug":"tatami-karate-wkf-approved","status":"publish","type":"product","link":"https:\/\/www.daisho.be\/de\/produit\/tatami-karate-wkf-approved\/","title":{"rendered":"Tatami KARATE WKF Approved"},"content":{"rendered":"<p>Die ProGame Tatami by Trocellen wurden entwickelt, getestet und genehmigt, um L\u00f6sungen von h\u00f6chster Qualit\u00e4t zu bieten.<br \/>\nDiese Matten erf\u00fcllen die Bed\u00fcrfnisse der Athleten und die Anforderungen der WKF (World Karate Federation), die die Wettk\u00e4mpfe regelt.<br \/>\nDie Progame Puzzle Tatami bietet einen optimalen H\u00e4rtegrad und eine rutschfeste Oberfl\u00e4che.<br \/>\nEs f\u00f6rdert die Konzentration und die Reaktionsf\u00e4higkeit der Teilnehmer.<br \/>\nEigenschaften:<br \/>\nAbmessungen: 1000 x 1000 x 20 mm<br \/>\nFarben: Blau\/Rot (gem\u00e4\u00df WKF-Standards)<br \/>\nSicherheit: EN 1177 HIC (Head Injury Criteria) &#8211; NF EN 12503.3<br \/>\nLasergedrucktes WKF-Logo.<br \/>\nGewicht: 2 kg<br \/>\nHinweis:<br \/>\nDie Abschlusskanten sind nicht im Lieferumfang der Tatamis enthalten.<br \/>\nBitte kontaktieren Sie uns, um die Verf\u00fcgbarkeit der Bord\u00fcren zu pr\u00fcfen.<\/p>\n","protected":false},"excerpt":{"rendered":"<p>Die ProGame Tatami by Trocellen wurden entwickelt, getestet und genehmigt, um L\u00f6sungen von h\u00f6chster Qualit\u00e4t zu bieten. Diese Matten erf\u00fcllen die Bed\u00fcrfnisse der Athleten und die Anforderungen der WKF (World Karate Federation), die die Wettk\u00e4mpfe regelt. Die Progame Puzzle Tatami bietet einen optimalen H\u00e4rtegrad und eine rutschfeste Oberfl\u00e4che. Es f\u00f6rdert die Konzentration und die Reaktionsf\u00e4higkeit [&hellip;]<\/p>\n","protected":false},"featured_media":558639,"comment_status":"closed","ping_status":"closed","template":"","meta":{"inline_featured_image":false},"product_brand":[],"product_cat":[2055,2016],"product_tag":[2554,2030],"sport":[448,73],"class_list":{"0":"post-450584","1":"product","2":"type-product","3":"status-publish","4":"has-post-thumbnail","6":"product_cat-karate-trainingsmaterial","7":"product_cat-tatamis-fur-judo-karate-und-taekwondo-kampfkunste","8":"product_tag-kostenvoranschlag","9":"product_tag-progame-tatamis-de","10":"product_shipping_class-grose-produkte","11":"pa_size-2-cm","12":"sport-kick-boxing","13":"sport-karate","15":"first","16":"instock","17":"taxable","18":"shipping-taxable","19":"purchasable","20":"product-type-variable"},"yoast_head":"<!-- This site is optimized with the Yoast SEO plugin v27.2 - https:\/\/yoast.com\/product\/yoast-seo-wordpress\/ -->\n<title>Tatami (Puzzlematte) Karate WKF ProGame f\u00fcr Wettkampf - Daisho<\/title>\n<meta name=\"description\" content=\"Entdecken Sie die vom WKF-Verband zugelassenen Karate Tatamis (Puzzlematten). Mit ProGame sind Sie bereit f\u00fcr den Wettkampf!\" \/>\n<meta name=\"robots\" content=\"index, follow, max-snippet:-1, max-image-preview:large, max-video-preview:-1\" \/>\n<link rel=\"canonical\" href=\"https:\/\/www.daisho.be\/de\/produit\/tatami-karate-wkf-approved\/\" \/>\n<meta property=\"og:locale\" content=\"de_DE\" \/>\n<meta property=\"og:type\" content=\"article\" \/>\n<meta property=\"og:title\" content=\"Tatami (Puzzlematte) Karate WKF ProGame f\u00fcr Wettkampf - Daisho\" \/>\n<meta property=\"og:description\" content=\"Entdecken Sie die vom WKF-Verband zugelassenen Karate Tatamis (Puzzlematten). Mit ProGame sind Sie bereit f\u00fcr den Wettkampf!\" \/>\n<meta property=\"og:url\" content=\"https:\/\/www.daisho.be\/de\/produit\/tatami-karate-wkf-approved\/\" \/>\n<meta property=\"og:site_name\" content=\"Daisho\" \/>\n<meta property=\"article:modified_time\" content=\"2025-11-20T11:05:15+00:00\" \/>\n<meta property=\"og:image\" content=\"https:\/\/www.daisho.be\/wp-content\/uploads\/2023\/11\/image-60.jpg\" \/>\n\t<meta property=\"og:image:width\" content=\"1920\" \/>\n\t<meta property=\"og:image:height\" content=\"1440\" \/>\n\t<meta property=\"og:image:type\" content=\"image\/jpeg\" \/>\n<meta name=\"twitter:card\" content=\"summary_large_image\" \/>\n<meta name=\"twitter:label1\" content=\"Gesch\u00e4tzte Lesezeit\" \/>\n\t<meta name=\"twitter:data1\" content=\"1\u00a0Minute\" \/>\n<script type=\"application\/ld+json\" class=\"yoast-schema-graph\">{\"@context\":\"https:\/\/schema.org\",\"@graph\":[{\"@type\":\"WebPage\",\"@id\":\"https:\/\/www.daisho.be\/de\/produit\/tatami-karate-wkf-approved\/\",\"url\":\"https:\/\/www.daisho.be\/de\/produit\/tatami-karate-wkf-approved\/\",\"name\":\"Tatami (Puzzlematte) Karate WKF ProGame f\u00fcr Wettkampf - Daisho\",\"isPartOf\":{\"@id\":\"https:\/\/www.daisho.be\/de\/#website\"},\"primaryImageOfPage\":{\"@id\":\"https:\/\/www.daisho.be\/de\/produit\/tatami-karate-wkf-approved\/#primaryimage\"},\"image\":{\"@id\":\"https:\/\/www.daisho.be\/de\/produit\/tatami-karate-wkf-approved\/#primaryimage\"},\"thumbnailUrl\":\"https:\/\/www.daisho.be\/wp-content\/uploads\/2023\/11\/image-60.jpg\",\"datePublished\":\"2019-09-16T06:48:20+00:00\",\"dateModified\":\"2025-11-20T11:05:15+00:00\",\"description\":\"Entdecken Sie die vom WKF-Verband zugelassenen Karate Tatamis (Puzzlematten). Mit ProGame sind Sie bereit f\u00fcr den Wettkampf!\",\"breadcrumb\":{\"@id\":\"https:\/\/www.daisho.be\/de\/produit\/tatami-karate-wkf-approved\/#breadcrumb\"},\"inLanguage\":\"de\",\"potentialAction\":[{\"@type\":\"ReadAction\",\"target\":[\"https:\/\/www.daisho.be\/de\/produit\/tatami-karate-wkf-approved\/\"]}]},{\"@type\":\"ImageObject\",\"inLanguage\":\"de\",\"@id\":\"https:\/\/www.daisho.be\/de\/produit\/tatami-karate-wkf-approved\/#primaryimage\",\"url\":\"https:\/\/www.daisho.be\/wp-content\/uploads\/2023\/11\/image-60.jpg\",\"contentUrl\":\"https:\/\/www.daisho.be\/wp-content\/uploads\/2023\/11\/image-60.jpg\",\"width\":1920,\"height\":1440,\"caption\":\"Tatami KARATE WKF Approved-1\"},{\"@type\":\"BreadcrumbList\",\"@id\":\"https:\/\/www.daisho.be\/de\/produit\/tatami-karate-wkf-approved\/#breadcrumb\",\"itemListElement\":[{\"@type\":\"ListItem\",\"position\":1,\"name\":\"Accueil\",\"item\":\"https:\/\/www.daisho.be\/de\/\"},{\"@type\":\"ListItem\",\"position\":2,\"name\":\"Produkte\",\"item\":\"https:\/\/www.daisho.be\/de\/produkte\/\"},{\"@type\":\"ListItem\",\"position\":3,\"name\":\"Ausr\u00fcstung und Kleidung f\u00fcr Kampfkunst und Kampfsport\",\"item\":\"https:\/\/www.daisho.be\/de\/categorie-produit\/ausrustung-und-kleidung-fur-kampfkunst-und-kampfsport\/\"},{\"@type\":\"ListItem\",\"position\":4,\"name\":\"Karate\",\"item\":\"https:\/\/www.daisho.be\/de\/categorie-produit\/ausrustung-und-kleidung-fur-kampfkunst-und-kampfsport\/karate-de-2\/\"},{\"@type\":\"ListItem\",\"position\":5,\"name\":\"Karate Trainingsmaterial\",\"item\":\"https:\/\/www.daisho.be\/de\/categorie-produit\/ausrustung-und-kleidung-fur-kampfkunst-und-kampfsport\/karate-de-2\/karate-trainingsmaterial\/\"},{\"@type\":\"ListItem\",\"position\":6,\"name\":\"Tatami KARATE WKF Approved\"}]},{\"@type\":\"WebSite\",\"@id\":\"https:\/\/www.daisho.be\/de\/#website\",\"url\":\"https:\/\/www.daisho.be\/de\/\",\"name\":\"Daisho\",\"description\":\"Sp&eacute;cialiste de l'&eacute;quipement sportif d'arts martiaux\",\"publisher\":{\"@id\":\"https:\/\/www.daisho.be\/de\/#organization\"},\"potentialAction\":[{\"@type\":\"SearchAction\",\"target\":{\"@type\":\"EntryPoint\",\"urlTemplate\":\"https:\/\/www.daisho.be\/de\/?s={search_term_string}\"},\"query-input\":{\"@type\":\"PropertyValueSpecification\",\"valueRequired\":true,\"valueName\":\"search_term_string\"}}],\"inLanguage\":\"de\"},{\"@type\":\"Organization\",\"@id\":\"https:\/\/www.daisho.be\/de\/#organization\",\"name\":\"Daisho\",\"url\":\"https:\/\/www.daisho.be\/de\/\",\"logo\":{\"@type\":\"ImageObject\",\"inLanguage\":\"de\",\"@id\":\"https:\/\/www.daisho.be\/de\/#\/schema\/logo\/image\/\",\"url\":\"https:\/\/www.daisho.be\/wp-content\/uploads\/2019\/07\/color-nothing-horizontale4x-e1564486100247.png\",\"contentUrl\":\"https:\/\/www.daisho.be\/wp-content\/uploads\/2019\/07\/color-nothing-horizontale4x-e1564486100247.png\",\"width\":1547,\"height\":385,\"caption\":\"Daisho\"},\"image\":{\"@id\":\"https:\/\/www.daisho.be\/de\/#\/schema\/logo\/image\/\"}}]}<\/script>\n<!-- \/ Yoast SEO plugin. -->","yoast_head_json":{"title":"Tatami (Puzzlematte) Karate WKF ProGame f\u00fcr Wettkampf - Daisho","description":"Entdecken Sie die vom WKF-Verband zugelassenen Karate Tatamis (Puzzlematten). Mit ProGame sind Sie bereit f\u00fcr den Wettkampf!","robots":{"index":"index","follow":"follow","max-snippet":"max-snippet:-1","max-image-preview":"max-image-preview:large","max-video-preview":"max-video-preview:-1"},"canonical":"https:\/\/www.daisho.be\/de\/produit\/tatami-karate-wkf-approved\/","og_locale":"de_DE","og_type":"article","og_title":"Tatami (Puzzlematte) Karate WKF ProGame f\u00fcr Wettkampf - Daisho","og_description":"Entdecken Sie die vom WKF-Verband zugelassenen Karate Tatamis (Puzzlematten). Mit ProGame sind Sie bereit f\u00fcr den Wettkampf!","og_url":"https:\/\/www.daisho.be\/de\/produit\/tatami-karate-wkf-approved\/","og_site_name":"Daisho","article_modified_time":"2025-11-20T11:05:15+00:00","og_image":[{"width":1920,"height":1440,"url":"https:\/\/www.daisho.be\/wp-content\/uploads\/2023\/11\/image-60.jpg","type":"image\/jpeg"}],"twitter_card":"summary_large_image","twitter_misc":{"Gesch\u00e4tzte Lesezeit":"1\u00a0Minute"},"schema":{"@context":"https:\/\/schema.org","@graph":[{"@type":"WebPage","@id":"https:\/\/www.daisho.be\/de\/produit\/tatami-karate-wkf-approved\/","url":"https:\/\/www.daisho.be\/de\/produit\/tatami-karate-wkf-approved\/","name":"Tatami (Puzzlematte) Karate WKF ProGame f\u00fcr Wettkampf - Daisho","isPartOf":{"@id":"https:\/\/www.daisho.be\/de\/#website"},"primaryImageOfPage":{"@id":"https:\/\/www.daisho.be\/de\/produit\/tatami-karate-wkf-approved\/#primaryimage"},"image":{"@id":"https:\/\/www.daisho.be\/de\/produit\/tatami-karate-wkf-approved\/#primaryimage"},"thumbnailUrl":"https:\/\/www.daisho.be\/wp-content\/uploads\/2023\/11\/image-60.jpg","datePublished":"2019-09-16T06:48:20+00:00","dateModified":"2025-11-20T11:05:15+00:00","description":"Entdecken Sie die vom WKF-Verband zugelassenen Karate Tatamis (Puzzlematten). Mit ProGame sind Sie bereit f\u00fcr den Wettkampf!","breadcrumb":{"@id":"https:\/\/www.daisho.be\/de\/produit\/tatami-karate-wkf-approved\/#breadcrumb"},"inLanguage":"de","potentialAction":[{"@type":"ReadAction","target":["https:\/\/www.daisho.be\/de\/produit\/tatami-karate-wkf-approved\/"]}]},{"@type":"ImageObject","inLanguage":"de","@id":"https:\/\/www.daisho.be\/de\/produit\/tatami-karate-wkf-approved\/#primaryimage","url":"https:\/\/www.daisho.be\/wp-content\/uploads\/2023\/11\/image-60.jpg","contentUrl":"https:\/\/www.daisho.be\/wp-content\/uploads\/2023\/11\/image-60.jpg","width":1920,"height":1440,"caption":"Tatami KARATE WKF Approved-1"},{"@type":"BreadcrumbList","@id":"https:\/\/www.daisho.be\/de\/produit\/tatami-karate-wkf-approved\/#breadcrumb","itemListElement":[{"@type":"ListItem","position":1,"name":"Accueil","item":"https:\/\/www.daisho.be\/de\/"},{"@type":"ListItem","position":2,"name":"Produkte","item":"https:\/\/www.daisho.be\/de\/produkte\/"},{"@type":"ListItem","position":3,"name":"Ausr\u00fcstung und Kleidung f\u00fcr Kampfkunst und Kampfsport","item":"https:\/\/www.daisho.be\/de\/categorie-produit\/ausrustung-und-kleidung-fur-kampfkunst-und-kampfsport\/"},{"@type":"ListItem","position":4,"name":"Karate","item":"https:\/\/www.daisho.be\/de\/categorie-produit\/ausrustung-und-kleidung-fur-kampfkunst-und-kampfsport\/karate-de-2\/"},{"@type":"ListItem","position":5,"name":"Karate Trainingsmaterial","item":"https:\/\/www.daisho.be\/de\/categorie-produit\/ausrustung-und-kleidung-fur-kampfkunst-und-kampfsport\/karate-de-2\/karate-trainingsmaterial\/"},{"@type":"ListItem","position":6,"name":"Tatami KARATE WKF Approved"}]},{"@type":"WebSite","@id":"https:\/\/www.daisho.be\/de\/#website","url":"https:\/\/www.daisho.be\/de\/","name":"Daisho","description":"Sp&eacute;cialiste de l'&eacute;quipement sportif d'arts martiaux","publisher":{"@id":"https:\/\/www.daisho.be\/de\/#organization"},"potentialAction":[{"@type":"SearchAction","target":{"@type":"EntryPoint","urlTemplate":"https:\/\/www.daisho.be\/de\/?s={search_term_string}"},"query-input":{"@type":"PropertyValueSpecification","valueRequired":true,"valueName":"search_term_string"}}],"inLanguage":"de"},{"@type":"Organization","@id":"https:\/\/www.daisho.be\/de\/#organization","name":"Daisho","url":"https:\/\/www.daisho.be\/de\/","logo":{"@type":"ImageObject","inLanguage":"de","@id":"https:\/\/www.daisho.be\/de\/#\/schema\/logo\/image\/","url":"https:\/\/www.daisho.be\/wp-content\/uploads\/2019\/07\/color-nothing-horizontale4x-e1564486100247.png","contentUrl":"https:\/\/www.daisho.be\/wp-content\/uploads\/2019\/07\/color-nothing-horizontale4x-e1564486100247.png","width":1547,"height":385,"caption":"Daisho"},"image":{"@id":"https:\/\/www.daisho.be\/de\/#\/schema\/logo\/image\/"}}]}},"_links":{"self":[{"href":"https:\/\/www.daisho.be\/de\/wp-json\/wp\/v2\/product\/450584","targetHints":{"allow":["GET"]}}],"collection":[{"href":"https:\/\/www.daisho.be\/de\/wp-json\/wp\/v2\/product"}],"about":[{"href":"https:\/\/www.daisho.be\/de\/wp-json\/wp\/v2\/types\/product"}],"replies":[{"embeddable":true,"href":"https:\/\/www.daisho.be\/de\/wp-json\/wp\/v2\/comments?post=450584"}],"wp:featuredmedia":[{"embeddable":true,"href":"https:\/\/www.daisho.be\/de\/wp-json\/wp\/v2\/media\/558639"}],"wp:attachment":[{"href":"https:\/\/www.daisho.be\/de\/wp-json\/wp\/v2\/media?parent=450584"}],"wp:term":[{"taxonomy":"product_brand","embeddable":true,"href":"https:\/\/www.daisho.be\/de\/wp-json\/wp\/v2\/product_brand?post=450584"},{"taxonomy":"product_cat","embeddable":true,"href":"https:\/\/www.daisho.be\/de\/wp-json\/wp\/v2\/product_cat?post=450584"},{"taxonomy":"product_tag","embeddable":true,"href":"https:\/\/www.daisho.be\/de\/wp-json\/wp\/v2\/product_tag?post=450584"},{"taxonomy":"sport","embeddable":true,"href":"https:\/\/www.daisho.be\/de\/wp-json\/wp\/v2\/sport?post=450584"}],"curies":[{"name":"wp","href":"https:\/\/api.w.org\/{rel}","templated":true}]}}