{"id":450579,"date":"2019-09-16T08:47:50","date_gmt":"2019-09-16T06:47:50","guid":{"rendered":"https:\/\/www.daisho.be\/produit\/tatami-i-tis-competition\/"},"modified":"2026-04-15T00:13:49","modified_gmt":"2026-04-14T22:13:49","slug":"tatami-i-tis-competition","status":"publish","type":"product","link":"https:\/\/www.daisho.be\/de\/produit\/tatami-i-tis-competition\/","title":{"rendered":"Tatami I-TIS COMPETITION"},"content":{"rendered":"<p>Die neue Judomatte I-TIS von ProGame Tatami by Trocellen ist ein neuartiges Produkt, das aus der Weiterentwicklung des vorherigen TIS-Konzepts hervorgegangen ist. Die I-TIS Judo Tatami ist in jeder Hinsicht innovativ und revolution\u00e4r.<br \/>\nVon der Internationalen Judo Federation zugelassen, wurde sie als ein Produkt anerkannt, das f\u00fcr alle Arten von Wettk\u00e4mpfen geeignet ist: von regionalen Turnieren bis hin zu olympischen Turnieren.<br \/>\nDas patentierte unsichtbare Befestigungssystem h\u00e4lt die Matten w\u00e4hrend des Kampfes zusammen: Die I-TIS IJF approved Matte ist die ideale Tatami f\u00fcr jede Art von Aktivit\u00e4t.<br \/>\nDer installierte Bereich ben\u00f6tigt keine zus\u00e4tzlichen Rahmen. Dank ihrer Leichtigkeit ist sie einfach zu verlegen, l\u00e4sst keine L\u00fccken zwischen den Matten und bleibt im Gegensatz zu anderen traditionellen Matten in Bewegung. Die Sicherheit, die diese Matte garantiert, und ihr innovatives unsichtbares Aufh\u00e4ngesystem machen sie zur sichersten und stabilsten Tatami auf dem Markt, ideal f\u00fcr jede Art von Veranstaltung.<br \/>\nMaterial: Vernetzter expandierter Polyethylenschaum mit gepr\u00e4gtem, hochfestem PVC.<br \/>\nAbmessungen: 2000 x 1000 x 50 mm<br \/>\nGewicht: 7,7 kg<br \/>\nFarben: Gelb \/ Rot (gem\u00e4\u00df den IJF-Normen f\u00fcr Wettk\u00e4mpfe)<br \/>\nSicherheit: Norm NF EN 12503.3. Getestet gem\u00e4\u00df der europ\u00e4ischen Norm EN 12503.3 nach dem IJF-Siegel.<br \/>\nZubeh\u00f6r: Die Tatamis werden mit einem Verbindungsset geliefert, um die Installation der Platten zu erm\u00f6glichen und einen kompletten Bereich zu schaffen.    <\/p>\n","protected":false},"excerpt":{"rendered":"<p>Die neue Judomatte I-TIS von ProGame Tatami by Trocellen ist ein neuartiges Produkt, das aus der Weiterentwicklung des vorherigen TIS-Konzepts hervorgegangen ist. Die I-TIS Judo Tatami ist in jeder Hinsicht innovativ und revolution\u00e4r. Von der Internationalen Judo Federation zugelassen, wurde sie als ein Produkt anerkannt, das f\u00fcr alle Arten von Wettk\u00e4mpfen geeignet ist: von regionalen [&hellip;]<\/p>\n","protected":false},"featured_media":450583,"comment_status":"closed","ping_status":"closed","template":"","meta":{"inline_featured_image":false},"product_brand":[],"product_cat":[2138,2137,2016,2099],"product_tag":[2554,2030],"sport":[429,74,430,78,431],"class_list":{"0":"post-450579","1":"product","2":"type-product","3":"status-publish","4":"has-post-thumbnail","6":"product_cat-mma-tatamis-de","7":"product_cat-tatamis-fur-jiu-jitsu","8":"product_cat-tatamis-fur-judo-karate-und-taekwondo-kampfkunste","9":"product_cat-trainingsmaterial-de","10":"product_tag-kostenvoranschlag","11":"product_tag-progame-tatamis-de","12":"product_shipping_class-schwere-produkte","13":"pa_size-5-cm","14":"sport-aikido","15":"sport-jiu-jitsu","16":"sport-jiu-jitsu-bresilien","17":"sport-judo","18":"sport-mma","20":"first","21":"instock","22":"taxable","23":"shipping-taxable","24":"purchasable","25":"product-type-variable"},"yoast_head":"<!-- This site is optimized with the Yoast SEO plugin v27.2 - https:\/\/yoast.com\/product\/yoast-seo-wordpress\/ -->\n<title>Tatami I-TIS COMPETITION &#8211; Daisho<\/title>\n<meta name=\"description\" content=\"Tatami Judo I-TIS mit IJF-Zulassung: Patentiertes unsichtbares Befestigungssystem. Ultra-stabil, leicht und EN-zertifiziert. Finden Sie sie auf www.daisho.be|Daisho\" \/>\n<meta name=\"robots\" content=\"index, follow, max-snippet:-1, max-image-preview:large, max-video-preview:-1\" \/>\n<link rel=\"canonical\" href=\"https:\/\/www.daisho.be\/de\/produit\/tatami-i-tis-competition\/\" \/>\n<meta property=\"og:locale\" content=\"de_DE\" \/>\n<meta property=\"og:type\" content=\"article\" \/>\n<meta property=\"og:title\" content=\"Tatami I-TIS COMPETITION &#8211; Daisho\" \/>\n<meta property=\"og:description\" content=\"Tatami Judo I-TIS mit IJF-Zulassung: Patentiertes unsichtbares Befestigungssystem. Ultra-stabil, leicht und EN-zertifiziert. Finden Sie sie auf www.daisho.be|Daisho\" \/>\n<meta property=\"og:url\" content=\"https:\/\/www.daisho.be\/de\/produit\/tatami-i-tis-competition\/\" \/>\n<meta property=\"og:site_name\" content=\"Daisho\" \/>\n<meta property=\"article:modified_time\" content=\"2026-04-14T22:13:49+00:00\" \/>\n<meta property=\"og:image\" content=\"https:\/\/www.daisho.be\/wp-content\/uploads\/2024\/01\/image-162-scaled.jpg\" \/>\n\t<meta property=\"og:image:width\" content=\"2048\" \/>\n\t<meta property=\"og:image:height\" content=\"835\" \/>\n\t<meta property=\"og:image:type\" content=\"image\/jpeg\" \/>\n<meta name=\"twitter:card\" content=\"summary_large_image\" \/>\n<meta name=\"twitter:label1\" content=\"Gesch\u00e4tzte Lesezeit\" \/>\n\t<meta name=\"twitter:data1\" content=\"1\u00a0Minute\" \/>\n<script type=\"application\/ld+json\" class=\"yoast-schema-graph\">{\"@context\":\"https:\/\/schema.org\",\"@graph\":[{\"@type\":\"WebPage\",\"@id\":\"https:\/\/www.daisho.be\/de\/produit\/tatami-i-tis-competition\/\",\"url\":\"https:\/\/www.daisho.be\/de\/produit\/tatami-i-tis-competition\/\",\"name\":\"Tatami I-TIS COMPETITION &#8211; Daisho\",\"isPartOf\":{\"@id\":\"https:\/\/www.daisho.be\/de\/#website\"},\"primaryImageOfPage\":{\"@id\":\"https:\/\/www.daisho.be\/de\/produit\/tatami-i-tis-competition\/#primaryimage\"},\"image\":{\"@id\":\"https:\/\/www.daisho.be\/de\/produit\/tatami-i-tis-competition\/#primaryimage\"},\"thumbnailUrl\":\"https:\/\/www.daisho.be\/wp-content\/uploads\/2024\/01\/image-162-scaled.jpg\",\"datePublished\":\"2019-09-16T06:47:50+00:00\",\"dateModified\":\"2026-04-14T22:13:49+00:00\",\"description\":\"Tatami Judo I-TIS mit IJF-Zulassung: Patentiertes unsichtbares Befestigungssystem. Ultra-stabil, leicht und EN-zertifiziert. Finden Sie sie auf www.daisho.be|Daisho\",\"breadcrumb\":{\"@id\":\"https:\/\/www.daisho.be\/de\/produit\/tatami-i-tis-competition\/#breadcrumb\"},\"inLanguage\":\"de\",\"potentialAction\":[{\"@type\":\"ReadAction\",\"target\":[\"https:\/\/www.daisho.be\/de\/produit\/tatami-i-tis-competition\/\"]}]},{\"@type\":\"ImageObject\",\"inLanguage\":\"de\",\"@id\":\"https:\/\/www.daisho.be\/de\/produit\/tatami-i-tis-competition\/#primaryimage\",\"url\":\"https:\/\/www.daisho.be\/wp-content\/uploads\/2024\/01\/image-162-scaled.jpg\",\"contentUrl\":\"https:\/\/www.daisho.be\/wp-content\/uploads\/2024\/01\/image-162-scaled.jpg\",\"width\":2048,\"height\":835,\"caption\":\"Tatami I-TIS COMPETITION-1\"},{\"@type\":\"BreadcrumbList\",\"@id\":\"https:\/\/www.daisho.be\/de\/produit\/tatami-i-tis-competition\/#breadcrumb\",\"itemListElement\":[{\"@type\":\"ListItem\",\"position\":1,\"name\":\"Accueil\",\"item\":\"https:\/\/www.daisho.be\/de\/\"},{\"@type\":\"ListItem\",\"position\":2,\"name\":\"Produkte\",\"item\":\"https:\/\/www.daisho.be\/de\/produkte\/\"},{\"@type\":\"ListItem\",\"position\":3,\"name\":\"Ausr\u00fcstung und Kleidung f\u00fcr Kampfkunst und Kampfsport\",\"item\":\"https:\/\/www.daisho.be\/de\/categorie-produit\/ausrustung-und-kleidung-fur-kampfkunst-und-kampfsport\/\"},{\"@type\":\"ListItem\",\"position\":4,\"name\":\"MMA\",\"item\":\"https:\/\/www.daisho.be\/de\/categorie-produit\/ausrustung-und-kleidung-fur-kampfkunst-und-kampfsport\/mma-de-2\/\"},{\"@type\":\"ListItem\",\"position\":5,\"name\":\"MMA Tatamis\",\"item\":\"https:\/\/www.daisho.be\/de\/categorie-produit\/ausrustung-und-kleidung-fur-kampfkunst-und-kampfsport\/mma-de-2\/mma-tatamis-de\/\"},{\"@type\":\"ListItem\",\"position\":6,\"name\":\"Tatami I-TIS COMPETITION\"}]},{\"@type\":\"WebSite\",\"@id\":\"https:\/\/www.daisho.be\/de\/#website\",\"url\":\"https:\/\/www.daisho.be\/de\/\",\"name\":\"Daisho\",\"description\":\"Sp&eacute;cialiste de l'&eacute;quipement sportif d'arts martiaux\",\"publisher\":{\"@id\":\"https:\/\/www.daisho.be\/de\/#organization\"},\"potentialAction\":[{\"@type\":\"SearchAction\",\"target\":{\"@type\":\"EntryPoint\",\"urlTemplate\":\"https:\/\/www.daisho.be\/de\/?s={search_term_string}\"},\"query-input\":{\"@type\":\"PropertyValueSpecification\",\"valueRequired\":true,\"valueName\":\"search_term_string\"}}],\"inLanguage\":\"de\"},{\"@type\":\"Organization\",\"@id\":\"https:\/\/www.daisho.be\/de\/#organization\",\"name\":\"Daisho\",\"url\":\"https:\/\/www.daisho.be\/de\/\",\"logo\":{\"@type\":\"ImageObject\",\"inLanguage\":\"de\",\"@id\":\"https:\/\/www.daisho.be\/de\/#\/schema\/logo\/image\/\",\"url\":\"https:\/\/www.daisho.be\/wp-content\/uploads\/2019\/07\/color-nothing-horizontale4x-e1564486100247.png\",\"contentUrl\":\"https:\/\/www.daisho.be\/wp-content\/uploads\/2019\/07\/color-nothing-horizontale4x-e1564486100247.png\",\"width\":1547,\"height\":385,\"caption\":\"Daisho\"},\"image\":{\"@id\":\"https:\/\/www.daisho.be\/de\/#\/schema\/logo\/image\/\"}}]}<\/script>\n<!-- \/ Yoast SEO plugin. -->","yoast_head_json":{"title":"Tatami I-TIS COMPETITION &#8211; Daisho","description":"Tatami Judo I-TIS mit IJF-Zulassung: Patentiertes unsichtbares Befestigungssystem. Ultra-stabil, leicht und EN-zertifiziert. Finden Sie sie auf www.daisho.be|Daisho","robots":{"index":"index","follow":"follow","max-snippet":"max-snippet:-1","max-image-preview":"max-image-preview:large","max-video-preview":"max-video-preview:-1"},"canonical":"https:\/\/www.daisho.be\/de\/produit\/tatami-i-tis-competition\/","og_locale":"de_DE","og_type":"article","og_title":"Tatami I-TIS COMPETITION &#8211; Daisho","og_description":"Tatami Judo I-TIS mit IJF-Zulassung: Patentiertes unsichtbares Befestigungssystem. Ultra-stabil, leicht und EN-zertifiziert. Finden Sie sie auf www.daisho.be|Daisho","og_url":"https:\/\/www.daisho.be\/de\/produit\/tatami-i-tis-competition\/","og_site_name":"Daisho","article_modified_time":"2026-04-14T22:13:49+00:00","og_image":[{"width":2048,"height":835,"url":"https:\/\/www.daisho.be\/wp-content\/uploads\/2024\/01\/image-162-scaled.jpg","type":"image\/jpeg"}],"twitter_card":"summary_large_image","twitter_misc":{"Gesch\u00e4tzte Lesezeit":"1\u00a0Minute"},"schema":{"@context":"https:\/\/schema.org","@graph":[{"@type":"WebPage","@id":"https:\/\/www.daisho.be\/de\/produit\/tatami-i-tis-competition\/","url":"https:\/\/www.daisho.be\/de\/produit\/tatami-i-tis-competition\/","name":"Tatami I-TIS COMPETITION &#8211; Daisho","isPartOf":{"@id":"https:\/\/www.daisho.be\/de\/#website"},"primaryImageOfPage":{"@id":"https:\/\/www.daisho.be\/de\/produit\/tatami-i-tis-competition\/#primaryimage"},"image":{"@id":"https:\/\/www.daisho.be\/de\/produit\/tatami-i-tis-competition\/#primaryimage"},"thumbnailUrl":"https:\/\/www.daisho.be\/wp-content\/uploads\/2024\/01\/image-162-scaled.jpg","datePublished":"2019-09-16T06:47:50+00:00","dateModified":"2026-04-14T22:13:49+00:00","description":"Tatami Judo I-TIS mit IJF-Zulassung: Patentiertes unsichtbares Befestigungssystem. Ultra-stabil, leicht und EN-zertifiziert. Finden Sie sie auf www.daisho.be|Daisho","breadcrumb":{"@id":"https:\/\/www.daisho.be\/de\/produit\/tatami-i-tis-competition\/#breadcrumb"},"inLanguage":"de","potentialAction":[{"@type":"ReadAction","target":["https:\/\/www.daisho.be\/de\/produit\/tatami-i-tis-competition\/"]}]},{"@type":"ImageObject","inLanguage":"de","@id":"https:\/\/www.daisho.be\/de\/produit\/tatami-i-tis-competition\/#primaryimage","url":"https:\/\/www.daisho.be\/wp-content\/uploads\/2024\/01\/image-162-scaled.jpg","contentUrl":"https:\/\/www.daisho.be\/wp-content\/uploads\/2024\/01\/image-162-scaled.jpg","width":2048,"height":835,"caption":"Tatami I-TIS COMPETITION-1"},{"@type":"BreadcrumbList","@id":"https:\/\/www.daisho.be\/de\/produit\/tatami-i-tis-competition\/#breadcrumb","itemListElement":[{"@type":"ListItem","position":1,"name":"Accueil","item":"https:\/\/www.daisho.be\/de\/"},{"@type":"ListItem","position":2,"name":"Produkte","item":"https:\/\/www.daisho.be\/de\/produkte\/"},{"@type":"ListItem","position":3,"name":"Ausr\u00fcstung und Kleidung f\u00fcr Kampfkunst und Kampfsport","item":"https:\/\/www.daisho.be\/de\/categorie-produit\/ausrustung-und-kleidung-fur-kampfkunst-und-kampfsport\/"},{"@type":"ListItem","position":4,"name":"MMA","item":"https:\/\/www.daisho.be\/de\/categorie-produit\/ausrustung-und-kleidung-fur-kampfkunst-und-kampfsport\/mma-de-2\/"},{"@type":"ListItem","position":5,"name":"MMA Tatamis","item":"https:\/\/www.daisho.be\/de\/categorie-produit\/ausrustung-und-kleidung-fur-kampfkunst-und-kampfsport\/mma-de-2\/mma-tatamis-de\/"},{"@type":"ListItem","position":6,"name":"Tatami I-TIS COMPETITION"}]},{"@type":"WebSite","@id":"https:\/\/www.daisho.be\/de\/#website","url":"https:\/\/www.daisho.be\/de\/","name":"Daisho","description":"Sp&eacute;cialiste de l'&eacute;quipement sportif d'arts martiaux","publisher":{"@id":"https:\/\/www.daisho.be\/de\/#organization"},"potentialAction":[{"@type":"SearchAction","target":{"@type":"EntryPoint","urlTemplate":"https:\/\/www.daisho.be\/de\/?s={search_term_string}"},"query-input":{"@type":"PropertyValueSpecification","valueRequired":true,"valueName":"search_term_string"}}],"inLanguage":"de"},{"@type":"Organization","@id":"https:\/\/www.daisho.be\/de\/#organization","name":"Daisho","url":"https:\/\/www.daisho.be\/de\/","logo":{"@type":"ImageObject","inLanguage":"de","@id":"https:\/\/www.daisho.be\/de\/#\/schema\/logo\/image\/","url":"https:\/\/www.daisho.be\/wp-content\/uploads\/2019\/07\/color-nothing-horizontale4x-e1564486100247.png","contentUrl":"https:\/\/www.daisho.be\/wp-content\/uploads\/2019\/07\/color-nothing-horizontale4x-e1564486100247.png","width":1547,"height":385,"caption":"Daisho"},"image":{"@id":"https:\/\/www.daisho.be\/de\/#\/schema\/logo\/image\/"}}]}},"_links":{"self":[{"href":"https:\/\/www.daisho.be\/de\/wp-json\/wp\/v2\/product\/450579","targetHints":{"allow":["GET"]}}],"collection":[{"href":"https:\/\/www.daisho.be\/de\/wp-json\/wp\/v2\/product"}],"about":[{"href":"https:\/\/www.daisho.be\/de\/wp-json\/wp\/v2\/types\/product"}],"replies":[{"embeddable":true,"href":"https:\/\/www.daisho.be\/de\/wp-json\/wp\/v2\/comments?post=450579"}],"wp:featuredmedia":[{"embeddable":true,"href":"https:\/\/www.daisho.be\/de\/wp-json\/wp\/v2\/media\/450583"}],"wp:attachment":[{"href":"https:\/\/www.daisho.be\/de\/wp-json\/wp\/v2\/media?parent=450579"}],"wp:term":[{"taxonomy":"product_brand","embeddable":true,"href":"https:\/\/www.daisho.be\/de\/wp-json\/wp\/v2\/product_brand?post=450579"},{"taxonomy":"product_cat","embeddable":true,"href":"https:\/\/www.daisho.be\/de\/wp-json\/wp\/v2\/product_cat?post=450579"},{"taxonomy":"product_tag","embeddable":true,"href":"https:\/\/www.daisho.be\/de\/wp-json\/wp\/v2\/product_tag?post=450579"},{"taxonomy":"sport","embeddable":true,"href":"https:\/\/www.daisho.be\/de\/wp-json\/wp\/v2\/sport?post=450579"}],"curies":[{"name":"wp","href":"https:\/\/api.w.org\/{rel}","templated":true}]}}