{"id":450573,"date":"2019-09-16T08:48:36","date_gmt":"2019-09-16T06:48:36","guid":{"rendered":"https:\/\/www.daisho.be\/produit\/tatami-karate-wkf-approved-feuerzertifizierung\/"},"modified":"2025-11-20T12:05:15","modified_gmt":"2025-11-20T11:05:15","slug":"tatami-karate-wkf-approved-feuerzertifizierung","status":"publish","type":"product","link":"https:\/\/www.daisho.be\/de\/produit\/tatami-karate-wkf-approved-feuerzertifizierung\/","title":{"rendered":"Tatami KARATE WKF Approved &#8211; Feuerzertifizierung"},"content":{"rendered":"<p>Die ProGame Tatami by Trocellen Matten wurden entwickelt, getestet und zugelassen, um L\u00f6sungen von h\u00f6chster Qualit\u00e4t zu bieten. Diese Matten erf\u00fcllen die Bed\u00fcrfnisse der Sportler und die Anforderungen der WKF (World Karate Federation), die die Wettk\u00e4mpfe regelt.<br \/>\nDie Progame Puzzle Tatami bietet einen optimalen H\u00e4rtegrad und eine rutschfeste Oberfl\u00e4che. Sie f\u00f6rdert die Konzentration und Reaktionsf\u00e4higkeit der \u00dcbenden.  <\/p>\n<p><strong><u>Merkmale:<\/u><\/strong><br \/>\nAbmessungen: 1000 x 1000 x 20 mm<br \/>\nFarben: Blau\/Rot (nach WKF-Standards)<br \/>\nSicherheit: EN 1177 HIC (Head Injury Criteria) &#8211; NF EN 12503.3<br \/>\nLasergedrucktes WKF-Logo.<br \/>\nGewicht: 2 kg<br \/>\nBrandschutzzertifizierung<\/p>\n<p><strong><u>Anmerkung :<\/u><\/strong><br \/>\nDie Abschlusskanten sind nicht im Lieferumfang der Tatamis enthalten.<br \/>\nBitte kontaktieren Sie uns, um die Verf\u00fcgbarkeit der Kanten zu pr\u00fcfen.<\/p>\n","protected":false},"excerpt":{"rendered":"<p>Die ProGame Tatami by Trocellen Matten wurden entwickelt, getestet und zugelassen, um L\u00f6sungen von h\u00f6chster Qualit\u00e4t zu bieten. Diese Matten erf\u00fcllen die Bed\u00fcrfnisse der Sportler und die Anforderungen der WKF (World Karate Federation), die die Wettk\u00e4mpfe regelt. Die Progame Puzzle Tatami bietet einen optimalen H\u00e4rtegrad und eine rutschfeste Oberfl\u00e4che. Sie f\u00f6rdert die Konzentration und Reaktionsf\u00e4higkeit [&hellip;]<\/p>\n","protected":false},"featured_media":450575,"comment_status":"closed","ping_status":"closed","template":"","meta":{"inline_featured_image":false},"product_brand":[],"product_cat":[2055,2016],"product_tag":[2554,2030],"sport":[448,73],"class_list":{"0":"post-450573","1":"product","2":"type-product","3":"status-publish","4":"has-post-thumbnail","6":"product_cat-karate-trainingsmaterial","7":"product_cat-tatamis-fur-judo-karate-und-taekwondo-kampfkunste","8":"product_tag-kostenvoranschlag","9":"product_tag-progame-tatamis-de","10":"product_shipping_class-grose-produkte","11":"pa_size-2-cm","12":"sport-kick-boxing","13":"sport-karate","15":"first","16":"instock","17":"taxable","18":"shipping-taxable","19":"purchasable","20":"product-type-variable"},"yoast_head":"<!-- This site is optimized with the Yoast SEO plugin v27.2 - https:\/\/yoast.com\/product\/yoast-seo-wordpress\/ -->\n<title>Tatami KARATE WKF Approved - Feuerzertifizierung &#8211; Daisho<\/title>\n<meta name=\"description\" content=\"Ben\u00f6tigen Sie Tatami-Matten, die die Bedingungen und Anforderungen der WKF erf\u00fcllen? Schauen Sie sich die ProGame Tatamis auf unserer Website www.daisho.be|Daisho an.\" \/>\n<meta name=\"robots\" content=\"index, follow, max-snippet:-1, max-image-preview:large, max-video-preview:-1\" \/>\n<link rel=\"canonical\" href=\"https:\/\/www.daisho.be\/de\/produit\/tatami-karate-wkf-approved-feuerzertifizierung\/\" \/>\n<meta property=\"og:locale\" content=\"de_DE\" \/>\n<meta property=\"og:type\" content=\"article\" \/>\n<meta property=\"og:title\" content=\"Tatami KARATE WKF Approved - Feuerzertifizierung &#8211; Daisho\" \/>\n<meta property=\"og:description\" content=\"Ben\u00f6tigen Sie Tatami-Matten, die die Bedingungen und Anforderungen der WKF erf\u00fcllen? Schauen Sie sich die ProGame Tatamis auf unserer Website www.daisho.be|Daisho an.\" \/>\n<meta property=\"og:url\" content=\"https:\/\/www.daisho.be\/de\/produit\/tatami-karate-wkf-approved-feuerzertifizierung\/\" \/>\n<meta property=\"og:site_name\" content=\"Daisho\" \/>\n<meta property=\"article:modified_time\" content=\"2025-11-20T11:05:15+00:00\" \/>\n<meta property=\"og:image\" content=\"https:\/\/www.daisho.be\/wp-content\/uploads\/2023\/11\/image-1.png\" \/>\n\t<meta property=\"og:image:width\" content=\"663\" \/>\n\t<meta property=\"og:image:height\" content=\"290\" \/>\n\t<meta property=\"og:image:type\" content=\"image\/png\" \/>\n<meta name=\"twitter:card\" content=\"summary_large_image\" \/>\n<meta name=\"twitter:label1\" content=\"Gesch\u00e4tzte Lesezeit\" \/>\n\t<meta name=\"twitter:data1\" content=\"1\u00a0Minute\" \/>\n<script type=\"application\/ld+json\" class=\"yoast-schema-graph\">{\"@context\":\"https:\/\/schema.org\",\"@graph\":[{\"@type\":\"WebPage\",\"@id\":\"https:\/\/www.daisho.be\/de\/produit\/tatami-karate-wkf-approved-feuerzertifizierung\/\",\"url\":\"https:\/\/www.daisho.be\/de\/produit\/tatami-karate-wkf-approved-feuerzertifizierung\/\",\"name\":\"Tatami KARATE WKF Approved - Feuerzertifizierung &#8211; Daisho\",\"isPartOf\":{\"@id\":\"https:\/\/www.daisho.be\/de\/#website\"},\"primaryImageOfPage\":{\"@id\":\"https:\/\/www.daisho.be\/de\/produit\/tatami-karate-wkf-approved-feuerzertifizierung\/#primaryimage\"},\"image\":{\"@id\":\"https:\/\/www.daisho.be\/de\/produit\/tatami-karate-wkf-approved-feuerzertifizierung\/#primaryimage\"},\"thumbnailUrl\":\"https:\/\/www.daisho.be\/wp-content\/uploads\/2023\/11\/image-1.png\",\"datePublished\":\"2019-09-16T06:48:36+00:00\",\"dateModified\":\"2025-11-20T11:05:15+00:00\",\"description\":\"Ben\u00f6tigen Sie Tatami-Matten, die die Bedingungen und Anforderungen der WKF erf\u00fcllen? Schauen Sie sich die ProGame Tatamis auf unserer Website www.daisho.be|Daisho an.\",\"breadcrumb\":{\"@id\":\"https:\/\/www.daisho.be\/de\/produit\/tatami-karate-wkf-approved-feuerzertifizierung\/#breadcrumb\"},\"inLanguage\":\"de\",\"potentialAction\":[{\"@type\":\"ReadAction\",\"target\":[\"https:\/\/www.daisho.be\/de\/produit\/tatami-karate-wkf-approved-feuerzertifizierung\/\"]}]},{\"@type\":\"ImageObject\",\"inLanguage\":\"de\",\"@id\":\"https:\/\/www.daisho.be\/de\/produit\/tatami-karate-wkf-approved-feuerzertifizierung\/#primaryimage\",\"url\":\"https:\/\/www.daisho.be\/wp-content\/uploads\/2023\/11\/image-1.png\",\"contentUrl\":\"https:\/\/www.daisho.be\/wp-content\/uploads\/2023\/11\/image-1.png\",\"width\":663,\"height\":290,\"caption\":\"Tatami KARATE WKF Approved - Feuerzertifizierung-1\"},{\"@type\":\"BreadcrumbList\",\"@id\":\"https:\/\/www.daisho.be\/de\/produit\/tatami-karate-wkf-approved-feuerzertifizierung\/#breadcrumb\",\"itemListElement\":[{\"@type\":\"ListItem\",\"position\":1,\"name\":\"Accueil\",\"item\":\"https:\/\/www.daisho.be\/de\/\"},{\"@type\":\"ListItem\",\"position\":2,\"name\":\"Produkte\",\"item\":\"https:\/\/www.daisho.be\/de\/produkte\/\"},{\"@type\":\"ListItem\",\"position\":3,\"name\":\"Ausr\u00fcstung und Kleidung f\u00fcr Kampfkunst und Kampfsport\",\"item\":\"https:\/\/www.daisho.be\/de\/categorie-produit\/ausrustung-und-kleidung-fur-kampfkunst-und-kampfsport\/\"},{\"@type\":\"ListItem\",\"position\":4,\"name\":\"Karate\",\"item\":\"https:\/\/www.daisho.be\/de\/categorie-produit\/ausrustung-und-kleidung-fur-kampfkunst-und-kampfsport\/karate-de-2\/\"},{\"@type\":\"ListItem\",\"position\":5,\"name\":\"Karate Trainingsmaterial\",\"item\":\"https:\/\/www.daisho.be\/de\/categorie-produit\/ausrustung-und-kleidung-fur-kampfkunst-und-kampfsport\/karate-de-2\/karate-trainingsmaterial\/\"},{\"@type\":\"ListItem\",\"position\":6,\"name\":\"Tatami KARATE WKF Approved &#8211; Feuerzertifizierung\"}]},{\"@type\":\"WebSite\",\"@id\":\"https:\/\/www.daisho.be\/de\/#website\",\"url\":\"https:\/\/www.daisho.be\/de\/\",\"name\":\"Daisho\",\"description\":\"Sp&eacute;cialiste de l'&eacute;quipement sportif d'arts martiaux\",\"publisher\":{\"@id\":\"https:\/\/www.daisho.be\/de\/#organization\"},\"potentialAction\":[{\"@type\":\"SearchAction\",\"target\":{\"@type\":\"EntryPoint\",\"urlTemplate\":\"https:\/\/www.daisho.be\/de\/?s={search_term_string}\"},\"query-input\":{\"@type\":\"PropertyValueSpecification\",\"valueRequired\":true,\"valueName\":\"search_term_string\"}}],\"inLanguage\":\"de\"},{\"@type\":\"Organization\",\"@id\":\"https:\/\/www.daisho.be\/de\/#organization\",\"name\":\"Daisho\",\"url\":\"https:\/\/www.daisho.be\/de\/\",\"logo\":{\"@type\":\"ImageObject\",\"inLanguage\":\"de\",\"@id\":\"https:\/\/www.daisho.be\/de\/#\/schema\/logo\/image\/\",\"url\":\"https:\/\/www.daisho.be\/wp-content\/uploads\/2019\/07\/color-nothing-horizontale4x-e1564486100247.png\",\"contentUrl\":\"https:\/\/www.daisho.be\/wp-content\/uploads\/2019\/07\/color-nothing-horizontale4x-e1564486100247.png\",\"width\":1547,\"height\":385,\"caption\":\"Daisho\"},\"image\":{\"@id\":\"https:\/\/www.daisho.be\/de\/#\/schema\/logo\/image\/\"}}]}<\/script>\n<!-- \/ Yoast SEO plugin. -->","yoast_head_json":{"title":"Tatami KARATE WKF Approved - Feuerzertifizierung &#8211; Daisho","description":"Ben\u00f6tigen Sie Tatami-Matten, die die Bedingungen und Anforderungen der WKF erf\u00fcllen? Schauen Sie sich die ProGame Tatamis auf unserer Website www.daisho.be|Daisho an.","robots":{"index":"index","follow":"follow","max-snippet":"max-snippet:-1","max-image-preview":"max-image-preview:large","max-video-preview":"max-video-preview:-1"},"canonical":"https:\/\/www.daisho.be\/de\/produit\/tatami-karate-wkf-approved-feuerzertifizierung\/","og_locale":"de_DE","og_type":"article","og_title":"Tatami KARATE WKF Approved - Feuerzertifizierung &#8211; Daisho","og_description":"Ben\u00f6tigen Sie Tatami-Matten, die die Bedingungen und Anforderungen der WKF erf\u00fcllen? Schauen Sie sich die ProGame Tatamis auf unserer Website www.daisho.be|Daisho an.","og_url":"https:\/\/www.daisho.be\/de\/produit\/tatami-karate-wkf-approved-feuerzertifizierung\/","og_site_name":"Daisho","article_modified_time":"2025-11-20T11:05:15+00:00","og_image":[{"width":663,"height":290,"url":"https:\/\/www.daisho.be\/wp-content\/uploads\/2023\/11\/image-1.png","type":"image\/png"}],"twitter_card":"summary_large_image","twitter_misc":{"Gesch\u00e4tzte Lesezeit":"1\u00a0Minute"},"schema":{"@context":"https:\/\/schema.org","@graph":[{"@type":"WebPage","@id":"https:\/\/www.daisho.be\/de\/produit\/tatami-karate-wkf-approved-feuerzertifizierung\/","url":"https:\/\/www.daisho.be\/de\/produit\/tatami-karate-wkf-approved-feuerzertifizierung\/","name":"Tatami KARATE WKF Approved - Feuerzertifizierung &#8211; Daisho","isPartOf":{"@id":"https:\/\/www.daisho.be\/de\/#website"},"primaryImageOfPage":{"@id":"https:\/\/www.daisho.be\/de\/produit\/tatami-karate-wkf-approved-feuerzertifizierung\/#primaryimage"},"image":{"@id":"https:\/\/www.daisho.be\/de\/produit\/tatami-karate-wkf-approved-feuerzertifizierung\/#primaryimage"},"thumbnailUrl":"https:\/\/www.daisho.be\/wp-content\/uploads\/2023\/11\/image-1.png","datePublished":"2019-09-16T06:48:36+00:00","dateModified":"2025-11-20T11:05:15+00:00","description":"Ben\u00f6tigen Sie Tatami-Matten, die die Bedingungen und Anforderungen der WKF erf\u00fcllen? Schauen Sie sich die ProGame Tatamis auf unserer Website www.daisho.be|Daisho an.","breadcrumb":{"@id":"https:\/\/www.daisho.be\/de\/produit\/tatami-karate-wkf-approved-feuerzertifizierung\/#breadcrumb"},"inLanguage":"de","potentialAction":[{"@type":"ReadAction","target":["https:\/\/www.daisho.be\/de\/produit\/tatami-karate-wkf-approved-feuerzertifizierung\/"]}]},{"@type":"ImageObject","inLanguage":"de","@id":"https:\/\/www.daisho.be\/de\/produit\/tatami-karate-wkf-approved-feuerzertifizierung\/#primaryimage","url":"https:\/\/www.daisho.be\/wp-content\/uploads\/2023\/11\/image-1.png","contentUrl":"https:\/\/www.daisho.be\/wp-content\/uploads\/2023\/11\/image-1.png","width":663,"height":290,"caption":"Tatami KARATE WKF Approved - Feuerzertifizierung-1"},{"@type":"BreadcrumbList","@id":"https:\/\/www.daisho.be\/de\/produit\/tatami-karate-wkf-approved-feuerzertifizierung\/#breadcrumb","itemListElement":[{"@type":"ListItem","position":1,"name":"Accueil","item":"https:\/\/www.daisho.be\/de\/"},{"@type":"ListItem","position":2,"name":"Produkte","item":"https:\/\/www.daisho.be\/de\/produkte\/"},{"@type":"ListItem","position":3,"name":"Ausr\u00fcstung und Kleidung f\u00fcr Kampfkunst und Kampfsport","item":"https:\/\/www.daisho.be\/de\/categorie-produit\/ausrustung-und-kleidung-fur-kampfkunst-und-kampfsport\/"},{"@type":"ListItem","position":4,"name":"Karate","item":"https:\/\/www.daisho.be\/de\/categorie-produit\/ausrustung-und-kleidung-fur-kampfkunst-und-kampfsport\/karate-de-2\/"},{"@type":"ListItem","position":5,"name":"Karate Trainingsmaterial","item":"https:\/\/www.daisho.be\/de\/categorie-produit\/ausrustung-und-kleidung-fur-kampfkunst-und-kampfsport\/karate-de-2\/karate-trainingsmaterial\/"},{"@type":"ListItem","position":6,"name":"Tatami KARATE WKF Approved &#8211; Feuerzertifizierung"}]},{"@type":"WebSite","@id":"https:\/\/www.daisho.be\/de\/#website","url":"https:\/\/www.daisho.be\/de\/","name":"Daisho","description":"Sp&eacute;cialiste de l'&eacute;quipement sportif d'arts martiaux","publisher":{"@id":"https:\/\/www.daisho.be\/de\/#organization"},"potentialAction":[{"@type":"SearchAction","target":{"@type":"EntryPoint","urlTemplate":"https:\/\/www.daisho.be\/de\/?s={search_term_string}"},"query-input":{"@type":"PropertyValueSpecification","valueRequired":true,"valueName":"search_term_string"}}],"inLanguage":"de"},{"@type":"Organization","@id":"https:\/\/www.daisho.be\/de\/#organization","name":"Daisho","url":"https:\/\/www.daisho.be\/de\/","logo":{"@type":"ImageObject","inLanguage":"de","@id":"https:\/\/www.daisho.be\/de\/#\/schema\/logo\/image\/","url":"https:\/\/www.daisho.be\/wp-content\/uploads\/2019\/07\/color-nothing-horizontale4x-e1564486100247.png","contentUrl":"https:\/\/www.daisho.be\/wp-content\/uploads\/2019\/07\/color-nothing-horizontale4x-e1564486100247.png","width":1547,"height":385,"caption":"Daisho"},"image":{"@id":"https:\/\/www.daisho.be\/de\/#\/schema\/logo\/image\/"}}]}},"_links":{"self":[{"href":"https:\/\/www.daisho.be\/de\/wp-json\/wp\/v2\/product\/450573","targetHints":{"allow":["GET"]}}],"collection":[{"href":"https:\/\/www.daisho.be\/de\/wp-json\/wp\/v2\/product"}],"about":[{"href":"https:\/\/www.daisho.be\/de\/wp-json\/wp\/v2\/types\/product"}],"replies":[{"embeddable":true,"href":"https:\/\/www.daisho.be\/de\/wp-json\/wp\/v2\/comments?post=450573"}],"wp:featuredmedia":[{"embeddable":true,"href":"https:\/\/www.daisho.be\/de\/wp-json\/wp\/v2\/media\/450575"}],"wp:attachment":[{"href":"https:\/\/www.daisho.be\/de\/wp-json\/wp\/v2\/media?parent=450573"}],"wp:term":[{"taxonomy":"product_brand","embeddable":true,"href":"https:\/\/www.daisho.be\/de\/wp-json\/wp\/v2\/product_brand?post=450573"},{"taxonomy":"product_cat","embeddable":true,"href":"https:\/\/www.daisho.be\/de\/wp-json\/wp\/v2\/product_cat?post=450573"},{"taxonomy":"product_tag","embeddable":true,"href":"https:\/\/www.daisho.be\/de\/wp-json\/wp\/v2\/product_tag?post=450573"},{"taxonomy":"sport","embeddable":true,"href":"https:\/\/www.daisho.be\/de\/wp-json\/wp\/v2\/sport?post=450573"}],"curies":[{"name":"wp","href":"https:\/\/api.w.org\/{rel}","templated":true}]}}