{"id":450447,"date":"2019-09-16T09:55:32","date_gmt":"2019-09-16T07:55:32","guid":{"rendered":"https:\/\/www.daisho.be\/produit\/karategi-tokaido-kata-master-athletic-wkf\/"},"modified":"2025-10-09T10:07:06","modified_gmt":"2025-10-09T08:07:06","slug":"karategi-tokaido-kata-master-athletic-wkf","status":"publish","type":"product","link":"https:\/\/www.daisho.be\/de\/produit\/karategi-tokaido-kata-master-athletic-wkf\/","title":{"rendered":"KARATEGI TOKAIDO KATA MASTER ATHLETIC &#8211; WKF"},"content":{"rendered":"<p>Der Kata Master Athletic Anzug, oder Kimono, ist sicherlich nicht f\u00fcr jeden geeignet&#8230;<br \/>\nWenn Sie nach einer erstklassigen Karategi-Kata f\u00fcr Wettk\u00e4mpfe und Meisterschaften suchen, werden Sie die neue Kata Master Athletic von Tokaido lieben.<br \/>\nDie Qualit\u00e4t des Stoffes wurde speziell f\u00fcr Kata entwickelt und l\u00e4sst keine W\u00fcnsche offen.<br \/>\nMit der neuen Version passt das Outfit noch besser und verleiht dem Teilnehmer ein unverwechselbares Charisma.<br \/>\nDies ist ein ausgezeichnetes Karategi, das von Kata-Athleten f\u00fcr Kata-Athleten ausgef\u00fchrt wird.<\/p>\n<p>Eigenschaften:<br \/>\n&#8211; Der Pokal wurde in Abstimmung mit Team Ki von dem Japaner Kenichi Sato und dem Vizeweltmeister Ilja Smorguner entwickelt.<br \/>\n&#8211; Karategi Slim Fit mit perfekter Passform: Die eng anliegende Jacke mit dem ber\u00fchmten &#8222;smart shoulder cut&#8220; (eleganter Schulterausschnitt) l\u00e4sst diese Kleidung wie ein Businesshemd f\u00fcr den Oberk\u00f6rper aussehen.<br \/>\n&#8211; Die eng anliegenden \u00c4rmel bieten den Offiziellen und Sch\u00fclern die M\u00f6glichkeit, die Ausf\u00fchrung der Techniken noch besser zu sehen.<br \/>\n&#8211; Die typisch japanische hellblaue F\u00e4rbung des Stoffes l\u00e4sst diesen Karategi gl\u00e4nzen.<br \/>\n&#8211; Das neu entwickelte Gewebe wurde optimiert, um jede Technik mit einem \u00fcberraschenden Klang zu unterstreichen.<br \/>\n&#8211; Die Kombination aus Baumwolle und Polyester reduziert auch das Gewicht des Karategi (Kimono) f\u00fcr noch h\u00f6here Spr\u00fcnge ohne Kompromisse.<br \/>\n&#8211; Der traditionelle japanische Druck auf der Innenseite der Jacke ist ebenfalls ein Blickfang.<br \/>\n&#8211; Gesticktes Tokaido-Logo auf der Brust, am Hals und an den Hosenbeinen.<br \/>\n&#8211; Karategi WKF approved: Er kann daher bei allen WKF- und K1-Weltmeisterschaften getragen werden.<br \/>\n&#8211; Schrumpfungsrate: 3%.<br \/>\n&#8211; Mitgelieferte Gegenst\u00e4nde: Jacke, Hose und eine leichte Sporttasche.<\/p>\n<p>Tokaido-Stickereien mit blauen und roten Kanji k\u00f6nnen bei internationalen Wettbewerben auf der Schulter angebracht werden.<\/p>\n","protected":false},"excerpt":{"rendered":"<p>Der Kata Master Athletic Anzug, oder Kimono, ist sicherlich nicht f\u00fcr jeden geeignet&#8230; Wenn Sie nach einer erstklassigen Karategi-Kata f\u00fcr Wettk\u00e4mpfe und Meisterschaften suchen, werden Sie die neue Kata Master Athletic von Tokaido lieben. Die Qualit\u00e4t des Stoffes wurde speziell f\u00fcr Kata entwickelt und l\u00e4sst keine W\u00fcnsche offen. Mit der neuen Version passt das Outfit [&hellip;]<\/p>\n","protected":false},"featured_media":450448,"comment_status":"closed","ping_status":"closed","template":"","meta":{"inline_featured_image":false},"product_brand":[],"product_cat":[2008,2118],"product_tag":[2004],"sport":[73],"class_list":{"0":"post-450447","1":"product","2":"type-product","3":"status-publish","4":"has-post-thumbnail","6":"product_cat-karate-kimonos-de","7":"product_cat-kleidung-kimonos","8":"product_tag-tokaido-de","9":"pa_size-381","10":"pa_size-380","11":"pa_size-388","12":"pa_size-379","13":"pa_size-387","14":"pa_size-378","15":"pa_size-386","16":"pa_size-377","17":"pa_size-385","18":"pa_size-376","19":"pa_size-384","20":"pa_size-383","21":"sport-karate","23":"first","24":"instock","25":"taxable","26":"shipping-taxable","27":"purchasable","28":"product-type-variable"},"yoast_head":"<!-- This site is optimized with the Yoast SEO plugin v27.2 - https:\/\/yoast.com\/product\/yoast-seo-wordpress\/ -->\n<title>Karate Kimono f\u00fcr den Wettkampf (Tokaido) - Karategi Kata Master Athletic<\/title>\n<meta name=\"description\" content=\"Der Karategi Kata Master Athletic wurde speziell f\u00fcr Kata-Spezialisten entwickelt. \u2713 Von der WKF zugelassener Karate-Kimono.\" \/>\n<meta name=\"robots\" content=\"index, follow, max-snippet:-1, max-image-preview:large, max-video-preview:-1\" \/>\n<link rel=\"canonical\" href=\"https:\/\/www.daisho.be\/de\/produit\/karategi-tokaido-kata-master-athletic-wkf\/\" \/>\n<meta property=\"og:locale\" content=\"de_DE\" \/>\n<meta property=\"og:type\" content=\"article\" \/>\n<meta property=\"og:title\" content=\"Karate Kimono f\u00fcr den Wettkampf (Tokaido) - Karategi Kata Master Athletic\" \/>\n<meta property=\"og:description\" content=\"Der Karategi Kata Master Athletic wurde speziell f\u00fcr Kata-Spezialisten entwickelt. \u2713 Von der WKF zugelassener Karate-Kimono.\" \/>\n<meta property=\"og:url\" content=\"https:\/\/www.daisho.be\/de\/produit\/karategi-tokaido-kata-master-athletic-wkf\/\" \/>\n<meta property=\"og:site_name\" content=\"Daisho\" \/>\n<meta property=\"article:modified_time\" content=\"2025-10-09T08:07:06+00:00\" \/>\n<meta property=\"og:image\" content=\"https:\/\/www.daisho.be\/wp-content\/uploads\/2024\/06\/image-36.jpg\" \/>\n\t<meta property=\"og:image:width\" content=\"800\" \/>\n\t<meta property=\"og:image:height\" content=\"1280\" \/>\n\t<meta property=\"og:image:type\" content=\"image\/jpeg\" \/>\n<meta name=\"twitter:card\" content=\"summary_large_image\" \/>\n<meta name=\"twitter:label1\" content=\"Gesch\u00e4tzte Lesezeit\" \/>\n\t<meta name=\"twitter:data1\" content=\"1\u00a0Minute\" \/>\n<script type=\"application\/ld+json\" class=\"yoast-schema-graph\">{\"@context\":\"https:\/\/schema.org\",\"@graph\":[{\"@type\":\"WebPage\",\"@id\":\"https:\/\/www.daisho.be\/de\/produit\/karategi-tokaido-kata-master-athletic-wkf\/\",\"url\":\"https:\/\/www.daisho.be\/de\/produit\/karategi-tokaido-kata-master-athletic-wkf\/\",\"name\":\"Karate Kimono f\u00fcr den Wettkampf (Tokaido) - Karategi Kata Master Athletic\",\"isPartOf\":{\"@id\":\"https:\/\/www.daisho.be\/de\/#website\"},\"primaryImageOfPage\":{\"@id\":\"https:\/\/www.daisho.be\/de\/produit\/karategi-tokaido-kata-master-athletic-wkf\/#primaryimage\"},\"image\":{\"@id\":\"https:\/\/www.daisho.be\/de\/produit\/karategi-tokaido-kata-master-athletic-wkf\/#primaryimage\"},\"thumbnailUrl\":\"https:\/\/www.daisho.be\/wp-content\/uploads\/2024\/06\/image-36.jpg\",\"datePublished\":\"2019-09-16T07:55:32+00:00\",\"dateModified\":\"2025-10-09T08:07:06+00:00\",\"description\":\"Der Karategi Kata Master Athletic wurde speziell f\u00fcr Kata-Spezialisten entwickelt. \u2713 Von der WKF zugelassener Karate-Kimono.\",\"breadcrumb\":{\"@id\":\"https:\/\/www.daisho.be\/de\/produit\/karategi-tokaido-kata-master-athletic-wkf\/#breadcrumb\"},\"inLanguage\":\"de\",\"potentialAction\":[{\"@type\":\"ReadAction\",\"target\":[\"https:\/\/www.daisho.be\/de\/produit\/karategi-tokaido-kata-master-athletic-wkf\/\"]}]},{\"@type\":\"ImageObject\",\"inLanguage\":\"de\",\"@id\":\"https:\/\/www.daisho.be\/de\/produit\/karategi-tokaido-kata-master-athletic-wkf\/#primaryimage\",\"url\":\"https:\/\/www.daisho.be\/wp-content\/uploads\/2024\/06\/image-36.jpg\",\"contentUrl\":\"https:\/\/www.daisho.be\/wp-content\/uploads\/2024\/06\/image-36.jpg\",\"width\":800,\"height\":1280,\"caption\":\"KARATEGI TOKAIDO KATA MASTER ATHLETIC - WKF-1\"},{\"@type\":\"BreadcrumbList\",\"@id\":\"https:\/\/www.daisho.be\/de\/produit\/karategi-tokaido-kata-master-athletic-wkf\/#breadcrumb\",\"itemListElement\":[{\"@type\":\"ListItem\",\"position\":1,\"name\":\"Accueil\",\"item\":\"https:\/\/www.daisho.be\/de\/\"},{\"@type\":\"ListItem\",\"position\":2,\"name\":\"Produkte\",\"item\":\"https:\/\/www.daisho.be\/de\/produkte\/\"},{\"@type\":\"ListItem\",\"position\":3,\"name\":\"Ausr\u00fcstung und Kleidung f\u00fcr Kampfkunst und Kampfsport\",\"item\":\"https:\/\/www.daisho.be\/de\/categorie-produit\/ausrustung-und-kleidung-fur-kampfkunst-und-kampfsport\/\"},{\"@type\":\"ListItem\",\"position\":4,\"name\":\"Karate\",\"item\":\"https:\/\/www.daisho.be\/de\/categorie-produit\/ausrustung-und-kleidung-fur-kampfkunst-und-kampfsport\/karate-de-2\/\"},{\"@type\":\"ListItem\",\"position\":5,\"name\":\"Karate-Kimonos\",\"item\":\"https:\/\/www.daisho.be\/de\/categorie-produit\/ausrustung-und-kleidung-fur-kampfkunst-und-kampfsport\/karate-de-2\/karate-kimonos-de\/\"},{\"@type\":\"ListItem\",\"position\":6,\"name\":\"KARATEGI TOKAIDO KATA MASTER ATHLETIC &#8211; WKF\"}]},{\"@type\":\"WebSite\",\"@id\":\"https:\/\/www.daisho.be\/de\/#website\",\"url\":\"https:\/\/www.daisho.be\/de\/\",\"name\":\"Daisho\",\"description\":\"Sp&eacute;cialiste de l'&eacute;quipement sportif d'arts martiaux\",\"publisher\":{\"@id\":\"https:\/\/www.daisho.be\/de\/#organization\"},\"potentialAction\":[{\"@type\":\"SearchAction\",\"target\":{\"@type\":\"EntryPoint\",\"urlTemplate\":\"https:\/\/www.daisho.be\/de\/?s={search_term_string}\"},\"query-input\":{\"@type\":\"PropertyValueSpecification\",\"valueRequired\":true,\"valueName\":\"search_term_string\"}}],\"inLanguage\":\"de\"},{\"@type\":\"Organization\",\"@id\":\"https:\/\/www.daisho.be\/de\/#organization\",\"name\":\"Daisho\",\"url\":\"https:\/\/www.daisho.be\/de\/\",\"logo\":{\"@type\":\"ImageObject\",\"inLanguage\":\"de\",\"@id\":\"https:\/\/www.daisho.be\/de\/#\/schema\/logo\/image\/\",\"url\":\"https:\/\/www.daisho.be\/wp-content\/uploads\/2019\/07\/color-nothing-horizontale4x-e1564486100247.png\",\"contentUrl\":\"https:\/\/www.daisho.be\/wp-content\/uploads\/2019\/07\/color-nothing-horizontale4x-e1564486100247.png\",\"width\":1547,\"height\":385,\"caption\":\"Daisho\"},\"image\":{\"@id\":\"https:\/\/www.daisho.be\/de\/#\/schema\/logo\/image\/\"}}]}<\/script>\n<!-- \/ Yoast SEO plugin. -->","yoast_head_json":{"title":"Karate Kimono f\u00fcr den Wettkampf (Tokaido) - Karategi Kata Master Athletic","description":"Der Karategi Kata Master Athletic wurde speziell f\u00fcr Kata-Spezialisten entwickelt. \u2713 Von der WKF zugelassener Karate-Kimono.","robots":{"index":"index","follow":"follow","max-snippet":"max-snippet:-1","max-image-preview":"max-image-preview:large","max-video-preview":"max-video-preview:-1"},"canonical":"https:\/\/www.daisho.be\/de\/produit\/karategi-tokaido-kata-master-athletic-wkf\/","og_locale":"de_DE","og_type":"article","og_title":"Karate Kimono f\u00fcr den Wettkampf (Tokaido) - Karategi Kata Master Athletic","og_description":"Der Karategi Kata Master Athletic wurde speziell f\u00fcr Kata-Spezialisten entwickelt. \u2713 Von der WKF zugelassener Karate-Kimono.","og_url":"https:\/\/www.daisho.be\/de\/produit\/karategi-tokaido-kata-master-athletic-wkf\/","og_site_name":"Daisho","article_modified_time":"2025-10-09T08:07:06+00:00","og_image":[{"width":800,"height":1280,"url":"https:\/\/www.daisho.be\/wp-content\/uploads\/2024\/06\/image-36.jpg","type":"image\/jpeg"}],"twitter_card":"summary_large_image","twitter_misc":{"Gesch\u00e4tzte Lesezeit":"1\u00a0Minute"},"schema":{"@context":"https:\/\/schema.org","@graph":[{"@type":"WebPage","@id":"https:\/\/www.daisho.be\/de\/produit\/karategi-tokaido-kata-master-athletic-wkf\/","url":"https:\/\/www.daisho.be\/de\/produit\/karategi-tokaido-kata-master-athletic-wkf\/","name":"Karate Kimono f\u00fcr den Wettkampf (Tokaido) - Karategi Kata Master Athletic","isPartOf":{"@id":"https:\/\/www.daisho.be\/de\/#website"},"primaryImageOfPage":{"@id":"https:\/\/www.daisho.be\/de\/produit\/karategi-tokaido-kata-master-athletic-wkf\/#primaryimage"},"image":{"@id":"https:\/\/www.daisho.be\/de\/produit\/karategi-tokaido-kata-master-athletic-wkf\/#primaryimage"},"thumbnailUrl":"https:\/\/www.daisho.be\/wp-content\/uploads\/2024\/06\/image-36.jpg","datePublished":"2019-09-16T07:55:32+00:00","dateModified":"2025-10-09T08:07:06+00:00","description":"Der Karategi Kata Master Athletic wurde speziell f\u00fcr Kata-Spezialisten entwickelt. \u2713 Von der WKF zugelassener Karate-Kimono.","breadcrumb":{"@id":"https:\/\/www.daisho.be\/de\/produit\/karategi-tokaido-kata-master-athletic-wkf\/#breadcrumb"},"inLanguage":"de","potentialAction":[{"@type":"ReadAction","target":["https:\/\/www.daisho.be\/de\/produit\/karategi-tokaido-kata-master-athletic-wkf\/"]}]},{"@type":"ImageObject","inLanguage":"de","@id":"https:\/\/www.daisho.be\/de\/produit\/karategi-tokaido-kata-master-athletic-wkf\/#primaryimage","url":"https:\/\/www.daisho.be\/wp-content\/uploads\/2024\/06\/image-36.jpg","contentUrl":"https:\/\/www.daisho.be\/wp-content\/uploads\/2024\/06\/image-36.jpg","width":800,"height":1280,"caption":"KARATEGI TOKAIDO KATA MASTER ATHLETIC - WKF-1"},{"@type":"BreadcrumbList","@id":"https:\/\/www.daisho.be\/de\/produit\/karategi-tokaido-kata-master-athletic-wkf\/#breadcrumb","itemListElement":[{"@type":"ListItem","position":1,"name":"Accueil","item":"https:\/\/www.daisho.be\/de\/"},{"@type":"ListItem","position":2,"name":"Produkte","item":"https:\/\/www.daisho.be\/de\/produkte\/"},{"@type":"ListItem","position":3,"name":"Ausr\u00fcstung und Kleidung f\u00fcr Kampfkunst und Kampfsport","item":"https:\/\/www.daisho.be\/de\/categorie-produit\/ausrustung-und-kleidung-fur-kampfkunst-und-kampfsport\/"},{"@type":"ListItem","position":4,"name":"Karate","item":"https:\/\/www.daisho.be\/de\/categorie-produit\/ausrustung-und-kleidung-fur-kampfkunst-und-kampfsport\/karate-de-2\/"},{"@type":"ListItem","position":5,"name":"Karate-Kimonos","item":"https:\/\/www.daisho.be\/de\/categorie-produit\/ausrustung-und-kleidung-fur-kampfkunst-und-kampfsport\/karate-de-2\/karate-kimonos-de\/"},{"@type":"ListItem","position":6,"name":"KARATEGI TOKAIDO KATA MASTER ATHLETIC &#8211; WKF"}]},{"@type":"WebSite","@id":"https:\/\/www.daisho.be\/de\/#website","url":"https:\/\/www.daisho.be\/de\/","name":"Daisho","description":"Sp&eacute;cialiste de l'&eacute;quipement sportif d'arts martiaux","publisher":{"@id":"https:\/\/www.daisho.be\/de\/#organization"},"potentialAction":[{"@type":"SearchAction","target":{"@type":"EntryPoint","urlTemplate":"https:\/\/www.daisho.be\/de\/?s={search_term_string}"},"query-input":{"@type":"PropertyValueSpecification","valueRequired":true,"valueName":"search_term_string"}}],"inLanguage":"de"},{"@type":"Organization","@id":"https:\/\/www.daisho.be\/de\/#organization","name":"Daisho","url":"https:\/\/www.daisho.be\/de\/","logo":{"@type":"ImageObject","inLanguage":"de","@id":"https:\/\/www.daisho.be\/de\/#\/schema\/logo\/image\/","url":"https:\/\/www.daisho.be\/wp-content\/uploads\/2019\/07\/color-nothing-horizontale4x-e1564486100247.png","contentUrl":"https:\/\/www.daisho.be\/wp-content\/uploads\/2019\/07\/color-nothing-horizontale4x-e1564486100247.png","width":1547,"height":385,"caption":"Daisho"},"image":{"@id":"https:\/\/www.daisho.be\/de\/#\/schema\/logo\/image\/"}}]}},"_links":{"self":[{"href":"https:\/\/www.daisho.be\/de\/wp-json\/wp\/v2\/product\/450447","targetHints":{"allow":["GET"]}}],"collection":[{"href":"https:\/\/www.daisho.be\/de\/wp-json\/wp\/v2\/product"}],"about":[{"href":"https:\/\/www.daisho.be\/de\/wp-json\/wp\/v2\/types\/product"}],"replies":[{"embeddable":true,"href":"https:\/\/www.daisho.be\/de\/wp-json\/wp\/v2\/comments?post=450447"}],"wp:featuredmedia":[{"embeddable":true,"href":"https:\/\/www.daisho.be\/de\/wp-json\/wp\/v2\/media\/450448"}],"wp:attachment":[{"href":"https:\/\/www.daisho.be\/de\/wp-json\/wp\/v2\/media?parent=450447"}],"wp:term":[{"taxonomy":"product_brand","embeddable":true,"href":"https:\/\/www.daisho.be\/de\/wp-json\/wp\/v2\/product_brand?post=450447"},{"taxonomy":"product_cat","embeddable":true,"href":"https:\/\/www.daisho.be\/de\/wp-json\/wp\/v2\/product_cat?post=450447"},{"taxonomy":"product_tag","embeddable":true,"href":"https:\/\/www.daisho.be\/de\/wp-json\/wp\/v2\/product_tag?post=450447"},{"taxonomy":"sport","embeddable":true,"href":"https:\/\/www.daisho.be\/de\/wp-json\/wp\/v2\/sport?post=450447"}],"curies":[{"name":"wp","href":"https:\/\/api.w.org\/{rel}","templated":true}]}}