{"id":450285,"date":"2019-09-16T09:57:05","date_gmt":"2019-09-16T07:57:05","guid":{"rendered":"https:\/\/www.daisho.be\/produit\/karategi-tokaido-kumite-master-junior-wkf\/"},"modified":"2025-10-09T10:08:26","modified_gmt":"2025-10-09T08:08:26","slug":"karategi-tokaido-kumite-master-junior-wkf","status":"publish","type":"product","link":"https:\/\/www.daisho.be\/de\/produit\/karategi-tokaido-kumite-master-junior-wkf\/","title":{"rendered":"KARATEGI TOKAIDO KUMITE MASTER JUNIOR &#8211; WKF"},"content":{"rendered":"<p>Der Kumite Master Junior von Tokaido wurde speziell f\u00fcr junge, aufstrebende Karatekas entwickelt und ist der ideale Begleiter f\u00fcr intensives Training und erste Wettk\u00e4mpfe.<br \/>\nDer eng anliegende, ergonomische Schnitt ist auf die K\u00f6rperform von Teenagern abgestimmt und bietet optimale Bewegungsfreiheit.<br \/>\nDas leichte und atmungsaktive Mischgewebe sorgt f\u00fcr einen unvergleichlichen Tragekomfort, selbst bei den intensivsten Trainingseinheiten.<br \/>\nSeine Weichheit sch\u00fctzt die zarte Kinderhaut und leitet Schwei\u00df effektiv ab.<br \/>\nDieser Kimono entspricht den strengsten Normen der WKF und gew\u00e4hrleistet, dass Sie f\u00fcr alle Ihre Wettk\u00e4mpfe vorschriftsm\u00e4\u00dfig gekleidet sind.<br \/>\nDas ikonische Tokaido-Logo der Marke ist sorgf\u00e4ltig auf Brust und R\u00fccken gestickt und verleiht diesem Kimono einen Hauch von Eleganz.<br \/>\nDieser Kimono trocknet schnell, so dass Sie sofort wieder mit dem Training beginnen k\u00f6nnen.<\/p>\n<p>Description:<br \/>\n&#8211; Technisches und komfortables Gewebe<br \/>\n&#8211; Dicke: 4 oz.<br \/>\n&#8211; Stoff: 75 % Polyester, 25 % Viskose<br \/>\n&#8211; WKF-zugelassen<br \/>\n&#8211; Elegantes und langlebiges Design<br \/>\n&#8211; Individuell anpassbar<br \/>\n&#8211; Schnell trocknend<\/p>\n<p><span style=\"display: flex;align-items: flex-start\"><br \/>\n    <img loading=\"lazy\" decoding=\"async\" class=\"alignleft\" src=\"https:\/\/www.daisho.be\/wp-content\/uploads\/2019\/09\/kumite-cut.png\" alt=\"\" width=\"108\" height=\"120\"><br \/>\n    <img loading=\"lazy\" decoding=\"async\" class=\"alignleft\" src=\"https:\/\/www.daisho.be\/wp-content\/uploads\/2024\/10\/w-k-f-logo.png\" alt=\"\" width=\"108\" height=\"120\"><br \/>\n    <img loading=\"lazy\" decoding=\"async\" class=\"alignleft\" src=\"https:\/\/www.daisho.be\/wp-content\/uploads\/2019\/09\/embroidery.png\" alt=\"\" width=\"108\" height=\"120\"><br \/>\n<\/span><\/p>\n","protected":false},"excerpt":{"rendered":"<p>Der Kumite Master Junior von Tokaido wurde speziell f\u00fcr junge, aufstrebende Karatekas entwickelt und ist der ideale Begleiter f\u00fcr intensives Training und erste Wettk\u00e4mpfe. Der eng anliegende, ergonomische Schnitt ist auf die K\u00f6rperform von Teenagern abgestimmt und bietet optimale Bewegungsfreiheit. Das leichte und atmungsaktive Mischgewebe sorgt f\u00fcr einen unvergleichlichen Tragekomfort, selbst bei den intensivsten Trainingseinheiten. [&hellip;]<\/p>\n","protected":false},"featured_media":450293,"comment_status":"closed","ping_status":"closed","template":"","meta":{"inline_featured_image":false},"product_brand":[],"product_cat":[2008,2118],"product_tag":[2004],"sport":[73],"class_list":{"0":"post-450285","1":"product","2":"type-product","3":"status-publish","4":"has-post-thumbnail","6":"product_cat-karate-kimonos-de","7":"product_cat-kleidung-kimonos","8":"product_tag-tokaido-de","9":"pa_size-374","10":"pa_size-373","11":"pa_size-381","12":"pa_size-380","13":"pa_size-379","14":"pa_size-378","15":"pa_size-377","16":"pa_size-376","17":"sport-karate","19":"first","20":"instock","21":"taxable","22":"shipping-taxable","23":"purchasable","24":"product-type-variable"},"yoast_head":"<!-- This site is optimized with the Yoast SEO plugin v27.2 - https:\/\/yoast.com\/product\/yoast-seo-wordpress\/ -->\n<title>Karate-Kimono f\u00fcr Kinder (Tokaido) - Karategi Kumite Master Junior<\/title>\n<meta name=\"description\" content=\"Ein Karate-Kimono f\u00fcr Kinder und von h\u00f6chster Qualit\u00e4t, der speziell f\u00fcr Training und Wettkampf entwickelt wurde! \u2713 WKF-gepr\u00fcft.\" \/>\n<meta name=\"robots\" content=\"index, follow, max-snippet:-1, max-image-preview:large, max-video-preview:-1\" \/>\n<link rel=\"canonical\" href=\"https:\/\/www.daisho.be\/de\/produit\/karategi-tokaido-kumite-master-junior-wkf\/\" \/>\n<meta property=\"og:locale\" content=\"de_DE\" \/>\n<meta property=\"og:type\" content=\"article\" \/>\n<meta property=\"og:title\" content=\"Karate-Kimono f\u00fcr Kinder (Tokaido) - Karategi Kumite Master Junior\" \/>\n<meta property=\"og:description\" content=\"Ein Karate-Kimono f\u00fcr Kinder und von h\u00f6chster Qualit\u00e4t, der speziell f\u00fcr Training und Wettkampf entwickelt wurde! \u2713 WKF-gepr\u00fcft.\" \/>\n<meta property=\"og:url\" content=\"https:\/\/www.daisho.be\/de\/produit\/karategi-tokaido-kumite-master-junior-wkf\/\" \/>\n<meta property=\"og:site_name\" content=\"Daisho\" \/>\n<meta property=\"article:modified_time\" content=\"2025-10-09T08:08:26+00:00\" \/>\n<meta property=\"og:image\" content=\"https:\/\/www.daisho.be\/wp-content\/uploads\/2023\/12\/image-117.jpg\" \/>\n\t<meta property=\"og:image:width\" content=\"510\" \/>\n\t<meta property=\"og:image:height\" content=\"720\" \/>\n\t<meta property=\"og:image:type\" content=\"image\/jpeg\" \/>\n<meta name=\"twitter:card\" content=\"summary_large_image\" \/>\n<meta name=\"twitter:label1\" content=\"Gesch\u00e4tzte Lesezeit\" \/>\n\t<meta name=\"twitter:data1\" content=\"1\u00a0Minute\" \/>\n<script type=\"application\/ld+json\" class=\"yoast-schema-graph\">{\"@context\":\"https:\/\/schema.org\",\"@graph\":[{\"@type\":\"WebPage\",\"@id\":\"https:\/\/www.daisho.be\/de\/produit\/karategi-tokaido-kumite-master-junior-wkf\/\",\"url\":\"https:\/\/www.daisho.be\/de\/produit\/karategi-tokaido-kumite-master-junior-wkf\/\",\"name\":\"Karate-Kimono f\u00fcr Kinder (Tokaido) - Karategi Kumite Master Junior\",\"isPartOf\":{\"@id\":\"https:\/\/www.daisho.be\/de\/#website\"},\"primaryImageOfPage\":{\"@id\":\"https:\/\/www.daisho.be\/de\/produit\/karategi-tokaido-kumite-master-junior-wkf\/#primaryimage\"},\"image\":{\"@id\":\"https:\/\/www.daisho.be\/de\/produit\/karategi-tokaido-kumite-master-junior-wkf\/#primaryimage\"},\"thumbnailUrl\":\"https:\/\/www.daisho.be\/wp-content\/uploads\/2023\/12\/image-117.jpg\",\"datePublished\":\"2019-09-16T07:57:05+00:00\",\"dateModified\":\"2025-10-09T08:08:26+00:00\",\"description\":\"Ein Karate-Kimono f\u00fcr Kinder und von h\u00f6chster Qualit\u00e4t, der speziell f\u00fcr Training und Wettkampf entwickelt wurde! \u2713 WKF-gepr\u00fcft.\",\"breadcrumb\":{\"@id\":\"https:\/\/www.daisho.be\/de\/produit\/karategi-tokaido-kumite-master-junior-wkf\/#breadcrumb\"},\"inLanguage\":\"de\",\"potentialAction\":[{\"@type\":\"ReadAction\",\"target\":[\"https:\/\/www.daisho.be\/de\/produit\/karategi-tokaido-kumite-master-junior-wkf\/\"]}]},{\"@type\":\"ImageObject\",\"inLanguage\":\"de\",\"@id\":\"https:\/\/www.daisho.be\/de\/produit\/karategi-tokaido-kumite-master-junior-wkf\/#primaryimage\",\"url\":\"https:\/\/www.daisho.be\/wp-content\/uploads\/2023\/12\/image-117.jpg\",\"contentUrl\":\"https:\/\/www.daisho.be\/wp-content\/uploads\/2023\/12\/image-117.jpg\",\"width\":510,\"height\":720,\"caption\":\"KARATEGI TOKAIDO KUMITE MASTER JUNIOR - WKF-1\"},{\"@type\":\"BreadcrumbList\",\"@id\":\"https:\/\/www.daisho.be\/de\/produit\/karategi-tokaido-kumite-master-junior-wkf\/#breadcrumb\",\"itemListElement\":[{\"@type\":\"ListItem\",\"position\":1,\"name\":\"Accueil\",\"item\":\"https:\/\/www.daisho.be\/de\/\"},{\"@type\":\"ListItem\",\"position\":2,\"name\":\"Produkte\",\"item\":\"https:\/\/www.daisho.be\/de\/produkte\/\"},{\"@type\":\"ListItem\",\"position\":3,\"name\":\"Ausr\u00fcstung und Kleidung f\u00fcr Kampfkunst und Kampfsport\",\"item\":\"https:\/\/www.daisho.be\/de\/categorie-produit\/ausrustung-und-kleidung-fur-kampfkunst-und-kampfsport\/\"},{\"@type\":\"ListItem\",\"position\":4,\"name\":\"Karate\",\"item\":\"https:\/\/www.daisho.be\/de\/categorie-produit\/ausrustung-und-kleidung-fur-kampfkunst-und-kampfsport\/karate-de-2\/\"},{\"@type\":\"ListItem\",\"position\":5,\"name\":\"Karate-Kimonos\",\"item\":\"https:\/\/www.daisho.be\/de\/categorie-produit\/ausrustung-und-kleidung-fur-kampfkunst-und-kampfsport\/karate-de-2\/karate-kimonos-de\/\"},{\"@type\":\"ListItem\",\"position\":6,\"name\":\"KARATEGI TOKAIDO KUMITE MASTER JUNIOR &#8211; WKF\"}]},{\"@type\":\"WebSite\",\"@id\":\"https:\/\/www.daisho.be\/de\/#website\",\"url\":\"https:\/\/www.daisho.be\/de\/\",\"name\":\"Daisho\",\"description\":\"Sp&eacute;cialiste de l'&eacute;quipement sportif d'arts martiaux\",\"publisher\":{\"@id\":\"https:\/\/www.daisho.be\/de\/#organization\"},\"potentialAction\":[{\"@type\":\"SearchAction\",\"target\":{\"@type\":\"EntryPoint\",\"urlTemplate\":\"https:\/\/www.daisho.be\/de\/?s={search_term_string}\"},\"query-input\":{\"@type\":\"PropertyValueSpecification\",\"valueRequired\":true,\"valueName\":\"search_term_string\"}}],\"inLanguage\":\"de\"},{\"@type\":\"Organization\",\"@id\":\"https:\/\/www.daisho.be\/de\/#organization\",\"name\":\"Daisho\",\"url\":\"https:\/\/www.daisho.be\/de\/\",\"logo\":{\"@type\":\"ImageObject\",\"inLanguage\":\"de\",\"@id\":\"https:\/\/www.daisho.be\/de\/#\/schema\/logo\/image\/\",\"url\":\"https:\/\/www.daisho.be\/wp-content\/uploads\/2019\/07\/color-nothing-horizontale4x-e1564486100247.png\",\"contentUrl\":\"https:\/\/www.daisho.be\/wp-content\/uploads\/2019\/07\/color-nothing-horizontale4x-e1564486100247.png\",\"width\":1547,\"height\":385,\"caption\":\"Daisho\"},\"image\":{\"@id\":\"https:\/\/www.daisho.be\/de\/#\/schema\/logo\/image\/\"}}]}<\/script>\n<!-- \/ Yoast SEO plugin. -->","yoast_head_json":{"title":"Karate-Kimono f\u00fcr Kinder (Tokaido) - Karategi Kumite Master Junior","description":"Ein Karate-Kimono f\u00fcr Kinder und von h\u00f6chster Qualit\u00e4t, der speziell f\u00fcr Training und Wettkampf entwickelt wurde! \u2713 WKF-gepr\u00fcft.","robots":{"index":"index","follow":"follow","max-snippet":"max-snippet:-1","max-image-preview":"max-image-preview:large","max-video-preview":"max-video-preview:-1"},"canonical":"https:\/\/www.daisho.be\/de\/produit\/karategi-tokaido-kumite-master-junior-wkf\/","og_locale":"de_DE","og_type":"article","og_title":"Karate-Kimono f\u00fcr Kinder (Tokaido) - Karategi Kumite Master Junior","og_description":"Ein Karate-Kimono f\u00fcr Kinder und von h\u00f6chster Qualit\u00e4t, der speziell f\u00fcr Training und Wettkampf entwickelt wurde! \u2713 WKF-gepr\u00fcft.","og_url":"https:\/\/www.daisho.be\/de\/produit\/karategi-tokaido-kumite-master-junior-wkf\/","og_site_name":"Daisho","article_modified_time":"2025-10-09T08:08:26+00:00","og_image":[{"width":510,"height":720,"url":"https:\/\/www.daisho.be\/wp-content\/uploads\/2023\/12\/image-117.jpg","type":"image\/jpeg"}],"twitter_card":"summary_large_image","twitter_misc":{"Gesch\u00e4tzte Lesezeit":"1\u00a0Minute"},"schema":{"@context":"https:\/\/schema.org","@graph":[{"@type":"WebPage","@id":"https:\/\/www.daisho.be\/de\/produit\/karategi-tokaido-kumite-master-junior-wkf\/","url":"https:\/\/www.daisho.be\/de\/produit\/karategi-tokaido-kumite-master-junior-wkf\/","name":"Karate-Kimono f\u00fcr Kinder (Tokaido) - Karategi Kumite Master Junior","isPartOf":{"@id":"https:\/\/www.daisho.be\/de\/#website"},"primaryImageOfPage":{"@id":"https:\/\/www.daisho.be\/de\/produit\/karategi-tokaido-kumite-master-junior-wkf\/#primaryimage"},"image":{"@id":"https:\/\/www.daisho.be\/de\/produit\/karategi-tokaido-kumite-master-junior-wkf\/#primaryimage"},"thumbnailUrl":"https:\/\/www.daisho.be\/wp-content\/uploads\/2023\/12\/image-117.jpg","datePublished":"2019-09-16T07:57:05+00:00","dateModified":"2025-10-09T08:08:26+00:00","description":"Ein Karate-Kimono f\u00fcr Kinder und von h\u00f6chster Qualit\u00e4t, der speziell f\u00fcr Training und Wettkampf entwickelt wurde! \u2713 WKF-gepr\u00fcft.","breadcrumb":{"@id":"https:\/\/www.daisho.be\/de\/produit\/karategi-tokaido-kumite-master-junior-wkf\/#breadcrumb"},"inLanguage":"de","potentialAction":[{"@type":"ReadAction","target":["https:\/\/www.daisho.be\/de\/produit\/karategi-tokaido-kumite-master-junior-wkf\/"]}]},{"@type":"ImageObject","inLanguage":"de","@id":"https:\/\/www.daisho.be\/de\/produit\/karategi-tokaido-kumite-master-junior-wkf\/#primaryimage","url":"https:\/\/www.daisho.be\/wp-content\/uploads\/2023\/12\/image-117.jpg","contentUrl":"https:\/\/www.daisho.be\/wp-content\/uploads\/2023\/12\/image-117.jpg","width":510,"height":720,"caption":"KARATEGI TOKAIDO KUMITE MASTER JUNIOR - WKF-1"},{"@type":"BreadcrumbList","@id":"https:\/\/www.daisho.be\/de\/produit\/karategi-tokaido-kumite-master-junior-wkf\/#breadcrumb","itemListElement":[{"@type":"ListItem","position":1,"name":"Accueil","item":"https:\/\/www.daisho.be\/de\/"},{"@type":"ListItem","position":2,"name":"Produkte","item":"https:\/\/www.daisho.be\/de\/produkte\/"},{"@type":"ListItem","position":3,"name":"Ausr\u00fcstung und Kleidung f\u00fcr Kampfkunst und Kampfsport","item":"https:\/\/www.daisho.be\/de\/categorie-produit\/ausrustung-und-kleidung-fur-kampfkunst-und-kampfsport\/"},{"@type":"ListItem","position":4,"name":"Karate","item":"https:\/\/www.daisho.be\/de\/categorie-produit\/ausrustung-und-kleidung-fur-kampfkunst-und-kampfsport\/karate-de-2\/"},{"@type":"ListItem","position":5,"name":"Karate-Kimonos","item":"https:\/\/www.daisho.be\/de\/categorie-produit\/ausrustung-und-kleidung-fur-kampfkunst-und-kampfsport\/karate-de-2\/karate-kimonos-de\/"},{"@type":"ListItem","position":6,"name":"KARATEGI TOKAIDO KUMITE MASTER JUNIOR &#8211; WKF"}]},{"@type":"WebSite","@id":"https:\/\/www.daisho.be\/de\/#website","url":"https:\/\/www.daisho.be\/de\/","name":"Daisho","description":"Sp&eacute;cialiste de l'&eacute;quipement sportif d'arts martiaux","publisher":{"@id":"https:\/\/www.daisho.be\/de\/#organization"},"potentialAction":[{"@type":"SearchAction","target":{"@type":"EntryPoint","urlTemplate":"https:\/\/www.daisho.be\/de\/?s={search_term_string}"},"query-input":{"@type":"PropertyValueSpecification","valueRequired":true,"valueName":"search_term_string"}}],"inLanguage":"de"},{"@type":"Organization","@id":"https:\/\/www.daisho.be\/de\/#organization","name":"Daisho","url":"https:\/\/www.daisho.be\/de\/","logo":{"@type":"ImageObject","inLanguage":"de","@id":"https:\/\/www.daisho.be\/de\/#\/schema\/logo\/image\/","url":"https:\/\/www.daisho.be\/wp-content\/uploads\/2019\/07\/color-nothing-horizontale4x-e1564486100247.png","contentUrl":"https:\/\/www.daisho.be\/wp-content\/uploads\/2019\/07\/color-nothing-horizontale4x-e1564486100247.png","width":1547,"height":385,"caption":"Daisho"},"image":{"@id":"https:\/\/www.daisho.be\/de\/#\/schema\/logo\/image\/"}}]}},"_links":{"self":[{"href":"https:\/\/www.daisho.be\/de\/wp-json\/wp\/v2\/product\/450285","targetHints":{"allow":["GET"]}}],"collection":[{"href":"https:\/\/www.daisho.be\/de\/wp-json\/wp\/v2\/product"}],"about":[{"href":"https:\/\/www.daisho.be\/de\/wp-json\/wp\/v2\/types\/product"}],"replies":[{"embeddable":true,"href":"https:\/\/www.daisho.be\/de\/wp-json\/wp\/v2\/comments?post=450285"}],"wp:featuredmedia":[{"embeddable":true,"href":"https:\/\/www.daisho.be\/de\/wp-json\/wp\/v2\/media\/450293"}],"wp:attachment":[{"href":"https:\/\/www.daisho.be\/de\/wp-json\/wp\/v2\/media?parent=450285"}],"wp:term":[{"taxonomy":"product_brand","embeddable":true,"href":"https:\/\/www.daisho.be\/de\/wp-json\/wp\/v2\/product_brand?post=450285"},{"taxonomy":"product_cat","embeddable":true,"href":"https:\/\/www.daisho.be\/de\/wp-json\/wp\/v2\/product_cat?post=450285"},{"taxonomy":"product_tag","embeddable":true,"href":"https:\/\/www.daisho.be\/de\/wp-json\/wp\/v2\/product_tag?post=450285"},{"taxonomy":"sport","embeddable":true,"href":"https:\/\/www.daisho.be\/de\/wp-json\/wp\/v2\/sport?post=450285"}],"curies":[{"name":"wp","href":"https:\/\/api.w.org\/{rel}","templated":true}]}}