{"id":450206,"date":"2019-09-16T09:56:50","date_gmt":"2019-09-16T07:56:50","guid":{"rendered":"https:\/\/www.daisho.be\/produit\/karategi-tokaido-kumite-master-athletic-wkf\/"},"modified":"2024-12-31T14:57:05","modified_gmt":"2024-12-31T13:57:05","slug":"karategi-tokaido-kumite-master-athletic-wkf","status":"publish","type":"product","link":"https:\/\/www.daisho.be\/de\/produit\/karategi-tokaido-kumite-master-athletic-wkf\/","title":{"rendered":"KARATEGI TOKAIDO KUMITE MASTER ATHLETIC &#8211; WKF"},"content":{"rendered":"<p>Der Karategi Kumite Master Athletic von Tokaido ist das \u00fcberzeugende Ergebnis einer intensiven Zusammenarbeit mit erfahrenen Karate-Experten.<br \/>\nDieser Karategi (oder Kimono) ist sicherlich der innovativste Kumite Master aller Zeiten und macht ihn zum ultimativen Karategi f\u00fcr ambitionierte Kumite-Athleten. <\/p>\n<p>Eigenschaften:<\/p>\n<p>&#8211; Karategi (oder Kimono) Perfekter Slim Fit: Hervorstehende Jacke mit dem &#8222;Smart Shoulder&#8220;-System. Die \u00c4rmel und Beine sind schmaler. &#8211; Die beiden \u00c4rmel der Jacke sind aus elastischem Material gefertigt und halten daher l\u00e4nger. &#8211; Die Hose ist mit einem breiten und weichen Gummiband versehen, um den Komfort ohne schmerzhafte Druckstellen zu erh\u00f6hen. &#8211; Die Hosenbeine haben eine spezielle kleine Aussparung f\u00fcr die Protektoren. &#8211; Enth\u00e4lt zus\u00e4tzlich eine kleine Tasche f\u00fcr den Mundschutz in der Hose. &#8211; Der traditionelle japanische Druck auf der Innenseite der Jacke zieht die Aufmerksamkeit auf sich. &#8211; Die Stickerei auf beiden Schultern, Tokaido in Kanji, verleiht dem Karategi eine besondere Note und macht ihn edel und einzigartig. &#8211; Mehrere elastische Eins\u00e4tze in der Jacke und der Hose verleihen der Jacke eine ausgezeichnete Haltbarkeit und geben dem K\u00e4mpfer eine unvergleichliche Beinfreiheit. &#8211; Material: 100% Polyester,<br \/>\n&#8211; Der Anzug bleibt auch nach h\u00e4ufigem Waschen formstabil. Er l\u00e4uft nicht ein. &#8211; Karategi Ultra-Leicht: Die Kombination aus leichtem Stoff (3,5 oz) und Slim Fit Schnitt entfernt \u00fcberfl\u00fcssige Stoffteile und reduziert das Gewicht. &#8211; Karategi WKF zugelassen. &#8211; Tokaido-Logo auf der Brust, am Hals und an den Hosenbeinen. &#8211; Lieferumfang: Jacke, Hose und eine leichte Sporttasche. <\/p>\n","protected":false},"excerpt":{"rendered":"<p>Der Karategi Kumite Master Athletic von Tokaido ist das \u00fcberzeugende Ergebnis einer intensiven Zusammenarbeit mit erfahrenen Karate-Experten. Dieser Karategi (oder Kimono) ist sicherlich der innovativste Kumite Master aller Zeiten und macht ihn zum ultimativen Karategi f\u00fcr ambitionierte Kumite-Athleten. Eigenschaften: &#8211; Karategi (oder Kimono) Perfekter Slim Fit: Hervorstehende Jacke mit dem &#8222;Smart Shoulder&#8220;-System. Die \u00c4rmel und [&hellip;]<\/p>\n","protected":false},"featured_media":450215,"comment_status":"closed","ping_status":"closed","template":"","meta":{"inline_featured_image":false},"product_brand":[],"product_cat":[2008,2118],"product_tag":[2004],"sport":[73],"class_list":{"0":"post-450206","1":"product","2":"type-product","3":"status-publish","4":"has-post-thumbnail","6":"product_cat-karate-kimonos-de","7":"product_cat-kleidung-kimonos","8":"product_tag-tokaido-de","9":"pa_size-380","10":"pa_size-388","11":"pa_size-379","12":"pa_size-387","13":"pa_size-378","14":"pa_size-386","15":"pa_size-377","16":"pa_size-385","17":"pa_size-376","18":"pa_size-384","19":"pa_size-383","20":"sport-karate","22":"first","23":"instock","24":"taxable","25":"shipping-taxable","26":"purchasable","27":"product-type-variable"},"yoast_head":"<!-- This site is optimized with the Yoast SEO plugin v27.2 - https:\/\/yoast.com\/product\/yoast-seo-wordpress\/ -->\n<title>Karate Kimono f\u00fcr Kumite (Tokaido) - Karategi Master Athletic WKF<\/title>\n<meta name=\"description\" content=\"Bequemer &amp; innovativer Karategi, speziell von und f\u00fcr Kumite-Spezialisten entwickelt. \u2713 Von der WKF zugelassener Kimono \u2713 Schrumpft nicht.\" \/>\n<meta name=\"robots\" content=\"index, follow, max-snippet:-1, max-image-preview:large, max-video-preview:-1\" \/>\n<link rel=\"canonical\" href=\"https:\/\/www.daisho.be\/de\/produit\/karategi-tokaido-kumite-master-athletic-wkf\/\" \/>\n<meta property=\"og:locale\" content=\"de_DE\" \/>\n<meta property=\"og:type\" content=\"article\" \/>\n<meta property=\"og:title\" content=\"Karate Kimono f\u00fcr Kumite (Tokaido) - Karategi Master Athletic WKF\" \/>\n<meta property=\"og:description\" content=\"Bequemer &amp; innovativer Karategi, speziell von und f\u00fcr Kumite-Spezialisten entwickelt. \u2713 Von der WKF zugelassener Kimono \u2713 Schrumpft nicht.\" \/>\n<meta property=\"og:url\" content=\"https:\/\/www.daisho.be\/de\/produit\/karategi-tokaido-kumite-master-athletic-wkf\/\" \/>\n<meta property=\"og:site_name\" content=\"Daisho\" \/>\n<meta property=\"article:modified_time\" content=\"2024-12-31T13:57:05+00:00\" \/>\n<meta property=\"og:image\" content=\"https:\/\/www.daisho.be\/wp-content\/uploads\/2023\/10\/image-13.jpg\" \/>\n\t<meta property=\"og:image:width\" content=\"800\" \/>\n\t<meta property=\"og:image:height\" content=\"1280\" \/>\n\t<meta property=\"og:image:type\" content=\"image\/jpeg\" \/>\n<meta name=\"twitter:card\" content=\"summary_large_image\" \/>\n<meta name=\"twitter:label1\" content=\"Gesch\u00e4tzte Lesezeit\" \/>\n\t<meta name=\"twitter:data1\" content=\"1\u00a0Minute\" \/>\n<script type=\"application\/ld+json\" class=\"yoast-schema-graph\">{\"@context\":\"https:\/\/schema.org\",\"@graph\":[{\"@type\":\"WebPage\",\"@id\":\"https:\/\/www.daisho.be\/de\/produit\/karategi-tokaido-kumite-master-athletic-wkf\/\",\"url\":\"https:\/\/www.daisho.be\/de\/produit\/karategi-tokaido-kumite-master-athletic-wkf\/\",\"name\":\"Karate Kimono f\u00fcr Kumite (Tokaido) - Karategi Master Athletic WKF\",\"isPartOf\":{\"@id\":\"https:\/\/www.daisho.be\/de\/#website\"},\"primaryImageOfPage\":{\"@id\":\"https:\/\/www.daisho.be\/de\/produit\/karategi-tokaido-kumite-master-athletic-wkf\/#primaryimage\"},\"image\":{\"@id\":\"https:\/\/www.daisho.be\/de\/produit\/karategi-tokaido-kumite-master-athletic-wkf\/#primaryimage\"},\"thumbnailUrl\":\"https:\/\/www.daisho.be\/wp-content\/uploads\/2023\/10\/image-13.jpg\",\"datePublished\":\"2019-09-16T07:56:50+00:00\",\"dateModified\":\"2024-12-31T13:57:05+00:00\",\"description\":\"Bequemer & innovativer Karategi, speziell von und f\u00fcr Kumite-Spezialisten entwickelt. \u2713 Von der WKF zugelassener Kimono \u2713 Schrumpft nicht.\",\"breadcrumb\":{\"@id\":\"https:\/\/www.daisho.be\/de\/produit\/karategi-tokaido-kumite-master-athletic-wkf\/#breadcrumb\"},\"inLanguage\":\"de\",\"potentialAction\":[{\"@type\":\"ReadAction\",\"target\":[\"https:\/\/www.daisho.be\/de\/produit\/karategi-tokaido-kumite-master-athletic-wkf\/\"]}]},{\"@type\":\"ImageObject\",\"inLanguage\":\"de\",\"@id\":\"https:\/\/www.daisho.be\/de\/produit\/karategi-tokaido-kumite-master-athletic-wkf\/#primaryimage\",\"url\":\"https:\/\/www.daisho.be\/wp-content\/uploads\/2023\/10\/image-13.jpg\",\"contentUrl\":\"https:\/\/www.daisho.be\/wp-content\/uploads\/2023\/10\/image-13.jpg\",\"width\":800,\"height\":1280,\"caption\":\"KARATEGI TOKAIDO KUMITE MASTER ATHLETIC - WKF-1\"},{\"@type\":\"BreadcrumbList\",\"@id\":\"https:\/\/www.daisho.be\/de\/produit\/karategi-tokaido-kumite-master-athletic-wkf\/#breadcrumb\",\"itemListElement\":[{\"@type\":\"ListItem\",\"position\":1,\"name\":\"Accueil\",\"item\":\"https:\/\/www.daisho.be\/de\/\"},{\"@type\":\"ListItem\",\"position\":2,\"name\":\"Produkte\",\"item\":\"https:\/\/www.daisho.be\/de\/produkte\/\"},{\"@type\":\"ListItem\",\"position\":3,\"name\":\"Ausr\u00fcstung und Kleidung f\u00fcr Kampfkunst und Kampfsport\",\"item\":\"https:\/\/www.daisho.be\/de\/categorie-produit\/ausrustung-und-kleidung-fur-kampfkunst-und-kampfsport\/\"},{\"@type\":\"ListItem\",\"position\":4,\"name\":\"Karate\",\"item\":\"https:\/\/www.daisho.be\/de\/categorie-produit\/ausrustung-und-kleidung-fur-kampfkunst-und-kampfsport\/karate-de-2\/\"},{\"@type\":\"ListItem\",\"position\":5,\"name\":\"Karate-Kimonos\",\"item\":\"https:\/\/www.daisho.be\/de\/categorie-produit\/ausrustung-und-kleidung-fur-kampfkunst-und-kampfsport\/karate-de-2\/karate-kimonos-de\/\"},{\"@type\":\"ListItem\",\"position\":6,\"name\":\"KARATEGI TOKAIDO KUMITE MASTER ATHLETIC &#8211; WKF\"}]},{\"@type\":\"WebSite\",\"@id\":\"https:\/\/www.daisho.be\/de\/#website\",\"url\":\"https:\/\/www.daisho.be\/de\/\",\"name\":\"Daisho\",\"description\":\"Sp&eacute;cialiste de l'&eacute;quipement sportif d'arts martiaux\",\"publisher\":{\"@id\":\"https:\/\/www.daisho.be\/de\/#organization\"},\"potentialAction\":[{\"@type\":\"SearchAction\",\"target\":{\"@type\":\"EntryPoint\",\"urlTemplate\":\"https:\/\/www.daisho.be\/de\/?s={search_term_string}\"},\"query-input\":{\"@type\":\"PropertyValueSpecification\",\"valueRequired\":true,\"valueName\":\"search_term_string\"}}],\"inLanguage\":\"de\"},{\"@type\":\"Organization\",\"@id\":\"https:\/\/www.daisho.be\/de\/#organization\",\"name\":\"Daisho\",\"url\":\"https:\/\/www.daisho.be\/de\/\",\"logo\":{\"@type\":\"ImageObject\",\"inLanguage\":\"de\",\"@id\":\"https:\/\/www.daisho.be\/de\/#\/schema\/logo\/image\/\",\"url\":\"https:\/\/www.daisho.be\/wp-content\/uploads\/2019\/07\/color-nothing-horizontale4x-e1564486100247.png\",\"contentUrl\":\"https:\/\/www.daisho.be\/wp-content\/uploads\/2019\/07\/color-nothing-horizontale4x-e1564486100247.png\",\"width\":1547,\"height\":385,\"caption\":\"Daisho\"},\"image\":{\"@id\":\"https:\/\/www.daisho.be\/de\/#\/schema\/logo\/image\/\"}}]}<\/script>\n<!-- \/ Yoast SEO plugin. -->","yoast_head_json":{"title":"Karate Kimono f\u00fcr Kumite (Tokaido) - Karategi Master Athletic WKF","description":"Bequemer & innovativer Karategi, speziell von und f\u00fcr Kumite-Spezialisten entwickelt. \u2713 Von der WKF zugelassener Kimono \u2713 Schrumpft nicht.","robots":{"index":"index","follow":"follow","max-snippet":"max-snippet:-1","max-image-preview":"max-image-preview:large","max-video-preview":"max-video-preview:-1"},"canonical":"https:\/\/www.daisho.be\/de\/produit\/karategi-tokaido-kumite-master-athletic-wkf\/","og_locale":"de_DE","og_type":"article","og_title":"Karate Kimono f\u00fcr Kumite (Tokaido) - Karategi Master Athletic WKF","og_description":"Bequemer & innovativer Karategi, speziell von und f\u00fcr Kumite-Spezialisten entwickelt. \u2713 Von der WKF zugelassener Kimono \u2713 Schrumpft nicht.","og_url":"https:\/\/www.daisho.be\/de\/produit\/karategi-tokaido-kumite-master-athletic-wkf\/","og_site_name":"Daisho","article_modified_time":"2024-12-31T13:57:05+00:00","og_image":[{"width":800,"height":1280,"url":"https:\/\/www.daisho.be\/wp-content\/uploads\/2023\/10\/image-13.jpg","type":"image\/jpeg"}],"twitter_card":"summary_large_image","twitter_misc":{"Gesch\u00e4tzte Lesezeit":"1\u00a0Minute"},"schema":{"@context":"https:\/\/schema.org","@graph":[{"@type":"WebPage","@id":"https:\/\/www.daisho.be\/de\/produit\/karategi-tokaido-kumite-master-athletic-wkf\/","url":"https:\/\/www.daisho.be\/de\/produit\/karategi-tokaido-kumite-master-athletic-wkf\/","name":"Karate Kimono f\u00fcr Kumite (Tokaido) - Karategi Master Athletic WKF","isPartOf":{"@id":"https:\/\/www.daisho.be\/de\/#website"},"primaryImageOfPage":{"@id":"https:\/\/www.daisho.be\/de\/produit\/karategi-tokaido-kumite-master-athletic-wkf\/#primaryimage"},"image":{"@id":"https:\/\/www.daisho.be\/de\/produit\/karategi-tokaido-kumite-master-athletic-wkf\/#primaryimage"},"thumbnailUrl":"https:\/\/www.daisho.be\/wp-content\/uploads\/2023\/10\/image-13.jpg","datePublished":"2019-09-16T07:56:50+00:00","dateModified":"2024-12-31T13:57:05+00:00","description":"Bequemer & innovativer Karategi, speziell von und f\u00fcr Kumite-Spezialisten entwickelt. \u2713 Von der WKF zugelassener Kimono \u2713 Schrumpft nicht.","breadcrumb":{"@id":"https:\/\/www.daisho.be\/de\/produit\/karategi-tokaido-kumite-master-athletic-wkf\/#breadcrumb"},"inLanguage":"de","potentialAction":[{"@type":"ReadAction","target":["https:\/\/www.daisho.be\/de\/produit\/karategi-tokaido-kumite-master-athletic-wkf\/"]}]},{"@type":"ImageObject","inLanguage":"de","@id":"https:\/\/www.daisho.be\/de\/produit\/karategi-tokaido-kumite-master-athletic-wkf\/#primaryimage","url":"https:\/\/www.daisho.be\/wp-content\/uploads\/2023\/10\/image-13.jpg","contentUrl":"https:\/\/www.daisho.be\/wp-content\/uploads\/2023\/10\/image-13.jpg","width":800,"height":1280,"caption":"KARATEGI TOKAIDO KUMITE MASTER ATHLETIC - WKF-1"},{"@type":"BreadcrumbList","@id":"https:\/\/www.daisho.be\/de\/produit\/karategi-tokaido-kumite-master-athletic-wkf\/#breadcrumb","itemListElement":[{"@type":"ListItem","position":1,"name":"Accueil","item":"https:\/\/www.daisho.be\/de\/"},{"@type":"ListItem","position":2,"name":"Produkte","item":"https:\/\/www.daisho.be\/de\/produkte\/"},{"@type":"ListItem","position":3,"name":"Ausr\u00fcstung und Kleidung f\u00fcr Kampfkunst und Kampfsport","item":"https:\/\/www.daisho.be\/de\/categorie-produit\/ausrustung-und-kleidung-fur-kampfkunst-und-kampfsport\/"},{"@type":"ListItem","position":4,"name":"Karate","item":"https:\/\/www.daisho.be\/de\/categorie-produit\/ausrustung-und-kleidung-fur-kampfkunst-und-kampfsport\/karate-de-2\/"},{"@type":"ListItem","position":5,"name":"Karate-Kimonos","item":"https:\/\/www.daisho.be\/de\/categorie-produit\/ausrustung-und-kleidung-fur-kampfkunst-und-kampfsport\/karate-de-2\/karate-kimonos-de\/"},{"@type":"ListItem","position":6,"name":"KARATEGI TOKAIDO KUMITE MASTER ATHLETIC &#8211; WKF"}]},{"@type":"WebSite","@id":"https:\/\/www.daisho.be\/de\/#website","url":"https:\/\/www.daisho.be\/de\/","name":"Daisho","description":"Sp&eacute;cialiste de l'&eacute;quipement sportif d'arts martiaux","publisher":{"@id":"https:\/\/www.daisho.be\/de\/#organization"},"potentialAction":[{"@type":"SearchAction","target":{"@type":"EntryPoint","urlTemplate":"https:\/\/www.daisho.be\/de\/?s={search_term_string}"},"query-input":{"@type":"PropertyValueSpecification","valueRequired":true,"valueName":"search_term_string"}}],"inLanguage":"de"},{"@type":"Organization","@id":"https:\/\/www.daisho.be\/de\/#organization","name":"Daisho","url":"https:\/\/www.daisho.be\/de\/","logo":{"@type":"ImageObject","inLanguage":"de","@id":"https:\/\/www.daisho.be\/de\/#\/schema\/logo\/image\/","url":"https:\/\/www.daisho.be\/wp-content\/uploads\/2019\/07\/color-nothing-horizontale4x-e1564486100247.png","contentUrl":"https:\/\/www.daisho.be\/wp-content\/uploads\/2019\/07\/color-nothing-horizontale4x-e1564486100247.png","width":1547,"height":385,"caption":"Daisho"},"image":{"@id":"https:\/\/www.daisho.be\/de\/#\/schema\/logo\/image\/"}}]}},"_links":{"self":[{"href":"https:\/\/www.daisho.be\/de\/wp-json\/wp\/v2\/product\/450206","targetHints":{"allow":["GET"]}}],"collection":[{"href":"https:\/\/www.daisho.be\/de\/wp-json\/wp\/v2\/product"}],"about":[{"href":"https:\/\/www.daisho.be\/de\/wp-json\/wp\/v2\/types\/product"}],"replies":[{"embeddable":true,"href":"https:\/\/www.daisho.be\/de\/wp-json\/wp\/v2\/comments?post=450206"}],"wp:featuredmedia":[{"embeddable":true,"href":"https:\/\/www.daisho.be\/de\/wp-json\/wp\/v2\/media\/450215"}],"wp:attachment":[{"href":"https:\/\/www.daisho.be\/de\/wp-json\/wp\/v2\/media?parent=450206"}],"wp:term":[{"taxonomy":"product_brand","embeddable":true,"href":"https:\/\/www.daisho.be\/de\/wp-json\/wp\/v2\/product_brand?post=450206"},{"taxonomy":"product_cat","embeddable":true,"href":"https:\/\/www.daisho.be\/de\/wp-json\/wp\/v2\/product_cat?post=450206"},{"taxonomy":"product_tag","embeddable":true,"href":"https:\/\/www.daisho.be\/de\/wp-json\/wp\/v2\/product_tag?post=450206"},{"taxonomy":"sport","embeddable":true,"href":"https:\/\/www.daisho.be\/de\/wp-json\/wp\/v2\/sport?post=450206"}],"curies":[{"name":"wp","href":"https:\/\/api.w.org\/{rel}","templated":true}]}}