{"id":450143,"date":"2019-09-16T10:00:20","date_gmt":"2019-09-16T08:00:20","guid":{"rendered":"https:\/\/www.daisho.be\/produit\/karategi-jka-tokaido-tsunami-gold\/"},"modified":"2025-10-09T10:08:24","modified_gmt":"2025-10-09T08:08:24","slug":"karategi-jka-tokaido-tsunami-gold","status":"publish","type":"product","link":"https:\/\/www.daisho.be\/de\/produit\/karategi-jka-tokaido-tsunami-gold\/","title":{"rendered":"KARATEGI JKA TOKAIDO TSUNAMI GOLD"},"content":{"rendered":"<p>Der Tokaido Karategi Tsunami Gold ist ein traditioneller Karategi mit langen \u00c4rmeln und einer langen Jacke aus schwerem, strapazierf\u00e4higem Stoff.<br \/>\nDer Stoff ist auf der Innenseite leicht geb\u00fcrstet. Dadurch entsteht ein weicher Eindruck und der Karategi oder Kimono reibt nicht auf der Haut, auch nicht nach stundenlangem Training. <x id=\"gid_0\"><\/x> <x id=\"gid_1\"><\/x>Eigenschaften:<x id=\"gid_2\"><\/x>&#8211; Outfit ohne Logo, perfekt geeignet f\u00fcr JKA,<x id=\"gid_3\"><\/x>&#8211; glatte Textur,<x id=\"gid_4\"><\/x>&#8211; Jacke innen rau,<x id=\"gid_5\"><\/x>&#8211; die Hose enth\u00e4lt eine G\u00fcrtelkordel,<x id=\"gid_6\"><\/x>&#8211; Material: 100% Baumwolle, ca. 14 oz.<br \/>\n&#8211; Schrumpfungsrate: 5%.<\/p>\n","protected":false},"excerpt":{"rendered":"<p>Der Tokaido Karategi Tsunami Gold ist ein traditioneller Karategi mit langen \u00c4rmeln und einer langen Jacke aus schwerem, strapazierf\u00e4higem Stoff. Der Stoff ist auf der Innenseite leicht geb\u00fcrstet. Dadurch entsteht ein weicher Eindruck und der Karategi oder Kimono reibt nicht auf der Haut, auch nicht nach stundenlangem Training. Eigenschaften:&#8211; Outfit ohne Logo, perfekt geeignet f\u00fcr [&hellip;]<\/p>\n","protected":false},"featured_media":450150,"comment_status":"closed","ping_status":"closed","template":"","meta":{"inline_featured_image":false},"product_brand":[],"product_cat":[2008,2118],"product_tag":[2004],"sport":[73],"class_list":{"0":"post-450143","1":"product","2":"type-product","3":"status-publish","4":"has-post-thumbnail","6":"product_cat-karate-kimonos-de","7":"product_cat-kleidung-kimonos","8":"product_tag-tokaido-de","9":"pa_size-380","10":"pa_size-379","11":"pa_size-378","12":"pa_size-377","13":"pa_size-376","14":"pa_size-383","15":"sport-karate","17":"first","18":"instock","19":"taxable","20":"shipping-taxable","21":"purchasable","22":"product-type-variable"},"yoast_head":"<!-- This site is optimized with the Yoast SEO plugin v27.2 - https:\/\/yoast.com\/product\/yoast-seo-wordpress\/ -->\n<title>Traditioneller Karate Kimono (Tokaido) - Karategi Tsunami Gold | Daisho<\/title>\n<meta name=\"description\" content=\"Unser brandneuer Karate-Kimono von Tokaido wartet auf Sie in unserem Online-Shop! \u2713 Karategi aus schwerem &amp; langlebigem Stoff.\" \/>\n<meta name=\"robots\" content=\"index, follow, max-snippet:-1, max-image-preview:large, max-video-preview:-1\" \/>\n<link rel=\"canonical\" href=\"https:\/\/www.daisho.be\/de\/produit\/karategi-jka-tokaido-tsunami-gold\/\" \/>\n<meta property=\"og:locale\" content=\"de_DE\" \/>\n<meta property=\"og:type\" content=\"article\" \/>\n<meta property=\"og:title\" content=\"Traditioneller Karate Kimono (Tokaido) - Karategi Tsunami Gold | Daisho\" \/>\n<meta property=\"og:description\" content=\"Unser brandneuer Karate-Kimono von Tokaido wartet auf Sie in unserem Online-Shop! \u2713 Karategi aus schwerem &amp; langlebigem Stoff.\" \/>\n<meta property=\"og:url\" content=\"https:\/\/www.daisho.be\/de\/produit\/karategi-jka-tokaido-tsunami-gold\/\" \/>\n<meta property=\"og:site_name\" content=\"Daisho\" \/>\n<meta property=\"article:modified_time\" content=\"2025-10-09T08:08:24+00:00\" \/>\n<meta property=\"og:image\" content=\"https:\/\/www.daisho.be\/wp-content\/uploads\/2024\/05\/image-81-scaled.jpg\" \/>\n\t<meta property=\"og:image:width\" content=\"1450\" \/>\n\t<meta property=\"og:image:height\" content=\"2048\" \/>\n\t<meta property=\"og:image:type\" content=\"image\/jpeg\" \/>\n<meta name=\"twitter:card\" content=\"summary_large_image\" \/>\n<script type=\"application\/ld+json\" class=\"yoast-schema-graph\">{\"@context\":\"https:\/\/schema.org\",\"@graph\":[{\"@type\":\"WebPage\",\"@id\":\"https:\/\/www.daisho.be\/de\/produit\/karategi-jka-tokaido-tsunami-gold\/\",\"url\":\"https:\/\/www.daisho.be\/de\/produit\/karategi-jka-tokaido-tsunami-gold\/\",\"name\":\"Traditioneller Karate Kimono (Tokaido) - Karategi Tsunami Gold | Daisho\",\"isPartOf\":{\"@id\":\"https:\/\/www.daisho.be\/de\/#website\"},\"primaryImageOfPage\":{\"@id\":\"https:\/\/www.daisho.be\/de\/produit\/karategi-jka-tokaido-tsunami-gold\/#primaryimage\"},\"image\":{\"@id\":\"https:\/\/www.daisho.be\/de\/produit\/karategi-jka-tokaido-tsunami-gold\/#primaryimage\"},\"thumbnailUrl\":\"https:\/\/www.daisho.be\/wp-content\/uploads\/2024\/05\/image-81-scaled.jpg\",\"datePublished\":\"2019-09-16T08:00:20+00:00\",\"dateModified\":\"2025-10-09T08:08:24+00:00\",\"description\":\"Unser brandneuer Karate-Kimono von Tokaido wartet auf Sie in unserem Online-Shop! \u2713 Karategi aus schwerem & langlebigem Stoff.\",\"breadcrumb\":{\"@id\":\"https:\/\/www.daisho.be\/de\/produit\/karategi-jka-tokaido-tsunami-gold\/#breadcrumb\"},\"inLanguage\":\"de\",\"potentialAction\":[{\"@type\":\"ReadAction\",\"target\":[\"https:\/\/www.daisho.be\/de\/produit\/karategi-jka-tokaido-tsunami-gold\/\"]}]},{\"@type\":\"ImageObject\",\"inLanguage\":\"de\",\"@id\":\"https:\/\/www.daisho.be\/de\/produit\/karategi-jka-tokaido-tsunami-gold\/#primaryimage\",\"url\":\"https:\/\/www.daisho.be\/wp-content\/uploads\/2024\/05\/image-81-scaled.jpg\",\"contentUrl\":\"https:\/\/www.daisho.be\/wp-content\/uploads\/2024\/05\/image-81-scaled.jpg\",\"width\":1450,\"height\":2048,\"caption\":\"KARATEGI JKA TOKAIDO TSUNAMI GOLD-1\"},{\"@type\":\"BreadcrumbList\",\"@id\":\"https:\/\/www.daisho.be\/de\/produit\/karategi-jka-tokaido-tsunami-gold\/#breadcrumb\",\"itemListElement\":[{\"@type\":\"ListItem\",\"position\":1,\"name\":\"Accueil\",\"item\":\"https:\/\/www.daisho.be\/de\/\"},{\"@type\":\"ListItem\",\"position\":2,\"name\":\"Produkte\",\"item\":\"https:\/\/www.daisho.be\/de\/produkte\/\"},{\"@type\":\"ListItem\",\"position\":3,\"name\":\"Ausr\u00fcstung und Kleidung f\u00fcr Kampfkunst und Kampfsport\",\"item\":\"https:\/\/www.daisho.be\/de\/categorie-produit\/ausrustung-und-kleidung-fur-kampfkunst-und-kampfsport\/\"},{\"@type\":\"ListItem\",\"position\":4,\"name\":\"Karate\",\"item\":\"https:\/\/www.daisho.be\/de\/categorie-produit\/ausrustung-und-kleidung-fur-kampfkunst-und-kampfsport\/karate-de-2\/\"},{\"@type\":\"ListItem\",\"position\":5,\"name\":\"Karate-Kimonos\",\"item\":\"https:\/\/www.daisho.be\/de\/categorie-produit\/ausrustung-und-kleidung-fur-kampfkunst-und-kampfsport\/karate-de-2\/karate-kimonos-de\/\"},{\"@type\":\"ListItem\",\"position\":6,\"name\":\"KARATEGI JKA TOKAIDO TSUNAMI GOLD\"}]},{\"@type\":\"WebSite\",\"@id\":\"https:\/\/www.daisho.be\/de\/#website\",\"url\":\"https:\/\/www.daisho.be\/de\/\",\"name\":\"Daisho\",\"description\":\"Sp&eacute;cialiste de l'&eacute;quipement sportif d'arts martiaux\",\"publisher\":{\"@id\":\"https:\/\/www.daisho.be\/de\/#organization\"},\"potentialAction\":[{\"@type\":\"SearchAction\",\"target\":{\"@type\":\"EntryPoint\",\"urlTemplate\":\"https:\/\/www.daisho.be\/de\/?s={search_term_string}\"},\"query-input\":{\"@type\":\"PropertyValueSpecification\",\"valueRequired\":true,\"valueName\":\"search_term_string\"}}],\"inLanguage\":\"de\"},{\"@type\":\"Organization\",\"@id\":\"https:\/\/www.daisho.be\/de\/#organization\",\"name\":\"Daisho\",\"url\":\"https:\/\/www.daisho.be\/de\/\",\"logo\":{\"@type\":\"ImageObject\",\"inLanguage\":\"de\",\"@id\":\"https:\/\/www.daisho.be\/de\/#\/schema\/logo\/image\/\",\"url\":\"https:\/\/www.daisho.be\/wp-content\/uploads\/2019\/07\/color-nothing-horizontale4x-e1564486100247.png\",\"contentUrl\":\"https:\/\/www.daisho.be\/wp-content\/uploads\/2019\/07\/color-nothing-horizontale4x-e1564486100247.png\",\"width\":1547,\"height\":385,\"caption\":\"Daisho\"},\"image\":{\"@id\":\"https:\/\/www.daisho.be\/de\/#\/schema\/logo\/image\/\"}}]}<\/script>\n<!-- \/ Yoast SEO plugin. -->","yoast_head_json":{"title":"Traditioneller Karate Kimono (Tokaido) - Karategi Tsunami Gold | Daisho","description":"Unser brandneuer Karate-Kimono von Tokaido wartet auf Sie in unserem Online-Shop! \u2713 Karategi aus schwerem & langlebigem Stoff.","robots":{"index":"index","follow":"follow","max-snippet":"max-snippet:-1","max-image-preview":"max-image-preview:large","max-video-preview":"max-video-preview:-1"},"canonical":"https:\/\/www.daisho.be\/de\/produit\/karategi-jka-tokaido-tsunami-gold\/","og_locale":"de_DE","og_type":"article","og_title":"Traditioneller Karate Kimono (Tokaido) - Karategi Tsunami Gold | Daisho","og_description":"Unser brandneuer Karate-Kimono von Tokaido wartet auf Sie in unserem Online-Shop! \u2713 Karategi aus schwerem & langlebigem Stoff.","og_url":"https:\/\/www.daisho.be\/de\/produit\/karategi-jka-tokaido-tsunami-gold\/","og_site_name":"Daisho","article_modified_time":"2025-10-09T08:08:24+00:00","og_image":[{"width":1450,"height":2048,"url":"https:\/\/www.daisho.be\/wp-content\/uploads\/2024\/05\/image-81-scaled.jpg","type":"image\/jpeg"}],"twitter_card":"summary_large_image","schema":{"@context":"https:\/\/schema.org","@graph":[{"@type":"WebPage","@id":"https:\/\/www.daisho.be\/de\/produit\/karategi-jka-tokaido-tsunami-gold\/","url":"https:\/\/www.daisho.be\/de\/produit\/karategi-jka-tokaido-tsunami-gold\/","name":"Traditioneller Karate Kimono (Tokaido) - Karategi Tsunami Gold | Daisho","isPartOf":{"@id":"https:\/\/www.daisho.be\/de\/#website"},"primaryImageOfPage":{"@id":"https:\/\/www.daisho.be\/de\/produit\/karategi-jka-tokaido-tsunami-gold\/#primaryimage"},"image":{"@id":"https:\/\/www.daisho.be\/de\/produit\/karategi-jka-tokaido-tsunami-gold\/#primaryimage"},"thumbnailUrl":"https:\/\/www.daisho.be\/wp-content\/uploads\/2024\/05\/image-81-scaled.jpg","datePublished":"2019-09-16T08:00:20+00:00","dateModified":"2025-10-09T08:08:24+00:00","description":"Unser brandneuer Karate-Kimono von Tokaido wartet auf Sie in unserem Online-Shop! \u2713 Karategi aus schwerem & langlebigem Stoff.","breadcrumb":{"@id":"https:\/\/www.daisho.be\/de\/produit\/karategi-jka-tokaido-tsunami-gold\/#breadcrumb"},"inLanguage":"de","potentialAction":[{"@type":"ReadAction","target":["https:\/\/www.daisho.be\/de\/produit\/karategi-jka-tokaido-tsunami-gold\/"]}]},{"@type":"ImageObject","inLanguage":"de","@id":"https:\/\/www.daisho.be\/de\/produit\/karategi-jka-tokaido-tsunami-gold\/#primaryimage","url":"https:\/\/www.daisho.be\/wp-content\/uploads\/2024\/05\/image-81-scaled.jpg","contentUrl":"https:\/\/www.daisho.be\/wp-content\/uploads\/2024\/05\/image-81-scaled.jpg","width":1450,"height":2048,"caption":"KARATEGI JKA TOKAIDO TSUNAMI GOLD-1"},{"@type":"BreadcrumbList","@id":"https:\/\/www.daisho.be\/de\/produit\/karategi-jka-tokaido-tsunami-gold\/#breadcrumb","itemListElement":[{"@type":"ListItem","position":1,"name":"Accueil","item":"https:\/\/www.daisho.be\/de\/"},{"@type":"ListItem","position":2,"name":"Produkte","item":"https:\/\/www.daisho.be\/de\/produkte\/"},{"@type":"ListItem","position":3,"name":"Ausr\u00fcstung und Kleidung f\u00fcr Kampfkunst und Kampfsport","item":"https:\/\/www.daisho.be\/de\/categorie-produit\/ausrustung-und-kleidung-fur-kampfkunst-und-kampfsport\/"},{"@type":"ListItem","position":4,"name":"Karate","item":"https:\/\/www.daisho.be\/de\/categorie-produit\/ausrustung-und-kleidung-fur-kampfkunst-und-kampfsport\/karate-de-2\/"},{"@type":"ListItem","position":5,"name":"Karate-Kimonos","item":"https:\/\/www.daisho.be\/de\/categorie-produit\/ausrustung-und-kleidung-fur-kampfkunst-und-kampfsport\/karate-de-2\/karate-kimonos-de\/"},{"@type":"ListItem","position":6,"name":"KARATEGI JKA TOKAIDO TSUNAMI GOLD"}]},{"@type":"WebSite","@id":"https:\/\/www.daisho.be\/de\/#website","url":"https:\/\/www.daisho.be\/de\/","name":"Daisho","description":"Sp&eacute;cialiste de l'&eacute;quipement sportif d'arts martiaux","publisher":{"@id":"https:\/\/www.daisho.be\/de\/#organization"},"potentialAction":[{"@type":"SearchAction","target":{"@type":"EntryPoint","urlTemplate":"https:\/\/www.daisho.be\/de\/?s={search_term_string}"},"query-input":{"@type":"PropertyValueSpecification","valueRequired":true,"valueName":"search_term_string"}}],"inLanguage":"de"},{"@type":"Organization","@id":"https:\/\/www.daisho.be\/de\/#organization","name":"Daisho","url":"https:\/\/www.daisho.be\/de\/","logo":{"@type":"ImageObject","inLanguage":"de","@id":"https:\/\/www.daisho.be\/de\/#\/schema\/logo\/image\/","url":"https:\/\/www.daisho.be\/wp-content\/uploads\/2019\/07\/color-nothing-horizontale4x-e1564486100247.png","contentUrl":"https:\/\/www.daisho.be\/wp-content\/uploads\/2019\/07\/color-nothing-horizontale4x-e1564486100247.png","width":1547,"height":385,"caption":"Daisho"},"image":{"@id":"https:\/\/www.daisho.be\/de\/#\/schema\/logo\/image\/"}}]}},"_links":{"self":[{"href":"https:\/\/www.daisho.be\/de\/wp-json\/wp\/v2\/product\/450143","targetHints":{"allow":["GET"]}}],"collection":[{"href":"https:\/\/www.daisho.be\/de\/wp-json\/wp\/v2\/product"}],"about":[{"href":"https:\/\/www.daisho.be\/de\/wp-json\/wp\/v2\/types\/product"}],"replies":[{"embeddable":true,"href":"https:\/\/www.daisho.be\/de\/wp-json\/wp\/v2\/comments?post=450143"}],"wp:featuredmedia":[{"embeddable":true,"href":"https:\/\/www.daisho.be\/de\/wp-json\/wp\/v2\/media\/450150"}],"wp:attachment":[{"href":"https:\/\/www.daisho.be\/de\/wp-json\/wp\/v2\/media?parent=450143"}],"wp:term":[{"taxonomy":"product_brand","embeddable":true,"href":"https:\/\/www.daisho.be\/de\/wp-json\/wp\/v2\/product_brand?post=450143"},{"taxonomy":"product_cat","embeddable":true,"href":"https:\/\/www.daisho.be\/de\/wp-json\/wp\/v2\/product_cat?post=450143"},{"taxonomy":"product_tag","embeddable":true,"href":"https:\/\/www.daisho.be\/de\/wp-json\/wp\/v2\/product_tag?post=450143"},{"taxonomy":"sport","embeddable":true,"href":"https:\/\/www.daisho.be\/de\/wp-json\/wp\/v2\/sport?post=450143"}],"curies":[{"name":"wp","href":"https:\/\/api.w.org\/{rel}","templated":true}]}}