{"id":450032,"date":"2019-09-16T10:04:35","date_gmt":"2019-09-16T08:04:35","guid":{"rendered":"https:\/\/www.daisho.be\/produit\/karate-wettkampfguertel-tokaido-blau-wkf\/"},"modified":"2025-10-09T13:44:18","modified_gmt":"2025-10-09T11:44:18","slug":"karate-wettkampfguertel-tokaido-blau-wkf","status":"publish","type":"product","link":"https:\/\/www.daisho.be\/de\/produit\/karate-wettkampfguertel-tokaido-blau-wkf\/","title":{"rendered":"KARATE-WETTKAMPFG\u00dcRTEL TOKAIDO BLAU &#8211; WKF"},"content":{"rendered":"<p>Tokaido Karate G\u00fcrtel, offiziell von der WKF f\u00fcr offizielle Wettk\u00e4mpfe zugelassen.<br \/>\nDer G\u00fcrtel ist universell einsetzbar und eignet sich f\u00fcr Kata und Kumite. <\/p>\n<p>Eigenschaften:<\/p>\n<p> WKF-zugelassener G\u00fcrtel,<br \/>\n 11 N\u00e4hte,<br \/>\n einfach zu binden,<br \/>\n Breite: ca. 4.5 cm,<br \/>\n Farbe: blau,<br \/>\n Material: 100% Baumwolle. <\/p>\n<p><i class=\"fa fa-clock-o\"><\/i>  VERF\u00dcGBARKEIT 245 (2.5): April \/ Mai<\/p>\n","protected":false},"excerpt":{"rendered":"<p>Tokaido Karate G\u00fcrtel, offiziell von der WKF f\u00fcr offizielle Wettk\u00e4mpfe zugelassen. Der G\u00fcrtel ist universell einsetzbar und eignet sich f\u00fcr Kata und Kumite. Eigenschaften: WKF-zugelassener G\u00fcrtel, 11 N\u00e4hte, einfach zu binden, Breite: ca. 4.5 cm, Farbe: blau, Material: 100% Baumwolle. VERF\u00dcGBARKEIT 245 (2.5): April \/ Mai<\/p>\n","protected":false},"featured_media":450033,"comment_status":"closed","ping_status":"closed","template":"","meta":{"inline_featured_image":false},"product_brand":[],"product_cat":[2104,2066],"product_tag":[2004],"sport":[73],"class_list":{"0":"post-450032","1":"product","2":"type-product","3":"status-publish","4":"has-post-thumbnail","6":"product_cat-gurtel","7":"product_cat-karate-gurtel","8":"product_tag-tokaido-de","9":"pa_size-245-25","10":"pa_size-255-30","11":"pa_size-265-35","12":"pa_size-275-40","13":"pa_size-285-45","14":"pa_size-295-50","15":"pa_size-305-55","16":"pa_size-315-60","17":"pa_size-325-65","18":"pa_size-335-70","19":"pa_size-345-75","20":"pa_size-355-80","21":"sport-karate","23":"first","24":"instock","25":"taxable","26":"shipping-taxable","27":"purchasable","28":"product-type-variable"},"yoast_head":"<!-- This site is optimized with the Yoast SEO plugin v27.2 - https:\/\/yoast.com\/product\/yoast-seo-wordpress\/ -->\n<title>Tokaido Karate Wettkampfg\u00fcrtel blau - WKF | Daisho Kampfk\u00fcnste<\/title>\n<meta name=\"description\" content=\"Entdecken Sie den blauen Wettkampfg\u00fcrtel f\u00fcr Karate-Praktizierende, der ab sofort auf unserer Website www.daisho.be|Daisho erh\u00e4ltlich ist.\" \/>\n<meta name=\"robots\" content=\"index, follow, max-snippet:-1, max-image-preview:large, max-video-preview:-1\" \/>\n<link rel=\"canonical\" href=\"https:\/\/www.daisho.be\/de\/produit\/karate-wettkampfguertel-tokaido-blau-wkf\/\" \/>\n<meta property=\"og:locale\" content=\"de_DE\" \/>\n<meta property=\"og:type\" content=\"article\" \/>\n<meta property=\"og:title\" content=\"Tokaido Karate Wettkampfg\u00fcrtel blau - WKF | Daisho Kampfk\u00fcnste\" \/>\n<meta property=\"og:description\" content=\"Entdecken Sie den blauen Wettkampfg\u00fcrtel f\u00fcr Karate-Praktizierende, der ab sofort auf unserer Website www.daisho.be|Daisho erh\u00e4ltlich ist.\" \/>\n<meta property=\"og:url\" content=\"https:\/\/www.daisho.be\/de\/produit\/karate-wettkampfguertel-tokaido-blau-wkf\/\" \/>\n<meta property=\"og:site_name\" content=\"Daisho\" \/>\n<meta property=\"article:modified_time\" content=\"2025-10-09T11:44:18+00:00\" \/>\n<meta property=\"og:image\" content=\"https:\/\/www.daisho.be\/wp-content\/uploads\/2023\/09\/image-14.jpg\" \/>\n\t<meta property=\"og:image:width\" content=\"800\" \/>\n\t<meta property=\"og:image:height\" content=\"1280\" \/>\n\t<meta property=\"og:image:type\" content=\"image\/jpeg\" \/>\n<meta name=\"twitter:card\" content=\"summary_large_image\" \/>\n<script type=\"application\/ld+json\" class=\"yoast-schema-graph\">{\"@context\":\"https:\/\/schema.org\",\"@graph\":[{\"@type\":\"WebPage\",\"@id\":\"https:\/\/www.daisho.be\/de\/produit\/karate-wettkampfguertel-tokaido-blau-wkf\/\",\"url\":\"https:\/\/www.daisho.be\/de\/produit\/karate-wettkampfguertel-tokaido-blau-wkf\/\",\"name\":\"Tokaido Karate Wettkampfg\u00fcrtel blau - WKF | Daisho Kampfk\u00fcnste\",\"isPartOf\":{\"@id\":\"https:\/\/www.daisho.be\/de\/#website\"},\"primaryImageOfPage\":{\"@id\":\"https:\/\/www.daisho.be\/de\/produit\/karate-wettkampfguertel-tokaido-blau-wkf\/#primaryimage\"},\"image\":{\"@id\":\"https:\/\/www.daisho.be\/de\/produit\/karate-wettkampfguertel-tokaido-blau-wkf\/#primaryimage\"},\"thumbnailUrl\":\"https:\/\/www.daisho.be\/wp-content\/uploads\/2023\/09\/image-14.jpg\",\"datePublished\":\"2019-09-16T08:04:35+00:00\",\"dateModified\":\"2025-10-09T11:44:18+00:00\",\"description\":\"Entdecken Sie den blauen Wettkampfg\u00fcrtel f\u00fcr Karate-Praktizierende, der ab sofort auf unserer Website www.daisho.be|Daisho erh\u00e4ltlich ist.\",\"breadcrumb\":{\"@id\":\"https:\/\/www.daisho.be\/de\/produit\/karate-wettkampfguertel-tokaido-blau-wkf\/#breadcrumb\"},\"inLanguage\":\"de\",\"potentialAction\":[{\"@type\":\"ReadAction\",\"target\":[\"https:\/\/www.daisho.be\/de\/produit\/karate-wettkampfguertel-tokaido-blau-wkf\/\"]}]},{\"@type\":\"ImageObject\",\"inLanguage\":\"de\",\"@id\":\"https:\/\/www.daisho.be\/de\/produit\/karate-wettkampfguertel-tokaido-blau-wkf\/#primaryimage\",\"url\":\"https:\/\/www.daisho.be\/wp-content\/uploads\/2023\/09\/image-14.jpg\",\"contentUrl\":\"https:\/\/www.daisho.be\/wp-content\/uploads\/2023\/09\/image-14.jpg\",\"width\":800,\"height\":1280,\"caption\":\"KARATE-WETTKAMPFG\u00dcRTEL TOKAIDO BLAU - WKF-1\"},{\"@type\":\"BreadcrumbList\",\"@id\":\"https:\/\/www.daisho.be\/de\/produit\/karate-wettkampfguertel-tokaido-blau-wkf\/#breadcrumb\",\"itemListElement\":[{\"@type\":\"ListItem\",\"position\":1,\"name\":\"Accueil\",\"item\":\"https:\/\/www.daisho.be\/de\/\"},{\"@type\":\"ListItem\",\"position\":2,\"name\":\"Produkte\",\"item\":\"https:\/\/www.daisho.be\/de\/produkte\/\"},{\"@type\":\"ListItem\",\"position\":3,\"name\":\"Ausr\u00fcstung und Kleidung f\u00fcr Kampfkunst und Kampfsport\",\"item\":\"https:\/\/www.daisho.be\/de\/categorie-produit\/ausrustung-und-kleidung-fur-kampfkunst-und-kampfsport\/\"},{\"@type\":\"ListItem\",\"position\":4,\"name\":\"Karate\",\"item\":\"https:\/\/www.daisho.be\/de\/categorie-produit\/ausrustung-und-kleidung-fur-kampfkunst-und-kampfsport\/karate-de-2\/\"},{\"@type\":\"ListItem\",\"position\":5,\"name\":\"Karate-G\u00fcrtel\",\"item\":\"https:\/\/www.daisho.be\/de\/categorie-produit\/ausrustung-und-kleidung-fur-kampfkunst-und-kampfsport\/karate-de-2\/karate-gurtel\/\"},{\"@type\":\"ListItem\",\"position\":6,\"name\":\"KARATE-WETTKAMPFG\u00dcRTEL TOKAIDO BLAU &#8211; WKF\"}]},{\"@type\":\"WebSite\",\"@id\":\"https:\/\/www.daisho.be\/de\/#website\",\"url\":\"https:\/\/www.daisho.be\/de\/\",\"name\":\"Daisho\",\"description\":\"Sp&eacute;cialiste de l'&eacute;quipement sportif d'arts martiaux\",\"publisher\":{\"@id\":\"https:\/\/www.daisho.be\/de\/#organization\"},\"potentialAction\":[{\"@type\":\"SearchAction\",\"target\":{\"@type\":\"EntryPoint\",\"urlTemplate\":\"https:\/\/www.daisho.be\/de\/?s={search_term_string}\"},\"query-input\":{\"@type\":\"PropertyValueSpecification\",\"valueRequired\":true,\"valueName\":\"search_term_string\"}}],\"inLanguage\":\"de\"},{\"@type\":\"Organization\",\"@id\":\"https:\/\/www.daisho.be\/de\/#organization\",\"name\":\"Daisho\",\"url\":\"https:\/\/www.daisho.be\/de\/\",\"logo\":{\"@type\":\"ImageObject\",\"inLanguage\":\"de\",\"@id\":\"https:\/\/www.daisho.be\/de\/#\/schema\/logo\/image\/\",\"url\":\"https:\/\/www.daisho.be\/wp-content\/uploads\/2019\/07\/color-nothing-horizontale4x-e1564486100247.png\",\"contentUrl\":\"https:\/\/www.daisho.be\/wp-content\/uploads\/2019\/07\/color-nothing-horizontale4x-e1564486100247.png\",\"width\":1547,\"height\":385,\"caption\":\"Daisho\"},\"image\":{\"@id\":\"https:\/\/www.daisho.be\/de\/#\/schema\/logo\/image\/\"}}]}<\/script>\n<!-- \/ Yoast SEO plugin. -->","yoast_head_json":{"title":"Tokaido Karate Wettkampfg\u00fcrtel blau - WKF | Daisho Kampfk\u00fcnste","description":"Entdecken Sie den blauen Wettkampfg\u00fcrtel f\u00fcr Karate-Praktizierende, der ab sofort auf unserer Website www.daisho.be|Daisho erh\u00e4ltlich ist.","robots":{"index":"index","follow":"follow","max-snippet":"max-snippet:-1","max-image-preview":"max-image-preview:large","max-video-preview":"max-video-preview:-1"},"canonical":"https:\/\/www.daisho.be\/de\/produit\/karate-wettkampfguertel-tokaido-blau-wkf\/","og_locale":"de_DE","og_type":"article","og_title":"Tokaido Karate Wettkampfg\u00fcrtel blau - WKF | Daisho Kampfk\u00fcnste","og_description":"Entdecken Sie den blauen Wettkampfg\u00fcrtel f\u00fcr Karate-Praktizierende, der ab sofort auf unserer Website www.daisho.be|Daisho erh\u00e4ltlich ist.","og_url":"https:\/\/www.daisho.be\/de\/produit\/karate-wettkampfguertel-tokaido-blau-wkf\/","og_site_name":"Daisho","article_modified_time":"2025-10-09T11:44:18+00:00","og_image":[{"width":800,"height":1280,"url":"https:\/\/www.daisho.be\/wp-content\/uploads\/2023\/09\/image-14.jpg","type":"image\/jpeg"}],"twitter_card":"summary_large_image","schema":{"@context":"https:\/\/schema.org","@graph":[{"@type":"WebPage","@id":"https:\/\/www.daisho.be\/de\/produit\/karate-wettkampfguertel-tokaido-blau-wkf\/","url":"https:\/\/www.daisho.be\/de\/produit\/karate-wettkampfguertel-tokaido-blau-wkf\/","name":"Tokaido Karate Wettkampfg\u00fcrtel blau - WKF | Daisho Kampfk\u00fcnste","isPartOf":{"@id":"https:\/\/www.daisho.be\/de\/#website"},"primaryImageOfPage":{"@id":"https:\/\/www.daisho.be\/de\/produit\/karate-wettkampfguertel-tokaido-blau-wkf\/#primaryimage"},"image":{"@id":"https:\/\/www.daisho.be\/de\/produit\/karate-wettkampfguertel-tokaido-blau-wkf\/#primaryimage"},"thumbnailUrl":"https:\/\/www.daisho.be\/wp-content\/uploads\/2023\/09\/image-14.jpg","datePublished":"2019-09-16T08:04:35+00:00","dateModified":"2025-10-09T11:44:18+00:00","description":"Entdecken Sie den blauen Wettkampfg\u00fcrtel f\u00fcr Karate-Praktizierende, der ab sofort auf unserer Website www.daisho.be|Daisho erh\u00e4ltlich ist.","breadcrumb":{"@id":"https:\/\/www.daisho.be\/de\/produit\/karate-wettkampfguertel-tokaido-blau-wkf\/#breadcrumb"},"inLanguage":"de","potentialAction":[{"@type":"ReadAction","target":["https:\/\/www.daisho.be\/de\/produit\/karate-wettkampfguertel-tokaido-blau-wkf\/"]}]},{"@type":"ImageObject","inLanguage":"de","@id":"https:\/\/www.daisho.be\/de\/produit\/karate-wettkampfguertel-tokaido-blau-wkf\/#primaryimage","url":"https:\/\/www.daisho.be\/wp-content\/uploads\/2023\/09\/image-14.jpg","contentUrl":"https:\/\/www.daisho.be\/wp-content\/uploads\/2023\/09\/image-14.jpg","width":800,"height":1280,"caption":"KARATE-WETTKAMPFG\u00dcRTEL TOKAIDO BLAU - WKF-1"},{"@type":"BreadcrumbList","@id":"https:\/\/www.daisho.be\/de\/produit\/karate-wettkampfguertel-tokaido-blau-wkf\/#breadcrumb","itemListElement":[{"@type":"ListItem","position":1,"name":"Accueil","item":"https:\/\/www.daisho.be\/de\/"},{"@type":"ListItem","position":2,"name":"Produkte","item":"https:\/\/www.daisho.be\/de\/produkte\/"},{"@type":"ListItem","position":3,"name":"Ausr\u00fcstung und Kleidung f\u00fcr Kampfkunst und Kampfsport","item":"https:\/\/www.daisho.be\/de\/categorie-produit\/ausrustung-und-kleidung-fur-kampfkunst-und-kampfsport\/"},{"@type":"ListItem","position":4,"name":"Karate","item":"https:\/\/www.daisho.be\/de\/categorie-produit\/ausrustung-und-kleidung-fur-kampfkunst-und-kampfsport\/karate-de-2\/"},{"@type":"ListItem","position":5,"name":"Karate-G\u00fcrtel","item":"https:\/\/www.daisho.be\/de\/categorie-produit\/ausrustung-und-kleidung-fur-kampfkunst-und-kampfsport\/karate-de-2\/karate-gurtel\/"},{"@type":"ListItem","position":6,"name":"KARATE-WETTKAMPFG\u00dcRTEL TOKAIDO BLAU &#8211; WKF"}]},{"@type":"WebSite","@id":"https:\/\/www.daisho.be\/de\/#website","url":"https:\/\/www.daisho.be\/de\/","name":"Daisho","description":"Sp&eacute;cialiste de l'&eacute;quipement sportif d'arts martiaux","publisher":{"@id":"https:\/\/www.daisho.be\/de\/#organization"},"potentialAction":[{"@type":"SearchAction","target":{"@type":"EntryPoint","urlTemplate":"https:\/\/www.daisho.be\/de\/?s={search_term_string}"},"query-input":{"@type":"PropertyValueSpecification","valueRequired":true,"valueName":"search_term_string"}}],"inLanguage":"de"},{"@type":"Organization","@id":"https:\/\/www.daisho.be\/de\/#organization","name":"Daisho","url":"https:\/\/www.daisho.be\/de\/","logo":{"@type":"ImageObject","inLanguage":"de","@id":"https:\/\/www.daisho.be\/de\/#\/schema\/logo\/image\/","url":"https:\/\/www.daisho.be\/wp-content\/uploads\/2019\/07\/color-nothing-horizontale4x-e1564486100247.png","contentUrl":"https:\/\/www.daisho.be\/wp-content\/uploads\/2019\/07\/color-nothing-horizontale4x-e1564486100247.png","width":1547,"height":385,"caption":"Daisho"},"image":{"@id":"https:\/\/www.daisho.be\/de\/#\/schema\/logo\/image\/"}}]}},"_links":{"self":[{"href":"https:\/\/www.daisho.be\/de\/wp-json\/wp\/v2\/product\/450032","targetHints":{"allow":["GET"]}}],"collection":[{"href":"https:\/\/www.daisho.be\/de\/wp-json\/wp\/v2\/product"}],"about":[{"href":"https:\/\/www.daisho.be\/de\/wp-json\/wp\/v2\/types\/product"}],"replies":[{"embeddable":true,"href":"https:\/\/www.daisho.be\/de\/wp-json\/wp\/v2\/comments?post=450032"}],"wp:featuredmedia":[{"embeddable":true,"href":"https:\/\/www.daisho.be\/de\/wp-json\/wp\/v2\/media\/450033"}],"wp:attachment":[{"href":"https:\/\/www.daisho.be\/de\/wp-json\/wp\/v2\/media?parent=450032"}],"wp:term":[{"taxonomy":"product_brand","embeddable":true,"href":"https:\/\/www.daisho.be\/de\/wp-json\/wp\/v2\/product_brand?post=450032"},{"taxonomy":"product_cat","embeddable":true,"href":"https:\/\/www.daisho.be\/de\/wp-json\/wp\/v2\/product_cat?post=450032"},{"taxonomy":"product_tag","embeddable":true,"href":"https:\/\/www.daisho.be\/de\/wp-json\/wp\/v2\/product_tag?post=450032"},{"taxonomy":"sport","embeddable":true,"href":"https:\/\/www.daisho.be\/de\/wp-json\/wp\/v2\/sport?post=450032"}],"curies":[{"name":"wp","href":"https:\/\/api.w.org\/{rel}","templated":true}]}}