{"id":449928,"date":"2019-09-16T10:05:22","date_gmt":"2019-09-16T08:05:22","guid":{"rendered":"https:\/\/www.daisho.be\/produit\/schwarzer-tokaido-guertel-aus-baumwolle\/"},"modified":"2026-03-31T16:11:41","modified_gmt":"2026-03-31T14:11:41","slug":"schwarzer-tokaido-guertel-aus-baumwolle","status":"publish","type":"product","link":"https:\/\/www.daisho.be\/de\/produit\/schwarzer-tokaido-guertel-aus-baumwolle\/","title":{"rendered":"SCHWARZER TOKAIDO-G\u00dcRTEL AUS BAUMWOLLE"},"content":{"rendered":"<p>Schwarzer Karateg\u00fcrtel von Tokaido.<br \/>\nDie Breite von 4,5 cm und die matte Baumwolle garantieren einen guten Sitz und ein w\u00fcrdiges Aussehen f\u00fcr den fortgeschrittenen Praktizierenden. <\/p>\n<p>Eigenschaften:<br \/>\n&#8211; 11 N\u00e4hte,<br \/>\n&#8211; mattschwarz,<br \/>\n&#8211; leicht zu binden,<br \/>\n&#8211; hohe Qualit\u00e4t,<br \/>\n&#8211; Etikett mit offiziellem &#8222;In-Yo&#8220;-Logo,<br \/>\n&#8211; Breite: ca. 4,5 cm,<br \/>\n&#8211; Material: 100% Baumwolle. <\/p>\n","protected":false},"excerpt":{"rendered":"<p>Schwarzer Karateg\u00fcrtel von Tokaido. Die Breite von 4,5 cm und die matte Baumwolle garantieren einen guten Sitz und ein w\u00fcrdiges Aussehen f\u00fcr den fortgeschrittenen Praktizierenden. Eigenschaften: &#8211; 11 N\u00e4hte, &#8211; mattschwarz, &#8211; leicht zu binden, &#8211; hohe Qualit\u00e4t, &#8211; Etikett mit offiziellem &#8222;In-Yo&#8220;-Logo, &#8211; Breite: ca. 4,5 cm, &#8211; Material: 100% Baumwolle.<\/p>\n","protected":false},"featured_media":449931,"comment_status":"open","ping_status":"closed","template":"","meta":{"inline_featured_image":false},"product_brand":[],"product_cat":[2108,2104,2066],"product_tag":[2004],"sport":[73],"class_list":{"0":"post-449928","1":"product","2":"type-product","3":"status-publish","4":"has-post-thumbnail","6":"product_cat-aikido-gurtel","7":"product_cat-gurtel","8":"product_cat-karate-gurtel","9":"product_tag-tokaido-de","10":"pa_size-255-30","11":"pa_size-265-35","12":"pa_size-275-40","13":"pa_size-285-45","14":"pa_size-295-50","15":"pa_size-305-55","16":"pa_size-315-60","17":"pa_size-325-65","18":"pa_size-335-70","19":"pa_size-345-75","20":"pa_size-355-80","21":"sport-karate","23":"first","24":"instock","25":"taxable","26":"shipping-taxable","27":"purchasable","28":"product-type-variable"},"yoast_head":"<!-- This site is optimized with the Yoast SEO plugin v27.2 - https:\/\/yoast.com\/product\/yoast-seo-wordpress\/ -->\n<title>Schwarzer G\u00fcrtel Tokaido aus Baumwolle | Kampfsportmaterial bei Daisho<\/title>\n<meta name=\"description\" content=\"Brauchen Sie einen schwarzen Karateg\u00fcrtel aus Japan? Finden Sie ihn jetzt auf unserer Website www.Daisho.be|Daisho.\" \/>\n<meta name=\"robots\" content=\"index, follow, max-snippet:-1, max-image-preview:large, max-video-preview:-1\" \/>\n<link rel=\"canonical\" href=\"https:\/\/www.daisho.be\/de\/produit\/schwarzer-tokaido-guertel-aus-baumwolle\/\" \/>\n<meta property=\"og:locale\" content=\"de_DE\" \/>\n<meta property=\"og:type\" content=\"article\" \/>\n<meta property=\"og:title\" content=\"Schwarzer G\u00fcrtel Tokaido aus Baumwolle | Kampfsportmaterial bei Daisho\" \/>\n<meta property=\"og:description\" content=\"Brauchen Sie einen schwarzen Karateg\u00fcrtel aus Japan? Finden Sie ihn jetzt auf unserer Website www.Daisho.be|Daisho.\" \/>\n<meta property=\"og:url\" content=\"https:\/\/www.daisho.be\/de\/produit\/schwarzer-tokaido-guertel-aus-baumwolle\/\" \/>\n<meta property=\"og:site_name\" content=\"Daisho\" \/>\n<meta property=\"article:modified_time\" content=\"2026-03-31T14:11:41+00:00\" \/>\n<meta property=\"og:image\" content=\"https:\/\/www.daisho.be\/wp-content\/uploads\/2023\/07\/image-53.jpg\" \/>\n\t<meta property=\"og:image:width\" content=\"1359\" \/>\n\t<meta property=\"og:image:height\" content=\"1920\" \/>\n\t<meta property=\"og:image:type\" content=\"image\/jpeg\" \/>\n<meta name=\"twitter:card\" content=\"summary_large_image\" \/>\n<script type=\"application\/ld+json\" class=\"yoast-schema-graph\">{\"@context\":\"https:\/\/schema.org\",\"@graph\":[{\"@type\":\"WebPage\",\"@id\":\"https:\/\/www.daisho.be\/de\/produit\/schwarzer-tokaido-guertel-aus-baumwolle\/\",\"url\":\"https:\/\/www.daisho.be\/de\/produit\/schwarzer-tokaido-guertel-aus-baumwolle\/\",\"name\":\"Schwarzer G\u00fcrtel Tokaido aus Baumwolle | Kampfsportmaterial bei Daisho\",\"isPartOf\":{\"@id\":\"https:\/\/www.daisho.be\/de\/#website\"},\"primaryImageOfPage\":{\"@id\":\"https:\/\/www.daisho.be\/de\/produit\/schwarzer-tokaido-guertel-aus-baumwolle\/#primaryimage\"},\"image\":{\"@id\":\"https:\/\/www.daisho.be\/de\/produit\/schwarzer-tokaido-guertel-aus-baumwolle\/#primaryimage\"},\"thumbnailUrl\":\"https:\/\/www.daisho.be\/wp-content\/uploads\/2023\/07\/image-53.jpg\",\"datePublished\":\"2019-09-16T08:05:22+00:00\",\"dateModified\":\"2026-03-31T14:11:41+00:00\",\"description\":\"Brauchen Sie einen schwarzen Karateg\u00fcrtel aus Japan? Finden Sie ihn jetzt auf unserer Website www.Daisho.be|Daisho.\",\"breadcrumb\":{\"@id\":\"https:\/\/www.daisho.be\/de\/produit\/schwarzer-tokaido-guertel-aus-baumwolle\/#breadcrumb\"},\"inLanguage\":\"de\",\"potentialAction\":[{\"@type\":\"ReadAction\",\"target\":[\"https:\/\/www.daisho.be\/de\/produit\/schwarzer-tokaido-guertel-aus-baumwolle\/\"]}]},{\"@type\":\"ImageObject\",\"inLanguage\":\"de\",\"@id\":\"https:\/\/www.daisho.be\/de\/produit\/schwarzer-tokaido-guertel-aus-baumwolle\/#primaryimage\",\"url\":\"https:\/\/www.daisho.be\/wp-content\/uploads\/2023\/07\/image-53.jpg\",\"contentUrl\":\"https:\/\/www.daisho.be\/wp-content\/uploads\/2023\/07\/image-53.jpg\",\"width\":1359,\"height\":1920,\"caption\":\"TOKAIDO-SCHWARZGURT IN BAUMWOLLE-1\"},{\"@type\":\"BreadcrumbList\",\"@id\":\"https:\/\/www.daisho.be\/de\/produit\/schwarzer-tokaido-guertel-aus-baumwolle\/#breadcrumb\",\"itemListElement\":[{\"@type\":\"ListItem\",\"position\":1,\"name\":\"Accueil\",\"item\":\"https:\/\/www.daisho.be\/de\/\"},{\"@type\":\"ListItem\",\"position\":2,\"name\":\"Produkte\",\"item\":\"https:\/\/www.daisho.be\/de\/produkte\/\"},{\"@type\":\"ListItem\",\"position\":3,\"name\":\"Ausr\u00fcstung und Kleidung f\u00fcr Kampfkunst und Kampfsport\",\"item\":\"https:\/\/www.daisho.be\/de\/categorie-produit\/ausrustung-und-kleidung-fur-kampfkunst-und-kampfsport\/\"},{\"@type\":\"ListItem\",\"position\":4,\"name\":\"A\u00efkido\",\"item\":\"https:\/\/www.daisho.be\/de\/categorie-produit\/ausrustung-und-kleidung-fur-kampfkunst-und-kampfsport\/aikido-de\/\"},{\"@type\":\"ListItem\",\"position\":5,\"name\":\"Aikido-G\u00fcrtel\",\"item\":\"https:\/\/www.daisho.be\/de\/categorie-produit\/ausrustung-und-kleidung-fur-kampfkunst-und-kampfsport\/aikido-de\/aikido-gurtel\/\"},{\"@type\":\"ListItem\",\"position\":6,\"name\":\"SCHWARZER TOKAIDO-G\u00dcRTEL AUS BAUMWOLLE\"}]},{\"@type\":\"WebSite\",\"@id\":\"https:\/\/www.daisho.be\/de\/#website\",\"url\":\"https:\/\/www.daisho.be\/de\/\",\"name\":\"Daisho\",\"description\":\"Sp&eacute;cialiste de l'&eacute;quipement sportif d'arts martiaux\",\"publisher\":{\"@id\":\"https:\/\/www.daisho.be\/de\/#organization\"},\"potentialAction\":[{\"@type\":\"SearchAction\",\"target\":{\"@type\":\"EntryPoint\",\"urlTemplate\":\"https:\/\/www.daisho.be\/de\/?s={search_term_string}\"},\"query-input\":{\"@type\":\"PropertyValueSpecification\",\"valueRequired\":true,\"valueName\":\"search_term_string\"}}],\"inLanguage\":\"de\"},{\"@type\":\"Organization\",\"@id\":\"https:\/\/www.daisho.be\/de\/#organization\",\"name\":\"Daisho\",\"url\":\"https:\/\/www.daisho.be\/de\/\",\"logo\":{\"@type\":\"ImageObject\",\"inLanguage\":\"de\",\"@id\":\"https:\/\/www.daisho.be\/de\/#\/schema\/logo\/image\/\",\"url\":\"https:\/\/www.daisho.be\/wp-content\/uploads\/2019\/07\/color-nothing-horizontale4x-e1564486100247.png\",\"contentUrl\":\"https:\/\/www.daisho.be\/wp-content\/uploads\/2019\/07\/color-nothing-horizontale4x-e1564486100247.png\",\"width\":1547,\"height\":385,\"caption\":\"Daisho\"},\"image\":{\"@id\":\"https:\/\/www.daisho.be\/de\/#\/schema\/logo\/image\/\"}}]}<\/script>\n<!-- \/ Yoast SEO plugin. -->","yoast_head_json":{"title":"Schwarzer G\u00fcrtel Tokaido aus Baumwolle | Kampfsportmaterial bei Daisho","description":"Brauchen Sie einen schwarzen Karateg\u00fcrtel aus Japan? Finden Sie ihn jetzt auf unserer Website www.Daisho.be|Daisho.","robots":{"index":"index","follow":"follow","max-snippet":"max-snippet:-1","max-image-preview":"max-image-preview:large","max-video-preview":"max-video-preview:-1"},"canonical":"https:\/\/www.daisho.be\/de\/produit\/schwarzer-tokaido-guertel-aus-baumwolle\/","og_locale":"de_DE","og_type":"article","og_title":"Schwarzer G\u00fcrtel Tokaido aus Baumwolle | Kampfsportmaterial bei Daisho","og_description":"Brauchen Sie einen schwarzen Karateg\u00fcrtel aus Japan? Finden Sie ihn jetzt auf unserer Website www.Daisho.be|Daisho.","og_url":"https:\/\/www.daisho.be\/de\/produit\/schwarzer-tokaido-guertel-aus-baumwolle\/","og_site_name":"Daisho","article_modified_time":"2026-03-31T14:11:41+00:00","og_image":[{"width":1359,"height":1920,"url":"https:\/\/www.daisho.be\/wp-content\/uploads\/2023\/07\/image-53.jpg","type":"image\/jpeg"}],"twitter_card":"summary_large_image","schema":{"@context":"https:\/\/schema.org","@graph":[{"@type":"WebPage","@id":"https:\/\/www.daisho.be\/de\/produit\/schwarzer-tokaido-guertel-aus-baumwolle\/","url":"https:\/\/www.daisho.be\/de\/produit\/schwarzer-tokaido-guertel-aus-baumwolle\/","name":"Schwarzer G\u00fcrtel Tokaido aus Baumwolle | Kampfsportmaterial bei Daisho","isPartOf":{"@id":"https:\/\/www.daisho.be\/de\/#website"},"primaryImageOfPage":{"@id":"https:\/\/www.daisho.be\/de\/produit\/schwarzer-tokaido-guertel-aus-baumwolle\/#primaryimage"},"image":{"@id":"https:\/\/www.daisho.be\/de\/produit\/schwarzer-tokaido-guertel-aus-baumwolle\/#primaryimage"},"thumbnailUrl":"https:\/\/www.daisho.be\/wp-content\/uploads\/2023\/07\/image-53.jpg","datePublished":"2019-09-16T08:05:22+00:00","dateModified":"2026-03-31T14:11:41+00:00","description":"Brauchen Sie einen schwarzen Karateg\u00fcrtel aus Japan? Finden Sie ihn jetzt auf unserer Website www.Daisho.be|Daisho.","breadcrumb":{"@id":"https:\/\/www.daisho.be\/de\/produit\/schwarzer-tokaido-guertel-aus-baumwolle\/#breadcrumb"},"inLanguage":"de","potentialAction":[{"@type":"ReadAction","target":["https:\/\/www.daisho.be\/de\/produit\/schwarzer-tokaido-guertel-aus-baumwolle\/"]}]},{"@type":"ImageObject","inLanguage":"de","@id":"https:\/\/www.daisho.be\/de\/produit\/schwarzer-tokaido-guertel-aus-baumwolle\/#primaryimage","url":"https:\/\/www.daisho.be\/wp-content\/uploads\/2023\/07\/image-53.jpg","contentUrl":"https:\/\/www.daisho.be\/wp-content\/uploads\/2023\/07\/image-53.jpg","width":1359,"height":1920,"caption":"TOKAIDO-SCHWARZGURT IN BAUMWOLLE-1"},{"@type":"BreadcrumbList","@id":"https:\/\/www.daisho.be\/de\/produit\/schwarzer-tokaido-guertel-aus-baumwolle\/#breadcrumb","itemListElement":[{"@type":"ListItem","position":1,"name":"Accueil","item":"https:\/\/www.daisho.be\/de\/"},{"@type":"ListItem","position":2,"name":"Produkte","item":"https:\/\/www.daisho.be\/de\/produkte\/"},{"@type":"ListItem","position":3,"name":"Ausr\u00fcstung und Kleidung f\u00fcr Kampfkunst und Kampfsport","item":"https:\/\/www.daisho.be\/de\/categorie-produit\/ausrustung-und-kleidung-fur-kampfkunst-und-kampfsport\/"},{"@type":"ListItem","position":4,"name":"A\u00efkido","item":"https:\/\/www.daisho.be\/de\/categorie-produit\/ausrustung-und-kleidung-fur-kampfkunst-und-kampfsport\/aikido-de\/"},{"@type":"ListItem","position":5,"name":"Aikido-G\u00fcrtel","item":"https:\/\/www.daisho.be\/de\/categorie-produit\/ausrustung-und-kleidung-fur-kampfkunst-und-kampfsport\/aikido-de\/aikido-gurtel\/"},{"@type":"ListItem","position":6,"name":"SCHWARZER TOKAIDO-G\u00dcRTEL AUS BAUMWOLLE"}]},{"@type":"WebSite","@id":"https:\/\/www.daisho.be\/de\/#website","url":"https:\/\/www.daisho.be\/de\/","name":"Daisho","description":"Sp&eacute;cialiste de l'&eacute;quipement sportif d'arts martiaux","publisher":{"@id":"https:\/\/www.daisho.be\/de\/#organization"},"potentialAction":[{"@type":"SearchAction","target":{"@type":"EntryPoint","urlTemplate":"https:\/\/www.daisho.be\/de\/?s={search_term_string}"},"query-input":{"@type":"PropertyValueSpecification","valueRequired":true,"valueName":"search_term_string"}}],"inLanguage":"de"},{"@type":"Organization","@id":"https:\/\/www.daisho.be\/de\/#organization","name":"Daisho","url":"https:\/\/www.daisho.be\/de\/","logo":{"@type":"ImageObject","inLanguage":"de","@id":"https:\/\/www.daisho.be\/de\/#\/schema\/logo\/image\/","url":"https:\/\/www.daisho.be\/wp-content\/uploads\/2019\/07\/color-nothing-horizontale4x-e1564486100247.png","contentUrl":"https:\/\/www.daisho.be\/wp-content\/uploads\/2019\/07\/color-nothing-horizontale4x-e1564486100247.png","width":1547,"height":385,"caption":"Daisho"},"image":{"@id":"https:\/\/www.daisho.be\/de\/#\/schema\/logo\/image\/"}}]}},"_links":{"self":[{"href":"https:\/\/www.daisho.be\/de\/wp-json\/wp\/v2\/product\/449928","targetHints":{"allow":["GET"]}}],"collection":[{"href":"https:\/\/www.daisho.be\/de\/wp-json\/wp\/v2\/product"}],"about":[{"href":"https:\/\/www.daisho.be\/de\/wp-json\/wp\/v2\/types\/product"}],"replies":[{"embeddable":true,"href":"https:\/\/www.daisho.be\/de\/wp-json\/wp\/v2\/comments?post=449928"}],"wp:featuredmedia":[{"embeddable":true,"href":"https:\/\/www.daisho.be\/de\/wp-json\/wp\/v2\/media\/449931"}],"wp:attachment":[{"href":"https:\/\/www.daisho.be\/de\/wp-json\/wp\/v2\/media?parent=449928"}],"wp:term":[{"taxonomy":"product_brand","embeddable":true,"href":"https:\/\/www.daisho.be\/de\/wp-json\/wp\/v2\/product_brand?post=449928"},{"taxonomy":"product_cat","embeddable":true,"href":"https:\/\/www.daisho.be\/de\/wp-json\/wp\/v2\/product_cat?post=449928"},{"taxonomy":"product_tag","embeddable":true,"href":"https:\/\/www.daisho.be\/de\/wp-json\/wp\/v2\/product_tag?post=449928"},{"taxonomy":"sport","embeddable":true,"href":"https:\/\/www.daisho.be\/de\/wp-json\/wp\/v2\/sport?post=449928"}],"curies":[{"name":"wp","href":"https:\/\/api.w.org\/{rel}","templated":true}]}}