{"id":449868,"date":"2019-09-16T10:06:49","date_gmt":"2019-09-16T08:06:49","guid":{"rendered":"https:\/\/www.daisho.be\/produit\/schnelligkeitspuppe-rot\/"},"modified":"2026-03-05T10:03:24","modified_gmt":"2026-03-05T09:03:24","slug":"schnelligkeitspuppe-rot","status":"publish","type":"product","link":"https:\/\/www.daisho.be\/de\/produit\/schnelligkeitspuppe-rot\/","title":{"rendered":"SCHNELLIGKEITSPUPPE ROT"},"content":{"rendered":"<p>Diese Geschwindigkeitspuppe wurde speziell f\u00fcr das Training der Effizienz und Schnelligkeit von Wurftechniken in verschiedenen Kampfsportarten wie Judo, Ju-Jutsu, MMA und anderen entwickelt.<\/p>\n<p>Hergestellt aus hochwertigem faserverst\u00e4rktem Vinyl.  <\/p>\n<p>Die N\u00e4hte sind mehrfach vern\u00e4ht und extra verst\u00e4rkt.<\/p>\n<p>Schindeln und Gewichte :<\/p>\n<p>XS = 11 kg \/ 130 cm<\/p>\n<p>S = 14 kg \/ 145 cm<\/p>\n<p>M = 17 kg \/ 160 cm<\/p>\n<p>L = 22 kg \/ 170 cm<\/p>\n<p>Transportkosten (Palette) sind dem Preis des Artikels hinzuzuf\u00fcgen.<\/p>\n","protected":false},"excerpt":{"rendered":"<p>Diese Geschwindigkeitspuppe wurde speziell f\u00fcr das Training der Effizienz und Schnelligkeit von Wurftechniken in verschiedenen Kampfsportarten wie Judo, Ju-Jutsu, MMA und anderen entwickelt. Hergestellt aus hochwertigem faserverst\u00e4rktem Vinyl. Die N\u00e4hte sind mehrfach vern\u00e4ht und extra verst\u00e4rkt. Schindeln und Gewichte : XS = 11 kg \/ 130 cm S = 14 kg \/ 145 cm M [&hellip;]<\/p>\n","protected":false},"featured_media":665995,"comment_status":"closed","ping_status":"closed","template":"","meta":{"inline_featured_image":false},"product_brand":[],"product_cat":[2100,2099,2054,2101],"product_tag":[2102],"sport":[74,430,78,431],"class_list":{"0":"post-449868","1":"product","2":"type-product","3":"status-publish","4":"has-post-thumbnail","6":"product_cat-mma-trainingsmaterial","7":"product_cat-trainingsmaterial-de","8":"product_cat-trainingsmaterial","9":"product_cat-trainingsmaterial-fur-jiu-jitsu","10":"product_tag-suples-de","11":"product_shipping_class-schwere-produkte","12":"pa_size-l","13":"pa_size-m","14":"pa_size-s","15":"pa_size-xs","16":"sport-jiu-jitsu","17":"sport-jiu-jitsu-bresilien","18":"sport-judo","19":"sport-mma","21":"first","22":"instock","23":"taxable","24":"shipping-taxable","25":"purchasable","26":"product-type-variable"},"yoast_head":"<!-- This site is optimized with the Yoast SEO plugin v27.2 - https:\/\/yoast.com\/product\/yoast-seo-wordpress\/ -->\n<title>SCHNELLIGKEITSPUPPE ROT &#8211; Daisho<\/title>\n<meta name=\"description\" content=\"Rote Schaufensterpuppe f\u00fcr das Training von Jiu-Jitsu und MMA Suples. Gr\u00f6\u00dfe L. Finden Sie ihn bei Daisho.\" \/>\n<meta name=\"robots\" content=\"index, follow, max-snippet:-1, max-image-preview:large, max-video-preview:-1\" \/>\n<link rel=\"canonical\" href=\"https:\/\/www.daisho.be\/de\/produit\/schnelligkeitspuppe-rot\/\" \/>\n<meta property=\"og:locale\" content=\"de_DE\" \/>\n<meta property=\"og:type\" content=\"article\" \/>\n<meta property=\"og:title\" content=\"SCHNELLIGKEITSPUPPE ROT &#8211; Daisho\" \/>\n<meta property=\"og:description\" content=\"Rote Schaufensterpuppe f\u00fcr das Training von Jiu-Jitsu und MMA Suples. Gr\u00f6\u00dfe L. Finden Sie ihn bei Daisho.\" \/>\n<meta property=\"og:url\" content=\"https:\/\/www.daisho.be\/de\/produit\/schnelligkeitspuppe-rot\/\" \/>\n<meta property=\"og:site_name\" content=\"Daisho\" \/>\n<meta property=\"article:modified_time\" content=\"2026-03-05T09:03:24+00:00\" \/>\n<meta property=\"og:image\" content=\"https:\/\/www.daisho.be\/wp-content\/uploads\/2026\/03\/image-16.jpg\" \/>\n\t<meta property=\"og:image:width\" content=\"510\" \/>\n\t<meta property=\"og:image:height\" content=\"720\" \/>\n\t<meta property=\"og:image:type\" content=\"image\/jpeg\" \/>\n<meta name=\"twitter:card\" content=\"summary_large_image\" \/>\n<script type=\"application\/ld+json\" class=\"yoast-schema-graph\">{\"@context\":\"https:\/\/schema.org\",\"@graph\":[{\"@type\":\"WebPage\",\"@id\":\"https:\/\/www.daisho.be\/de\/produit\/schnelligkeitspuppe-rot\/\",\"url\":\"https:\/\/www.daisho.be\/de\/produit\/schnelligkeitspuppe-rot\/\",\"name\":\"SCHNELLIGKEITSPUPPE ROT &#8211; Daisho\",\"isPartOf\":{\"@id\":\"https:\/\/www.daisho.be\/de\/#website\"},\"primaryImageOfPage\":{\"@id\":\"https:\/\/www.daisho.be\/de\/produit\/schnelligkeitspuppe-rot\/#primaryimage\"},\"image\":{\"@id\":\"https:\/\/www.daisho.be\/de\/produit\/schnelligkeitspuppe-rot\/#primaryimage\"},\"thumbnailUrl\":\"https:\/\/www.daisho.be\/wp-content\/uploads\/2026\/03\/image-16.jpg\",\"datePublished\":\"2019-09-16T08:06:49+00:00\",\"dateModified\":\"2026-03-05T09:03:24+00:00\",\"description\":\"Rote Schaufensterpuppe f\u00fcr das Training von Jiu-Jitsu und MMA Suples. Gr\u00f6\u00dfe L. Finden Sie ihn bei Daisho.\",\"breadcrumb\":{\"@id\":\"https:\/\/www.daisho.be\/de\/produit\/schnelligkeitspuppe-rot\/#breadcrumb\"},\"inLanguage\":\"de\",\"potentialAction\":[{\"@type\":\"ReadAction\",\"target\":[\"https:\/\/www.daisho.be\/de\/produit\/schnelligkeitspuppe-rot\/\"]}]},{\"@type\":\"ImageObject\",\"inLanguage\":\"de\",\"@id\":\"https:\/\/www.daisho.be\/de\/produit\/schnelligkeitspuppe-rot\/#primaryimage\",\"url\":\"https:\/\/www.daisho.be\/wp-content\/uploads\/2026\/03\/image-16.jpg\",\"contentUrl\":\"https:\/\/www.daisho.be\/wp-content\/uploads\/2026\/03\/image-16.jpg\",\"width\":510,\"height\":720,\"caption\":\"SCHNELLIGKEITSPUPPE ROT-1\"},{\"@type\":\"BreadcrumbList\",\"@id\":\"https:\/\/www.daisho.be\/de\/produit\/schnelligkeitspuppe-rot\/#breadcrumb\",\"itemListElement\":[{\"@type\":\"ListItem\",\"position\":1,\"name\":\"Accueil\",\"item\":\"https:\/\/www.daisho.be\/de\/\"},{\"@type\":\"ListItem\",\"position\":2,\"name\":\"Produkte\",\"item\":\"https:\/\/www.daisho.be\/de\/produkte\/\"},{\"@type\":\"ListItem\",\"position\":3,\"name\":\"Ausr\u00fcstung und Kleidung f\u00fcr Kampfkunst und Kampfsport\",\"item\":\"https:\/\/www.daisho.be\/de\/categorie-produit\/ausrustung-und-kleidung-fur-kampfkunst-und-kampfsport\/\"},{\"@type\":\"ListItem\",\"position\":4,\"name\":\"MMA\",\"item\":\"https:\/\/www.daisho.be\/de\/categorie-produit\/ausrustung-und-kleidung-fur-kampfkunst-und-kampfsport\/mma-de-2\/\"},{\"@type\":\"ListItem\",\"position\":5,\"name\":\"MMA-Trainingsmaterial\",\"item\":\"https:\/\/www.daisho.be\/de\/categorie-produit\/ausrustung-und-kleidung-fur-kampfkunst-und-kampfsport\/mma-de-2\/mma-trainingsmaterial\/\"},{\"@type\":\"ListItem\",\"position\":6,\"name\":\"SCHNELLIGKEITSPUPPE ROT\"}]},{\"@type\":\"WebSite\",\"@id\":\"https:\/\/www.daisho.be\/de\/#website\",\"url\":\"https:\/\/www.daisho.be\/de\/\",\"name\":\"Daisho\",\"description\":\"Sp&eacute;cialiste de l'&eacute;quipement sportif d'arts martiaux\",\"publisher\":{\"@id\":\"https:\/\/www.daisho.be\/de\/#organization\"},\"potentialAction\":[{\"@type\":\"SearchAction\",\"target\":{\"@type\":\"EntryPoint\",\"urlTemplate\":\"https:\/\/www.daisho.be\/de\/?s={search_term_string}\"},\"query-input\":{\"@type\":\"PropertyValueSpecification\",\"valueRequired\":true,\"valueName\":\"search_term_string\"}}],\"inLanguage\":\"de\"},{\"@type\":\"Organization\",\"@id\":\"https:\/\/www.daisho.be\/de\/#organization\",\"name\":\"Daisho\",\"url\":\"https:\/\/www.daisho.be\/de\/\",\"logo\":{\"@type\":\"ImageObject\",\"inLanguage\":\"de\",\"@id\":\"https:\/\/www.daisho.be\/de\/#\/schema\/logo\/image\/\",\"url\":\"https:\/\/www.daisho.be\/wp-content\/uploads\/2019\/07\/color-nothing-horizontale4x-e1564486100247.png\",\"contentUrl\":\"https:\/\/www.daisho.be\/wp-content\/uploads\/2019\/07\/color-nothing-horizontale4x-e1564486100247.png\",\"width\":1547,\"height\":385,\"caption\":\"Daisho\"},\"image\":{\"@id\":\"https:\/\/www.daisho.be\/de\/#\/schema\/logo\/image\/\"}}]}<\/script>\n<!-- \/ Yoast SEO plugin. -->","yoast_head_json":{"title":"SCHNELLIGKEITSPUPPE ROT &#8211; Daisho","description":"Rote Schaufensterpuppe f\u00fcr das Training von Jiu-Jitsu und MMA Suples. Gr\u00f6\u00dfe L. Finden Sie ihn bei Daisho.","robots":{"index":"index","follow":"follow","max-snippet":"max-snippet:-1","max-image-preview":"max-image-preview:large","max-video-preview":"max-video-preview:-1"},"canonical":"https:\/\/www.daisho.be\/de\/produit\/schnelligkeitspuppe-rot\/","og_locale":"de_DE","og_type":"article","og_title":"SCHNELLIGKEITSPUPPE ROT &#8211; Daisho","og_description":"Rote Schaufensterpuppe f\u00fcr das Training von Jiu-Jitsu und MMA Suples. Gr\u00f6\u00dfe L. Finden Sie ihn bei Daisho.","og_url":"https:\/\/www.daisho.be\/de\/produit\/schnelligkeitspuppe-rot\/","og_site_name":"Daisho","article_modified_time":"2026-03-05T09:03:24+00:00","og_image":[{"width":510,"height":720,"url":"https:\/\/www.daisho.be\/wp-content\/uploads\/2026\/03\/image-16.jpg","type":"image\/jpeg"}],"twitter_card":"summary_large_image","schema":{"@context":"https:\/\/schema.org","@graph":[{"@type":"WebPage","@id":"https:\/\/www.daisho.be\/de\/produit\/schnelligkeitspuppe-rot\/","url":"https:\/\/www.daisho.be\/de\/produit\/schnelligkeitspuppe-rot\/","name":"SCHNELLIGKEITSPUPPE ROT &#8211; Daisho","isPartOf":{"@id":"https:\/\/www.daisho.be\/de\/#website"},"primaryImageOfPage":{"@id":"https:\/\/www.daisho.be\/de\/produit\/schnelligkeitspuppe-rot\/#primaryimage"},"image":{"@id":"https:\/\/www.daisho.be\/de\/produit\/schnelligkeitspuppe-rot\/#primaryimage"},"thumbnailUrl":"https:\/\/www.daisho.be\/wp-content\/uploads\/2026\/03\/image-16.jpg","datePublished":"2019-09-16T08:06:49+00:00","dateModified":"2026-03-05T09:03:24+00:00","description":"Rote Schaufensterpuppe f\u00fcr das Training von Jiu-Jitsu und MMA Suples. Gr\u00f6\u00dfe L. Finden Sie ihn bei Daisho.","breadcrumb":{"@id":"https:\/\/www.daisho.be\/de\/produit\/schnelligkeitspuppe-rot\/#breadcrumb"},"inLanguage":"de","potentialAction":[{"@type":"ReadAction","target":["https:\/\/www.daisho.be\/de\/produit\/schnelligkeitspuppe-rot\/"]}]},{"@type":"ImageObject","inLanguage":"de","@id":"https:\/\/www.daisho.be\/de\/produit\/schnelligkeitspuppe-rot\/#primaryimage","url":"https:\/\/www.daisho.be\/wp-content\/uploads\/2026\/03\/image-16.jpg","contentUrl":"https:\/\/www.daisho.be\/wp-content\/uploads\/2026\/03\/image-16.jpg","width":510,"height":720,"caption":"SCHNELLIGKEITSPUPPE ROT-1"},{"@type":"BreadcrumbList","@id":"https:\/\/www.daisho.be\/de\/produit\/schnelligkeitspuppe-rot\/#breadcrumb","itemListElement":[{"@type":"ListItem","position":1,"name":"Accueil","item":"https:\/\/www.daisho.be\/de\/"},{"@type":"ListItem","position":2,"name":"Produkte","item":"https:\/\/www.daisho.be\/de\/produkte\/"},{"@type":"ListItem","position":3,"name":"Ausr\u00fcstung und Kleidung f\u00fcr Kampfkunst und Kampfsport","item":"https:\/\/www.daisho.be\/de\/categorie-produit\/ausrustung-und-kleidung-fur-kampfkunst-und-kampfsport\/"},{"@type":"ListItem","position":4,"name":"MMA","item":"https:\/\/www.daisho.be\/de\/categorie-produit\/ausrustung-und-kleidung-fur-kampfkunst-und-kampfsport\/mma-de-2\/"},{"@type":"ListItem","position":5,"name":"MMA-Trainingsmaterial","item":"https:\/\/www.daisho.be\/de\/categorie-produit\/ausrustung-und-kleidung-fur-kampfkunst-und-kampfsport\/mma-de-2\/mma-trainingsmaterial\/"},{"@type":"ListItem","position":6,"name":"SCHNELLIGKEITSPUPPE ROT"}]},{"@type":"WebSite","@id":"https:\/\/www.daisho.be\/de\/#website","url":"https:\/\/www.daisho.be\/de\/","name":"Daisho","description":"Sp&eacute;cialiste de l'&eacute;quipement sportif d'arts martiaux","publisher":{"@id":"https:\/\/www.daisho.be\/de\/#organization"},"potentialAction":[{"@type":"SearchAction","target":{"@type":"EntryPoint","urlTemplate":"https:\/\/www.daisho.be\/de\/?s={search_term_string}"},"query-input":{"@type":"PropertyValueSpecification","valueRequired":true,"valueName":"search_term_string"}}],"inLanguage":"de"},{"@type":"Organization","@id":"https:\/\/www.daisho.be\/de\/#organization","name":"Daisho","url":"https:\/\/www.daisho.be\/de\/","logo":{"@type":"ImageObject","inLanguage":"de","@id":"https:\/\/www.daisho.be\/de\/#\/schema\/logo\/image\/","url":"https:\/\/www.daisho.be\/wp-content\/uploads\/2019\/07\/color-nothing-horizontale4x-e1564486100247.png","contentUrl":"https:\/\/www.daisho.be\/wp-content\/uploads\/2019\/07\/color-nothing-horizontale4x-e1564486100247.png","width":1547,"height":385,"caption":"Daisho"},"image":{"@id":"https:\/\/www.daisho.be\/de\/#\/schema\/logo\/image\/"}}]}},"_links":{"self":[{"href":"https:\/\/www.daisho.be\/de\/wp-json\/wp\/v2\/product\/449868","targetHints":{"allow":["GET"]}}],"collection":[{"href":"https:\/\/www.daisho.be\/de\/wp-json\/wp\/v2\/product"}],"about":[{"href":"https:\/\/www.daisho.be\/de\/wp-json\/wp\/v2\/types\/product"}],"replies":[{"embeddable":true,"href":"https:\/\/www.daisho.be\/de\/wp-json\/wp\/v2\/comments?post=449868"}],"wp:featuredmedia":[{"embeddable":true,"href":"https:\/\/www.daisho.be\/de\/wp-json\/wp\/v2\/media\/665995"}],"wp:attachment":[{"href":"https:\/\/www.daisho.be\/de\/wp-json\/wp\/v2\/media?parent=449868"}],"wp:term":[{"taxonomy":"product_brand","embeddable":true,"href":"https:\/\/www.daisho.be\/de\/wp-json\/wp\/v2\/product_brand?post=449868"},{"taxonomy":"product_cat","embeddable":true,"href":"https:\/\/www.daisho.be\/de\/wp-json\/wp\/v2\/product_cat?post=449868"},{"taxonomy":"product_tag","embeddable":true,"href":"https:\/\/www.daisho.be\/de\/wp-json\/wp\/v2\/product_tag?post=449868"},{"taxonomy":"sport","embeddable":true,"href":"https:\/\/www.daisho.be\/de\/wp-json\/wp\/v2\/sport?post=449868"}],"curies":[{"name":"wp","href":"https:\/\/api.w.org\/{rel}","templated":true}]}}