{"id":449854,"date":"2019-09-16T10:07:09","date_gmt":"2019-09-16T08:07:09","guid":{"rendered":"https:\/\/www.daisho.be\/produit\/pao-tokaido-kick-shield-pro\/"},"modified":"2025-10-09T13:46:16","modified_gmt":"2025-10-09T11:46:16","slug":"pao-tokaido-kick-shield-pro","status":"publish","type":"product","link":"https:\/\/www.daisho.be\/de\/produit\/pao-tokaido-kick-shield-pro\/","title":{"rendered":"PAO TOKAIDO KICK SHIELD PRO"},"content":{"rendered":"<p>Tokaido Pao &#8222;KICK SHIELD PRO&#8220; mit Griffen.<br \/>\nDie robusten Griffe auf der R\u00fcckseite des Paos erm\u00f6glichen es, das Pao sowohl horizontal als auch vertikal sicher zu halten.<br \/>\nDie spezielle sto\u00dfd\u00e4mpfende Verarbeitung macht dieses Pao zu einem idealen Begleiter f\u00fcr sicheres Kampfsport- und Selbstverteidigungstraining.<br \/>\nDies ist ein hochwertiges Trainingsprodukt. Die leicht gebogene Oberfl\u00e4che sorgt daf\u00fcr, dass die Schl\u00e4ge nicht abrutschen. Verstellbar mit Klettverschluss.<br \/>\nMaterial: Echtes Leder.<br \/>\nMa\u00dfe: 65 x 35 x 15 cm  <\/p>\n","protected":false},"excerpt":{"rendered":"<p>Tokaido Pao &#8222;KICK SHIELD PRO&#8220; mit Griffen. Die robusten Griffe auf der R\u00fcckseite des Paos erm\u00f6glichen es, das Pao sowohl horizontal als auch vertikal sicher zu halten. Die spezielle sto\u00dfd\u00e4mpfende Verarbeitung macht dieses Pao zu einem idealen Begleiter f\u00fcr sicheres Kampfsport- und Selbstverteidigungstraining. Dies ist ein hochwertiges Trainingsprodukt. Die leicht gebogene Oberfl\u00e4che sorgt daf\u00fcr, dass [&hellip;]<\/p>\n","protected":false},"featured_media":449856,"comment_status":"open","ping_status":"closed","template":"","meta":{"inline_featured_image":false},"product_brand":[],"product_cat":[2055,2056,2094,2054],"product_tag":[2004],"sport":[448,446,73,447,431,79],"class_list":{"0":"post-449854","1":"product","2":"type-product","3":"status-publish","4":"has-post-thumbnail","6":"product_cat-karate-trainingsmaterial","7":"product_cat-kick-boxing-trainingsmaterial","8":"product_cat-krav-maga-trainingsmaterial","9":"product_cat-trainingsmaterial","10":"product_tag-tokaido-de","11":"pa_size-sans-taille-defaut","12":"sport-kick-boxing","13":"sport-boxe","14":"sport-karate","15":"sport-krav-maga","16":"sport-mma","17":"sport-taekwondo","19":"first","20":"instock","21":"taxable","22":"shipping-taxable","23":"purchasable","24":"product-type-variable"},"yoast_head":"<!-- This site is optimized with the Yoast SEO plugin v27.2 - https:\/\/yoast.com\/product\/yoast-seo-wordpress\/ -->\n<title>PAO TOKAIDO KICK SHIELD PRO &#8211; Daisho<\/title>\n<meta name=\"description\" content=\"Entdecken Sie den Pao Tokaido, Ihr idealer Begleiter f\u00fcr Ihr Kampfsporttraining. Sie finden ihn auf unserer Website www.daisho.be|Daisho.\" \/>\n<meta name=\"robots\" content=\"index, follow, max-snippet:-1, max-image-preview:large, max-video-preview:-1\" \/>\n<link rel=\"canonical\" href=\"https:\/\/www.daisho.be\/de\/produit\/pao-tokaido-kick-shield-pro\/\" \/>\n<meta property=\"og:locale\" content=\"de_DE\" \/>\n<meta property=\"og:type\" content=\"article\" \/>\n<meta property=\"og:title\" content=\"PAO TOKAIDO KICK SHIELD PRO &#8211; Daisho\" \/>\n<meta property=\"og:description\" content=\"Entdecken Sie den Pao Tokaido, Ihr idealer Begleiter f\u00fcr Ihr Kampfsporttraining. Sie finden ihn auf unserer Website www.daisho.be|Daisho.\" \/>\n<meta property=\"og:url\" content=\"https:\/\/www.daisho.be\/de\/produit\/pao-tokaido-kick-shield-pro\/\" \/>\n<meta property=\"og:site_name\" content=\"Daisho\" \/>\n<meta property=\"article:modified_time\" content=\"2025-10-09T11:46:16+00:00\" \/>\n<meta property=\"og:image\" content=\"https:\/\/www.daisho.be\/wp-content\/uploads\/2023\/07\/image-20.jpg\" \/>\n\t<meta property=\"og:image:width\" content=\"724\" \/>\n\t<meta property=\"og:image:height\" content=\"1086\" \/>\n\t<meta property=\"og:image:type\" content=\"image\/jpeg\" \/>\n<meta name=\"twitter:card\" content=\"summary_large_image\" \/>\n<script type=\"application\/ld+json\" class=\"yoast-schema-graph\">{\"@context\":\"https:\/\/schema.org\",\"@graph\":[{\"@type\":\"WebPage\",\"@id\":\"https:\/\/www.daisho.be\/de\/produit\/pao-tokaido-kick-shield-pro\/\",\"url\":\"https:\/\/www.daisho.be\/de\/produit\/pao-tokaido-kick-shield-pro\/\",\"name\":\"PAO TOKAIDO KICK SHIELD PRO &#8211; Daisho\",\"isPartOf\":{\"@id\":\"https:\/\/www.daisho.be\/de\/#website\"},\"primaryImageOfPage\":{\"@id\":\"https:\/\/www.daisho.be\/de\/produit\/pao-tokaido-kick-shield-pro\/#primaryimage\"},\"image\":{\"@id\":\"https:\/\/www.daisho.be\/de\/produit\/pao-tokaido-kick-shield-pro\/#primaryimage\"},\"thumbnailUrl\":\"https:\/\/www.daisho.be\/wp-content\/uploads\/2023\/07\/image-20.jpg\",\"datePublished\":\"2019-09-16T08:07:09+00:00\",\"dateModified\":\"2025-10-09T11:46:16+00:00\",\"description\":\"Entdecken Sie den Pao Tokaido, Ihr idealer Begleiter f\u00fcr Ihr Kampfsporttraining. Sie finden ihn auf unserer Website www.daisho.be|Daisho.\",\"breadcrumb\":{\"@id\":\"https:\/\/www.daisho.be\/de\/produit\/pao-tokaido-kick-shield-pro\/#breadcrumb\"},\"inLanguage\":\"de\",\"potentialAction\":[{\"@type\":\"ReadAction\",\"target\":[\"https:\/\/www.daisho.be\/de\/produit\/pao-tokaido-kick-shield-pro\/\"]}]},{\"@type\":\"ImageObject\",\"inLanguage\":\"de\",\"@id\":\"https:\/\/www.daisho.be\/de\/produit\/pao-tokaido-kick-shield-pro\/#primaryimage\",\"url\":\"https:\/\/www.daisho.be\/wp-content\/uploads\/2023\/07\/image-20.jpg\",\"contentUrl\":\"https:\/\/www.daisho.be\/wp-content\/uploads\/2023\/07\/image-20.jpg\",\"width\":724,\"height\":1086,\"caption\":\"PAO TOKAIDO KICK SHIELD PRO-1\"},{\"@type\":\"BreadcrumbList\",\"@id\":\"https:\/\/www.daisho.be\/de\/produit\/pao-tokaido-kick-shield-pro\/#breadcrumb\",\"itemListElement\":[{\"@type\":\"ListItem\",\"position\":1,\"name\":\"Accueil\",\"item\":\"https:\/\/www.daisho.be\/de\/\"},{\"@type\":\"ListItem\",\"position\":2,\"name\":\"Produkte\",\"item\":\"https:\/\/www.daisho.be\/de\/produkte\/\"},{\"@type\":\"ListItem\",\"position\":3,\"name\":\"Ausr\u00fcstung und Kleidung f\u00fcr Kampfkunst und Kampfsport\",\"item\":\"https:\/\/www.daisho.be\/de\/categorie-produit\/ausrustung-und-kleidung-fur-kampfkunst-und-kampfsport\/\"},{\"@type\":\"ListItem\",\"position\":4,\"name\":\"Karate\",\"item\":\"https:\/\/www.daisho.be\/de\/categorie-produit\/ausrustung-und-kleidung-fur-kampfkunst-und-kampfsport\/karate-de-2\/\"},{\"@type\":\"ListItem\",\"position\":5,\"name\":\"Karate Trainingsmaterial\",\"item\":\"https:\/\/www.daisho.be\/de\/categorie-produit\/ausrustung-und-kleidung-fur-kampfkunst-und-kampfsport\/karate-de-2\/karate-trainingsmaterial\/\"},{\"@type\":\"ListItem\",\"position\":6,\"name\":\"PAO TOKAIDO KICK SHIELD PRO\"}]},{\"@type\":\"WebSite\",\"@id\":\"https:\/\/www.daisho.be\/de\/#website\",\"url\":\"https:\/\/www.daisho.be\/de\/\",\"name\":\"Daisho\",\"description\":\"Sp&eacute;cialiste de l'&eacute;quipement sportif d'arts martiaux\",\"publisher\":{\"@id\":\"https:\/\/www.daisho.be\/de\/#organization\"},\"potentialAction\":[{\"@type\":\"SearchAction\",\"target\":{\"@type\":\"EntryPoint\",\"urlTemplate\":\"https:\/\/www.daisho.be\/de\/?s={search_term_string}\"},\"query-input\":{\"@type\":\"PropertyValueSpecification\",\"valueRequired\":true,\"valueName\":\"search_term_string\"}}],\"inLanguage\":\"de\"},{\"@type\":\"Organization\",\"@id\":\"https:\/\/www.daisho.be\/de\/#organization\",\"name\":\"Daisho\",\"url\":\"https:\/\/www.daisho.be\/de\/\",\"logo\":{\"@type\":\"ImageObject\",\"inLanguage\":\"de\",\"@id\":\"https:\/\/www.daisho.be\/de\/#\/schema\/logo\/image\/\",\"url\":\"https:\/\/www.daisho.be\/wp-content\/uploads\/2019\/07\/color-nothing-horizontale4x-e1564486100247.png\",\"contentUrl\":\"https:\/\/www.daisho.be\/wp-content\/uploads\/2019\/07\/color-nothing-horizontale4x-e1564486100247.png\",\"width\":1547,\"height\":385,\"caption\":\"Daisho\"},\"image\":{\"@id\":\"https:\/\/www.daisho.be\/de\/#\/schema\/logo\/image\/\"}}]}<\/script>\n<!-- \/ Yoast SEO plugin. -->","yoast_head_json":{"title":"PAO TOKAIDO KICK SHIELD PRO &#8211; Daisho","description":"Entdecken Sie den Pao Tokaido, Ihr idealer Begleiter f\u00fcr Ihr Kampfsporttraining. Sie finden ihn auf unserer Website www.daisho.be|Daisho.","robots":{"index":"index","follow":"follow","max-snippet":"max-snippet:-1","max-image-preview":"max-image-preview:large","max-video-preview":"max-video-preview:-1"},"canonical":"https:\/\/www.daisho.be\/de\/produit\/pao-tokaido-kick-shield-pro\/","og_locale":"de_DE","og_type":"article","og_title":"PAO TOKAIDO KICK SHIELD PRO &#8211; Daisho","og_description":"Entdecken Sie den Pao Tokaido, Ihr idealer Begleiter f\u00fcr Ihr Kampfsporttraining. Sie finden ihn auf unserer Website www.daisho.be|Daisho.","og_url":"https:\/\/www.daisho.be\/de\/produit\/pao-tokaido-kick-shield-pro\/","og_site_name":"Daisho","article_modified_time":"2025-10-09T11:46:16+00:00","og_image":[{"width":724,"height":1086,"url":"https:\/\/www.daisho.be\/wp-content\/uploads\/2023\/07\/image-20.jpg","type":"image\/jpeg"}],"twitter_card":"summary_large_image","schema":{"@context":"https:\/\/schema.org","@graph":[{"@type":"WebPage","@id":"https:\/\/www.daisho.be\/de\/produit\/pao-tokaido-kick-shield-pro\/","url":"https:\/\/www.daisho.be\/de\/produit\/pao-tokaido-kick-shield-pro\/","name":"PAO TOKAIDO KICK SHIELD PRO &#8211; Daisho","isPartOf":{"@id":"https:\/\/www.daisho.be\/de\/#website"},"primaryImageOfPage":{"@id":"https:\/\/www.daisho.be\/de\/produit\/pao-tokaido-kick-shield-pro\/#primaryimage"},"image":{"@id":"https:\/\/www.daisho.be\/de\/produit\/pao-tokaido-kick-shield-pro\/#primaryimage"},"thumbnailUrl":"https:\/\/www.daisho.be\/wp-content\/uploads\/2023\/07\/image-20.jpg","datePublished":"2019-09-16T08:07:09+00:00","dateModified":"2025-10-09T11:46:16+00:00","description":"Entdecken Sie den Pao Tokaido, Ihr idealer Begleiter f\u00fcr Ihr Kampfsporttraining. Sie finden ihn auf unserer Website www.daisho.be|Daisho.","breadcrumb":{"@id":"https:\/\/www.daisho.be\/de\/produit\/pao-tokaido-kick-shield-pro\/#breadcrumb"},"inLanguage":"de","potentialAction":[{"@type":"ReadAction","target":["https:\/\/www.daisho.be\/de\/produit\/pao-tokaido-kick-shield-pro\/"]}]},{"@type":"ImageObject","inLanguage":"de","@id":"https:\/\/www.daisho.be\/de\/produit\/pao-tokaido-kick-shield-pro\/#primaryimage","url":"https:\/\/www.daisho.be\/wp-content\/uploads\/2023\/07\/image-20.jpg","contentUrl":"https:\/\/www.daisho.be\/wp-content\/uploads\/2023\/07\/image-20.jpg","width":724,"height":1086,"caption":"PAO TOKAIDO KICK SHIELD PRO-1"},{"@type":"BreadcrumbList","@id":"https:\/\/www.daisho.be\/de\/produit\/pao-tokaido-kick-shield-pro\/#breadcrumb","itemListElement":[{"@type":"ListItem","position":1,"name":"Accueil","item":"https:\/\/www.daisho.be\/de\/"},{"@type":"ListItem","position":2,"name":"Produkte","item":"https:\/\/www.daisho.be\/de\/produkte\/"},{"@type":"ListItem","position":3,"name":"Ausr\u00fcstung und Kleidung f\u00fcr Kampfkunst und Kampfsport","item":"https:\/\/www.daisho.be\/de\/categorie-produit\/ausrustung-und-kleidung-fur-kampfkunst-und-kampfsport\/"},{"@type":"ListItem","position":4,"name":"Karate","item":"https:\/\/www.daisho.be\/de\/categorie-produit\/ausrustung-und-kleidung-fur-kampfkunst-und-kampfsport\/karate-de-2\/"},{"@type":"ListItem","position":5,"name":"Karate Trainingsmaterial","item":"https:\/\/www.daisho.be\/de\/categorie-produit\/ausrustung-und-kleidung-fur-kampfkunst-und-kampfsport\/karate-de-2\/karate-trainingsmaterial\/"},{"@type":"ListItem","position":6,"name":"PAO TOKAIDO KICK SHIELD PRO"}]},{"@type":"WebSite","@id":"https:\/\/www.daisho.be\/de\/#website","url":"https:\/\/www.daisho.be\/de\/","name":"Daisho","description":"Sp&eacute;cialiste de l'&eacute;quipement sportif d'arts martiaux","publisher":{"@id":"https:\/\/www.daisho.be\/de\/#organization"},"potentialAction":[{"@type":"SearchAction","target":{"@type":"EntryPoint","urlTemplate":"https:\/\/www.daisho.be\/de\/?s={search_term_string}"},"query-input":{"@type":"PropertyValueSpecification","valueRequired":true,"valueName":"search_term_string"}}],"inLanguage":"de"},{"@type":"Organization","@id":"https:\/\/www.daisho.be\/de\/#organization","name":"Daisho","url":"https:\/\/www.daisho.be\/de\/","logo":{"@type":"ImageObject","inLanguage":"de","@id":"https:\/\/www.daisho.be\/de\/#\/schema\/logo\/image\/","url":"https:\/\/www.daisho.be\/wp-content\/uploads\/2019\/07\/color-nothing-horizontale4x-e1564486100247.png","contentUrl":"https:\/\/www.daisho.be\/wp-content\/uploads\/2019\/07\/color-nothing-horizontale4x-e1564486100247.png","width":1547,"height":385,"caption":"Daisho"},"image":{"@id":"https:\/\/www.daisho.be\/de\/#\/schema\/logo\/image\/"}}]}},"_links":{"self":[{"href":"https:\/\/www.daisho.be\/de\/wp-json\/wp\/v2\/product\/449854","targetHints":{"allow":["GET"]}}],"collection":[{"href":"https:\/\/www.daisho.be\/de\/wp-json\/wp\/v2\/product"}],"about":[{"href":"https:\/\/www.daisho.be\/de\/wp-json\/wp\/v2\/types\/product"}],"replies":[{"embeddable":true,"href":"https:\/\/www.daisho.be\/de\/wp-json\/wp\/v2\/comments?post=449854"}],"wp:featuredmedia":[{"embeddable":true,"href":"https:\/\/www.daisho.be\/de\/wp-json\/wp\/v2\/media\/449856"}],"wp:attachment":[{"href":"https:\/\/www.daisho.be\/de\/wp-json\/wp\/v2\/media?parent=449854"}],"wp:term":[{"taxonomy":"product_brand","embeddable":true,"href":"https:\/\/www.daisho.be\/de\/wp-json\/wp\/v2\/product_brand?post=449854"},{"taxonomy":"product_cat","embeddable":true,"href":"https:\/\/www.daisho.be\/de\/wp-json\/wp\/v2\/product_cat?post=449854"},{"taxonomy":"product_tag","embeddable":true,"href":"https:\/\/www.daisho.be\/de\/wp-json\/wp\/v2\/product_tag?post=449854"},{"taxonomy":"sport","embeddable":true,"href":"https:\/\/www.daisho.be\/de\/wp-json\/wp\/v2\/sport?post=449854"}],"curies":[{"name":"wp","href":"https:\/\/api.w.org\/{rel}","templated":true}]}}