{"id":449742,"date":"2019-09-16T10:11:47","date_gmt":"2019-09-16T08:11:47","guid":{"rendered":"https:\/\/www.daisho.be\/produit\/standard-brustpanzer-tokaido-wkf-approved\/"},"modified":"2025-10-09T13:47:39","modified_gmt":"2025-10-09T11:47:39","slug":"standard-brustpanzer-tokaido-wkf-approved","status":"publish","type":"product","link":"https:\/\/www.daisho.be\/de\/produit\/standard-brustpanzer-tokaido-wkf-approved\/","title":{"rendered":"STANDARD BRUSTPANZER TOKAIDO WKF APPROVED"},"content":{"rendered":"<p>Leichter Tokaido Brustpanzer, der speziell f\u00fcr Karate- und andere Kampfsportler entwickelt wurde.<br \/>\nDie Kraft von Schl\u00e4gen wird effektiv absorbiert.<br \/>\nDies ist ein zuverl\u00e4ssiger Schutz f\u00fcr den gesamten Oberk\u00f6rper, sowohl f\u00fcr das Training als auch f\u00fcr den Wettkampf.<br \/>\nVon der WKF zugelassen.<br \/>\nMit Klettverschluss verstellbar.<\/p>\n","protected":false},"excerpt":{"rendered":"<p>Leichter Tokaido Brustpanzer, der speziell f\u00fcr Karate- und andere Kampfsportler entwickelt wurde. Die Kraft von Schl\u00e4gen wird effektiv absorbiert. Dies ist ein zuverl\u00e4ssiger Schutz f\u00fcr den gesamten Oberk\u00f6rper, sowohl f\u00fcr das Training als auch f\u00fcr den Wettkampf. Von der WKF zugelassen. Mit Klettverschluss verstellbar.<\/p>\n","protected":false},"featured_media":449745,"comment_status":"open","ping_status":"closed","template":"","meta":{"inline_featured_image":false},"product_brand":[],"product_cat":[2062,2021,2051],"product_tag":[2004],"sport":[73],"class_list":{"0":"post-449742","1":"product","2":"type-product","3":"status-publish","4":"has-post-thumbnail","6":"product_cat-karate-schutzkleidung","7":"product_cat-protektoren-kick-boxing","8":"product_cat-schutz","9":"product_tag-tokaido-de","10":"pa_size-l","11":"pa_size-m","12":"pa_size-s","13":"pa_size-xl","14":"pa_size-xs","15":"sport-karate","17":"first","18":"instock","19":"taxable","20":"shipping-taxable","21":"purchasable","22":"product-type-variable"},"yoast_head":"<!-- This site is optimized with the Yoast SEO plugin v27.2 - https:\/\/yoast.com\/product\/yoast-seo-wordpress\/ -->\n<title>STANDARD BRUSTPANZER TOKAIDO WKF APPROVED &#8211; Daisho<\/title>\n<meta name=\"description\" content=\"Entdecken Sie den von der WKF anerkannten Brustpanzer der Marke Tokaido, der ab sofort auf unserer Website www.daisho.be|Daisho erh\u00e4ltlich ist.\" \/>\n<meta name=\"robots\" content=\"index, follow, max-snippet:-1, max-image-preview:large, max-video-preview:-1\" \/>\n<link rel=\"canonical\" href=\"https:\/\/www.daisho.be\/de\/produit\/standard-brustpanzer-tokaido-wkf-approved\/\" \/>\n<meta property=\"og:locale\" content=\"de_DE\" \/>\n<meta property=\"og:type\" content=\"article\" \/>\n<meta property=\"og:title\" content=\"STANDARD BRUSTPANZER TOKAIDO WKF APPROVED &#8211; Daisho\" \/>\n<meta property=\"og:description\" content=\"Entdecken Sie den von der WKF anerkannten Brustpanzer der Marke Tokaido, der ab sofort auf unserer Website www.daisho.be|Daisho erh\u00e4ltlich ist.\" \/>\n<meta property=\"og:url\" content=\"https:\/\/www.daisho.be\/de\/produit\/standard-brustpanzer-tokaido-wkf-approved\/\" \/>\n<meta property=\"og:site_name\" content=\"Daisho\" \/>\n<meta property=\"article:modified_time\" content=\"2025-10-09T11:47:39+00:00\" \/>\n<meta property=\"og:image\" content=\"https:\/\/www.daisho.be\/wp-content\/uploads\/2024\/01\/image-99.jpg\" \/>\n\t<meta property=\"og:image:width\" content=\"510\" \/>\n\t<meta property=\"og:image:height\" content=\"720\" \/>\n\t<meta property=\"og:image:type\" content=\"image\/jpeg\" \/>\n<meta name=\"twitter:card\" content=\"summary_large_image\" \/>\n<script type=\"application\/ld+json\" class=\"yoast-schema-graph\">{\"@context\":\"https:\/\/schema.org\",\"@graph\":[{\"@type\":\"WebPage\",\"@id\":\"https:\/\/www.daisho.be\/de\/produit\/standard-brustpanzer-tokaido-wkf-approved\/\",\"url\":\"https:\/\/www.daisho.be\/de\/produit\/standard-brustpanzer-tokaido-wkf-approved\/\",\"name\":\"STANDARD BRUSTPANZER TOKAIDO WKF APPROVED &#8211; Daisho\",\"isPartOf\":{\"@id\":\"https:\/\/www.daisho.be\/de\/#website\"},\"primaryImageOfPage\":{\"@id\":\"https:\/\/www.daisho.be\/de\/produit\/standard-brustpanzer-tokaido-wkf-approved\/#primaryimage\"},\"image\":{\"@id\":\"https:\/\/www.daisho.be\/de\/produit\/standard-brustpanzer-tokaido-wkf-approved\/#primaryimage\"},\"thumbnailUrl\":\"https:\/\/www.daisho.be\/wp-content\/uploads\/2024\/01\/image-99.jpg\",\"datePublished\":\"2019-09-16T08:11:47+00:00\",\"dateModified\":\"2025-10-09T11:47:39+00:00\",\"description\":\"Entdecken Sie den von der WKF anerkannten Brustpanzer der Marke Tokaido, der ab sofort auf unserer Website www.daisho.be|Daisho erh\u00e4ltlich ist.\",\"breadcrumb\":{\"@id\":\"https:\/\/www.daisho.be\/de\/produit\/standard-brustpanzer-tokaido-wkf-approved\/#breadcrumb\"},\"inLanguage\":\"de\",\"potentialAction\":[{\"@type\":\"ReadAction\",\"target\":[\"https:\/\/www.daisho.be\/de\/produit\/standard-brustpanzer-tokaido-wkf-approved\/\"]}]},{\"@type\":\"ImageObject\",\"inLanguage\":\"de\",\"@id\":\"https:\/\/www.daisho.be\/de\/produit\/standard-brustpanzer-tokaido-wkf-approved\/#primaryimage\",\"url\":\"https:\/\/www.daisho.be\/wp-content\/uploads\/2024\/01\/image-99.jpg\",\"contentUrl\":\"https:\/\/www.daisho.be\/wp-content\/uploads\/2024\/01\/image-99.jpg\",\"width\":510,\"height\":720,\"caption\":\"STANDARD BRUSTPANZER TOKAIDO WKF APPROVED-1\"},{\"@type\":\"BreadcrumbList\",\"@id\":\"https:\/\/www.daisho.be\/de\/produit\/standard-brustpanzer-tokaido-wkf-approved\/#breadcrumb\",\"itemListElement\":[{\"@type\":\"ListItem\",\"position\":1,\"name\":\"Accueil\",\"item\":\"https:\/\/www.daisho.be\/de\/\"},{\"@type\":\"ListItem\",\"position\":2,\"name\":\"Produkte\",\"item\":\"https:\/\/www.daisho.be\/de\/produkte\/\"},{\"@type\":\"ListItem\",\"position\":3,\"name\":\"Ausr\u00fcstung und Kleidung f\u00fcr Kampfkunst und Kampfsport\",\"item\":\"https:\/\/www.daisho.be\/de\/categorie-produit\/ausrustung-und-kleidung-fur-kampfkunst-und-kampfsport\/\"},{\"@type\":\"ListItem\",\"position\":4,\"name\":\"Karate\",\"item\":\"https:\/\/www.daisho.be\/de\/categorie-produit\/ausrustung-und-kleidung-fur-kampfkunst-und-kampfsport\/karate-de-2\/\"},{\"@type\":\"ListItem\",\"position\":5,\"name\":\"Karate-Schutzkleidung\",\"item\":\"https:\/\/www.daisho.be\/de\/categorie-produit\/ausrustung-und-kleidung-fur-kampfkunst-und-kampfsport\/karate-de-2\/karate-schutzkleidung\/\"},{\"@type\":\"ListItem\",\"position\":6,\"name\":\"STANDARD BRUSTPANZER TOKAIDO WKF APPROVED\"}]},{\"@type\":\"WebSite\",\"@id\":\"https:\/\/www.daisho.be\/de\/#website\",\"url\":\"https:\/\/www.daisho.be\/de\/\",\"name\":\"Daisho\",\"description\":\"Sp&eacute;cialiste de l'&eacute;quipement sportif d'arts martiaux\",\"publisher\":{\"@id\":\"https:\/\/www.daisho.be\/de\/#organization\"},\"potentialAction\":[{\"@type\":\"SearchAction\",\"target\":{\"@type\":\"EntryPoint\",\"urlTemplate\":\"https:\/\/www.daisho.be\/de\/?s={search_term_string}\"},\"query-input\":{\"@type\":\"PropertyValueSpecification\",\"valueRequired\":true,\"valueName\":\"search_term_string\"}}],\"inLanguage\":\"de\"},{\"@type\":\"Organization\",\"@id\":\"https:\/\/www.daisho.be\/de\/#organization\",\"name\":\"Daisho\",\"url\":\"https:\/\/www.daisho.be\/de\/\",\"logo\":{\"@type\":\"ImageObject\",\"inLanguage\":\"de\",\"@id\":\"https:\/\/www.daisho.be\/de\/#\/schema\/logo\/image\/\",\"url\":\"https:\/\/www.daisho.be\/wp-content\/uploads\/2019\/07\/color-nothing-horizontale4x-e1564486100247.png\",\"contentUrl\":\"https:\/\/www.daisho.be\/wp-content\/uploads\/2019\/07\/color-nothing-horizontale4x-e1564486100247.png\",\"width\":1547,\"height\":385,\"caption\":\"Daisho\"},\"image\":{\"@id\":\"https:\/\/www.daisho.be\/de\/#\/schema\/logo\/image\/\"}}]}<\/script>\n<!-- \/ Yoast SEO plugin. -->","yoast_head_json":{"title":"STANDARD BRUSTPANZER TOKAIDO WKF APPROVED &#8211; Daisho","description":"Entdecken Sie den von der WKF anerkannten Brustpanzer der Marke Tokaido, der ab sofort auf unserer Website www.daisho.be|Daisho erh\u00e4ltlich ist.","robots":{"index":"index","follow":"follow","max-snippet":"max-snippet:-1","max-image-preview":"max-image-preview:large","max-video-preview":"max-video-preview:-1"},"canonical":"https:\/\/www.daisho.be\/de\/produit\/standard-brustpanzer-tokaido-wkf-approved\/","og_locale":"de_DE","og_type":"article","og_title":"STANDARD BRUSTPANZER TOKAIDO WKF APPROVED &#8211; Daisho","og_description":"Entdecken Sie den von der WKF anerkannten Brustpanzer der Marke Tokaido, der ab sofort auf unserer Website www.daisho.be|Daisho erh\u00e4ltlich ist.","og_url":"https:\/\/www.daisho.be\/de\/produit\/standard-brustpanzer-tokaido-wkf-approved\/","og_site_name":"Daisho","article_modified_time":"2025-10-09T11:47:39+00:00","og_image":[{"width":510,"height":720,"url":"https:\/\/www.daisho.be\/wp-content\/uploads\/2024\/01\/image-99.jpg","type":"image\/jpeg"}],"twitter_card":"summary_large_image","schema":{"@context":"https:\/\/schema.org","@graph":[{"@type":"WebPage","@id":"https:\/\/www.daisho.be\/de\/produit\/standard-brustpanzer-tokaido-wkf-approved\/","url":"https:\/\/www.daisho.be\/de\/produit\/standard-brustpanzer-tokaido-wkf-approved\/","name":"STANDARD BRUSTPANZER TOKAIDO WKF APPROVED &#8211; Daisho","isPartOf":{"@id":"https:\/\/www.daisho.be\/de\/#website"},"primaryImageOfPage":{"@id":"https:\/\/www.daisho.be\/de\/produit\/standard-brustpanzer-tokaido-wkf-approved\/#primaryimage"},"image":{"@id":"https:\/\/www.daisho.be\/de\/produit\/standard-brustpanzer-tokaido-wkf-approved\/#primaryimage"},"thumbnailUrl":"https:\/\/www.daisho.be\/wp-content\/uploads\/2024\/01\/image-99.jpg","datePublished":"2019-09-16T08:11:47+00:00","dateModified":"2025-10-09T11:47:39+00:00","description":"Entdecken Sie den von der WKF anerkannten Brustpanzer der Marke Tokaido, der ab sofort auf unserer Website www.daisho.be|Daisho erh\u00e4ltlich ist.","breadcrumb":{"@id":"https:\/\/www.daisho.be\/de\/produit\/standard-brustpanzer-tokaido-wkf-approved\/#breadcrumb"},"inLanguage":"de","potentialAction":[{"@type":"ReadAction","target":["https:\/\/www.daisho.be\/de\/produit\/standard-brustpanzer-tokaido-wkf-approved\/"]}]},{"@type":"ImageObject","inLanguage":"de","@id":"https:\/\/www.daisho.be\/de\/produit\/standard-brustpanzer-tokaido-wkf-approved\/#primaryimage","url":"https:\/\/www.daisho.be\/wp-content\/uploads\/2024\/01\/image-99.jpg","contentUrl":"https:\/\/www.daisho.be\/wp-content\/uploads\/2024\/01\/image-99.jpg","width":510,"height":720,"caption":"STANDARD BRUSTPANZER TOKAIDO WKF APPROVED-1"},{"@type":"BreadcrumbList","@id":"https:\/\/www.daisho.be\/de\/produit\/standard-brustpanzer-tokaido-wkf-approved\/#breadcrumb","itemListElement":[{"@type":"ListItem","position":1,"name":"Accueil","item":"https:\/\/www.daisho.be\/de\/"},{"@type":"ListItem","position":2,"name":"Produkte","item":"https:\/\/www.daisho.be\/de\/produkte\/"},{"@type":"ListItem","position":3,"name":"Ausr\u00fcstung und Kleidung f\u00fcr Kampfkunst und Kampfsport","item":"https:\/\/www.daisho.be\/de\/categorie-produit\/ausrustung-und-kleidung-fur-kampfkunst-und-kampfsport\/"},{"@type":"ListItem","position":4,"name":"Karate","item":"https:\/\/www.daisho.be\/de\/categorie-produit\/ausrustung-und-kleidung-fur-kampfkunst-und-kampfsport\/karate-de-2\/"},{"@type":"ListItem","position":5,"name":"Karate-Schutzkleidung","item":"https:\/\/www.daisho.be\/de\/categorie-produit\/ausrustung-und-kleidung-fur-kampfkunst-und-kampfsport\/karate-de-2\/karate-schutzkleidung\/"},{"@type":"ListItem","position":6,"name":"STANDARD BRUSTPANZER TOKAIDO WKF APPROVED"}]},{"@type":"WebSite","@id":"https:\/\/www.daisho.be\/de\/#website","url":"https:\/\/www.daisho.be\/de\/","name":"Daisho","description":"Sp&eacute;cialiste de l'&eacute;quipement sportif d'arts martiaux","publisher":{"@id":"https:\/\/www.daisho.be\/de\/#organization"},"potentialAction":[{"@type":"SearchAction","target":{"@type":"EntryPoint","urlTemplate":"https:\/\/www.daisho.be\/de\/?s={search_term_string}"},"query-input":{"@type":"PropertyValueSpecification","valueRequired":true,"valueName":"search_term_string"}}],"inLanguage":"de"},{"@type":"Organization","@id":"https:\/\/www.daisho.be\/de\/#organization","name":"Daisho","url":"https:\/\/www.daisho.be\/de\/","logo":{"@type":"ImageObject","inLanguage":"de","@id":"https:\/\/www.daisho.be\/de\/#\/schema\/logo\/image\/","url":"https:\/\/www.daisho.be\/wp-content\/uploads\/2019\/07\/color-nothing-horizontale4x-e1564486100247.png","contentUrl":"https:\/\/www.daisho.be\/wp-content\/uploads\/2019\/07\/color-nothing-horizontale4x-e1564486100247.png","width":1547,"height":385,"caption":"Daisho"},"image":{"@id":"https:\/\/www.daisho.be\/de\/#\/schema\/logo\/image\/"}}]}},"_links":{"self":[{"href":"https:\/\/www.daisho.be\/de\/wp-json\/wp\/v2\/product\/449742","targetHints":{"allow":["GET"]}}],"collection":[{"href":"https:\/\/www.daisho.be\/de\/wp-json\/wp\/v2\/product"}],"about":[{"href":"https:\/\/www.daisho.be\/de\/wp-json\/wp\/v2\/types\/product"}],"replies":[{"embeddable":true,"href":"https:\/\/www.daisho.be\/de\/wp-json\/wp\/v2\/comments?post=449742"}],"wp:featuredmedia":[{"embeddable":true,"href":"https:\/\/www.daisho.be\/de\/wp-json\/wp\/v2\/media\/449745"}],"wp:attachment":[{"href":"https:\/\/www.daisho.be\/de\/wp-json\/wp\/v2\/media?parent=449742"}],"wp:term":[{"taxonomy":"product_brand","embeddable":true,"href":"https:\/\/www.daisho.be\/de\/wp-json\/wp\/v2\/product_brand?post=449742"},{"taxonomy":"product_cat","embeddable":true,"href":"https:\/\/www.daisho.be\/de\/wp-json\/wp\/v2\/product_cat?post=449742"},{"taxonomy":"product_tag","embeddable":true,"href":"https:\/\/www.daisho.be\/de\/wp-json\/wp\/v2\/product_tag?post=449742"},{"taxonomy":"sport","embeddable":true,"href":"https:\/\/www.daisho.be\/de\/wp-json\/wp\/v2\/sport?post=449742"}],"curies":[{"name":"wp","href":"https:\/\/api.w.org\/{rel}","templated":true}]}}