{"id":449664,"date":"2019-09-16T10:12:39","date_gmt":"2019-09-16T08:12:39","guid":{"rendered":"https:\/\/www.daisho.be\/produit\/zahnschutz-tokaido\/"},"modified":"2025-10-09T13:47:29","modified_gmt":"2025-10-09T11:47:29","slug":"zahnschutz-tokaido","status":"publish","type":"product","link":"https:\/\/www.daisho.be\/de\/produit\/zahnschutz-tokaido\/","title":{"rendered":"ZAHNSCHUTZ TOKAIDO"},"content":{"rendered":"<p>  Tokaido Zahnschutz (nur Oberkiefer).<br \/>\nDieser Zahnschutz kann mit Hilfe von kochendem Wasser individuell gestaltet werden.<br \/>\nEs wurde speziell entwickelt, um w\u00e4hrend des Kampfes optimal repsirieren zu k\u00f6nnen.<br \/>\nEnth\u00e4lt eine hygienische Box.<\/p>\n","protected":false},"excerpt":{"rendered":"<p>Tokaido Zahnschutz (nur Oberkiefer). Dieser Zahnschutz kann mit Hilfe von kochendem Wasser individuell gestaltet werden. Es wurde speziell entwickelt, um w\u00e4hrend des Kampfes optimal repsirieren zu k\u00f6nnen. Enth\u00e4lt eine hygienische Box.<\/p>\n","protected":false},"featured_media":449670,"comment_status":"open","ping_status":"closed","template":"","meta":{"inline_featured_image":false},"product_brand":[],"product_cat":[2062,2021,2051],"product_tag":[2004],"sport":[73],"class_list":{"0":"post-449664","1":"product","2":"type-product","3":"status-publish","4":"has-post-thumbnail","6":"product_cat-karate-schutzkleidung","7":"product_cat-protektoren-kick-boxing","8":"product_cat-schutz","9":"product_tag-tokaido-de","10":"pa_size-junior","11":"pa_size-senior","12":"sport-karate","14":"first","15":"instock","16":"taxable","17":"shipping-taxable","18":"purchasable","19":"product-type-variable"},"yoast_head":"<!-- This site is optimized with the Yoast SEO plugin v27.2 - https:\/\/yoast.com\/product\/yoast-seo-wordpress\/ -->\n<title>ZAHNSCHUTZ TOKAIDO &#8211; Daisho<\/title>\n<meta name=\"description\" content=\"Amateur oder Profi im Kampfsport? Entdecken Sie auf unserer Website www.daisho.be|Daisho die Zahnsch\u00fctzer der Marke Tokaido.\" \/>\n<meta name=\"robots\" content=\"index, follow, max-snippet:-1, max-image-preview:large, max-video-preview:-1\" \/>\n<link rel=\"canonical\" href=\"https:\/\/www.daisho.be\/de\/produit\/zahnschutz-tokaido\/\" \/>\n<meta property=\"og:locale\" content=\"de_DE\" \/>\n<meta property=\"og:type\" content=\"article\" \/>\n<meta property=\"og:title\" content=\"ZAHNSCHUTZ TOKAIDO &#8211; Daisho\" \/>\n<meta property=\"og:description\" content=\"Amateur oder Profi im Kampfsport? Entdecken Sie auf unserer Website www.daisho.be|Daisho die Zahnsch\u00fctzer der Marke Tokaido.\" \/>\n<meta property=\"og:url\" content=\"https:\/\/www.daisho.be\/de\/produit\/zahnschutz-tokaido\/\" \/>\n<meta property=\"og:site_name\" content=\"Daisho\" \/>\n<meta property=\"article:modified_time\" content=\"2025-10-09T11:47:29+00:00\" \/>\n<meta property=\"og:image\" content=\"https:\/\/www.daisho.be\/wp-content\/uploads\/2023\/06\/image-82.jpg\" \/>\n\t<meta property=\"og:image:width\" content=\"384\" \/>\n\t<meta property=\"og:image:height\" content=\"543\" \/>\n\t<meta property=\"og:image:type\" content=\"image\/jpeg\" \/>\n<meta name=\"twitter:card\" content=\"summary_large_image\" \/>\n<script type=\"application\/ld+json\" class=\"yoast-schema-graph\">{\"@context\":\"https:\/\/schema.org\",\"@graph\":[{\"@type\":\"WebPage\",\"@id\":\"https:\/\/www.daisho.be\/de\/produit\/zahnschutz-tokaido\/\",\"url\":\"https:\/\/www.daisho.be\/de\/produit\/zahnschutz-tokaido\/\",\"name\":\"ZAHNSCHUTZ TOKAIDO &#8211; Daisho\",\"isPartOf\":{\"@id\":\"https:\/\/www.daisho.be\/de\/#website\"},\"primaryImageOfPage\":{\"@id\":\"https:\/\/www.daisho.be\/de\/produit\/zahnschutz-tokaido\/#primaryimage\"},\"image\":{\"@id\":\"https:\/\/www.daisho.be\/de\/produit\/zahnschutz-tokaido\/#primaryimage\"},\"thumbnailUrl\":\"https:\/\/www.daisho.be\/wp-content\/uploads\/2023\/06\/image-82.jpg\",\"datePublished\":\"2019-09-16T08:12:39+00:00\",\"dateModified\":\"2025-10-09T11:47:29+00:00\",\"description\":\"Amateur oder Profi im Kampfsport? Entdecken Sie auf unserer Website www.daisho.be|Daisho die Zahnsch\u00fctzer der Marke Tokaido.\",\"breadcrumb\":{\"@id\":\"https:\/\/www.daisho.be\/de\/produit\/zahnschutz-tokaido\/#breadcrumb\"},\"inLanguage\":\"de\",\"potentialAction\":[{\"@type\":\"ReadAction\",\"target\":[\"https:\/\/www.daisho.be\/de\/produit\/zahnschutz-tokaido\/\"]}]},{\"@type\":\"ImageObject\",\"inLanguage\":\"de\",\"@id\":\"https:\/\/www.daisho.be\/de\/produit\/zahnschutz-tokaido\/#primaryimage\",\"url\":\"https:\/\/www.daisho.be\/wp-content\/uploads\/2023\/06\/image-82.jpg\",\"contentUrl\":\"https:\/\/www.daisho.be\/wp-content\/uploads\/2023\/06\/image-82.jpg\",\"width\":384,\"height\":543,\"caption\":\"ZAHNSCHUTZ TOKAIDO-1\"},{\"@type\":\"BreadcrumbList\",\"@id\":\"https:\/\/www.daisho.be\/de\/produit\/zahnschutz-tokaido\/#breadcrumb\",\"itemListElement\":[{\"@type\":\"ListItem\",\"position\":1,\"name\":\"Accueil\",\"item\":\"https:\/\/www.daisho.be\/de\/\"},{\"@type\":\"ListItem\",\"position\":2,\"name\":\"Produkte\",\"item\":\"https:\/\/www.daisho.be\/de\/produkte\/\"},{\"@type\":\"ListItem\",\"position\":3,\"name\":\"Ausr\u00fcstung und Kleidung f\u00fcr Kampfkunst und Kampfsport\",\"item\":\"https:\/\/www.daisho.be\/de\/categorie-produit\/ausrustung-und-kleidung-fur-kampfkunst-und-kampfsport\/\"},{\"@type\":\"ListItem\",\"position\":4,\"name\":\"Karate\",\"item\":\"https:\/\/www.daisho.be\/de\/categorie-produit\/ausrustung-und-kleidung-fur-kampfkunst-und-kampfsport\/karate-de-2\/\"},{\"@type\":\"ListItem\",\"position\":5,\"name\":\"Karate-Schutzkleidung\",\"item\":\"https:\/\/www.daisho.be\/de\/categorie-produit\/ausrustung-und-kleidung-fur-kampfkunst-und-kampfsport\/karate-de-2\/karate-schutzkleidung\/\"},{\"@type\":\"ListItem\",\"position\":6,\"name\":\"ZAHNSCHUTZ TOKAIDO\"}]},{\"@type\":\"WebSite\",\"@id\":\"https:\/\/www.daisho.be\/de\/#website\",\"url\":\"https:\/\/www.daisho.be\/de\/\",\"name\":\"Daisho\",\"description\":\"Sp&eacute;cialiste de l'&eacute;quipement sportif d'arts martiaux\",\"publisher\":{\"@id\":\"https:\/\/www.daisho.be\/de\/#organization\"},\"potentialAction\":[{\"@type\":\"SearchAction\",\"target\":{\"@type\":\"EntryPoint\",\"urlTemplate\":\"https:\/\/www.daisho.be\/de\/?s={search_term_string}\"},\"query-input\":{\"@type\":\"PropertyValueSpecification\",\"valueRequired\":true,\"valueName\":\"search_term_string\"}}],\"inLanguage\":\"de\"},{\"@type\":\"Organization\",\"@id\":\"https:\/\/www.daisho.be\/de\/#organization\",\"name\":\"Daisho\",\"url\":\"https:\/\/www.daisho.be\/de\/\",\"logo\":{\"@type\":\"ImageObject\",\"inLanguage\":\"de\",\"@id\":\"https:\/\/www.daisho.be\/de\/#\/schema\/logo\/image\/\",\"url\":\"https:\/\/www.daisho.be\/wp-content\/uploads\/2019\/07\/color-nothing-horizontale4x-e1564486100247.png\",\"contentUrl\":\"https:\/\/www.daisho.be\/wp-content\/uploads\/2019\/07\/color-nothing-horizontale4x-e1564486100247.png\",\"width\":1547,\"height\":385,\"caption\":\"Daisho\"},\"image\":{\"@id\":\"https:\/\/www.daisho.be\/de\/#\/schema\/logo\/image\/\"}}]}<\/script>\n<!-- \/ Yoast SEO plugin. -->","yoast_head_json":{"title":"ZAHNSCHUTZ TOKAIDO &#8211; Daisho","description":"Amateur oder Profi im Kampfsport? Entdecken Sie auf unserer Website www.daisho.be|Daisho die Zahnsch\u00fctzer der Marke Tokaido.","robots":{"index":"index","follow":"follow","max-snippet":"max-snippet:-1","max-image-preview":"max-image-preview:large","max-video-preview":"max-video-preview:-1"},"canonical":"https:\/\/www.daisho.be\/de\/produit\/zahnschutz-tokaido\/","og_locale":"de_DE","og_type":"article","og_title":"ZAHNSCHUTZ TOKAIDO &#8211; Daisho","og_description":"Amateur oder Profi im Kampfsport? Entdecken Sie auf unserer Website www.daisho.be|Daisho die Zahnsch\u00fctzer der Marke Tokaido.","og_url":"https:\/\/www.daisho.be\/de\/produit\/zahnschutz-tokaido\/","og_site_name":"Daisho","article_modified_time":"2025-10-09T11:47:29+00:00","og_image":[{"width":384,"height":543,"url":"https:\/\/www.daisho.be\/wp-content\/uploads\/2023\/06\/image-82.jpg","type":"image\/jpeg"}],"twitter_card":"summary_large_image","schema":{"@context":"https:\/\/schema.org","@graph":[{"@type":"WebPage","@id":"https:\/\/www.daisho.be\/de\/produit\/zahnschutz-tokaido\/","url":"https:\/\/www.daisho.be\/de\/produit\/zahnschutz-tokaido\/","name":"ZAHNSCHUTZ TOKAIDO &#8211; Daisho","isPartOf":{"@id":"https:\/\/www.daisho.be\/de\/#website"},"primaryImageOfPage":{"@id":"https:\/\/www.daisho.be\/de\/produit\/zahnschutz-tokaido\/#primaryimage"},"image":{"@id":"https:\/\/www.daisho.be\/de\/produit\/zahnschutz-tokaido\/#primaryimage"},"thumbnailUrl":"https:\/\/www.daisho.be\/wp-content\/uploads\/2023\/06\/image-82.jpg","datePublished":"2019-09-16T08:12:39+00:00","dateModified":"2025-10-09T11:47:29+00:00","description":"Amateur oder Profi im Kampfsport? Entdecken Sie auf unserer Website www.daisho.be|Daisho die Zahnsch\u00fctzer der Marke Tokaido.","breadcrumb":{"@id":"https:\/\/www.daisho.be\/de\/produit\/zahnschutz-tokaido\/#breadcrumb"},"inLanguage":"de","potentialAction":[{"@type":"ReadAction","target":["https:\/\/www.daisho.be\/de\/produit\/zahnschutz-tokaido\/"]}]},{"@type":"ImageObject","inLanguage":"de","@id":"https:\/\/www.daisho.be\/de\/produit\/zahnschutz-tokaido\/#primaryimage","url":"https:\/\/www.daisho.be\/wp-content\/uploads\/2023\/06\/image-82.jpg","contentUrl":"https:\/\/www.daisho.be\/wp-content\/uploads\/2023\/06\/image-82.jpg","width":384,"height":543,"caption":"ZAHNSCHUTZ TOKAIDO-1"},{"@type":"BreadcrumbList","@id":"https:\/\/www.daisho.be\/de\/produit\/zahnschutz-tokaido\/#breadcrumb","itemListElement":[{"@type":"ListItem","position":1,"name":"Accueil","item":"https:\/\/www.daisho.be\/de\/"},{"@type":"ListItem","position":2,"name":"Produkte","item":"https:\/\/www.daisho.be\/de\/produkte\/"},{"@type":"ListItem","position":3,"name":"Ausr\u00fcstung und Kleidung f\u00fcr Kampfkunst und Kampfsport","item":"https:\/\/www.daisho.be\/de\/categorie-produit\/ausrustung-und-kleidung-fur-kampfkunst-und-kampfsport\/"},{"@type":"ListItem","position":4,"name":"Karate","item":"https:\/\/www.daisho.be\/de\/categorie-produit\/ausrustung-und-kleidung-fur-kampfkunst-und-kampfsport\/karate-de-2\/"},{"@type":"ListItem","position":5,"name":"Karate-Schutzkleidung","item":"https:\/\/www.daisho.be\/de\/categorie-produit\/ausrustung-und-kleidung-fur-kampfkunst-und-kampfsport\/karate-de-2\/karate-schutzkleidung\/"},{"@type":"ListItem","position":6,"name":"ZAHNSCHUTZ TOKAIDO"}]},{"@type":"WebSite","@id":"https:\/\/www.daisho.be\/de\/#website","url":"https:\/\/www.daisho.be\/de\/","name":"Daisho","description":"Sp&eacute;cialiste de l'&eacute;quipement sportif d'arts martiaux","publisher":{"@id":"https:\/\/www.daisho.be\/de\/#organization"},"potentialAction":[{"@type":"SearchAction","target":{"@type":"EntryPoint","urlTemplate":"https:\/\/www.daisho.be\/de\/?s={search_term_string}"},"query-input":{"@type":"PropertyValueSpecification","valueRequired":true,"valueName":"search_term_string"}}],"inLanguage":"de"},{"@type":"Organization","@id":"https:\/\/www.daisho.be\/de\/#organization","name":"Daisho","url":"https:\/\/www.daisho.be\/de\/","logo":{"@type":"ImageObject","inLanguage":"de","@id":"https:\/\/www.daisho.be\/de\/#\/schema\/logo\/image\/","url":"https:\/\/www.daisho.be\/wp-content\/uploads\/2019\/07\/color-nothing-horizontale4x-e1564486100247.png","contentUrl":"https:\/\/www.daisho.be\/wp-content\/uploads\/2019\/07\/color-nothing-horizontale4x-e1564486100247.png","width":1547,"height":385,"caption":"Daisho"},"image":{"@id":"https:\/\/www.daisho.be\/de\/#\/schema\/logo\/image\/"}}]}},"_links":{"self":[{"href":"https:\/\/www.daisho.be\/de\/wp-json\/wp\/v2\/product\/449664","targetHints":{"allow":["GET"]}}],"collection":[{"href":"https:\/\/www.daisho.be\/de\/wp-json\/wp\/v2\/product"}],"about":[{"href":"https:\/\/www.daisho.be\/de\/wp-json\/wp\/v2\/types\/product"}],"replies":[{"embeddable":true,"href":"https:\/\/www.daisho.be\/de\/wp-json\/wp\/v2\/comments?post=449664"}],"wp:featuredmedia":[{"embeddable":true,"href":"https:\/\/www.daisho.be\/de\/wp-json\/wp\/v2\/media\/449670"}],"wp:attachment":[{"href":"https:\/\/www.daisho.be\/de\/wp-json\/wp\/v2\/media?parent=449664"}],"wp:term":[{"taxonomy":"product_brand","embeddable":true,"href":"https:\/\/www.daisho.be\/de\/wp-json\/wp\/v2\/product_brand?post=449664"},{"taxonomy":"product_cat","embeddable":true,"href":"https:\/\/www.daisho.be\/de\/wp-json\/wp\/v2\/product_cat?post=449664"},{"taxonomy":"product_tag","embeddable":true,"href":"https:\/\/www.daisho.be\/de\/wp-json\/wp\/v2\/product_tag?post=449664"},{"taxonomy":"sport","embeddable":true,"href":"https:\/\/www.daisho.be\/de\/wp-json\/wp\/v2\/sport?post=449664"}],"curies":[{"name":"wp","href":"https:\/\/api.w.org\/{rel}","templated":true}]}}