{"id":449655,"date":"2019-09-16T10:13:15","date_gmt":"2019-09-16T08:13:15","guid":{"rendered":"https:\/\/www.daisho.be\/produit\/tokaido-kompressionsshorts-mit-shell-wkf\/"},"modified":"2025-12-15T13:59:54","modified_gmt":"2025-12-15T12:59:54","slug":"tokaido-kompressionsshorts-mit-shell-wkf","status":"publish","type":"product","link":"https:\/\/www.daisho.be\/de\/produit\/tokaido-kompressionsshorts-mit-shell-wkf\/","title":{"rendered":"TOKAIDO KOMPRESSIONSSHORTS MIT SHELL &#8211; WKF"},"content":{"rendered":"<p>Tokaido Kompressionsshorts f\u00fcr Herren mit integriertem Shell.<br \/>\nDie Kompressionsshorts aus Polyester und Elastan passen sich perfekt an die K\u00f6rperform an und schr\u00e4nken die Bewegungsfreiheit nicht ein.<br \/>\nDie Kunststoffschale kann zum Waschen aus dem Stoff entfernt werden.<br \/>\nFarbe schwarz.<\/p>\n","protected":false},"excerpt":{"rendered":"<p>Tokaido Kompressionsshorts f\u00fcr Herren mit integriertem Shell. Die Kompressionsshorts aus Polyester und Elastan passen sich perfekt an die K\u00f6rperform an und schr\u00e4nken die Bewegungsfreiheit nicht ein. Die Kunststoffschale kann zum Waschen aus dem Stoff entfernt werden. Farbe schwarz.<\/p>\n","protected":false},"featured_media":449662,"comment_status":"open","ping_status":"closed","template":"","meta":{"inline_featured_image":false},"product_brand":[],"product_cat":[2090,2062,2091,2051],"product_tag":[2004],"sport":[73],"class_list":{"0":"post-449655","1":"product","2":"type-product","3":"status-publish","4":"has-post-thumbnail","6":"product_cat-jiu-jitsu-protektoren","7":"product_cat-karate-schutzkleidung","8":"product_cat-mma-schutz","9":"product_cat-schutz","10":"product_tag-tokaido-de","11":"pa_size-l","12":"pa_size-m","13":"pa_size-s","14":"pa_size-xl","15":"pa_size-xs","16":"sport-karate","18":"first","19":"instock","20":"taxable","21":"shipping-taxable","22":"purchasable","23":"product-type-variable"},"yoast_head":"<!-- This site is optimized with the Yoast SEO plugin v27.2 - https:\/\/yoast.com\/product\/yoast-seo-wordpress\/ -->\n<title>TOKAIDO KOMPRESSIONSSHORTS MIT SHELL - WKF &#8211; Daisho<\/title>\n<meta name=\"description\" content=\"Die Kompressionshose hat eingebaute Schutzschalen. Sie bietet Bewegungsfreiheit und Komfort. Kaufen Sie sie auf www.daisho.be|Daisho\" \/>\n<meta name=\"robots\" content=\"index, follow, max-snippet:-1, max-image-preview:large, max-video-preview:-1\" \/>\n<link rel=\"canonical\" href=\"https:\/\/www.daisho.be\/de\/produit\/tokaido-kompressionsshorts-mit-shell-wkf\/\" \/>\n<meta property=\"og:locale\" content=\"de_DE\" \/>\n<meta property=\"og:type\" content=\"article\" \/>\n<meta property=\"og:title\" content=\"TOKAIDO KOMPRESSIONSSHORTS MIT SHELL - WKF &#8211; Daisho\" \/>\n<meta property=\"og:description\" content=\"Die Kompressionshose hat eingebaute Schutzschalen. Sie bietet Bewegungsfreiheit und Komfort. Kaufen Sie sie auf www.daisho.be|Daisho\" \/>\n<meta property=\"og:url\" content=\"https:\/\/www.daisho.be\/de\/produit\/tokaido-kompressionsshorts-mit-shell-wkf\/\" \/>\n<meta property=\"og:site_name\" content=\"Daisho\" \/>\n<meta property=\"article:modified_time\" content=\"2025-12-15T12:59:54+00:00\" \/>\n<meta property=\"og:image\" content=\"https:\/\/www.daisho.be\/wp-content\/uploads\/2024\/01\/image-228-scaled.jpg\" \/>\n\t<meta property=\"og:image:width\" content=\"1449\" \/>\n\t<meta property=\"og:image:height\" content=\"2048\" \/>\n\t<meta property=\"og:image:type\" content=\"image\/jpeg\" \/>\n<meta name=\"twitter:card\" content=\"summary_large_image\" \/>\n<script type=\"application\/ld+json\" class=\"yoast-schema-graph\">{\"@context\":\"https:\/\/schema.org\",\"@graph\":[{\"@type\":\"WebPage\",\"@id\":\"https:\/\/www.daisho.be\/de\/produit\/tokaido-kompressionsshorts-mit-shell-wkf\/\",\"url\":\"https:\/\/www.daisho.be\/de\/produit\/tokaido-kompressionsshorts-mit-shell-wkf\/\",\"name\":\"TOKAIDO KOMPRESSIONSSHORTS MIT SHELL - WKF &#8211; Daisho\",\"isPartOf\":{\"@id\":\"https:\/\/www.daisho.be\/de\/#website\"},\"primaryImageOfPage\":{\"@id\":\"https:\/\/www.daisho.be\/de\/produit\/tokaido-kompressionsshorts-mit-shell-wkf\/#primaryimage\"},\"image\":{\"@id\":\"https:\/\/www.daisho.be\/de\/produit\/tokaido-kompressionsshorts-mit-shell-wkf\/#primaryimage\"},\"thumbnailUrl\":\"https:\/\/www.daisho.be\/wp-content\/uploads\/2024\/01\/image-228-scaled.jpg\",\"datePublished\":\"2019-09-16T08:13:15+00:00\",\"dateModified\":\"2025-12-15T12:59:54+00:00\",\"description\":\"Die Kompressionshose hat eingebaute Schutzschalen. Sie bietet Bewegungsfreiheit und Komfort. Kaufen Sie sie auf www.daisho.be|Daisho\",\"breadcrumb\":{\"@id\":\"https:\/\/www.daisho.be\/de\/produit\/tokaido-kompressionsshorts-mit-shell-wkf\/#breadcrumb\"},\"inLanguage\":\"de\",\"potentialAction\":[{\"@type\":\"ReadAction\",\"target\":[\"https:\/\/www.daisho.be\/de\/produit\/tokaido-kompressionsshorts-mit-shell-wkf\/\"]}]},{\"@type\":\"ImageObject\",\"inLanguage\":\"de\",\"@id\":\"https:\/\/www.daisho.be\/de\/produit\/tokaido-kompressionsshorts-mit-shell-wkf\/#primaryimage\",\"url\":\"https:\/\/www.daisho.be\/wp-content\/uploads\/2024\/01\/image-228-scaled.jpg\",\"contentUrl\":\"https:\/\/www.daisho.be\/wp-content\/uploads\/2024\/01\/image-228-scaled.jpg\",\"width\":1449,\"height\":2048,\"caption\":\"TOKAIDO KOMPRESSIONSSHORTS MIT SCHALE - WKF-1\"},{\"@type\":\"BreadcrumbList\",\"@id\":\"https:\/\/www.daisho.be\/de\/produit\/tokaido-kompressionsshorts-mit-shell-wkf\/#breadcrumb\",\"itemListElement\":[{\"@type\":\"ListItem\",\"position\":1,\"name\":\"Accueil\",\"item\":\"https:\/\/www.daisho.be\/de\/\"},{\"@type\":\"ListItem\",\"position\":2,\"name\":\"Produkte\",\"item\":\"https:\/\/www.daisho.be\/de\/produkte\/\"},{\"@type\":\"ListItem\",\"position\":3,\"name\":\"Ausr\u00fcstung und Kleidung f\u00fcr Kampfkunst und Kampfsport\",\"item\":\"https:\/\/www.daisho.be\/de\/categorie-produit\/ausrustung-und-kleidung-fur-kampfkunst-und-kampfsport\/\"},{\"@type\":\"ListItem\",\"position\":4,\"name\":\"Brasilianisches Jujitsu und Jiu-Jitsu\",\"item\":\"https:\/\/www.daisho.be\/de\/categorie-produit\/ausrustung-und-kleidung-fur-kampfkunst-und-kampfsport\/brasilianisches-jujitsu-und-jiu-jitsu\/\"},{\"@type\":\"ListItem\",\"position\":5,\"name\":\"Jiu Jitsu Protektoren\",\"item\":\"https:\/\/www.daisho.be\/de\/categorie-produit\/ausrustung-und-kleidung-fur-kampfkunst-und-kampfsport\/brasilianisches-jujitsu-und-jiu-jitsu\/jiu-jitsu-protektoren\/\"},{\"@type\":\"ListItem\",\"position\":6,\"name\":\"TOKAIDO KOMPRESSIONSSHORTS MIT SHELL &#8211; WKF\"}]},{\"@type\":\"WebSite\",\"@id\":\"https:\/\/www.daisho.be\/de\/#website\",\"url\":\"https:\/\/www.daisho.be\/de\/\",\"name\":\"Daisho\",\"description\":\"Sp&eacute;cialiste de l'&eacute;quipement sportif d'arts martiaux\",\"publisher\":{\"@id\":\"https:\/\/www.daisho.be\/de\/#organization\"},\"potentialAction\":[{\"@type\":\"SearchAction\",\"target\":{\"@type\":\"EntryPoint\",\"urlTemplate\":\"https:\/\/www.daisho.be\/de\/?s={search_term_string}\"},\"query-input\":{\"@type\":\"PropertyValueSpecification\",\"valueRequired\":true,\"valueName\":\"search_term_string\"}}],\"inLanguage\":\"de\"},{\"@type\":\"Organization\",\"@id\":\"https:\/\/www.daisho.be\/de\/#organization\",\"name\":\"Daisho\",\"url\":\"https:\/\/www.daisho.be\/de\/\",\"logo\":{\"@type\":\"ImageObject\",\"inLanguage\":\"de\",\"@id\":\"https:\/\/www.daisho.be\/de\/#\/schema\/logo\/image\/\",\"url\":\"https:\/\/www.daisho.be\/wp-content\/uploads\/2019\/07\/color-nothing-horizontale4x-e1564486100247.png\",\"contentUrl\":\"https:\/\/www.daisho.be\/wp-content\/uploads\/2019\/07\/color-nothing-horizontale4x-e1564486100247.png\",\"width\":1547,\"height\":385,\"caption\":\"Daisho\"},\"image\":{\"@id\":\"https:\/\/www.daisho.be\/de\/#\/schema\/logo\/image\/\"}}]}<\/script>\n<!-- \/ Yoast SEO plugin. -->","yoast_head_json":{"title":"TOKAIDO KOMPRESSIONSSHORTS MIT SHELL - WKF &#8211; Daisho","description":"Die Kompressionshose hat eingebaute Schutzschalen. Sie bietet Bewegungsfreiheit und Komfort. Kaufen Sie sie auf www.daisho.be|Daisho","robots":{"index":"index","follow":"follow","max-snippet":"max-snippet:-1","max-image-preview":"max-image-preview:large","max-video-preview":"max-video-preview:-1"},"canonical":"https:\/\/www.daisho.be\/de\/produit\/tokaido-kompressionsshorts-mit-shell-wkf\/","og_locale":"de_DE","og_type":"article","og_title":"TOKAIDO KOMPRESSIONSSHORTS MIT SHELL - WKF &#8211; Daisho","og_description":"Die Kompressionshose hat eingebaute Schutzschalen. Sie bietet Bewegungsfreiheit und Komfort. Kaufen Sie sie auf www.daisho.be|Daisho","og_url":"https:\/\/www.daisho.be\/de\/produit\/tokaido-kompressionsshorts-mit-shell-wkf\/","og_site_name":"Daisho","article_modified_time":"2025-12-15T12:59:54+00:00","og_image":[{"width":1449,"height":2048,"url":"https:\/\/www.daisho.be\/wp-content\/uploads\/2024\/01\/image-228-scaled.jpg","type":"image\/jpeg"}],"twitter_card":"summary_large_image","schema":{"@context":"https:\/\/schema.org","@graph":[{"@type":"WebPage","@id":"https:\/\/www.daisho.be\/de\/produit\/tokaido-kompressionsshorts-mit-shell-wkf\/","url":"https:\/\/www.daisho.be\/de\/produit\/tokaido-kompressionsshorts-mit-shell-wkf\/","name":"TOKAIDO KOMPRESSIONSSHORTS MIT SHELL - WKF &#8211; Daisho","isPartOf":{"@id":"https:\/\/www.daisho.be\/de\/#website"},"primaryImageOfPage":{"@id":"https:\/\/www.daisho.be\/de\/produit\/tokaido-kompressionsshorts-mit-shell-wkf\/#primaryimage"},"image":{"@id":"https:\/\/www.daisho.be\/de\/produit\/tokaido-kompressionsshorts-mit-shell-wkf\/#primaryimage"},"thumbnailUrl":"https:\/\/www.daisho.be\/wp-content\/uploads\/2024\/01\/image-228-scaled.jpg","datePublished":"2019-09-16T08:13:15+00:00","dateModified":"2025-12-15T12:59:54+00:00","description":"Die Kompressionshose hat eingebaute Schutzschalen. Sie bietet Bewegungsfreiheit und Komfort. Kaufen Sie sie auf www.daisho.be|Daisho","breadcrumb":{"@id":"https:\/\/www.daisho.be\/de\/produit\/tokaido-kompressionsshorts-mit-shell-wkf\/#breadcrumb"},"inLanguage":"de","potentialAction":[{"@type":"ReadAction","target":["https:\/\/www.daisho.be\/de\/produit\/tokaido-kompressionsshorts-mit-shell-wkf\/"]}]},{"@type":"ImageObject","inLanguage":"de","@id":"https:\/\/www.daisho.be\/de\/produit\/tokaido-kompressionsshorts-mit-shell-wkf\/#primaryimage","url":"https:\/\/www.daisho.be\/wp-content\/uploads\/2024\/01\/image-228-scaled.jpg","contentUrl":"https:\/\/www.daisho.be\/wp-content\/uploads\/2024\/01\/image-228-scaled.jpg","width":1449,"height":2048,"caption":"TOKAIDO KOMPRESSIONSSHORTS MIT SCHALE - WKF-1"},{"@type":"BreadcrumbList","@id":"https:\/\/www.daisho.be\/de\/produit\/tokaido-kompressionsshorts-mit-shell-wkf\/#breadcrumb","itemListElement":[{"@type":"ListItem","position":1,"name":"Accueil","item":"https:\/\/www.daisho.be\/de\/"},{"@type":"ListItem","position":2,"name":"Produkte","item":"https:\/\/www.daisho.be\/de\/produkte\/"},{"@type":"ListItem","position":3,"name":"Ausr\u00fcstung und Kleidung f\u00fcr Kampfkunst und Kampfsport","item":"https:\/\/www.daisho.be\/de\/categorie-produit\/ausrustung-und-kleidung-fur-kampfkunst-und-kampfsport\/"},{"@type":"ListItem","position":4,"name":"Brasilianisches Jujitsu und Jiu-Jitsu","item":"https:\/\/www.daisho.be\/de\/categorie-produit\/ausrustung-und-kleidung-fur-kampfkunst-und-kampfsport\/brasilianisches-jujitsu-und-jiu-jitsu\/"},{"@type":"ListItem","position":5,"name":"Jiu Jitsu Protektoren","item":"https:\/\/www.daisho.be\/de\/categorie-produit\/ausrustung-und-kleidung-fur-kampfkunst-und-kampfsport\/brasilianisches-jujitsu-und-jiu-jitsu\/jiu-jitsu-protektoren\/"},{"@type":"ListItem","position":6,"name":"TOKAIDO KOMPRESSIONSSHORTS MIT SHELL &#8211; WKF"}]},{"@type":"WebSite","@id":"https:\/\/www.daisho.be\/de\/#website","url":"https:\/\/www.daisho.be\/de\/","name":"Daisho","description":"Sp&eacute;cialiste de l'&eacute;quipement sportif d'arts martiaux","publisher":{"@id":"https:\/\/www.daisho.be\/de\/#organization"},"potentialAction":[{"@type":"SearchAction","target":{"@type":"EntryPoint","urlTemplate":"https:\/\/www.daisho.be\/de\/?s={search_term_string}"},"query-input":{"@type":"PropertyValueSpecification","valueRequired":true,"valueName":"search_term_string"}}],"inLanguage":"de"},{"@type":"Organization","@id":"https:\/\/www.daisho.be\/de\/#organization","name":"Daisho","url":"https:\/\/www.daisho.be\/de\/","logo":{"@type":"ImageObject","inLanguage":"de","@id":"https:\/\/www.daisho.be\/de\/#\/schema\/logo\/image\/","url":"https:\/\/www.daisho.be\/wp-content\/uploads\/2019\/07\/color-nothing-horizontale4x-e1564486100247.png","contentUrl":"https:\/\/www.daisho.be\/wp-content\/uploads\/2019\/07\/color-nothing-horizontale4x-e1564486100247.png","width":1547,"height":385,"caption":"Daisho"},"image":{"@id":"https:\/\/www.daisho.be\/de\/#\/schema\/logo\/image\/"}}]}},"_links":{"self":[{"href":"https:\/\/www.daisho.be\/de\/wp-json\/wp\/v2\/product\/449655","targetHints":{"allow":["GET"]}}],"collection":[{"href":"https:\/\/www.daisho.be\/de\/wp-json\/wp\/v2\/product"}],"about":[{"href":"https:\/\/www.daisho.be\/de\/wp-json\/wp\/v2\/types\/product"}],"replies":[{"embeddable":true,"href":"https:\/\/www.daisho.be\/de\/wp-json\/wp\/v2\/comments?post=449655"}],"wp:featuredmedia":[{"embeddable":true,"href":"https:\/\/www.daisho.be\/de\/wp-json\/wp\/v2\/media\/449662"}],"wp:attachment":[{"href":"https:\/\/www.daisho.be\/de\/wp-json\/wp\/v2\/media?parent=449655"}],"wp:term":[{"taxonomy":"product_brand","embeddable":true,"href":"https:\/\/www.daisho.be\/de\/wp-json\/wp\/v2\/product_brand?post=449655"},{"taxonomy":"product_cat","embeddable":true,"href":"https:\/\/www.daisho.be\/de\/wp-json\/wp\/v2\/product_cat?post=449655"},{"taxonomy":"product_tag","embeddable":true,"href":"https:\/\/www.daisho.be\/de\/wp-json\/wp\/v2\/product_tag?post=449655"},{"taxonomy":"sport","embeddable":true,"href":"https:\/\/www.daisho.be\/de\/wp-json\/wp\/v2\/sport?post=449655"}],"curies":[{"name":"wp","href":"https:\/\/api.w.org\/{rel}","templated":true}]}}