{"id":449567,"date":"2019-09-16T16:05:36","date_gmt":"2019-09-16T14:05:36","guid":{"rendered":"https:\/\/www.daisho.be\/produit\/tokaido-athletic-elite-training-t-shirt\/"},"modified":"2019-09-16T16:05:36","modified_gmt":"2019-09-16T14:05:36","slug":"tokaido-athletic-elite-training-t-shirt","status":"publish","type":"product","link":"https:\/\/www.daisho.be\/de\/produit\/tokaido-athletic-elite-training-t-shirt\/","title":{"rendered":"TOKAIDO ATHLETIC ELITE TRAINING T-SHIRT"},"content":{"rendered":"<p>Eng anliegendes, lang\u00e4rmeliges Tokaido-Trainingsshirt.<br \/>\nMit diesem T-Shirt wird die Blutzirkulation w\u00e4hrend des Trainings verbessert.<br \/>\nAtmungsaktives und schnell trocknendes Material.<br \/>\nGeeignet f\u00fcr alle Arten von Training.<br \/>\nFarbe: Schwarz &amp; Olivgr\u00fcn.<\/p>\n","protected":false},"excerpt":{"rendered":"<p>Eng anliegendes, lang\u00e4rmeliges Tokaido-Trainingsshirt. Mit diesem T-Shirt wird die Blutzirkulation w\u00e4hrend des Trainings verbessert. Atmungsaktives und schnell trocknendes Material. Geeignet f\u00fcr alle Arten von Training. Farbe: Schwarz &amp; Olivgr\u00fcn.<\/p>\n","protected":false},"featured_media":449579,"comment_status":"closed","ping_status":"closed","template":"","meta":{"inline_featured_image":false},"product_brand":[],"product_cat":[2022,2076],"product_tag":[2004],"sport":[73],"class_list":{"0":"post-449567","1":"product","2":"type-product","3":"status-publish","4":"has-post-thumbnail","6":"product_cat-karate-bekleidung","7":"product_cat-kleidung","8":"product_tag-tokaido-de","9":"pa_size-l","10":"pa_size-m","11":"pa_size-s","12":"pa_size-xl","13":"pa_size-xs","14":"sport-karate","16":"first","17":"instock","18":"taxable","19":"shipping-taxable","20":"purchasable","21":"product-type-variable"},"yoast_head":"<!-- This site is optimized with the Yoast SEO plugin v27.2 - https:\/\/yoast.com\/product\/yoast-seo-wordpress\/ -->\n<title>Tokaido Athletic Elite Training Kompressions-T-Shirt - Daisho<\/title>\n<meta name=\"description\" content=\"Lang\u00e4rmeliges Kompressions-T-Shirt f\u00fcr das k\u00f6rperliche Training der Karate-Elite. Verbessert die Blutzirkulation. Bestellen Sie es online\" \/>\n<meta name=\"robots\" content=\"index, follow, max-snippet:-1, max-image-preview:large, max-video-preview:-1\" \/>\n<link rel=\"canonical\" href=\"https:\/\/www.daisho.be\/de\/produit\/tokaido-athletic-elite-training-t-shirt\/\" \/>\n<meta property=\"og:locale\" content=\"de_DE\" \/>\n<meta property=\"og:type\" content=\"article\" \/>\n<meta property=\"og:title\" content=\"Tokaido Athletic Elite Training Kompressions-T-Shirt - Daisho\" \/>\n<meta property=\"og:description\" content=\"Lang\u00e4rmeliges Kompressions-T-Shirt f\u00fcr das k\u00f6rperliche Training der Karate-Elite. Verbessert die Blutzirkulation. Bestellen Sie es online\" \/>\n<meta property=\"og:url\" content=\"https:\/\/www.daisho.be\/de\/produit\/tokaido-athletic-elite-training-t-shirt\/\" \/>\n<meta property=\"og:site_name\" content=\"Daisho\" \/>\n<meta property=\"og:image\" content=\"https:\/\/www.daisho.be\/wp-content\/uploads\/2024\/06\/image-102.jpg\" \/>\n\t<meta property=\"og:image:width\" content=\"800\" \/>\n\t<meta property=\"og:image:height\" content=\"1280\" \/>\n\t<meta property=\"og:image:type\" content=\"image\/jpeg\" \/>\n<meta name=\"twitter:card\" content=\"summary_large_image\" \/>\n<script type=\"application\/ld+json\" class=\"yoast-schema-graph\">{\"@context\":\"https:\/\/schema.org\",\"@graph\":[{\"@type\":\"WebPage\",\"@id\":\"https:\/\/www.daisho.be\/de\/produit\/tokaido-athletic-elite-training-t-shirt\/\",\"url\":\"https:\/\/www.daisho.be\/de\/produit\/tokaido-athletic-elite-training-t-shirt\/\",\"name\":\"Tokaido Athletic Elite Training Kompressions-T-Shirt - Daisho\",\"isPartOf\":{\"@id\":\"https:\/\/www.daisho.be\/de\/#website\"},\"primaryImageOfPage\":{\"@id\":\"https:\/\/www.daisho.be\/de\/produit\/tokaido-athletic-elite-training-t-shirt\/#primaryimage\"},\"image\":{\"@id\":\"https:\/\/www.daisho.be\/de\/produit\/tokaido-athletic-elite-training-t-shirt\/#primaryimage\"},\"thumbnailUrl\":\"https:\/\/www.daisho.be\/wp-content\/uploads\/2024\/06\/image-102.jpg\",\"datePublished\":\"2019-09-16T14:05:36+00:00\",\"description\":\"Lang\u00e4rmeliges Kompressions-T-Shirt f\u00fcr das k\u00f6rperliche Training der Karate-Elite. Verbessert die Blutzirkulation. Bestellen Sie es online\",\"breadcrumb\":{\"@id\":\"https:\/\/www.daisho.be\/de\/produit\/tokaido-athletic-elite-training-t-shirt\/#breadcrumb\"},\"inLanguage\":\"de\",\"potentialAction\":[{\"@type\":\"ReadAction\",\"target\":[\"https:\/\/www.daisho.be\/de\/produit\/tokaido-athletic-elite-training-t-shirt\/\"]}]},{\"@type\":\"ImageObject\",\"inLanguage\":\"de\",\"@id\":\"https:\/\/www.daisho.be\/de\/produit\/tokaido-athletic-elite-training-t-shirt\/#primaryimage\",\"url\":\"https:\/\/www.daisho.be\/wp-content\/uploads\/2024\/06\/image-102.jpg\",\"contentUrl\":\"https:\/\/www.daisho.be\/wp-content\/uploads\/2024\/06\/image-102.jpg\",\"width\":800,\"height\":1280},{\"@type\":\"BreadcrumbList\",\"@id\":\"https:\/\/www.daisho.be\/de\/produit\/tokaido-athletic-elite-training-t-shirt\/#breadcrumb\",\"itemListElement\":[{\"@type\":\"ListItem\",\"position\":1,\"name\":\"Accueil\",\"item\":\"https:\/\/www.daisho.be\/de\/\"},{\"@type\":\"ListItem\",\"position\":2,\"name\":\"Produkte\",\"item\":\"https:\/\/www.daisho.be\/de\/produkte\/\"},{\"@type\":\"ListItem\",\"position\":3,\"name\":\"Ausr\u00fcstung und Kleidung f\u00fcr Kampfkunst und Kampfsport\",\"item\":\"https:\/\/www.daisho.be\/de\/categorie-produit\/ausrustung-und-kleidung-fur-kampfkunst-und-kampfsport\/\"},{\"@type\":\"ListItem\",\"position\":4,\"name\":\"Karate\",\"item\":\"https:\/\/www.daisho.be\/de\/categorie-produit\/ausrustung-und-kleidung-fur-kampfkunst-und-kampfsport\/karate-de-2\/\"},{\"@type\":\"ListItem\",\"position\":5,\"name\":\"Karate-Bekleidung\",\"item\":\"https:\/\/www.daisho.be\/de\/categorie-produit\/ausrustung-und-kleidung-fur-kampfkunst-und-kampfsport\/karate-de-2\/karate-bekleidung\/\"},{\"@type\":\"ListItem\",\"position\":6,\"name\":\"TOKAIDO ATHLETIC ELITE TRAINING T-SHIRT\"}]},{\"@type\":\"WebSite\",\"@id\":\"https:\/\/www.daisho.be\/de\/#website\",\"url\":\"https:\/\/www.daisho.be\/de\/\",\"name\":\"Daisho\",\"description\":\"Sp&eacute;cialiste de l'&eacute;quipement sportif d'arts martiaux\",\"publisher\":{\"@id\":\"https:\/\/www.daisho.be\/de\/#organization\"},\"potentialAction\":[{\"@type\":\"SearchAction\",\"target\":{\"@type\":\"EntryPoint\",\"urlTemplate\":\"https:\/\/www.daisho.be\/de\/?s={search_term_string}\"},\"query-input\":{\"@type\":\"PropertyValueSpecification\",\"valueRequired\":true,\"valueName\":\"search_term_string\"}}],\"inLanguage\":\"de\"},{\"@type\":\"Organization\",\"@id\":\"https:\/\/www.daisho.be\/de\/#organization\",\"name\":\"Daisho\",\"url\":\"https:\/\/www.daisho.be\/de\/\",\"logo\":{\"@type\":\"ImageObject\",\"inLanguage\":\"de\",\"@id\":\"https:\/\/www.daisho.be\/de\/#\/schema\/logo\/image\/\",\"url\":\"https:\/\/www.daisho.be\/wp-content\/uploads\/2019\/07\/color-nothing-horizontale4x-e1564486100247.png\",\"contentUrl\":\"https:\/\/www.daisho.be\/wp-content\/uploads\/2019\/07\/color-nothing-horizontale4x-e1564486100247.png\",\"width\":1547,\"height\":385,\"caption\":\"Daisho\"},\"image\":{\"@id\":\"https:\/\/www.daisho.be\/de\/#\/schema\/logo\/image\/\"}}]}<\/script>\n<!-- \/ Yoast SEO plugin. -->","yoast_head_json":{"title":"Tokaido Athletic Elite Training Kompressions-T-Shirt - Daisho","description":"Lang\u00e4rmeliges Kompressions-T-Shirt f\u00fcr das k\u00f6rperliche Training der Karate-Elite. Verbessert die Blutzirkulation. Bestellen Sie es online","robots":{"index":"index","follow":"follow","max-snippet":"max-snippet:-1","max-image-preview":"max-image-preview:large","max-video-preview":"max-video-preview:-1"},"canonical":"https:\/\/www.daisho.be\/de\/produit\/tokaido-athletic-elite-training-t-shirt\/","og_locale":"de_DE","og_type":"article","og_title":"Tokaido Athletic Elite Training Kompressions-T-Shirt - Daisho","og_description":"Lang\u00e4rmeliges Kompressions-T-Shirt f\u00fcr das k\u00f6rperliche Training der Karate-Elite. Verbessert die Blutzirkulation. Bestellen Sie es online","og_url":"https:\/\/www.daisho.be\/de\/produit\/tokaido-athletic-elite-training-t-shirt\/","og_site_name":"Daisho","og_image":[{"width":800,"height":1280,"url":"https:\/\/www.daisho.be\/wp-content\/uploads\/2024\/06\/image-102.jpg","type":"image\/jpeg"}],"twitter_card":"summary_large_image","schema":{"@context":"https:\/\/schema.org","@graph":[{"@type":"WebPage","@id":"https:\/\/www.daisho.be\/de\/produit\/tokaido-athletic-elite-training-t-shirt\/","url":"https:\/\/www.daisho.be\/de\/produit\/tokaido-athletic-elite-training-t-shirt\/","name":"Tokaido Athletic Elite Training Kompressions-T-Shirt - Daisho","isPartOf":{"@id":"https:\/\/www.daisho.be\/de\/#website"},"primaryImageOfPage":{"@id":"https:\/\/www.daisho.be\/de\/produit\/tokaido-athletic-elite-training-t-shirt\/#primaryimage"},"image":{"@id":"https:\/\/www.daisho.be\/de\/produit\/tokaido-athletic-elite-training-t-shirt\/#primaryimage"},"thumbnailUrl":"https:\/\/www.daisho.be\/wp-content\/uploads\/2024\/06\/image-102.jpg","datePublished":"2019-09-16T14:05:36+00:00","description":"Lang\u00e4rmeliges Kompressions-T-Shirt f\u00fcr das k\u00f6rperliche Training der Karate-Elite. Verbessert die Blutzirkulation. Bestellen Sie es online","breadcrumb":{"@id":"https:\/\/www.daisho.be\/de\/produit\/tokaido-athletic-elite-training-t-shirt\/#breadcrumb"},"inLanguage":"de","potentialAction":[{"@type":"ReadAction","target":["https:\/\/www.daisho.be\/de\/produit\/tokaido-athletic-elite-training-t-shirt\/"]}]},{"@type":"ImageObject","inLanguage":"de","@id":"https:\/\/www.daisho.be\/de\/produit\/tokaido-athletic-elite-training-t-shirt\/#primaryimage","url":"https:\/\/www.daisho.be\/wp-content\/uploads\/2024\/06\/image-102.jpg","contentUrl":"https:\/\/www.daisho.be\/wp-content\/uploads\/2024\/06\/image-102.jpg","width":800,"height":1280},{"@type":"BreadcrumbList","@id":"https:\/\/www.daisho.be\/de\/produit\/tokaido-athletic-elite-training-t-shirt\/#breadcrumb","itemListElement":[{"@type":"ListItem","position":1,"name":"Accueil","item":"https:\/\/www.daisho.be\/de\/"},{"@type":"ListItem","position":2,"name":"Produkte","item":"https:\/\/www.daisho.be\/de\/produkte\/"},{"@type":"ListItem","position":3,"name":"Ausr\u00fcstung und Kleidung f\u00fcr Kampfkunst und Kampfsport","item":"https:\/\/www.daisho.be\/de\/categorie-produit\/ausrustung-und-kleidung-fur-kampfkunst-und-kampfsport\/"},{"@type":"ListItem","position":4,"name":"Karate","item":"https:\/\/www.daisho.be\/de\/categorie-produit\/ausrustung-und-kleidung-fur-kampfkunst-und-kampfsport\/karate-de-2\/"},{"@type":"ListItem","position":5,"name":"Karate-Bekleidung","item":"https:\/\/www.daisho.be\/de\/categorie-produit\/ausrustung-und-kleidung-fur-kampfkunst-und-kampfsport\/karate-de-2\/karate-bekleidung\/"},{"@type":"ListItem","position":6,"name":"TOKAIDO ATHLETIC ELITE TRAINING T-SHIRT"}]},{"@type":"WebSite","@id":"https:\/\/www.daisho.be\/de\/#website","url":"https:\/\/www.daisho.be\/de\/","name":"Daisho","description":"Sp&eacute;cialiste de l'&eacute;quipement sportif d'arts martiaux","publisher":{"@id":"https:\/\/www.daisho.be\/de\/#organization"},"potentialAction":[{"@type":"SearchAction","target":{"@type":"EntryPoint","urlTemplate":"https:\/\/www.daisho.be\/de\/?s={search_term_string}"},"query-input":{"@type":"PropertyValueSpecification","valueRequired":true,"valueName":"search_term_string"}}],"inLanguage":"de"},{"@type":"Organization","@id":"https:\/\/www.daisho.be\/de\/#organization","name":"Daisho","url":"https:\/\/www.daisho.be\/de\/","logo":{"@type":"ImageObject","inLanguage":"de","@id":"https:\/\/www.daisho.be\/de\/#\/schema\/logo\/image\/","url":"https:\/\/www.daisho.be\/wp-content\/uploads\/2019\/07\/color-nothing-horizontale4x-e1564486100247.png","contentUrl":"https:\/\/www.daisho.be\/wp-content\/uploads\/2019\/07\/color-nothing-horizontale4x-e1564486100247.png","width":1547,"height":385,"caption":"Daisho"},"image":{"@id":"https:\/\/www.daisho.be\/de\/#\/schema\/logo\/image\/"}}]}},"_links":{"self":[{"href":"https:\/\/www.daisho.be\/de\/wp-json\/wp\/v2\/product\/449567","targetHints":{"allow":["GET"]}}],"collection":[{"href":"https:\/\/www.daisho.be\/de\/wp-json\/wp\/v2\/product"}],"about":[{"href":"https:\/\/www.daisho.be\/de\/wp-json\/wp\/v2\/types\/product"}],"replies":[{"embeddable":true,"href":"https:\/\/www.daisho.be\/de\/wp-json\/wp\/v2\/comments?post=449567"}],"wp:featuredmedia":[{"embeddable":true,"href":"https:\/\/www.daisho.be\/de\/wp-json\/wp\/v2\/media\/449579"}],"wp:attachment":[{"href":"https:\/\/www.daisho.be\/de\/wp-json\/wp\/v2\/media?parent=449567"}],"wp:term":[{"taxonomy":"product_brand","embeddable":true,"href":"https:\/\/www.daisho.be\/de\/wp-json\/wp\/v2\/product_brand?post=449567"},{"taxonomy":"product_cat","embeddable":true,"href":"https:\/\/www.daisho.be\/de\/wp-json\/wp\/v2\/product_cat?post=449567"},{"taxonomy":"product_tag","embeddable":true,"href":"https:\/\/www.daisho.be\/de\/wp-json\/wp\/v2\/product_tag?post=449567"},{"taxonomy":"sport","embeddable":true,"href":"https:\/\/www.daisho.be\/de\/wp-json\/wp\/v2\/sport?post=449567"}],"curies":[{"name":"wp","href":"https:\/\/api.w.org\/{rel}","templated":true}]}}