{"id":449514,"date":"2019-09-16T17:41:17","date_gmt":"2019-09-16T15:41:17","guid":{"rendered":"https:\/\/www.daisho.be\/produit\/boxhandschuhe-dax-black-line\/"},"modified":"2019-09-16T17:41:17","modified_gmt":"2019-09-16T15:41:17","slug":"boxhandschuhe-dax-black-line","status":"publish","type":"product","link":"https:\/\/www.daisho.be\/de\/produit\/boxhandschuhe-dax-black-line\/","title":{"rendered":"BOXHANDSCHUHE DAX BLACK LINE"},"content":{"rendered":"<p>Handschuhe f\u00fcr die Aus\u00fcbung von Boxen und verschiedenen Kampfsportarten wie Boxen, Kickboxen,&#8230;<br \/>\nDie Eigenschaften dieser Handschuhe sind ihre ideale Passform, ihr geringes Gewicht und die Polsterung. Der sichere Klettverschluss sorgt f\u00fcr eine rutschfeste Passform und stabilisiert das Handgelenk. Die innere Bel\u00fcftung wird durch ein Netz gew\u00e4hrleistet.<br \/>\nMerkmale:<br \/>\n&#8211; handgefertigtes Produkt,<br \/>\n&#8211; Oberteil aus robustem PU,<br \/>\n&#8211; breiter Klettverschluss,<br \/>\n&#8211; ergonomische Passform,<br \/>\n&#8211; in Deutschland entworfen,<br \/>\n&#8211; Farbe: mattschwarz.  <\/p>\n","protected":false},"excerpt":{"rendered":"<p>Handschuhe f\u00fcr die Aus\u00fcbung von Boxen und verschiedenen Kampfsportarten wie Boxen, Kickboxen,&#8230; Die Eigenschaften dieser Handschuhe sind ihre ideale Passform, ihr geringes Gewicht und die Polsterung. Der sichere Klettverschluss sorgt f\u00fcr eine rutschfeste Passform und stabilisiert das Handgelenk. Die innere Bel\u00fcftung wird durch ein Netz gew\u00e4hrleistet. Merkmale: &#8211; handgefertigtes Produkt, &#8211; Oberteil aus robustem PU, [&hellip;]<\/p>\n","protected":false},"featured_media":449521,"comment_status":"closed","ping_status":"closed","template":"","meta":{"inline_featured_image":false},"product_brand":[],"product_cat":[2072,2070,2051],"product_tag":[2040],"sport":[448,446],"class_list":{"0":"post-449514","1":"product","2":"type-product","3":"status-publish","4":"has-post-thumbnail","6":"product_cat-boxhandschuhe","7":"product_cat-kick-boxing-handschuhe","8":"product_cat-schutz","9":"product_tag-dax-de","10":"pa_size-372","11":"pa_size-371","12":"pa_size-370","13":"sport-kick-boxing","14":"sport-boxe","16":"first","17":"instock","18":"taxable","19":"shipping-taxable","20":"purchasable","21":"product-type-variable"},"yoast_head":"<!-- This site is optimized with the Yoast SEO plugin v27.2 - https:\/\/yoast.com\/product\/yoast-seo-wordpress\/ -->\n<title>Boxhandschuhe Dax Black Line edition schwarz | Daisho<\/title>\n<meta name=\"description\" content=\"Hochwertige Black Line Edition Boxhandschuhe f\u00fcr das Training von Kampfsportarten. Wollen Sie Ihr Bestes geben? Bestellen Sie sie in unserem Shop\" \/>\n<meta name=\"robots\" content=\"index, follow, max-snippet:-1, max-image-preview:large, max-video-preview:-1\" \/>\n<link rel=\"canonical\" href=\"https:\/\/www.daisho.be\/de\/produit\/boxhandschuhe-dax-black-line\/\" \/>\n<meta property=\"og:locale\" content=\"de_DE\" \/>\n<meta property=\"og:type\" content=\"article\" \/>\n<meta property=\"og:title\" content=\"Boxhandschuhe Dax Black Line edition schwarz | Daisho\" \/>\n<meta property=\"og:description\" content=\"Hochwertige Black Line Edition Boxhandschuhe f\u00fcr das Training von Kampfsportarten. Wollen Sie Ihr Bestes geben? Bestellen Sie sie in unserem Shop\" \/>\n<meta property=\"og:url\" content=\"https:\/\/www.daisho.be\/de\/produit\/boxhandschuhe-dax-black-line\/\" \/>\n<meta property=\"og:site_name\" content=\"Daisho\" \/>\n<meta property=\"og:image\" content=\"https:\/\/www.daisho.be\/wp-content\/uploads\/2023\/03\/image-154.jpg\" \/>\n\t<meta property=\"og:image:width\" content=\"384\" \/>\n\t<meta property=\"og:image:height\" content=\"543\" \/>\n\t<meta property=\"og:image:type\" content=\"image\/jpeg\" \/>\n<meta name=\"twitter:card\" content=\"summary_large_image\" \/>\n<script type=\"application\/ld+json\" class=\"yoast-schema-graph\">{\"@context\":\"https:\/\/schema.org\",\"@graph\":[{\"@type\":\"WebPage\",\"@id\":\"https:\/\/www.daisho.be\/de\/produit\/boxhandschuhe-dax-black-line\/\",\"url\":\"https:\/\/www.daisho.be\/de\/produit\/boxhandschuhe-dax-black-line\/\",\"name\":\"Boxhandschuhe Dax Black Line edition schwarz | Daisho\",\"isPartOf\":{\"@id\":\"https:\/\/www.daisho.be\/de\/#website\"},\"primaryImageOfPage\":{\"@id\":\"https:\/\/www.daisho.be\/de\/produit\/boxhandschuhe-dax-black-line\/#primaryimage\"},\"image\":{\"@id\":\"https:\/\/www.daisho.be\/de\/produit\/boxhandschuhe-dax-black-line\/#primaryimage\"},\"thumbnailUrl\":\"https:\/\/www.daisho.be\/wp-content\/uploads\/2023\/03\/image-154.jpg\",\"datePublished\":\"2019-09-16T15:41:17+00:00\",\"description\":\"Hochwertige Black Line Edition Boxhandschuhe f\u00fcr das Training von Kampfsportarten. Wollen Sie Ihr Bestes geben? Bestellen Sie sie in unserem Shop\",\"breadcrumb\":{\"@id\":\"https:\/\/www.daisho.be\/de\/produit\/boxhandschuhe-dax-black-line\/#breadcrumb\"},\"inLanguage\":\"de\",\"potentialAction\":[{\"@type\":\"ReadAction\",\"target\":[\"https:\/\/www.daisho.be\/de\/produit\/boxhandschuhe-dax-black-line\/\"]}]},{\"@type\":\"ImageObject\",\"inLanguage\":\"de\",\"@id\":\"https:\/\/www.daisho.be\/de\/produit\/boxhandschuhe-dax-black-line\/#primaryimage\",\"url\":\"https:\/\/www.daisho.be\/wp-content\/uploads\/2023\/03\/image-154.jpg\",\"contentUrl\":\"https:\/\/www.daisho.be\/wp-content\/uploads\/2023\/03\/image-154.jpg\",\"width\":384,\"height\":543},{\"@type\":\"BreadcrumbList\",\"@id\":\"https:\/\/www.daisho.be\/de\/produit\/boxhandschuhe-dax-black-line\/#breadcrumb\",\"itemListElement\":[{\"@type\":\"ListItem\",\"position\":1,\"name\":\"Accueil\",\"item\":\"https:\/\/www.daisho.be\/de\/\"},{\"@type\":\"ListItem\",\"position\":2,\"name\":\"Produkte\",\"item\":\"https:\/\/www.daisho.be\/de\/produkte\/\"},{\"@type\":\"ListItem\",\"position\":3,\"name\":\"Kampfsportarten\",\"item\":\"https:\/\/www.daisho.be\/de\/categorie-produit\/kampfsportarten\/\"},{\"@type\":\"ListItem\",\"position\":4,\"name\":\"Schutz\",\"item\":\"https:\/\/www.daisho.be\/de\/categorie-produit\/kampfsportarten\/schutz\/\"},{\"@type\":\"ListItem\",\"position\":5,\"name\":\"BOXHANDSCHUHE DAX BLACK LINE\"}]},{\"@type\":\"WebSite\",\"@id\":\"https:\/\/www.daisho.be\/de\/#website\",\"url\":\"https:\/\/www.daisho.be\/de\/\",\"name\":\"Daisho\",\"description\":\"Sp&eacute;cialiste de l'&eacute;quipement sportif d'arts martiaux\",\"publisher\":{\"@id\":\"https:\/\/www.daisho.be\/de\/#organization\"},\"potentialAction\":[{\"@type\":\"SearchAction\",\"target\":{\"@type\":\"EntryPoint\",\"urlTemplate\":\"https:\/\/www.daisho.be\/de\/?s={search_term_string}\"},\"query-input\":{\"@type\":\"PropertyValueSpecification\",\"valueRequired\":true,\"valueName\":\"search_term_string\"}}],\"inLanguage\":\"de\"},{\"@type\":\"Organization\",\"@id\":\"https:\/\/www.daisho.be\/de\/#organization\",\"name\":\"Daisho\",\"url\":\"https:\/\/www.daisho.be\/de\/\",\"logo\":{\"@type\":\"ImageObject\",\"inLanguage\":\"de\",\"@id\":\"https:\/\/www.daisho.be\/de\/#\/schema\/logo\/image\/\",\"url\":\"https:\/\/www.daisho.be\/wp-content\/uploads\/2019\/07\/color-nothing-horizontale4x-e1564486100247.png\",\"contentUrl\":\"https:\/\/www.daisho.be\/wp-content\/uploads\/2019\/07\/color-nothing-horizontale4x-e1564486100247.png\",\"width\":1547,\"height\":385,\"caption\":\"Daisho\"},\"image\":{\"@id\":\"https:\/\/www.daisho.be\/de\/#\/schema\/logo\/image\/\"}}]}<\/script>\n<!-- \/ Yoast SEO plugin. -->","yoast_head_json":{"title":"Boxhandschuhe Dax Black Line edition schwarz | Daisho","description":"Hochwertige Black Line Edition Boxhandschuhe f\u00fcr das Training von Kampfsportarten. Wollen Sie Ihr Bestes geben? Bestellen Sie sie in unserem Shop","robots":{"index":"index","follow":"follow","max-snippet":"max-snippet:-1","max-image-preview":"max-image-preview:large","max-video-preview":"max-video-preview:-1"},"canonical":"https:\/\/www.daisho.be\/de\/produit\/boxhandschuhe-dax-black-line\/","og_locale":"de_DE","og_type":"article","og_title":"Boxhandschuhe Dax Black Line edition schwarz | Daisho","og_description":"Hochwertige Black Line Edition Boxhandschuhe f\u00fcr das Training von Kampfsportarten. Wollen Sie Ihr Bestes geben? Bestellen Sie sie in unserem Shop","og_url":"https:\/\/www.daisho.be\/de\/produit\/boxhandschuhe-dax-black-line\/","og_site_name":"Daisho","og_image":[{"width":384,"height":543,"url":"https:\/\/www.daisho.be\/wp-content\/uploads\/2023\/03\/image-154.jpg","type":"image\/jpeg"}],"twitter_card":"summary_large_image","schema":{"@context":"https:\/\/schema.org","@graph":[{"@type":"WebPage","@id":"https:\/\/www.daisho.be\/de\/produit\/boxhandschuhe-dax-black-line\/","url":"https:\/\/www.daisho.be\/de\/produit\/boxhandschuhe-dax-black-line\/","name":"Boxhandschuhe Dax Black Line edition schwarz | Daisho","isPartOf":{"@id":"https:\/\/www.daisho.be\/de\/#website"},"primaryImageOfPage":{"@id":"https:\/\/www.daisho.be\/de\/produit\/boxhandschuhe-dax-black-line\/#primaryimage"},"image":{"@id":"https:\/\/www.daisho.be\/de\/produit\/boxhandschuhe-dax-black-line\/#primaryimage"},"thumbnailUrl":"https:\/\/www.daisho.be\/wp-content\/uploads\/2023\/03\/image-154.jpg","datePublished":"2019-09-16T15:41:17+00:00","description":"Hochwertige Black Line Edition Boxhandschuhe f\u00fcr das Training von Kampfsportarten. Wollen Sie Ihr Bestes geben? Bestellen Sie sie in unserem Shop","breadcrumb":{"@id":"https:\/\/www.daisho.be\/de\/produit\/boxhandschuhe-dax-black-line\/#breadcrumb"},"inLanguage":"de","potentialAction":[{"@type":"ReadAction","target":["https:\/\/www.daisho.be\/de\/produit\/boxhandschuhe-dax-black-line\/"]}]},{"@type":"ImageObject","inLanguage":"de","@id":"https:\/\/www.daisho.be\/de\/produit\/boxhandschuhe-dax-black-line\/#primaryimage","url":"https:\/\/www.daisho.be\/wp-content\/uploads\/2023\/03\/image-154.jpg","contentUrl":"https:\/\/www.daisho.be\/wp-content\/uploads\/2023\/03\/image-154.jpg","width":384,"height":543},{"@type":"BreadcrumbList","@id":"https:\/\/www.daisho.be\/de\/produit\/boxhandschuhe-dax-black-line\/#breadcrumb","itemListElement":[{"@type":"ListItem","position":1,"name":"Accueil","item":"https:\/\/www.daisho.be\/de\/"},{"@type":"ListItem","position":2,"name":"Produkte","item":"https:\/\/www.daisho.be\/de\/produkte\/"},{"@type":"ListItem","position":3,"name":"Kampfsportarten","item":"https:\/\/www.daisho.be\/de\/categorie-produit\/kampfsportarten\/"},{"@type":"ListItem","position":4,"name":"Schutz","item":"https:\/\/www.daisho.be\/de\/categorie-produit\/kampfsportarten\/schutz\/"},{"@type":"ListItem","position":5,"name":"BOXHANDSCHUHE DAX BLACK LINE"}]},{"@type":"WebSite","@id":"https:\/\/www.daisho.be\/de\/#website","url":"https:\/\/www.daisho.be\/de\/","name":"Daisho","description":"Sp&eacute;cialiste de l'&eacute;quipement sportif d'arts martiaux","publisher":{"@id":"https:\/\/www.daisho.be\/de\/#organization"},"potentialAction":[{"@type":"SearchAction","target":{"@type":"EntryPoint","urlTemplate":"https:\/\/www.daisho.be\/de\/?s={search_term_string}"},"query-input":{"@type":"PropertyValueSpecification","valueRequired":true,"valueName":"search_term_string"}}],"inLanguage":"de"},{"@type":"Organization","@id":"https:\/\/www.daisho.be\/de\/#organization","name":"Daisho","url":"https:\/\/www.daisho.be\/de\/","logo":{"@type":"ImageObject","inLanguage":"de","@id":"https:\/\/www.daisho.be\/de\/#\/schema\/logo\/image\/","url":"https:\/\/www.daisho.be\/wp-content\/uploads\/2019\/07\/color-nothing-horizontale4x-e1564486100247.png","contentUrl":"https:\/\/www.daisho.be\/wp-content\/uploads\/2019\/07\/color-nothing-horizontale4x-e1564486100247.png","width":1547,"height":385,"caption":"Daisho"},"image":{"@id":"https:\/\/www.daisho.be\/de\/#\/schema\/logo\/image\/"}}]}},"_links":{"self":[{"href":"https:\/\/www.daisho.be\/de\/wp-json\/wp\/v2\/product\/449514","targetHints":{"allow":["GET"]}}],"collection":[{"href":"https:\/\/www.daisho.be\/de\/wp-json\/wp\/v2\/product"}],"about":[{"href":"https:\/\/www.daisho.be\/de\/wp-json\/wp\/v2\/types\/product"}],"replies":[{"embeddable":true,"href":"https:\/\/www.daisho.be\/de\/wp-json\/wp\/v2\/comments?post=449514"}],"wp:featuredmedia":[{"embeddable":true,"href":"https:\/\/www.daisho.be\/de\/wp-json\/wp\/v2\/media\/449521"}],"wp:attachment":[{"href":"https:\/\/www.daisho.be\/de\/wp-json\/wp\/v2\/media?parent=449514"}],"wp:term":[{"taxonomy":"product_brand","embeddable":true,"href":"https:\/\/www.daisho.be\/de\/wp-json\/wp\/v2\/product_brand?post=449514"},{"taxonomy":"product_cat","embeddable":true,"href":"https:\/\/www.daisho.be\/de\/wp-json\/wp\/v2\/product_cat?post=449514"},{"taxonomy":"product_tag","embeddable":true,"href":"https:\/\/www.daisho.be\/de\/wp-json\/wp\/v2\/product_tag?post=449514"},{"taxonomy":"sport","embeddable":true,"href":"https:\/\/www.daisho.be\/de\/wp-json\/wp\/v2\/sport?post=449514"}],"curies":[{"name":"wp","href":"https:\/\/api.w.org\/{rel}","templated":true}]}}