{"id":449423,"date":"2019-09-16T18:03:04","date_gmt":"2019-09-16T16:03:04","guid":{"rendered":"https:\/\/www.daisho.be\/produit\/schienbein-fussschutz-dax-black-line\/"},"modified":"2019-09-16T18:03:04","modified_gmt":"2019-09-16T16:03:04","slug":"schienbein-fussschutz-dax-black-line","status":"publish","type":"product","link":"https:\/\/www.daisho.be\/de\/produit\/schienbein-fussschutz-dax-black-line\/","title":{"rendered":"SCHIENBEIN-\/FUSSSCHUTZ DAX BLACK LINE"},"content":{"rendered":"<p>Fu\u00df-\/Schienbeinsch\u00fctzer f\u00fcr die Aus\u00fcbung verschiedener Kampfsportarten wie Kickboxen, Fu\u00df-\/Faustboxen&#8230;<br \/>\nDie Merkmale dieser Schienbeinsch\u00fctzer sind ihre ideale Passform, ihr geringes Gewicht und die Polsterung. Der Halt wird durch Klettverschluss gew\u00e4hrleistet.<br \/>\n&#8211; Oberteil aus robustem PU,<br \/>\n&#8211; handgefertigtes Produkt,<br \/>\n&#8211; ergonomische Form,<br \/>\n&#8211; in Deutschland entworfen,<br \/>\n&#8211; Farbe: mattschwarz. <\/p>\n","protected":false},"excerpt":{"rendered":"<p>Fu\u00df-\/Schienbeinsch\u00fctzer f\u00fcr die Aus\u00fcbung verschiedener Kampfsportarten wie Kickboxen, Fu\u00df-\/Faustboxen&#8230; Die Merkmale dieser Schienbeinsch\u00fctzer sind ihre ideale Passform, ihr geringes Gewicht und die Polsterung. Der Halt wird durch Klettverschluss gew\u00e4hrleistet. &#8211; Oberteil aus robustem PU, &#8211; handgefertigtes Produkt, &#8211; ergonomische Form, &#8211; in Deutschland entworfen, &#8211; Farbe: mattschwarz.<\/p>\n","protected":false},"featured_media":449429,"comment_status":"closed","ping_status":"closed","template":"","meta":{"inline_featured_image":false},"product_brand":[],"product_cat":[2065,2021,2051],"product_tag":[2040],"sport":[],"class_list":{"0":"post-449423","1":"product","2":"type-product","3":"status-publish","4":"has-post-thumbnail","6":"product_cat-muay-thai-protektoren","7":"product_cat-protektoren-kick-boxing","8":"product_cat-schutz","9":"product_tag-dax-de","10":"pa_size-l","11":"pa_size-m","12":"pa_size-s","13":"pa_size-xl","15":"first","16":"instock","17":"taxable","18":"shipping-taxable","19":"purchasable","20":"product-type-variable"},"yoast_head":"<!-- This site is optimized with the Yoast SEO plugin v27.2 - https:\/\/yoast.com\/product\/yoast-seo-wordpress\/ -->\n<title>SCHIENBEIN-\/FUSSSCHUTZ DAX BLACK LINE &#8211; Daisho<\/title>\n<meta name=\"robots\" content=\"index, follow, max-snippet:-1, max-image-preview:large, max-video-preview:-1\" \/>\n<link rel=\"canonical\" href=\"https:\/\/www.daisho.be\/de\/produit\/schienbein-fussschutz-dax-black-line\/\" \/>\n<meta property=\"og:locale\" content=\"de_DE\" \/>\n<meta property=\"og:type\" content=\"article\" \/>\n<meta property=\"og:title\" content=\"SCHIENBEIN-\/FUSSSCHUTZ DAX BLACK LINE &#8211; Daisho\" \/>\n<meta property=\"og:description\" content=\"Fu\u00df-\/Schienbeinsch\u00fctzer f\u00fcr die Aus\u00fcbung verschiedener Kampfsportarten wie Kickboxen, Fu\u00df-\/Faustboxen&#8230; Die Merkmale dieser Schienbeinsch\u00fctzer sind ihre ideale Passform, ihr geringes Gewicht und die Polsterung. Der Halt wird durch Klettverschluss gew\u00e4hrleistet. &#8211; Oberteil aus robustem PU, &#8211; handgefertigtes Produkt, &#8211; ergonomische Form, &#8211; in Deutschland entworfen, &#8211; Farbe: mattschwarz.\" \/>\n<meta property=\"og:url\" content=\"https:\/\/www.daisho.be\/de\/produit\/schienbein-fussschutz-dax-black-line\/\" \/>\n<meta property=\"og:site_name\" content=\"Daisho\" \/>\n<meta property=\"og:image\" content=\"https:\/\/www.daisho.be\/wp-content\/uploads\/2023\/06\/image-72.jpg\" \/>\n\t<meta property=\"og:image:width\" content=\"510\" \/>\n\t<meta property=\"og:image:height\" content=\"720\" \/>\n\t<meta property=\"og:image:type\" content=\"image\/jpeg\" \/>\n<meta name=\"twitter:card\" content=\"summary_large_image\" \/>\n<script type=\"application\/ld+json\" class=\"yoast-schema-graph\">{\"@context\":\"https:\/\/schema.org\",\"@graph\":[{\"@type\":\"WebPage\",\"@id\":\"https:\/\/www.daisho.be\/de\/produit\/schienbein-fussschutz-dax-black-line\/\",\"url\":\"https:\/\/www.daisho.be\/de\/produit\/schienbein-fussschutz-dax-black-line\/\",\"name\":\"SCHIENBEIN-\/FUSSSCHUTZ DAX BLACK LINE &#8211; Daisho\",\"isPartOf\":{\"@id\":\"https:\/\/www.daisho.be\/de\/#website\"},\"primaryImageOfPage\":{\"@id\":\"https:\/\/www.daisho.be\/de\/produit\/schienbein-fussschutz-dax-black-line\/#primaryimage\"},\"image\":{\"@id\":\"https:\/\/www.daisho.be\/de\/produit\/schienbein-fussschutz-dax-black-line\/#primaryimage\"},\"thumbnailUrl\":\"https:\/\/www.daisho.be\/wp-content\/uploads\/2023\/06\/image-72.jpg\",\"datePublished\":\"2019-09-16T16:03:04+00:00\",\"breadcrumb\":{\"@id\":\"https:\/\/www.daisho.be\/de\/produit\/schienbein-fussschutz-dax-black-line\/#breadcrumb\"},\"inLanguage\":\"de\",\"potentialAction\":[{\"@type\":\"ReadAction\",\"target\":[\"https:\/\/www.daisho.be\/de\/produit\/schienbein-fussschutz-dax-black-line\/\"]}]},{\"@type\":\"ImageObject\",\"inLanguage\":\"de\",\"@id\":\"https:\/\/www.daisho.be\/de\/produit\/schienbein-fussschutz-dax-black-line\/#primaryimage\",\"url\":\"https:\/\/www.daisho.be\/wp-content\/uploads\/2023\/06\/image-72.jpg\",\"contentUrl\":\"https:\/\/www.daisho.be\/wp-content\/uploads\/2023\/06\/image-72.jpg\",\"width\":510,\"height\":720},{\"@type\":\"BreadcrumbList\",\"@id\":\"https:\/\/www.daisho.be\/de\/produit\/schienbein-fussschutz-dax-black-line\/#breadcrumb\",\"itemListElement\":[{\"@type\":\"ListItem\",\"position\":1,\"name\":\"Accueil\",\"item\":\"https:\/\/www.daisho.be\/de\/\"},{\"@type\":\"ListItem\",\"position\":2,\"name\":\"Produkte\",\"item\":\"https:\/\/www.daisho.be\/de\/produkte\/\"},{\"@type\":\"ListItem\",\"position\":3,\"name\":\"Kampfsportarten\",\"item\":\"https:\/\/www.daisho.be\/de\/categorie-produit\/kampfsportarten\/\"},{\"@type\":\"ListItem\",\"position\":4,\"name\":\"Schutz\",\"item\":\"https:\/\/www.daisho.be\/de\/categorie-produit\/kampfsportarten\/schutz\/\"},{\"@type\":\"ListItem\",\"position\":5,\"name\":\"SCHIENBEIN-\/FUSSSCHUTZ DAX BLACK LINE\"}]},{\"@type\":\"WebSite\",\"@id\":\"https:\/\/www.daisho.be\/de\/#website\",\"url\":\"https:\/\/www.daisho.be\/de\/\",\"name\":\"Daisho\",\"description\":\"Sp&eacute;cialiste de l'&eacute;quipement sportif d'arts martiaux\",\"publisher\":{\"@id\":\"https:\/\/www.daisho.be\/de\/#organization\"},\"potentialAction\":[{\"@type\":\"SearchAction\",\"target\":{\"@type\":\"EntryPoint\",\"urlTemplate\":\"https:\/\/www.daisho.be\/de\/?s={search_term_string}\"},\"query-input\":{\"@type\":\"PropertyValueSpecification\",\"valueRequired\":true,\"valueName\":\"search_term_string\"}}],\"inLanguage\":\"de\"},{\"@type\":\"Organization\",\"@id\":\"https:\/\/www.daisho.be\/de\/#organization\",\"name\":\"Daisho\",\"url\":\"https:\/\/www.daisho.be\/de\/\",\"logo\":{\"@type\":\"ImageObject\",\"inLanguage\":\"de\",\"@id\":\"https:\/\/www.daisho.be\/de\/#\/schema\/logo\/image\/\",\"url\":\"https:\/\/www.daisho.be\/wp-content\/uploads\/2019\/07\/color-nothing-horizontale4x-e1564486100247.png\",\"contentUrl\":\"https:\/\/www.daisho.be\/wp-content\/uploads\/2019\/07\/color-nothing-horizontale4x-e1564486100247.png\",\"width\":1547,\"height\":385,\"caption\":\"Daisho\"},\"image\":{\"@id\":\"https:\/\/www.daisho.be\/de\/#\/schema\/logo\/image\/\"}}]}<\/script>\n<!-- \/ Yoast SEO plugin. -->","yoast_head_json":{"title":"SCHIENBEIN-\/FUSSSCHUTZ DAX BLACK LINE &#8211; Daisho","robots":{"index":"index","follow":"follow","max-snippet":"max-snippet:-1","max-image-preview":"max-image-preview:large","max-video-preview":"max-video-preview:-1"},"canonical":"https:\/\/www.daisho.be\/de\/produit\/schienbein-fussschutz-dax-black-line\/","og_locale":"de_DE","og_type":"article","og_title":"SCHIENBEIN-\/FUSSSCHUTZ DAX BLACK LINE &#8211; Daisho","og_description":"Fu\u00df-\/Schienbeinsch\u00fctzer f\u00fcr die Aus\u00fcbung verschiedener Kampfsportarten wie Kickboxen, Fu\u00df-\/Faustboxen&#8230; Die Merkmale dieser Schienbeinsch\u00fctzer sind ihre ideale Passform, ihr geringes Gewicht und die Polsterung. Der Halt wird durch Klettverschluss gew\u00e4hrleistet. &#8211; Oberteil aus robustem PU, &#8211; handgefertigtes Produkt, &#8211; ergonomische Form, &#8211; in Deutschland entworfen, &#8211; Farbe: mattschwarz.","og_url":"https:\/\/www.daisho.be\/de\/produit\/schienbein-fussschutz-dax-black-line\/","og_site_name":"Daisho","og_image":[{"width":510,"height":720,"url":"https:\/\/www.daisho.be\/wp-content\/uploads\/2023\/06\/image-72.jpg","type":"image\/jpeg"}],"twitter_card":"summary_large_image","schema":{"@context":"https:\/\/schema.org","@graph":[{"@type":"WebPage","@id":"https:\/\/www.daisho.be\/de\/produit\/schienbein-fussschutz-dax-black-line\/","url":"https:\/\/www.daisho.be\/de\/produit\/schienbein-fussschutz-dax-black-line\/","name":"SCHIENBEIN-\/FUSSSCHUTZ DAX BLACK LINE &#8211; Daisho","isPartOf":{"@id":"https:\/\/www.daisho.be\/de\/#website"},"primaryImageOfPage":{"@id":"https:\/\/www.daisho.be\/de\/produit\/schienbein-fussschutz-dax-black-line\/#primaryimage"},"image":{"@id":"https:\/\/www.daisho.be\/de\/produit\/schienbein-fussschutz-dax-black-line\/#primaryimage"},"thumbnailUrl":"https:\/\/www.daisho.be\/wp-content\/uploads\/2023\/06\/image-72.jpg","datePublished":"2019-09-16T16:03:04+00:00","breadcrumb":{"@id":"https:\/\/www.daisho.be\/de\/produit\/schienbein-fussschutz-dax-black-line\/#breadcrumb"},"inLanguage":"de","potentialAction":[{"@type":"ReadAction","target":["https:\/\/www.daisho.be\/de\/produit\/schienbein-fussschutz-dax-black-line\/"]}]},{"@type":"ImageObject","inLanguage":"de","@id":"https:\/\/www.daisho.be\/de\/produit\/schienbein-fussschutz-dax-black-line\/#primaryimage","url":"https:\/\/www.daisho.be\/wp-content\/uploads\/2023\/06\/image-72.jpg","contentUrl":"https:\/\/www.daisho.be\/wp-content\/uploads\/2023\/06\/image-72.jpg","width":510,"height":720},{"@type":"BreadcrumbList","@id":"https:\/\/www.daisho.be\/de\/produit\/schienbein-fussschutz-dax-black-line\/#breadcrumb","itemListElement":[{"@type":"ListItem","position":1,"name":"Accueil","item":"https:\/\/www.daisho.be\/de\/"},{"@type":"ListItem","position":2,"name":"Produkte","item":"https:\/\/www.daisho.be\/de\/produkte\/"},{"@type":"ListItem","position":3,"name":"Kampfsportarten","item":"https:\/\/www.daisho.be\/de\/categorie-produit\/kampfsportarten\/"},{"@type":"ListItem","position":4,"name":"Schutz","item":"https:\/\/www.daisho.be\/de\/categorie-produit\/kampfsportarten\/schutz\/"},{"@type":"ListItem","position":5,"name":"SCHIENBEIN-\/FUSSSCHUTZ DAX BLACK LINE"}]},{"@type":"WebSite","@id":"https:\/\/www.daisho.be\/de\/#website","url":"https:\/\/www.daisho.be\/de\/","name":"Daisho","description":"Sp&eacute;cialiste de l'&eacute;quipement sportif d'arts martiaux","publisher":{"@id":"https:\/\/www.daisho.be\/de\/#organization"},"potentialAction":[{"@type":"SearchAction","target":{"@type":"EntryPoint","urlTemplate":"https:\/\/www.daisho.be\/de\/?s={search_term_string}"},"query-input":{"@type":"PropertyValueSpecification","valueRequired":true,"valueName":"search_term_string"}}],"inLanguage":"de"},{"@type":"Organization","@id":"https:\/\/www.daisho.be\/de\/#organization","name":"Daisho","url":"https:\/\/www.daisho.be\/de\/","logo":{"@type":"ImageObject","inLanguage":"de","@id":"https:\/\/www.daisho.be\/de\/#\/schema\/logo\/image\/","url":"https:\/\/www.daisho.be\/wp-content\/uploads\/2019\/07\/color-nothing-horizontale4x-e1564486100247.png","contentUrl":"https:\/\/www.daisho.be\/wp-content\/uploads\/2019\/07\/color-nothing-horizontale4x-e1564486100247.png","width":1547,"height":385,"caption":"Daisho"},"image":{"@id":"https:\/\/www.daisho.be\/de\/#\/schema\/logo\/image\/"}}]}},"_links":{"self":[{"href":"https:\/\/www.daisho.be\/de\/wp-json\/wp\/v2\/product\/449423","targetHints":{"allow":["GET"]}}],"collection":[{"href":"https:\/\/www.daisho.be\/de\/wp-json\/wp\/v2\/product"}],"about":[{"href":"https:\/\/www.daisho.be\/de\/wp-json\/wp\/v2\/types\/product"}],"replies":[{"embeddable":true,"href":"https:\/\/www.daisho.be\/de\/wp-json\/wp\/v2\/comments?post=449423"}],"wp:featuredmedia":[{"embeddable":true,"href":"https:\/\/www.daisho.be\/de\/wp-json\/wp\/v2\/media\/449429"}],"wp:attachment":[{"href":"https:\/\/www.daisho.be\/de\/wp-json\/wp\/v2\/media?parent=449423"}],"wp:term":[{"taxonomy":"product_brand","embeddable":true,"href":"https:\/\/www.daisho.be\/de\/wp-json\/wp\/v2\/product_brand?post=449423"},{"taxonomy":"product_cat","embeddable":true,"href":"https:\/\/www.daisho.be\/de\/wp-json\/wp\/v2\/product_cat?post=449423"},{"taxonomy":"product_tag","embeddable":true,"href":"https:\/\/www.daisho.be\/de\/wp-json\/wp\/v2\/product_tag?post=449423"},{"taxonomy":"sport","embeddable":true,"href":"https:\/\/www.daisho.be\/de\/wp-json\/wp\/v2\/sport?post=449423"}],"curies":[{"name":"wp","href":"https:\/\/api.w.org\/{rel}","templated":true}]}}