{"id":449393,"date":"2019-09-18T22:38:00","date_gmt":"2019-09-18T20:38:00","guid":{"rendered":"https:\/\/www.daisho.be\/produit\/boxen-anzeigetafel-cbb\/"},"modified":"2025-10-09T13:45:01","modified_gmt":"2025-10-09T11:45:01","slug":"boxen-anzeigetafel-cbb","status":"publish","type":"product","link":"https:\/\/www.daisho.be\/de\/produit\/boxen-anzeigetafel-cbb\/","title":{"rendered":"Boxen Anzeigetafel CBB"},"content":{"rendered":"<p>Der CBB Box-Anzeiger ist eine echte Anzeigetafel. Er ist netzbetrieben mit einem 50 m langen Kabel und kann mit einem Rollfu\u00df ausgestattet werden, um ihn leicht zu bewegen. Die Anzeigetafel ist mit einem LCD-Bildschirm ausgestattet, der eine bessere Anzeigequalit\u00e4t erm\u00f6glicht.<br \/>\nZusammensetzung :<br \/>\n-1 Display<br \/>\n1 Radio-Hauptsprechstelle<br \/>\n-5 Birnen Richter<br \/>\n-1 gro\u00dfer Koffer<br \/>\n-5 kleiner Koffer<br \/>\n-1 Netzkabel 50m<br \/>\n-1 Gebrauchsanweisung<br \/>\n-1 Installationsanleitung<br \/>\nTechnische Beschreibung :<br \/>\nNutzung: Innenbereich<br \/>\n\u00dcbertragung: Radio<br \/>\nLesbarkeit: 60 m, Winkel  &gt;160\u00b0<br \/>\nAbmessungen: 1500 x 600 x 90 mm<br \/>\nGewicht: 24 kg<br \/>\nStromversorgung: Netz 230V 50\/60 Hz<br \/>\nSchutz: Vorderseite aus mattschwarzem, entspiegeltem, unzerbrechlichem Polycarbonat (DIN 18032-3)<br \/>\nEingebaute Hupe: 116 dB in 1 m Entfernung<br \/>\nAnzeigefunktionen :<br \/>\nRound: 1 hochleuchtende 16 cm LED-Ziffern<br \/>\nStoppuhr: 3-stellige LED mit hoher Helligkeit 16 cm<br \/>\nPunkte: 2&#215;2 Ziffern mit hoher Helligkeit LED 16 cm<br \/>\nGriff: 2&#215;1-stellige Hochleistungs-LED 16cm<br \/>\nPult :<br \/>\n1 Pult: (340 x 175 x 60 mm) mit LCD-Bildschirm mit 2 Zeilen \u00e0 20 Zeichen, 9 mm breit<br \/>\n5 Birnen Richter<br \/>\nProgramm :<br \/>\n&#8211; Dauer der Runden<br \/>\n&#8211; Dauer der Pause zwischen zwei Runden<br \/>\n&#8211; Anzahl der Runden<br \/>\n&#8211; Punkte pro Spieler<br \/>\n&#8211; Gewonnene Runden<br \/>\n&#8211; Buzzer am Ende der Runde<br \/>\nMehrsprachiges Programm<br \/>\nOptionen:<br \/>\nRollfu\u00df.<\/p>\n","protected":false},"excerpt":{"rendered":"<p>Der CBB Box-Anzeiger ist eine echte Anzeigetafel. Er ist netzbetrieben mit einem 50 m langen Kabel und kann mit einem Rollfu\u00df ausgestattet werden, um ihn leicht zu bewegen. Die Anzeigetafel ist mit einem LCD-Bildschirm ausgestattet, der eine bessere Anzeigequalit\u00e4t erm\u00f6glicht. Zusammensetzung : -1 Display 1 Radio-Hauptsprechstelle -5 Birnen Richter -1 gro\u00dfer Koffer -5 kleiner Koffer [&hellip;]<\/p>\n","protected":false},"featured_media":524834,"comment_status":"closed","ping_status":"closed","template":"","meta":{"inline_featured_image":false},"product_brand":[],"product_cat":[2031],"product_tag":[2033],"sport":[446],"class_list":{"0":"post-449393","1":"product","2":"type-product","3":"status-publish","4":"has-post-thumbnail","6":"product_cat-plakate-wettbewerb","7":"product_tag-stramatel-de","8":"pa_size-sans-taille","9":"sport-boxe","11":"first","12":"instock","13":"taxable","14":"shipping-taxable","15":"purchasable","16":"product-type-simple"},"yoast_head":"<!-- This site is optimized with the Yoast SEO plugin v27.2 - https:\/\/yoast.com\/product\/yoast-seo-wordpress\/ -->\n<title>Boxen Anzeigetafel CBB &#8211; Daisho<\/title>\n<meta name=\"description\" content=\"Entdecken Sie das CBB Display f\u00fcr Ihre Boxwettk\u00e4mpfe. Wir k\u00f6nnen einen Rollfu\u00df hinzuf\u00fcgen, damit Sie ihn leichter bewegen k\u00f6nnen. Kaufen Sie es auf www.daisho.be\" \/>\n<meta name=\"robots\" content=\"index, follow, max-snippet:-1, max-image-preview:large, max-video-preview:-1\" \/>\n<link rel=\"canonical\" href=\"https:\/\/www.daisho.be\/de\/produit\/boxen-anzeigetafel-cbb\/\" \/>\n<meta property=\"og:locale\" content=\"de_DE\" \/>\n<meta property=\"og:type\" content=\"article\" \/>\n<meta property=\"og:title\" content=\"Boxen Anzeigetafel CBB &#8211; Daisho\" \/>\n<meta property=\"og:description\" content=\"Entdecken Sie das CBB Display f\u00fcr Ihre Boxwettk\u00e4mpfe. Wir k\u00f6nnen einen Rollfu\u00df hinzuf\u00fcgen, damit Sie ihn leichter bewegen k\u00f6nnen. Kaufen Sie es auf www.daisho.be\" \/>\n<meta property=\"og:url\" content=\"https:\/\/www.daisho.be\/de\/produit\/boxen-anzeigetafel-cbb\/\" \/>\n<meta property=\"og:site_name\" content=\"Daisho\" \/>\n<meta property=\"article:modified_time\" content=\"2025-10-09T11:45:01+00:00\" \/>\n<meta property=\"og:image\" content=\"https:\/\/www.daisho.be\/wp-content\/uploads\/2025\/06\/image-12.png\" \/>\n\t<meta property=\"og:image:width\" content=\"476\" \/>\n\t<meta property=\"og:image:height\" content=\"228\" \/>\n\t<meta property=\"og:image:type\" content=\"image\/png\" \/>\n<meta name=\"twitter:card\" content=\"summary_large_image\" \/>\n<meta name=\"twitter:label1\" content=\"Gesch\u00e4tzte Lesezeit\" \/>\n\t<meta name=\"twitter:data1\" content=\"1\u00a0Minute\" \/>\n<script type=\"application\/ld+json\" class=\"yoast-schema-graph\">{\"@context\":\"https:\/\/schema.org\",\"@graph\":[{\"@type\":\"WebPage\",\"@id\":\"https:\/\/www.daisho.be\/de\/produit\/boxen-anzeigetafel-cbb\/\",\"url\":\"https:\/\/www.daisho.be\/de\/produit\/boxen-anzeigetafel-cbb\/\",\"name\":\"Boxen Anzeigetafel CBB &#8211; Daisho\",\"isPartOf\":{\"@id\":\"https:\/\/www.daisho.be\/de\/#website\"},\"primaryImageOfPage\":{\"@id\":\"https:\/\/www.daisho.be\/de\/produit\/boxen-anzeigetafel-cbb\/#primaryimage\"},\"image\":{\"@id\":\"https:\/\/www.daisho.be\/de\/produit\/boxen-anzeigetafel-cbb\/#primaryimage\"},\"thumbnailUrl\":\"https:\/\/www.daisho.be\/wp-content\/uploads\/2025\/06\/image-12.png\",\"datePublished\":\"2019-09-18T20:38:00+00:00\",\"dateModified\":\"2025-10-09T11:45:01+00:00\",\"description\":\"Entdecken Sie das CBB Display f\u00fcr Ihre Boxwettk\u00e4mpfe. Wir k\u00f6nnen einen Rollfu\u00df hinzuf\u00fcgen, damit Sie ihn leichter bewegen k\u00f6nnen. Kaufen Sie es auf www.daisho.be\",\"breadcrumb\":{\"@id\":\"https:\/\/www.daisho.be\/de\/produit\/boxen-anzeigetafel-cbb\/#breadcrumb\"},\"inLanguage\":\"de\",\"potentialAction\":[{\"@type\":\"ReadAction\",\"target\":[\"https:\/\/www.daisho.be\/de\/produit\/boxen-anzeigetafel-cbb\/\"]}]},{\"@type\":\"ImageObject\",\"inLanguage\":\"de\",\"@id\":\"https:\/\/www.daisho.be\/de\/produit\/boxen-anzeigetafel-cbb\/#primaryimage\",\"url\":\"https:\/\/www.daisho.be\/wp-content\/uploads\/2025\/06\/image-12.png\",\"contentUrl\":\"https:\/\/www.daisho.be\/wp-content\/uploads\/2025\/06\/image-12.png\",\"width\":476,\"height\":228,\"caption\":\"Boxen Anzeigetafel CBB-1\"},{\"@type\":\"BreadcrumbList\",\"@id\":\"https:\/\/www.daisho.be\/de\/produit\/boxen-anzeigetafel-cbb\/#breadcrumb\",\"itemListElement\":[{\"@type\":\"ListItem\",\"position\":1,\"name\":\"Accueil\",\"item\":\"https:\/\/www.daisho.be\/de\/\"},{\"@type\":\"ListItem\",\"position\":2,\"name\":\"Produkte\",\"item\":\"https:\/\/www.daisho.be\/de\/produkte\/\"},{\"@type\":\"ListItem\",\"position\":3,\"name\":\"Kampfsportarten\",\"item\":\"https:\/\/www.daisho.be\/de\/categorie-produit\/kampfsportarten\/\"},{\"@type\":\"ListItem\",\"position\":4,\"name\":\"Plakate (Wettbewerb)\",\"item\":\"https:\/\/www.daisho.be\/de\/categorie-produit\/kampfsportarten\/plakate-wettbewerb\/\"},{\"@type\":\"ListItem\",\"position\":5,\"name\":\"Boxen Anzeigetafel CBB\"}]},{\"@type\":\"WebSite\",\"@id\":\"https:\/\/www.daisho.be\/de\/#website\",\"url\":\"https:\/\/www.daisho.be\/de\/\",\"name\":\"Daisho\",\"description\":\"Sp&eacute;cialiste de l'&eacute;quipement sportif d'arts martiaux\",\"publisher\":{\"@id\":\"https:\/\/www.daisho.be\/de\/#organization\"},\"potentialAction\":[{\"@type\":\"SearchAction\",\"target\":{\"@type\":\"EntryPoint\",\"urlTemplate\":\"https:\/\/www.daisho.be\/de\/?s={search_term_string}\"},\"query-input\":{\"@type\":\"PropertyValueSpecification\",\"valueRequired\":true,\"valueName\":\"search_term_string\"}}],\"inLanguage\":\"de\"},{\"@type\":\"Organization\",\"@id\":\"https:\/\/www.daisho.be\/de\/#organization\",\"name\":\"Daisho\",\"url\":\"https:\/\/www.daisho.be\/de\/\",\"logo\":{\"@type\":\"ImageObject\",\"inLanguage\":\"de\",\"@id\":\"https:\/\/www.daisho.be\/de\/#\/schema\/logo\/image\/\",\"url\":\"https:\/\/www.daisho.be\/wp-content\/uploads\/2019\/07\/color-nothing-horizontale4x-e1564486100247.png\",\"contentUrl\":\"https:\/\/www.daisho.be\/wp-content\/uploads\/2019\/07\/color-nothing-horizontale4x-e1564486100247.png\",\"width\":1547,\"height\":385,\"caption\":\"Daisho\"},\"image\":{\"@id\":\"https:\/\/www.daisho.be\/de\/#\/schema\/logo\/image\/\"}}]}<\/script>\n<!-- \/ Yoast SEO plugin. -->","yoast_head_json":{"title":"Boxen Anzeigetafel CBB &#8211; Daisho","description":"Entdecken Sie das CBB Display f\u00fcr Ihre Boxwettk\u00e4mpfe. Wir k\u00f6nnen einen Rollfu\u00df hinzuf\u00fcgen, damit Sie ihn leichter bewegen k\u00f6nnen. Kaufen Sie es auf www.daisho.be","robots":{"index":"index","follow":"follow","max-snippet":"max-snippet:-1","max-image-preview":"max-image-preview:large","max-video-preview":"max-video-preview:-1"},"canonical":"https:\/\/www.daisho.be\/de\/produit\/boxen-anzeigetafel-cbb\/","og_locale":"de_DE","og_type":"article","og_title":"Boxen Anzeigetafel CBB &#8211; Daisho","og_description":"Entdecken Sie das CBB Display f\u00fcr Ihre Boxwettk\u00e4mpfe. Wir k\u00f6nnen einen Rollfu\u00df hinzuf\u00fcgen, damit Sie ihn leichter bewegen k\u00f6nnen. Kaufen Sie es auf www.daisho.be","og_url":"https:\/\/www.daisho.be\/de\/produit\/boxen-anzeigetafel-cbb\/","og_site_name":"Daisho","article_modified_time":"2025-10-09T11:45:01+00:00","og_image":[{"width":476,"height":228,"url":"https:\/\/www.daisho.be\/wp-content\/uploads\/2025\/06\/image-12.png","type":"image\/png"}],"twitter_card":"summary_large_image","twitter_misc":{"Gesch\u00e4tzte Lesezeit":"1\u00a0Minute"},"schema":{"@context":"https:\/\/schema.org","@graph":[{"@type":"WebPage","@id":"https:\/\/www.daisho.be\/de\/produit\/boxen-anzeigetafel-cbb\/","url":"https:\/\/www.daisho.be\/de\/produit\/boxen-anzeigetafel-cbb\/","name":"Boxen Anzeigetafel CBB &#8211; Daisho","isPartOf":{"@id":"https:\/\/www.daisho.be\/de\/#website"},"primaryImageOfPage":{"@id":"https:\/\/www.daisho.be\/de\/produit\/boxen-anzeigetafel-cbb\/#primaryimage"},"image":{"@id":"https:\/\/www.daisho.be\/de\/produit\/boxen-anzeigetafel-cbb\/#primaryimage"},"thumbnailUrl":"https:\/\/www.daisho.be\/wp-content\/uploads\/2025\/06\/image-12.png","datePublished":"2019-09-18T20:38:00+00:00","dateModified":"2025-10-09T11:45:01+00:00","description":"Entdecken Sie das CBB Display f\u00fcr Ihre Boxwettk\u00e4mpfe. Wir k\u00f6nnen einen Rollfu\u00df hinzuf\u00fcgen, damit Sie ihn leichter bewegen k\u00f6nnen. Kaufen Sie es auf www.daisho.be","breadcrumb":{"@id":"https:\/\/www.daisho.be\/de\/produit\/boxen-anzeigetafel-cbb\/#breadcrumb"},"inLanguage":"de","potentialAction":[{"@type":"ReadAction","target":["https:\/\/www.daisho.be\/de\/produit\/boxen-anzeigetafel-cbb\/"]}]},{"@type":"ImageObject","inLanguage":"de","@id":"https:\/\/www.daisho.be\/de\/produit\/boxen-anzeigetafel-cbb\/#primaryimage","url":"https:\/\/www.daisho.be\/wp-content\/uploads\/2025\/06\/image-12.png","contentUrl":"https:\/\/www.daisho.be\/wp-content\/uploads\/2025\/06\/image-12.png","width":476,"height":228,"caption":"Boxen Anzeigetafel CBB-1"},{"@type":"BreadcrumbList","@id":"https:\/\/www.daisho.be\/de\/produit\/boxen-anzeigetafel-cbb\/#breadcrumb","itemListElement":[{"@type":"ListItem","position":1,"name":"Accueil","item":"https:\/\/www.daisho.be\/de\/"},{"@type":"ListItem","position":2,"name":"Produkte","item":"https:\/\/www.daisho.be\/de\/produkte\/"},{"@type":"ListItem","position":3,"name":"Kampfsportarten","item":"https:\/\/www.daisho.be\/de\/categorie-produit\/kampfsportarten\/"},{"@type":"ListItem","position":4,"name":"Plakate (Wettbewerb)","item":"https:\/\/www.daisho.be\/de\/categorie-produit\/kampfsportarten\/plakate-wettbewerb\/"},{"@type":"ListItem","position":5,"name":"Boxen Anzeigetafel CBB"}]},{"@type":"WebSite","@id":"https:\/\/www.daisho.be\/de\/#website","url":"https:\/\/www.daisho.be\/de\/","name":"Daisho","description":"Sp&eacute;cialiste de l'&eacute;quipement sportif d'arts martiaux","publisher":{"@id":"https:\/\/www.daisho.be\/de\/#organization"},"potentialAction":[{"@type":"SearchAction","target":{"@type":"EntryPoint","urlTemplate":"https:\/\/www.daisho.be\/de\/?s={search_term_string}"},"query-input":{"@type":"PropertyValueSpecification","valueRequired":true,"valueName":"search_term_string"}}],"inLanguage":"de"},{"@type":"Organization","@id":"https:\/\/www.daisho.be\/de\/#organization","name":"Daisho","url":"https:\/\/www.daisho.be\/de\/","logo":{"@type":"ImageObject","inLanguage":"de","@id":"https:\/\/www.daisho.be\/de\/#\/schema\/logo\/image\/","url":"https:\/\/www.daisho.be\/wp-content\/uploads\/2019\/07\/color-nothing-horizontale4x-e1564486100247.png","contentUrl":"https:\/\/www.daisho.be\/wp-content\/uploads\/2019\/07\/color-nothing-horizontale4x-e1564486100247.png","width":1547,"height":385,"caption":"Daisho"},"image":{"@id":"https:\/\/www.daisho.be\/de\/#\/schema\/logo\/image\/"}}]}},"_links":{"self":[{"href":"https:\/\/www.daisho.be\/de\/wp-json\/wp\/v2\/product\/449393","targetHints":{"allow":["GET"]}}],"collection":[{"href":"https:\/\/www.daisho.be\/de\/wp-json\/wp\/v2\/product"}],"about":[{"href":"https:\/\/www.daisho.be\/de\/wp-json\/wp\/v2\/types\/product"}],"replies":[{"embeddable":true,"href":"https:\/\/www.daisho.be\/de\/wp-json\/wp\/v2\/comments?post=449393"}],"wp:featuredmedia":[{"embeddable":true,"href":"https:\/\/www.daisho.be\/de\/wp-json\/wp\/v2\/media\/524834"}],"wp:attachment":[{"href":"https:\/\/www.daisho.be\/de\/wp-json\/wp\/v2\/media?parent=449393"}],"wp:term":[{"taxonomy":"product_brand","embeddable":true,"href":"https:\/\/www.daisho.be\/de\/wp-json\/wp\/v2\/product_brand?post=449393"},{"taxonomy":"product_cat","embeddable":true,"href":"https:\/\/www.daisho.be\/de\/wp-json\/wp\/v2\/product_cat?post=449393"},{"taxonomy":"product_tag","embeddable":true,"href":"https:\/\/www.daisho.be\/de\/wp-json\/wp\/v2\/product_tag?post=449393"},{"taxonomy":"sport","embeddable":true,"href":"https:\/\/www.daisho.be\/de\/wp-json\/wp\/v2\/sport?post=449393"}],"curies":[{"name":"wp","href":"https:\/\/api.w.org\/{rel}","templated":true}]}}