{"id":449378,"date":"2019-09-18T22:38:28","date_gmt":"2019-09-18T20:38:28","guid":{"rendered":"https:\/\/www.daisho.be\/produit\/cjm-judo-anzeigetafel\/"},"modified":"2025-11-20T13:57:37","modified_gmt":"2025-11-20T12:57:37","slug":"cjm-judo-anzeigetafel","status":"publish","type":"product","link":"https:\/\/www.daisho.be\/de\/produit\/cjm-judo-anzeigetafel\/","title":{"rendered":"CJM Judo-Anzeigetafel"},"content":{"rendered":"<p>Die CJM-Anzeige wurde speziell f\u00fcr Karatewettbewerbe entwickelt. Es hat einen LCD-Bildschirm mit den Abmessungen 340 x 175 x 60 mm.<br \/>\nZusammensetzung :<br \/>\n1 Display bestehend aus 1 Modul<br \/>\n  2 Steuerpulte<br \/>\nKabel und Anschlussdosen f\u00fcr Drahtmodell<br \/>\nInstallations- und Gebrauchsanweisung<br \/>\nTechnische Beschreibung :<br \/>\nNutzung: Innenbereich<br \/>\n\u00dcbertragung: Funk (868 MHz) oder Kabel<br \/>\nLesbarkeit: 45m, Winkel  &gt;160\u00b0<br \/>\nAbmessungen: 1500 x 600 x 90mm<br \/>\nGewicht: 25 kg<br \/>\nStromversorgung: Netz 230V \/ 50-60Hz 5,6A<br \/>\n  Schutz: Vorderseite aus mattschwarzem, entspiegeltem, unzerbrechlichem Polycarbonat (DIN 18032-3)<br \/>\nEingebaute Hupe: 116 dB bei 1 m Entfernung<br \/>\nNetzkabel (im Lieferumfang enthalten): 25 m &#8211; Typ: 230V, 3G, 0.75 mm\u00b2.<br \/>\n  \u00dcbertragungsverkabelung: f\u00fcr Draht- oder Funkmodell mit Drahtkit Anschlusskasten + 50 m starres \u00dcbertragungskabel (Schalttafel\/Anschlusskasten) &#8211; Typ: 2 Paare 6\/10-Kabel + 10 m flexibles DIN\/DIN \u00dcbertragungskabel (Anschlusskasten\/Standpult)<br \/>\nAnzeigefunktion :<br \/>\nStoppuhr: 3 rote Ziffern (12 cm) + blinkende Punkte<br \/>\nGewichtsklasse: 4 gelbe Zeichen (9 cm)<br \/>\n\u00c4rztliche Intervention: 4 gr\u00fcne Kreuze<br \/>\n  Wertungen: Ippon, Waza ari, (neue Regelung)<br \/>\n  Strafen: Hansoku-make, Shido<br \/>\n  Anzeige des Gewinners: 2 rote Pfeile<br \/>\nDauer der Immobilisierung: 2 rote Ziffern (12 cm)<br \/>\n  Summer<\/p>\n<p>Steuerpult :<br \/>\n  2 Pulte: (340 x 175 x 60 mm) mit 2-zeiligem LCD-Bildschirm mit 20 Zeichen, 9 mm gro\u00df<br \/>\n2 Koffer : Aufbewahrung f\u00fcr Notenst\u00e4nder (360 x 260 x 90 mm)<br \/>\n1 Ladeger\u00e4t: Permanentes Aufladen der Sprechstellen bei Nichtgebrauch (max. 16 Stunden Betriebsdauer)<br \/>\nOptionen :<br \/>\n  TV-Schnittstelle (RS 485) : Daten\u00fcbertragung von der Sprechstelle zum TV-System<br \/>\nAkustische Schnittstelle: Verst\u00e4rkung der Hupen, Anschluss der Saalbeschallung<br \/>\nKabelkit: Zus\u00e4tzliche Kabel\u00fcbertragung f\u00fcr Funkmodelle<br \/>\nInstallationsrahmen oder Rollf\u00fc\u00dfe<\/p>\n","protected":false},"excerpt":{"rendered":"<p>Die CJM-Anzeige wurde speziell f\u00fcr Karatewettbewerbe entwickelt. Es hat einen LCD-Bildschirm mit den Abmessungen 340 x 175 x 60 mm. Zusammensetzung : 1 Display bestehend aus 1 Modul 2 Steuerpulte Kabel und Anschlussdosen f\u00fcr Drahtmodell Installations- und Gebrauchsanweisung Technische Beschreibung : Nutzung: Innenbereich \u00dcbertragung: Funk (868 MHz) oder Kabel Lesbarkeit: 45m, Winkel &gt;160\u00b0 Abmessungen: 1500 [&hellip;]<\/p>\n","protected":false},"featured_media":449380,"comment_status":"closed","ping_status":"closed","template":"","meta":{"inline_featured_image":false},"product_brand":[],"product_cat":[2031],"product_tag":[2033],"sport":[78],"class_list":{"0":"post-449378","1":"product","2":"type-product","3":"status-publish","4":"has-post-thumbnail","6":"product_cat-plakate-wettbewerb","7":"product_tag-stramatel-de","8":"pa_size-sans-taille-defaut","9":"sport-judo","11":"first","12":"instock","13":"taxable","14":"shipping-taxable","15":"purchasable","16":"product-type-variable"},"yoast_head":"<!-- This site is optimized with the Yoast SEO plugin v27.2 - https:\/\/yoast.com\/product\/yoast-seo-wordpress\/ -->\n<title>Judo-Anzeigetafel CJM, Marke Stramatel 1500 x 600 x 90 mm | Daisho<\/title>\n<meta name=\"description\" content=\"Judo-Anzeigetafel CJM, von Stramatel, f\u00fcr die mittlere Wettkampfstufe. Bestellen Sie Ihre Judoausr\u00fcstung online in unserem Eshop.\" \/>\n<meta name=\"robots\" content=\"index, follow, max-snippet:-1, max-image-preview:large, max-video-preview:-1\" \/>\n<link rel=\"canonical\" href=\"https:\/\/www.daisho.be\/de\/produit\/cjm-judo-anzeigetafel\/\" \/>\n<meta property=\"og:locale\" content=\"de_DE\" \/>\n<meta property=\"og:type\" content=\"article\" \/>\n<meta property=\"og:title\" content=\"Judo-Anzeigetafel CJM, Marke Stramatel 1500 x 600 x 90 mm | Daisho\" \/>\n<meta property=\"og:description\" content=\"Judo-Anzeigetafel CJM, von Stramatel, f\u00fcr die mittlere Wettkampfstufe. Bestellen Sie Ihre Judoausr\u00fcstung online in unserem Eshop.\" \/>\n<meta property=\"og:url\" content=\"https:\/\/www.daisho.be\/de\/produit\/cjm-judo-anzeigetafel\/\" \/>\n<meta property=\"og:site_name\" content=\"Daisho\" \/>\n<meta property=\"article:modified_time\" content=\"2025-11-20T12:57:37+00:00\" \/>\n<meta property=\"og:image\" content=\"https:\/\/www.daisho.be\/wp-content\/uploads\/2024\/06\/image-15.png\" \/>\n\t<meta property=\"og:image:width\" content=\"1772\" \/>\n\t<meta property=\"og:image:height\" content=\"709\" \/>\n\t<meta property=\"og:image:type\" content=\"image\/png\" \/>\n<meta name=\"twitter:card\" content=\"summary_large_image\" \/>\n<meta name=\"twitter:label1\" content=\"Gesch\u00e4tzte Lesezeit\" \/>\n\t<meta name=\"twitter:data1\" content=\"1\u00a0Minute\" \/>\n<script type=\"application\/ld+json\" class=\"yoast-schema-graph\">{\"@context\":\"https:\/\/schema.org\",\"@graph\":[{\"@type\":\"WebPage\",\"@id\":\"https:\/\/www.daisho.be\/de\/produit\/cjm-judo-anzeigetafel\/\",\"url\":\"https:\/\/www.daisho.be\/de\/produit\/cjm-judo-anzeigetafel\/\",\"name\":\"Judo-Anzeigetafel CJM, Marke Stramatel 1500 x 600 x 90 mm | Daisho\",\"isPartOf\":{\"@id\":\"https:\/\/www.daisho.be\/de\/#website\"},\"primaryImageOfPage\":{\"@id\":\"https:\/\/www.daisho.be\/de\/produit\/cjm-judo-anzeigetafel\/#primaryimage\"},\"image\":{\"@id\":\"https:\/\/www.daisho.be\/de\/produit\/cjm-judo-anzeigetafel\/#primaryimage\"},\"thumbnailUrl\":\"https:\/\/www.daisho.be\/wp-content\/uploads\/2024\/06\/image-15.png\",\"datePublished\":\"2019-09-18T20:38:28+00:00\",\"dateModified\":\"2025-11-20T12:57:37+00:00\",\"description\":\"Judo-Anzeigetafel CJM, von Stramatel, f\u00fcr die mittlere Wettkampfstufe. Bestellen Sie Ihre Judoausr\u00fcstung online in unserem Eshop.\",\"breadcrumb\":{\"@id\":\"https:\/\/www.daisho.be\/de\/produit\/cjm-judo-anzeigetafel\/#breadcrumb\"},\"inLanguage\":\"de\",\"potentialAction\":[{\"@type\":\"ReadAction\",\"target\":[\"https:\/\/www.daisho.be\/de\/produit\/cjm-judo-anzeigetafel\/\"]}]},{\"@type\":\"ImageObject\",\"inLanguage\":\"de\",\"@id\":\"https:\/\/www.daisho.be\/de\/produit\/cjm-judo-anzeigetafel\/#primaryimage\",\"url\":\"https:\/\/www.daisho.be\/wp-content\/uploads\/2024\/06\/image-15.png\",\"contentUrl\":\"https:\/\/www.daisho.be\/wp-content\/uploads\/2024\/06\/image-15.png\",\"width\":1772,\"height\":709,\"caption\":\"Judo Anzeigetafel CJM-1\"},{\"@type\":\"BreadcrumbList\",\"@id\":\"https:\/\/www.daisho.be\/de\/produit\/cjm-judo-anzeigetafel\/#breadcrumb\",\"itemListElement\":[{\"@type\":\"ListItem\",\"position\":1,\"name\":\"Accueil\",\"item\":\"https:\/\/www.daisho.be\/de\/\"},{\"@type\":\"ListItem\",\"position\":2,\"name\":\"Produkte\",\"item\":\"https:\/\/www.daisho.be\/de\/produkte\/\"},{\"@type\":\"ListItem\",\"position\":3,\"name\":\"Kampfsportarten\",\"item\":\"https:\/\/www.daisho.be\/de\/categorie-produit\/kampfsportarten\/\"},{\"@type\":\"ListItem\",\"position\":4,\"name\":\"Plakate (Wettbewerb)\",\"item\":\"https:\/\/www.daisho.be\/de\/categorie-produit\/kampfsportarten\/plakate-wettbewerb\/\"},{\"@type\":\"ListItem\",\"position\":5,\"name\":\"CJM Judo-Anzeigetafel\"}]},{\"@type\":\"WebSite\",\"@id\":\"https:\/\/www.daisho.be\/de\/#website\",\"url\":\"https:\/\/www.daisho.be\/de\/\",\"name\":\"Daisho\",\"description\":\"Sp&eacute;cialiste de l'&eacute;quipement sportif d'arts martiaux\",\"publisher\":{\"@id\":\"https:\/\/www.daisho.be\/de\/#organization\"},\"potentialAction\":[{\"@type\":\"SearchAction\",\"target\":{\"@type\":\"EntryPoint\",\"urlTemplate\":\"https:\/\/www.daisho.be\/de\/?s={search_term_string}\"},\"query-input\":{\"@type\":\"PropertyValueSpecification\",\"valueRequired\":true,\"valueName\":\"search_term_string\"}}],\"inLanguage\":\"de\"},{\"@type\":\"Organization\",\"@id\":\"https:\/\/www.daisho.be\/de\/#organization\",\"name\":\"Daisho\",\"url\":\"https:\/\/www.daisho.be\/de\/\",\"logo\":{\"@type\":\"ImageObject\",\"inLanguage\":\"de\",\"@id\":\"https:\/\/www.daisho.be\/de\/#\/schema\/logo\/image\/\",\"url\":\"https:\/\/www.daisho.be\/wp-content\/uploads\/2019\/07\/color-nothing-horizontale4x-e1564486100247.png\",\"contentUrl\":\"https:\/\/www.daisho.be\/wp-content\/uploads\/2019\/07\/color-nothing-horizontale4x-e1564486100247.png\",\"width\":1547,\"height\":385,\"caption\":\"Daisho\"},\"image\":{\"@id\":\"https:\/\/www.daisho.be\/de\/#\/schema\/logo\/image\/\"}}]}<\/script>\n<!-- \/ Yoast SEO plugin. -->","yoast_head_json":{"title":"Judo-Anzeigetafel CJM, Marke Stramatel 1500 x 600 x 90 mm | Daisho","description":"Judo-Anzeigetafel CJM, von Stramatel, f\u00fcr die mittlere Wettkampfstufe. Bestellen Sie Ihre Judoausr\u00fcstung online in unserem Eshop.","robots":{"index":"index","follow":"follow","max-snippet":"max-snippet:-1","max-image-preview":"max-image-preview:large","max-video-preview":"max-video-preview:-1"},"canonical":"https:\/\/www.daisho.be\/de\/produit\/cjm-judo-anzeigetafel\/","og_locale":"de_DE","og_type":"article","og_title":"Judo-Anzeigetafel CJM, Marke Stramatel 1500 x 600 x 90 mm | Daisho","og_description":"Judo-Anzeigetafel CJM, von Stramatel, f\u00fcr die mittlere Wettkampfstufe. Bestellen Sie Ihre Judoausr\u00fcstung online in unserem Eshop.","og_url":"https:\/\/www.daisho.be\/de\/produit\/cjm-judo-anzeigetafel\/","og_site_name":"Daisho","article_modified_time":"2025-11-20T12:57:37+00:00","og_image":[{"width":1772,"height":709,"url":"https:\/\/www.daisho.be\/wp-content\/uploads\/2024\/06\/image-15.png","type":"image\/png"}],"twitter_card":"summary_large_image","twitter_misc":{"Gesch\u00e4tzte Lesezeit":"1\u00a0Minute"},"schema":{"@context":"https:\/\/schema.org","@graph":[{"@type":"WebPage","@id":"https:\/\/www.daisho.be\/de\/produit\/cjm-judo-anzeigetafel\/","url":"https:\/\/www.daisho.be\/de\/produit\/cjm-judo-anzeigetafel\/","name":"Judo-Anzeigetafel CJM, Marke Stramatel 1500 x 600 x 90 mm | Daisho","isPartOf":{"@id":"https:\/\/www.daisho.be\/de\/#website"},"primaryImageOfPage":{"@id":"https:\/\/www.daisho.be\/de\/produit\/cjm-judo-anzeigetafel\/#primaryimage"},"image":{"@id":"https:\/\/www.daisho.be\/de\/produit\/cjm-judo-anzeigetafel\/#primaryimage"},"thumbnailUrl":"https:\/\/www.daisho.be\/wp-content\/uploads\/2024\/06\/image-15.png","datePublished":"2019-09-18T20:38:28+00:00","dateModified":"2025-11-20T12:57:37+00:00","description":"Judo-Anzeigetafel CJM, von Stramatel, f\u00fcr die mittlere Wettkampfstufe. Bestellen Sie Ihre Judoausr\u00fcstung online in unserem Eshop.","breadcrumb":{"@id":"https:\/\/www.daisho.be\/de\/produit\/cjm-judo-anzeigetafel\/#breadcrumb"},"inLanguage":"de","potentialAction":[{"@type":"ReadAction","target":["https:\/\/www.daisho.be\/de\/produit\/cjm-judo-anzeigetafel\/"]}]},{"@type":"ImageObject","inLanguage":"de","@id":"https:\/\/www.daisho.be\/de\/produit\/cjm-judo-anzeigetafel\/#primaryimage","url":"https:\/\/www.daisho.be\/wp-content\/uploads\/2024\/06\/image-15.png","contentUrl":"https:\/\/www.daisho.be\/wp-content\/uploads\/2024\/06\/image-15.png","width":1772,"height":709,"caption":"Judo Anzeigetafel CJM-1"},{"@type":"BreadcrumbList","@id":"https:\/\/www.daisho.be\/de\/produit\/cjm-judo-anzeigetafel\/#breadcrumb","itemListElement":[{"@type":"ListItem","position":1,"name":"Accueil","item":"https:\/\/www.daisho.be\/de\/"},{"@type":"ListItem","position":2,"name":"Produkte","item":"https:\/\/www.daisho.be\/de\/produkte\/"},{"@type":"ListItem","position":3,"name":"Kampfsportarten","item":"https:\/\/www.daisho.be\/de\/categorie-produit\/kampfsportarten\/"},{"@type":"ListItem","position":4,"name":"Plakate (Wettbewerb)","item":"https:\/\/www.daisho.be\/de\/categorie-produit\/kampfsportarten\/plakate-wettbewerb\/"},{"@type":"ListItem","position":5,"name":"CJM Judo-Anzeigetafel"}]},{"@type":"WebSite","@id":"https:\/\/www.daisho.be\/de\/#website","url":"https:\/\/www.daisho.be\/de\/","name":"Daisho","description":"Sp&eacute;cialiste de l'&eacute;quipement sportif d'arts martiaux","publisher":{"@id":"https:\/\/www.daisho.be\/de\/#organization"},"potentialAction":[{"@type":"SearchAction","target":{"@type":"EntryPoint","urlTemplate":"https:\/\/www.daisho.be\/de\/?s={search_term_string}"},"query-input":{"@type":"PropertyValueSpecification","valueRequired":true,"valueName":"search_term_string"}}],"inLanguage":"de"},{"@type":"Organization","@id":"https:\/\/www.daisho.be\/de\/#organization","name":"Daisho","url":"https:\/\/www.daisho.be\/de\/","logo":{"@type":"ImageObject","inLanguage":"de","@id":"https:\/\/www.daisho.be\/de\/#\/schema\/logo\/image\/","url":"https:\/\/www.daisho.be\/wp-content\/uploads\/2019\/07\/color-nothing-horizontale4x-e1564486100247.png","contentUrl":"https:\/\/www.daisho.be\/wp-content\/uploads\/2019\/07\/color-nothing-horizontale4x-e1564486100247.png","width":1547,"height":385,"caption":"Daisho"},"image":{"@id":"https:\/\/www.daisho.be\/de\/#\/schema\/logo\/image\/"}}]}},"_links":{"self":[{"href":"https:\/\/www.daisho.be\/de\/wp-json\/wp\/v2\/product\/449378","targetHints":{"allow":["GET"]}}],"collection":[{"href":"https:\/\/www.daisho.be\/de\/wp-json\/wp\/v2\/product"}],"about":[{"href":"https:\/\/www.daisho.be\/de\/wp-json\/wp\/v2\/types\/product"}],"replies":[{"embeddable":true,"href":"https:\/\/www.daisho.be\/de\/wp-json\/wp\/v2\/comments?post=449378"}],"wp:featuredmedia":[{"embeddable":true,"href":"https:\/\/www.daisho.be\/de\/wp-json\/wp\/v2\/media\/449380"}],"wp:attachment":[{"href":"https:\/\/www.daisho.be\/de\/wp-json\/wp\/v2\/media?parent=449378"}],"wp:term":[{"taxonomy":"product_brand","embeddable":true,"href":"https:\/\/www.daisho.be\/de\/wp-json\/wp\/v2\/product_brand?post=449378"},{"taxonomy":"product_cat","embeddable":true,"href":"https:\/\/www.daisho.be\/de\/wp-json\/wp\/v2\/product_cat?post=449378"},{"taxonomy":"product_tag","embeddable":true,"href":"https:\/\/www.daisho.be\/de\/wp-json\/wp\/v2\/product_tag?post=449378"},{"taxonomy":"sport","embeddable":true,"href":"https:\/\/www.daisho.be\/de\/wp-json\/wp\/v2\/sport?post=449378"}],"curies":[{"name":"wp","href":"https:\/\/api.w.org\/{rel}","templated":true}]}}