{"id":449364,"date":"2019-09-18T22:38:24","date_gmt":"2019-09-18T20:38:24","guid":{"rendered":"https:\/\/www.daisho.be\/produit\/cjf-judo-anzeigetafel\/"},"modified":"2025-10-09T13:53:41","modified_gmt":"2025-10-09T11:53:41","slug":"cjf-judo-anzeigetafel","status":"publish","type":"product","link":"https:\/\/www.daisho.be\/de\/produit\/cjf-judo-anzeigetafel\/","title":{"rendered":"CJF Judo-Anzeigetafel"},"content":{"rendered":"<p>Die CJF-Anzeigetafel ist f\u00fcr Judo konzipiert.<br \/>\nZusammensetzung :<br \/>\n  1 Display bestehend aus 1 Modul<br \/>\n2 verdrahtete Steuerpulte<br \/>\nKabel und Anschlussdosen f\u00fcr Drahtmodell<br \/>\nInstallations- und Gebrauchsanweisung<br \/>\nTechnische Beschreibung :<br \/>\nNutzung: Innenbereich<br \/>\n\u00dcbertragung: Funk (868 MHz) oder Kabel<br \/>\nLesbarkeit: 60m, Winkel  &gt;160\u00b0<br \/>\nAbmessungen: 2000 x 1000 x 90mm<br \/>\nGewicht: 34 kg<br \/>\nStromversorgung: Netz 230V \/ 50-60Hz 5,6A<br \/>\nSchutz: Vorderseite aus mattschwarzem, entspiegeltem, unzerbrechlichem Polycarbonat (DIN 18032-3)<br \/>\nEingebaute Hupe: 116 dB bei 1 m Entfernung<br \/>\nNetzkabel (im Lieferumfang enthalten): 25 m &#8211; Typ: 230V, 3G, 0.75 mm\u00b2.<br \/>\n\u00dcbertragungsverkabelung: Anschlusskasten + 50 m starres \u00dcbertragungskabel (Schalttafel\/Anschlusskasten)<br \/>\nTyp: 2-paariges Kabel 6\/10 + 10 m flexibles \u00dcbertragungskabel DIN\/DIN (Anschlusskasten\/Sprechstelle)<br \/>\nAnzeigefunktion :<br \/>\nNamen der K\u00e4mpfer: 2&#215;10 gelbe Zahlen (12cm)<br \/>\nL\u00e4ndercode: 2&#215;3 gelbe Zeichen (16 cm)<br \/>\nStoppuhr: 3 rote Ziffern (16 cm) + blinkende Punkte<br \/>\nGewichtsklasse: 5 gelbe Zeichen (12 cm)<br \/>\n\u00c4rztliche Intervention: 2 gr\u00fcne Kreuze<br \/>\nPunktzahl: Ippon, Waza ari, Yuko<br \/>\nStrafen: Hansoku-make, Shido<br \/>\nAnzeige des Gewinners: 2 rote Pfeile<br \/>\nDauer der Immobilisierung: 2 rote Ziffern (16 cm)<br \/>\nSummer<br \/>\nSteuerpulte :<br \/>\n2 Pulte: (340 x 175 x 60 mm) mit 2-zeiligem LCD-Bildschirm mit 20 Zeichen, 9 mm gro\u00df<br \/>\n2 Koffer : Aufbewahrung f\u00fcr Notenst\u00e4nder (360 x 260 x 90 mm)<br \/>\n1 Ladeger\u00e4t: Permanentes Aufladen der Sprechstellen bei Nichtgebrauch (max. 16 Stunden Betriebsdauer)<br \/>\nOption :<br \/>\nTV-Schnittstelle (RS 485) : Daten\u00fcbertragung von der Sprechstelle zum TV-System<br \/>\nAkustische Schnittstelle: Verst\u00e4rkung der Hupen, Anschluss der Saalbeschallung<br \/>\nKabelkit: Zus\u00e4tzliche Kabel\u00fcbertragung f\u00fcr Funkmodelle<br \/>\nInstallationsrahmen oder Rollf\u00fc\u00dfe<\/p>\n","protected":false},"excerpt":{"rendered":"<p>Die CJF-Anzeigetafel ist f\u00fcr Judo konzipiert. Zusammensetzung : 1 Display bestehend aus 1 Modul 2 verdrahtete Steuerpulte Kabel und Anschlussdosen f\u00fcr Drahtmodell Installations- und Gebrauchsanweisung Technische Beschreibung : Nutzung: Innenbereich \u00dcbertragung: Funk (868 MHz) oder Kabel Lesbarkeit: 60m, Winkel &gt;160\u00b0 Abmessungen: 2000 x 1000 x 90mm Gewicht: 34 kg Stromversorgung: Netz 230V \/ 50-60Hz 5,6A [&hellip;]<\/p>\n","protected":false},"featured_media":524362,"comment_status":"closed","ping_status":"closed","template":"","meta":{"inline_featured_image":false},"product_brand":[],"product_cat":[2031],"product_tag":[2033],"sport":[78],"class_list":{"0":"post-449364","1":"product","2":"type-product","3":"status-publish","4":"has-post-thumbnail","6":"product_cat-plakate-wettbewerb","7":"product_tag-stramatel-de","8":"pa_size-sans-taille-defaut","9":"sport-judo","11":"first","12":"instock","13":"taxable","14":"shipping-taxable","15":"purchasable","16":"product-type-variable"},"yoast_head":"<!-- This site is optimized with the Yoast SEO plugin v27.2 - https:\/\/yoast.com\/product\/yoast-seo-wordpress\/ -->\n<title>Judo-Poster CJF, Marke Stramatel 2000 x 1000 x 90 mm | Daisho<\/title>\n<meta name=\"description\" content=\"Judo-Anzeigetafel CJF, von Stramatel, f\u00fcr Wettk\u00e4mpfe auf hohem Niveau. Bestellen Sie Ihre Judo-Ausr\u00fcstung online in unserem Eshop.\" \/>\n<meta name=\"robots\" content=\"index, follow, max-snippet:-1, max-image-preview:large, max-video-preview:-1\" \/>\n<link rel=\"canonical\" href=\"https:\/\/www.daisho.be\/de\/produit\/cjf-judo-anzeigetafel\/\" \/>\n<meta property=\"og:locale\" content=\"de_DE\" \/>\n<meta property=\"og:type\" content=\"article\" \/>\n<meta property=\"og:title\" content=\"Judo-Poster CJF, Marke Stramatel 2000 x 1000 x 90 mm | Daisho\" \/>\n<meta property=\"og:description\" content=\"Judo-Anzeigetafel CJF, von Stramatel, f\u00fcr Wettk\u00e4mpfe auf hohem Niveau. Bestellen Sie Ihre Judo-Ausr\u00fcstung online in unserem Eshop.\" \/>\n<meta property=\"og:url\" content=\"https:\/\/www.daisho.be\/de\/produit\/cjf-judo-anzeigetafel\/\" \/>\n<meta property=\"og:site_name\" content=\"Daisho\" \/>\n<meta property=\"article:modified_time\" content=\"2025-10-09T11:53:41+00:00\" \/>\n<meta property=\"og:image\" content=\"https:\/\/www.daisho.be\/wp-content\/uploads\/2025\/06\/image-7.png\" \/>\n\t<meta property=\"og:image:width\" content=\"457\" \/>\n\t<meta property=\"og:image:height\" content=\"250\" \/>\n\t<meta property=\"og:image:type\" content=\"image\/png\" \/>\n<meta name=\"twitter:card\" content=\"summary_large_image\" \/>\n<meta name=\"twitter:label1\" content=\"Gesch\u00e4tzte Lesezeit\" \/>\n\t<meta name=\"twitter:data1\" content=\"1\u00a0Minute\" \/>\n<script type=\"application\/ld+json\" class=\"yoast-schema-graph\">{\"@context\":\"https:\/\/schema.org\",\"@graph\":[{\"@type\":\"WebPage\",\"@id\":\"https:\/\/www.daisho.be\/de\/produit\/cjf-judo-anzeigetafel\/\",\"url\":\"https:\/\/www.daisho.be\/de\/produit\/cjf-judo-anzeigetafel\/\",\"name\":\"Judo-Poster CJF, Marke Stramatel 2000 x 1000 x 90 mm | Daisho\",\"isPartOf\":{\"@id\":\"https:\/\/www.daisho.be\/de\/#website\"},\"primaryImageOfPage\":{\"@id\":\"https:\/\/www.daisho.be\/de\/produit\/cjf-judo-anzeigetafel\/#primaryimage\"},\"image\":{\"@id\":\"https:\/\/www.daisho.be\/de\/produit\/cjf-judo-anzeigetafel\/#primaryimage\"},\"thumbnailUrl\":\"https:\/\/www.daisho.be\/wp-content\/uploads\/2025\/06\/image-7.png\",\"datePublished\":\"2019-09-18T20:38:24+00:00\",\"dateModified\":\"2025-10-09T11:53:41+00:00\",\"description\":\"Judo-Anzeigetafel CJF, von Stramatel, f\u00fcr Wettk\u00e4mpfe auf hohem Niveau. Bestellen Sie Ihre Judo-Ausr\u00fcstung online in unserem Eshop.\",\"breadcrumb\":{\"@id\":\"https:\/\/www.daisho.be\/de\/produit\/cjf-judo-anzeigetafel\/#breadcrumb\"},\"inLanguage\":\"de\",\"potentialAction\":[{\"@type\":\"ReadAction\",\"target\":[\"https:\/\/www.daisho.be\/de\/produit\/cjf-judo-anzeigetafel\/\"]}]},{\"@type\":\"ImageObject\",\"inLanguage\":\"de\",\"@id\":\"https:\/\/www.daisho.be\/de\/produit\/cjf-judo-anzeigetafel\/#primaryimage\",\"url\":\"https:\/\/www.daisho.be\/wp-content\/uploads\/2025\/06\/image-7.png\",\"contentUrl\":\"https:\/\/www.daisho.be\/wp-content\/uploads\/2025\/06\/image-7.png\",\"width\":457,\"height\":250,\"caption\":\"Judo-Anzeigetafel CJF-1\"},{\"@type\":\"BreadcrumbList\",\"@id\":\"https:\/\/www.daisho.be\/de\/produit\/cjf-judo-anzeigetafel\/#breadcrumb\",\"itemListElement\":[{\"@type\":\"ListItem\",\"position\":1,\"name\":\"Accueil\",\"item\":\"https:\/\/www.daisho.be\/de\/\"},{\"@type\":\"ListItem\",\"position\":2,\"name\":\"Produkte\",\"item\":\"https:\/\/www.daisho.be\/de\/produkte\/\"},{\"@type\":\"ListItem\",\"position\":3,\"name\":\"Kampfsportarten\",\"item\":\"https:\/\/www.daisho.be\/de\/categorie-produit\/kampfsportarten\/\"},{\"@type\":\"ListItem\",\"position\":4,\"name\":\"Plakate (Wettbewerb)\",\"item\":\"https:\/\/www.daisho.be\/de\/categorie-produit\/kampfsportarten\/plakate-wettbewerb\/\"},{\"@type\":\"ListItem\",\"position\":5,\"name\":\"CJF Judo-Anzeigetafel\"}]},{\"@type\":\"WebSite\",\"@id\":\"https:\/\/www.daisho.be\/de\/#website\",\"url\":\"https:\/\/www.daisho.be\/de\/\",\"name\":\"Daisho\",\"description\":\"Sp&eacute;cialiste de l'&eacute;quipement sportif d'arts martiaux\",\"publisher\":{\"@id\":\"https:\/\/www.daisho.be\/de\/#organization\"},\"potentialAction\":[{\"@type\":\"SearchAction\",\"target\":{\"@type\":\"EntryPoint\",\"urlTemplate\":\"https:\/\/www.daisho.be\/de\/?s={search_term_string}\"},\"query-input\":{\"@type\":\"PropertyValueSpecification\",\"valueRequired\":true,\"valueName\":\"search_term_string\"}}],\"inLanguage\":\"de\"},{\"@type\":\"Organization\",\"@id\":\"https:\/\/www.daisho.be\/de\/#organization\",\"name\":\"Daisho\",\"url\":\"https:\/\/www.daisho.be\/de\/\",\"logo\":{\"@type\":\"ImageObject\",\"inLanguage\":\"de\",\"@id\":\"https:\/\/www.daisho.be\/de\/#\/schema\/logo\/image\/\",\"url\":\"https:\/\/www.daisho.be\/wp-content\/uploads\/2019\/07\/color-nothing-horizontale4x-e1564486100247.png\",\"contentUrl\":\"https:\/\/www.daisho.be\/wp-content\/uploads\/2019\/07\/color-nothing-horizontale4x-e1564486100247.png\",\"width\":1547,\"height\":385,\"caption\":\"Daisho\"},\"image\":{\"@id\":\"https:\/\/www.daisho.be\/de\/#\/schema\/logo\/image\/\"}}]}<\/script>\n<!-- \/ Yoast SEO plugin. -->","yoast_head_json":{"title":"Judo-Poster CJF, Marke Stramatel 2000 x 1000 x 90 mm | Daisho","description":"Judo-Anzeigetafel CJF, von Stramatel, f\u00fcr Wettk\u00e4mpfe auf hohem Niveau. Bestellen Sie Ihre Judo-Ausr\u00fcstung online in unserem Eshop.","robots":{"index":"index","follow":"follow","max-snippet":"max-snippet:-1","max-image-preview":"max-image-preview:large","max-video-preview":"max-video-preview:-1"},"canonical":"https:\/\/www.daisho.be\/de\/produit\/cjf-judo-anzeigetafel\/","og_locale":"de_DE","og_type":"article","og_title":"Judo-Poster CJF, Marke Stramatel 2000 x 1000 x 90 mm | Daisho","og_description":"Judo-Anzeigetafel CJF, von Stramatel, f\u00fcr Wettk\u00e4mpfe auf hohem Niveau. Bestellen Sie Ihre Judo-Ausr\u00fcstung online in unserem Eshop.","og_url":"https:\/\/www.daisho.be\/de\/produit\/cjf-judo-anzeigetafel\/","og_site_name":"Daisho","article_modified_time":"2025-10-09T11:53:41+00:00","og_image":[{"width":457,"height":250,"url":"https:\/\/www.daisho.be\/wp-content\/uploads\/2025\/06\/image-7.png","type":"image\/png"}],"twitter_card":"summary_large_image","twitter_misc":{"Gesch\u00e4tzte Lesezeit":"1\u00a0Minute"},"schema":{"@context":"https:\/\/schema.org","@graph":[{"@type":"WebPage","@id":"https:\/\/www.daisho.be\/de\/produit\/cjf-judo-anzeigetafel\/","url":"https:\/\/www.daisho.be\/de\/produit\/cjf-judo-anzeigetafel\/","name":"Judo-Poster CJF, Marke Stramatel 2000 x 1000 x 90 mm | Daisho","isPartOf":{"@id":"https:\/\/www.daisho.be\/de\/#website"},"primaryImageOfPage":{"@id":"https:\/\/www.daisho.be\/de\/produit\/cjf-judo-anzeigetafel\/#primaryimage"},"image":{"@id":"https:\/\/www.daisho.be\/de\/produit\/cjf-judo-anzeigetafel\/#primaryimage"},"thumbnailUrl":"https:\/\/www.daisho.be\/wp-content\/uploads\/2025\/06\/image-7.png","datePublished":"2019-09-18T20:38:24+00:00","dateModified":"2025-10-09T11:53:41+00:00","description":"Judo-Anzeigetafel CJF, von Stramatel, f\u00fcr Wettk\u00e4mpfe auf hohem Niveau. Bestellen Sie Ihre Judo-Ausr\u00fcstung online in unserem Eshop.","breadcrumb":{"@id":"https:\/\/www.daisho.be\/de\/produit\/cjf-judo-anzeigetafel\/#breadcrumb"},"inLanguage":"de","potentialAction":[{"@type":"ReadAction","target":["https:\/\/www.daisho.be\/de\/produit\/cjf-judo-anzeigetafel\/"]}]},{"@type":"ImageObject","inLanguage":"de","@id":"https:\/\/www.daisho.be\/de\/produit\/cjf-judo-anzeigetafel\/#primaryimage","url":"https:\/\/www.daisho.be\/wp-content\/uploads\/2025\/06\/image-7.png","contentUrl":"https:\/\/www.daisho.be\/wp-content\/uploads\/2025\/06\/image-7.png","width":457,"height":250,"caption":"Judo-Anzeigetafel CJF-1"},{"@type":"BreadcrumbList","@id":"https:\/\/www.daisho.be\/de\/produit\/cjf-judo-anzeigetafel\/#breadcrumb","itemListElement":[{"@type":"ListItem","position":1,"name":"Accueil","item":"https:\/\/www.daisho.be\/de\/"},{"@type":"ListItem","position":2,"name":"Produkte","item":"https:\/\/www.daisho.be\/de\/produkte\/"},{"@type":"ListItem","position":3,"name":"Kampfsportarten","item":"https:\/\/www.daisho.be\/de\/categorie-produit\/kampfsportarten\/"},{"@type":"ListItem","position":4,"name":"Plakate (Wettbewerb)","item":"https:\/\/www.daisho.be\/de\/categorie-produit\/kampfsportarten\/plakate-wettbewerb\/"},{"@type":"ListItem","position":5,"name":"CJF Judo-Anzeigetafel"}]},{"@type":"WebSite","@id":"https:\/\/www.daisho.be\/de\/#website","url":"https:\/\/www.daisho.be\/de\/","name":"Daisho","description":"Sp&eacute;cialiste de l'&eacute;quipement sportif d'arts martiaux","publisher":{"@id":"https:\/\/www.daisho.be\/de\/#organization"},"potentialAction":[{"@type":"SearchAction","target":{"@type":"EntryPoint","urlTemplate":"https:\/\/www.daisho.be\/de\/?s={search_term_string}"},"query-input":{"@type":"PropertyValueSpecification","valueRequired":true,"valueName":"search_term_string"}}],"inLanguage":"de"},{"@type":"Organization","@id":"https:\/\/www.daisho.be\/de\/#organization","name":"Daisho","url":"https:\/\/www.daisho.be\/de\/","logo":{"@type":"ImageObject","inLanguage":"de","@id":"https:\/\/www.daisho.be\/de\/#\/schema\/logo\/image\/","url":"https:\/\/www.daisho.be\/wp-content\/uploads\/2019\/07\/color-nothing-horizontale4x-e1564486100247.png","contentUrl":"https:\/\/www.daisho.be\/wp-content\/uploads\/2019\/07\/color-nothing-horizontale4x-e1564486100247.png","width":1547,"height":385,"caption":"Daisho"},"image":{"@id":"https:\/\/www.daisho.be\/de\/#\/schema\/logo\/image\/"}}]}},"_links":{"self":[{"href":"https:\/\/www.daisho.be\/de\/wp-json\/wp\/v2\/product\/449364","targetHints":{"allow":["GET"]}}],"collection":[{"href":"https:\/\/www.daisho.be\/de\/wp-json\/wp\/v2\/product"}],"about":[{"href":"https:\/\/www.daisho.be\/de\/wp-json\/wp\/v2\/types\/product"}],"replies":[{"embeddable":true,"href":"https:\/\/www.daisho.be\/de\/wp-json\/wp\/v2\/comments?post=449364"}],"wp:featuredmedia":[{"embeddable":true,"href":"https:\/\/www.daisho.be\/de\/wp-json\/wp\/v2\/media\/524362"}],"wp:attachment":[{"href":"https:\/\/www.daisho.be\/de\/wp-json\/wp\/v2\/media?parent=449364"}],"wp:term":[{"taxonomy":"product_brand","embeddable":true,"href":"https:\/\/www.daisho.be\/de\/wp-json\/wp\/v2\/product_brand?post=449364"},{"taxonomy":"product_cat","embeddable":true,"href":"https:\/\/www.daisho.be\/de\/wp-json\/wp\/v2\/product_cat?post=449364"},{"taxonomy":"product_tag","embeddable":true,"href":"https:\/\/www.daisho.be\/de\/wp-json\/wp\/v2\/product_tag?post=449364"},{"taxonomy":"sport","embeddable":true,"href":"https:\/\/www.daisho.be\/de\/wp-json\/wp\/v2\/sport?post=449364"}],"curies":[{"name":"wp","href":"https:\/\/api.w.org\/{rel}","templated":true}]}}