{"id":449342,"date":"2019-09-18T22:38:46","date_gmt":"2019-09-18T20:38:46","guid":{"rendered":"https:\/\/www.daisho.be\/produit\/karate-anzeige-ktopb\/"},"modified":"2026-03-31T15:44:29","modified_gmt":"2026-03-31T13:44:29","slug":"karate-anzeige-ktopb","status":"publish","type":"product","link":"https:\/\/www.daisho.be\/de\/produit\/karate-anzeige-ktopb\/","title":{"rendered":"Karate-Anzeige KTOPB mit Batteriebetrieb"},"content":{"rendered":"<p>Karate Anzeigetafel KTOP\/B (Batterie), tragbar mit ausklappbarem Pult.<br \/>\nDie Karate Anzeigetafel K-Top ist eine echte tragbare Anzeigetafel. Sie funktioniert mit Netz- oder Batteriebetrieb und ist mit einem einklappbaren Pult ausgestattet. Das Display ist batteriebetrieben.<br \/>\nDas K-Top Display hat ein hintergrundbeleuchtetes LCD-Display, ist ergonomisch, leicht, einfach zu transportieren und zu lagern und wird nach einem \u00d6ko-Konzept hergestellt, das den Energieverbrauch und die Auswirkungen des Transports minimiert.<br \/>\nBestehend aus:<br \/>\n&#8211; 1 tragbares Display mit integrierter Bedienkonsole<br \/>\n&#8211; 1 Batterieladeger\u00e4t<br \/>\n&#8211; Installationsanleitung  <\/p>\n<p>Technische Daten:<br \/>\nVerwendung: Innen<br \/>\nTransmission: Direkt<br \/>\nLesbarkeit: 35 m, Winkel &gt;160\u00b0<br \/>\nAbmessungen: 730 x 370 x 110 mm<br \/>\nGewicht: 7 kg<br \/>\nStromversorgung: Interne Bleibatterien &#8211; 2 x 6V 4,5Ah (Betriebsdauer ca. 20 Stunden).<br \/>\nSchutz: Frontseite aus mattschwarzem, unzerbrechlichem Antireflex-Polycarbonat (DIN 18032-3).<\/p>\n<p>Eingebaute Hupe: 86 dB at 1 m<\/p>\n<p>Abmessungen: 733 x 368 x 115 mm<br \/>\nZiffern: 9 cm &#8211; Ablesbarkeit 35 m<\/p>\n<p>Anzeigefunktionen:<br \/>\nSpielstand: 4 Gelbe Ziffern (cm)<br \/>\nStrafen: Leuchtpunkte f\u00fcr Fouls der Kategorie 1 und 2.<br \/>\nStoppuhr: Spielstoppuhr &#8211; 10-Sekunden-Stoppuhr<br \/>\nSenshu: Zwei gr\u00fcne Pfeile<br \/>\nAnzeige der Mannschaften : Rote und blaue Aufkleber<\/p>\n<p>Pult:<br \/>\n1 eingebautes Pult: (340 x 175 x 60 mm) mit LCD-Bildschirm mit 2 Zeilen \u00e0 20 Zeichen \u00e0 9 mm<br \/>\nUSB-Anschluss: Zur Aktualisierung des Programms<br \/>\nProgramm: Karate (Wettkampf), Randori (Training) nach den Regeln der FFKDA (2013)<br \/>\nHupe Programmierbar mit 3 verschiedenen T\u00f6nen (f\u00fcr 3 Wettk\u00e4mpfe im selben Dojo)<\/p>\n<p>Mehrsprachiges Programm<\/p>\n<p>Optionen:<br \/>\nDisplay K-Top Repeater<\/p>\n<p>Koffer<\/p>\n","protected":false},"excerpt":{"rendered":"<p>Karate Anzeigetafel KTOP\/B (Batterie), tragbar mit ausklappbarem Pult. Die Karate Anzeigetafel K-Top ist eine echte tragbare Anzeigetafel. Sie funktioniert mit Netz- oder Batteriebetrieb und ist mit einem einklappbaren Pult ausgestattet. Das Display ist batteriebetrieben. Das K-Top Display hat ein hintergrundbeleuchtetes LCD-Display, ist ergonomisch, leicht, einfach zu transportieren und zu lagern und wird nach einem \u00d6ko-Konzept [&hellip;]<\/p>\n","protected":false},"featured_media":521212,"comment_status":"closed","ping_status":"closed","template":"","meta":{"inline_featured_image":false},"product_brand":[],"product_cat":[2039,2031],"product_tag":[2033],"sport":[73],"class_list":{"0":"post-449342","1":"product","2":"type-product","3":"status-publish","4":"has-post-thumbnail","6":"product_cat-material-fur-den-karate-wettbewerb","7":"product_cat-plakate-wettbewerb","8":"product_tag-stramatel-de","9":"pa_size-sans-taille","10":"sport-karate","12":"first","13":"instock","14":"taxable","15":"shipping-taxable","16":"purchasable","17":"product-type-simple"},"yoast_head":"<!-- This site is optimized with the Yoast SEO plugin v27.2 - https:\/\/yoast.com\/product\/yoast-seo-wordpress\/ -->\n<title>Karate-Anzeige KTOPB mit Batteriebetrieb &#8211; Daisho<\/title>\n<meta name=\"description\" content=\"Karate Anzeigetafel K-TOP: tragbar mit Batterie (20h), FFKDA zertifiziert. Sichtweite 35m und integriertes Pult. Finden Sie es auf www.daisho.be|Daisho.\" \/>\n<meta name=\"robots\" content=\"index, follow, max-snippet:-1, max-image-preview:large, max-video-preview:-1\" \/>\n<link rel=\"canonical\" href=\"https:\/\/www.daisho.be\/de\/produit\/karate-anzeige-ktopb\/\" \/>\n<meta property=\"og:locale\" content=\"de_DE\" \/>\n<meta property=\"og:type\" content=\"article\" \/>\n<meta property=\"og:title\" content=\"Karate-Anzeige KTOPB mit Batteriebetrieb &#8211; Daisho\" \/>\n<meta property=\"og:description\" content=\"Karate Anzeigetafel K-TOP: tragbar mit Batterie (20h), FFKDA zertifiziert. Sichtweite 35m und integriertes Pult. Finden Sie es auf www.daisho.be|Daisho.\" \/>\n<meta property=\"og:url\" content=\"https:\/\/www.daisho.be\/de\/produit\/karate-anzeige-ktopb\/\" \/>\n<meta property=\"og:site_name\" content=\"Daisho\" \/>\n<meta property=\"article:modified_time\" content=\"2026-03-31T13:44:29+00:00\" \/>\n<meta property=\"og:image\" content=\"https:\/\/www.daisho.be\/wp-content\/uploads\/2025\/05\/image-20.webp\" \/>\n\t<meta property=\"og:image:width\" content=\"500\" \/>\n\t<meta property=\"og:image:height\" content=\"500\" \/>\n\t<meta property=\"og:image:type\" content=\"image\/webp\" \/>\n<meta name=\"twitter:card\" content=\"summary_large_image\" \/>\n<meta name=\"twitter:label1\" content=\"Gesch\u00e4tzte Lesezeit\" \/>\n\t<meta name=\"twitter:data1\" content=\"1\u00a0Minute\" \/>\n<script type=\"application\/ld+json\" class=\"yoast-schema-graph\">{\"@context\":\"https:\/\/schema.org\",\"@graph\":[{\"@type\":\"WebPage\",\"@id\":\"https:\/\/www.daisho.be\/de\/produit\/karate-anzeige-ktopb\/\",\"url\":\"https:\/\/www.daisho.be\/de\/produit\/karate-anzeige-ktopb\/\",\"name\":\"Karate-Anzeige KTOPB mit Batteriebetrieb &#8211; Daisho\",\"isPartOf\":{\"@id\":\"https:\/\/www.daisho.be\/de\/#website\"},\"primaryImageOfPage\":{\"@id\":\"https:\/\/www.daisho.be\/de\/produit\/karate-anzeige-ktopb\/#primaryimage\"},\"image\":{\"@id\":\"https:\/\/www.daisho.be\/de\/produit\/karate-anzeige-ktopb\/#primaryimage\"},\"thumbnailUrl\":\"https:\/\/www.daisho.be\/wp-content\/uploads\/2025\/05\/image-20.webp\",\"datePublished\":\"2019-09-18T20:38:46+00:00\",\"dateModified\":\"2026-03-31T13:44:29+00:00\",\"description\":\"Karate Anzeigetafel K-TOP: tragbar mit Batterie (20h), FFKDA zertifiziert. Sichtweite 35m und integriertes Pult. Finden Sie es auf www.daisho.be|Daisho.\",\"breadcrumb\":{\"@id\":\"https:\/\/www.daisho.be\/de\/produit\/karate-anzeige-ktopb\/#breadcrumb\"},\"inLanguage\":\"de\",\"potentialAction\":[{\"@type\":\"ReadAction\",\"target\":[\"https:\/\/www.daisho.be\/de\/produit\/karate-anzeige-ktopb\/\"]}]},{\"@type\":\"ImageObject\",\"inLanguage\":\"de\",\"@id\":\"https:\/\/www.daisho.be\/de\/produit\/karate-anzeige-ktopb\/#primaryimage\",\"url\":\"https:\/\/www.daisho.be\/wp-content\/uploads\/2025\/05\/image-20.webp\",\"contentUrl\":\"https:\/\/www.daisho.be\/wp-content\/uploads\/2025\/05\/image-20.webp\",\"width\":500,\"height\":500,\"caption\":\"Karate-Anzeige KTOPB auf Batterie-1\"},{\"@type\":\"BreadcrumbList\",\"@id\":\"https:\/\/www.daisho.be\/de\/produit\/karate-anzeige-ktopb\/#breadcrumb\",\"itemListElement\":[{\"@type\":\"ListItem\",\"position\":1,\"name\":\"Accueil\",\"item\":\"https:\/\/www.daisho.be\/de\/\"},{\"@type\":\"ListItem\",\"position\":2,\"name\":\"Produkte\",\"item\":\"https:\/\/www.daisho.be\/de\/produkte\/\"},{\"@type\":\"ListItem\",\"position\":3,\"name\":\"Ausr\u00fcstung und Kleidung f\u00fcr Kampfkunst und Kampfsport\",\"item\":\"https:\/\/www.daisho.be\/de\/categorie-produit\/ausrustung-und-kleidung-fur-kampfkunst-und-kampfsport\/\"},{\"@type\":\"ListItem\",\"position\":4,\"name\":\"Karate\",\"item\":\"https:\/\/www.daisho.be\/de\/categorie-produit\/ausrustung-und-kleidung-fur-kampfkunst-und-kampfsport\/karate-de-2\/\"},{\"@type\":\"ListItem\",\"position\":5,\"name\":\"Material f\u00fcr den Karate-Wettbewerb\",\"item\":\"https:\/\/www.daisho.be\/de\/categorie-produit\/ausrustung-und-kleidung-fur-kampfkunst-und-kampfsport\/karate-de-2\/material-fur-den-karate-wettbewerb\/\"},{\"@type\":\"ListItem\",\"position\":6,\"name\":\"Karate-Anzeige KTOPB mit Batteriebetrieb\"}]},{\"@type\":\"WebSite\",\"@id\":\"https:\/\/www.daisho.be\/de\/#website\",\"url\":\"https:\/\/www.daisho.be\/de\/\",\"name\":\"Daisho\",\"description\":\"Sp&eacute;cialiste de l'&eacute;quipement sportif d'arts martiaux\",\"publisher\":{\"@id\":\"https:\/\/www.daisho.be\/de\/#organization\"},\"potentialAction\":[{\"@type\":\"SearchAction\",\"target\":{\"@type\":\"EntryPoint\",\"urlTemplate\":\"https:\/\/www.daisho.be\/de\/?s={search_term_string}\"},\"query-input\":{\"@type\":\"PropertyValueSpecification\",\"valueRequired\":true,\"valueName\":\"search_term_string\"}}],\"inLanguage\":\"de\"},{\"@type\":\"Organization\",\"@id\":\"https:\/\/www.daisho.be\/de\/#organization\",\"name\":\"Daisho\",\"url\":\"https:\/\/www.daisho.be\/de\/\",\"logo\":{\"@type\":\"ImageObject\",\"inLanguage\":\"de\",\"@id\":\"https:\/\/www.daisho.be\/de\/#\/schema\/logo\/image\/\",\"url\":\"https:\/\/www.daisho.be\/wp-content\/uploads\/2019\/07\/color-nothing-horizontale4x-e1564486100247.png\",\"contentUrl\":\"https:\/\/www.daisho.be\/wp-content\/uploads\/2019\/07\/color-nothing-horizontale4x-e1564486100247.png\",\"width\":1547,\"height\":385,\"caption\":\"Daisho\"},\"image\":{\"@id\":\"https:\/\/www.daisho.be\/de\/#\/schema\/logo\/image\/\"}}]}<\/script>\n<!-- \/ Yoast SEO plugin. -->","yoast_head_json":{"title":"Karate-Anzeige KTOPB mit Batteriebetrieb &#8211; Daisho","description":"Karate Anzeigetafel K-TOP: tragbar mit Batterie (20h), FFKDA zertifiziert. Sichtweite 35m und integriertes Pult. Finden Sie es auf www.daisho.be|Daisho.","robots":{"index":"index","follow":"follow","max-snippet":"max-snippet:-1","max-image-preview":"max-image-preview:large","max-video-preview":"max-video-preview:-1"},"canonical":"https:\/\/www.daisho.be\/de\/produit\/karate-anzeige-ktopb\/","og_locale":"de_DE","og_type":"article","og_title":"Karate-Anzeige KTOPB mit Batteriebetrieb &#8211; Daisho","og_description":"Karate Anzeigetafel K-TOP: tragbar mit Batterie (20h), FFKDA zertifiziert. Sichtweite 35m und integriertes Pult. Finden Sie es auf www.daisho.be|Daisho.","og_url":"https:\/\/www.daisho.be\/de\/produit\/karate-anzeige-ktopb\/","og_site_name":"Daisho","article_modified_time":"2026-03-31T13:44:29+00:00","og_image":[{"width":500,"height":500,"url":"https:\/\/www.daisho.be\/wp-content\/uploads\/2025\/05\/image-20.webp","type":"image\/webp"}],"twitter_card":"summary_large_image","twitter_misc":{"Gesch\u00e4tzte Lesezeit":"1\u00a0Minute"},"schema":{"@context":"https:\/\/schema.org","@graph":[{"@type":"WebPage","@id":"https:\/\/www.daisho.be\/de\/produit\/karate-anzeige-ktopb\/","url":"https:\/\/www.daisho.be\/de\/produit\/karate-anzeige-ktopb\/","name":"Karate-Anzeige KTOPB mit Batteriebetrieb &#8211; Daisho","isPartOf":{"@id":"https:\/\/www.daisho.be\/de\/#website"},"primaryImageOfPage":{"@id":"https:\/\/www.daisho.be\/de\/produit\/karate-anzeige-ktopb\/#primaryimage"},"image":{"@id":"https:\/\/www.daisho.be\/de\/produit\/karate-anzeige-ktopb\/#primaryimage"},"thumbnailUrl":"https:\/\/www.daisho.be\/wp-content\/uploads\/2025\/05\/image-20.webp","datePublished":"2019-09-18T20:38:46+00:00","dateModified":"2026-03-31T13:44:29+00:00","description":"Karate Anzeigetafel K-TOP: tragbar mit Batterie (20h), FFKDA zertifiziert. Sichtweite 35m und integriertes Pult. Finden Sie es auf www.daisho.be|Daisho.","breadcrumb":{"@id":"https:\/\/www.daisho.be\/de\/produit\/karate-anzeige-ktopb\/#breadcrumb"},"inLanguage":"de","potentialAction":[{"@type":"ReadAction","target":["https:\/\/www.daisho.be\/de\/produit\/karate-anzeige-ktopb\/"]}]},{"@type":"ImageObject","inLanguage":"de","@id":"https:\/\/www.daisho.be\/de\/produit\/karate-anzeige-ktopb\/#primaryimage","url":"https:\/\/www.daisho.be\/wp-content\/uploads\/2025\/05\/image-20.webp","contentUrl":"https:\/\/www.daisho.be\/wp-content\/uploads\/2025\/05\/image-20.webp","width":500,"height":500,"caption":"Karate-Anzeige KTOPB auf Batterie-1"},{"@type":"BreadcrumbList","@id":"https:\/\/www.daisho.be\/de\/produit\/karate-anzeige-ktopb\/#breadcrumb","itemListElement":[{"@type":"ListItem","position":1,"name":"Accueil","item":"https:\/\/www.daisho.be\/de\/"},{"@type":"ListItem","position":2,"name":"Produkte","item":"https:\/\/www.daisho.be\/de\/produkte\/"},{"@type":"ListItem","position":3,"name":"Ausr\u00fcstung und Kleidung f\u00fcr Kampfkunst und Kampfsport","item":"https:\/\/www.daisho.be\/de\/categorie-produit\/ausrustung-und-kleidung-fur-kampfkunst-und-kampfsport\/"},{"@type":"ListItem","position":4,"name":"Karate","item":"https:\/\/www.daisho.be\/de\/categorie-produit\/ausrustung-und-kleidung-fur-kampfkunst-und-kampfsport\/karate-de-2\/"},{"@type":"ListItem","position":5,"name":"Material f\u00fcr den Karate-Wettbewerb","item":"https:\/\/www.daisho.be\/de\/categorie-produit\/ausrustung-und-kleidung-fur-kampfkunst-und-kampfsport\/karate-de-2\/material-fur-den-karate-wettbewerb\/"},{"@type":"ListItem","position":6,"name":"Karate-Anzeige KTOPB mit Batteriebetrieb"}]},{"@type":"WebSite","@id":"https:\/\/www.daisho.be\/de\/#website","url":"https:\/\/www.daisho.be\/de\/","name":"Daisho","description":"Sp&eacute;cialiste de l'&eacute;quipement sportif d'arts martiaux","publisher":{"@id":"https:\/\/www.daisho.be\/de\/#organization"},"potentialAction":[{"@type":"SearchAction","target":{"@type":"EntryPoint","urlTemplate":"https:\/\/www.daisho.be\/de\/?s={search_term_string}"},"query-input":{"@type":"PropertyValueSpecification","valueRequired":true,"valueName":"search_term_string"}}],"inLanguage":"de"},{"@type":"Organization","@id":"https:\/\/www.daisho.be\/de\/#organization","name":"Daisho","url":"https:\/\/www.daisho.be\/de\/","logo":{"@type":"ImageObject","inLanguage":"de","@id":"https:\/\/www.daisho.be\/de\/#\/schema\/logo\/image\/","url":"https:\/\/www.daisho.be\/wp-content\/uploads\/2019\/07\/color-nothing-horizontale4x-e1564486100247.png","contentUrl":"https:\/\/www.daisho.be\/wp-content\/uploads\/2019\/07\/color-nothing-horizontale4x-e1564486100247.png","width":1547,"height":385,"caption":"Daisho"},"image":{"@id":"https:\/\/www.daisho.be\/de\/#\/schema\/logo\/image\/"}}]}},"_links":{"self":[{"href":"https:\/\/www.daisho.be\/de\/wp-json\/wp\/v2\/product\/449342","targetHints":{"allow":["GET"]}}],"collection":[{"href":"https:\/\/www.daisho.be\/de\/wp-json\/wp\/v2\/product"}],"about":[{"href":"https:\/\/www.daisho.be\/de\/wp-json\/wp\/v2\/types\/product"}],"replies":[{"embeddable":true,"href":"https:\/\/www.daisho.be\/de\/wp-json\/wp\/v2\/comments?post=449342"}],"wp:featuredmedia":[{"embeddable":true,"href":"https:\/\/www.daisho.be\/de\/wp-json\/wp\/v2\/media\/521212"}],"wp:attachment":[{"href":"https:\/\/www.daisho.be\/de\/wp-json\/wp\/v2\/media?parent=449342"}],"wp:term":[{"taxonomy":"product_brand","embeddable":true,"href":"https:\/\/www.daisho.be\/de\/wp-json\/wp\/v2\/product_brand?post=449342"},{"taxonomy":"product_cat","embeddable":true,"href":"https:\/\/www.daisho.be\/de\/wp-json\/wp\/v2\/product_cat?post=449342"},{"taxonomy":"product_tag","embeddable":true,"href":"https:\/\/www.daisho.be\/de\/wp-json\/wp\/v2\/product_tag?post=449342"},{"taxonomy":"sport","embeddable":true,"href":"https:\/\/www.daisho.be\/de\/wp-json\/wp\/v2\/sport?post=449342"}],"curies":[{"name":"wp","href":"https:\/\/api.w.org\/{rel}","templated":true}]}}