{"id":449332,"date":"2019-09-18T22:39:04","date_gmt":"2019-09-18T20:39:04","guid":{"rendered":"https:\/\/www.daisho.be\/produit\/clm-wrestling-anzeige\/"},"modified":"2025-10-09T13:53:14","modified_gmt":"2025-10-09T11:53:14","slug":"clm-wrestling-anzeige","status":"publish","type":"product","link":"https:\/\/www.daisho.be\/de\/produit\/clm-wrestling-anzeige\/","title":{"rendered":"CLM Wrestling-Anzeige"},"content":{"rendered":"<p>Zusammensetzung :<\/p>\n<p>&#8211;<br \/>\n1<br \/>\nAnzeigetafel<\/p>\n<p>&#8211;<br \/>\n1<br \/>\nSteuerkonsole<\/p>\n<p>&#8211;<br \/>\n1<br \/>\nTransportkoffer<\/p>\n<p>&#8211;<br \/>\n1<br \/>\nLadeger\u00e4t f\u00fcr die Steuerkonsole<\/p>\n<p>&#8211;<br \/>\n1<br \/>\nStromkabel (12 m)<\/p>\n<p>&#8211;<br \/>\nMerkblatt<br \/>\nmit Anweisungen  <\/p>\n<p>Beschreibung :<\/p>\n<p>Nutzung:<br \/>\nInnenbereich<\/p>\n<p>\u00dcbertragung:<br \/>\nRadio oder Kabel<\/p>\n<p>Lesbarkeit: 50<br \/>\nm, Winkel &gt;160\u00b0.<\/p>\n<p>Abmessungen: 1000<br \/>\nx 600 x 90 mm<\/p>\n<p>Gewicht: 12 kg<\/p>\n<p>Stromversorgung:<br \/>\n230 V\/60Hz<\/p>\n<p>Schutz: Vorderseite<br \/>\naus unzerbrechlichem, mattem Polycarbonat<\/p>\n<p>Summer<br \/>\neingebaut: 100 dB in 1 m Entfernung<\/p>\n<p>Funktionen<br \/>\nAnzeige :<\/p>\n<p>Spielstand: 2 x 2<br \/>\ngelbe LED-Ziffern (9 cm)<\/p>\n<p>Angabe der<br \/>\nTeams : Blaue und rote Aufkleber<\/p>\n<p>Sieger der<br \/>\nPeriode (V): 1 blauer LED-Punkt + 1 roter LED-Punkt<\/p>\n<p>Timer: 3<br \/>\nrote LED-Ziffern (9 cm) + 2 blinkende Punkte<\/p>\n<p>Verwarnung<br \/>\n(Av): 2 x 3 gelbe Punkte<\/p>\n<p>Konsole von<br \/>\nBestellung :<\/p>\n<p>1 Pult: (340<br \/>\nx 175 x 60 mm) mit hintergrundbeleuchtetem LCD-Display mit 2 Kan\u00e4len mit je 20 Zeichen (9 mm<br \/>\nhoch)<\/p>\n<p>USB-Anschluss: F\u00fcr<br \/>\nProgrammaktualisierung<\/p>\n<p>Programm: Gem\u00e4\u00df<br \/>\nden FILA-Regeln.<\/p>\n<p>Akustisches Signal:<br \/>\nAutomatische Hupe am Ende einer programmierten Zeit (Kampfzeit, Zeit von<br \/>\nRuhezeit, Verl\u00e4ngerung, Passivit\u00e4t).<\/p>\n","protected":false},"excerpt":{"rendered":"<p>Zusammensetzung : &#8211; 1 Anzeigetafel &#8211; 1 Steuerkonsole &#8211; 1 Transportkoffer &#8211; 1 Ladeger\u00e4t f\u00fcr die Steuerkonsole &#8211; 1 Stromkabel (12 m) &#8211; Merkblatt mit Anweisungen Beschreibung : Nutzung: Innenbereich \u00dcbertragung: Radio oder Kabel Lesbarkeit: 50 m, Winkel &gt;160\u00b0. Abmessungen: 1000 x 600 x 90 mm Gewicht: 12 kg Stromversorgung: 230 V\/60Hz Schutz: Vorderseite aus [&hellip;]<\/p>\n","protected":false},"featured_media":449334,"comment_status":"open","ping_status":"closed","template":"","meta":{"inline_featured_image":false},"product_brand":[],"product_cat":[2031],"product_tag":[2033],"sport":[],"class_list":{"0":"post-449332","1":"product","2":"type-product","3":"status-publish","4":"has-post-thumbnail","6":"product_cat-plakate-wettbewerb","7":"product_tag-stramatel-de","8":"pa_size-sans-taille","10":"first","11":"instock","12":"taxable","13":"shipping-taxable","14":"purchasable","15":"product-type-simple"},"yoast_head":"<!-- This site is optimized with the Yoast SEO plugin v27.2 - https:\/\/yoast.com\/product\/yoast-seo-wordpress\/ -->\n<title>CLM Wrestling-Anzeige &#8211; Daisho<\/title>\n<meta name=\"description\" content=\"Entdecken Sie die CLM Ringeranzeige mit Stromkabel f\u00fcr Ihre Wettk\u00e4mpfe. Kaufen Sie es auf unserer Website www.daisho.be|Daisho.\" \/>\n<meta name=\"robots\" content=\"index, follow, max-snippet:-1, max-image-preview:large, max-video-preview:-1\" \/>\n<link rel=\"canonical\" href=\"https:\/\/www.daisho.be\/de\/produit\/clm-wrestling-anzeige\/\" \/>\n<meta property=\"og:locale\" content=\"de_DE\" \/>\n<meta property=\"og:type\" content=\"article\" \/>\n<meta property=\"og:title\" content=\"CLM Wrestling-Anzeige &#8211; Daisho\" \/>\n<meta property=\"og:description\" content=\"Entdecken Sie die CLM Ringeranzeige mit Stromkabel f\u00fcr Ihre Wettk\u00e4mpfe. Kaufen Sie es auf unserer Website www.daisho.be|Daisho.\" \/>\n<meta property=\"og:url\" content=\"https:\/\/www.daisho.be\/de\/produit\/clm-wrestling-anzeige\/\" \/>\n<meta property=\"og:site_name\" content=\"Daisho\" \/>\n<meta property=\"article:modified_time\" content=\"2025-10-09T11:53:14+00:00\" \/>\n<meta property=\"og:image\" content=\"https:\/\/www.daisho.be\/wp-content\/uploads\/2024\/06\/image-10.png\" \/>\n\t<meta property=\"og:image:width\" content=\"1181\" \/>\n\t<meta property=\"og:image:height\" content=\"710\" \/>\n\t<meta property=\"og:image:type\" content=\"image\/png\" \/>\n<meta name=\"twitter:card\" content=\"summary_large_image\" \/>\n<meta name=\"twitter:label1\" content=\"Gesch\u00e4tzte Lesezeit\" \/>\n\t<meta name=\"twitter:data1\" content=\"1\u00a0Minute\" \/>\n<script type=\"application\/ld+json\" class=\"yoast-schema-graph\">{\"@context\":\"https:\/\/schema.org\",\"@graph\":[{\"@type\":\"WebPage\",\"@id\":\"https:\/\/www.daisho.be\/de\/produit\/clm-wrestling-anzeige\/\",\"url\":\"https:\/\/www.daisho.be\/de\/produit\/clm-wrestling-anzeige\/\",\"name\":\"CLM Wrestling-Anzeige &#8211; Daisho\",\"isPartOf\":{\"@id\":\"https:\/\/www.daisho.be\/de\/#website\"},\"primaryImageOfPage\":{\"@id\":\"https:\/\/www.daisho.be\/de\/produit\/clm-wrestling-anzeige\/#primaryimage\"},\"image\":{\"@id\":\"https:\/\/www.daisho.be\/de\/produit\/clm-wrestling-anzeige\/#primaryimage\"},\"thumbnailUrl\":\"https:\/\/www.daisho.be\/wp-content\/uploads\/2024\/06\/image-10.png\",\"datePublished\":\"2019-09-18T20:39:04+00:00\",\"dateModified\":\"2025-10-09T11:53:14+00:00\",\"description\":\"Entdecken Sie die CLM Ringeranzeige mit Stromkabel f\u00fcr Ihre Wettk\u00e4mpfe. Kaufen Sie es auf unserer Website www.daisho.be|Daisho.\",\"breadcrumb\":{\"@id\":\"https:\/\/www.daisho.be\/de\/produit\/clm-wrestling-anzeige\/#breadcrumb\"},\"inLanguage\":\"de\",\"potentialAction\":[{\"@type\":\"ReadAction\",\"target\":[\"https:\/\/www.daisho.be\/de\/produit\/clm-wrestling-anzeige\/\"]}]},{\"@type\":\"ImageObject\",\"inLanguage\":\"de\",\"@id\":\"https:\/\/www.daisho.be\/de\/produit\/clm-wrestling-anzeige\/#primaryimage\",\"url\":\"https:\/\/www.daisho.be\/wp-content\/uploads\/2024\/06\/image-10.png\",\"contentUrl\":\"https:\/\/www.daisho.be\/wp-content\/uploads\/2024\/06\/image-10.png\",\"width\":1181,\"height\":710,\"caption\":\"CLM-1 Wrestling Anzeigetafel\"},{\"@type\":\"BreadcrumbList\",\"@id\":\"https:\/\/www.daisho.be\/de\/produit\/clm-wrestling-anzeige\/#breadcrumb\",\"itemListElement\":[{\"@type\":\"ListItem\",\"position\":1,\"name\":\"Accueil\",\"item\":\"https:\/\/www.daisho.be\/de\/\"},{\"@type\":\"ListItem\",\"position\":2,\"name\":\"Produkte\",\"item\":\"https:\/\/www.daisho.be\/de\/produkte\/\"},{\"@type\":\"ListItem\",\"position\":3,\"name\":\"Kampfsportarten\",\"item\":\"https:\/\/www.daisho.be\/de\/categorie-produit\/kampfsportarten\/\"},{\"@type\":\"ListItem\",\"position\":4,\"name\":\"Plakate (Wettbewerb)\",\"item\":\"https:\/\/www.daisho.be\/de\/categorie-produit\/kampfsportarten\/plakate-wettbewerb\/\"},{\"@type\":\"ListItem\",\"position\":5,\"name\":\"CLM Wrestling-Anzeige\"}]},{\"@type\":\"WebSite\",\"@id\":\"https:\/\/www.daisho.be\/de\/#website\",\"url\":\"https:\/\/www.daisho.be\/de\/\",\"name\":\"Daisho\",\"description\":\"Sp&eacute;cialiste de l'&eacute;quipement sportif d'arts martiaux\",\"publisher\":{\"@id\":\"https:\/\/www.daisho.be\/de\/#organization\"},\"potentialAction\":[{\"@type\":\"SearchAction\",\"target\":{\"@type\":\"EntryPoint\",\"urlTemplate\":\"https:\/\/www.daisho.be\/de\/?s={search_term_string}\"},\"query-input\":{\"@type\":\"PropertyValueSpecification\",\"valueRequired\":true,\"valueName\":\"search_term_string\"}}],\"inLanguage\":\"de\"},{\"@type\":\"Organization\",\"@id\":\"https:\/\/www.daisho.be\/de\/#organization\",\"name\":\"Daisho\",\"url\":\"https:\/\/www.daisho.be\/de\/\",\"logo\":{\"@type\":\"ImageObject\",\"inLanguage\":\"de\",\"@id\":\"https:\/\/www.daisho.be\/de\/#\/schema\/logo\/image\/\",\"url\":\"https:\/\/www.daisho.be\/wp-content\/uploads\/2019\/07\/color-nothing-horizontale4x-e1564486100247.png\",\"contentUrl\":\"https:\/\/www.daisho.be\/wp-content\/uploads\/2019\/07\/color-nothing-horizontale4x-e1564486100247.png\",\"width\":1547,\"height\":385,\"caption\":\"Daisho\"},\"image\":{\"@id\":\"https:\/\/www.daisho.be\/de\/#\/schema\/logo\/image\/\"}}]}<\/script>\n<!-- \/ Yoast SEO plugin. -->","yoast_head_json":{"title":"CLM Wrestling-Anzeige &#8211; Daisho","description":"Entdecken Sie die CLM Ringeranzeige mit Stromkabel f\u00fcr Ihre Wettk\u00e4mpfe. Kaufen Sie es auf unserer Website www.daisho.be|Daisho.","robots":{"index":"index","follow":"follow","max-snippet":"max-snippet:-1","max-image-preview":"max-image-preview:large","max-video-preview":"max-video-preview:-1"},"canonical":"https:\/\/www.daisho.be\/de\/produit\/clm-wrestling-anzeige\/","og_locale":"de_DE","og_type":"article","og_title":"CLM Wrestling-Anzeige &#8211; Daisho","og_description":"Entdecken Sie die CLM Ringeranzeige mit Stromkabel f\u00fcr Ihre Wettk\u00e4mpfe. Kaufen Sie es auf unserer Website www.daisho.be|Daisho.","og_url":"https:\/\/www.daisho.be\/de\/produit\/clm-wrestling-anzeige\/","og_site_name":"Daisho","article_modified_time":"2025-10-09T11:53:14+00:00","og_image":[{"width":1181,"height":710,"url":"https:\/\/www.daisho.be\/wp-content\/uploads\/2024\/06\/image-10.png","type":"image\/png"}],"twitter_card":"summary_large_image","twitter_misc":{"Gesch\u00e4tzte Lesezeit":"1\u00a0Minute"},"schema":{"@context":"https:\/\/schema.org","@graph":[{"@type":"WebPage","@id":"https:\/\/www.daisho.be\/de\/produit\/clm-wrestling-anzeige\/","url":"https:\/\/www.daisho.be\/de\/produit\/clm-wrestling-anzeige\/","name":"CLM Wrestling-Anzeige &#8211; Daisho","isPartOf":{"@id":"https:\/\/www.daisho.be\/de\/#website"},"primaryImageOfPage":{"@id":"https:\/\/www.daisho.be\/de\/produit\/clm-wrestling-anzeige\/#primaryimage"},"image":{"@id":"https:\/\/www.daisho.be\/de\/produit\/clm-wrestling-anzeige\/#primaryimage"},"thumbnailUrl":"https:\/\/www.daisho.be\/wp-content\/uploads\/2024\/06\/image-10.png","datePublished":"2019-09-18T20:39:04+00:00","dateModified":"2025-10-09T11:53:14+00:00","description":"Entdecken Sie die CLM Ringeranzeige mit Stromkabel f\u00fcr Ihre Wettk\u00e4mpfe. Kaufen Sie es auf unserer Website www.daisho.be|Daisho.","breadcrumb":{"@id":"https:\/\/www.daisho.be\/de\/produit\/clm-wrestling-anzeige\/#breadcrumb"},"inLanguage":"de","potentialAction":[{"@type":"ReadAction","target":["https:\/\/www.daisho.be\/de\/produit\/clm-wrestling-anzeige\/"]}]},{"@type":"ImageObject","inLanguage":"de","@id":"https:\/\/www.daisho.be\/de\/produit\/clm-wrestling-anzeige\/#primaryimage","url":"https:\/\/www.daisho.be\/wp-content\/uploads\/2024\/06\/image-10.png","contentUrl":"https:\/\/www.daisho.be\/wp-content\/uploads\/2024\/06\/image-10.png","width":1181,"height":710,"caption":"CLM-1 Wrestling Anzeigetafel"},{"@type":"BreadcrumbList","@id":"https:\/\/www.daisho.be\/de\/produit\/clm-wrestling-anzeige\/#breadcrumb","itemListElement":[{"@type":"ListItem","position":1,"name":"Accueil","item":"https:\/\/www.daisho.be\/de\/"},{"@type":"ListItem","position":2,"name":"Produkte","item":"https:\/\/www.daisho.be\/de\/produkte\/"},{"@type":"ListItem","position":3,"name":"Kampfsportarten","item":"https:\/\/www.daisho.be\/de\/categorie-produit\/kampfsportarten\/"},{"@type":"ListItem","position":4,"name":"Plakate (Wettbewerb)","item":"https:\/\/www.daisho.be\/de\/categorie-produit\/kampfsportarten\/plakate-wettbewerb\/"},{"@type":"ListItem","position":5,"name":"CLM Wrestling-Anzeige"}]},{"@type":"WebSite","@id":"https:\/\/www.daisho.be\/de\/#website","url":"https:\/\/www.daisho.be\/de\/","name":"Daisho","description":"Sp&eacute;cialiste de l'&eacute;quipement sportif d'arts martiaux","publisher":{"@id":"https:\/\/www.daisho.be\/de\/#organization"},"potentialAction":[{"@type":"SearchAction","target":{"@type":"EntryPoint","urlTemplate":"https:\/\/www.daisho.be\/de\/?s={search_term_string}"},"query-input":{"@type":"PropertyValueSpecification","valueRequired":true,"valueName":"search_term_string"}}],"inLanguage":"de"},{"@type":"Organization","@id":"https:\/\/www.daisho.be\/de\/#organization","name":"Daisho","url":"https:\/\/www.daisho.be\/de\/","logo":{"@type":"ImageObject","inLanguage":"de","@id":"https:\/\/www.daisho.be\/de\/#\/schema\/logo\/image\/","url":"https:\/\/www.daisho.be\/wp-content\/uploads\/2019\/07\/color-nothing-horizontale4x-e1564486100247.png","contentUrl":"https:\/\/www.daisho.be\/wp-content\/uploads\/2019\/07\/color-nothing-horizontale4x-e1564486100247.png","width":1547,"height":385,"caption":"Daisho"},"image":{"@id":"https:\/\/www.daisho.be\/de\/#\/schema\/logo\/image\/"}}]}},"_links":{"self":[{"href":"https:\/\/www.daisho.be\/de\/wp-json\/wp\/v2\/product\/449332","targetHints":{"allow":["GET"]}}],"collection":[{"href":"https:\/\/www.daisho.be\/de\/wp-json\/wp\/v2\/product"}],"about":[{"href":"https:\/\/www.daisho.be\/de\/wp-json\/wp\/v2\/types\/product"}],"replies":[{"embeddable":true,"href":"https:\/\/www.daisho.be\/de\/wp-json\/wp\/v2\/comments?post=449332"}],"wp:featuredmedia":[{"embeddable":true,"href":"https:\/\/www.daisho.be\/de\/wp-json\/wp\/v2\/media\/449334"}],"wp:attachment":[{"href":"https:\/\/www.daisho.be\/de\/wp-json\/wp\/v2\/media?parent=449332"}],"wp:term":[{"taxonomy":"product_brand","embeddable":true,"href":"https:\/\/www.daisho.be\/de\/wp-json\/wp\/v2\/product_brand?post=449332"},{"taxonomy":"product_cat","embeddable":true,"href":"https:\/\/www.daisho.be\/de\/wp-json\/wp\/v2\/product_cat?post=449332"},{"taxonomy":"product_tag","embeddable":true,"href":"https:\/\/www.daisho.be\/de\/wp-json\/wp\/v2\/product_tag?post=449332"},{"taxonomy":"sport","embeddable":true,"href":"https:\/\/www.daisho.be\/de\/wp-json\/wp\/v2\/sport?post=449332"}],"curies":[{"name":"wp","href":"https:\/\/api.w.org\/{rel}","templated":true}]}}