{"id":449316,"date":"2019-09-18T22:39:16","date_gmt":"2019-09-18T20:39:16","guid":{"rendered":"https:\/\/www.daisho.be\/produit\/l-tops-wrestling-anzeigetafel\/"},"modified":"2025-10-09T13:53:07","modified_gmt":"2025-10-09T11:53:07","slug":"l-tops-wrestling-anzeigetafel","status":"publish","type":"product","link":"https:\/\/www.daisho.be\/de\/produit\/l-tops-wrestling-anzeigetafel\/","title":{"rendered":"L-TOPS Wrestling Anzeigetafel"},"content":{"rendered":"<p>Die L-TOPS-Anzeigetafel wurde speziell f\u00fcr Ringer entwickelt.<br \/>\nZusammensetzung :<br \/>\n&#8211; 1 tragbares Display mit versenkbarem Pult<br \/>\n&#8211; 1 Ladeger\u00e4t<br \/>\n&#8211; Gebrauchsanweisung<br \/>\nBeschreibung :<br \/>\nNutzung: Innenbereich \u00dcbertragung: Direkt<br \/>\nLesbarkeit: 35 m, Winkel  &gt;160\u00b0<br \/>\nAbmessungen: 730 x 370 x 110 mm<br \/>\nGewicht: 5,5 kg<br \/>\nStromversorgung: 230 V (Netz)<br \/>\nSchutz: Vorderseite aus mattschwarzem, entspiegeltem, unzerbrechlichem Polycarbonat (DIN 18032-3)<br \/>\nEingebaute Hupe: 86 dB in 1 m Entfernung<br \/>\nAnzeigefunktionen<br \/>\n  Punktestand: 2 x 2 LED-Ziffern (9 cm)<br \/>\n  Kennzeichnung der Ringer: Blaue und rote Aufkleber<br \/>\nPeriodennummer: 1 LED-Ziffer (9 cm)<br \/>\n  Sieger der Periode (V): 1 blauer LED-Pfeil + 1 roter LED-Pfeil<br \/>\n  Stoppuhr: 3 rote LED-Ziffern (9 cm) + 2 blinkende Punkte<br \/>\nVerwarnung (Av): 2 x 3 gelbe Punkte<br \/>\nPult:<br \/>\n 1 integriertes Pult: (340 x 175 x 60 mm) mit LCD-Bildschirm mit 2 Zeilen \u00e0 20 Zeichen (9 mm)<br \/>\nUSB-Anschluss: F\u00fcr Programm-Updates<br \/>\n Programm: Nach den Regeln der FILA<br \/>\n Hupe: Automatisch am Ende der Programmzeit (Kampfzeit, Ruhezeit, Verl\u00e4ngerungszeit, Passivzeit).<br \/>\nOptionen:<br \/>\n&#8211; L-Top Repeater:.<br \/>\n&#8211; Koffer f\u00fcr Aufbewahrung und Transport<\/p>\n","protected":false},"excerpt":{"rendered":"<p>Die L-TOPS-Anzeigetafel wurde speziell f\u00fcr Ringer entwickelt. Zusammensetzung : &#8211; 1 tragbares Display mit versenkbarem Pult &#8211; 1 Ladeger\u00e4t &#8211; Gebrauchsanweisung Beschreibung : Nutzung: Innenbereich \u00dcbertragung: Direkt Lesbarkeit: 35 m, Winkel &gt;160\u00b0 Abmessungen: 730 x 370 x 110 mm Gewicht: 5,5 kg Stromversorgung: 230 V (Netz) Schutz: Vorderseite aus mattschwarzem, entspiegeltem, unzerbrechlichem Polycarbonat (DIN 18032-3) [&hellip;]<\/p>\n","protected":false},"featured_media":470514,"comment_status":"open","ping_status":"closed","template":"","meta":{"inline_featured_image":false},"product_brand":[],"product_cat":[2031],"product_tag":[2033],"sport":[],"class_list":{"0":"post-449316","1":"product","2":"type-product","3":"status-publish","4":"has-post-thumbnail","6":"product_cat-plakate-wettbewerb","7":"product_tag-stramatel-de","8":"pa_size-sans-taille","10":"first","11":"instock","12":"taxable","13":"shipping-taxable","14":"purchasable","15":"product-type-simple"},"yoast_head":"<!-- This site is optimized with the Yoast SEO plugin v27.2 - https:\/\/yoast.com\/product\/yoast-seo-wordpress\/ -->\n<title>L-TOPS Wrestling Anzeigetafel &#8211; Daisho<\/title>\n<meta name=\"description\" content=\"Entdecken Sie die tragbaren und netzbetriebenen Ringeranzeigen mit ausziehbarem Pult f\u00fcr Ihre Wettk\u00e4mpfe. Kaufen Sie es auf www.daisho.be|Daisho\" \/>\n<meta name=\"robots\" content=\"index, follow, max-snippet:-1, max-image-preview:large, max-video-preview:-1\" \/>\n<link rel=\"canonical\" href=\"https:\/\/www.daisho.be\/de\/produit\/l-tops-wrestling-anzeigetafel\/\" \/>\n<meta property=\"og:locale\" content=\"de_DE\" \/>\n<meta property=\"og:type\" content=\"article\" \/>\n<meta property=\"og:title\" content=\"L-TOPS Wrestling Anzeigetafel &#8211; Daisho\" \/>\n<meta property=\"og:description\" content=\"Entdecken Sie die tragbaren und netzbetriebenen Ringeranzeigen mit ausziehbarem Pult f\u00fcr Ihre Wettk\u00e4mpfe. Kaufen Sie es auf www.daisho.be|Daisho\" \/>\n<meta property=\"og:url\" content=\"https:\/\/www.daisho.be\/de\/produit\/l-tops-wrestling-anzeigetafel\/\" \/>\n<meta property=\"og:site_name\" content=\"Daisho\" \/>\n<meta property=\"article:modified_time\" content=\"2025-10-09T11:53:07+00:00\" \/>\n<meta property=\"og:image\" content=\"https:\/\/www.daisho.be\/wp-content\/uploads\/2024\/12\/image-7.png\" \/>\n\t<meta property=\"og:image:width\" content=\"570\" \/>\n\t<meta property=\"og:image:height\" content=\"310\" \/>\n\t<meta property=\"og:image:type\" content=\"image\/png\" \/>\n<meta name=\"twitter:card\" content=\"summary_large_image\" \/>\n<meta name=\"twitter:label1\" content=\"Gesch\u00e4tzte Lesezeit\" \/>\n\t<meta name=\"twitter:data1\" content=\"1\u00a0Minute\" \/>\n<script type=\"application\/ld+json\" class=\"yoast-schema-graph\">{\"@context\":\"https:\/\/schema.org\",\"@graph\":[{\"@type\":\"WebPage\",\"@id\":\"https:\/\/www.daisho.be\/de\/produit\/l-tops-wrestling-anzeigetafel\/\",\"url\":\"https:\/\/www.daisho.be\/de\/produit\/l-tops-wrestling-anzeigetafel\/\",\"name\":\"L-TOPS Wrestling Anzeigetafel &#8211; Daisho\",\"isPartOf\":{\"@id\":\"https:\/\/www.daisho.be\/de\/#website\"},\"primaryImageOfPage\":{\"@id\":\"https:\/\/www.daisho.be\/de\/produit\/l-tops-wrestling-anzeigetafel\/#primaryimage\"},\"image\":{\"@id\":\"https:\/\/www.daisho.be\/de\/produit\/l-tops-wrestling-anzeigetafel\/#primaryimage\"},\"thumbnailUrl\":\"https:\/\/www.daisho.be\/wp-content\/uploads\/2024\/12\/image-7.png\",\"datePublished\":\"2019-09-18T20:39:16+00:00\",\"dateModified\":\"2025-10-09T11:53:07+00:00\",\"description\":\"Entdecken Sie die tragbaren und netzbetriebenen Ringeranzeigen mit ausziehbarem Pult f\u00fcr Ihre Wettk\u00e4mpfe. Kaufen Sie es auf www.daisho.be|Daisho\",\"breadcrumb\":{\"@id\":\"https:\/\/www.daisho.be\/de\/produit\/l-tops-wrestling-anzeigetafel\/#breadcrumb\"},\"inLanguage\":\"de\",\"potentialAction\":[{\"@type\":\"ReadAction\",\"target\":[\"https:\/\/www.daisho.be\/de\/produit\/l-tops-wrestling-anzeigetafel\/\"]}]},{\"@type\":\"ImageObject\",\"inLanguage\":\"de\",\"@id\":\"https:\/\/www.daisho.be\/de\/produit\/l-tops-wrestling-anzeigetafel\/#primaryimage\",\"url\":\"https:\/\/www.daisho.be\/wp-content\/uploads\/2024\/12\/image-7.png\",\"contentUrl\":\"https:\/\/www.daisho.be\/wp-content\/uploads\/2024\/12\/image-7.png\",\"width\":570,\"height\":310,\"caption\":\"L-TOPS-1 Kampfanzeige\"},{\"@type\":\"BreadcrumbList\",\"@id\":\"https:\/\/www.daisho.be\/de\/produit\/l-tops-wrestling-anzeigetafel\/#breadcrumb\",\"itemListElement\":[{\"@type\":\"ListItem\",\"position\":1,\"name\":\"Accueil\",\"item\":\"https:\/\/www.daisho.be\/de\/\"},{\"@type\":\"ListItem\",\"position\":2,\"name\":\"Produkte\",\"item\":\"https:\/\/www.daisho.be\/de\/produkte\/\"},{\"@type\":\"ListItem\",\"position\":3,\"name\":\"Kampfsportarten\",\"item\":\"https:\/\/www.daisho.be\/de\/categorie-produit\/kampfsportarten\/\"},{\"@type\":\"ListItem\",\"position\":4,\"name\":\"Plakate (Wettbewerb)\",\"item\":\"https:\/\/www.daisho.be\/de\/categorie-produit\/kampfsportarten\/plakate-wettbewerb\/\"},{\"@type\":\"ListItem\",\"position\":5,\"name\":\"L-TOPS Wrestling Anzeigetafel\"}]},{\"@type\":\"WebSite\",\"@id\":\"https:\/\/www.daisho.be\/de\/#website\",\"url\":\"https:\/\/www.daisho.be\/de\/\",\"name\":\"Daisho\",\"description\":\"Sp&eacute;cialiste de l'&eacute;quipement sportif d'arts martiaux\",\"publisher\":{\"@id\":\"https:\/\/www.daisho.be\/de\/#organization\"},\"potentialAction\":[{\"@type\":\"SearchAction\",\"target\":{\"@type\":\"EntryPoint\",\"urlTemplate\":\"https:\/\/www.daisho.be\/de\/?s={search_term_string}\"},\"query-input\":{\"@type\":\"PropertyValueSpecification\",\"valueRequired\":true,\"valueName\":\"search_term_string\"}}],\"inLanguage\":\"de\"},{\"@type\":\"Organization\",\"@id\":\"https:\/\/www.daisho.be\/de\/#organization\",\"name\":\"Daisho\",\"url\":\"https:\/\/www.daisho.be\/de\/\",\"logo\":{\"@type\":\"ImageObject\",\"inLanguage\":\"de\",\"@id\":\"https:\/\/www.daisho.be\/de\/#\/schema\/logo\/image\/\",\"url\":\"https:\/\/www.daisho.be\/wp-content\/uploads\/2019\/07\/color-nothing-horizontale4x-e1564486100247.png\",\"contentUrl\":\"https:\/\/www.daisho.be\/wp-content\/uploads\/2019\/07\/color-nothing-horizontale4x-e1564486100247.png\",\"width\":1547,\"height\":385,\"caption\":\"Daisho\"},\"image\":{\"@id\":\"https:\/\/www.daisho.be\/de\/#\/schema\/logo\/image\/\"}}]}<\/script>\n<!-- \/ Yoast SEO plugin. -->","yoast_head_json":{"title":"L-TOPS Wrestling Anzeigetafel &#8211; Daisho","description":"Entdecken Sie die tragbaren und netzbetriebenen Ringeranzeigen mit ausziehbarem Pult f\u00fcr Ihre Wettk\u00e4mpfe. Kaufen Sie es auf www.daisho.be|Daisho","robots":{"index":"index","follow":"follow","max-snippet":"max-snippet:-1","max-image-preview":"max-image-preview:large","max-video-preview":"max-video-preview:-1"},"canonical":"https:\/\/www.daisho.be\/de\/produit\/l-tops-wrestling-anzeigetafel\/","og_locale":"de_DE","og_type":"article","og_title":"L-TOPS Wrestling Anzeigetafel &#8211; Daisho","og_description":"Entdecken Sie die tragbaren und netzbetriebenen Ringeranzeigen mit ausziehbarem Pult f\u00fcr Ihre Wettk\u00e4mpfe. Kaufen Sie es auf www.daisho.be|Daisho","og_url":"https:\/\/www.daisho.be\/de\/produit\/l-tops-wrestling-anzeigetafel\/","og_site_name":"Daisho","article_modified_time":"2025-10-09T11:53:07+00:00","og_image":[{"width":570,"height":310,"url":"https:\/\/www.daisho.be\/wp-content\/uploads\/2024\/12\/image-7.png","type":"image\/png"}],"twitter_card":"summary_large_image","twitter_misc":{"Gesch\u00e4tzte Lesezeit":"1\u00a0Minute"},"schema":{"@context":"https:\/\/schema.org","@graph":[{"@type":"WebPage","@id":"https:\/\/www.daisho.be\/de\/produit\/l-tops-wrestling-anzeigetafel\/","url":"https:\/\/www.daisho.be\/de\/produit\/l-tops-wrestling-anzeigetafel\/","name":"L-TOPS Wrestling Anzeigetafel &#8211; Daisho","isPartOf":{"@id":"https:\/\/www.daisho.be\/de\/#website"},"primaryImageOfPage":{"@id":"https:\/\/www.daisho.be\/de\/produit\/l-tops-wrestling-anzeigetafel\/#primaryimage"},"image":{"@id":"https:\/\/www.daisho.be\/de\/produit\/l-tops-wrestling-anzeigetafel\/#primaryimage"},"thumbnailUrl":"https:\/\/www.daisho.be\/wp-content\/uploads\/2024\/12\/image-7.png","datePublished":"2019-09-18T20:39:16+00:00","dateModified":"2025-10-09T11:53:07+00:00","description":"Entdecken Sie die tragbaren und netzbetriebenen Ringeranzeigen mit ausziehbarem Pult f\u00fcr Ihre Wettk\u00e4mpfe. Kaufen Sie es auf www.daisho.be|Daisho","breadcrumb":{"@id":"https:\/\/www.daisho.be\/de\/produit\/l-tops-wrestling-anzeigetafel\/#breadcrumb"},"inLanguage":"de","potentialAction":[{"@type":"ReadAction","target":["https:\/\/www.daisho.be\/de\/produit\/l-tops-wrestling-anzeigetafel\/"]}]},{"@type":"ImageObject","inLanguage":"de","@id":"https:\/\/www.daisho.be\/de\/produit\/l-tops-wrestling-anzeigetafel\/#primaryimage","url":"https:\/\/www.daisho.be\/wp-content\/uploads\/2024\/12\/image-7.png","contentUrl":"https:\/\/www.daisho.be\/wp-content\/uploads\/2024\/12\/image-7.png","width":570,"height":310,"caption":"L-TOPS-1 Kampfanzeige"},{"@type":"BreadcrumbList","@id":"https:\/\/www.daisho.be\/de\/produit\/l-tops-wrestling-anzeigetafel\/#breadcrumb","itemListElement":[{"@type":"ListItem","position":1,"name":"Accueil","item":"https:\/\/www.daisho.be\/de\/"},{"@type":"ListItem","position":2,"name":"Produkte","item":"https:\/\/www.daisho.be\/de\/produkte\/"},{"@type":"ListItem","position":3,"name":"Kampfsportarten","item":"https:\/\/www.daisho.be\/de\/categorie-produit\/kampfsportarten\/"},{"@type":"ListItem","position":4,"name":"Plakate (Wettbewerb)","item":"https:\/\/www.daisho.be\/de\/categorie-produit\/kampfsportarten\/plakate-wettbewerb\/"},{"@type":"ListItem","position":5,"name":"L-TOPS Wrestling Anzeigetafel"}]},{"@type":"WebSite","@id":"https:\/\/www.daisho.be\/de\/#website","url":"https:\/\/www.daisho.be\/de\/","name":"Daisho","description":"Sp&eacute;cialiste de l'&eacute;quipement sportif d'arts martiaux","publisher":{"@id":"https:\/\/www.daisho.be\/de\/#organization"},"potentialAction":[{"@type":"SearchAction","target":{"@type":"EntryPoint","urlTemplate":"https:\/\/www.daisho.be\/de\/?s={search_term_string}"},"query-input":{"@type":"PropertyValueSpecification","valueRequired":true,"valueName":"search_term_string"}}],"inLanguage":"de"},{"@type":"Organization","@id":"https:\/\/www.daisho.be\/de\/#organization","name":"Daisho","url":"https:\/\/www.daisho.be\/de\/","logo":{"@type":"ImageObject","inLanguage":"de","@id":"https:\/\/www.daisho.be\/de\/#\/schema\/logo\/image\/","url":"https:\/\/www.daisho.be\/wp-content\/uploads\/2019\/07\/color-nothing-horizontale4x-e1564486100247.png","contentUrl":"https:\/\/www.daisho.be\/wp-content\/uploads\/2019\/07\/color-nothing-horizontale4x-e1564486100247.png","width":1547,"height":385,"caption":"Daisho"},"image":{"@id":"https:\/\/www.daisho.be\/de\/#\/schema\/logo\/image\/"}}]}},"_links":{"self":[{"href":"https:\/\/www.daisho.be\/de\/wp-json\/wp\/v2\/product\/449316","targetHints":{"allow":["GET"]}}],"collection":[{"href":"https:\/\/www.daisho.be\/de\/wp-json\/wp\/v2\/product"}],"about":[{"href":"https:\/\/www.daisho.be\/de\/wp-json\/wp\/v2\/types\/product"}],"replies":[{"embeddable":true,"href":"https:\/\/www.daisho.be\/de\/wp-json\/wp\/v2\/comments?post=449316"}],"wp:featuredmedia":[{"embeddable":true,"href":"https:\/\/www.daisho.be\/de\/wp-json\/wp\/v2\/media\/470514"}],"wp:attachment":[{"href":"https:\/\/www.daisho.be\/de\/wp-json\/wp\/v2\/media?parent=449316"}],"wp:term":[{"taxonomy":"product_brand","embeddable":true,"href":"https:\/\/www.daisho.be\/de\/wp-json\/wp\/v2\/product_brand?post=449316"},{"taxonomy":"product_cat","embeddable":true,"href":"https:\/\/www.daisho.be\/de\/wp-json\/wp\/v2\/product_cat?post=449316"},{"taxonomy":"product_tag","embeddable":true,"href":"https:\/\/www.daisho.be\/de\/wp-json\/wp\/v2\/product_tag?post=449316"},{"taxonomy":"sport","embeddable":true,"href":"https:\/\/www.daisho.be\/de\/wp-json\/wp\/v2\/sport?post=449316"}],"curies":[{"name":"wp","href":"https:\/\/api.w.org\/{rel}","templated":true}]}}