{"id":449262,"date":"2019-09-22T15:15:59","date_gmt":"2019-09-22T13:15:59","guid":{"rendered":"https:\/\/www.daisho.be\/produit\/tokaido-athletic-indoor-schuhe\/"},"modified":"2025-10-09T13:53:01","modified_gmt":"2025-10-09T11:53:01","slug":"tokaido-athletic-indoor-schuhe","status":"publish","type":"product","link":"https:\/\/www.daisho.be\/de\/produit\/tokaido-athletic-indoor-schuhe\/","title":{"rendered":"TOKAIDO ATHLETIC INDOOR-SCHUHE"},"content":{"rendered":"<p>Leichte Schuhe f\u00fcr den Kampfsport aus strapazierf\u00e4higem Kunstleder.<br \/>\nD\u00fcnne, rutschfeste Caoutcouhc-Sohlen mit einem Profildesign, um auf Matten effektiv zu sein.<br \/>\nDie Kombination aus hohem Absatz, elastischen Eins\u00e4tzen und zus\u00e4tzlichen Schn\u00fcrsenkeln sorgt f\u00fcr eine sichere Passform.<br \/>\nDiese Schuhe sind ideal f\u00fcr Karate und Taekwondo.<br \/>\nGr\u00f6\u00dfen von 31 bis 47<\/p>\n","protected":false},"excerpt":{"rendered":"<p>Leichte Schuhe f\u00fcr den Kampfsport aus strapazierf\u00e4higem Kunstleder. D\u00fcnne, rutschfeste Caoutcouhc-Sohlen mit einem Profildesign, um auf Matten effektiv zu sein. Die Kombination aus hohem Absatz, elastischen Eins\u00e4tzen und zus\u00e4tzlichen Schn\u00fcrsenkeln sorgt f\u00fcr eine sichere Passform. Diese Schuhe sind ideal f\u00fcr Karate und Taekwondo. Gr\u00f6\u00dfen von 31 bis 47<\/p>\n","protected":false},"featured_media":449281,"comment_status":"closed","ping_status":"closed","template":"","meta":{"inline_featured_image":false},"product_brand":[],"product_cat":[2022,2021,2019,2020],"product_tag":[2004],"sport":[73,431,79],"class_list":{"0":"post-449262","1":"product","2":"type-product","3":"status-publish","4":"has-post-thumbnail","6":"product_cat-karate-bekleidung","7":"product_cat-protektoren-kick-boxing","8":"product_cat-schuhe","9":"product_cat-taekwondo-schuhe","10":"product_tag-tokaido-de","11":"pa_size-405","12":"pa_size-404","13":"pa_size-403","14":"pa_size-402","15":"pa_size-401","16":"pa_size-400","17":"pa_size-399","18":"pa_size-398","19":"pa_size-397","20":"pa_size-396","21":"pa_size-395","22":"pa_size-394","23":"pa_size-393","24":"pa_size-392","25":"pa_size-391","26":"pa_size-390","27":"pa_size-389","28":"sport-karate","29":"sport-mma","30":"sport-taekwondo","32":"first","33":"instock","34":"taxable","35":"shipping-taxable","36":"purchasable","37":"product-type-variable"},"yoast_head":"<!-- This site is optimized with the Yoast SEO plugin v27.2 - https:\/\/yoast.com\/product\/yoast-seo-wordpress\/ -->\n<title>Tokaido Athletic Hausschuhe | Kaufen Sie online bei Daisho<\/title>\n<meta name=\"description\" content=\"Suchen Sie die idealen Schuhe f\u00fcr Ihr Karate- oder Taekwondo-Training? Finden Sie sie auf unserer Website www.daisho.be|Daisho.\" \/>\n<meta name=\"robots\" content=\"index, follow, max-snippet:-1, max-image-preview:large, max-video-preview:-1\" \/>\n<link rel=\"canonical\" href=\"https:\/\/www.daisho.be\/de\/produit\/tokaido-athletic-indoor-schuhe\/\" \/>\n<meta property=\"og:locale\" content=\"de_DE\" \/>\n<meta property=\"og:type\" content=\"article\" \/>\n<meta property=\"og:title\" content=\"Tokaido Athletic Hausschuhe | Kaufen Sie online bei Daisho\" \/>\n<meta property=\"og:description\" content=\"Suchen Sie die idealen Schuhe f\u00fcr Ihr Karate- oder Taekwondo-Training? Finden Sie sie auf unserer Website www.daisho.be|Daisho.\" \/>\n<meta property=\"og:url\" content=\"https:\/\/www.daisho.be\/de\/produit\/tokaido-athletic-indoor-schuhe\/\" \/>\n<meta property=\"og:site_name\" content=\"Daisho\" \/>\n<meta property=\"article:modified_time\" content=\"2025-10-09T11:53:01+00:00\" \/>\n<meta property=\"og:image\" content=\"https:\/\/www.daisho.be\/wp-content\/uploads\/2024\/06\/image-107-scaled.jpg\" \/>\n\t<meta property=\"og:image:width\" content=\"1449\" \/>\n\t<meta property=\"og:image:height\" content=\"2048\" \/>\n\t<meta property=\"og:image:type\" content=\"image\/jpeg\" \/>\n<meta name=\"twitter:card\" content=\"summary_large_image\" \/>\n<script type=\"application\/ld+json\" class=\"yoast-schema-graph\">{\"@context\":\"https:\/\/schema.org\",\"@graph\":[{\"@type\":\"WebPage\",\"@id\":\"https:\/\/www.daisho.be\/de\/produit\/tokaido-athletic-indoor-schuhe\/\",\"url\":\"https:\/\/www.daisho.be\/de\/produit\/tokaido-athletic-indoor-schuhe\/\",\"name\":\"Tokaido Athletic Hausschuhe | Kaufen Sie online bei Daisho\",\"isPartOf\":{\"@id\":\"https:\/\/www.daisho.be\/de\/#website\"},\"primaryImageOfPage\":{\"@id\":\"https:\/\/www.daisho.be\/de\/produit\/tokaido-athletic-indoor-schuhe\/#primaryimage\"},\"image\":{\"@id\":\"https:\/\/www.daisho.be\/de\/produit\/tokaido-athletic-indoor-schuhe\/#primaryimage\"},\"thumbnailUrl\":\"https:\/\/www.daisho.be\/wp-content\/uploads\/2024\/06\/image-107-scaled.jpg\",\"datePublished\":\"2019-09-22T13:15:59+00:00\",\"dateModified\":\"2025-10-09T11:53:01+00:00\",\"description\":\"Suchen Sie die idealen Schuhe f\u00fcr Ihr Karate- oder Taekwondo-Training? Finden Sie sie auf unserer Website www.daisho.be|Daisho.\",\"breadcrumb\":{\"@id\":\"https:\/\/www.daisho.be\/de\/produit\/tokaido-athletic-indoor-schuhe\/#breadcrumb\"},\"inLanguage\":\"de\",\"potentialAction\":[{\"@type\":\"ReadAction\",\"target\":[\"https:\/\/www.daisho.be\/de\/produit\/tokaido-athletic-indoor-schuhe\/\"]}]},{\"@type\":\"ImageObject\",\"inLanguage\":\"de\",\"@id\":\"https:\/\/www.daisho.be\/de\/produit\/tokaido-athletic-indoor-schuhe\/#primaryimage\",\"url\":\"https:\/\/www.daisho.be\/wp-content\/uploads\/2024\/06\/image-107-scaled.jpg\",\"contentUrl\":\"https:\/\/www.daisho.be\/wp-content\/uploads\/2024\/06\/image-107-scaled.jpg\",\"width\":1449,\"height\":2048,\"caption\":\"TOKAIDO ATHLETIC-1 HAUSSCHUHE\"},{\"@type\":\"BreadcrumbList\",\"@id\":\"https:\/\/www.daisho.be\/de\/produit\/tokaido-athletic-indoor-schuhe\/#breadcrumb\",\"itemListElement\":[{\"@type\":\"ListItem\",\"position\":1,\"name\":\"Accueil\",\"item\":\"https:\/\/www.daisho.be\/de\/\"},{\"@type\":\"ListItem\",\"position\":2,\"name\":\"Produkte\",\"item\":\"https:\/\/www.daisho.be\/de\/produkte\/\"},{\"@type\":\"ListItem\",\"position\":3,\"name\":\"Ausr\u00fcstung und Kleidung f\u00fcr Kampfkunst und Kampfsport\",\"item\":\"https:\/\/www.daisho.be\/de\/categorie-produit\/ausrustung-und-kleidung-fur-kampfkunst-und-kampfsport\/\"},{\"@type\":\"ListItem\",\"position\":4,\"name\":\"Karate\",\"item\":\"https:\/\/www.daisho.be\/de\/categorie-produit\/ausrustung-und-kleidung-fur-kampfkunst-und-kampfsport\/karate-de-2\/\"},{\"@type\":\"ListItem\",\"position\":5,\"name\":\"Karate-Bekleidung\",\"item\":\"https:\/\/www.daisho.be\/de\/categorie-produit\/ausrustung-und-kleidung-fur-kampfkunst-und-kampfsport\/karate-de-2\/karate-bekleidung\/\"},{\"@type\":\"ListItem\",\"position\":6,\"name\":\"TOKAIDO ATHLETIC INDOOR-SCHUHE\"}]},{\"@type\":\"WebSite\",\"@id\":\"https:\/\/www.daisho.be\/de\/#website\",\"url\":\"https:\/\/www.daisho.be\/de\/\",\"name\":\"Daisho\",\"description\":\"Sp&eacute;cialiste de l'&eacute;quipement sportif d'arts martiaux\",\"publisher\":{\"@id\":\"https:\/\/www.daisho.be\/de\/#organization\"},\"potentialAction\":[{\"@type\":\"SearchAction\",\"target\":{\"@type\":\"EntryPoint\",\"urlTemplate\":\"https:\/\/www.daisho.be\/de\/?s={search_term_string}\"},\"query-input\":{\"@type\":\"PropertyValueSpecification\",\"valueRequired\":true,\"valueName\":\"search_term_string\"}}],\"inLanguage\":\"de\"},{\"@type\":\"Organization\",\"@id\":\"https:\/\/www.daisho.be\/de\/#organization\",\"name\":\"Daisho\",\"url\":\"https:\/\/www.daisho.be\/de\/\",\"logo\":{\"@type\":\"ImageObject\",\"inLanguage\":\"de\",\"@id\":\"https:\/\/www.daisho.be\/de\/#\/schema\/logo\/image\/\",\"url\":\"https:\/\/www.daisho.be\/wp-content\/uploads\/2019\/07\/color-nothing-horizontale4x-e1564486100247.png\",\"contentUrl\":\"https:\/\/www.daisho.be\/wp-content\/uploads\/2019\/07\/color-nothing-horizontale4x-e1564486100247.png\",\"width\":1547,\"height\":385,\"caption\":\"Daisho\"},\"image\":{\"@id\":\"https:\/\/www.daisho.be\/de\/#\/schema\/logo\/image\/\"}}]}<\/script>\n<!-- \/ Yoast SEO plugin. -->","yoast_head_json":{"title":"Tokaido Athletic Hausschuhe | Kaufen Sie online bei Daisho","description":"Suchen Sie die idealen Schuhe f\u00fcr Ihr Karate- oder Taekwondo-Training? Finden Sie sie auf unserer Website www.daisho.be|Daisho.","robots":{"index":"index","follow":"follow","max-snippet":"max-snippet:-1","max-image-preview":"max-image-preview:large","max-video-preview":"max-video-preview:-1"},"canonical":"https:\/\/www.daisho.be\/de\/produit\/tokaido-athletic-indoor-schuhe\/","og_locale":"de_DE","og_type":"article","og_title":"Tokaido Athletic Hausschuhe | Kaufen Sie online bei Daisho","og_description":"Suchen Sie die idealen Schuhe f\u00fcr Ihr Karate- oder Taekwondo-Training? Finden Sie sie auf unserer Website www.daisho.be|Daisho.","og_url":"https:\/\/www.daisho.be\/de\/produit\/tokaido-athletic-indoor-schuhe\/","og_site_name":"Daisho","article_modified_time":"2025-10-09T11:53:01+00:00","og_image":[{"width":1449,"height":2048,"url":"https:\/\/www.daisho.be\/wp-content\/uploads\/2024\/06\/image-107-scaled.jpg","type":"image\/jpeg"}],"twitter_card":"summary_large_image","schema":{"@context":"https:\/\/schema.org","@graph":[{"@type":"WebPage","@id":"https:\/\/www.daisho.be\/de\/produit\/tokaido-athletic-indoor-schuhe\/","url":"https:\/\/www.daisho.be\/de\/produit\/tokaido-athletic-indoor-schuhe\/","name":"Tokaido Athletic Hausschuhe | Kaufen Sie online bei Daisho","isPartOf":{"@id":"https:\/\/www.daisho.be\/de\/#website"},"primaryImageOfPage":{"@id":"https:\/\/www.daisho.be\/de\/produit\/tokaido-athletic-indoor-schuhe\/#primaryimage"},"image":{"@id":"https:\/\/www.daisho.be\/de\/produit\/tokaido-athletic-indoor-schuhe\/#primaryimage"},"thumbnailUrl":"https:\/\/www.daisho.be\/wp-content\/uploads\/2024\/06\/image-107-scaled.jpg","datePublished":"2019-09-22T13:15:59+00:00","dateModified":"2025-10-09T11:53:01+00:00","description":"Suchen Sie die idealen Schuhe f\u00fcr Ihr Karate- oder Taekwondo-Training? Finden Sie sie auf unserer Website www.daisho.be|Daisho.","breadcrumb":{"@id":"https:\/\/www.daisho.be\/de\/produit\/tokaido-athletic-indoor-schuhe\/#breadcrumb"},"inLanguage":"de","potentialAction":[{"@type":"ReadAction","target":["https:\/\/www.daisho.be\/de\/produit\/tokaido-athletic-indoor-schuhe\/"]}]},{"@type":"ImageObject","inLanguage":"de","@id":"https:\/\/www.daisho.be\/de\/produit\/tokaido-athletic-indoor-schuhe\/#primaryimage","url":"https:\/\/www.daisho.be\/wp-content\/uploads\/2024\/06\/image-107-scaled.jpg","contentUrl":"https:\/\/www.daisho.be\/wp-content\/uploads\/2024\/06\/image-107-scaled.jpg","width":1449,"height":2048,"caption":"TOKAIDO ATHLETIC-1 HAUSSCHUHE"},{"@type":"BreadcrumbList","@id":"https:\/\/www.daisho.be\/de\/produit\/tokaido-athletic-indoor-schuhe\/#breadcrumb","itemListElement":[{"@type":"ListItem","position":1,"name":"Accueil","item":"https:\/\/www.daisho.be\/de\/"},{"@type":"ListItem","position":2,"name":"Produkte","item":"https:\/\/www.daisho.be\/de\/produkte\/"},{"@type":"ListItem","position":3,"name":"Ausr\u00fcstung und Kleidung f\u00fcr Kampfkunst und Kampfsport","item":"https:\/\/www.daisho.be\/de\/categorie-produit\/ausrustung-und-kleidung-fur-kampfkunst-und-kampfsport\/"},{"@type":"ListItem","position":4,"name":"Karate","item":"https:\/\/www.daisho.be\/de\/categorie-produit\/ausrustung-und-kleidung-fur-kampfkunst-und-kampfsport\/karate-de-2\/"},{"@type":"ListItem","position":5,"name":"Karate-Bekleidung","item":"https:\/\/www.daisho.be\/de\/categorie-produit\/ausrustung-und-kleidung-fur-kampfkunst-und-kampfsport\/karate-de-2\/karate-bekleidung\/"},{"@type":"ListItem","position":6,"name":"TOKAIDO ATHLETIC INDOOR-SCHUHE"}]},{"@type":"WebSite","@id":"https:\/\/www.daisho.be\/de\/#website","url":"https:\/\/www.daisho.be\/de\/","name":"Daisho","description":"Sp&eacute;cialiste de l'&eacute;quipement sportif d'arts martiaux","publisher":{"@id":"https:\/\/www.daisho.be\/de\/#organization"},"potentialAction":[{"@type":"SearchAction","target":{"@type":"EntryPoint","urlTemplate":"https:\/\/www.daisho.be\/de\/?s={search_term_string}"},"query-input":{"@type":"PropertyValueSpecification","valueRequired":true,"valueName":"search_term_string"}}],"inLanguage":"de"},{"@type":"Organization","@id":"https:\/\/www.daisho.be\/de\/#organization","name":"Daisho","url":"https:\/\/www.daisho.be\/de\/","logo":{"@type":"ImageObject","inLanguage":"de","@id":"https:\/\/www.daisho.be\/de\/#\/schema\/logo\/image\/","url":"https:\/\/www.daisho.be\/wp-content\/uploads\/2019\/07\/color-nothing-horizontale4x-e1564486100247.png","contentUrl":"https:\/\/www.daisho.be\/wp-content\/uploads\/2019\/07\/color-nothing-horizontale4x-e1564486100247.png","width":1547,"height":385,"caption":"Daisho"},"image":{"@id":"https:\/\/www.daisho.be\/de\/#\/schema\/logo\/image\/"}}]}},"_links":{"self":[{"href":"https:\/\/www.daisho.be\/de\/wp-json\/wp\/v2\/product\/449262","targetHints":{"allow":["GET"]}}],"collection":[{"href":"https:\/\/www.daisho.be\/de\/wp-json\/wp\/v2\/product"}],"about":[{"href":"https:\/\/www.daisho.be\/de\/wp-json\/wp\/v2\/types\/product"}],"replies":[{"embeddable":true,"href":"https:\/\/www.daisho.be\/de\/wp-json\/wp\/v2\/comments?post=449262"}],"wp:featuredmedia":[{"embeddable":true,"href":"https:\/\/www.daisho.be\/de\/wp-json\/wp\/v2\/media\/449281"}],"wp:attachment":[{"href":"https:\/\/www.daisho.be\/de\/wp-json\/wp\/v2\/media?parent=449262"}],"wp:term":[{"taxonomy":"product_brand","embeddable":true,"href":"https:\/\/www.daisho.be\/de\/wp-json\/wp\/v2\/product_brand?post=449262"},{"taxonomy":"product_cat","embeddable":true,"href":"https:\/\/www.daisho.be\/de\/wp-json\/wp\/v2\/product_cat?post=449262"},{"taxonomy":"product_tag","embeddable":true,"href":"https:\/\/www.daisho.be\/de\/wp-json\/wp\/v2\/product_tag?post=449262"},{"taxonomy":"sport","embeddable":true,"href":"https:\/\/www.daisho.be\/de\/wp-json\/wp\/v2\/sport?post=449262"}],"curies":[{"name":"wp","href":"https:\/\/api.w.org\/{rel}","templated":true}]}}