{"id":449220,"date":"2019-09-23T07:53:52","date_gmt":"2019-09-23T05:53:52","guid":{"rendered":"https:\/\/www.daisho.be\/produit\/tokaido-karate-fighter-3d-schluesselanhaenger\/"},"modified":"2025-10-09T13:52:53","modified_gmt":"2025-10-09T11:52:53","slug":"tokaido-karate-fighter-3d-schluesselanhaenger","status":"publish","type":"product","link":"https:\/\/www.daisho.be\/de\/produit\/tokaido-karate-fighter-3d-schluesselanhaenger\/","title":{"rendered":"TOKAIDO KARATE FIGHTER 3D SCHL\u00dcSSELANH\u00c4NGER"},"content":{"rendered":"<p>Schl\u00fcsselanh\u00e4nger 3D-K\u00e4mpfer Tokaido.<\/p>\n","protected":false},"excerpt":{"rendered":"<p>Schl\u00fcsselanh\u00e4nger 3D-K\u00e4mpfer Tokaido.<\/p>\n","protected":false},"featured_media":449221,"comment_status":"open","ping_status":"closed","template":"","meta":{"inline_featured_image":false},"product_brand":[],"product_cat":[2003],"product_tag":[2004],"sport":[73],"class_list":{"0":"post-449220","1":"product","2":"type-product","3":"status-publish","4":"has-post-thumbnail","6":"product_cat-geschenke","7":"product_tag-tokaido-de","8":"pa_size-sans-taille-defaut","9":"sport-karate","11":"first","12":"instock","13":"taxable","14":"shipping-taxable","15":"purchasable","16":"product-type-simple"},"yoast_head":"<!-- This site is optimized with the Yoast SEO plugin v27.2 - https:\/\/yoast.com\/product\/yoast-seo-wordpress\/ -->\n<title>TOKAIDO KARATE FIGHTER 3D SCHL\u00dcSSELANH\u00c4NGER &#8211; Daisho<\/title>\n<meta name=\"description\" content=\"Der Tokaido Karate Fighter 3D Schl\u00fcsselanh\u00e4nger ist ein ideales Geschenk f\u00fcr Ihre Freunde, Familie oder sich selbst. Kaufen Sie ihn auf www.daisho.be|Daisho\" \/>\n<meta name=\"robots\" content=\"index, follow, max-snippet:-1, max-image-preview:large, max-video-preview:-1\" \/>\n<link rel=\"canonical\" href=\"https:\/\/www.daisho.be\/de\/produit\/tokaido-karate-fighter-3d-schluesselanhaenger\/\" \/>\n<meta property=\"og:locale\" content=\"de_DE\" \/>\n<meta property=\"og:type\" content=\"article\" \/>\n<meta property=\"og:title\" content=\"TOKAIDO KARATE FIGHTER 3D SCHL\u00dcSSELANH\u00c4NGER &#8211; Daisho\" \/>\n<meta property=\"og:description\" content=\"Der Tokaido Karate Fighter 3D Schl\u00fcsselanh\u00e4nger ist ein ideales Geschenk f\u00fcr Ihre Freunde, Familie oder sich selbst. Kaufen Sie ihn auf www.daisho.be|Daisho\" \/>\n<meta property=\"og:url\" content=\"https:\/\/www.daisho.be\/de\/produit\/tokaido-karate-fighter-3d-schluesselanhaenger\/\" \/>\n<meta property=\"og:site_name\" content=\"Daisho\" \/>\n<meta property=\"article:modified_time\" content=\"2025-10-09T11:52:53+00:00\" \/>\n<meta property=\"og:image\" content=\"https:\/\/www.daisho.be\/wp-content\/uploads\/2024\/06\/image-79.jpg\" \/>\n\t<meta property=\"og:image:width\" content=\"384\" \/>\n\t<meta property=\"og:image:height\" content=\"543\" \/>\n\t<meta property=\"og:image:type\" content=\"image\/jpeg\" \/>\n<meta name=\"twitter:card\" content=\"summary_large_image\" \/>\n<script type=\"application\/ld+json\" class=\"yoast-schema-graph\">{\"@context\":\"https:\/\/schema.org\",\"@graph\":[{\"@type\":\"WebPage\",\"@id\":\"https:\/\/www.daisho.be\/de\/produit\/tokaido-karate-fighter-3d-schluesselanhaenger\/\",\"url\":\"https:\/\/www.daisho.be\/de\/produit\/tokaido-karate-fighter-3d-schluesselanhaenger\/\",\"name\":\"TOKAIDO KARATE FIGHTER 3D SCHL\u00dcSSELANH\u00c4NGER &#8211; Daisho\",\"isPartOf\":{\"@id\":\"https:\/\/www.daisho.be\/de\/#website\"},\"primaryImageOfPage\":{\"@id\":\"https:\/\/www.daisho.be\/de\/produit\/tokaido-karate-fighter-3d-schluesselanhaenger\/#primaryimage\"},\"image\":{\"@id\":\"https:\/\/www.daisho.be\/de\/produit\/tokaido-karate-fighter-3d-schluesselanhaenger\/#primaryimage\"},\"thumbnailUrl\":\"https:\/\/www.daisho.be\/wp-content\/uploads\/2024\/06\/image-79.jpg\",\"datePublished\":\"2019-09-23T05:53:52+00:00\",\"dateModified\":\"2025-10-09T11:52:53+00:00\",\"description\":\"Der Tokaido Karate Fighter 3D Schl\u00fcsselanh\u00e4nger ist ein ideales Geschenk f\u00fcr Ihre Freunde, Familie oder sich selbst. Kaufen Sie ihn auf www.daisho.be|Daisho\",\"breadcrumb\":{\"@id\":\"https:\/\/www.daisho.be\/de\/produit\/tokaido-karate-fighter-3d-schluesselanhaenger\/#breadcrumb\"},\"inLanguage\":\"de\",\"potentialAction\":[{\"@type\":\"ReadAction\",\"target\":[\"https:\/\/www.daisho.be\/de\/produit\/tokaido-karate-fighter-3d-schluesselanhaenger\/\"]}]},{\"@type\":\"ImageObject\",\"inLanguage\":\"de\",\"@id\":\"https:\/\/www.daisho.be\/de\/produit\/tokaido-karate-fighter-3d-schluesselanhaenger\/#primaryimage\",\"url\":\"https:\/\/www.daisho.be\/wp-content\/uploads\/2024\/06\/image-79.jpg\",\"contentUrl\":\"https:\/\/www.daisho.be\/wp-content\/uploads\/2024\/06\/image-79.jpg\",\"width\":384,\"height\":543,\"caption\":\"TOKAIDO KARATE FIGHTER 3D-1 SCHL\u00dcSSELANH\u00c4NGER\"},{\"@type\":\"BreadcrumbList\",\"@id\":\"https:\/\/www.daisho.be\/de\/produit\/tokaido-karate-fighter-3d-schluesselanhaenger\/#breadcrumb\",\"itemListElement\":[{\"@type\":\"ListItem\",\"position\":1,\"name\":\"Accueil\",\"item\":\"https:\/\/www.daisho.be\/de\/\"},{\"@type\":\"ListItem\",\"position\":2,\"name\":\"Produkte\",\"item\":\"https:\/\/www.daisho.be\/de\/produkte\/\"},{\"@type\":\"ListItem\",\"position\":3,\"name\":\"Kampfsportarten\",\"item\":\"https:\/\/www.daisho.be\/de\/categorie-produit\/kampfsportarten\/\"},{\"@type\":\"ListItem\",\"position\":4,\"name\":\"Geschenke\",\"item\":\"https:\/\/www.daisho.be\/de\/categorie-produit\/kampfsportarten\/geschenke\/\"},{\"@type\":\"ListItem\",\"position\":5,\"name\":\"TOKAIDO KARATE FIGHTER 3D SCHL\u00dcSSELANH\u00c4NGER\"}]},{\"@type\":\"WebSite\",\"@id\":\"https:\/\/www.daisho.be\/de\/#website\",\"url\":\"https:\/\/www.daisho.be\/de\/\",\"name\":\"Daisho\",\"description\":\"Sp&eacute;cialiste de l'&eacute;quipement sportif d'arts martiaux\",\"publisher\":{\"@id\":\"https:\/\/www.daisho.be\/de\/#organization\"},\"potentialAction\":[{\"@type\":\"SearchAction\",\"target\":{\"@type\":\"EntryPoint\",\"urlTemplate\":\"https:\/\/www.daisho.be\/de\/?s={search_term_string}\"},\"query-input\":{\"@type\":\"PropertyValueSpecification\",\"valueRequired\":true,\"valueName\":\"search_term_string\"}}],\"inLanguage\":\"de\"},{\"@type\":\"Organization\",\"@id\":\"https:\/\/www.daisho.be\/de\/#organization\",\"name\":\"Daisho\",\"url\":\"https:\/\/www.daisho.be\/de\/\",\"logo\":{\"@type\":\"ImageObject\",\"inLanguage\":\"de\",\"@id\":\"https:\/\/www.daisho.be\/de\/#\/schema\/logo\/image\/\",\"url\":\"https:\/\/www.daisho.be\/wp-content\/uploads\/2019\/07\/color-nothing-horizontale4x-e1564486100247.png\",\"contentUrl\":\"https:\/\/www.daisho.be\/wp-content\/uploads\/2019\/07\/color-nothing-horizontale4x-e1564486100247.png\",\"width\":1547,\"height\":385,\"caption\":\"Daisho\"},\"image\":{\"@id\":\"https:\/\/www.daisho.be\/de\/#\/schema\/logo\/image\/\"}}]}<\/script>\n<!-- \/ Yoast SEO plugin. -->","yoast_head_json":{"title":"TOKAIDO KARATE FIGHTER 3D SCHL\u00dcSSELANH\u00c4NGER &#8211; Daisho","description":"Der Tokaido Karate Fighter 3D Schl\u00fcsselanh\u00e4nger ist ein ideales Geschenk f\u00fcr Ihre Freunde, Familie oder sich selbst. Kaufen Sie ihn auf www.daisho.be|Daisho","robots":{"index":"index","follow":"follow","max-snippet":"max-snippet:-1","max-image-preview":"max-image-preview:large","max-video-preview":"max-video-preview:-1"},"canonical":"https:\/\/www.daisho.be\/de\/produit\/tokaido-karate-fighter-3d-schluesselanhaenger\/","og_locale":"de_DE","og_type":"article","og_title":"TOKAIDO KARATE FIGHTER 3D SCHL\u00dcSSELANH\u00c4NGER &#8211; Daisho","og_description":"Der Tokaido Karate Fighter 3D Schl\u00fcsselanh\u00e4nger ist ein ideales Geschenk f\u00fcr Ihre Freunde, Familie oder sich selbst. Kaufen Sie ihn auf www.daisho.be|Daisho","og_url":"https:\/\/www.daisho.be\/de\/produit\/tokaido-karate-fighter-3d-schluesselanhaenger\/","og_site_name":"Daisho","article_modified_time":"2025-10-09T11:52:53+00:00","og_image":[{"width":384,"height":543,"url":"https:\/\/www.daisho.be\/wp-content\/uploads\/2024\/06\/image-79.jpg","type":"image\/jpeg"}],"twitter_card":"summary_large_image","schema":{"@context":"https:\/\/schema.org","@graph":[{"@type":"WebPage","@id":"https:\/\/www.daisho.be\/de\/produit\/tokaido-karate-fighter-3d-schluesselanhaenger\/","url":"https:\/\/www.daisho.be\/de\/produit\/tokaido-karate-fighter-3d-schluesselanhaenger\/","name":"TOKAIDO KARATE FIGHTER 3D SCHL\u00dcSSELANH\u00c4NGER &#8211; Daisho","isPartOf":{"@id":"https:\/\/www.daisho.be\/de\/#website"},"primaryImageOfPage":{"@id":"https:\/\/www.daisho.be\/de\/produit\/tokaido-karate-fighter-3d-schluesselanhaenger\/#primaryimage"},"image":{"@id":"https:\/\/www.daisho.be\/de\/produit\/tokaido-karate-fighter-3d-schluesselanhaenger\/#primaryimage"},"thumbnailUrl":"https:\/\/www.daisho.be\/wp-content\/uploads\/2024\/06\/image-79.jpg","datePublished":"2019-09-23T05:53:52+00:00","dateModified":"2025-10-09T11:52:53+00:00","description":"Der Tokaido Karate Fighter 3D Schl\u00fcsselanh\u00e4nger ist ein ideales Geschenk f\u00fcr Ihre Freunde, Familie oder sich selbst. Kaufen Sie ihn auf www.daisho.be|Daisho","breadcrumb":{"@id":"https:\/\/www.daisho.be\/de\/produit\/tokaido-karate-fighter-3d-schluesselanhaenger\/#breadcrumb"},"inLanguage":"de","potentialAction":[{"@type":"ReadAction","target":["https:\/\/www.daisho.be\/de\/produit\/tokaido-karate-fighter-3d-schluesselanhaenger\/"]}]},{"@type":"ImageObject","inLanguage":"de","@id":"https:\/\/www.daisho.be\/de\/produit\/tokaido-karate-fighter-3d-schluesselanhaenger\/#primaryimage","url":"https:\/\/www.daisho.be\/wp-content\/uploads\/2024\/06\/image-79.jpg","contentUrl":"https:\/\/www.daisho.be\/wp-content\/uploads\/2024\/06\/image-79.jpg","width":384,"height":543,"caption":"TOKAIDO KARATE FIGHTER 3D-1 SCHL\u00dcSSELANH\u00c4NGER"},{"@type":"BreadcrumbList","@id":"https:\/\/www.daisho.be\/de\/produit\/tokaido-karate-fighter-3d-schluesselanhaenger\/#breadcrumb","itemListElement":[{"@type":"ListItem","position":1,"name":"Accueil","item":"https:\/\/www.daisho.be\/de\/"},{"@type":"ListItem","position":2,"name":"Produkte","item":"https:\/\/www.daisho.be\/de\/produkte\/"},{"@type":"ListItem","position":3,"name":"Kampfsportarten","item":"https:\/\/www.daisho.be\/de\/categorie-produit\/kampfsportarten\/"},{"@type":"ListItem","position":4,"name":"Geschenke","item":"https:\/\/www.daisho.be\/de\/categorie-produit\/kampfsportarten\/geschenke\/"},{"@type":"ListItem","position":5,"name":"TOKAIDO KARATE FIGHTER 3D SCHL\u00dcSSELANH\u00c4NGER"}]},{"@type":"WebSite","@id":"https:\/\/www.daisho.be\/de\/#website","url":"https:\/\/www.daisho.be\/de\/","name":"Daisho","description":"Sp&eacute;cialiste de l'&eacute;quipement sportif d'arts martiaux","publisher":{"@id":"https:\/\/www.daisho.be\/de\/#organization"},"potentialAction":[{"@type":"SearchAction","target":{"@type":"EntryPoint","urlTemplate":"https:\/\/www.daisho.be\/de\/?s={search_term_string}"},"query-input":{"@type":"PropertyValueSpecification","valueRequired":true,"valueName":"search_term_string"}}],"inLanguage":"de"},{"@type":"Organization","@id":"https:\/\/www.daisho.be\/de\/#organization","name":"Daisho","url":"https:\/\/www.daisho.be\/de\/","logo":{"@type":"ImageObject","inLanguage":"de","@id":"https:\/\/www.daisho.be\/de\/#\/schema\/logo\/image\/","url":"https:\/\/www.daisho.be\/wp-content\/uploads\/2019\/07\/color-nothing-horizontale4x-e1564486100247.png","contentUrl":"https:\/\/www.daisho.be\/wp-content\/uploads\/2019\/07\/color-nothing-horizontale4x-e1564486100247.png","width":1547,"height":385,"caption":"Daisho"},"image":{"@id":"https:\/\/www.daisho.be\/de\/#\/schema\/logo\/image\/"}}]}},"_links":{"self":[{"href":"https:\/\/www.daisho.be\/de\/wp-json\/wp\/v2\/product\/449220","targetHints":{"allow":["GET"]}}],"collection":[{"href":"https:\/\/www.daisho.be\/de\/wp-json\/wp\/v2\/product"}],"about":[{"href":"https:\/\/www.daisho.be\/de\/wp-json\/wp\/v2\/types\/product"}],"replies":[{"embeddable":true,"href":"https:\/\/www.daisho.be\/de\/wp-json\/wp\/v2\/comments?post=449220"}],"wp:featuredmedia":[{"embeddable":true,"href":"https:\/\/www.daisho.be\/de\/wp-json\/wp\/v2\/media\/449221"}],"wp:attachment":[{"href":"https:\/\/www.daisho.be\/de\/wp-json\/wp\/v2\/media?parent=449220"}],"wp:term":[{"taxonomy":"product_brand","embeddable":true,"href":"https:\/\/www.daisho.be\/de\/wp-json\/wp\/v2\/product_brand?post=449220"},{"taxonomy":"product_cat","embeddable":true,"href":"https:\/\/www.daisho.be\/de\/wp-json\/wp\/v2\/product_cat?post=449220"},{"taxonomy":"product_tag","embeddable":true,"href":"https:\/\/www.daisho.be\/de\/wp-json\/wp\/v2\/product_tag?post=449220"},{"taxonomy":"sport","embeddable":true,"href":"https:\/\/www.daisho.be\/de\/wp-json\/wp\/v2\/sport?post=449220"}],"curies":[{"name":"wp","href":"https:\/\/api.w.org\/{rel}","templated":true}]}}